{"id":261238,"date":"2024-03-11T00:00:00","date_gmt":"2024-03-10T23:00:00","guid":{"rendered":"https:\/\/wpguerssen-test.odoo.rgbconsulting.com\/product\/yasmina-a-black-woman-white\/"},"modified":"2025-01-09T15:47:25","modified_gmt":"2025-01-09T14:47:25","slug":"yasmina-a-black-woman-white","status":"publish","type":"product","link":"https:\/\/wpguerssen-test.odoo.rgbconsulting.com\/es\/producto\/yasmina-a-black-woman-white\/","title":{"rendered":"Yasmina, A Black Woman (White)"},"content":{"rendered":"<p>De todos los m\u00fasicos de jazz afroamericanos que llegaron a Par\u00eds a finales de los a\u00f1os 60; el saxofonista Archie Shepp fue posiblemente el m\u00e1s influyente. Todav\u00eda residiendo en la capital francesa hasta el d\u00eda de hoy; se convirti\u00f3 en una parte integral de la escena europea y entabl\u00f3 fruct\u00edferas relaciones de trabajo con artistas como el pianista alem\u00e1n Joachim Kuhn. Shepp tambi\u00e9n grab\u00f3 \u00e1lbumes importantes para BYG; y Yasmina; A Black Woman es uno de los m\u00e1s convincentes tanto desde el punto de vista intelectual como musical. La canci\u00f3n principal es una canci\u00f3n de alabanza para una \u00abhermana del alma\u00bb con un nombre afro\u00e1rabe; que se\u00f1ala un alejamiento del eurocentrismo o un enfoque indebido en Occidente. Presenta el tipo de interpretaci\u00f3n apasionada de Shepp y una banda que cuenta con varias figuras importantes extra\u00eddas de escenas muy diferentes en los Estados Unidos. El saxofonista Hank Mobley y el baterista Philly Joe Jones; dos de los grandes h\u00e9roes del hard bop; se encontraron con solistas frecuentemente asociados a la vanguardia; como el pianista Dave Burrell; el trompetista Lester Bowie y el saxofonista Roscoe Mitchell; estos dos \u00faltimos miembros de Art Ensembe of Chicago.<\/p>\n","protected":false},"excerpt":{"rendered":"<p>De todos los m\u00fasicos de jazz afroamericanos que llegaron a Par\u00eds a finales de los a\u00f1os 60; el saxofonista Archie Shepp fue posiblemente el m\u00e1s influyente. Todav\u00eda<a class=\"read\" href=\"https:\/\/wpguerssen-test.odoo.rgbconsulting.com\/es\/producto\/yasmina-a-black-woman-white\/\"> (...)<\/a>","protected":false},"featured_media":260953,"template":"","meta":{"_acf_changed":false},"product_brand":[],"product_cat":[23227,23218],"product_tag":[29140],"class_list":{"0":"post-261238","1":"product","2":"type-product","3":"status-publish","4":"has-post-thumbnail","6":"product_cat-jazz-es","7":"product_cat-free-jazz-es","8":"product_tag-color-vinyl-es","9":"pa_artist-shepp-archie","10":"pa_format-lp-es","11":"pa_gender-jazz-free-jazz","12":"pa_label-charly-byg","13":"pa_location-north-america-es","14":"pa_other-filters-vinyl-only-es","16":"first","17":"instock","18":"taxable","19":"shipping-taxable","20":"purchasable","21":"product-type-simple"},"acf":[],"yoast_head":"<!-- This site is optimized with the Yoast SEO plugin v24.9 - https:\/\/yoast.com\/wordpress\/plugins\/seo\/ -->\n<title>SHEPP, Archie - Yasmina, A Black Woman (White) -  (LP) | Guerssen<\/title>\n<meta name=\"description\" content=\"Archie Shepp&#039;s 1969 album &#039;Yasmina, A Black Woman&#039; was one of many jazz classics recorded in Paris by great African-American musicians at the end of the Sixties. The use of African instruments in the side-long free jazz opener &#039;Yasmina&#039; help transform it into something utterly transcendent that pivots away from Western-centric jazz standards. The fusion of hard bop and avant-garde techniques on both tracks on side two - one of them featuring the legendary saxophonist Sonny Rollins - round out a forward-thinking classic.\" \/>\n<meta name=\"robots\" content=\"index, follow, max-snippet:-1, max-image-preview:large, max-video-preview:-1\" \/>\n<link rel=\"canonical\" href=\"https:\/\/wpguerssen-test.odoo.rgbconsulting.com\/es\/producto\/yasmina-a-black-woman-white\/\" \/>\n<meta property=\"og:locale\" content=\"es_ES\" \/>\n<meta property=\"og:type\" content=\"article\" \/>\n<meta property=\"og:title\" content=\"SHEPP, Archie - Yasmina, A Black Woman (White) -  (LP) | Guerssen\" \/>\n<meta property=\"og:description\" content=\"Archie Shepp&#039;s 1969 album &#039;Yasmina, A Black Woman&#039; was one of many jazz classics recorded in Paris by great African-American musicians at the end of the Sixties. The use of African instruments in the side-long free jazz opener &#039;Yasmina&#039; help transform it into something utterly transcendent that pivots away from Western-centric jazz standards. The fusion of hard bop and avant-garde techniques on both tracks on side two - one of them featuring the legendary saxophonist Sonny Rollins - round out a forward-thinking classic.\" \/>\n<meta property=\"og:url\" content=\"https:\/\/wpguerssen-test.odoo.rgbconsulting.com\/es\/producto\/yasmina-a-black-woman-white\/\" \/>\n<meta property=\"og:site_name\" content=\"Guerssen records\" \/>\n<meta property=\"article:modified_time\" content=\"2025-01-09T14:47:25+00:00\" \/>\n<meta property=\"og:image\" content=\"https:\/\/wpguerssen-test.odoo.rgbconsulting.com\/wp-content\/uploads\/2024\/03\/47067.jpg\" \/>\n\t<meta property=\"og:image:width\" content=\"800\" \/>\n\t<meta property=\"og:image:height\" content=\"800\" \/>\n\t<meta property=\"og:image:type\" content=\"image\/jpeg\" \/>\n<meta name=\"twitter:card\" content=\"summary_large_image\" \/>\n<meta name=\"twitter:title\" content=\"SHEPP, Archie - Yasmina, A Black Woman (White) -  (LP) | Guerssen\" \/>\n<meta name=\"twitter:label1\" content=\"Tiempo de lectura\" \/>\n\t<meta name=\"twitter:data1\" content=\"1 minuto\" \/>\n<script type=\"application\/ld+json\" class=\"yoast-schema-graph\">{\"@context\":\"https:\/\/schema.org\",\"@graph\":[{\"@type\":\"WebPage\",\"@id\":\"https:\/\/wpguerssen-test.odoo.rgbconsulting.com\/es\/producto\/yasmina-a-black-woman-white\/\",\"url\":\"https:\/\/wpguerssen-test.odoo.rgbconsulting.com\/es\/producto\/yasmina-a-black-woman-white\/\",\"name\":\"SHEPP, Archie - Yasmina, A Black Woman (White) - (LP) | Guerssen\",\"isPartOf\":{\"@id\":\"https:\/\/wpguerssen-test.odoo.rgbconsulting.com\/es\/#website\"},\"primaryImageOfPage\":{\"@id\":\"https:\/\/wpguerssen-test.odoo.rgbconsulting.com\/es\/producto\/yasmina-a-black-woman-white\/#primaryimage\"},\"image\":{\"@id\":\"https:\/\/wpguerssen-test.odoo.rgbconsulting.com\/es\/producto\/yasmina-a-black-woman-white\/#primaryimage\"},\"thumbnailUrl\":\"https:\/\/wpguerssen-test.odoo.rgbconsulting.com\/wp-content\/uploads\/2024\/03\/47067.jpg\",\"datePublished\":\"2024-03-10T23:00:00+00:00\",\"dateModified\":\"2025-01-09T14:47:25+00:00\",\"description\":\"Archie Shepp's 1969 album 'Yasmina, A Black Woman' was one of many jazz classics recorded in Paris by great African-American musicians at the end of the Sixties. The use of African instruments in the side-long free jazz opener 'Yasmina' help transform it into something utterly transcendent that pivots away from Western-centric jazz standards. The fusion of hard bop and avant-garde techniques on both tracks on side two - one of them featuring the legendary saxophonist Sonny Rollins - round out a forward-thinking classic.\",\"breadcrumb\":{\"@id\":\"https:\/\/wpguerssen-test.odoo.rgbconsulting.com\/es\/producto\/yasmina-a-black-woman-white\/#breadcrumb\"},\"inLanguage\":\"es\",\"potentialAction\":[{\"@type\":\"ReadAction\",\"target\":[\"https:\/\/wpguerssen-test.odoo.rgbconsulting.com\/es\/producto\/yasmina-a-black-woman-white\/\"]}]},{\"@type\":\"ImageObject\",\"inLanguage\":\"es\",\"@id\":\"https:\/\/wpguerssen-test.odoo.rgbconsulting.com\/es\/producto\/yasmina-a-black-woman-white\/#primaryimage\",\"url\":\"https:\/\/wpguerssen-test.odoo.rgbconsulting.com\/wp-content\/uploads\/2024\/03\/47067.jpg\",\"contentUrl\":\"https:\/\/wpguerssen-test.odoo.rgbconsulting.com\/wp-content\/uploads\/2024\/03\/47067.jpg\",\"width\":800,\"height\":800,\"caption\":\"Archie - Yasmina\"},{\"@type\":\"BreadcrumbList\",\"@id\":\"https:\/\/wpguerssen-test.odoo.rgbconsulting.com\/es\/producto\/yasmina-a-black-woman-white\/#breadcrumb\",\"itemListElement\":[{\"@type\":\"ListItem\",\"position\":1,\"name\":\"Inicio\",\"item\":\"https:\/\/wpguerssen-test.odoo.rgbconsulting.com\/es\/\"},{\"@type\":\"ListItem\",\"position\":2,\"name\":\"Shop\",\"item\":\"https:\/\/wpguerssen-test.odoo.rgbconsulting.com\/shop\/\"},{\"@type\":\"ListItem\",\"position\":3,\"name\":\"Yasmina, A Black Woman (White)\"}]},{\"@type\":\"WebSite\",\"@id\":\"https:\/\/wpguerssen-test.odoo.rgbconsulting.com\/es\/#website\",\"url\":\"https:\/\/wpguerssen-test.odoo.rgbconsulting.com\/es\/\",\"name\":\"Guerssen records\",\"description\":\"psychedelia - progressive - folk - garage \",\"publisher\":{\"@id\":\"https:\/\/wpguerssen-test.odoo.rgbconsulting.com\/es\/#organization\"},\"potentialAction\":[{\"@type\":\"SearchAction\",\"target\":{\"@type\":\"EntryPoint\",\"urlTemplate\":\"https:\/\/wpguerssen-test.odoo.rgbconsulting.com\/es\/?s={search_term_string}\"},\"query-input\":{\"@type\":\"PropertyValueSpecification\",\"valueRequired\":true,\"valueName\":\"search_term_string\"}}],\"inLanguage\":\"es\"},{\"@type\":\"Organization\",\"@id\":\"https:\/\/wpguerssen-test.odoo.rgbconsulting.com\/es\/#organization\",\"name\":\"Guerssen records\",\"url\":\"https:\/\/wpguerssen-test.odoo.rgbconsulting.com\/es\/\",\"logo\":{\"@type\":\"ImageObject\",\"inLanguage\":\"es\",\"@id\":\"https:\/\/wpguerssen-test.odoo.rgbconsulting.com\/es\/#\/schema\/logo\/image\/\",\"url\":\"https:\/\/wpguerssen-test.odoo.rgbconsulting.com\/wp-content\/uploads\/2022\/04\/Logo_Guerssen_trans_100.png\",\"contentUrl\":\"https:\/\/wpguerssen-test.odoo.rgbconsulting.com\/wp-content\/uploads\/2022\/04\/Logo_Guerssen_trans_100.png\",\"width\":122,\"height\":100,\"caption\":\"Guerssen records\"},\"image\":{\"@id\":\"https:\/\/wpguerssen-test.odoo.rgbconsulting.com\/es\/#\/schema\/logo\/image\/\"}}]}<\/script>\n<!-- \/ Yoast SEO plugin. -->","yoast_head_json":{"title":"SHEPP, Archie - Yasmina, A Black Woman (White) -  (LP) | Guerssen","description":"Archie Shepp's 1969 album 'Yasmina, A Black Woman' was one of many jazz classics recorded in Paris by great African-American musicians at the end of the Sixties. The use of African instruments in the side-long free jazz opener 'Yasmina' help transform it into something utterly transcendent that pivots away from Western-centric jazz standards. The fusion of hard bop and avant-garde techniques on both tracks on side two - one of them featuring the legendary saxophonist Sonny Rollins - round out a forward-thinking classic.","robots":{"index":"index","follow":"follow","max-snippet":"max-snippet:-1","max-image-preview":"max-image-preview:large","max-video-preview":"max-video-preview:-1"},"canonical":"https:\/\/wpguerssen-test.odoo.rgbconsulting.com\/es\/producto\/yasmina-a-black-woman-white\/","og_locale":"es_ES","og_type":"article","og_title":"SHEPP, Archie - Yasmina, A Black Woman (White) -  (LP) | Guerssen","og_description":"Archie Shepp's 1969 album 'Yasmina, A Black Woman' was one of many jazz classics recorded in Paris by great African-American musicians at the end of the Sixties. The use of African instruments in the side-long free jazz opener 'Yasmina' help transform it into something utterly transcendent that pivots away from Western-centric jazz standards. The fusion of hard bop and avant-garde techniques on both tracks on side two - one of them featuring the legendary saxophonist Sonny Rollins - round out a forward-thinking classic.","og_url":"https:\/\/wpguerssen-test.odoo.rgbconsulting.com\/es\/producto\/yasmina-a-black-woman-white\/","og_site_name":"Guerssen records","article_modified_time":"2025-01-09T14:47:25+00:00","og_image":[{"width":800,"height":800,"url":"https:\/\/wpguerssen-test.odoo.rgbconsulting.com\/wp-content\/uploads\/2024\/03\/47067.jpg","type":"image\/jpeg"}],"twitter_card":"summary_large_image","twitter_title":"SHEPP, Archie - Yasmina, A Black Woman (White) -  (LP) | Guerssen","twitter_misc":{"Tiempo de lectura":"1 minuto"},"schema":{"@context":"https:\/\/schema.org","@graph":[{"@type":"WebPage","@id":"https:\/\/wpguerssen-test.odoo.rgbconsulting.com\/es\/producto\/yasmina-a-black-woman-white\/","url":"https:\/\/wpguerssen-test.odoo.rgbconsulting.com\/es\/producto\/yasmina-a-black-woman-white\/","name":"SHEPP, Archie - Yasmina, A Black Woman (White) - (LP) | Guerssen","isPartOf":{"@id":"https:\/\/wpguerssen-test.odoo.rgbconsulting.com\/es\/#website"},"primaryImageOfPage":{"@id":"https:\/\/wpguerssen-test.odoo.rgbconsulting.com\/es\/producto\/yasmina-a-black-woman-white\/#primaryimage"},"image":{"@id":"https:\/\/wpguerssen-test.odoo.rgbconsulting.com\/es\/producto\/yasmina-a-black-woman-white\/#primaryimage"},"thumbnailUrl":"https:\/\/wpguerssen-test.odoo.rgbconsulting.com\/wp-content\/uploads\/2024\/03\/47067.jpg","datePublished":"2024-03-10T23:00:00+00:00","dateModified":"2025-01-09T14:47:25+00:00","description":"Archie Shepp's 1969 album 'Yasmina, A Black Woman' was one of many jazz classics recorded in Paris by great African-American musicians at the end of the Sixties. The use of African instruments in the side-long free jazz opener 'Yasmina' help transform it into something utterly transcendent that pivots away from Western-centric jazz standards. The fusion of hard bop and avant-garde techniques on both tracks on side two - one of them featuring the legendary saxophonist Sonny Rollins - round out a forward-thinking classic.","breadcrumb":{"@id":"https:\/\/wpguerssen-test.odoo.rgbconsulting.com\/es\/producto\/yasmina-a-black-woman-white\/#breadcrumb"},"inLanguage":"es","potentialAction":[{"@type":"ReadAction","target":["https:\/\/wpguerssen-test.odoo.rgbconsulting.com\/es\/producto\/yasmina-a-black-woman-white\/"]}]},{"@type":"ImageObject","inLanguage":"es","@id":"https:\/\/wpguerssen-test.odoo.rgbconsulting.com\/es\/producto\/yasmina-a-black-woman-white\/#primaryimage","url":"https:\/\/wpguerssen-test.odoo.rgbconsulting.com\/wp-content\/uploads\/2024\/03\/47067.jpg","contentUrl":"https:\/\/wpguerssen-test.odoo.rgbconsulting.com\/wp-content\/uploads\/2024\/03\/47067.jpg","width":800,"height":800,"caption":"Archie - Yasmina"},{"@type":"BreadcrumbList","@id":"https:\/\/wpguerssen-test.odoo.rgbconsulting.com\/es\/producto\/yasmina-a-black-woman-white\/#breadcrumb","itemListElement":[{"@type":"ListItem","position":1,"name":"Inicio","item":"https:\/\/wpguerssen-test.odoo.rgbconsulting.com\/es\/"},{"@type":"ListItem","position":2,"name":"Shop","item":"https:\/\/wpguerssen-test.odoo.rgbconsulting.com\/shop\/"},{"@type":"ListItem","position":3,"name":"Yasmina, A Black Woman (White)"}]},{"@type":"WebSite","@id":"https:\/\/wpguerssen-test.odoo.rgbconsulting.com\/es\/#website","url":"https:\/\/wpguerssen-test.odoo.rgbconsulting.com\/es\/","name":"Guerssen records","description":"psychedelia - progressive - folk - garage ","publisher":{"@id":"https:\/\/wpguerssen-test.odoo.rgbconsulting.com\/es\/#organization"},"potentialAction":[{"@type":"SearchAction","target":{"@type":"EntryPoint","urlTemplate":"https:\/\/wpguerssen-test.odoo.rgbconsulting.com\/es\/?s={search_term_string}"},"query-input":{"@type":"PropertyValueSpecification","valueRequired":true,"valueName":"search_term_string"}}],"inLanguage":"es"},{"@type":"Organization","@id":"https:\/\/wpguerssen-test.odoo.rgbconsulting.com\/es\/#organization","name":"Guerssen records","url":"https:\/\/wpguerssen-test.odoo.rgbconsulting.com\/es\/","logo":{"@type":"ImageObject","inLanguage":"es","@id":"https:\/\/wpguerssen-test.odoo.rgbconsulting.com\/es\/#\/schema\/logo\/image\/","url":"https:\/\/wpguerssen-test.odoo.rgbconsulting.com\/wp-content\/uploads\/2022\/04\/Logo_Guerssen_trans_100.png","contentUrl":"https:\/\/wpguerssen-test.odoo.rgbconsulting.com\/wp-content\/uploads\/2022\/04\/Logo_Guerssen_trans_100.png","width":122,"height":100,"caption":"Guerssen records"},"image":{"@id":"https:\/\/wpguerssen-test.odoo.rgbconsulting.com\/es\/#\/schema\/logo\/image\/"}}]}},"_links":{"self":[{"href":"https:\/\/wpguerssen-test.odoo.rgbconsulting.com\/es\/wp-json\/wp\/v2\/product\/261238","targetHints":{"allow":["GET"]}}],"collection":[{"href":"https:\/\/wpguerssen-test.odoo.rgbconsulting.com\/es\/wp-json\/wp\/v2\/product"}],"about":[{"href":"https:\/\/wpguerssen-test.odoo.rgbconsulting.com\/es\/wp-json\/wp\/v2\/types\/product"}],"wp:featuredmedia":[{"embeddable":true,"href":"https:\/\/wpguerssen-test.odoo.rgbconsulting.com\/es\/wp-json\/wp\/v2\/media\/260953"}],"wp:attachment":[{"href":"https:\/\/wpguerssen-test.odoo.rgbconsulting.com\/es\/wp-json\/wp\/v2\/media?parent=261238"}],"wp:term":[{"taxonomy":"product_brand","embeddable":true,"href":"https:\/\/wpguerssen-test.odoo.rgbconsulting.com\/es\/wp-json\/wp\/v2\/product_brand?post=261238"},{"taxonomy":"product_cat","embeddable":true,"href":"https:\/\/wpguerssen-test.odoo.rgbconsulting.com\/es\/wp-json\/wp\/v2\/product_cat?post=261238"},{"taxonomy":"product_tag","embeddable":true,"href":"https:\/\/wpguerssen-test.odoo.rgbconsulting.com\/es\/wp-json\/wp\/v2\/product_tag?post=261238"}],"curies":[{"name":"wp","href":"https:\/\/api.w.org\/{rel}","templated":true}]}}