{"id":261611,"date":"2025-03-28T00:00:00","date_gmt":"2025-03-27T23:00:00","guid":{"rendered":"https:\/\/wpguerssen-test.odoo.rgbconsulting.com\/product\/tim-maia-4th-album\/"},"modified":"2025-04-23T17:21:30","modified_gmt":"2025-04-23T15:21:30","slug":"tim-maia-4th-album","status":"publish","type":"product","link":"https:\/\/wpguerssen-test.odoo.rgbconsulting.com\/es\/producto\/tim-maia-4th-album\/","title":{"rendered":"Tim Maia (4th album)"},"content":{"rendered":"<p>Un \u00edcono de la m\u00fasica popular brasile\u00f1a, Tim Maia fue un erudito musical y un prol\u00edfico artista de grabaci\u00f3n mejor conocido por introducir el soul estadounidense en la escena musical brasile\u00f1a, siendo pionero en el estilo sambalan\u00e7o al combinar elementos de soul, funk, rock y samba. Maia grab\u00f3 cuatro \u00e1lbumes hom\u00f3nimos para Polydor Brasil, este cuarto lanzamiento de 1973 podr\u00eda decirse que es el mejor, con sus destacados \u00e9xitos &#8216;R\u00e9u Confesso&#8217; y &#8216;Gostava Tanto de Voc\u00ea&#8217;; &#8216;Do Your Thing, Behave Yourself&#8217; muestra c\u00f3mo la forma del alma encajaba perfectamente con \u00e9l y &#8216;O Balan\u00e7o&#8217; rebosante de sabor brasile\u00f1o. Un excelente conjunto de principio a fin, es imprescindible para todos los fan\u00e1ticos de Tim Maia.<\/p>\n","protected":false},"excerpt":{"rendered":"<p>Un \u00edcono de la m\u00fasica popular brasile\u00f1a, Tim Maia fue un erudito musical y un prol\u00edfico artista de grabaci\u00f3n mejor conocido por introducir el soul estadounidense<a class=\"read\" href=\"https:\/\/wpguerssen-test.odoo.rgbconsulting.com\/es\/producto\/tim-maia-4th-album\/\"> (...)<\/a>","protected":false},"featured_media":211807,"template":"","meta":{"_acf_changed":false},"product_brand":[],"product_cat":[23219,23231],"product_tag":[24185],"class_list":{"0":"post-261611","1":"product","2":"type-product","3":"status-publish","4":"has-post-thumbnail","6":"product_cat-funk-es","7":"product_cat-latin-brazilian-es","8":"product_tag-de-nuevo-en-existencia","9":"pa_artist-maia-tim-es","10":"pa_format-lp-es","11":"pa_gender-latin-brazilian-funk","12":"pa_label-survival-research","13":"pa_location-south-america-caribbean-es","14":"pa_other-filters-vinyl-only-es","16":"first","17":"instock","18":"taxable","19":"shipping-taxable","20":"purchasable","21":"product-type-simple"},"acf":[],"yoast_head":"<!-- This site is optimized with the Yoast SEO plugin v24.9 - https:\/\/yoast.com\/wordpress\/plugins\/seo\/ -->\n<title>MAIA, Tim - Tim Maia (4th album) -  (LP) | Guerssen<\/title>\n<meta name=\"description\" content=\"An icon of Brazilian popular music, Tim Maia was a musical polymath and prolific recording artist best known for introducing American soul to the Brazilian music scene, pioneering the sambalan\u00e7o style by blending elements of soul, funk, rock, and samba. Maia recorded four self-titled albums for Polydor Brazil, this fourth release from 1973 arguably the best, with its outstanding hits &#039;R\u00e9u Confesso&#039; and &#039;Gostava Tanto de Voc\u00ea&#039;; &#039;Do Your Thing, Behave Yourself&#039; shows how the soul form fitted him perfectly and &#039;O Balan\u00e7o&#039; full to bursting with Brazilian flavour. A superb set from start to finish, it&#039;s a must for all Tim Maia fans.\" \/>\n<meta name=\"robots\" content=\"index, follow, max-snippet:-1, max-image-preview:large, max-video-preview:-1\" \/>\n<link rel=\"canonical\" href=\"https:\/\/wpguerssen-test.odoo.rgbconsulting.com\/es\/producto\/tim-maia-4th-album\/\" \/>\n<meta property=\"og:locale\" content=\"es_ES\" \/>\n<meta property=\"og:type\" content=\"article\" \/>\n<meta property=\"og:title\" content=\"MAIA, Tim - Tim Maia (4th album) -  (LP) | Guerssen\" \/>\n<meta property=\"og:description\" content=\"An icon of Brazilian popular music, Tim Maia was a musical polymath and prolific recording artist best known for introducing American soul to the Brazilian music scene, pioneering the sambalan\u00e7o style by blending elements of soul, funk, rock, and samba. Maia recorded four self-titled albums for Polydor Brazil, this fourth release from 1973 arguably the best, with its outstanding hits &#039;R\u00e9u Confesso&#039; and &#039;Gostava Tanto de Voc\u00ea&#039;; &#039;Do Your Thing, Behave Yourself&#039; shows how the soul form fitted him perfectly and &#039;O Balan\u00e7o&#039; full to bursting with Brazilian flavour. A superb set from start to finish, it&#039;s a must for all Tim Maia fans.\" \/>\n<meta property=\"og:url\" content=\"https:\/\/wpguerssen-test.odoo.rgbconsulting.com\/es\/producto\/tim-maia-4th-album\/\" \/>\n<meta property=\"og:site_name\" content=\"Guerssen records\" \/>\n<meta property=\"article:modified_time\" content=\"2025-04-23T15:21:30+00:00\" \/>\n<meta property=\"og:image\" content=\"https:\/\/wpguerssen-test.odoo.rgbconsulting.com\/wp-content\/uploads\/2022\/06\/41272-scaled.jpg\" \/>\n\t<meta property=\"og:image:width\" content=\"2427\" \/>\n\t<meta property=\"og:image:height\" content=\"2560\" \/>\n\t<meta property=\"og:image:type\" content=\"image\/jpeg\" \/>\n<meta name=\"twitter:card\" content=\"summary_large_image\" \/>\n<meta name=\"twitter:title\" content=\"MAIA, Tim - Tim Maia (4th album) -  (LP) | Guerssen\" \/>\n<meta name=\"twitter:label1\" content=\"Tiempo de lectura\" \/>\n\t<meta name=\"twitter:data1\" content=\"1 minuto\" \/>\n<script type=\"application\/ld+json\" class=\"yoast-schema-graph\">{\"@context\":\"https:\/\/schema.org\",\"@graph\":[{\"@type\":\"WebPage\",\"@id\":\"https:\/\/wpguerssen-test.odoo.rgbconsulting.com\/es\/producto\/tim-maia-4th-album\/\",\"url\":\"https:\/\/wpguerssen-test.odoo.rgbconsulting.com\/es\/producto\/tim-maia-4th-album\/\",\"name\":\"MAIA, Tim - Tim Maia (4th album) - (LP) | Guerssen\",\"isPartOf\":{\"@id\":\"https:\/\/wpguerssen-test.odoo.rgbconsulting.com\/es\/#website\"},\"primaryImageOfPage\":{\"@id\":\"https:\/\/wpguerssen-test.odoo.rgbconsulting.com\/es\/producto\/tim-maia-4th-album\/#primaryimage\"},\"image\":{\"@id\":\"https:\/\/wpguerssen-test.odoo.rgbconsulting.com\/es\/producto\/tim-maia-4th-album\/#primaryimage\"},\"thumbnailUrl\":\"https:\/\/wpguerssen-test.odoo.rgbconsulting.com\/wp-content\/uploads\/2022\/06\/41272-scaled.jpg\",\"datePublished\":\"2025-03-27T23:00:00+00:00\",\"dateModified\":\"2025-04-23T15:21:30+00:00\",\"description\":\"An icon of Brazilian popular music, Tim Maia was a musical polymath and prolific recording artist best known for introducing American soul to the Brazilian music scene, pioneering the sambalan\u00e7o style by blending elements of soul, funk, rock, and samba. Maia recorded four self-titled albums for Polydor Brazil, this fourth release from 1973 arguably the best, with its outstanding hits 'R\u00e9u Confesso' and 'Gostava Tanto de Voc\u00ea'; 'Do Your Thing, Behave Yourself' shows how the soul form fitted him perfectly and 'O Balan\u00e7o' full to bursting with Brazilian flavour. A superb set from start to finish, it's a must for all Tim Maia fans.\",\"breadcrumb\":{\"@id\":\"https:\/\/wpguerssen-test.odoo.rgbconsulting.com\/es\/producto\/tim-maia-4th-album\/#breadcrumb\"},\"inLanguage\":\"es\",\"potentialAction\":[{\"@type\":\"ReadAction\",\"target\":[\"https:\/\/wpguerssen-test.odoo.rgbconsulting.com\/es\/producto\/tim-maia-4th-album\/\"]}]},{\"@type\":\"ImageObject\",\"inLanguage\":\"es\",\"@id\":\"https:\/\/wpguerssen-test.odoo.rgbconsulting.com\/es\/producto\/tim-maia-4th-album\/#primaryimage\",\"url\":\"https:\/\/wpguerssen-test.odoo.rgbconsulting.com\/wp-content\/uploads\/2022\/06\/41272-scaled.jpg\",\"contentUrl\":\"https:\/\/wpguerssen-test.odoo.rgbconsulting.com\/wp-content\/uploads\/2022\/06\/41272-scaled.jpg\",\"width\":2427,\"height\":2560,\"caption\":\"Tim - Tim Maia (4th album) - SURVIVAL RESEARCH (LP) | Guerssen\"},{\"@type\":\"BreadcrumbList\",\"@id\":\"https:\/\/wpguerssen-test.odoo.rgbconsulting.com\/es\/producto\/tim-maia-4th-album\/#breadcrumb\",\"itemListElement\":[{\"@type\":\"ListItem\",\"position\":1,\"name\":\"Inicio\",\"item\":\"https:\/\/wpguerssen-test.odoo.rgbconsulting.com\/es\/\"},{\"@type\":\"ListItem\",\"position\":2,\"name\":\"Shop\",\"item\":\"https:\/\/wpguerssen-test.odoo.rgbconsulting.com\/shop\/\"},{\"@type\":\"ListItem\",\"position\":3,\"name\":\"Tim Maia (4th album)\"}]},{\"@type\":\"WebSite\",\"@id\":\"https:\/\/wpguerssen-test.odoo.rgbconsulting.com\/es\/#website\",\"url\":\"https:\/\/wpguerssen-test.odoo.rgbconsulting.com\/es\/\",\"name\":\"Guerssen records\",\"description\":\"psychedelia - progressive - folk - garage \",\"publisher\":{\"@id\":\"https:\/\/wpguerssen-test.odoo.rgbconsulting.com\/es\/#organization\"},\"potentialAction\":[{\"@type\":\"SearchAction\",\"target\":{\"@type\":\"EntryPoint\",\"urlTemplate\":\"https:\/\/wpguerssen-test.odoo.rgbconsulting.com\/es\/?s={search_term_string}\"},\"query-input\":{\"@type\":\"PropertyValueSpecification\",\"valueRequired\":true,\"valueName\":\"search_term_string\"}}],\"inLanguage\":\"es\"},{\"@type\":\"Organization\",\"@id\":\"https:\/\/wpguerssen-test.odoo.rgbconsulting.com\/es\/#organization\",\"name\":\"Guerssen records\",\"url\":\"https:\/\/wpguerssen-test.odoo.rgbconsulting.com\/es\/\",\"logo\":{\"@type\":\"ImageObject\",\"inLanguage\":\"es\",\"@id\":\"https:\/\/wpguerssen-test.odoo.rgbconsulting.com\/es\/#\/schema\/logo\/image\/\",\"url\":\"https:\/\/wpguerssen-test.odoo.rgbconsulting.com\/wp-content\/uploads\/2022\/04\/Logo_Guerssen_trans_100.png\",\"contentUrl\":\"https:\/\/wpguerssen-test.odoo.rgbconsulting.com\/wp-content\/uploads\/2022\/04\/Logo_Guerssen_trans_100.png\",\"width\":122,\"height\":100,\"caption\":\"Guerssen records\"},\"image\":{\"@id\":\"https:\/\/wpguerssen-test.odoo.rgbconsulting.com\/es\/#\/schema\/logo\/image\/\"}}]}<\/script>\n<!-- \/ Yoast SEO plugin. -->","yoast_head_json":{"title":"MAIA, Tim - Tim Maia (4th album) -  (LP) | Guerssen","description":"An icon of Brazilian popular music, Tim Maia was a musical polymath and prolific recording artist best known for introducing American soul to the Brazilian music scene, pioneering the sambalan\u00e7o style by blending elements of soul, funk, rock, and samba. Maia recorded four self-titled albums for Polydor Brazil, this fourth release from 1973 arguably the best, with its outstanding hits 'R\u00e9u Confesso' and 'Gostava Tanto de Voc\u00ea'; 'Do Your Thing, Behave Yourself' shows how the soul form fitted him perfectly and 'O Balan\u00e7o' full to bursting with Brazilian flavour. A superb set from start to finish, it's a must for all Tim Maia fans.","robots":{"index":"index","follow":"follow","max-snippet":"max-snippet:-1","max-image-preview":"max-image-preview:large","max-video-preview":"max-video-preview:-1"},"canonical":"https:\/\/wpguerssen-test.odoo.rgbconsulting.com\/es\/producto\/tim-maia-4th-album\/","og_locale":"es_ES","og_type":"article","og_title":"MAIA, Tim - Tim Maia (4th album) -  (LP) | Guerssen","og_description":"An icon of Brazilian popular music, Tim Maia was a musical polymath and prolific recording artist best known for introducing American soul to the Brazilian music scene, pioneering the sambalan\u00e7o style by blending elements of soul, funk, rock, and samba. Maia recorded four self-titled albums for Polydor Brazil, this fourth release from 1973 arguably the best, with its outstanding hits 'R\u00e9u Confesso' and 'Gostava Tanto de Voc\u00ea'; 'Do Your Thing, Behave Yourself' shows how the soul form fitted him perfectly and 'O Balan\u00e7o' full to bursting with Brazilian flavour. A superb set from start to finish, it's a must for all Tim Maia fans.","og_url":"https:\/\/wpguerssen-test.odoo.rgbconsulting.com\/es\/producto\/tim-maia-4th-album\/","og_site_name":"Guerssen records","article_modified_time":"2025-04-23T15:21:30+00:00","og_image":[{"width":2427,"height":2560,"url":"https:\/\/wpguerssen-test.odoo.rgbconsulting.com\/wp-content\/uploads\/2022\/06\/41272-scaled.jpg","type":"image\/jpeg"}],"twitter_card":"summary_large_image","twitter_title":"MAIA, Tim - Tim Maia (4th album) -  (LP) | Guerssen","twitter_misc":{"Tiempo de lectura":"1 minuto"},"schema":{"@context":"https:\/\/schema.org","@graph":[{"@type":"WebPage","@id":"https:\/\/wpguerssen-test.odoo.rgbconsulting.com\/es\/producto\/tim-maia-4th-album\/","url":"https:\/\/wpguerssen-test.odoo.rgbconsulting.com\/es\/producto\/tim-maia-4th-album\/","name":"MAIA, Tim - Tim Maia (4th album) - (LP) | Guerssen","isPartOf":{"@id":"https:\/\/wpguerssen-test.odoo.rgbconsulting.com\/es\/#website"},"primaryImageOfPage":{"@id":"https:\/\/wpguerssen-test.odoo.rgbconsulting.com\/es\/producto\/tim-maia-4th-album\/#primaryimage"},"image":{"@id":"https:\/\/wpguerssen-test.odoo.rgbconsulting.com\/es\/producto\/tim-maia-4th-album\/#primaryimage"},"thumbnailUrl":"https:\/\/wpguerssen-test.odoo.rgbconsulting.com\/wp-content\/uploads\/2022\/06\/41272-scaled.jpg","datePublished":"2025-03-27T23:00:00+00:00","dateModified":"2025-04-23T15:21:30+00:00","description":"An icon of Brazilian popular music, Tim Maia was a musical polymath and prolific recording artist best known for introducing American soul to the Brazilian music scene, pioneering the sambalan\u00e7o style by blending elements of soul, funk, rock, and samba. Maia recorded four self-titled albums for Polydor Brazil, this fourth release from 1973 arguably the best, with its outstanding hits 'R\u00e9u Confesso' and 'Gostava Tanto de Voc\u00ea'; 'Do Your Thing, Behave Yourself' shows how the soul form fitted him perfectly and 'O Balan\u00e7o' full to bursting with Brazilian flavour. A superb set from start to finish, it's a must for all Tim Maia fans.","breadcrumb":{"@id":"https:\/\/wpguerssen-test.odoo.rgbconsulting.com\/es\/producto\/tim-maia-4th-album\/#breadcrumb"},"inLanguage":"es","potentialAction":[{"@type":"ReadAction","target":["https:\/\/wpguerssen-test.odoo.rgbconsulting.com\/es\/producto\/tim-maia-4th-album\/"]}]},{"@type":"ImageObject","inLanguage":"es","@id":"https:\/\/wpguerssen-test.odoo.rgbconsulting.com\/es\/producto\/tim-maia-4th-album\/#primaryimage","url":"https:\/\/wpguerssen-test.odoo.rgbconsulting.com\/wp-content\/uploads\/2022\/06\/41272-scaled.jpg","contentUrl":"https:\/\/wpguerssen-test.odoo.rgbconsulting.com\/wp-content\/uploads\/2022\/06\/41272-scaled.jpg","width":2427,"height":2560,"caption":"Tim - Tim Maia (4th album) - SURVIVAL RESEARCH (LP) | Guerssen"},{"@type":"BreadcrumbList","@id":"https:\/\/wpguerssen-test.odoo.rgbconsulting.com\/es\/producto\/tim-maia-4th-album\/#breadcrumb","itemListElement":[{"@type":"ListItem","position":1,"name":"Inicio","item":"https:\/\/wpguerssen-test.odoo.rgbconsulting.com\/es\/"},{"@type":"ListItem","position":2,"name":"Shop","item":"https:\/\/wpguerssen-test.odoo.rgbconsulting.com\/shop\/"},{"@type":"ListItem","position":3,"name":"Tim Maia (4th album)"}]},{"@type":"WebSite","@id":"https:\/\/wpguerssen-test.odoo.rgbconsulting.com\/es\/#website","url":"https:\/\/wpguerssen-test.odoo.rgbconsulting.com\/es\/","name":"Guerssen records","description":"psychedelia - progressive - folk - garage ","publisher":{"@id":"https:\/\/wpguerssen-test.odoo.rgbconsulting.com\/es\/#organization"},"potentialAction":[{"@type":"SearchAction","target":{"@type":"EntryPoint","urlTemplate":"https:\/\/wpguerssen-test.odoo.rgbconsulting.com\/es\/?s={search_term_string}"},"query-input":{"@type":"PropertyValueSpecification","valueRequired":true,"valueName":"search_term_string"}}],"inLanguage":"es"},{"@type":"Organization","@id":"https:\/\/wpguerssen-test.odoo.rgbconsulting.com\/es\/#organization","name":"Guerssen records","url":"https:\/\/wpguerssen-test.odoo.rgbconsulting.com\/es\/","logo":{"@type":"ImageObject","inLanguage":"es","@id":"https:\/\/wpguerssen-test.odoo.rgbconsulting.com\/es\/#\/schema\/logo\/image\/","url":"https:\/\/wpguerssen-test.odoo.rgbconsulting.com\/wp-content\/uploads\/2022\/04\/Logo_Guerssen_trans_100.png","contentUrl":"https:\/\/wpguerssen-test.odoo.rgbconsulting.com\/wp-content\/uploads\/2022\/04\/Logo_Guerssen_trans_100.png","width":122,"height":100,"caption":"Guerssen records"},"image":{"@id":"https:\/\/wpguerssen-test.odoo.rgbconsulting.com\/es\/#\/schema\/logo\/image\/"}}]}},"_links":{"self":[{"href":"https:\/\/wpguerssen-test.odoo.rgbconsulting.com\/es\/wp-json\/wp\/v2\/product\/261611","targetHints":{"allow":["GET"]}}],"collection":[{"href":"https:\/\/wpguerssen-test.odoo.rgbconsulting.com\/es\/wp-json\/wp\/v2\/product"}],"about":[{"href":"https:\/\/wpguerssen-test.odoo.rgbconsulting.com\/es\/wp-json\/wp\/v2\/types\/product"}],"wp:featuredmedia":[{"embeddable":true,"href":"https:\/\/wpguerssen-test.odoo.rgbconsulting.com\/es\/wp-json\/wp\/v2\/media\/211807"}],"wp:attachment":[{"href":"https:\/\/wpguerssen-test.odoo.rgbconsulting.com\/es\/wp-json\/wp\/v2\/media?parent=261611"}],"wp:term":[{"taxonomy":"product_brand","embeddable":true,"href":"https:\/\/wpguerssen-test.odoo.rgbconsulting.com\/es\/wp-json\/wp\/v2\/product_brand?post=261611"},{"taxonomy":"product_cat","embeddable":true,"href":"https:\/\/wpguerssen-test.odoo.rgbconsulting.com\/es\/wp-json\/wp\/v2\/product_cat?post=261611"},{"taxonomy":"product_tag","embeddable":true,"href":"https:\/\/wpguerssen-test.odoo.rgbconsulting.com\/es\/wp-json\/wp\/v2\/product_tag?post=261611"}],"curies":[{"name":"wp","href":"https:\/\/api.w.org\/{rel}","templated":true}]}}