{"id":261690,"date":"2025-01-24T00:00:00","date_gmt":"2025-01-23T23:00:00","guid":{"rendered":"https:\/\/wpguerssen-test.odoo.rgbconsulting.com\/product\/demoler-demoler-demoler\/"},"modified":"2025-04-24T17:17:31","modified_gmt":"2025-04-24T15:17:31","slug":"demoler-demoler-demoler","status":"publish","type":"product","link":"https:\/\/wpguerssen-test.odoo.rgbconsulting.com\/es\/producto\/demoler-demoler-demoler\/","title":{"rendered":"Demoler! Demoler! Demoler!"},"content":{"rendered":"<p>Disper\u00fa es el primer sello discogr\u00e1fico independiente del Per\u00fa y Sudam\u00e9rica que fue fundado y dirigido por una mujer. En el espacio de cinco a\u00f1os, Rebeca Llave no s\u00f3lo convirti\u00f3 a Disper\u00fa en una compa\u00f1\u00eda exitosa, sino que tambi\u00e9n la transform\u00f3 en un amplificador y escaparate de proyectos \u00fanicos de m\u00fasica popular peruana, incluido el sonido crudo, salvaje y visceral de Los Saicos, pioneros del punk de los a\u00f1os 60. Esta recopilaci\u00f3n consta de 14 temas incre\u00edbles, que van desde cumbia o boogaloo hasta beat y garage, para celebrar el legado musical de esta mujer pionera \u00fanica.<\/p>\n","protected":false},"excerpt":{"rendered":"<p>Disper\u00fa es el primer sello discogr\u00e1fico independiente del Per\u00fa y Sudam\u00e9rica que fue fundado y dirigido por una mujer. En el espacio de cinco a\u00f1os, Rebeca Llave<a class=\"read\" href=\"https:\/\/wpguerssen-test.odoo.rgbconsulting.com\/es\/producto\/demoler-demoler-demoler\/\"> (...)<\/a>","protected":false},"featured_media":261737,"template":"","meta":{"_acf_changed":false},"product_brand":[],"product_cat":[23281,23231],"product_tag":[],"class_list":{"0":"post-261690","1":"product","2":"type-product","3":"status-publish","4":"has-post-thumbnail","6":"product_cat-garagebeatrnb60-70-es","7":"product_cat-latin-brazilian-es","8":"pa_artist-various-artists-es","9":"pa_format-lp-es","10":"pa_gender-garage-beat-rnb60-70-latin-brazilian","11":"pa_label-munster-es","12":"pa_location-south-america-caribbean-es","13":"pa_other-filters-vinyl-only-es","15":"first","16":"instock","17":"taxable","18":"shipping-taxable","19":"purchasable","20":"product-type-simple"},"acf":[],"yoast_head":"<!-- This site is optimized with the Yoast SEO plugin v24.9 - https:\/\/yoast.com\/wordpress\/plugins\/seo\/ -->\n<title>VARIOUS ARTISTS - Demoler! Demoler! Demoler! -  (LP) | Guerssen<\/title>\n<meta name=\"description\" content=\"Disper\u00fa is the first independent record label in Peru and South America that was founded and run by a woman. In the space of five years Rebeca Llave turned not only Disper\u00fa into a successful company but also transformed it into an amplifier and showcase for unique Peruvian popular music projects including the raw, wild and visceral sound of Los Saicos, 60s punk pioneers. This compilation comprises 14 amazing tracks, ranging from cumbia or boogaloo to beat and garage, to celebrate the music legacy of this unique pioneer woman.\" \/>\n<meta name=\"robots\" content=\"index, follow, max-snippet:-1, max-image-preview:large, max-video-preview:-1\" \/>\n<link rel=\"canonical\" href=\"https:\/\/wpguerssen-test.odoo.rgbconsulting.com\/es\/producto\/demoler-demoler-demoler\/\" \/>\n<meta property=\"og:locale\" content=\"es_ES\" \/>\n<meta property=\"og:type\" content=\"article\" \/>\n<meta property=\"og:title\" content=\"VARIOUS ARTISTS - Demoler! Demoler! Demoler! -  (LP) | Guerssen\" \/>\n<meta property=\"og:description\" content=\"Disper\u00fa is the first independent record label in Peru and South America that was founded and run by a woman. In the space of five years Rebeca Llave turned not only Disper\u00fa into a successful company but also transformed it into an amplifier and showcase for unique Peruvian popular music projects including the raw, wild and visceral sound of Los Saicos, 60s punk pioneers. This compilation comprises 14 amazing tracks, ranging from cumbia or boogaloo to beat and garage, to celebrate the music legacy of this unique pioneer woman.\" \/>\n<meta property=\"og:url\" content=\"https:\/\/wpguerssen-test.odoo.rgbconsulting.com\/es\/producto\/demoler-demoler-demoler\/\" \/>\n<meta property=\"og:site_name\" content=\"Guerssen records\" \/>\n<meta property=\"article:modified_time\" content=\"2025-04-24T15:17:31+00:00\" \/>\n<meta property=\"og:image\" content=\"https:\/\/wpguerssen-test.odoo.rgbconsulting.com\/wp-content\/uploads\/2024\/03\/47205.jpg\" \/>\n\t<meta property=\"og:image:width\" content=\"300\" \/>\n\t<meta property=\"og:image:height\" content=\"300\" \/>\n\t<meta property=\"og:image:type\" content=\"image\/jpeg\" \/>\n<meta name=\"twitter:card\" content=\"summary_large_image\" \/>\n<meta name=\"twitter:title\" content=\"VARIOUS ARTISTS - Demoler! Demoler! Demoler! -  (LP) | Guerssen\" \/>\n<meta name=\"twitter:label1\" content=\"Tiempo de lectura\" \/>\n\t<meta name=\"twitter:data1\" content=\"1 minuto\" \/>\n<script type=\"application\/ld+json\" class=\"yoast-schema-graph\">{\"@context\":\"https:\/\/schema.org\",\"@graph\":[{\"@type\":\"WebPage\",\"@id\":\"https:\/\/wpguerssen-test.odoo.rgbconsulting.com\/es\/producto\/demoler-demoler-demoler\/\",\"url\":\"https:\/\/wpguerssen-test.odoo.rgbconsulting.com\/es\/producto\/demoler-demoler-demoler\/\",\"name\":\"VARIOUS ARTISTS - Demoler! Demoler! Demoler! - (LP) | Guerssen\",\"isPartOf\":{\"@id\":\"https:\/\/wpguerssen-test.odoo.rgbconsulting.com\/es\/#website\"},\"primaryImageOfPage\":{\"@id\":\"https:\/\/wpguerssen-test.odoo.rgbconsulting.com\/es\/producto\/demoler-demoler-demoler\/#primaryimage\"},\"image\":{\"@id\":\"https:\/\/wpguerssen-test.odoo.rgbconsulting.com\/es\/producto\/demoler-demoler-demoler\/#primaryimage\"},\"thumbnailUrl\":\"https:\/\/wpguerssen-test.odoo.rgbconsulting.com\/wp-content\/uploads\/2024\/03\/47205.jpg\",\"datePublished\":\"2025-01-23T23:00:00+00:00\",\"dateModified\":\"2025-04-24T15:17:31+00:00\",\"description\":\"Disper\u00fa is the first independent record label in Peru and South America that was founded and run by a woman. In the space of five years Rebeca Llave turned not only Disper\u00fa into a successful company but also transformed it into an amplifier and showcase for unique Peruvian popular music projects including the raw, wild and visceral sound of Los Saicos, 60s punk pioneers. This compilation comprises 14 amazing tracks, ranging from cumbia or boogaloo to beat and garage, to celebrate the music legacy of this unique pioneer woman.\",\"breadcrumb\":{\"@id\":\"https:\/\/wpguerssen-test.odoo.rgbconsulting.com\/es\/producto\/demoler-demoler-demoler\/#breadcrumb\"},\"inLanguage\":\"es\",\"potentialAction\":[{\"@type\":\"ReadAction\",\"target\":[\"https:\/\/wpguerssen-test.odoo.rgbconsulting.com\/es\/producto\/demoler-demoler-demoler\/\"]}]},{\"@type\":\"ImageObject\",\"inLanguage\":\"es\",\"@id\":\"https:\/\/wpguerssen-test.odoo.rgbconsulting.com\/es\/producto\/demoler-demoler-demoler\/#primaryimage\",\"url\":\"https:\/\/wpguerssen-test.odoo.rgbconsulting.com\/wp-content\/uploads\/2024\/03\/47205.jpg\",\"contentUrl\":\"https:\/\/wpguerssen-test.odoo.rgbconsulting.com\/wp-content\/uploads\/2024\/03\/47205.jpg\",\"width\":300,\"height\":300},{\"@type\":\"BreadcrumbList\",\"@id\":\"https:\/\/wpguerssen-test.odoo.rgbconsulting.com\/es\/producto\/demoler-demoler-demoler\/#breadcrumb\",\"itemListElement\":[{\"@type\":\"ListItem\",\"position\":1,\"name\":\"Inicio\",\"item\":\"https:\/\/wpguerssen-test.odoo.rgbconsulting.com\/es\/\"},{\"@type\":\"ListItem\",\"position\":2,\"name\":\"Shop\",\"item\":\"https:\/\/wpguerssen-test.odoo.rgbconsulting.com\/shop\/\"},{\"@type\":\"ListItem\",\"position\":3,\"name\":\"Demoler! Demoler! Demoler!\"}]},{\"@type\":\"WebSite\",\"@id\":\"https:\/\/wpguerssen-test.odoo.rgbconsulting.com\/es\/#website\",\"url\":\"https:\/\/wpguerssen-test.odoo.rgbconsulting.com\/es\/\",\"name\":\"Guerssen records\",\"description\":\"psychedelia - progressive - folk - garage \",\"publisher\":{\"@id\":\"https:\/\/wpguerssen-test.odoo.rgbconsulting.com\/es\/#organization\"},\"potentialAction\":[{\"@type\":\"SearchAction\",\"target\":{\"@type\":\"EntryPoint\",\"urlTemplate\":\"https:\/\/wpguerssen-test.odoo.rgbconsulting.com\/es\/?s={search_term_string}\"},\"query-input\":{\"@type\":\"PropertyValueSpecification\",\"valueRequired\":true,\"valueName\":\"search_term_string\"}}],\"inLanguage\":\"es\"},{\"@type\":\"Organization\",\"@id\":\"https:\/\/wpguerssen-test.odoo.rgbconsulting.com\/es\/#organization\",\"name\":\"Guerssen records\",\"url\":\"https:\/\/wpguerssen-test.odoo.rgbconsulting.com\/es\/\",\"logo\":{\"@type\":\"ImageObject\",\"inLanguage\":\"es\",\"@id\":\"https:\/\/wpguerssen-test.odoo.rgbconsulting.com\/es\/#\/schema\/logo\/image\/\",\"url\":\"https:\/\/wpguerssen-test.odoo.rgbconsulting.com\/wp-content\/uploads\/2022\/04\/Logo_Guerssen_trans_100.png\",\"contentUrl\":\"https:\/\/wpguerssen-test.odoo.rgbconsulting.com\/wp-content\/uploads\/2022\/04\/Logo_Guerssen_trans_100.png\",\"width\":122,\"height\":100,\"caption\":\"Guerssen records\"},\"image\":{\"@id\":\"https:\/\/wpguerssen-test.odoo.rgbconsulting.com\/es\/#\/schema\/logo\/image\/\"}}]}<\/script>\n<!-- \/ Yoast SEO plugin. -->","yoast_head_json":{"title":"VARIOUS ARTISTS - Demoler! Demoler! Demoler! -  (LP) | Guerssen","description":"Disper\u00fa is the first independent record label in Peru and South America that was founded and run by a woman. In the space of five years Rebeca Llave turned not only Disper\u00fa into a successful company but also transformed it into an amplifier and showcase for unique Peruvian popular music projects including the raw, wild and visceral sound of Los Saicos, 60s punk pioneers. This compilation comprises 14 amazing tracks, ranging from cumbia or boogaloo to beat and garage, to celebrate the music legacy of this unique pioneer woman.","robots":{"index":"index","follow":"follow","max-snippet":"max-snippet:-1","max-image-preview":"max-image-preview:large","max-video-preview":"max-video-preview:-1"},"canonical":"https:\/\/wpguerssen-test.odoo.rgbconsulting.com\/es\/producto\/demoler-demoler-demoler\/","og_locale":"es_ES","og_type":"article","og_title":"VARIOUS ARTISTS - Demoler! Demoler! Demoler! -  (LP) | Guerssen","og_description":"Disper\u00fa is the first independent record label in Peru and South America that was founded and run by a woman. In the space of five years Rebeca Llave turned not only Disper\u00fa into a successful company but also transformed it into an amplifier and showcase for unique Peruvian popular music projects including the raw, wild and visceral sound of Los Saicos, 60s punk pioneers. This compilation comprises 14 amazing tracks, ranging from cumbia or boogaloo to beat and garage, to celebrate the music legacy of this unique pioneer woman.","og_url":"https:\/\/wpguerssen-test.odoo.rgbconsulting.com\/es\/producto\/demoler-demoler-demoler\/","og_site_name":"Guerssen records","article_modified_time":"2025-04-24T15:17:31+00:00","og_image":[{"width":300,"height":300,"url":"https:\/\/wpguerssen-test.odoo.rgbconsulting.com\/wp-content\/uploads\/2024\/03\/47205.jpg","type":"image\/jpeg"}],"twitter_card":"summary_large_image","twitter_title":"VARIOUS ARTISTS - Demoler! Demoler! Demoler! -  (LP) | Guerssen","twitter_misc":{"Tiempo de lectura":"1 minuto"},"schema":{"@context":"https:\/\/schema.org","@graph":[{"@type":"WebPage","@id":"https:\/\/wpguerssen-test.odoo.rgbconsulting.com\/es\/producto\/demoler-demoler-demoler\/","url":"https:\/\/wpguerssen-test.odoo.rgbconsulting.com\/es\/producto\/demoler-demoler-demoler\/","name":"VARIOUS ARTISTS - Demoler! Demoler! Demoler! - (LP) | Guerssen","isPartOf":{"@id":"https:\/\/wpguerssen-test.odoo.rgbconsulting.com\/es\/#website"},"primaryImageOfPage":{"@id":"https:\/\/wpguerssen-test.odoo.rgbconsulting.com\/es\/producto\/demoler-demoler-demoler\/#primaryimage"},"image":{"@id":"https:\/\/wpguerssen-test.odoo.rgbconsulting.com\/es\/producto\/demoler-demoler-demoler\/#primaryimage"},"thumbnailUrl":"https:\/\/wpguerssen-test.odoo.rgbconsulting.com\/wp-content\/uploads\/2024\/03\/47205.jpg","datePublished":"2025-01-23T23:00:00+00:00","dateModified":"2025-04-24T15:17:31+00:00","description":"Disper\u00fa is the first independent record label in Peru and South America that was founded and run by a woman. In the space of five years Rebeca Llave turned not only Disper\u00fa into a successful company but also transformed it into an amplifier and showcase for unique Peruvian popular music projects including the raw, wild and visceral sound of Los Saicos, 60s punk pioneers. This compilation comprises 14 amazing tracks, ranging from cumbia or boogaloo to beat and garage, to celebrate the music legacy of this unique pioneer woman.","breadcrumb":{"@id":"https:\/\/wpguerssen-test.odoo.rgbconsulting.com\/es\/producto\/demoler-demoler-demoler\/#breadcrumb"},"inLanguage":"es","potentialAction":[{"@type":"ReadAction","target":["https:\/\/wpguerssen-test.odoo.rgbconsulting.com\/es\/producto\/demoler-demoler-demoler\/"]}]},{"@type":"ImageObject","inLanguage":"es","@id":"https:\/\/wpguerssen-test.odoo.rgbconsulting.com\/es\/producto\/demoler-demoler-demoler\/#primaryimage","url":"https:\/\/wpguerssen-test.odoo.rgbconsulting.com\/wp-content\/uploads\/2024\/03\/47205.jpg","contentUrl":"https:\/\/wpguerssen-test.odoo.rgbconsulting.com\/wp-content\/uploads\/2024\/03\/47205.jpg","width":300,"height":300},{"@type":"BreadcrumbList","@id":"https:\/\/wpguerssen-test.odoo.rgbconsulting.com\/es\/producto\/demoler-demoler-demoler\/#breadcrumb","itemListElement":[{"@type":"ListItem","position":1,"name":"Inicio","item":"https:\/\/wpguerssen-test.odoo.rgbconsulting.com\/es\/"},{"@type":"ListItem","position":2,"name":"Shop","item":"https:\/\/wpguerssen-test.odoo.rgbconsulting.com\/shop\/"},{"@type":"ListItem","position":3,"name":"Demoler! Demoler! Demoler!"}]},{"@type":"WebSite","@id":"https:\/\/wpguerssen-test.odoo.rgbconsulting.com\/es\/#website","url":"https:\/\/wpguerssen-test.odoo.rgbconsulting.com\/es\/","name":"Guerssen records","description":"psychedelia - progressive - folk - garage ","publisher":{"@id":"https:\/\/wpguerssen-test.odoo.rgbconsulting.com\/es\/#organization"},"potentialAction":[{"@type":"SearchAction","target":{"@type":"EntryPoint","urlTemplate":"https:\/\/wpguerssen-test.odoo.rgbconsulting.com\/es\/?s={search_term_string}"},"query-input":{"@type":"PropertyValueSpecification","valueRequired":true,"valueName":"search_term_string"}}],"inLanguage":"es"},{"@type":"Organization","@id":"https:\/\/wpguerssen-test.odoo.rgbconsulting.com\/es\/#organization","name":"Guerssen records","url":"https:\/\/wpguerssen-test.odoo.rgbconsulting.com\/es\/","logo":{"@type":"ImageObject","inLanguage":"es","@id":"https:\/\/wpguerssen-test.odoo.rgbconsulting.com\/es\/#\/schema\/logo\/image\/","url":"https:\/\/wpguerssen-test.odoo.rgbconsulting.com\/wp-content\/uploads\/2022\/04\/Logo_Guerssen_trans_100.png","contentUrl":"https:\/\/wpguerssen-test.odoo.rgbconsulting.com\/wp-content\/uploads\/2022\/04\/Logo_Guerssen_trans_100.png","width":122,"height":100,"caption":"Guerssen records"},"image":{"@id":"https:\/\/wpguerssen-test.odoo.rgbconsulting.com\/es\/#\/schema\/logo\/image\/"}}]}},"_links":{"self":[{"href":"https:\/\/wpguerssen-test.odoo.rgbconsulting.com\/es\/wp-json\/wp\/v2\/product\/261690","targetHints":{"allow":["GET"]}}],"collection":[{"href":"https:\/\/wpguerssen-test.odoo.rgbconsulting.com\/es\/wp-json\/wp\/v2\/product"}],"about":[{"href":"https:\/\/wpguerssen-test.odoo.rgbconsulting.com\/es\/wp-json\/wp\/v2\/types\/product"}],"wp:featuredmedia":[{"embeddable":true,"href":"https:\/\/wpguerssen-test.odoo.rgbconsulting.com\/es\/wp-json\/wp\/v2\/media\/261737"}],"wp:attachment":[{"href":"https:\/\/wpguerssen-test.odoo.rgbconsulting.com\/es\/wp-json\/wp\/v2\/media?parent=261690"}],"wp:term":[{"taxonomy":"product_brand","embeddable":true,"href":"https:\/\/wpguerssen-test.odoo.rgbconsulting.com\/es\/wp-json\/wp\/v2\/product_brand?post=261690"},{"taxonomy":"product_cat","embeddable":true,"href":"https:\/\/wpguerssen-test.odoo.rgbconsulting.com\/es\/wp-json\/wp\/v2\/product_cat?post=261690"},{"taxonomy":"product_tag","embeddable":true,"href":"https:\/\/wpguerssen-test.odoo.rgbconsulting.com\/es\/wp-json\/wp\/v2\/product_tag?post=261690"}],"curies":[{"name":"wp","href":"https:\/\/api.w.org\/{rel}","templated":true}]}}