{"id":261738,"date":"2010-06-28T00:00:00","date_gmt":"2010-06-27T22:00:00","guid":{"rendered":"https:\/\/wpguerssen-test.odoo.rgbconsulting.com\/product\/psychonaut-lpcd\/"},"modified":"2025-03-03T15:16:28","modified_gmt":"2025-03-03T14:16:28","slug":"psychonaut-lpcd","status":"publish","type":"product","link":"https:\/\/wpguerssen-test.odoo.rgbconsulting.com\/es\/producto\/psychonaut-lpcd\/","title":{"rendered":"Psychonaut (LP+CD)"},"content":{"rendered":"<p>Segundo \u00e1lbum e igual de bueno que el primero. S\u00faper \u00e1cida psicodelia de 1972! Sonido de m\u00e1sters y CD incluido.<\/p>\n","protected":false},"excerpt":{"rendered":"<p>Segundo \u00e1lbum e igual de bueno que el primero. S\u00faper \u00e1cida psicodelia de 1972! Sonido de m\u00e1sters y CD incluido.<\/p>\n","protected":false},"featured_media":261996,"template":"","meta":{"_acf_changed":false},"product_brand":[],"product_cat":[21639,23230],"product_tag":[],"class_list":{"0":"post-261738","1":"product","2":"type-product","3":"status-publish","4":"has-post-thumbnail","6":"product_cat-psychedelic60s-70s-es","7":"product_cat-krautrock-es-2","8":"pa_artist-brainticket","9":"pa_format-lp-es","10":"pa_gender-krautrock-psychedelic60s-70s","11":"pa_label-lilith","12":"pa_location-europe-es","13":"pa_other-filters-vinyl-only-es","15":"first","16":"instock","17":"taxable","18":"shipping-taxable","19":"purchasable","20":"product-type-simple"},"acf":[],"yoast_head":"<!-- This site is optimized with the Yoast SEO plugin v24.9 - https:\/\/yoast.com\/wordpress\/plugins\/seo\/ -->\n<title>BRAINTICKET - Psychonaut (LP+CD) -  (LP) | Guerssen<\/title>\n<meta name=\"description\" content=\"1972&#039;s Psychonaut, by the Swiss-based Brainticket, is early seventies space rock at its finest. While the band&#039;s debut album, 1971&#039;s Cottonwoodhill, was a heavily acid-laden affair dominated by droning organ, disturbing vocals and a collection of cacophonic sound effects (causing it to carry a warning label and be banned in several countries) for their second effort, band-founder Jo\u00ebl Vandroogenbroeck brought in a completely new line-up and changed the band&#039;s sound dramatically. #nl# While Psychonaut still takes listeners into the realm of altered consciousness--making heavy use of a droning Hammond, sitar, tablas, etc.--this time the vocals are more melodic and the music itself is more song-oriented. This is by far Brainticket&#039;s most accessible album, and perhaps their most timeless. Fully remastered from the original master tapes!\" \/>\n<meta name=\"robots\" content=\"index, follow, max-snippet:-1, max-image-preview:large, max-video-preview:-1\" \/>\n<link rel=\"canonical\" href=\"https:\/\/wpguerssen-test.odoo.rgbconsulting.com\/es\/producto\/psychonaut-lpcd\/\" \/>\n<meta property=\"og:locale\" content=\"es_ES\" \/>\n<meta property=\"og:type\" content=\"article\" \/>\n<meta property=\"og:title\" content=\"BRAINTICKET - Psychonaut (LP+CD) -  (LP) | Guerssen\" \/>\n<meta property=\"og:description\" content=\"1972&#039;s Psychonaut, by the Swiss-based Brainticket, is early seventies space rock at its finest. While the band&#039;s debut album, 1971&#039;s Cottonwoodhill, was a heavily acid-laden affair dominated by droning organ, disturbing vocals and a collection of cacophonic sound effects (causing it to carry a warning label and be banned in several countries) for their second effort, band-founder Jo\u00ebl Vandroogenbroeck brought in a completely new line-up and changed the band&#039;s sound dramatically. #nl# While Psychonaut still takes listeners into the realm of altered consciousness--making heavy use of a droning Hammond, sitar, tablas, etc.--this time the vocals are more melodic and the music itself is more song-oriented. This is by far Brainticket&#039;s most accessible album, and perhaps their most timeless. Fully remastered from the original master tapes!\" \/>\n<meta property=\"og:url\" content=\"https:\/\/wpguerssen-test.odoo.rgbconsulting.com\/es\/producto\/psychonaut-lpcd\/\" \/>\n<meta property=\"og:site_name\" content=\"Guerssen records\" \/>\n<meta property=\"article:modified_time\" content=\"2025-03-03T14:16:28+00:00\" \/>\n<meta property=\"og:image\" content=\"https:\/\/wpguerssen-test.odoo.rgbconsulting.com\/wp-content\/uploads\/2024\/03\/11505.jpg\" \/>\n\t<meta property=\"og:image:width\" content=\"600\" \/>\n\t<meta property=\"og:image:height\" content=\"598\" \/>\n\t<meta property=\"og:image:type\" content=\"image\/jpeg\" \/>\n<meta name=\"twitter:card\" content=\"summary_large_image\" \/>\n<meta name=\"twitter:title\" content=\"BRAINTICKET - Psychonaut (LP+CD) -  (LP) | Guerssen\" \/>\n<script type=\"application\/ld+json\" class=\"yoast-schema-graph\">{\"@context\":\"https:\/\/schema.org\",\"@graph\":[{\"@type\":\"WebPage\",\"@id\":\"https:\/\/wpguerssen-test.odoo.rgbconsulting.com\/es\/producto\/psychonaut-lpcd\/\",\"url\":\"https:\/\/wpguerssen-test.odoo.rgbconsulting.com\/es\/producto\/psychonaut-lpcd\/\",\"name\":\"BRAINTICKET - Psychonaut (LP+CD) - (LP) | Guerssen\",\"isPartOf\":{\"@id\":\"https:\/\/wpguerssen-test.odoo.rgbconsulting.com\/es\/#website\"},\"primaryImageOfPage\":{\"@id\":\"https:\/\/wpguerssen-test.odoo.rgbconsulting.com\/es\/producto\/psychonaut-lpcd\/#primaryimage\"},\"image\":{\"@id\":\"https:\/\/wpguerssen-test.odoo.rgbconsulting.com\/es\/producto\/psychonaut-lpcd\/#primaryimage\"},\"thumbnailUrl\":\"https:\/\/wpguerssen-test.odoo.rgbconsulting.com\/wp-content\/uploads\/2024\/03\/11505.jpg\",\"datePublished\":\"2010-06-27T22:00:00+00:00\",\"dateModified\":\"2025-03-03T14:16:28+00:00\",\"description\":\"1972's Psychonaut, by the Swiss-based Brainticket, is early seventies space rock at its finest. While the band's debut album, 1971's Cottonwoodhill, was a heavily acid-laden affair dominated by droning organ, disturbing vocals and a collection of cacophonic sound effects (causing it to carry a warning label and be banned in several countries) for their second effort, band-founder Jo\u00ebl Vandroogenbroeck brought in a completely new line-up and changed the band's sound dramatically. #nl# While Psychonaut still takes listeners into the realm of altered consciousness--making heavy use of a droning Hammond, sitar, tablas, etc.--this time the vocals are more melodic and the music itself is more song-oriented. This is by far Brainticket's most accessible album, and perhaps their most timeless. Fully remastered from the original master tapes!\",\"breadcrumb\":{\"@id\":\"https:\/\/wpguerssen-test.odoo.rgbconsulting.com\/es\/producto\/psychonaut-lpcd\/#breadcrumb\"},\"inLanguage\":\"es\",\"potentialAction\":[{\"@type\":\"ReadAction\",\"target\":[\"https:\/\/wpguerssen-test.odoo.rgbconsulting.com\/es\/producto\/psychonaut-lpcd\/\"]}]},{\"@type\":\"ImageObject\",\"inLanguage\":\"es\",\"@id\":\"https:\/\/wpguerssen-test.odoo.rgbconsulting.com\/es\/producto\/psychonaut-lpcd\/#primaryimage\",\"url\":\"https:\/\/wpguerssen-test.odoo.rgbconsulting.com\/wp-content\/uploads\/2024\/03\/11505.jpg\",\"contentUrl\":\"https:\/\/wpguerssen-test.odoo.rgbconsulting.com\/wp-content\/uploads\/2024\/03\/11505.jpg\",\"width\":600,\"height\":598},{\"@type\":\"BreadcrumbList\",\"@id\":\"https:\/\/wpguerssen-test.odoo.rgbconsulting.com\/es\/producto\/psychonaut-lpcd\/#breadcrumb\",\"itemListElement\":[{\"@type\":\"ListItem\",\"position\":1,\"name\":\"Inicio\",\"item\":\"https:\/\/wpguerssen-test.odoo.rgbconsulting.com\/es\/\"},{\"@type\":\"ListItem\",\"position\":2,\"name\":\"Shop\",\"item\":\"https:\/\/wpguerssen-test.odoo.rgbconsulting.com\/shop\/\"},{\"@type\":\"ListItem\",\"position\":3,\"name\":\"Psychonaut (LP+CD)\"}]},{\"@type\":\"WebSite\",\"@id\":\"https:\/\/wpguerssen-test.odoo.rgbconsulting.com\/es\/#website\",\"url\":\"https:\/\/wpguerssen-test.odoo.rgbconsulting.com\/es\/\",\"name\":\"Guerssen records\",\"description\":\"psychedelia - progressive - folk - garage \",\"publisher\":{\"@id\":\"https:\/\/wpguerssen-test.odoo.rgbconsulting.com\/es\/#organization\"},\"potentialAction\":[{\"@type\":\"SearchAction\",\"target\":{\"@type\":\"EntryPoint\",\"urlTemplate\":\"https:\/\/wpguerssen-test.odoo.rgbconsulting.com\/es\/?s={search_term_string}\"},\"query-input\":{\"@type\":\"PropertyValueSpecification\",\"valueRequired\":true,\"valueName\":\"search_term_string\"}}],\"inLanguage\":\"es\"},{\"@type\":\"Organization\",\"@id\":\"https:\/\/wpguerssen-test.odoo.rgbconsulting.com\/es\/#organization\",\"name\":\"Guerssen records\",\"url\":\"https:\/\/wpguerssen-test.odoo.rgbconsulting.com\/es\/\",\"logo\":{\"@type\":\"ImageObject\",\"inLanguage\":\"es\",\"@id\":\"https:\/\/wpguerssen-test.odoo.rgbconsulting.com\/es\/#\/schema\/logo\/image\/\",\"url\":\"https:\/\/wpguerssen-test.odoo.rgbconsulting.com\/wp-content\/uploads\/2022\/04\/Logo_Guerssen_trans_100.png\",\"contentUrl\":\"https:\/\/wpguerssen-test.odoo.rgbconsulting.com\/wp-content\/uploads\/2022\/04\/Logo_Guerssen_trans_100.png\",\"width\":122,\"height\":100,\"caption\":\"Guerssen records\"},\"image\":{\"@id\":\"https:\/\/wpguerssen-test.odoo.rgbconsulting.com\/es\/#\/schema\/logo\/image\/\"}}]}<\/script>\n<!-- \/ Yoast SEO plugin. -->","yoast_head_json":{"title":"BRAINTICKET - Psychonaut (LP+CD) -  (LP) | Guerssen","description":"1972's Psychonaut, by the Swiss-based Brainticket, is early seventies space rock at its finest. While the band's debut album, 1971's Cottonwoodhill, was a heavily acid-laden affair dominated by droning organ, disturbing vocals and a collection of cacophonic sound effects (causing it to carry a warning label and be banned in several countries) for their second effort, band-founder Jo\u00ebl Vandroogenbroeck brought in a completely new line-up and changed the band's sound dramatically. #nl# While Psychonaut still takes listeners into the realm of altered consciousness--making heavy use of a droning Hammond, sitar, tablas, etc.--this time the vocals are more melodic and the music itself is more song-oriented. This is by far Brainticket's most accessible album, and perhaps their most timeless. Fully remastered from the original master tapes!","robots":{"index":"index","follow":"follow","max-snippet":"max-snippet:-1","max-image-preview":"max-image-preview:large","max-video-preview":"max-video-preview:-1"},"canonical":"https:\/\/wpguerssen-test.odoo.rgbconsulting.com\/es\/producto\/psychonaut-lpcd\/","og_locale":"es_ES","og_type":"article","og_title":"BRAINTICKET - Psychonaut (LP+CD) -  (LP) | Guerssen","og_description":"1972's Psychonaut, by the Swiss-based Brainticket, is early seventies space rock at its finest. While the band's debut album, 1971's Cottonwoodhill, was a heavily acid-laden affair dominated by droning organ, disturbing vocals and a collection of cacophonic sound effects (causing it to carry a warning label and be banned in several countries) for their second effort, band-founder Jo\u00ebl Vandroogenbroeck brought in a completely new line-up and changed the band's sound dramatically. #nl# While Psychonaut still takes listeners into the realm of altered consciousness--making heavy use of a droning Hammond, sitar, tablas, etc.--this time the vocals are more melodic and the music itself is more song-oriented. This is by far Brainticket's most accessible album, and perhaps their most timeless. Fully remastered from the original master tapes!","og_url":"https:\/\/wpguerssen-test.odoo.rgbconsulting.com\/es\/producto\/psychonaut-lpcd\/","og_site_name":"Guerssen records","article_modified_time":"2025-03-03T14:16:28+00:00","og_image":[{"width":600,"height":598,"url":"https:\/\/wpguerssen-test.odoo.rgbconsulting.com\/wp-content\/uploads\/2024\/03\/11505.jpg","type":"image\/jpeg"}],"twitter_card":"summary_large_image","twitter_title":"BRAINTICKET - Psychonaut (LP+CD) -  (LP) | Guerssen","schema":{"@context":"https:\/\/schema.org","@graph":[{"@type":"WebPage","@id":"https:\/\/wpguerssen-test.odoo.rgbconsulting.com\/es\/producto\/psychonaut-lpcd\/","url":"https:\/\/wpguerssen-test.odoo.rgbconsulting.com\/es\/producto\/psychonaut-lpcd\/","name":"BRAINTICKET - Psychonaut (LP+CD) - (LP) | Guerssen","isPartOf":{"@id":"https:\/\/wpguerssen-test.odoo.rgbconsulting.com\/es\/#website"},"primaryImageOfPage":{"@id":"https:\/\/wpguerssen-test.odoo.rgbconsulting.com\/es\/producto\/psychonaut-lpcd\/#primaryimage"},"image":{"@id":"https:\/\/wpguerssen-test.odoo.rgbconsulting.com\/es\/producto\/psychonaut-lpcd\/#primaryimage"},"thumbnailUrl":"https:\/\/wpguerssen-test.odoo.rgbconsulting.com\/wp-content\/uploads\/2024\/03\/11505.jpg","datePublished":"2010-06-27T22:00:00+00:00","dateModified":"2025-03-03T14:16:28+00:00","description":"1972's Psychonaut, by the Swiss-based Brainticket, is early seventies space rock at its finest. While the band's debut album, 1971's Cottonwoodhill, was a heavily acid-laden affair dominated by droning organ, disturbing vocals and a collection of cacophonic sound effects (causing it to carry a warning label and be banned in several countries) for their second effort, band-founder Jo\u00ebl Vandroogenbroeck brought in a completely new line-up and changed the band's sound dramatically. #nl# While Psychonaut still takes listeners into the realm of altered consciousness--making heavy use of a droning Hammond, sitar, tablas, etc.--this time the vocals are more melodic and the music itself is more song-oriented. This is by far Brainticket's most accessible album, and perhaps their most timeless. Fully remastered from the original master tapes!","breadcrumb":{"@id":"https:\/\/wpguerssen-test.odoo.rgbconsulting.com\/es\/producto\/psychonaut-lpcd\/#breadcrumb"},"inLanguage":"es","potentialAction":[{"@type":"ReadAction","target":["https:\/\/wpguerssen-test.odoo.rgbconsulting.com\/es\/producto\/psychonaut-lpcd\/"]}]},{"@type":"ImageObject","inLanguage":"es","@id":"https:\/\/wpguerssen-test.odoo.rgbconsulting.com\/es\/producto\/psychonaut-lpcd\/#primaryimage","url":"https:\/\/wpguerssen-test.odoo.rgbconsulting.com\/wp-content\/uploads\/2024\/03\/11505.jpg","contentUrl":"https:\/\/wpguerssen-test.odoo.rgbconsulting.com\/wp-content\/uploads\/2024\/03\/11505.jpg","width":600,"height":598},{"@type":"BreadcrumbList","@id":"https:\/\/wpguerssen-test.odoo.rgbconsulting.com\/es\/producto\/psychonaut-lpcd\/#breadcrumb","itemListElement":[{"@type":"ListItem","position":1,"name":"Inicio","item":"https:\/\/wpguerssen-test.odoo.rgbconsulting.com\/es\/"},{"@type":"ListItem","position":2,"name":"Shop","item":"https:\/\/wpguerssen-test.odoo.rgbconsulting.com\/shop\/"},{"@type":"ListItem","position":3,"name":"Psychonaut (LP+CD)"}]},{"@type":"WebSite","@id":"https:\/\/wpguerssen-test.odoo.rgbconsulting.com\/es\/#website","url":"https:\/\/wpguerssen-test.odoo.rgbconsulting.com\/es\/","name":"Guerssen records","description":"psychedelia - progressive - folk - garage ","publisher":{"@id":"https:\/\/wpguerssen-test.odoo.rgbconsulting.com\/es\/#organization"},"potentialAction":[{"@type":"SearchAction","target":{"@type":"EntryPoint","urlTemplate":"https:\/\/wpguerssen-test.odoo.rgbconsulting.com\/es\/?s={search_term_string}"},"query-input":{"@type":"PropertyValueSpecification","valueRequired":true,"valueName":"search_term_string"}}],"inLanguage":"es"},{"@type":"Organization","@id":"https:\/\/wpguerssen-test.odoo.rgbconsulting.com\/es\/#organization","name":"Guerssen records","url":"https:\/\/wpguerssen-test.odoo.rgbconsulting.com\/es\/","logo":{"@type":"ImageObject","inLanguage":"es","@id":"https:\/\/wpguerssen-test.odoo.rgbconsulting.com\/es\/#\/schema\/logo\/image\/","url":"https:\/\/wpguerssen-test.odoo.rgbconsulting.com\/wp-content\/uploads\/2022\/04\/Logo_Guerssen_trans_100.png","contentUrl":"https:\/\/wpguerssen-test.odoo.rgbconsulting.com\/wp-content\/uploads\/2022\/04\/Logo_Guerssen_trans_100.png","width":122,"height":100,"caption":"Guerssen records"},"image":{"@id":"https:\/\/wpguerssen-test.odoo.rgbconsulting.com\/es\/#\/schema\/logo\/image\/"}}]}},"_links":{"self":[{"href":"https:\/\/wpguerssen-test.odoo.rgbconsulting.com\/es\/wp-json\/wp\/v2\/product\/261738","targetHints":{"allow":["GET"]}}],"collection":[{"href":"https:\/\/wpguerssen-test.odoo.rgbconsulting.com\/es\/wp-json\/wp\/v2\/product"}],"about":[{"href":"https:\/\/wpguerssen-test.odoo.rgbconsulting.com\/es\/wp-json\/wp\/v2\/types\/product"}],"wp:featuredmedia":[{"embeddable":true,"href":"https:\/\/wpguerssen-test.odoo.rgbconsulting.com\/es\/wp-json\/wp\/v2\/media\/261996"}],"wp:attachment":[{"href":"https:\/\/wpguerssen-test.odoo.rgbconsulting.com\/es\/wp-json\/wp\/v2\/media?parent=261738"}],"wp:term":[{"taxonomy":"product_brand","embeddable":true,"href":"https:\/\/wpguerssen-test.odoo.rgbconsulting.com\/es\/wp-json\/wp\/v2\/product_brand?post=261738"},{"taxonomy":"product_cat","embeddable":true,"href":"https:\/\/wpguerssen-test.odoo.rgbconsulting.com\/es\/wp-json\/wp\/v2\/product_cat?post=261738"},{"taxonomy":"product_tag","embeddable":true,"href":"https:\/\/wpguerssen-test.odoo.rgbconsulting.com\/es\/wp-json\/wp\/v2\/product_tag?post=261738"}],"curies":[{"name":"wp","href":"https:\/\/api.w.org\/{rel}","templated":true}]}}