{"id":261739,"date":"2010-06-28T00:00:00","date_gmt":"2010-06-27T22:00:00","guid":{"rendered":"https:\/\/wpguerssen-test.odoo.rgbconsulting.com\/product\/cottonwoodhill-lpcd\/"},"modified":"2025-04-23T17:10:51","modified_gmt":"2025-04-23T15:10:51","slug":"cottonwoodhill-lpcd","status":"publish","type":"product","link":"https:\/\/wpguerssen-test.odoo.rgbconsulting.com\/es\/producto\/cottonwoodhill-lpcd\/","title":{"rendered":"Cottonwoodhill (LP+CD)"},"content":{"rendered":"<p>Reedici\u00f3n con perfecto sonido de este legendario disco ultra psicod\u00e9lico, editado originalmente en 1971 en Suiza y posteriormente editado por Bellaphon en Alemania.<br \/>Considerado uno de los discos clave del krautrock, tremendo sonido y producci\u00f3n con cantida de efectos psicod\u00e9licos, voz femenina, largos temas, \u00f3rgano&#8230;Muy recomendado! Incluye de bonus el mismo disco en CD.<\/p>\n","protected":false},"excerpt":{"rendered":"<p>Reedici\u00f3n con perfecto sonido de este legendario disco ultra psicod\u00e9lico, editado originalmente en 1971 en Suiza y posteriormente editado por Bellaphon en Alemania.<br<a class=\"read\" href=\"https:\/\/wpguerssen-test.odoo.rgbconsulting.com\/es\/producto\/cottonwoodhill-lpcd\/\"> (...)<\/a>","protected":false},"featured_media":261998,"template":"","meta":{"_acf_changed":false},"product_brand":[],"product_cat":[21639,23230],"product_tag":[],"class_list":{"0":"post-261739","1":"product","2":"type-product","3":"status-publish","4":"has-post-thumbnail","6":"product_cat-psychedelic60s-70s-es","7":"product_cat-krautrock-es-2","8":"pa_artist-brainticket","9":"pa_format-lp-es","10":"pa_gender-krautrock-psychedelic60s-70s","11":"pa_label-lilith","12":"pa_location-europe-es","13":"pa_other-filters-vinyl-only-es","15":"first","16":"instock","17":"taxable","18":"shipping-taxable","19":"purchasable","20":"product-type-simple"},"acf":[],"yoast_head":"<!-- This site is optimized with the Yoast SEO plugin v24.9 - https:\/\/yoast.com\/wordpress\/plugins\/seo\/ -->\n<title>BRAINTICKET - Cottonwoodhill (LP+CD) -  (LP) | Guerssen<\/title>\n<meta name=\"description\" content=\"Being as LSD was first developed in a laboratory in Basel, it is perhaps no coincidence that one of the most &quot;far out&quot; albums of all time was made by this Swiss band (no small feat, given the competition!). #nl# Brainticket&#039;s 1971 debut, Cottonwoodhill, begins normally enough with two fine psychedelic \/ kraut rock-influenced tracks, but the remainder of the album plays like an acid trip with a soundtrack, dominated by Joel Vandroogenbroeck&#039;s endless droning organ, a variety of musique concr\u00e8te-type sound effects and vocalist Dawn Muir&#039;s trippy vocals.The album, banned in several countries, even came with this self-imposed warning: &quot;After Listening to this Record, your friends may not know you anymore.&quot; \/ &quot;Only listen to this once a day, your brain might be destroyed!&quot;.\" \/>\n<meta name=\"robots\" content=\"index, follow, max-snippet:-1, max-image-preview:large, max-video-preview:-1\" \/>\n<link rel=\"canonical\" href=\"https:\/\/wpguerssen-test.odoo.rgbconsulting.com\/es\/producto\/cottonwoodhill-lpcd\/\" \/>\n<meta property=\"og:locale\" content=\"es_ES\" \/>\n<meta property=\"og:type\" content=\"article\" \/>\n<meta property=\"og:title\" content=\"BRAINTICKET - Cottonwoodhill (LP+CD) -  (LP) | Guerssen\" \/>\n<meta property=\"og:description\" content=\"Being as LSD was first developed in a laboratory in Basel, it is perhaps no coincidence that one of the most &quot;far out&quot; albums of all time was made by this Swiss band (no small feat, given the competition!). #nl# Brainticket&#039;s 1971 debut, Cottonwoodhill, begins normally enough with two fine psychedelic \/ kraut rock-influenced tracks, but the remainder of the album plays like an acid trip with a soundtrack, dominated by Joel Vandroogenbroeck&#039;s endless droning organ, a variety of musique concr\u00e8te-type sound effects and vocalist Dawn Muir&#039;s trippy vocals.The album, banned in several countries, even came with this self-imposed warning: &quot;After Listening to this Record, your friends may not know you anymore.&quot; \/ &quot;Only listen to this once a day, your brain might be destroyed!&quot;.\" \/>\n<meta property=\"og:url\" content=\"https:\/\/wpguerssen-test.odoo.rgbconsulting.com\/es\/producto\/cottonwoodhill-lpcd\/\" \/>\n<meta property=\"og:site_name\" content=\"Guerssen records\" \/>\n<meta property=\"article:modified_time\" content=\"2025-04-23T15:10:51+00:00\" \/>\n<meta property=\"og:image\" content=\"https:\/\/wpguerssen-test.odoo.rgbconsulting.com\/wp-content\/uploads\/2024\/03\/11506.jpg\" \/>\n\t<meta property=\"og:image:width\" content=\"599\" \/>\n\t<meta property=\"og:image:height\" content=\"598\" \/>\n\t<meta property=\"og:image:type\" content=\"image\/jpeg\" \/>\n<meta name=\"twitter:card\" content=\"summary_large_image\" \/>\n<meta name=\"twitter:title\" content=\"BRAINTICKET - Cottonwoodhill (LP+CD) -  (LP) | Guerssen\" \/>\n<script type=\"application\/ld+json\" class=\"yoast-schema-graph\">{\"@context\":\"https:\/\/schema.org\",\"@graph\":[{\"@type\":\"WebPage\",\"@id\":\"https:\/\/wpguerssen-test.odoo.rgbconsulting.com\/es\/producto\/cottonwoodhill-lpcd\/\",\"url\":\"https:\/\/wpguerssen-test.odoo.rgbconsulting.com\/es\/producto\/cottonwoodhill-lpcd\/\",\"name\":\"BRAINTICKET - Cottonwoodhill (LP+CD) - (LP) | Guerssen\",\"isPartOf\":{\"@id\":\"https:\/\/wpguerssen-test.odoo.rgbconsulting.com\/es\/#website\"},\"primaryImageOfPage\":{\"@id\":\"https:\/\/wpguerssen-test.odoo.rgbconsulting.com\/es\/producto\/cottonwoodhill-lpcd\/#primaryimage\"},\"image\":{\"@id\":\"https:\/\/wpguerssen-test.odoo.rgbconsulting.com\/es\/producto\/cottonwoodhill-lpcd\/#primaryimage\"},\"thumbnailUrl\":\"https:\/\/wpguerssen-test.odoo.rgbconsulting.com\/wp-content\/uploads\/2024\/03\/11506.jpg\",\"datePublished\":\"2010-06-27T22:00:00+00:00\",\"dateModified\":\"2025-04-23T15:10:51+00:00\",\"description\":\"Being as LSD was first developed in a laboratory in Basel, it is perhaps no coincidence that one of the most \\\"far out\\\" albums of all time was made by this Swiss band (no small feat, given the competition!). #nl# Brainticket's 1971 debut, Cottonwoodhill, begins normally enough with two fine psychedelic \/ kraut rock-influenced tracks, but the remainder of the album plays like an acid trip with a soundtrack, dominated by Joel Vandroogenbroeck's endless droning organ, a variety of musique concr\u00e8te-type sound effects and vocalist Dawn Muir's trippy vocals.The album, banned in several countries, even came with this self-imposed warning: \\\"After Listening to this Record, your friends may not know you anymore.\\\" \/ \\\"Only listen to this once a day, your brain might be destroyed!\\\".\",\"breadcrumb\":{\"@id\":\"https:\/\/wpguerssen-test.odoo.rgbconsulting.com\/es\/producto\/cottonwoodhill-lpcd\/#breadcrumb\"},\"inLanguage\":\"es\",\"potentialAction\":[{\"@type\":\"ReadAction\",\"target\":[\"https:\/\/wpguerssen-test.odoo.rgbconsulting.com\/es\/producto\/cottonwoodhill-lpcd\/\"]}]},{\"@type\":\"ImageObject\",\"inLanguage\":\"es\",\"@id\":\"https:\/\/wpguerssen-test.odoo.rgbconsulting.com\/es\/producto\/cottonwoodhill-lpcd\/#primaryimage\",\"url\":\"https:\/\/wpguerssen-test.odoo.rgbconsulting.com\/wp-content\/uploads\/2024\/03\/11506.jpg\",\"contentUrl\":\"https:\/\/wpguerssen-test.odoo.rgbconsulting.com\/wp-content\/uploads\/2024\/03\/11506.jpg\",\"width\":599,\"height\":598},{\"@type\":\"BreadcrumbList\",\"@id\":\"https:\/\/wpguerssen-test.odoo.rgbconsulting.com\/es\/producto\/cottonwoodhill-lpcd\/#breadcrumb\",\"itemListElement\":[{\"@type\":\"ListItem\",\"position\":1,\"name\":\"Inicio\",\"item\":\"https:\/\/wpguerssen-test.odoo.rgbconsulting.com\/es\/\"},{\"@type\":\"ListItem\",\"position\":2,\"name\":\"Shop\",\"item\":\"https:\/\/wpguerssen-test.odoo.rgbconsulting.com\/shop\/\"},{\"@type\":\"ListItem\",\"position\":3,\"name\":\"Cottonwoodhill (LP+CD)\"}]},{\"@type\":\"WebSite\",\"@id\":\"https:\/\/wpguerssen-test.odoo.rgbconsulting.com\/es\/#website\",\"url\":\"https:\/\/wpguerssen-test.odoo.rgbconsulting.com\/es\/\",\"name\":\"Guerssen records\",\"description\":\"psychedelia - progressive - folk - garage \",\"publisher\":{\"@id\":\"https:\/\/wpguerssen-test.odoo.rgbconsulting.com\/es\/#organization\"},\"potentialAction\":[{\"@type\":\"SearchAction\",\"target\":{\"@type\":\"EntryPoint\",\"urlTemplate\":\"https:\/\/wpguerssen-test.odoo.rgbconsulting.com\/es\/?s={search_term_string}\"},\"query-input\":{\"@type\":\"PropertyValueSpecification\",\"valueRequired\":true,\"valueName\":\"search_term_string\"}}],\"inLanguage\":\"es\"},{\"@type\":\"Organization\",\"@id\":\"https:\/\/wpguerssen-test.odoo.rgbconsulting.com\/es\/#organization\",\"name\":\"Guerssen records\",\"url\":\"https:\/\/wpguerssen-test.odoo.rgbconsulting.com\/es\/\",\"logo\":{\"@type\":\"ImageObject\",\"inLanguage\":\"es\",\"@id\":\"https:\/\/wpguerssen-test.odoo.rgbconsulting.com\/es\/#\/schema\/logo\/image\/\",\"url\":\"https:\/\/wpguerssen-test.odoo.rgbconsulting.com\/wp-content\/uploads\/2022\/04\/Logo_Guerssen_trans_100.png\",\"contentUrl\":\"https:\/\/wpguerssen-test.odoo.rgbconsulting.com\/wp-content\/uploads\/2022\/04\/Logo_Guerssen_trans_100.png\",\"width\":122,\"height\":100,\"caption\":\"Guerssen records\"},\"image\":{\"@id\":\"https:\/\/wpguerssen-test.odoo.rgbconsulting.com\/es\/#\/schema\/logo\/image\/\"}}]}<\/script>\n<!-- \/ Yoast SEO plugin. -->","yoast_head_json":{"title":"BRAINTICKET - Cottonwoodhill (LP+CD) -  (LP) | Guerssen","description":"Being as LSD was first developed in a laboratory in Basel, it is perhaps no coincidence that one of the most \"far out\" albums of all time was made by this Swiss band (no small feat, given the competition!). #nl# Brainticket's 1971 debut, Cottonwoodhill, begins normally enough with two fine psychedelic \/ kraut rock-influenced tracks, but the remainder of the album plays like an acid trip with a soundtrack, dominated by Joel Vandroogenbroeck's endless droning organ, a variety of musique concr\u00e8te-type sound effects and vocalist Dawn Muir's trippy vocals.The album, banned in several countries, even came with this self-imposed warning: \"After Listening to this Record, your friends may not know you anymore.\" \/ \"Only listen to this once a day, your brain might be destroyed!\".","robots":{"index":"index","follow":"follow","max-snippet":"max-snippet:-1","max-image-preview":"max-image-preview:large","max-video-preview":"max-video-preview:-1"},"canonical":"https:\/\/wpguerssen-test.odoo.rgbconsulting.com\/es\/producto\/cottonwoodhill-lpcd\/","og_locale":"es_ES","og_type":"article","og_title":"BRAINTICKET - Cottonwoodhill (LP+CD) -  (LP) | Guerssen","og_description":"Being as LSD was first developed in a laboratory in Basel, it is perhaps no coincidence that one of the most \"far out\" albums of all time was made by this Swiss band (no small feat, given the competition!). #nl# Brainticket's 1971 debut, Cottonwoodhill, begins normally enough with two fine psychedelic \/ kraut rock-influenced tracks, but the remainder of the album plays like an acid trip with a soundtrack, dominated by Joel Vandroogenbroeck's endless droning organ, a variety of musique concr\u00e8te-type sound effects and vocalist Dawn Muir's trippy vocals.The album, banned in several countries, even came with this self-imposed warning: \"After Listening to this Record, your friends may not know you anymore.\" \/ \"Only listen to this once a day, your brain might be destroyed!\".","og_url":"https:\/\/wpguerssen-test.odoo.rgbconsulting.com\/es\/producto\/cottonwoodhill-lpcd\/","og_site_name":"Guerssen records","article_modified_time":"2025-04-23T15:10:51+00:00","og_image":[{"width":599,"height":598,"url":"https:\/\/wpguerssen-test.odoo.rgbconsulting.com\/wp-content\/uploads\/2024\/03\/11506.jpg","type":"image\/jpeg"}],"twitter_card":"summary_large_image","twitter_title":"BRAINTICKET - Cottonwoodhill (LP+CD) -  (LP) | Guerssen","schema":{"@context":"https:\/\/schema.org","@graph":[{"@type":"WebPage","@id":"https:\/\/wpguerssen-test.odoo.rgbconsulting.com\/es\/producto\/cottonwoodhill-lpcd\/","url":"https:\/\/wpguerssen-test.odoo.rgbconsulting.com\/es\/producto\/cottonwoodhill-lpcd\/","name":"BRAINTICKET - Cottonwoodhill (LP+CD) - (LP) | Guerssen","isPartOf":{"@id":"https:\/\/wpguerssen-test.odoo.rgbconsulting.com\/es\/#website"},"primaryImageOfPage":{"@id":"https:\/\/wpguerssen-test.odoo.rgbconsulting.com\/es\/producto\/cottonwoodhill-lpcd\/#primaryimage"},"image":{"@id":"https:\/\/wpguerssen-test.odoo.rgbconsulting.com\/es\/producto\/cottonwoodhill-lpcd\/#primaryimage"},"thumbnailUrl":"https:\/\/wpguerssen-test.odoo.rgbconsulting.com\/wp-content\/uploads\/2024\/03\/11506.jpg","datePublished":"2010-06-27T22:00:00+00:00","dateModified":"2025-04-23T15:10:51+00:00","description":"Being as LSD was first developed in a laboratory in Basel, it is perhaps no coincidence that one of the most \"far out\" albums of all time was made by this Swiss band (no small feat, given the competition!). #nl# Brainticket's 1971 debut, Cottonwoodhill, begins normally enough with two fine psychedelic \/ kraut rock-influenced tracks, but the remainder of the album plays like an acid trip with a soundtrack, dominated by Joel Vandroogenbroeck's endless droning organ, a variety of musique concr\u00e8te-type sound effects and vocalist Dawn Muir's trippy vocals.The album, banned in several countries, even came with this self-imposed warning: \"After Listening to this Record, your friends may not know you anymore.\" \/ \"Only listen to this once a day, your brain might be destroyed!\".","breadcrumb":{"@id":"https:\/\/wpguerssen-test.odoo.rgbconsulting.com\/es\/producto\/cottonwoodhill-lpcd\/#breadcrumb"},"inLanguage":"es","potentialAction":[{"@type":"ReadAction","target":["https:\/\/wpguerssen-test.odoo.rgbconsulting.com\/es\/producto\/cottonwoodhill-lpcd\/"]}]},{"@type":"ImageObject","inLanguage":"es","@id":"https:\/\/wpguerssen-test.odoo.rgbconsulting.com\/es\/producto\/cottonwoodhill-lpcd\/#primaryimage","url":"https:\/\/wpguerssen-test.odoo.rgbconsulting.com\/wp-content\/uploads\/2024\/03\/11506.jpg","contentUrl":"https:\/\/wpguerssen-test.odoo.rgbconsulting.com\/wp-content\/uploads\/2024\/03\/11506.jpg","width":599,"height":598},{"@type":"BreadcrumbList","@id":"https:\/\/wpguerssen-test.odoo.rgbconsulting.com\/es\/producto\/cottonwoodhill-lpcd\/#breadcrumb","itemListElement":[{"@type":"ListItem","position":1,"name":"Inicio","item":"https:\/\/wpguerssen-test.odoo.rgbconsulting.com\/es\/"},{"@type":"ListItem","position":2,"name":"Shop","item":"https:\/\/wpguerssen-test.odoo.rgbconsulting.com\/shop\/"},{"@type":"ListItem","position":3,"name":"Cottonwoodhill (LP+CD)"}]},{"@type":"WebSite","@id":"https:\/\/wpguerssen-test.odoo.rgbconsulting.com\/es\/#website","url":"https:\/\/wpguerssen-test.odoo.rgbconsulting.com\/es\/","name":"Guerssen records","description":"psychedelia - progressive - folk - garage ","publisher":{"@id":"https:\/\/wpguerssen-test.odoo.rgbconsulting.com\/es\/#organization"},"potentialAction":[{"@type":"SearchAction","target":{"@type":"EntryPoint","urlTemplate":"https:\/\/wpguerssen-test.odoo.rgbconsulting.com\/es\/?s={search_term_string}"},"query-input":{"@type":"PropertyValueSpecification","valueRequired":true,"valueName":"search_term_string"}}],"inLanguage":"es"},{"@type":"Organization","@id":"https:\/\/wpguerssen-test.odoo.rgbconsulting.com\/es\/#organization","name":"Guerssen records","url":"https:\/\/wpguerssen-test.odoo.rgbconsulting.com\/es\/","logo":{"@type":"ImageObject","inLanguage":"es","@id":"https:\/\/wpguerssen-test.odoo.rgbconsulting.com\/es\/#\/schema\/logo\/image\/","url":"https:\/\/wpguerssen-test.odoo.rgbconsulting.com\/wp-content\/uploads\/2022\/04\/Logo_Guerssen_trans_100.png","contentUrl":"https:\/\/wpguerssen-test.odoo.rgbconsulting.com\/wp-content\/uploads\/2022\/04\/Logo_Guerssen_trans_100.png","width":122,"height":100,"caption":"Guerssen records"},"image":{"@id":"https:\/\/wpguerssen-test.odoo.rgbconsulting.com\/es\/#\/schema\/logo\/image\/"}}]}},"_links":{"self":[{"href":"https:\/\/wpguerssen-test.odoo.rgbconsulting.com\/es\/wp-json\/wp\/v2\/product\/261739","targetHints":{"allow":["GET"]}}],"collection":[{"href":"https:\/\/wpguerssen-test.odoo.rgbconsulting.com\/es\/wp-json\/wp\/v2\/product"}],"about":[{"href":"https:\/\/wpguerssen-test.odoo.rgbconsulting.com\/es\/wp-json\/wp\/v2\/types\/product"}],"wp:featuredmedia":[{"embeddable":true,"href":"https:\/\/wpguerssen-test.odoo.rgbconsulting.com\/es\/wp-json\/wp\/v2\/media\/261998"}],"wp:attachment":[{"href":"https:\/\/wpguerssen-test.odoo.rgbconsulting.com\/es\/wp-json\/wp\/v2\/media?parent=261739"}],"wp:term":[{"taxonomy":"product_brand","embeddable":true,"href":"https:\/\/wpguerssen-test.odoo.rgbconsulting.com\/es\/wp-json\/wp\/v2\/product_brand?post=261739"},{"taxonomy":"product_cat","embeddable":true,"href":"https:\/\/wpguerssen-test.odoo.rgbconsulting.com\/es\/wp-json\/wp\/v2\/product_cat?post=261739"},{"taxonomy":"product_tag","embeddable":true,"href":"https:\/\/wpguerssen-test.odoo.rgbconsulting.com\/es\/wp-json\/wp\/v2\/product_tag?post=261739"}],"curies":[{"name":"wp","href":"https:\/\/api.w.org\/{rel}","templated":true}]}}