{"id":261740,"date":"2022-11-18T00:00:00","date_gmt":"2022-11-17T23:00:00","guid":{"rendered":"https:\/\/wpguerssen-test.odoo.rgbconsulting.com\/product\/killers-united-81\/"},"modified":"2025-02-20T18:31:58","modified_gmt":"2025-02-20T17:31:58","slug":"killers-united-81","status":"publish","type":"product","link":"https:\/\/wpguerssen-test.odoo.rgbconsulting.com\/es\/producto\/killers-united-81\/","title":{"rendered":"Killers United &#8217;81"},"content":{"rendered":"<p>Iron Maiden son pioneros de la nueva ola de heavy metal brit\u00e1nico, alcanzando un gran \u00e9xito a principios de los 80. La banda lanz\u00f3 una serie de \u00e1lbumes de platino y oro en el Reino Unido y los Estados Unidos, incluido su \u00e1lbum debut de 1980 \u00abIron Maiden\u00bb y \u00abKillers\u00bb de 1981. Estos son ellos en su primera gira mundial, la \u00faltima con el cantante principal Paul Di&#8217;Anno, quien fue expulsado de la banda despu\u00e9s de esta gira por su abuso extremo de drogas. A lo largo de su carrera, el estilo de la banda se ha mantenido pr\u00e1cticamente sin cambios y, a pesar de la falta de difusi\u00f3n en la radio convencional, se han mantenido constantemente populares.<\/p>\n","protected":false},"excerpt":{"rendered":"<p>Iron Maiden son pioneros de la nueva ola de heavy metal brit\u00e1nico, alcanzando un gran \u00e9xito a principios de los 80. La banda lanz\u00f3 una serie de \u00e1lbumes de platino<a class=\"read\" href=\"https:\/\/wpguerssen-test.odoo.rgbconsulting.com\/es\/producto\/killers-united-81\/\"> (...)<\/a>","protected":false},"featured_media":218876,"template":"","meta":{"_acf_changed":false},"product_brand":[],"product_cat":[23233],"product_tag":[],"class_list":{"0":"post-261740","1":"product","2":"type-product","3":"status-publish","4":"has-post-thumbnail","6":"product_cat-metal-es","7":"pa_artist-iron-maiden-es","8":"pa_format-lp-es","9":"pa_gender-metal","10":"pa_label-cult-legends","11":"pa_location-uk-ireland-es","12":"pa_other-filters-vinyl-only-es","14":"first","15":"instock","16":"taxable","17":"shipping-taxable","18":"purchasable","19":"product-type-simple"},"acf":[],"yoast_head":"<!-- This site is optimized with the Yoast SEO plugin v24.9 - https:\/\/yoast.com\/wordpress\/plugins\/seo\/ -->\n<title>IRON MAIDEN - Killers United &#039;81 -  (LP) | Guerssen<\/title>\n<meta name=\"description\" content=\"Iron Maiden are pioneers of the new wave of British heavy metal, becoming hugely successful in the early 80&#039;s. The band released a series of UK and US platinum and gold albums, including their 1980 debut album &#039;Iron Maiden&#039; and 1981&#039;s &#039;Killers&#039;. This is them on their first world tour, the last one with lead singer Paul Di&#039;Anno, who was kicked out of the band after this tour for his extreme drug abuse. Throughout their career, the band&#039;s style has remained largely unchanged and despite a lack of mainstream radio airplay they have remained consistently popular.\" \/>\n<meta name=\"robots\" content=\"index, follow, max-snippet:-1, max-image-preview:large, max-video-preview:-1\" \/>\n<link rel=\"canonical\" href=\"https:\/\/wpguerssen-test.odoo.rgbconsulting.com\/es\/producto\/killers-united-81\/\" \/>\n<meta property=\"og:locale\" content=\"es_ES\" \/>\n<meta property=\"og:type\" content=\"article\" \/>\n<meta property=\"og:title\" content=\"IRON MAIDEN - Killers United &#039;81 -  (LP) | Guerssen\" \/>\n<meta property=\"og:description\" content=\"Iron Maiden are pioneers of the new wave of British heavy metal, becoming hugely successful in the early 80&#039;s. The band released a series of UK and US platinum and gold albums, including their 1980 debut album &#039;Iron Maiden&#039; and 1981&#039;s &#039;Killers&#039;. This is them on their first world tour, the last one with lead singer Paul Di&#039;Anno, who was kicked out of the band after this tour for his extreme drug abuse. Throughout their career, the band&#039;s style has remained largely unchanged and despite a lack of mainstream radio airplay they have remained consistently popular.\" \/>\n<meta property=\"og:url\" content=\"https:\/\/wpguerssen-test.odoo.rgbconsulting.com\/es\/producto\/killers-united-81\/\" \/>\n<meta property=\"og:site_name\" content=\"Guerssen records\" \/>\n<meta property=\"article:modified_time\" content=\"2025-02-20T17:31:58+00:00\" \/>\n<meta property=\"og:image\" content=\"https:\/\/wpguerssen-test.odoo.rgbconsulting.com\/wp-content\/uploads\/2022\/10\/42010.jpg\" \/>\n\t<meta property=\"og:image:width\" content=\"300\" \/>\n\t<meta property=\"og:image:height\" content=\"300\" \/>\n\t<meta property=\"og:image:type\" content=\"image\/jpeg\" \/>\n<meta name=\"twitter:card\" content=\"summary_large_image\" \/>\n<meta name=\"twitter:title\" content=\"IRON MAIDEN - Killers United &#039;81 -  (LP) | Guerssen\" \/>\n<meta name=\"twitter:label1\" content=\"Tiempo de lectura\" \/>\n\t<meta name=\"twitter:data1\" content=\"1 minuto\" \/>\n<script type=\"application\/ld+json\" class=\"yoast-schema-graph\">{\"@context\":\"https:\/\/schema.org\",\"@graph\":[{\"@type\":\"WebPage\",\"@id\":\"https:\/\/wpguerssen-test.odoo.rgbconsulting.com\/es\/producto\/killers-united-81\/\",\"url\":\"https:\/\/wpguerssen-test.odoo.rgbconsulting.com\/es\/producto\/killers-united-81\/\",\"name\":\"IRON MAIDEN - Killers United '81 - (LP) | Guerssen\",\"isPartOf\":{\"@id\":\"https:\/\/wpguerssen-test.odoo.rgbconsulting.com\/es\/#website\"},\"primaryImageOfPage\":{\"@id\":\"https:\/\/wpguerssen-test.odoo.rgbconsulting.com\/es\/producto\/killers-united-81\/#primaryimage\"},\"image\":{\"@id\":\"https:\/\/wpguerssen-test.odoo.rgbconsulting.com\/es\/producto\/killers-united-81\/#primaryimage\"},\"thumbnailUrl\":\"https:\/\/wpguerssen-test.odoo.rgbconsulting.com\/wp-content\/uploads\/2022\/10\/42010.jpg\",\"datePublished\":\"2022-11-17T23:00:00+00:00\",\"dateModified\":\"2025-02-20T17:31:58+00:00\",\"description\":\"Iron Maiden are pioneers of the new wave of British heavy metal, becoming hugely successful in the early 80's. The band released a series of UK and US platinum and gold albums, including their 1980 debut album 'Iron Maiden' and 1981's 'Killers'. This is them on their first world tour, the last one with lead singer Paul Di'Anno, who was kicked out of the band after this tour for his extreme drug abuse. Throughout their career, the band's style has remained largely unchanged and despite a lack of mainstream radio airplay they have remained consistently popular.\",\"breadcrumb\":{\"@id\":\"https:\/\/wpguerssen-test.odoo.rgbconsulting.com\/es\/producto\/killers-united-81\/#breadcrumb\"},\"inLanguage\":\"es\",\"potentialAction\":[{\"@type\":\"ReadAction\",\"target\":[\"https:\/\/wpguerssen-test.odoo.rgbconsulting.com\/es\/producto\/killers-united-81\/\"]}]},{\"@type\":\"ImageObject\",\"inLanguage\":\"es\",\"@id\":\"https:\/\/wpguerssen-test.odoo.rgbconsulting.com\/es\/producto\/killers-united-81\/#primaryimage\",\"url\":\"https:\/\/wpguerssen-test.odoo.rgbconsulting.com\/wp-content\/uploads\/2022\/10\/42010.jpg\",\"contentUrl\":\"https:\/\/wpguerssen-test.odoo.rgbconsulting.com\/wp-content\/uploads\/2022\/10\/42010.jpg\",\"width\":300,\"height\":300},{\"@type\":\"BreadcrumbList\",\"@id\":\"https:\/\/wpguerssen-test.odoo.rgbconsulting.com\/es\/producto\/killers-united-81\/#breadcrumb\",\"itemListElement\":[{\"@type\":\"ListItem\",\"position\":1,\"name\":\"Inicio\",\"item\":\"https:\/\/wpguerssen-test.odoo.rgbconsulting.com\/es\/\"},{\"@type\":\"ListItem\",\"position\":2,\"name\":\"Shop\",\"item\":\"https:\/\/wpguerssen-test.odoo.rgbconsulting.com\/shop\/\"},{\"@type\":\"ListItem\",\"position\":3,\"name\":\"Killers United &#8217;81\"}]},{\"@type\":\"WebSite\",\"@id\":\"https:\/\/wpguerssen-test.odoo.rgbconsulting.com\/es\/#website\",\"url\":\"https:\/\/wpguerssen-test.odoo.rgbconsulting.com\/es\/\",\"name\":\"Guerssen records\",\"description\":\"psychedelia - progressive - folk - garage \",\"publisher\":{\"@id\":\"https:\/\/wpguerssen-test.odoo.rgbconsulting.com\/es\/#organization\"},\"potentialAction\":[{\"@type\":\"SearchAction\",\"target\":{\"@type\":\"EntryPoint\",\"urlTemplate\":\"https:\/\/wpguerssen-test.odoo.rgbconsulting.com\/es\/?s={search_term_string}\"},\"query-input\":{\"@type\":\"PropertyValueSpecification\",\"valueRequired\":true,\"valueName\":\"search_term_string\"}}],\"inLanguage\":\"es\"},{\"@type\":\"Organization\",\"@id\":\"https:\/\/wpguerssen-test.odoo.rgbconsulting.com\/es\/#organization\",\"name\":\"Guerssen records\",\"url\":\"https:\/\/wpguerssen-test.odoo.rgbconsulting.com\/es\/\",\"logo\":{\"@type\":\"ImageObject\",\"inLanguage\":\"es\",\"@id\":\"https:\/\/wpguerssen-test.odoo.rgbconsulting.com\/es\/#\/schema\/logo\/image\/\",\"url\":\"https:\/\/wpguerssen-test.odoo.rgbconsulting.com\/wp-content\/uploads\/2022\/04\/Logo_Guerssen_trans_100.png\",\"contentUrl\":\"https:\/\/wpguerssen-test.odoo.rgbconsulting.com\/wp-content\/uploads\/2022\/04\/Logo_Guerssen_trans_100.png\",\"width\":122,\"height\":100,\"caption\":\"Guerssen records\"},\"image\":{\"@id\":\"https:\/\/wpguerssen-test.odoo.rgbconsulting.com\/es\/#\/schema\/logo\/image\/\"}}]}<\/script>\n<!-- \/ Yoast SEO plugin. -->","yoast_head_json":{"title":"IRON MAIDEN - Killers United '81 -  (LP) | Guerssen","description":"Iron Maiden are pioneers of the new wave of British heavy metal, becoming hugely successful in the early 80's. The band released a series of UK and US platinum and gold albums, including their 1980 debut album 'Iron Maiden' and 1981's 'Killers'. This is them on their first world tour, the last one with lead singer Paul Di'Anno, who was kicked out of the band after this tour for his extreme drug abuse. Throughout their career, the band's style has remained largely unchanged and despite a lack of mainstream radio airplay they have remained consistently popular.","robots":{"index":"index","follow":"follow","max-snippet":"max-snippet:-1","max-image-preview":"max-image-preview:large","max-video-preview":"max-video-preview:-1"},"canonical":"https:\/\/wpguerssen-test.odoo.rgbconsulting.com\/es\/producto\/killers-united-81\/","og_locale":"es_ES","og_type":"article","og_title":"IRON MAIDEN - Killers United '81 -  (LP) | Guerssen","og_description":"Iron Maiden are pioneers of the new wave of British heavy metal, becoming hugely successful in the early 80's. The band released a series of UK and US platinum and gold albums, including their 1980 debut album 'Iron Maiden' and 1981's 'Killers'. This is them on their first world tour, the last one with lead singer Paul Di'Anno, who was kicked out of the band after this tour for his extreme drug abuse. Throughout their career, the band's style has remained largely unchanged and despite a lack of mainstream radio airplay they have remained consistently popular.","og_url":"https:\/\/wpguerssen-test.odoo.rgbconsulting.com\/es\/producto\/killers-united-81\/","og_site_name":"Guerssen records","article_modified_time":"2025-02-20T17:31:58+00:00","og_image":[{"width":300,"height":300,"url":"https:\/\/wpguerssen-test.odoo.rgbconsulting.com\/wp-content\/uploads\/2022\/10\/42010.jpg","type":"image\/jpeg"}],"twitter_card":"summary_large_image","twitter_title":"IRON MAIDEN - Killers United '81 -  (LP) | Guerssen","twitter_misc":{"Tiempo de lectura":"1 minuto"},"schema":{"@context":"https:\/\/schema.org","@graph":[{"@type":"WebPage","@id":"https:\/\/wpguerssen-test.odoo.rgbconsulting.com\/es\/producto\/killers-united-81\/","url":"https:\/\/wpguerssen-test.odoo.rgbconsulting.com\/es\/producto\/killers-united-81\/","name":"IRON MAIDEN - Killers United '81 - (LP) | Guerssen","isPartOf":{"@id":"https:\/\/wpguerssen-test.odoo.rgbconsulting.com\/es\/#website"},"primaryImageOfPage":{"@id":"https:\/\/wpguerssen-test.odoo.rgbconsulting.com\/es\/producto\/killers-united-81\/#primaryimage"},"image":{"@id":"https:\/\/wpguerssen-test.odoo.rgbconsulting.com\/es\/producto\/killers-united-81\/#primaryimage"},"thumbnailUrl":"https:\/\/wpguerssen-test.odoo.rgbconsulting.com\/wp-content\/uploads\/2022\/10\/42010.jpg","datePublished":"2022-11-17T23:00:00+00:00","dateModified":"2025-02-20T17:31:58+00:00","description":"Iron Maiden are pioneers of the new wave of British heavy metal, becoming hugely successful in the early 80's. The band released a series of UK and US platinum and gold albums, including their 1980 debut album 'Iron Maiden' and 1981's 'Killers'. This is them on their first world tour, the last one with lead singer Paul Di'Anno, who was kicked out of the band after this tour for his extreme drug abuse. Throughout their career, the band's style has remained largely unchanged and despite a lack of mainstream radio airplay they have remained consistently popular.","breadcrumb":{"@id":"https:\/\/wpguerssen-test.odoo.rgbconsulting.com\/es\/producto\/killers-united-81\/#breadcrumb"},"inLanguage":"es","potentialAction":[{"@type":"ReadAction","target":["https:\/\/wpguerssen-test.odoo.rgbconsulting.com\/es\/producto\/killers-united-81\/"]}]},{"@type":"ImageObject","inLanguage":"es","@id":"https:\/\/wpguerssen-test.odoo.rgbconsulting.com\/es\/producto\/killers-united-81\/#primaryimage","url":"https:\/\/wpguerssen-test.odoo.rgbconsulting.com\/wp-content\/uploads\/2022\/10\/42010.jpg","contentUrl":"https:\/\/wpguerssen-test.odoo.rgbconsulting.com\/wp-content\/uploads\/2022\/10\/42010.jpg","width":300,"height":300},{"@type":"BreadcrumbList","@id":"https:\/\/wpguerssen-test.odoo.rgbconsulting.com\/es\/producto\/killers-united-81\/#breadcrumb","itemListElement":[{"@type":"ListItem","position":1,"name":"Inicio","item":"https:\/\/wpguerssen-test.odoo.rgbconsulting.com\/es\/"},{"@type":"ListItem","position":2,"name":"Shop","item":"https:\/\/wpguerssen-test.odoo.rgbconsulting.com\/shop\/"},{"@type":"ListItem","position":3,"name":"Killers United &#8217;81"}]},{"@type":"WebSite","@id":"https:\/\/wpguerssen-test.odoo.rgbconsulting.com\/es\/#website","url":"https:\/\/wpguerssen-test.odoo.rgbconsulting.com\/es\/","name":"Guerssen records","description":"psychedelia - progressive - folk - garage ","publisher":{"@id":"https:\/\/wpguerssen-test.odoo.rgbconsulting.com\/es\/#organization"},"potentialAction":[{"@type":"SearchAction","target":{"@type":"EntryPoint","urlTemplate":"https:\/\/wpguerssen-test.odoo.rgbconsulting.com\/es\/?s={search_term_string}"},"query-input":{"@type":"PropertyValueSpecification","valueRequired":true,"valueName":"search_term_string"}}],"inLanguage":"es"},{"@type":"Organization","@id":"https:\/\/wpguerssen-test.odoo.rgbconsulting.com\/es\/#organization","name":"Guerssen records","url":"https:\/\/wpguerssen-test.odoo.rgbconsulting.com\/es\/","logo":{"@type":"ImageObject","inLanguage":"es","@id":"https:\/\/wpguerssen-test.odoo.rgbconsulting.com\/es\/#\/schema\/logo\/image\/","url":"https:\/\/wpguerssen-test.odoo.rgbconsulting.com\/wp-content\/uploads\/2022\/04\/Logo_Guerssen_trans_100.png","contentUrl":"https:\/\/wpguerssen-test.odoo.rgbconsulting.com\/wp-content\/uploads\/2022\/04\/Logo_Guerssen_trans_100.png","width":122,"height":100,"caption":"Guerssen records"},"image":{"@id":"https:\/\/wpguerssen-test.odoo.rgbconsulting.com\/es\/#\/schema\/logo\/image\/"}}]}},"_links":{"self":[{"href":"https:\/\/wpguerssen-test.odoo.rgbconsulting.com\/es\/wp-json\/wp\/v2\/product\/261740","targetHints":{"allow":["GET"]}}],"collection":[{"href":"https:\/\/wpguerssen-test.odoo.rgbconsulting.com\/es\/wp-json\/wp\/v2\/product"}],"about":[{"href":"https:\/\/wpguerssen-test.odoo.rgbconsulting.com\/es\/wp-json\/wp\/v2\/types\/product"}],"wp:featuredmedia":[{"embeddable":true,"href":"https:\/\/wpguerssen-test.odoo.rgbconsulting.com\/es\/wp-json\/wp\/v2\/media\/218876"}],"wp:attachment":[{"href":"https:\/\/wpguerssen-test.odoo.rgbconsulting.com\/es\/wp-json\/wp\/v2\/media?parent=261740"}],"wp:term":[{"taxonomy":"product_brand","embeddable":true,"href":"https:\/\/wpguerssen-test.odoo.rgbconsulting.com\/es\/wp-json\/wp\/v2\/product_brand?post=261740"},{"taxonomy":"product_cat","embeddable":true,"href":"https:\/\/wpguerssen-test.odoo.rgbconsulting.com\/es\/wp-json\/wp\/v2\/product_cat?post=261740"},{"taxonomy":"product_tag","embeddable":true,"href":"https:\/\/wpguerssen-test.odoo.rgbconsulting.com\/es\/wp-json\/wp\/v2\/product_tag?post=261740"}],"curies":[{"name":"wp","href":"https:\/\/api.w.org\/{rel}","templated":true}]}}