{"id":261742,"date":"2024-03-25T00:00:00","date_gmt":"2024-03-24T23:00:00","guid":{"rendered":"https:\/\/wpguerssen-test.odoo.rgbconsulting.com\/product\/cold-heat-heavy-funk-rarities-1968-74\/"},"modified":"2024-11-25T15:25:41","modified_gmt":"2024-11-25T14:25:41","slug":"cold-heat-heavy-funk-rarities-1968-74","status":"publish","type":"product","link":"https:\/\/wpguerssen-test.odoo.rgbconsulting.com\/es\/producto\/cold-heat-heavy-funk-rarities-1968-74\/","title":{"rendered":"Cold Heat: Heavy Funk rarities 1968-74"},"content":{"rendered":"<p>15 rarezas de heavy funk presentadas como un LP doble<br \/>Cold Heat es la continuaci\u00f3n del famoso set Funky 16 Corners a principios de la d\u00e9cada de 2000. Y al igual que ese, Cold Heat est\u00e1 repleto de grandes fragmentos que apenas (o nunca) hab\u00edan sido escuchados por el resto del mundo en general. Egon revis\u00f3 una variedad de sencillos, masters y demos raros y compil\u00f3 melod\u00edas que arden con un brillo innegable.<\/p>\n","protected":false},"excerpt":{"rendered":"<p>15 rarezas de heavy funk presentadas como un LP doble<br \/>Cold Heat es la continuaci\u00f3n del famoso set Funky 16 Corners a principios de la d\u00e9cada de 2000. Y al igual<a class=\"read\" href=\"https:\/\/wpguerssen-test.odoo.rgbconsulting.com\/es\/producto\/cold-heat-heavy-funk-rarities-1968-74\/\"> (...)<\/a>","protected":false},"featured_media":261707,"template":"","meta":{"_acf_changed":false},"product_brand":[],"product_cat":[21649,23219],"product_tag":[],"class_list":{"0":"post-261742","1":"product","2":"type-product","3":"status-publish","4":"has-post-thumbnail","6":"product_cat-soul-rnb-es","7":"product_cat-funk-es","8":"pa_artist-various-artists-es","9":"pa_format-2lp-es","10":"pa_gender-soul-rnb-funk","11":"pa_label-now-again","12":"pa_location-north-america-es","13":"pa_other-filters-vinyl-only-es","15":"first","16":"instock","17":"taxable","18":"shipping-taxable","19":"purchasable","20":"product-type-simple"},"acf":[],"yoast_head":"<!-- This site is optimized with the Yoast SEO plugin v24.9 - https:\/\/yoast.com\/wordpress\/plugins\/seo\/ -->\n<title>VARIOUS ARTISTS - Cold Heat: Heavy Funk rarities 1968-74 -  (2LP) | Guerssen<\/title>\n<meta name=\"description\" content=\"15 Heavy Funk Rarities Presented As A Double LPCold Heat is Eothen &quot;Egon&quot; Alapatt&#039;s a follow-up to the famous Funky 16 Corners sethe curated in the early 2000s. And like that one, Cold Heat is overflowing with great bits that had barely (or never) been heard by the rest of the world at large. Egon went through a range of rare singles, masters, and demos and came up with tunes that burn with a brightness that&#039;s undeniable.The grooves are all on the harder end of the James Brown Funky People side of the spectrum and some tracks are by names that finally got their due here, thanks to Egon, Now-Again, and some of the other funky forces doing the good work over the years.\" \/>\n<meta name=\"robots\" content=\"index, follow, max-snippet:-1, max-image-preview:large, max-video-preview:-1\" \/>\n<link rel=\"canonical\" href=\"https:\/\/wpguerssen-test.odoo.rgbconsulting.com\/es\/producto\/cold-heat-heavy-funk-rarities-1968-74\/\" \/>\n<meta property=\"og:locale\" content=\"es_ES\" \/>\n<meta property=\"og:type\" content=\"article\" \/>\n<meta property=\"og:title\" content=\"VARIOUS ARTISTS - Cold Heat: Heavy Funk rarities 1968-74 -  (2LP) | Guerssen\" \/>\n<meta property=\"og:description\" content=\"15 Heavy Funk Rarities Presented As A Double LPCold Heat is Eothen &quot;Egon&quot; Alapatt&#039;s a follow-up to the famous Funky 16 Corners sethe curated in the early 2000s. And like that one, Cold Heat is overflowing with great bits that had barely (or never) been heard by the rest of the world at large. Egon went through a range of rare singles, masters, and demos and came up with tunes that burn with a brightness that&#039;s undeniable.The grooves are all on the harder end of the James Brown Funky People side of the spectrum and some tracks are by names that finally got their due here, thanks to Egon, Now-Again, and some of the other funky forces doing the good work over the years.\" \/>\n<meta property=\"og:url\" content=\"https:\/\/wpguerssen-test.odoo.rgbconsulting.com\/es\/producto\/cold-heat-heavy-funk-rarities-1968-74\/\" \/>\n<meta property=\"og:site_name\" content=\"Guerssen records\" \/>\n<meta property=\"article:modified_time\" content=\"2024-11-25T14:25:41+00:00\" \/>\n<meta property=\"og:image\" content=\"https:\/\/wpguerssen-test.odoo.rgbconsulting.com\/wp-content\/uploads\/2024\/03\/47209.jpg\" \/>\n\t<meta property=\"og:image:width\" content=\"400\" \/>\n\t<meta property=\"og:image:height\" content=\"400\" \/>\n\t<meta property=\"og:image:type\" content=\"image\/jpeg\" \/>\n<meta name=\"twitter:card\" content=\"summary_large_image\" \/>\n<meta name=\"twitter:title\" content=\"VARIOUS ARTISTS - Cold Heat: Heavy Funk rarities 1968-74 -  (2LP) | Guerssen\" \/>\n<script type=\"application\/ld+json\" class=\"yoast-schema-graph\">{\"@context\":\"https:\/\/schema.org\",\"@graph\":[{\"@type\":\"WebPage\",\"@id\":\"https:\/\/wpguerssen-test.odoo.rgbconsulting.com\/es\/producto\/cold-heat-heavy-funk-rarities-1968-74\/\",\"url\":\"https:\/\/wpguerssen-test.odoo.rgbconsulting.com\/es\/producto\/cold-heat-heavy-funk-rarities-1968-74\/\",\"name\":\"VARIOUS ARTISTS - Cold Heat: Heavy Funk rarities 1968-74 - (2LP) | Guerssen\",\"isPartOf\":{\"@id\":\"https:\/\/wpguerssen-test.odoo.rgbconsulting.com\/es\/#website\"},\"primaryImageOfPage\":{\"@id\":\"https:\/\/wpguerssen-test.odoo.rgbconsulting.com\/es\/producto\/cold-heat-heavy-funk-rarities-1968-74\/#primaryimage\"},\"image\":{\"@id\":\"https:\/\/wpguerssen-test.odoo.rgbconsulting.com\/es\/producto\/cold-heat-heavy-funk-rarities-1968-74\/#primaryimage\"},\"thumbnailUrl\":\"https:\/\/wpguerssen-test.odoo.rgbconsulting.com\/wp-content\/uploads\/2024\/03\/47209.jpg\",\"datePublished\":\"2024-03-24T23:00:00+00:00\",\"dateModified\":\"2024-11-25T14:25:41+00:00\",\"description\":\"15 Heavy Funk Rarities Presented As A Double LPCold Heat is Eothen \\\"Egon\\\" Alapatt's a follow-up to the famous Funky 16 Corners sethe curated in the early 2000s. And like that one, Cold Heat is overflowing with great bits that had barely (or never) been heard by the rest of the world at large. Egon went through a range of rare singles, masters, and demos and came up with tunes that burn with a brightness that's undeniable.The grooves are all on the harder end of the James Brown Funky People side of the spectrum and some tracks are by names that finally got their due here, thanks to Egon, Now-Again, and some of the other funky forces doing the good work over the years.\",\"breadcrumb\":{\"@id\":\"https:\/\/wpguerssen-test.odoo.rgbconsulting.com\/es\/producto\/cold-heat-heavy-funk-rarities-1968-74\/#breadcrumb\"},\"inLanguage\":\"es\",\"potentialAction\":[{\"@type\":\"ReadAction\",\"target\":[\"https:\/\/wpguerssen-test.odoo.rgbconsulting.com\/es\/producto\/cold-heat-heavy-funk-rarities-1968-74\/\"]}]},{\"@type\":\"ImageObject\",\"inLanguage\":\"es\",\"@id\":\"https:\/\/wpguerssen-test.odoo.rgbconsulting.com\/es\/producto\/cold-heat-heavy-funk-rarities-1968-74\/#primaryimage\",\"url\":\"https:\/\/wpguerssen-test.odoo.rgbconsulting.com\/wp-content\/uploads\/2024\/03\/47209.jpg\",\"contentUrl\":\"https:\/\/wpguerssen-test.odoo.rgbconsulting.com\/wp-content\/uploads\/2024\/03\/47209.jpg\",\"width\":400,\"height\":400},{\"@type\":\"BreadcrumbList\",\"@id\":\"https:\/\/wpguerssen-test.odoo.rgbconsulting.com\/es\/producto\/cold-heat-heavy-funk-rarities-1968-74\/#breadcrumb\",\"itemListElement\":[{\"@type\":\"ListItem\",\"position\":1,\"name\":\"Inicio\",\"item\":\"https:\/\/wpguerssen-test.odoo.rgbconsulting.com\/es\/\"},{\"@type\":\"ListItem\",\"position\":2,\"name\":\"Shop\",\"item\":\"https:\/\/wpguerssen-test.odoo.rgbconsulting.com\/shop\/\"},{\"@type\":\"ListItem\",\"position\":3,\"name\":\"Cold Heat: Heavy Funk rarities 1968-74\"}]},{\"@type\":\"WebSite\",\"@id\":\"https:\/\/wpguerssen-test.odoo.rgbconsulting.com\/es\/#website\",\"url\":\"https:\/\/wpguerssen-test.odoo.rgbconsulting.com\/es\/\",\"name\":\"Guerssen records\",\"description\":\"psychedelia - progressive - folk - garage \",\"publisher\":{\"@id\":\"https:\/\/wpguerssen-test.odoo.rgbconsulting.com\/es\/#organization\"},\"potentialAction\":[{\"@type\":\"SearchAction\",\"target\":{\"@type\":\"EntryPoint\",\"urlTemplate\":\"https:\/\/wpguerssen-test.odoo.rgbconsulting.com\/es\/?s={search_term_string}\"},\"query-input\":{\"@type\":\"PropertyValueSpecification\",\"valueRequired\":true,\"valueName\":\"search_term_string\"}}],\"inLanguage\":\"es\"},{\"@type\":\"Organization\",\"@id\":\"https:\/\/wpguerssen-test.odoo.rgbconsulting.com\/es\/#organization\",\"name\":\"Guerssen records\",\"url\":\"https:\/\/wpguerssen-test.odoo.rgbconsulting.com\/es\/\",\"logo\":{\"@type\":\"ImageObject\",\"inLanguage\":\"es\",\"@id\":\"https:\/\/wpguerssen-test.odoo.rgbconsulting.com\/es\/#\/schema\/logo\/image\/\",\"url\":\"https:\/\/wpguerssen-test.odoo.rgbconsulting.com\/wp-content\/uploads\/2022\/04\/Logo_Guerssen_trans_100.png\",\"contentUrl\":\"https:\/\/wpguerssen-test.odoo.rgbconsulting.com\/wp-content\/uploads\/2022\/04\/Logo_Guerssen_trans_100.png\",\"width\":122,\"height\":100,\"caption\":\"Guerssen records\"},\"image\":{\"@id\":\"https:\/\/wpguerssen-test.odoo.rgbconsulting.com\/es\/#\/schema\/logo\/image\/\"}}]}<\/script>\n<!-- \/ Yoast SEO plugin. -->","yoast_head_json":{"title":"VARIOUS ARTISTS - Cold Heat: Heavy Funk rarities 1968-74 -  (2LP) | Guerssen","description":"15 Heavy Funk Rarities Presented As A Double LPCold Heat is Eothen \"Egon\" Alapatt's a follow-up to the famous Funky 16 Corners sethe curated in the early 2000s. And like that one, Cold Heat is overflowing with great bits that had barely (or never) been heard by the rest of the world at large. Egon went through a range of rare singles, masters, and demos and came up with tunes that burn with a brightness that's undeniable.The grooves are all on the harder end of the James Brown Funky People side of the spectrum and some tracks are by names that finally got their due here, thanks to Egon, Now-Again, and some of the other funky forces doing the good work over the years.","robots":{"index":"index","follow":"follow","max-snippet":"max-snippet:-1","max-image-preview":"max-image-preview:large","max-video-preview":"max-video-preview:-1"},"canonical":"https:\/\/wpguerssen-test.odoo.rgbconsulting.com\/es\/producto\/cold-heat-heavy-funk-rarities-1968-74\/","og_locale":"es_ES","og_type":"article","og_title":"VARIOUS ARTISTS - Cold Heat: Heavy Funk rarities 1968-74 -  (2LP) | Guerssen","og_description":"15 Heavy Funk Rarities Presented As A Double LPCold Heat is Eothen \"Egon\" Alapatt's a follow-up to the famous Funky 16 Corners sethe curated in the early 2000s. And like that one, Cold Heat is overflowing with great bits that had barely (or never) been heard by the rest of the world at large. Egon went through a range of rare singles, masters, and demos and came up with tunes that burn with a brightness that's undeniable.The grooves are all on the harder end of the James Brown Funky People side of the spectrum and some tracks are by names that finally got their due here, thanks to Egon, Now-Again, and some of the other funky forces doing the good work over the years.","og_url":"https:\/\/wpguerssen-test.odoo.rgbconsulting.com\/es\/producto\/cold-heat-heavy-funk-rarities-1968-74\/","og_site_name":"Guerssen records","article_modified_time":"2024-11-25T14:25:41+00:00","og_image":[{"width":400,"height":400,"url":"https:\/\/wpguerssen-test.odoo.rgbconsulting.com\/wp-content\/uploads\/2024\/03\/47209.jpg","type":"image\/jpeg"}],"twitter_card":"summary_large_image","twitter_title":"VARIOUS ARTISTS - Cold Heat: Heavy Funk rarities 1968-74 -  (2LP) | Guerssen","schema":{"@context":"https:\/\/schema.org","@graph":[{"@type":"WebPage","@id":"https:\/\/wpguerssen-test.odoo.rgbconsulting.com\/es\/producto\/cold-heat-heavy-funk-rarities-1968-74\/","url":"https:\/\/wpguerssen-test.odoo.rgbconsulting.com\/es\/producto\/cold-heat-heavy-funk-rarities-1968-74\/","name":"VARIOUS ARTISTS - Cold Heat: Heavy Funk rarities 1968-74 - (2LP) | Guerssen","isPartOf":{"@id":"https:\/\/wpguerssen-test.odoo.rgbconsulting.com\/es\/#website"},"primaryImageOfPage":{"@id":"https:\/\/wpguerssen-test.odoo.rgbconsulting.com\/es\/producto\/cold-heat-heavy-funk-rarities-1968-74\/#primaryimage"},"image":{"@id":"https:\/\/wpguerssen-test.odoo.rgbconsulting.com\/es\/producto\/cold-heat-heavy-funk-rarities-1968-74\/#primaryimage"},"thumbnailUrl":"https:\/\/wpguerssen-test.odoo.rgbconsulting.com\/wp-content\/uploads\/2024\/03\/47209.jpg","datePublished":"2024-03-24T23:00:00+00:00","dateModified":"2024-11-25T14:25:41+00:00","description":"15 Heavy Funk Rarities Presented As A Double LPCold Heat is Eothen \"Egon\" Alapatt's a follow-up to the famous Funky 16 Corners sethe curated in the early 2000s. And like that one, Cold Heat is overflowing with great bits that had barely (or never) been heard by the rest of the world at large. Egon went through a range of rare singles, masters, and demos and came up with tunes that burn with a brightness that's undeniable.The grooves are all on the harder end of the James Brown Funky People side of the spectrum and some tracks are by names that finally got their due here, thanks to Egon, Now-Again, and some of the other funky forces doing the good work over the years.","breadcrumb":{"@id":"https:\/\/wpguerssen-test.odoo.rgbconsulting.com\/es\/producto\/cold-heat-heavy-funk-rarities-1968-74\/#breadcrumb"},"inLanguage":"es","potentialAction":[{"@type":"ReadAction","target":["https:\/\/wpguerssen-test.odoo.rgbconsulting.com\/es\/producto\/cold-heat-heavy-funk-rarities-1968-74\/"]}]},{"@type":"ImageObject","inLanguage":"es","@id":"https:\/\/wpguerssen-test.odoo.rgbconsulting.com\/es\/producto\/cold-heat-heavy-funk-rarities-1968-74\/#primaryimage","url":"https:\/\/wpguerssen-test.odoo.rgbconsulting.com\/wp-content\/uploads\/2024\/03\/47209.jpg","contentUrl":"https:\/\/wpguerssen-test.odoo.rgbconsulting.com\/wp-content\/uploads\/2024\/03\/47209.jpg","width":400,"height":400},{"@type":"BreadcrumbList","@id":"https:\/\/wpguerssen-test.odoo.rgbconsulting.com\/es\/producto\/cold-heat-heavy-funk-rarities-1968-74\/#breadcrumb","itemListElement":[{"@type":"ListItem","position":1,"name":"Inicio","item":"https:\/\/wpguerssen-test.odoo.rgbconsulting.com\/es\/"},{"@type":"ListItem","position":2,"name":"Shop","item":"https:\/\/wpguerssen-test.odoo.rgbconsulting.com\/shop\/"},{"@type":"ListItem","position":3,"name":"Cold Heat: Heavy Funk rarities 1968-74"}]},{"@type":"WebSite","@id":"https:\/\/wpguerssen-test.odoo.rgbconsulting.com\/es\/#website","url":"https:\/\/wpguerssen-test.odoo.rgbconsulting.com\/es\/","name":"Guerssen records","description":"psychedelia - progressive - folk - garage ","publisher":{"@id":"https:\/\/wpguerssen-test.odoo.rgbconsulting.com\/es\/#organization"},"potentialAction":[{"@type":"SearchAction","target":{"@type":"EntryPoint","urlTemplate":"https:\/\/wpguerssen-test.odoo.rgbconsulting.com\/es\/?s={search_term_string}"},"query-input":{"@type":"PropertyValueSpecification","valueRequired":true,"valueName":"search_term_string"}}],"inLanguage":"es"},{"@type":"Organization","@id":"https:\/\/wpguerssen-test.odoo.rgbconsulting.com\/es\/#organization","name":"Guerssen records","url":"https:\/\/wpguerssen-test.odoo.rgbconsulting.com\/es\/","logo":{"@type":"ImageObject","inLanguage":"es","@id":"https:\/\/wpguerssen-test.odoo.rgbconsulting.com\/es\/#\/schema\/logo\/image\/","url":"https:\/\/wpguerssen-test.odoo.rgbconsulting.com\/wp-content\/uploads\/2022\/04\/Logo_Guerssen_trans_100.png","contentUrl":"https:\/\/wpguerssen-test.odoo.rgbconsulting.com\/wp-content\/uploads\/2022\/04\/Logo_Guerssen_trans_100.png","width":122,"height":100,"caption":"Guerssen records"},"image":{"@id":"https:\/\/wpguerssen-test.odoo.rgbconsulting.com\/es\/#\/schema\/logo\/image\/"}}]}},"_links":{"self":[{"href":"https:\/\/wpguerssen-test.odoo.rgbconsulting.com\/es\/wp-json\/wp\/v2\/product\/261742","targetHints":{"allow":["GET"]}}],"collection":[{"href":"https:\/\/wpguerssen-test.odoo.rgbconsulting.com\/es\/wp-json\/wp\/v2\/product"}],"about":[{"href":"https:\/\/wpguerssen-test.odoo.rgbconsulting.com\/es\/wp-json\/wp\/v2\/types\/product"}],"wp:featuredmedia":[{"embeddable":true,"href":"https:\/\/wpguerssen-test.odoo.rgbconsulting.com\/es\/wp-json\/wp\/v2\/media\/261707"}],"wp:attachment":[{"href":"https:\/\/wpguerssen-test.odoo.rgbconsulting.com\/es\/wp-json\/wp\/v2\/media?parent=261742"}],"wp:term":[{"taxonomy":"product_brand","embeddable":true,"href":"https:\/\/wpguerssen-test.odoo.rgbconsulting.com\/es\/wp-json\/wp\/v2\/product_brand?post=261742"},{"taxonomy":"product_cat","embeddable":true,"href":"https:\/\/wpguerssen-test.odoo.rgbconsulting.com\/es\/wp-json\/wp\/v2\/product_cat?post=261742"},{"taxonomy":"product_tag","embeddable":true,"href":"https:\/\/wpguerssen-test.odoo.rgbconsulting.com\/es\/wp-json\/wp\/v2\/product_tag?post=261742"}],"curies":[{"name":"wp","href":"https:\/\/api.w.org\/{rel}","templated":true}]}}