{"id":261749,"date":"2024-04-02T00:00:00","date_gmt":"2024-04-01T22:00:00","guid":{"rendered":"https:\/\/wpguerssen-test.odoo.rgbconsulting.com\/product\/solaris\/"},"modified":"2024-09-03T16:22:04","modified_gmt":"2024-09-03T14:22:04","slug":"solaris","status":"publish","type":"product","link":"https:\/\/wpguerssen-test.odoo.rgbconsulting.com\/es\/producto\/solaris\/","title":{"rendered":"Solaris"},"content":{"rendered":"<p>REPRESS. Grabaci\u00f3n de Edward Artemiev de su partitura para la pel\u00edcula cl\u00e1sica de Andrei Tarkovsky de 1972 \u00bf\u00bf\u00bf\u00bf\u00bf\u00bf\u00bf (Solaris), reeditada en vinilo de 180 gramos. Cuando Artemiev grab\u00f3 esta partitura en Mosc\u00fa en 1989 y 1990, no hab\u00eda ediciones leg\u00edtimamente disponibles de la banda sonora original. Artemiev decidi\u00f3 llenar ese vac\u00edo con esta grabaci\u00f3n, publicada en Torso Kino en los Pa\u00edses Bajos como parte de un doble LP de 1990 que tambi\u00e9n contiene regrabaciones de las partituras de Artemiev para \u00bf\u00bf\u00bf\u00bf\u00bf\u00bf\u00bf (Mirror) (1975) y \u00bf\u00bf\u00bf\u00bf\u00bf\u00bf\u00bf (Stalker) (1979). ). Este conjunto ya est\u00e1 agotado y Mirumir se complace en presentar la colecci\u00f3n en dos lanzamientos LP separados, remasterizados, con nuevas ilustraciones y con licencia oficial del propio artista.<\/p>\n","protected":false},"excerpt":{"rendered":"<p>REPRESS. Grabaci\u00f3n de Edward Artemiev de su partitura para la pel\u00edcula cl\u00e1sica de Andrei Tarkovsky de 1972 \u00bf\u00bf\u00bf\u00bf\u00bf\u00bf\u00bf (Solaris), reeditada en vinilo de 180<a class=\"read\" href=\"https:\/\/wpguerssen-test.odoo.rgbconsulting.com\/es\/producto\/solaris\/\"> (...)<\/a>","protected":false},"featured_media":261798,"template":"","meta":{"_acf_changed":false},"product_brand":[],"product_cat":[21641],"product_tag":[],"class_list":{"0":"post-261749","1":"product","2":"type-product","3":"status-publish","4":"has-post-thumbnail","6":"product_cat-soundtracks-es","7":"pa_artist-artemiev-edward","8":"pa_format-lp-es","9":"pa_gender-soundtracks","10":"pa_label-mirumir","11":"pa_location-asia-es","12":"pa_other-filters-vinyl-only-es","14":"first","15":"instock","16":"taxable","17":"shipping-taxable","18":"purchasable","19":"product-type-simple"},"acf":[],"yoast_head":"<!-- This site is optimized with the Yoast SEO plugin v24.9 - https:\/\/yoast.com\/wordpress\/plugins\/seo\/ -->\n<title>ARTEMIEV, Edward - Solaris -  (LP) | Guerssen<\/title>\n<meta name=\"description\" content=\"REPRESS. Edward Artemiev&#039;s re-recording of his score to Andrei Tarkovsky&#039;s classic 1972 film \u00bf\u00bf\u00bf\u00bf\u00bf\u00bf\u00bf (Solaris), reissued on 180-gram vinyl. When Artemiev recorded this score in Moscow in 1989 and &#039;90, there was no legitimately available releases of the original soundtrack. Artemiev chose to fill that void himself with this recording, released on Torso Kino in the Netherlands as part of a 1990 double-LP set also containing re-recordings of Artemiev&#039;s scores to \u00bf\u00bf\u00bf\u00bf\u00bf\u00bf\u00bf (Mirror) (1975) and \u00bf\u00bf\u00bf\u00bf\u00bf\u00bf\u00bf (Stalker) (1979). This set is now long out of print, and Mirumir is pleased to present the collection on two separate LP releases, remastered, with new artwork, and officially licensed by the artist himself.\" \/>\n<meta name=\"robots\" content=\"index, follow, max-snippet:-1, max-image-preview:large, max-video-preview:-1\" \/>\n<link rel=\"canonical\" href=\"https:\/\/wpguerssen-test.odoo.rgbconsulting.com\/es\/producto\/solaris\/\" \/>\n<meta property=\"og:locale\" content=\"es_ES\" \/>\n<meta property=\"og:type\" content=\"article\" \/>\n<meta property=\"og:title\" content=\"ARTEMIEV, Edward - Solaris -  (LP) | Guerssen\" \/>\n<meta property=\"og:description\" content=\"REPRESS. Edward Artemiev&#039;s re-recording of his score to Andrei Tarkovsky&#039;s classic 1972 film \u00bf\u00bf\u00bf\u00bf\u00bf\u00bf\u00bf (Solaris), reissued on 180-gram vinyl. When Artemiev recorded this score in Moscow in 1989 and &#039;90, there was no legitimately available releases of the original soundtrack. Artemiev chose to fill that void himself with this recording, released on Torso Kino in the Netherlands as part of a 1990 double-LP set also containing re-recordings of Artemiev&#039;s scores to \u00bf\u00bf\u00bf\u00bf\u00bf\u00bf\u00bf (Mirror) (1975) and \u00bf\u00bf\u00bf\u00bf\u00bf\u00bf\u00bf (Stalker) (1979). This set is now long out of print, and Mirumir is pleased to present the collection on two separate LP releases, remastered, with new artwork, and officially licensed by the artist himself.\" \/>\n<meta property=\"og:url\" content=\"https:\/\/wpguerssen-test.odoo.rgbconsulting.com\/es\/producto\/solaris\/\" \/>\n<meta property=\"og:site_name\" content=\"Guerssen records\" \/>\n<meta property=\"article:modified_time\" content=\"2024-09-03T14:22:04+00:00\" \/>\n<meta property=\"og:image\" content=\"https:\/\/wpguerssen-test.odoo.rgbconsulting.com\/wp-content\/uploads\/2024\/03\/47216.jpg\" \/>\n\t<meta property=\"og:image:width\" content=\"400\" \/>\n\t<meta property=\"og:image:height\" content=\"399\" \/>\n\t<meta property=\"og:image:type\" content=\"image\/jpeg\" \/>\n<meta name=\"twitter:card\" content=\"summary_large_image\" \/>\n<meta name=\"twitter:title\" content=\"ARTEMIEV, Edward - Solaris -  (LP) | Guerssen\" \/>\n<meta name=\"twitter:label1\" content=\"Tiempo de lectura\" \/>\n\t<meta name=\"twitter:data1\" content=\"1 minuto\" \/>\n<script type=\"application\/ld+json\" class=\"yoast-schema-graph\">{\"@context\":\"https:\/\/schema.org\",\"@graph\":[{\"@type\":\"WebPage\",\"@id\":\"https:\/\/wpguerssen-test.odoo.rgbconsulting.com\/es\/producto\/solaris\/\",\"url\":\"https:\/\/wpguerssen-test.odoo.rgbconsulting.com\/es\/producto\/solaris\/\",\"name\":\"ARTEMIEV, Edward - Solaris - (LP) | Guerssen\",\"isPartOf\":{\"@id\":\"https:\/\/wpguerssen-test.odoo.rgbconsulting.com\/es\/#website\"},\"primaryImageOfPage\":{\"@id\":\"https:\/\/wpguerssen-test.odoo.rgbconsulting.com\/es\/producto\/solaris\/#primaryimage\"},\"image\":{\"@id\":\"https:\/\/wpguerssen-test.odoo.rgbconsulting.com\/es\/producto\/solaris\/#primaryimage\"},\"thumbnailUrl\":\"https:\/\/wpguerssen-test.odoo.rgbconsulting.com\/wp-content\/uploads\/2024\/03\/47216.jpg\",\"datePublished\":\"2024-04-01T22:00:00+00:00\",\"dateModified\":\"2024-09-03T14:22:04+00:00\",\"description\":\"REPRESS. Edward Artemiev's re-recording of his score to Andrei Tarkovsky's classic 1972 film \u00bf\u00bf\u00bf\u00bf\u00bf\u00bf\u00bf (Solaris), reissued on 180-gram vinyl. When Artemiev recorded this score in Moscow in 1989 and '90, there was no legitimately available releases of the original soundtrack. Artemiev chose to fill that void himself with this recording, released on Torso Kino in the Netherlands as part of a 1990 double-LP set also containing re-recordings of Artemiev's scores to \u00bf\u00bf\u00bf\u00bf\u00bf\u00bf\u00bf (Mirror) (1975) and \u00bf\u00bf\u00bf\u00bf\u00bf\u00bf\u00bf (Stalker) (1979). This set is now long out of print, and Mirumir is pleased to present the collection on two separate LP releases, remastered, with new artwork, and officially licensed by the artist himself.\",\"breadcrumb\":{\"@id\":\"https:\/\/wpguerssen-test.odoo.rgbconsulting.com\/es\/producto\/solaris\/#breadcrumb\"},\"inLanguage\":\"es\",\"potentialAction\":[{\"@type\":\"ReadAction\",\"target\":[\"https:\/\/wpguerssen-test.odoo.rgbconsulting.com\/es\/producto\/solaris\/\"]}]},{\"@type\":\"ImageObject\",\"inLanguage\":\"es\",\"@id\":\"https:\/\/wpguerssen-test.odoo.rgbconsulting.com\/es\/producto\/solaris\/#primaryimage\",\"url\":\"https:\/\/wpguerssen-test.odoo.rgbconsulting.com\/wp-content\/uploads\/2024\/03\/47216.jpg\",\"contentUrl\":\"https:\/\/wpguerssen-test.odoo.rgbconsulting.com\/wp-content\/uploads\/2024\/03\/47216.jpg\",\"width\":400,\"height\":399,\"caption\":\"Edward - Solaris - MIRUMIR (LP) | Guerssen\"},{\"@type\":\"BreadcrumbList\",\"@id\":\"https:\/\/wpguerssen-test.odoo.rgbconsulting.com\/es\/producto\/solaris\/#breadcrumb\",\"itemListElement\":[{\"@type\":\"ListItem\",\"position\":1,\"name\":\"Inicio\",\"item\":\"https:\/\/wpguerssen-test.odoo.rgbconsulting.com\/es\/\"},{\"@type\":\"ListItem\",\"position\":2,\"name\":\"Shop\",\"item\":\"https:\/\/wpguerssen-test.odoo.rgbconsulting.com\/shop\/\"},{\"@type\":\"ListItem\",\"position\":3,\"name\":\"Solaris\"}]},{\"@type\":\"WebSite\",\"@id\":\"https:\/\/wpguerssen-test.odoo.rgbconsulting.com\/es\/#website\",\"url\":\"https:\/\/wpguerssen-test.odoo.rgbconsulting.com\/es\/\",\"name\":\"Guerssen records\",\"description\":\"psychedelia - progressive - folk - garage \",\"publisher\":{\"@id\":\"https:\/\/wpguerssen-test.odoo.rgbconsulting.com\/es\/#organization\"},\"potentialAction\":[{\"@type\":\"SearchAction\",\"target\":{\"@type\":\"EntryPoint\",\"urlTemplate\":\"https:\/\/wpguerssen-test.odoo.rgbconsulting.com\/es\/?s={search_term_string}\"},\"query-input\":{\"@type\":\"PropertyValueSpecification\",\"valueRequired\":true,\"valueName\":\"search_term_string\"}}],\"inLanguage\":\"es\"},{\"@type\":\"Organization\",\"@id\":\"https:\/\/wpguerssen-test.odoo.rgbconsulting.com\/es\/#organization\",\"name\":\"Guerssen records\",\"url\":\"https:\/\/wpguerssen-test.odoo.rgbconsulting.com\/es\/\",\"logo\":{\"@type\":\"ImageObject\",\"inLanguage\":\"es\",\"@id\":\"https:\/\/wpguerssen-test.odoo.rgbconsulting.com\/es\/#\/schema\/logo\/image\/\",\"url\":\"https:\/\/wpguerssen-test.odoo.rgbconsulting.com\/wp-content\/uploads\/2022\/04\/Logo_Guerssen_trans_100.png\",\"contentUrl\":\"https:\/\/wpguerssen-test.odoo.rgbconsulting.com\/wp-content\/uploads\/2022\/04\/Logo_Guerssen_trans_100.png\",\"width\":122,\"height\":100,\"caption\":\"Guerssen records\"},\"image\":{\"@id\":\"https:\/\/wpguerssen-test.odoo.rgbconsulting.com\/es\/#\/schema\/logo\/image\/\"}}]}<\/script>\n<!-- \/ Yoast SEO plugin. -->","yoast_head_json":{"title":"ARTEMIEV, Edward - Solaris -  (LP) | Guerssen","description":"REPRESS. Edward Artemiev's re-recording of his score to Andrei Tarkovsky's classic 1972 film \u00bf\u00bf\u00bf\u00bf\u00bf\u00bf\u00bf (Solaris), reissued on 180-gram vinyl. When Artemiev recorded this score in Moscow in 1989 and '90, there was no legitimately available releases of the original soundtrack. Artemiev chose to fill that void himself with this recording, released on Torso Kino in the Netherlands as part of a 1990 double-LP set also containing re-recordings of Artemiev's scores to \u00bf\u00bf\u00bf\u00bf\u00bf\u00bf\u00bf (Mirror) (1975) and \u00bf\u00bf\u00bf\u00bf\u00bf\u00bf\u00bf (Stalker) (1979). This set is now long out of print, and Mirumir is pleased to present the collection on two separate LP releases, remastered, with new artwork, and officially licensed by the artist himself.","robots":{"index":"index","follow":"follow","max-snippet":"max-snippet:-1","max-image-preview":"max-image-preview:large","max-video-preview":"max-video-preview:-1"},"canonical":"https:\/\/wpguerssen-test.odoo.rgbconsulting.com\/es\/producto\/solaris\/","og_locale":"es_ES","og_type":"article","og_title":"ARTEMIEV, Edward - Solaris -  (LP) | Guerssen","og_description":"REPRESS. Edward Artemiev's re-recording of his score to Andrei Tarkovsky's classic 1972 film \u00bf\u00bf\u00bf\u00bf\u00bf\u00bf\u00bf (Solaris), reissued on 180-gram vinyl. When Artemiev recorded this score in Moscow in 1989 and '90, there was no legitimately available releases of the original soundtrack. Artemiev chose to fill that void himself with this recording, released on Torso Kino in the Netherlands as part of a 1990 double-LP set also containing re-recordings of Artemiev's scores to \u00bf\u00bf\u00bf\u00bf\u00bf\u00bf\u00bf (Mirror) (1975) and \u00bf\u00bf\u00bf\u00bf\u00bf\u00bf\u00bf (Stalker) (1979). This set is now long out of print, and Mirumir is pleased to present the collection on two separate LP releases, remastered, with new artwork, and officially licensed by the artist himself.","og_url":"https:\/\/wpguerssen-test.odoo.rgbconsulting.com\/es\/producto\/solaris\/","og_site_name":"Guerssen records","article_modified_time":"2024-09-03T14:22:04+00:00","og_image":[{"width":400,"height":399,"url":"https:\/\/wpguerssen-test.odoo.rgbconsulting.com\/wp-content\/uploads\/2024\/03\/47216.jpg","type":"image\/jpeg"}],"twitter_card":"summary_large_image","twitter_title":"ARTEMIEV, Edward - Solaris -  (LP) | Guerssen","twitter_misc":{"Tiempo de lectura":"1 minuto"},"schema":{"@context":"https:\/\/schema.org","@graph":[{"@type":"WebPage","@id":"https:\/\/wpguerssen-test.odoo.rgbconsulting.com\/es\/producto\/solaris\/","url":"https:\/\/wpguerssen-test.odoo.rgbconsulting.com\/es\/producto\/solaris\/","name":"ARTEMIEV, Edward - Solaris - (LP) | Guerssen","isPartOf":{"@id":"https:\/\/wpguerssen-test.odoo.rgbconsulting.com\/es\/#website"},"primaryImageOfPage":{"@id":"https:\/\/wpguerssen-test.odoo.rgbconsulting.com\/es\/producto\/solaris\/#primaryimage"},"image":{"@id":"https:\/\/wpguerssen-test.odoo.rgbconsulting.com\/es\/producto\/solaris\/#primaryimage"},"thumbnailUrl":"https:\/\/wpguerssen-test.odoo.rgbconsulting.com\/wp-content\/uploads\/2024\/03\/47216.jpg","datePublished":"2024-04-01T22:00:00+00:00","dateModified":"2024-09-03T14:22:04+00:00","description":"REPRESS. Edward Artemiev's re-recording of his score to Andrei Tarkovsky's classic 1972 film \u00bf\u00bf\u00bf\u00bf\u00bf\u00bf\u00bf (Solaris), reissued on 180-gram vinyl. When Artemiev recorded this score in Moscow in 1989 and '90, there was no legitimately available releases of the original soundtrack. Artemiev chose to fill that void himself with this recording, released on Torso Kino in the Netherlands as part of a 1990 double-LP set also containing re-recordings of Artemiev's scores to \u00bf\u00bf\u00bf\u00bf\u00bf\u00bf\u00bf (Mirror) (1975) and \u00bf\u00bf\u00bf\u00bf\u00bf\u00bf\u00bf (Stalker) (1979). This set is now long out of print, and Mirumir is pleased to present the collection on two separate LP releases, remastered, with new artwork, and officially licensed by the artist himself.","breadcrumb":{"@id":"https:\/\/wpguerssen-test.odoo.rgbconsulting.com\/es\/producto\/solaris\/#breadcrumb"},"inLanguage":"es","potentialAction":[{"@type":"ReadAction","target":["https:\/\/wpguerssen-test.odoo.rgbconsulting.com\/es\/producto\/solaris\/"]}]},{"@type":"ImageObject","inLanguage":"es","@id":"https:\/\/wpguerssen-test.odoo.rgbconsulting.com\/es\/producto\/solaris\/#primaryimage","url":"https:\/\/wpguerssen-test.odoo.rgbconsulting.com\/wp-content\/uploads\/2024\/03\/47216.jpg","contentUrl":"https:\/\/wpguerssen-test.odoo.rgbconsulting.com\/wp-content\/uploads\/2024\/03\/47216.jpg","width":400,"height":399,"caption":"Edward - Solaris - MIRUMIR (LP) | Guerssen"},{"@type":"BreadcrumbList","@id":"https:\/\/wpguerssen-test.odoo.rgbconsulting.com\/es\/producto\/solaris\/#breadcrumb","itemListElement":[{"@type":"ListItem","position":1,"name":"Inicio","item":"https:\/\/wpguerssen-test.odoo.rgbconsulting.com\/es\/"},{"@type":"ListItem","position":2,"name":"Shop","item":"https:\/\/wpguerssen-test.odoo.rgbconsulting.com\/shop\/"},{"@type":"ListItem","position":3,"name":"Solaris"}]},{"@type":"WebSite","@id":"https:\/\/wpguerssen-test.odoo.rgbconsulting.com\/es\/#website","url":"https:\/\/wpguerssen-test.odoo.rgbconsulting.com\/es\/","name":"Guerssen records","description":"psychedelia - progressive - folk - garage ","publisher":{"@id":"https:\/\/wpguerssen-test.odoo.rgbconsulting.com\/es\/#organization"},"potentialAction":[{"@type":"SearchAction","target":{"@type":"EntryPoint","urlTemplate":"https:\/\/wpguerssen-test.odoo.rgbconsulting.com\/es\/?s={search_term_string}"},"query-input":{"@type":"PropertyValueSpecification","valueRequired":true,"valueName":"search_term_string"}}],"inLanguage":"es"},{"@type":"Organization","@id":"https:\/\/wpguerssen-test.odoo.rgbconsulting.com\/es\/#organization","name":"Guerssen records","url":"https:\/\/wpguerssen-test.odoo.rgbconsulting.com\/es\/","logo":{"@type":"ImageObject","inLanguage":"es","@id":"https:\/\/wpguerssen-test.odoo.rgbconsulting.com\/es\/#\/schema\/logo\/image\/","url":"https:\/\/wpguerssen-test.odoo.rgbconsulting.com\/wp-content\/uploads\/2022\/04\/Logo_Guerssen_trans_100.png","contentUrl":"https:\/\/wpguerssen-test.odoo.rgbconsulting.com\/wp-content\/uploads\/2022\/04\/Logo_Guerssen_trans_100.png","width":122,"height":100,"caption":"Guerssen records"},"image":{"@id":"https:\/\/wpguerssen-test.odoo.rgbconsulting.com\/es\/#\/schema\/logo\/image\/"}}]}},"_links":{"self":[{"href":"https:\/\/wpguerssen-test.odoo.rgbconsulting.com\/es\/wp-json\/wp\/v2\/product\/261749","targetHints":{"allow":["GET"]}}],"collection":[{"href":"https:\/\/wpguerssen-test.odoo.rgbconsulting.com\/es\/wp-json\/wp\/v2\/product"}],"about":[{"href":"https:\/\/wpguerssen-test.odoo.rgbconsulting.com\/es\/wp-json\/wp\/v2\/types\/product"}],"wp:featuredmedia":[{"embeddable":true,"href":"https:\/\/wpguerssen-test.odoo.rgbconsulting.com\/es\/wp-json\/wp\/v2\/media\/261798"}],"wp:attachment":[{"href":"https:\/\/wpguerssen-test.odoo.rgbconsulting.com\/es\/wp-json\/wp\/v2\/media?parent=261749"}],"wp:term":[{"taxonomy":"product_brand","embeddable":true,"href":"https:\/\/wpguerssen-test.odoo.rgbconsulting.com\/es\/wp-json\/wp\/v2\/product_brand?post=261749"},{"taxonomy":"product_cat","embeddable":true,"href":"https:\/\/wpguerssen-test.odoo.rgbconsulting.com\/es\/wp-json\/wp\/v2\/product_cat?post=261749"},{"taxonomy":"product_tag","embeddable":true,"href":"https:\/\/wpguerssen-test.odoo.rgbconsulting.com\/es\/wp-json\/wp\/v2\/product_tag?post=261749"}],"curies":[{"name":"wp","href":"https:\/\/api.w.org\/{rel}","templated":true}]}}