{"id":262144,"date":"2024-03-14T00:00:00","date_gmt":"2024-03-13T23:00:00","guid":{"rendered":"https:\/\/wpguerssen-test.odoo.rgbconsulting.com\/product\/for-asgard-cd\/"},"modified":"2025-01-23T18:11:19","modified_gmt":"2025-01-23T17:11:19","slug":"for-asgard-cd","status":"publish","type":"product","link":"https:\/\/wpguerssen-test.odoo.rgbconsulting.com\/es\/producto\/for-asgard-cd\/","title":{"rendered":"For Asgard (CD)"},"content":{"rendered":"<p>Tremendo hard-rock psicod\u00e9lico y proto-prog de 1972, in\u00e9dito hasta ahora! <\/p>\n<p> A finales de los 60 \/ principios de los 70, el guitarrista Bob Hardy tuvo una gran actividad en la escena musical underground de San Francisco. Originario de Davis y amigo de m\u00fasicos de grupos como KAK y Blue Cheer, Bob toc\u00f3 en innumerables bandas durante esa \u00e9poca en la Bay Area. Uno de esos grupos fue Asgard, originalmente llamados Osgoode en honor a la calle donde estaba situado el local de Blue Cheer.<br \/>En 1972 dejaron grabado un \u00e1lbum que nunca lleg\u00f3 a ver la luz. \u00abFor Asgard\u00bb contiene nueve temas perfectamente grabados, arreglados y tocados, dominados por la impresionante guitarra fuzz de Bob y el original toque del viol\u00edn el\u00e9ctrico de Jake Gelon Lau (que m\u00e1s tarde tocar\u00eda en grupos como Tribe). Esa mezcla de viol\u00edn y guitarra distorsionada puede recordar a grupos Brit\u00e1nicos hard-psicod\u00e9licos como los de nombre parecido Asg\u00e6rd o incluso High Tide en algunos momentos.. <\/p>\n<p> Despu\u00e9s de participar en un festival gratuito en Provo Park junto a grupos como Cat Mother y Summerhill, Asgard se va desintegrando lentamente hasta desaparecer. Afortunadamente, el guitarrista Bob Hardy conserv\u00f3 los masters del \u00e1lbum durante todos estos a\u00f1os y por fin ve la luz como se merece. <\/p>\n<p> Incluye cuatro bonus track: un tema de estudio grabado en las mismas sesiones del \u00e1lbum y tres temas grabados en ensayos caseros. <\/p>\n<p> *Sonido de los m\u00e1sters originales <\/p>\n<p> Tracklist:<br \/>1.Carmen &#8211; 2. For Asgard &#8211; 3. Vespucci (The Dutiful) &#8211; 4. Fool &#8211; 5. So Let Go &#8211; 6. If I Had Anything to Say &#8211; 7. You Raise My Body Temperature, Baby &#8211; 8. Center of The Sky &#8211; 9. Reflections<br \/>Bonus track: 10. Your Mouth Tastes Like You Just Woke Up &#8211; 11. Cradle of Love (Live Rehearsal) &#8211; 12. For Asgard (Live Rehearsal) &#8211; 13. Reflections (Live Rehearsal)<\/p>\n","protected":false},"excerpt":{"rendered":"<p>Tremendo hard-rock psicod\u00e9lico y proto-prog de 1972, in\u00e9dito hasta ahora! <\/p>\n<p>\u00a0<\/p>\n<p> A finales de los 60 \/ principios de los 70, el guitarrista Bob Hardy<a class=\"read\" href=\"https:\/\/wpguerssen-test.odoo.rgbconsulting.com\/es\/producto\/for-asgard-cd\/\"> (...)<\/a>","protected":false},"featured_media":262113,"template":"","meta":{"_acf_changed":false},"product_brand":[],"product_cat":[21639,23215],"product_tag":[],"class_list":{"0":"post-262144","1":"product","2":"type-product","3":"status-publish","4":"has-post-thumbnail","6":"product_cat-psychedelic60s-70s-es","7":"product_cat-progressive60s-70s-es","8":"pa_artist-asgard","9":"pa_format-cd-2-es","10":"pa_gender-psychedelic60s-70s-progressive60s-70s","11":"pa_label-gear-fab","12":"pa_location-north-america-es","14":"first","15":"instock","16":"taxable","17":"shipping-taxable","18":"purchasable","19":"product-type-simple"},"acf":[],"yoast_head":"<!-- This site is optimized with the Yoast SEO plugin v24.9 - https:\/\/yoast.com\/wordpress\/plugins\/seo\/ -->\n<title>ASGARD - For Asgard (CD) -  (CD) | Guerssen<\/title>\n<meta name=\"description\" content=\"Previously unreleased heavy acid-rock \/ proto-prog album from 1972! #nl# Asgard (initially known as Osgoode, named after the street where Blue Cheer had their headquarter) was a San Francisco band featuring ace guitar player Bob Hardy (a veteran of many Bay Area bands since the early 60s) and Jake &#039;Gelon&#039; Lau (Gideon &amp; Power, Mary McCreary, Tribe...) on electric violin and vocals. #nl# This is their lost album, registered at Roy Chen Recorders in 1972, now released for the first time. #nl# &quot;For Asgard&quot; features nine original tracks, perfectly recorded and played, dominated by Bob Hardy&#039;s outstanding fuzzy lead guitar and the cool touch of Gelon&#039;s Lau electrified violin that recalls UK prog-psych bands like the similar named Asg\u00e6rd or High Tide at times. Hard to believe that such a pro-recorded, top quality album like this was never released at the time. After playing a celebrated free concert at the Provo Park in Berkeley alongside bands like Mother Cat and Summerhill, the band slowly disintegrated. #nl# Includes one studio track from the same album sessions plus three raw rehearsal tracks. #nl# *Sourced from the original masters #nl# File under: psychedelic, hard-rock, progressive rock... #nl# Tracklist:1.Carmen - 2. For Asgard - 3. Vespucci (The Dutiful) - 4. Fool - 5. So Let Go - 6. If I Had Anything to Say - 7. You Raise My Body Temperature, Baby - 8. Center of The Sky - 9. ReflectionsBonus track: 10. Your Mouth Tastes Like You Just Woke Up - 11. Cradle of Love (Live Rehearsal) - 12. For Asgard (Live Rehearsal) - 13. Reflections (Live Rehearsal)\" \/>\n<meta name=\"robots\" content=\"index, follow, max-snippet:-1, max-image-preview:large, max-video-preview:-1\" \/>\n<link rel=\"canonical\" href=\"https:\/\/wpguerssen-test.odoo.rgbconsulting.com\/es\/producto\/for-asgard-cd\/\" \/>\n<meta property=\"og:locale\" content=\"es_ES\" \/>\n<meta property=\"og:type\" content=\"article\" \/>\n<meta property=\"og:title\" content=\"ASGARD - For Asgard (CD) -  (CD) | Guerssen\" \/>\n<meta property=\"og:description\" content=\"Previously unreleased heavy acid-rock \/ proto-prog album from 1972! #nl# Asgard (initially known as Osgoode, named after the street where Blue Cheer had their headquarter) was a San Francisco band featuring ace guitar player Bob Hardy (a veteran of many Bay Area bands since the early 60s) and Jake &#039;Gelon&#039; Lau (Gideon &amp; Power, Mary McCreary, Tribe...) on electric violin and vocals. #nl# This is their lost album, registered at Roy Chen Recorders in 1972, now released for the first time. #nl# &quot;For Asgard&quot; features nine original tracks, perfectly recorded and played, dominated by Bob Hardy&#039;s outstanding fuzzy lead guitar and the cool touch of Gelon&#039;s Lau electrified violin that recalls UK prog-psych bands like the similar named Asg\u00e6rd or High Tide at times. Hard to believe that such a pro-recorded, top quality album like this was never released at the time. After playing a celebrated free concert at the Provo Park in Berkeley alongside bands like Mother Cat and Summerhill, the band slowly disintegrated. #nl# Includes one studio track from the same album sessions plus three raw rehearsal tracks. #nl# *Sourced from the original masters #nl# File under: psychedelic, hard-rock, progressive rock... #nl# Tracklist:1.Carmen - 2. For Asgard - 3. Vespucci (The Dutiful) - 4. Fool - 5. So Let Go - 6. If I Had Anything to Say - 7. You Raise My Body Temperature, Baby - 8. Center of The Sky - 9. ReflectionsBonus track: 10. Your Mouth Tastes Like You Just Woke Up - 11. Cradle of Love (Live Rehearsal) - 12. For Asgard (Live Rehearsal) - 13. Reflections (Live Rehearsal)\" \/>\n<meta property=\"og:url\" content=\"https:\/\/wpguerssen-test.odoo.rgbconsulting.com\/es\/producto\/for-asgard-cd\/\" \/>\n<meta property=\"og:site_name\" content=\"Guerssen records\" \/>\n<meta property=\"article:modified_time\" content=\"2025-01-23T17:11:19+00:00\" \/>\n<meta property=\"og:image\" content=\"https:\/\/wpguerssen-test.odoo.rgbconsulting.com\/wp-content\/uploads\/2024\/03\/47283.jpg\" \/>\n\t<meta property=\"og:image:width\" content=\"600\" \/>\n\t<meta property=\"og:image:height\" content=\"600\" \/>\n\t<meta property=\"og:image:type\" content=\"image\/jpeg\" \/>\n<meta name=\"twitter:card\" content=\"summary_large_image\" \/>\n<meta name=\"twitter:title\" content=\"ASGARD - For Asgard (CD) -  (CD) | Guerssen\" \/>\n<meta name=\"twitter:label1\" content=\"Tiempo de lectura\" \/>\n\t<meta name=\"twitter:data1\" content=\"2 minutos\" \/>\n<script type=\"application\/ld+json\" class=\"yoast-schema-graph\">{\"@context\":\"https:\/\/schema.org\",\"@graph\":[{\"@type\":\"WebPage\",\"@id\":\"https:\/\/wpguerssen-test.odoo.rgbconsulting.com\/es\/producto\/for-asgard-cd\/\",\"url\":\"https:\/\/wpguerssen-test.odoo.rgbconsulting.com\/es\/producto\/for-asgard-cd\/\",\"name\":\"ASGARD - For Asgard (CD) - (CD) | Guerssen\",\"isPartOf\":{\"@id\":\"https:\/\/wpguerssen-test.odoo.rgbconsulting.com\/es\/#website\"},\"primaryImageOfPage\":{\"@id\":\"https:\/\/wpguerssen-test.odoo.rgbconsulting.com\/es\/producto\/for-asgard-cd\/#primaryimage\"},\"image\":{\"@id\":\"https:\/\/wpguerssen-test.odoo.rgbconsulting.com\/es\/producto\/for-asgard-cd\/#primaryimage\"},\"thumbnailUrl\":\"https:\/\/wpguerssen-test.odoo.rgbconsulting.com\/wp-content\/uploads\/2024\/03\/47283.jpg\",\"datePublished\":\"2024-03-13T23:00:00+00:00\",\"dateModified\":\"2025-01-23T17:11:19+00:00\",\"description\":\"Previously unreleased heavy acid-rock \/ proto-prog album from 1972! #nl# Asgard (initially known as Osgoode, named after the street where Blue Cheer had their headquarter) was a San Francisco band featuring ace guitar player Bob Hardy (a veteran of many Bay Area bands since the early 60s) and Jake 'Gelon' Lau (Gideon & Power, Mary McCreary, Tribe...) on electric violin and vocals. #nl# This is their lost album, registered at Roy Chen Recorders in 1972, now released for the first time. #nl# \\\"For Asgard\\\" features nine original tracks, perfectly recorded and played, dominated by Bob Hardy's outstanding fuzzy lead guitar and the cool touch of Gelon's Lau electrified violin that recalls UK prog-psych bands like the similar named Asg\u00e6rd or High Tide at times. Hard to believe that such a pro-recorded, top quality album like this was never released at the time. After playing a celebrated free concert at the Provo Park in Berkeley alongside bands like Mother Cat and Summerhill, the band slowly disintegrated. #nl# Includes one studio track from the same album sessions plus three raw rehearsal tracks. #nl# *Sourced from the original masters #nl# File under: psychedelic, hard-rock, progressive rock... #nl# Tracklist:1.Carmen - 2. For Asgard - 3. Vespucci (The Dutiful) - 4. Fool - 5. So Let Go - 6. If I Had Anything to Say - 7. You Raise My Body Temperature, Baby - 8. Center of The Sky - 9. ReflectionsBonus track: 10. Your Mouth Tastes Like You Just Woke Up - 11. Cradle of Love (Live Rehearsal) - 12. For Asgard (Live Rehearsal) - 13. Reflections (Live Rehearsal)\",\"breadcrumb\":{\"@id\":\"https:\/\/wpguerssen-test.odoo.rgbconsulting.com\/es\/producto\/for-asgard-cd\/#breadcrumb\"},\"inLanguage\":\"es\",\"potentialAction\":[{\"@type\":\"ReadAction\",\"target\":[\"https:\/\/wpguerssen-test.odoo.rgbconsulting.com\/es\/producto\/for-asgard-cd\/\"]}]},{\"@type\":\"ImageObject\",\"inLanguage\":\"es\",\"@id\":\"https:\/\/wpguerssen-test.odoo.rgbconsulting.com\/es\/producto\/for-asgard-cd\/#primaryimage\",\"url\":\"https:\/\/wpguerssen-test.odoo.rgbconsulting.com\/wp-content\/uploads\/2024\/03\/47283.jpg\",\"contentUrl\":\"https:\/\/wpguerssen-test.odoo.rgbconsulting.com\/wp-content\/uploads\/2024\/03\/47283.jpg\",\"width\":600,\"height\":600},{\"@type\":\"BreadcrumbList\",\"@id\":\"https:\/\/wpguerssen-test.odoo.rgbconsulting.com\/es\/producto\/for-asgard-cd\/#breadcrumb\",\"itemListElement\":[{\"@type\":\"ListItem\",\"position\":1,\"name\":\"Inicio\",\"item\":\"https:\/\/wpguerssen-test.odoo.rgbconsulting.com\/es\/\"},{\"@type\":\"ListItem\",\"position\":2,\"name\":\"Shop\",\"item\":\"https:\/\/wpguerssen-test.odoo.rgbconsulting.com\/shop\/\"},{\"@type\":\"ListItem\",\"position\":3,\"name\":\"For Asgard (CD)\"}]},{\"@type\":\"WebSite\",\"@id\":\"https:\/\/wpguerssen-test.odoo.rgbconsulting.com\/es\/#website\",\"url\":\"https:\/\/wpguerssen-test.odoo.rgbconsulting.com\/es\/\",\"name\":\"Guerssen records\",\"description\":\"psychedelia - progressive - folk - garage \",\"publisher\":{\"@id\":\"https:\/\/wpguerssen-test.odoo.rgbconsulting.com\/es\/#organization\"},\"potentialAction\":[{\"@type\":\"SearchAction\",\"target\":{\"@type\":\"EntryPoint\",\"urlTemplate\":\"https:\/\/wpguerssen-test.odoo.rgbconsulting.com\/es\/?s={search_term_string}\"},\"query-input\":{\"@type\":\"PropertyValueSpecification\",\"valueRequired\":true,\"valueName\":\"search_term_string\"}}],\"inLanguage\":\"es\"},{\"@type\":\"Organization\",\"@id\":\"https:\/\/wpguerssen-test.odoo.rgbconsulting.com\/es\/#organization\",\"name\":\"Guerssen records\",\"url\":\"https:\/\/wpguerssen-test.odoo.rgbconsulting.com\/es\/\",\"logo\":{\"@type\":\"ImageObject\",\"inLanguage\":\"es\",\"@id\":\"https:\/\/wpguerssen-test.odoo.rgbconsulting.com\/es\/#\/schema\/logo\/image\/\",\"url\":\"https:\/\/wpguerssen-test.odoo.rgbconsulting.com\/wp-content\/uploads\/2022\/04\/Logo_Guerssen_trans_100.png\",\"contentUrl\":\"https:\/\/wpguerssen-test.odoo.rgbconsulting.com\/wp-content\/uploads\/2022\/04\/Logo_Guerssen_trans_100.png\",\"width\":122,\"height\":100,\"caption\":\"Guerssen records\"},\"image\":{\"@id\":\"https:\/\/wpguerssen-test.odoo.rgbconsulting.com\/es\/#\/schema\/logo\/image\/\"}}]}<\/script>\n<!-- \/ Yoast SEO plugin. -->","yoast_head_json":{"title":"ASGARD - For Asgard (CD) -  (CD) | Guerssen","description":"Previously unreleased heavy acid-rock \/ proto-prog album from 1972! #nl# Asgard (initially known as Osgoode, named after the street where Blue Cheer had their headquarter) was a San Francisco band featuring ace guitar player Bob Hardy (a veteran of many Bay Area bands since the early 60s) and Jake 'Gelon' Lau (Gideon & Power, Mary McCreary, Tribe...) on electric violin and vocals. #nl# This is their lost album, registered at Roy Chen Recorders in 1972, now released for the first time. #nl# \"For Asgard\" features nine original tracks, perfectly recorded and played, dominated by Bob Hardy's outstanding fuzzy lead guitar and the cool touch of Gelon's Lau electrified violin that recalls UK prog-psych bands like the similar named Asg\u00e6rd or High Tide at times. Hard to believe that such a pro-recorded, top quality album like this was never released at the time. After playing a celebrated free concert at the Provo Park in Berkeley alongside bands like Mother Cat and Summerhill, the band slowly disintegrated. #nl# Includes one studio track from the same album sessions plus three raw rehearsal tracks. #nl# *Sourced from the original masters #nl# File under: psychedelic, hard-rock, progressive rock... #nl# Tracklist:1.Carmen - 2. For Asgard - 3. Vespucci (The Dutiful) - 4. Fool - 5. So Let Go - 6. If I Had Anything to Say - 7. You Raise My Body Temperature, Baby - 8. Center of The Sky - 9. ReflectionsBonus track: 10. Your Mouth Tastes Like You Just Woke Up - 11. Cradle of Love (Live Rehearsal) - 12. For Asgard (Live Rehearsal) - 13. Reflections (Live Rehearsal)","robots":{"index":"index","follow":"follow","max-snippet":"max-snippet:-1","max-image-preview":"max-image-preview:large","max-video-preview":"max-video-preview:-1"},"canonical":"https:\/\/wpguerssen-test.odoo.rgbconsulting.com\/es\/producto\/for-asgard-cd\/","og_locale":"es_ES","og_type":"article","og_title":"ASGARD - For Asgard (CD) -  (CD) | Guerssen","og_description":"Previously unreleased heavy acid-rock \/ proto-prog album from 1972! #nl# Asgard (initially known as Osgoode, named after the street where Blue Cheer had their headquarter) was a San Francisco band featuring ace guitar player Bob Hardy (a veteran of many Bay Area bands since the early 60s) and Jake 'Gelon' Lau (Gideon & Power, Mary McCreary, Tribe...) on electric violin and vocals. #nl# This is their lost album, registered at Roy Chen Recorders in 1972, now released for the first time. #nl# \"For Asgard\" features nine original tracks, perfectly recorded and played, dominated by Bob Hardy's outstanding fuzzy lead guitar and the cool touch of Gelon's Lau electrified violin that recalls UK prog-psych bands like the similar named Asg\u00e6rd or High Tide at times. Hard to believe that such a pro-recorded, top quality album like this was never released at the time. After playing a celebrated free concert at the Provo Park in Berkeley alongside bands like Mother Cat and Summerhill, the band slowly disintegrated. #nl# Includes one studio track from the same album sessions plus three raw rehearsal tracks. #nl# *Sourced from the original masters #nl# File under: psychedelic, hard-rock, progressive rock... #nl# Tracklist:1.Carmen - 2. For Asgard - 3. Vespucci (The Dutiful) - 4. Fool - 5. So Let Go - 6. If I Had Anything to Say - 7. You Raise My Body Temperature, Baby - 8. Center of The Sky - 9. ReflectionsBonus track: 10. Your Mouth Tastes Like You Just Woke Up - 11. Cradle of Love (Live Rehearsal) - 12. For Asgard (Live Rehearsal) - 13. Reflections (Live Rehearsal)","og_url":"https:\/\/wpguerssen-test.odoo.rgbconsulting.com\/es\/producto\/for-asgard-cd\/","og_site_name":"Guerssen records","article_modified_time":"2025-01-23T17:11:19+00:00","og_image":[{"width":600,"height":600,"url":"https:\/\/wpguerssen-test.odoo.rgbconsulting.com\/wp-content\/uploads\/2024\/03\/47283.jpg","type":"image\/jpeg"}],"twitter_card":"summary_large_image","twitter_title":"ASGARD - For Asgard (CD) -  (CD) | Guerssen","twitter_misc":{"Tiempo de lectura":"2 minutos"},"schema":{"@context":"https:\/\/schema.org","@graph":[{"@type":"WebPage","@id":"https:\/\/wpguerssen-test.odoo.rgbconsulting.com\/es\/producto\/for-asgard-cd\/","url":"https:\/\/wpguerssen-test.odoo.rgbconsulting.com\/es\/producto\/for-asgard-cd\/","name":"ASGARD - For Asgard (CD) - (CD) | Guerssen","isPartOf":{"@id":"https:\/\/wpguerssen-test.odoo.rgbconsulting.com\/es\/#website"},"primaryImageOfPage":{"@id":"https:\/\/wpguerssen-test.odoo.rgbconsulting.com\/es\/producto\/for-asgard-cd\/#primaryimage"},"image":{"@id":"https:\/\/wpguerssen-test.odoo.rgbconsulting.com\/es\/producto\/for-asgard-cd\/#primaryimage"},"thumbnailUrl":"https:\/\/wpguerssen-test.odoo.rgbconsulting.com\/wp-content\/uploads\/2024\/03\/47283.jpg","datePublished":"2024-03-13T23:00:00+00:00","dateModified":"2025-01-23T17:11:19+00:00","description":"Previously unreleased heavy acid-rock \/ proto-prog album from 1972! #nl# Asgard (initially known as Osgoode, named after the street where Blue Cheer had their headquarter) was a San Francisco band featuring ace guitar player Bob Hardy (a veteran of many Bay Area bands since the early 60s) and Jake 'Gelon' Lau (Gideon & Power, Mary McCreary, Tribe...) on electric violin and vocals. #nl# This is their lost album, registered at Roy Chen Recorders in 1972, now released for the first time. #nl# \"For Asgard\" features nine original tracks, perfectly recorded and played, dominated by Bob Hardy's outstanding fuzzy lead guitar and the cool touch of Gelon's Lau electrified violin that recalls UK prog-psych bands like the similar named Asg\u00e6rd or High Tide at times. Hard to believe that such a pro-recorded, top quality album like this was never released at the time. After playing a celebrated free concert at the Provo Park in Berkeley alongside bands like Mother Cat and Summerhill, the band slowly disintegrated. #nl# Includes one studio track from the same album sessions plus three raw rehearsal tracks. #nl# *Sourced from the original masters #nl# File under: psychedelic, hard-rock, progressive rock... #nl# Tracklist:1.Carmen - 2. For Asgard - 3. Vespucci (The Dutiful) - 4. Fool - 5. So Let Go - 6. If I Had Anything to Say - 7. You Raise My Body Temperature, Baby - 8. Center of The Sky - 9. ReflectionsBonus track: 10. Your Mouth Tastes Like You Just Woke Up - 11. Cradle of Love (Live Rehearsal) - 12. For Asgard (Live Rehearsal) - 13. Reflections (Live Rehearsal)","breadcrumb":{"@id":"https:\/\/wpguerssen-test.odoo.rgbconsulting.com\/es\/producto\/for-asgard-cd\/#breadcrumb"},"inLanguage":"es","potentialAction":[{"@type":"ReadAction","target":["https:\/\/wpguerssen-test.odoo.rgbconsulting.com\/es\/producto\/for-asgard-cd\/"]}]},{"@type":"ImageObject","inLanguage":"es","@id":"https:\/\/wpguerssen-test.odoo.rgbconsulting.com\/es\/producto\/for-asgard-cd\/#primaryimage","url":"https:\/\/wpguerssen-test.odoo.rgbconsulting.com\/wp-content\/uploads\/2024\/03\/47283.jpg","contentUrl":"https:\/\/wpguerssen-test.odoo.rgbconsulting.com\/wp-content\/uploads\/2024\/03\/47283.jpg","width":600,"height":600},{"@type":"BreadcrumbList","@id":"https:\/\/wpguerssen-test.odoo.rgbconsulting.com\/es\/producto\/for-asgard-cd\/#breadcrumb","itemListElement":[{"@type":"ListItem","position":1,"name":"Inicio","item":"https:\/\/wpguerssen-test.odoo.rgbconsulting.com\/es\/"},{"@type":"ListItem","position":2,"name":"Shop","item":"https:\/\/wpguerssen-test.odoo.rgbconsulting.com\/shop\/"},{"@type":"ListItem","position":3,"name":"For Asgard (CD)"}]},{"@type":"WebSite","@id":"https:\/\/wpguerssen-test.odoo.rgbconsulting.com\/es\/#website","url":"https:\/\/wpguerssen-test.odoo.rgbconsulting.com\/es\/","name":"Guerssen records","description":"psychedelia - progressive - folk - garage ","publisher":{"@id":"https:\/\/wpguerssen-test.odoo.rgbconsulting.com\/es\/#organization"},"potentialAction":[{"@type":"SearchAction","target":{"@type":"EntryPoint","urlTemplate":"https:\/\/wpguerssen-test.odoo.rgbconsulting.com\/es\/?s={search_term_string}"},"query-input":{"@type":"PropertyValueSpecification","valueRequired":true,"valueName":"search_term_string"}}],"inLanguage":"es"},{"@type":"Organization","@id":"https:\/\/wpguerssen-test.odoo.rgbconsulting.com\/es\/#organization","name":"Guerssen records","url":"https:\/\/wpguerssen-test.odoo.rgbconsulting.com\/es\/","logo":{"@type":"ImageObject","inLanguage":"es","@id":"https:\/\/wpguerssen-test.odoo.rgbconsulting.com\/es\/#\/schema\/logo\/image\/","url":"https:\/\/wpguerssen-test.odoo.rgbconsulting.com\/wp-content\/uploads\/2022\/04\/Logo_Guerssen_trans_100.png","contentUrl":"https:\/\/wpguerssen-test.odoo.rgbconsulting.com\/wp-content\/uploads\/2022\/04\/Logo_Guerssen_trans_100.png","width":122,"height":100,"caption":"Guerssen records"},"image":{"@id":"https:\/\/wpguerssen-test.odoo.rgbconsulting.com\/es\/#\/schema\/logo\/image\/"}}]}},"_links":{"self":[{"href":"https:\/\/wpguerssen-test.odoo.rgbconsulting.com\/es\/wp-json\/wp\/v2\/product\/262144","targetHints":{"allow":["GET"]}}],"collection":[{"href":"https:\/\/wpguerssen-test.odoo.rgbconsulting.com\/es\/wp-json\/wp\/v2\/product"}],"about":[{"href":"https:\/\/wpguerssen-test.odoo.rgbconsulting.com\/es\/wp-json\/wp\/v2\/types\/product"}],"wp:featuredmedia":[{"embeddable":true,"href":"https:\/\/wpguerssen-test.odoo.rgbconsulting.com\/es\/wp-json\/wp\/v2\/media\/262113"}],"wp:attachment":[{"href":"https:\/\/wpguerssen-test.odoo.rgbconsulting.com\/es\/wp-json\/wp\/v2\/media?parent=262144"}],"wp:term":[{"taxonomy":"product_brand","embeddable":true,"href":"https:\/\/wpguerssen-test.odoo.rgbconsulting.com\/es\/wp-json\/wp\/v2\/product_brand?post=262144"},{"taxonomy":"product_cat","embeddable":true,"href":"https:\/\/wpguerssen-test.odoo.rgbconsulting.com\/es\/wp-json\/wp\/v2\/product_cat?post=262144"},{"taxonomy":"product_tag","embeddable":true,"href":"https:\/\/wpguerssen-test.odoo.rgbconsulting.com\/es\/wp-json\/wp\/v2\/product_tag?post=262144"}],"curies":[{"name":"wp","href":"https:\/\/api.w.org\/{rel}","templated":true}]}}