{"id":262607,"date":"2025-02-25T00:00:00","date_gmt":"2025-02-24T23:00:00","guid":{"rendered":"https:\/\/wpguerssen-test.odoo.rgbconsulting.com\/product\/orgasm-metallic-gatefold\/"},"modified":"2025-04-22T15:54:20","modified_gmt":"2025-04-22T13:54:20","slug":"orgasm-metallic-gatefold","status":"publish","type":"product","link":"https:\/\/wpguerssen-test.odoo.rgbconsulting.com\/es\/producto\/orgasm-metallic-gatefold\/","title":{"rendered":"Orgasm (Metallic Gatefold)"},"content":{"rendered":"<p>NO EXPORTABLE A USA<br \/>Sin duda, uno de los \u00e1lbumes experimentales y psicod\u00e9licos m\u00e1s extra\u00f1os con ruido y sonoridades industriales, lanzado por primera vez por Esp Disk en 1969, uno de los primeros sellos de culto del free jazz y curiosidades extra\u00f1as.<br \/>Un OVNI tribal psicod\u00e9lico absoluto y ruido protoindustrial en la historia de la m\u00fasica.<br \/>Un toque pionero de Throbbing Gristle, SPK, Whitehouse, Test Department mezclado con algo completamente colocado y tribal&#8230; \u00a1\u00a1\u00a1adelantado a su tiempo en los a\u00f1os 60!!!<br \/>El \u00e1lbum \u00e9pico se presenta por primera vez remasterizado con el mismo sonido real y \u00e1spero y el mismo sentimiento buscado en su momento. Y se a\u00f1adi\u00f3 m\u00e1s volumen.<\/p>\n","protected":false},"excerpt":{"rendered":"<p>NO EXPORTABLE A USA<br \/>Sin duda, uno de los \u00e1lbumes experimentales y psicod\u00e9licos m\u00e1s extra\u00f1os con ruido y sonoridades industriales, lanzado por primera vez<a class=\"read\" href=\"https:\/\/wpguerssen-test.odoo.rgbconsulting.com\/es\/producto\/orgasm-metallic-gatefold\/\"> (...)<\/a>","protected":false},"featured_media":262642,"template":"","meta":{"_acf_changed":false},"product_brand":[],"product_cat":[21639,23260],"product_tag":[],"class_list":{"0":"post-262607","1":"product","2":"type-product","3":"status-publish","4":"has-post-thumbnail","6":"product_cat-psychedelic60s-70s-es","7":"product_cat-avant-garde-experime-es","8":"pa_artist-cromagnon","9":"pa_format-lp-es","10":"pa_gender-psychedelic60s-70s-avant-garde-experime","11":"pa_label-rotorelief","12":"pa_location-north-america-es","13":"pa_other-filters-vinyl-only-es","15":"first","16":"instock","17":"taxable","18":"shipping-taxable","19":"purchasable","20":"product-type-simple"},"acf":[],"yoast_head":"<!-- This site is optimized with the Yoast SEO plugin v24.9 - https:\/\/yoast.com\/wordpress\/plugins\/seo\/ -->\n<title>CROMAGNON - Orgasm (Metallic Gatefold) -  (LP) | Guerssen<\/title>\n<meta name=\"description\" content=\"NOT EXPORTABLE TO USACertainly one of the weirdest experimental &amp; psychedelic album with noise and industrial sonorities, first time released by Esp Disk in 1969, an early cult label of free jazz and weird curiosities.An absolute psychedelic tribal UFO and proto-industrial-noise in the story of music.A pioneer touch of Throbbing Gristle, SPK, Whitehouse, Test Department mixed with something full stoned and tribal ... ahead of its time in the 60&#039;s !!!This epic album is presented for the first time remastered with the same real rough sound and same feeling seeked at the time. And more volume added.\" \/>\n<meta name=\"robots\" content=\"index, follow, max-snippet:-1, max-image-preview:large, max-video-preview:-1\" \/>\n<link rel=\"canonical\" href=\"https:\/\/wpguerssen-test.odoo.rgbconsulting.com\/es\/producto\/orgasm-metallic-gatefold\/\" \/>\n<meta property=\"og:locale\" content=\"es_ES\" \/>\n<meta property=\"og:type\" content=\"article\" \/>\n<meta property=\"og:title\" content=\"CROMAGNON - Orgasm (Metallic Gatefold) -  (LP) | Guerssen\" \/>\n<meta property=\"og:description\" content=\"NOT EXPORTABLE TO USACertainly one of the weirdest experimental &amp; psychedelic album with noise and industrial sonorities, first time released by Esp Disk in 1969, an early cult label of free jazz and weird curiosities.An absolute psychedelic tribal UFO and proto-industrial-noise in the story of music.A pioneer touch of Throbbing Gristle, SPK, Whitehouse, Test Department mixed with something full stoned and tribal ... ahead of its time in the 60&#039;s !!!This epic album is presented for the first time remastered with the same real rough sound and same feeling seeked at the time. And more volume added.\" \/>\n<meta property=\"og:url\" content=\"https:\/\/wpguerssen-test.odoo.rgbconsulting.com\/es\/producto\/orgasm-metallic-gatefold\/\" \/>\n<meta property=\"og:site_name\" content=\"Guerssen records\" \/>\n<meta property=\"article:modified_time\" content=\"2025-04-22T13:54:20+00:00\" \/>\n<meta property=\"og:image\" content=\"https:\/\/wpguerssen-test.odoo.rgbconsulting.com\/wp-content\/uploads\/2024\/03\/47298.jpg\" \/>\n\t<meta property=\"og:image:width\" content=\"300\" \/>\n\t<meta property=\"og:image:height\" content=\"300\" \/>\n\t<meta property=\"og:image:type\" content=\"image\/jpeg\" \/>\n<meta name=\"twitter:card\" content=\"summary_large_image\" \/>\n<meta name=\"twitter:title\" content=\"CROMAGNON - Orgasm (Metallic Gatefold) -  (LP) | Guerssen\" \/>\n<meta name=\"twitter:label1\" content=\"Tiempo de lectura\" \/>\n\t<meta name=\"twitter:data1\" content=\"1 minuto\" \/>\n<script type=\"application\/ld+json\" class=\"yoast-schema-graph\">{\"@context\":\"https:\/\/schema.org\",\"@graph\":[{\"@type\":\"WebPage\",\"@id\":\"https:\/\/wpguerssen-test.odoo.rgbconsulting.com\/es\/producto\/orgasm-metallic-gatefold\/\",\"url\":\"https:\/\/wpguerssen-test.odoo.rgbconsulting.com\/es\/producto\/orgasm-metallic-gatefold\/\",\"name\":\"CROMAGNON - Orgasm (Metallic Gatefold) - (LP) | Guerssen\",\"isPartOf\":{\"@id\":\"https:\/\/wpguerssen-test.odoo.rgbconsulting.com\/es\/#website\"},\"primaryImageOfPage\":{\"@id\":\"https:\/\/wpguerssen-test.odoo.rgbconsulting.com\/es\/producto\/orgasm-metallic-gatefold\/#primaryimage\"},\"image\":{\"@id\":\"https:\/\/wpguerssen-test.odoo.rgbconsulting.com\/es\/producto\/orgasm-metallic-gatefold\/#primaryimage\"},\"thumbnailUrl\":\"https:\/\/wpguerssen-test.odoo.rgbconsulting.com\/wp-content\/uploads\/2024\/03\/47298.jpg\",\"datePublished\":\"2025-02-24T23:00:00+00:00\",\"dateModified\":\"2025-04-22T13:54:20+00:00\",\"description\":\"NOT EXPORTABLE TO USACertainly one of the weirdest experimental & psychedelic album with noise and industrial sonorities, first time released by Esp Disk in 1969, an early cult label of free jazz and weird curiosities.An absolute psychedelic tribal UFO and proto-industrial-noise in the story of music.A pioneer touch of Throbbing Gristle, SPK, Whitehouse, Test Department mixed with something full stoned and tribal ... ahead of its time in the 60's !!!This epic album is presented for the first time remastered with the same real rough sound and same feeling seeked at the time. And more volume added.\",\"breadcrumb\":{\"@id\":\"https:\/\/wpguerssen-test.odoo.rgbconsulting.com\/es\/producto\/orgasm-metallic-gatefold\/#breadcrumb\"},\"inLanguage\":\"es\",\"potentialAction\":[{\"@type\":\"ReadAction\",\"target\":[\"https:\/\/wpguerssen-test.odoo.rgbconsulting.com\/es\/producto\/orgasm-metallic-gatefold\/\"]}]},{\"@type\":\"ImageObject\",\"inLanguage\":\"es\",\"@id\":\"https:\/\/wpguerssen-test.odoo.rgbconsulting.com\/es\/producto\/orgasm-metallic-gatefold\/#primaryimage\",\"url\":\"https:\/\/wpguerssen-test.odoo.rgbconsulting.com\/wp-content\/uploads\/2024\/03\/47298.jpg\",\"contentUrl\":\"https:\/\/wpguerssen-test.odoo.rgbconsulting.com\/wp-content\/uploads\/2024\/03\/47298.jpg\",\"width\":300,\"height\":300},{\"@type\":\"BreadcrumbList\",\"@id\":\"https:\/\/wpguerssen-test.odoo.rgbconsulting.com\/es\/producto\/orgasm-metallic-gatefold\/#breadcrumb\",\"itemListElement\":[{\"@type\":\"ListItem\",\"position\":1,\"name\":\"Inicio\",\"item\":\"https:\/\/wpguerssen-test.odoo.rgbconsulting.com\/es\/\"},{\"@type\":\"ListItem\",\"position\":2,\"name\":\"Shop\",\"item\":\"https:\/\/wpguerssen-test.odoo.rgbconsulting.com\/shop\/\"},{\"@type\":\"ListItem\",\"position\":3,\"name\":\"Orgasm (Metallic Gatefold)\"}]},{\"@type\":\"WebSite\",\"@id\":\"https:\/\/wpguerssen-test.odoo.rgbconsulting.com\/es\/#website\",\"url\":\"https:\/\/wpguerssen-test.odoo.rgbconsulting.com\/es\/\",\"name\":\"Guerssen records\",\"description\":\"psychedelia - progressive - folk - garage \",\"publisher\":{\"@id\":\"https:\/\/wpguerssen-test.odoo.rgbconsulting.com\/es\/#organization\"},\"potentialAction\":[{\"@type\":\"SearchAction\",\"target\":{\"@type\":\"EntryPoint\",\"urlTemplate\":\"https:\/\/wpguerssen-test.odoo.rgbconsulting.com\/es\/?s={search_term_string}\"},\"query-input\":{\"@type\":\"PropertyValueSpecification\",\"valueRequired\":true,\"valueName\":\"search_term_string\"}}],\"inLanguage\":\"es\"},{\"@type\":\"Organization\",\"@id\":\"https:\/\/wpguerssen-test.odoo.rgbconsulting.com\/es\/#organization\",\"name\":\"Guerssen records\",\"url\":\"https:\/\/wpguerssen-test.odoo.rgbconsulting.com\/es\/\",\"logo\":{\"@type\":\"ImageObject\",\"inLanguage\":\"es\",\"@id\":\"https:\/\/wpguerssen-test.odoo.rgbconsulting.com\/es\/#\/schema\/logo\/image\/\",\"url\":\"https:\/\/wpguerssen-test.odoo.rgbconsulting.com\/wp-content\/uploads\/2022\/04\/Logo_Guerssen_trans_100.png\",\"contentUrl\":\"https:\/\/wpguerssen-test.odoo.rgbconsulting.com\/wp-content\/uploads\/2022\/04\/Logo_Guerssen_trans_100.png\",\"width\":122,\"height\":100,\"caption\":\"Guerssen records\"},\"image\":{\"@id\":\"https:\/\/wpguerssen-test.odoo.rgbconsulting.com\/es\/#\/schema\/logo\/image\/\"}}]}<\/script>\n<!-- \/ Yoast SEO plugin. -->","yoast_head_json":{"title":"CROMAGNON - Orgasm (Metallic Gatefold) -  (LP) | Guerssen","description":"NOT EXPORTABLE TO USACertainly one of the weirdest experimental & psychedelic album with noise and industrial sonorities, first time released by Esp Disk in 1969, an early cult label of free jazz and weird curiosities.An absolute psychedelic tribal UFO and proto-industrial-noise in the story of music.A pioneer touch of Throbbing Gristle, SPK, Whitehouse, Test Department mixed with something full stoned and tribal ... ahead of its time in the 60's !!!This epic album is presented for the first time remastered with the same real rough sound and same feeling seeked at the time. And more volume added.","robots":{"index":"index","follow":"follow","max-snippet":"max-snippet:-1","max-image-preview":"max-image-preview:large","max-video-preview":"max-video-preview:-1"},"canonical":"https:\/\/wpguerssen-test.odoo.rgbconsulting.com\/es\/producto\/orgasm-metallic-gatefold\/","og_locale":"es_ES","og_type":"article","og_title":"CROMAGNON - Orgasm (Metallic Gatefold) -  (LP) | Guerssen","og_description":"NOT EXPORTABLE TO USACertainly one of the weirdest experimental & psychedelic album with noise and industrial sonorities, first time released by Esp Disk in 1969, an early cult label of free jazz and weird curiosities.An absolute psychedelic tribal UFO and proto-industrial-noise in the story of music.A pioneer touch of Throbbing Gristle, SPK, Whitehouse, Test Department mixed with something full stoned and tribal ... ahead of its time in the 60's !!!This epic album is presented for the first time remastered with the same real rough sound and same feeling seeked at the time. And more volume added.","og_url":"https:\/\/wpguerssen-test.odoo.rgbconsulting.com\/es\/producto\/orgasm-metallic-gatefold\/","og_site_name":"Guerssen records","article_modified_time":"2025-04-22T13:54:20+00:00","og_image":[{"width":300,"height":300,"url":"https:\/\/wpguerssen-test.odoo.rgbconsulting.com\/wp-content\/uploads\/2024\/03\/47298.jpg","type":"image\/jpeg"}],"twitter_card":"summary_large_image","twitter_title":"CROMAGNON - Orgasm (Metallic Gatefold) -  (LP) | Guerssen","twitter_misc":{"Tiempo de lectura":"1 minuto"},"schema":{"@context":"https:\/\/schema.org","@graph":[{"@type":"WebPage","@id":"https:\/\/wpguerssen-test.odoo.rgbconsulting.com\/es\/producto\/orgasm-metallic-gatefold\/","url":"https:\/\/wpguerssen-test.odoo.rgbconsulting.com\/es\/producto\/orgasm-metallic-gatefold\/","name":"CROMAGNON - Orgasm (Metallic Gatefold) - (LP) | Guerssen","isPartOf":{"@id":"https:\/\/wpguerssen-test.odoo.rgbconsulting.com\/es\/#website"},"primaryImageOfPage":{"@id":"https:\/\/wpguerssen-test.odoo.rgbconsulting.com\/es\/producto\/orgasm-metallic-gatefold\/#primaryimage"},"image":{"@id":"https:\/\/wpguerssen-test.odoo.rgbconsulting.com\/es\/producto\/orgasm-metallic-gatefold\/#primaryimage"},"thumbnailUrl":"https:\/\/wpguerssen-test.odoo.rgbconsulting.com\/wp-content\/uploads\/2024\/03\/47298.jpg","datePublished":"2025-02-24T23:00:00+00:00","dateModified":"2025-04-22T13:54:20+00:00","description":"NOT EXPORTABLE TO USACertainly one of the weirdest experimental & psychedelic album with noise and industrial sonorities, first time released by Esp Disk in 1969, an early cult label of free jazz and weird curiosities.An absolute psychedelic tribal UFO and proto-industrial-noise in the story of music.A pioneer touch of Throbbing Gristle, SPK, Whitehouse, Test Department mixed with something full stoned and tribal ... ahead of its time in the 60's !!!This epic album is presented for the first time remastered with the same real rough sound and same feeling seeked at the time. And more volume added.","breadcrumb":{"@id":"https:\/\/wpguerssen-test.odoo.rgbconsulting.com\/es\/producto\/orgasm-metallic-gatefold\/#breadcrumb"},"inLanguage":"es","potentialAction":[{"@type":"ReadAction","target":["https:\/\/wpguerssen-test.odoo.rgbconsulting.com\/es\/producto\/orgasm-metallic-gatefold\/"]}]},{"@type":"ImageObject","inLanguage":"es","@id":"https:\/\/wpguerssen-test.odoo.rgbconsulting.com\/es\/producto\/orgasm-metallic-gatefold\/#primaryimage","url":"https:\/\/wpguerssen-test.odoo.rgbconsulting.com\/wp-content\/uploads\/2024\/03\/47298.jpg","contentUrl":"https:\/\/wpguerssen-test.odoo.rgbconsulting.com\/wp-content\/uploads\/2024\/03\/47298.jpg","width":300,"height":300},{"@type":"BreadcrumbList","@id":"https:\/\/wpguerssen-test.odoo.rgbconsulting.com\/es\/producto\/orgasm-metallic-gatefold\/#breadcrumb","itemListElement":[{"@type":"ListItem","position":1,"name":"Inicio","item":"https:\/\/wpguerssen-test.odoo.rgbconsulting.com\/es\/"},{"@type":"ListItem","position":2,"name":"Shop","item":"https:\/\/wpguerssen-test.odoo.rgbconsulting.com\/shop\/"},{"@type":"ListItem","position":3,"name":"Orgasm (Metallic Gatefold)"}]},{"@type":"WebSite","@id":"https:\/\/wpguerssen-test.odoo.rgbconsulting.com\/es\/#website","url":"https:\/\/wpguerssen-test.odoo.rgbconsulting.com\/es\/","name":"Guerssen records","description":"psychedelia - progressive - folk - garage ","publisher":{"@id":"https:\/\/wpguerssen-test.odoo.rgbconsulting.com\/es\/#organization"},"potentialAction":[{"@type":"SearchAction","target":{"@type":"EntryPoint","urlTemplate":"https:\/\/wpguerssen-test.odoo.rgbconsulting.com\/es\/?s={search_term_string}"},"query-input":{"@type":"PropertyValueSpecification","valueRequired":true,"valueName":"search_term_string"}}],"inLanguage":"es"},{"@type":"Organization","@id":"https:\/\/wpguerssen-test.odoo.rgbconsulting.com\/es\/#organization","name":"Guerssen records","url":"https:\/\/wpguerssen-test.odoo.rgbconsulting.com\/es\/","logo":{"@type":"ImageObject","inLanguage":"es","@id":"https:\/\/wpguerssen-test.odoo.rgbconsulting.com\/es\/#\/schema\/logo\/image\/","url":"https:\/\/wpguerssen-test.odoo.rgbconsulting.com\/wp-content\/uploads\/2022\/04\/Logo_Guerssen_trans_100.png","contentUrl":"https:\/\/wpguerssen-test.odoo.rgbconsulting.com\/wp-content\/uploads\/2022\/04\/Logo_Guerssen_trans_100.png","width":122,"height":100,"caption":"Guerssen records"},"image":{"@id":"https:\/\/wpguerssen-test.odoo.rgbconsulting.com\/es\/#\/schema\/logo\/image\/"}}]}},"_links":{"self":[{"href":"https:\/\/wpguerssen-test.odoo.rgbconsulting.com\/es\/wp-json\/wp\/v2\/product\/262607","targetHints":{"allow":["GET"]}}],"collection":[{"href":"https:\/\/wpguerssen-test.odoo.rgbconsulting.com\/es\/wp-json\/wp\/v2\/product"}],"about":[{"href":"https:\/\/wpguerssen-test.odoo.rgbconsulting.com\/es\/wp-json\/wp\/v2\/types\/product"}],"wp:featuredmedia":[{"embeddable":true,"href":"https:\/\/wpguerssen-test.odoo.rgbconsulting.com\/es\/wp-json\/wp\/v2\/media\/262642"}],"wp:attachment":[{"href":"https:\/\/wpguerssen-test.odoo.rgbconsulting.com\/es\/wp-json\/wp\/v2\/media?parent=262607"}],"wp:term":[{"taxonomy":"product_brand","embeddable":true,"href":"https:\/\/wpguerssen-test.odoo.rgbconsulting.com\/es\/wp-json\/wp\/v2\/product_brand?post=262607"},{"taxonomy":"product_cat","embeddable":true,"href":"https:\/\/wpguerssen-test.odoo.rgbconsulting.com\/es\/wp-json\/wp\/v2\/product_cat?post=262607"},{"taxonomy":"product_tag","embeddable":true,"href":"https:\/\/wpguerssen-test.odoo.rgbconsulting.com\/es\/wp-json\/wp\/v2\/product_tag?post=262607"}],"curies":[{"name":"wp","href":"https:\/\/api.w.org\/{rel}","templated":true}]}}