{"id":262689,"date":"2025-04-22T00:00:00","date_gmt":"2025-04-21T22:00:00","guid":{"rendered":"https:\/\/wpguerssen-test.odoo.rgbconsulting.com\/product\/memories-tape-rsd\/"},"modified":"2025-04-22T15:54:39","modified_gmt":"2025-04-22T13:54:39","slug":"memories-tape-rsd","status":"publish","type":"product","link":"https:\/\/wpguerssen-test.odoo.rgbconsulting.com\/es\/producto\/memories-tape-rsd\/","title":{"rendered":"Memories &#038; Tape (RSD)"},"content":{"rendered":"<p>French 79 celebra su primer d\u00e9cimo aniversario, complaciendo a los fans de todo el mundo con \u00abMemories &#038; Tapes\u00bb, una edici\u00f3n limitada en vinilo que incluye temas raros de su discograf\u00eda de 4 estrellas. Por primera vez, estas canciones aparecen en un lanzamiento f\u00edsico, explorando temas desde su EP debut \u00abAngel\u00bb de 2014 hasta su \u00faltimo \u00e1lbum \u00abTeenagers\u00bb de 2023, pero tambi\u00e9n el pr\u00f3ximo remix del legendario d\u00fao house alem\u00e1n Booka Shade. La primera cara est\u00e1 dedicada a sus fans que aman su lado techno con Foix (presentado por primera vez para Cercle), el exclusivo Booka Shade Remix, el tema de impulso de su \u00faltima gira mundial Freedom y la divertida versi\u00f3n italo disco de \u00abMemories\u00bb del cerebro brasile\u00f1o Gui Borato. La segunda cara muestra su lado pop, con el ext\u00e1tico y relajado himno \u00abAngel\u00bb, su innovador \u00e9xito \u00abDiamond Veins\u00bb remezclado con una vibra rom\u00e1ntica de onda sint\u00e9tica por su mejor amigo Kid Francescoli, el \u00e9pico powerpop electr\u00f3nico de \u00abThe Year After\u00bb y el Versi\u00f3n larga de \u00abHometown\u00bb con su introducci\u00f3n abrumadora y constructiva. Despu\u00e9s de conquistar el mundo, Simon Henner ahora est\u00e1 listo para embarcarte en su viaje c\u00f3smico explorando nuevas galaxias s\u00f3nicas.<\/p>\n","protected":false},"excerpt":{"rendered":"<p>French 79 celebra su primer d\u00e9cimo aniversario, complaciendo a los fans de todo el mundo con \u00abMemories &#038; Tapes\u00bb, una edici\u00f3n limitada en vinilo que incluye<a class=\"read\" href=\"https:\/\/wpguerssen-test.odoo.rgbconsulting.com\/es\/producto\/memories-tape-rsd\/\"> (...)<\/a>","protected":false},"featured_media":262676,"template":"","meta":{"_acf_changed":false},"product_brand":[],"product_cat":[23266],"product_tag":[24189],"class_list":{"0":"post-262689","1":"product","2":"type-product","3":"status-publish","4":"has-post-thumbnail","6":"product_cat-electronic-es","7":"product_tag-recien-llegadas","8":"pa_artist-french-79","9":"pa_format-lp-es","10":"pa_gender-electronic","11":"pa_label-alter-k","12":"pa_location-europe-es","13":"pa_other-filters-vinyl-only-es","15":"first","16":"instock","17":"taxable","18":"shipping-taxable","19":"purchasable","20":"product-type-simple"},"acf":[],"yoast_head":"<!-- This site is optimized with the Yoast SEO plugin v24.9 - https:\/\/yoast.com\/wordpress\/plugins\/seo\/ -->\n<title>FRENCH 79 - Memories &amp; Tape (RSD) -  (LP) | Guerssen<\/title>\n<meta name=\"description\" content=\"French 79 celebrates his first ten years anniversary, pleasing fans around the world with ,,Memories &amp; Tapes&quot;, a limited vinyl edition including rare tracks from his 4-star discography. For the first time ever these songs appear on a physical release, browsing tracks from his debut EP ,,Angel&quot; from 2014 to his last album ,,Teenagers&quot; from 2023, but also the upcoming remix by legendary German house duo Booka Shade. The first side is dedicated to his fans loving his techno side with Foix (first performed for Cercle), the exclusive Booka Shade Remix, the momentum track from his last world tour Freedom and the playful italo disco version of ,,Memories&quot; by Brazilian mastermind Gui Boratto. The second side is showcasing his pop side, with the ecstatic chill anthem ,,Angel&quot;, his groundbreaking hit ,,Diamond Veins&quot; remixed with a romantic synthwave vibe by his best friend Kid Francescoli, the epic electronic powerpop of ,,The Year After&quot; and the long version of ,,Hometown&quot; with its overwhelming and building intro. After conquering the world, Simon Henner is now ready to embark you in his cosmic journey exploring new sonic galaxies.\" \/>\n<meta name=\"robots\" content=\"index, follow, max-snippet:-1, max-image-preview:large, max-video-preview:-1\" \/>\n<link rel=\"canonical\" href=\"https:\/\/wpguerssen-test.odoo.rgbconsulting.com\/es\/producto\/memories-tape-rsd\/\" \/>\n<meta property=\"og:locale\" content=\"es_ES\" \/>\n<meta property=\"og:type\" content=\"article\" \/>\n<meta property=\"og:title\" content=\"FRENCH 79 - Memories &amp; Tape (RSD) -  (LP) | Guerssen\" \/>\n<meta property=\"og:description\" content=\"French 79 celebrates his first ten years anniversary, pleasing fans around the world with ,,Memories &amp; Tapes&quot;, a limited vinyl edition including rare tracks from his 4-star discography. For the first time ever these songs appear on a physical release, browsing tracks from his debut EP ,,Angel&quot; from 2014 to his last album ,,Teenagers&quot; from 2023, but also the upcoming remix by legendary German house duo Booka Shade. The first side is dedicated to his fans loving his techno side with Foix (first performed for Cercle), the exclusive Booka Shade Remix, the momentum track from his last world tour Freedom and the playful italo disco version of ,,Memories&quot; by Brazilian mastermind Gui Boratto. The second side is showcasing his pop side, with the ecstatic chill anthem ,,Angel&quot;, his groundbreaking hit ,,Diamond Veins&quot; remixed with a romantic synthwave vibe by his best friend Kid Francescoli, the epic electronic powerpop of ,,The Year After&quot; and the long version of ,,Hometown&quot; with its overwhelming and building intro. After conquering the world, Simon Henner is now ready to embark you in his cosmic journey exploring new sonic galaxies.\" \/>\n<meta property=\"og:url\" content=\"https:\/\/wpguerssen-test.odoo.rgbconsulting.com\/es\/producto\/memories-tape-rsd\/\" \/>\n<meta property=\"og:site_name\" content=\"Guerssen records\" \/>\n<meta property=\"article:modified_time\" content=\"2025-04-22T13:54:39+00:00\" \/>\n<meta property=\"og:image\" content=\"https:\/\/wpguerssen-test.odoo.rgbconsulting.com\/wp-content\/uploads\/2024\/03\/47312.jpg\" \/>\n\t<meta property=\"og:image:width\" content=\"800\" \/>\n\t<meta property=\"og:image:height\" content=\"780\" \/>\n\t<meta property=\"og:image:type\" content=\"image\/jpeg\" \/>\n<meta name=\"twitter:card\" content=\"summary_large_image\" \/>\n<meta name=\"twitter:title\" content=\"FRENCH 79 - Memories &amp; Tape (RSD) -  (LP) | Guerssen\" \/>\n<meta name=\"twitter:label1\" content=\"Tiempo de lectura\" \/>\n\t<meta name=\"twitter:data1\" content=\"1 minuto\" \/>\n<script type=\"application\/ld+json\" class=\"yoast-schema-graph\">{\"@context\":\"https:\/\/schema.org\",\"@graph\":[{\"@type\":\"WebPage\",\"@id\":\"https:\/\/wpguerssen-test.odoo.rgbconsulting.com\/es\/producto\/memories-tape-rsd\/\",\"url\":\"https:\/\/wpguerssen-test.odoo.rgbconsulting.com\/es\/producto\/memories-tape-rsd\/\",\"name\":\"FRENCH 79 - Memories & Tape (RSD) - (LP) | Guerssen\",\"isPartOf\":{\"@id\":\"https:\/\/wpguerssen-test.odoo.rgbconsulting.com\/es\/#website\"},\"primaryImageOfPage\":{\"@id\":\"https:\/\/wpguerssen-test.odoo.rgbconsulting.com\/es\/producto\/memories-tape-rsd\/#primaryimage\"},\"image\":{\"@id\":\"https:\/\/wpguerssen-test.odoo.rgbconsulting.com\/es\/producto\/memories-tape-rsd\/#primaryimage\"},\"thumbnailUrl\":\"https:\/\/wpguerssen-test.odoo.rgbconsulting.com\/wp-content\/uploads\/2024\/03\/47312.jpg\",\"datePublished\":\"2025-04-21T22:00:00+00:00\",\"dateModified\":\"2025-04-22T13:54:39+00:00\",\"description\":\"French 79 celebrates his first ten years anniversary, pleasing fans around the world with ,,Memories & Tapes\\\", a limited vinyl edition including rare tracks from his 4-star discography. For the first time ever these songs appear on a physical release, browsing tracks from his debut EP ,,Angel\\\" from 2014 to his last album ,,Teenagers\\\" from 2023, but also the upcoming remix by legendary German house duo Booka Shade. The first side is dedicated to his fans loving his techno side with Foix (first performed for Cercle), the exclusive Booka Shade Remix, the momentum track from his last world tour Freedom and the playful italo disco version of ,,Memories\\\" by Brazilian mastermind Gui Boratto. The second side is showcasing his pop side, with the ecstatic chill anthem ,,Angel\\\", his groundbreaking hit ,,Diamond Veins\\\" remixed with a romantic synthwave vibe by his best friend Kid Francescoli, the epic electronic powerpop of ,,The Year After\\\" and the long version of ,,Hometown\\\" with its overwhelming and building intro. After conquering the world, Simon Henner is now ready to embark you in his cosmic journey exploring new sonic galaxies.\",\"breadcrumb\":{\"@id\":\"https:\/\/wpguerssen-test.odoo.rgbconsulting.com\/es\/producto\/memories-tape-rsd\/#breadcrumb\"},\"inLanguage\":\"es\",\"potentialAction\":[{\"@type\":\"ReadAction\",\"target\":[\"https:\/\/wpguerssen-test.odoo.rgbconsulting.com\/es\/producto\/memories-tape-rsd\/\"]}]},{\"@type\":\"ImageObject\",\"inLanguage\":\"es\",\"@id\":\"https:\/\/wpguerssen-test.odoo.rgbconsulting.com\/es\/producto\/memories-tape-rsd\/#primaryimage\",\"url\":\"https:\/\/wpguerssen-test.odoo.rgbconsulting.com\/wp-content\/uploads\/2024\/03\/47312.jpg\",\"contentUrl\":\"https:\/\/wpguerssen-test.odoo.rgbconsulting.com\/wp-content\/uploads\/2024\/03\/47312.jpg\",\"width\":800,\"height\":780},{\"@type\":\"BreadcrumbList\",\"@id\":\"https:\/\/wpguerssen-test.odoo.rgbconsulting.com\/es\/producto\/memories-tape-rsd\/#breadcrumb\",\"itemListElement\":[{\"@type\":\"ListItem\",\"position\":1,\"name\":\"Inicio\",\"item\":\"https:\/\/wpguerssen-test.odoo.rgbconsulting.com\/es\/\"},{\"@type\":\"ListItem\",\"position\":2,\"name\":\"Shop\",\"item\":\"https:\/\/wpguerssen-test.odoo.rgbconsulting.com\/shop\/\"},{\"@type\":\"ListItem\",\"position\":3,\"name\":\"Memories &#038; Tape (RSD)\"}]},{\"@type\":\"WebSite\",\"@id\":\"https:\/\/wpguerssen-test.odoo.rgbconsulting.com\/es\/#website\",\"url\":\"https:\/\/wpguerssen-test.odoo.rgbconsulting.com\/es\/\",\"name\":\"Guerssen records\",\"description\":\"psychedelia - progressive - folk - garage \",\"publisher\":{\"@id\":\"https:\/\/wpguerssen-test.odoo.rgbconsulting.com\/es\/#organization\"},\"potentialAction\":[{\"@type\":\"SearchAction\",\"target\":{\"@type\":\"EntryPoint\",\"urlTemplate\":\"https:\/\/wpguerssen-test.odoo.rgbconsulting.com\/es\/?s={search_term_string}\"},\"query-input\":{\"@type\":\"PropertyValueSpecification\",\"valueRequired\":true,\"valueName\":\"search_term_string\"}}],\"inLanguage\":\"es\"},{\"@type\":\"Organization\",\"@id\":\"https:\/\/wpguerssen-test.odoo.rgbconsulting.com\/es\/#organization\",\"name\":\"Guerssen records\",\"url\":\"https:\/\/wpguerssen-test.odoo.rgbconsulting.com\/es\/\",\"logo\":{\"@type\":\"ImageObject\",\"inLanguage\":\"es\",\"@id\":\"https:\/\/wpguerssen-test.odoo.rgbconsulting.com\/es\/#\/schema\/logo\/image\/\",\"url\":\"https:\/\/wpguerssen-test.odoo.rgbconsulting.com\/wp-content\/uploads\/2022\/04\/Logo_Guerssen_trans_100.png\",\"contentUrl\":\"https:\/\/wpguerssen-test.odoo.rgbconsulting.com\/wp-content\/uploads\/2022\/04\/Logo_Guerssen_trans_100.png\",\"width\":122,\"height\":100,\"caption\":\"Guerssen records\"},\"image\":{\"@id\":\"https:\/\/wpguerssen-test.odoo.rgbconsulting.com\/es\/#\/schema\/logo\/image\/\"}}]}<\/script>\n<!-- \/ Yoast SEO plugin. -->","yoast_head_json":{"title":"FRENCH 79 - Memories & Tape (RSD) -  (LP) | Guerssen","description":"French 79 celebrates his first ten years anniversary, pleasing fans around the world with ,,Memories & Tapes\", a limited vinyl edition including rare tracks from his 4-star discography. For the first time ever these songs appear on a physical release, browsing tracks from his debut EP ,,Angel\" from 2014 to his last album ,,Teenagers\" from 2023, but also the upcoming remix by legendary German house duo Booka Shade. The first side is dedicated to his fans loving his techno side with Foix (first performed for Cercle), the exclusive Booka Shade Remix, the momentum track from his last world tour Freedom and the playful italo disco version of ,,Memories\" by Brazilian mastermind Gui Boratto. The second side is showcasing his pop side, with the ecstatic chill anthem ,,Angel\", his groundbreaking hit ,,Diamond Veins\" remixed with a romantic synthwave vibe by his best friend Kid Francescoli, the epic electronic powerpop of ,,The Year After\" and the long version of ,,Hometown\" with its overwhelming and building intro. After conquering the world, Simon Henner is now ready to embark you in his cosmic journey exploring new sonic galaxies.","robots":{"index":"index","follow":"follow","max-snippet":"max-snippet:-1","max-image-preview":"max-image-preview:large","max-video-preview":"max-video-preview:-1"},"canonical":"https:\/\/wpguerssen-test.odoo.rgbconsulting.com\/es\/producto\/memories-tape-rsd\/","og_locale":"es_ES","og_type":"article","og_title":"FRENCH 79 - Memories & Tape (RSD) -  (LP) | Guerssen","og_description":"French 79 celebrates his first ten years anniversary, pleasing fans around the world with ,,Memories & Tapes\", a limited vinyl edition including rare tracks from his 4-star discography. For the first time ever these songs appear on a physical release, browsing tracks from his debut EP ,,Angel\" from 2014 to his last album ,,Teenagers\" from 2023, but also the upcoming remix by legendary German house duo Booka Shade. The first side is dedicated to his fans loving his techno side with Foix (first performed for Cercle), the exclusive Booka Shade Remix, the momentum track from his last world tour Freedom and the playful italo disco version of ,,Memories\" by Brazilian mastermind Gui Boratto. The second side is showcasing his pop side, with the ecstatic chill anthem ,,Angel\", his groundbreaking hit ,,Diamond Veins\" remixed with a romantic synthwave vibe by his best friend Kid Francescoli, the epic electronic powerpop of ,,The Year After\" and the long version of ,,Hometown\" with its overwhelming and building intro. After conquering the world, Simon Henner is now ready to embark you in his cosmic journey exploring new sonic galaxies.","og_url":"https:\/\/wpguerssen-test.odoo.rgbconsulting.com\/es\/producto\/memories-tape-rsd\/","og_site_name":"Guerssen records","article_modified_time":"2025-04-22T13:54:39+00:00","og_image":[{"width":800,"height":780,"url":"https:\/\/wpguerssen-test.odoo.rgbconsulting.com\/wp-content\/uploads\/2024\/03\/47312.jpg","type":"image\/jpeg"}],"twitter_card":"summary_large_image","twitter_title":"FRENCH 79 - Memories & Tape (RSD) -  (LP) | Guerssen","twitter_misc":{"Tiempo de lectura":"1 minuto"},"schema":{"@context":"https:\/\/schema.org","@graph":[{"@type":"WebPage","@id":"https:\/\/wpguerssen-test.odoo.rgbconsulting.com\/es\/producto\/memories-tape-rsd\/","url":"https:\/\/wpguerssen-test.odoo.rgbconsulting.com\/es\/producto\/memories-tape-rsd\/","name":"FRENCH 79 - Memories & Tape (RSD) - (LP) | Guerssen","isPartOf":{"@id":"https:\/\/wpguerssen-test.odoo.rgbconsulting.com\/es\/#website"},"primaryImageOfPage":{"@id":"https:\/\/wpguerssen-test.odoo.rgbconsulting.com\/es\/producto\/memories-tape-rsd\/#primaryimage"},"image":{"@id":"https:\/\/wpguerssen-test.odoo.rgbconsulting.com\/es\/producto\/memories-tape-rsd\/#primaryimage"},"thumbnailUrl":"https:\/\/wpguerssen-test.odoo.rgbconsulting.com\/wp-content\/uploads\/2024\/03\/47312.jpg","datePublished":"2025-04-21T22:00:00+00:00","dateModified":"2025-04-22T13:54:39+00:00","description":"French 79 celebrates his first ten years anniversary, pleasing fans around the world with ,,Memories & Tapes\", a limited vinyl edition including rare tracks from his 4-star discography. For the first time ever these songs appear on a physical release, browsing tracks from his debut EP ,,Angel\" from 2014 to his last album ,,Teenagers\" from 2023, but also the upcoming remix by legendary German house duo Booka Shade. The first side is dedicated to his fans loving his techno side with Foix (first performed for Cercle), the exclusive Booka Shade Remix, the momentum track from his last world tour Freedom and the playful italo disco version of ,,Memories\" by Brazilian mastermind Gui Boratto. The second side is showcasing his pop side, with the ecstatic chill anthem ,,Angel\", his groundbreaking hit ,,Diamond Veins\" remixed with a romantic synthwave vibe by his best friend Kid Francescoli, the epic electronic powerpop of ,,The Year After\" and the long version of ,,Hometown\" with its overwhelming and building intro. After conquering the world, Simon Henner is now ready to embark you in his cosmic journey exploring new sonic galaxies.","breadcrumb":{"@id":"https:\/\/wpguerssen-test.odoo.rgbconsulting.com\/es\/producto\/memories-tape-rsd\/#breadcrumb"},"inLanguage":"es","potentialAction":[{"@type":"ReadAction","target":["https:\/\/wpguerssen-test.odoo.rgbconsulting.com\/es\/producto\/memories-tape-rsd\/"]}]},{"@type":"ImageObject","inLanguage":"es","@id":"https:\/\/wpguerssen-test.odoo.rgbconsulting.com\/es\/producto\/memories-tape-rsd\/#primaryimage","url":"https:\/\/wpguerssen-test.odoo.rgbconsulting.com\/wp-content\/uploads\/2024\/03\/47312.jpg","contentUrl":"https:\/\/wpguerssen-test.odoo.rgbconsulting.com\/wp-content\/uploads\/2024\/03\/47312.jpg","width":800,"height":780},{"@type":"BreadcrumbList","@id":"https:\/\/wpguerssen-test.odoo.rgbconsulting.com\/es\/producto\/memories-tape-rsd\/#breadcrumb","itemListElement":[{"@type":"ListItem","position":1,"name":"Inicio","item":"https:\/\/wpguerssen-test.odoo.rgbconsulting.com\/es\/"},{"@type":"ListItem","position":2,"name":"Shop","item":"https:\/\/wpguerssen-test.odoo.rgbconsulting.com\/shop\/"},{"@type":"ListItem","position":3,"name":"Memories &#038; Tape (RSD)"}]},{"@type":"WebSite","@id":"https:\/\/wpguerssen-test.odoo.rgbconsulting.com\/es\/#website","url":"https:\/\/wpguerssen-test.odoo.rgbconsulting.com\/es\/","name":"Guerssen records","description":"psychedelia - progressive - folk - garage ","publisher":{"@id":"https:\/\/wpguerssen-test.odoo.rgbconsulting.com\/es\/#organization"},"potentialAction":[{"@type":"SearchAction","target":{"@type":"EntryPoint","urlTemplate":"https:\/\/wpguerssen-test.odoo.rgbconsulting.com\/es\/?s={search_term_string}"},"query-input":{"@type":"PropertyValueSpecification","valueRequired":true,"valueName":"search_term_string"}}],"inLanguage":"es"},{"@type":"Organization","@id":"https:\/\/wpguerssen-test.odoo.rgbconsulting.com\/es\/#organization","name":"Guerssen records","url":"https:\/\/wpguerssen-test.odoo.rgbconsulting.com\/es\/","logo":{"@type":"ImageObject","inLanguage":"es","@id":"https:\/\/wpguerssen-test.odoo.rgbconsulting.com\/es\/#\/schema\/logo\/image\/","url":"https:\/\/wpguerssen-test.odoo.rgbconsulting.com\/wp-content\/uploads\/2022\/04\/Logo_Guerssen_trans_100.png","contentUrl":"https:\/\/wpguerssen-test.odoo.rgbconsulting.com\/wp-content\/uploads\/2022\/04\/Logo_Guerssen_trans_100.png","width":122,"height":100,"caption":"Guerssen records"},"image":{"@id":"https:\/\/wpguerssen-test.odoo.rgbconsulting.com\/es\/#\/schema\/logo\/image\/"}}]}},"_links":{"self":[{"href":"https:\/\/wpguerssen-test.odoo.rgbconsulting.com\/es\/wp-json\/wp\/v2\/product\/262689","targetHints":{"allow":["GET"]}}],"collection":[{"href":"https:\/\/wpguerssen-test.odoo.rgbconsulting.com\/es\/wp-json\/wp\/v2\/product"}],"about":[{"href":"https:\/\/wpguerssen-test.odoo.rgbconsulting.com\/es\/wp-json\/wp\/v2\/types\/product"}],"wp:featuredmedia":[{"embeddable":true,"href":"https:\/\/wpguerssen-test.odoo.rgbconsulting.com\/es\/wp-json\/wp\/v2\/media\/262676"}],"wp:attachment":[{"href":"https:\/\/wpguerssen-test.odoo.rgbconsulting.com\/es\/wp-json\/wp\/v2\/media?parent=262689"}],"wp:term":[{"taxonomy":"product_brand","embeddable":true,"href":"https:\/\/wpguerssen-test.odoo.rgbconsulting.com\/es\/wp-json\/wp\/v2\/product_brand?post=262689"},{"taxonomy":"product_cat","embeddable":true,"href":"https:\/\/wpguerssen-test.odoo.rgbconsulting.com\/es\/wp-json\/wp\/v2\/product_cat?post=262689"},{"taxonomy":"product_tag","embeddable":true,"href":"https:\/\/wpguerssen-test.odoo.rgbconsulting.com\/es\/wp-json\/wp\/v2\/product_tag?post=262689"}],"curies":[{"name":"wp","href":"https:\/\/api.w.org\/{rel}","templated":true}]}}