{"id":262709,"date":"2024-04-26T00:00:00","date_gmt":"2024-04-25T22:00:00","guid":{"rendered":"https:\/\/wpguerssen-test.odoo.rgbconsulting.com\/product\/el-guacal-de-la-salsa\/"},"modified":"2025-04-17T15:17:14","modified_gmt":"2025-04-17T13:17:14","slug":"el-guacal-de-la-salsa","status":"publish","type":"product","link":"https:\/\/wpguerssen-test.odoo.rgbconsulting.com\/es\/producto\/el-guacal-de-la-salsa\/","title":{"rendered":"El Guacal de La Salsa"},"content":{"rendered":"<p>El rescate del \u00fanico disco de la Orquesta La Solvencia simboliza muy bien el sentido cabal de la misi\u00f3n del sello El Palmas, obstinado en mantener viva la historia de la salsa en Venezuela, recuperando la m\u00fasica intr\u00e9pida y genuina con la que se construyeron los pilares del g\u00e9nero. <\/p>\n<p> En la \u00e9poca en la que apareci\u00f3 este \u00e1lbum, editado originalmente por el sello Corpodisco en 1980, \u00abse tocaba guaguanc\u00f3, guaracha, son y merengue, pero los ritmos latinos todav\u00eda no estaban etiquetados definitivamente como salsa\u00bb, cuenta Felipe D\u00edaz, cantante de La Solvencia. <\/p>\n<p> Hab\u00eda muchas orquestas de este tipo en Venezuela. Sol\u00edan recorrer en cada temporada decenas y decenas de pueblos para animar las fiestas de distintos santos patronos, celebraciones populares en las que la gente se entregaba al baile en un clima de trance colectivo. <\/p>\n<p> La combinaci\u00f3n del groove natural y contagioso de los temas de La Solvencia con letras que pintan con trazos tan simples como certeros la vida cotidiana de la gente de a pie, sus alegr\u00edas y decepciones, sus urgencias y sinsabores, transform\u00f3 a la agrupaci\u00f3n en una de las favoritas del p\u00fablico salsero de Venezuela. <\/p>\n<p> Tracklist:<br \/>SIDE A: 1. El Sonero de Monte Adentro &#8211; 2. Quien No Trabaja &#8211; 3. Lejano Amor &#8211; 4. El Cutis<br \/>SIDE B: 1. El Polo &#8211; 2. Negrita de Barlovento &#8211; 3. Llegar\u00e1 El D\u00eda &#8211; 4. La Burrita de Miguel<\/p>\n","protected":false},"excerpt":{"rendered":"<p>El rescate del \u00fanico disco de la Orquesta La Solvencia simboliza muy bien el sentido cabal de la misi\u00f3n del sello El Palmas, obstinado en mantener viva la historia<a class=\"read\" href=\"https:\/\/wpguerssen-test.odoo.rgbconsulting.com\/es\/producto\/el-guacal-de-la-salsa\/\"> (...)<\/a>","protected":false},"featured_media":262701,"template":"","meta":{"_acf_changed":false},"product_brand":[],"product_cat":[23231],"product_tag":[],"class_list":{"0":"post-262709","1":"product","2":"type-product","3":"status-publish","4":"has-post-thumbnail","6":"product_cat-latin-brazilian-es","7":"pa_artist-orquesta-la-solvencia","8":"pa_format-lp-es","9":"pa_gender-latin-brazilian","10":"pa_label-el-palmas-music","11":"pa_location-south-america-caribbean-es","12":"pa_other-filters-vinyl-only-es","14":"first","15":"instock","16":"taxable","17":"shipping-taxable","18":"purchasable","19":"product-type-simple"},"acf":[],"yoast_head":"<!-- This site is optimized with the Yoast SEO plugin v24.9 - https:\/\/yoast.com\/wordpress\/plugins\/seo\/ -->\n<title>ORQUESTA LA SOLVENCIA - El Guacal de La Salsa -  (LP) | Guerssen<\/title>\n<meta name=\"description\" content=\"The rescue of the only album by the La Solvencia Orquesta symbolizes very well the full meaning of the mission of the El Palmas label, stubborn in keeping the history of salsa alive in Venezuela, recovering the intrepid and genuine music with which the pillars of the salsa genre were built. #nl# At the time this album appeared, originally released by the Corpodisco label in 1980, &quot;guaguanc\u00f3, guaracha, son and merengue were played, but Latin rhythms were not yet definitively labeled as salsa&quot; says Felipe D\u00edaz, singer of La Solvencia. #nl# There were many orchestras of this type in Venezuela. Every season they used to visit dozens and dozens of towns to celebrate the festivities of different patron saints, popular celebrations in which people gave themselves up to dancing in an atmosphere of collective trance. #nl# The combination of the natural and contagious groove of La Solvencia&#039;s songs with lyrics that paint with strokes as simple as they are accurate the daily life of ordinary people, their joys and disappointments, their urgencies and troubles, transformed the group into one of the favorites of the Venezuelan salsa public. #nl# Tracklist:SIDE A: 1. El Sonero de Monte Adentro - 2. Quien No Trabaja - 3. Lejano Amor - 4. El CutisSIDE B: 1. El Polo - 2. Negrita de Barlovento - 3. Llegar\u00e1 El D\u00eda - 4. La Burrita de Miguel\" \/>\n<meta name=\"robots\" content=\"index, follow, max-snippet:-1, max-image-preview:large, max-video-preview:-1\" \/>\n<link rel=\"canonical\" href=\"https:\/\/wpguerssen-test.odoo.rgbconsulting.com\/es\/producto\/el-guacal-de-la-salsa\/\" \/>\n<meta property=\"og:locale\" content=\"es_ES\" \/>\n<meta property=\"og:type\" content=\"article\" \/>\n<meta property=\"og:title\" content=\"ORQUESTA LA SOLVENCIA - El Guacal de La Salsa -  (LP) | Guerssen\" \/>\n<meta property=\"og:description\" content=\"The rescue of the only album by the La Solvencia Orquesta symbolizes very well the full meaning of the mission of the El Palmas label, stubborn in keeping the history of salsa alive in Venezuela, recovering the intrepid and genuine music with which the pillars of the salsa genre were built. #nl# At the time this album appeared, originally released by the Corpodisco label in 1980, &quot;guaguanc\u00f3, guaracha, son and merengue were played, but Latin rhythms were not yet definitively labeled as salsa&quot; says Felipe D\u00edaz, singer of La Solvencia. #nl# There were many orchestras of this type in Venezuela. Every season they used to visit dozens and dozens of towns to celebrate the festivities of different patron saints, popular celebrations in which people gave themselves up to dancing in an atmosphere of collective trance. #nl# The combination of the natural and contagious groove of La Solvencia&#039;s songs with lyrics that paint with strokes as simple as they are accurate the daily life of ordinary people, their joys and disappointments, their urgencies and troubles, transformed the group into one of the favorites of the Venezuelan salsa public. #nl# Tracklist:SIDE A: 1. El Sonero de Monte Adentro - 2. Quien No Trabaja - 3. Lejano Amor - 4. El CutisSIDE B: 1. El Polo - 2. Negrita de Barlovento - 3. Llegar\u00e1 El D\u00eda - 4. La Burrita de Miguel\" \/>\n<meta property=\"og:url\" content=\"https:\/\/wpguerssen-test.odoo.rgbconsulting.com\/es\/producto\/el-guacal-de-la-salsa\/\" \/>\n<meta property=\"og:site_name\" content=\"Guerssen records\" \/>\n<meta property=\"article:modified_time\" content=\"2025-04-17T13:17:14+00:00\" \/>\n<meta property=\"og:image\" content=\"https:\/\/wpguerssen-test.odoo.rgbconsulting.com\/wp-content\/uploads\/2024\/03\/47315.jpg\" \/>\n\t<meta property=\"og:image:width\" content=\"1200\" \/>\n\t<meta property=\"og:image:height\" content=\"1200\" \/>\n\t<meta property=\"og:image:type\" content=\"image\/jpeg\" \/>\n<meta name=\"twitter:card\" content=\"summary_large_image\" \/>\n<meta name=\"twitter:title\" content=\"ORQUESTA LA SOLVENCIA - El Guacal de La Salsa -  (LP) | Guerssen\" \/>\n<meta name=\"twitter:label1\" content=\"Tiempo de lectura\" \/>\n\t<meta name=\"twitter:data1\" content=\"1 minuto\" \/>\n<script type=\"application\/ld+json\" class=\"yoast-schema-graph\">{\"@context\":\"https:\/\/schema.org\",\"@graph\":[{\"@type\":\"WebPage\",\"@id\":\"https:\/\/wpguerssen-test.odoo.rgbconsulting.com\/es\/producto\/el-guacal-de-la-salsa\/\",\"url\":\"https:\/\/wpguerssen-test.odoo.rgbconsulting.com\/es\/producto\/el-guacal-de-la-salsa\/\",\"name\":\"ORQUESTA LA SOLVENCIA - El Guacal de La Salsa - (LP) | Guerssen\",\"isPartOf\":{\"@id\":\"https:\/\/wpguerssen-test.odoo.rgbconsulting.com\/es\/#website\"},\"primaryImageOfPage\":{\"@id\":\"https:\/\/wpguerssen-test.odoo.rgbconsulting.com\/es\/producto\/el-guacal-de-la-salsa\/#primaryimage\"},\"image\":{\"@id\":\"https:\/\/wpguerssen-test.odoo.rgbconsulting.com\/es\/producto\/el-guacal-de-la-salsa\/#primaryimage\"},\"thumbnailUrl\":\"https:\/\/wpguerssen-test.odoo.rgbconsulting.com\/wp-content\/uploads\/2024\/03\/47315.jpg\",\"datePublished\":\"2024-04-25T22:00:00+00:00\",\"dateModified\":\"2025-04-17T13:17:14+00:00\",\"description\":\"The rescue of the only album by the La Solvencia Orquesta symbolizes very well the full meaning of the mission of the El Palmas label, stubborn in keeping the history of salsa alive in Venezuela, recovering the intrepid and genuine music with which the pillars of the salsa genre were built. #nl# At the time this album appeared, originally released by the Corpodisco label in 1980, \\\"guaguanc\u00f3, guaracha, son and merengue were played, but Latin rhythms were not yet definitively labeled as salsa\\\" says Felipe D\u00edaz, singer of La Solvencia. #nl# There were many orchestras of this type in Venezuela. Every season they used to visit dozens and dozens of towns to celebrate the festivities of different patron saints, popular celebrations in which people gave themselves up to dancing in an atmosphere of collective trance. #nl# The combination of the natural and contagious groove of La Solvencia's songs with lyrics that paint with strokes as simple as they are accurate the daily life of ordinary people, their joys and disappointments, their urgencies and troubles, transformed the group into one of the favorites of the Venezuelan salsa public. #nl# Tracklist:SIDE A: 1. El Sonero de Monte Adentro - 2. Quien No Trabaja - 3. Lejano Amor - 4. El CutisSIDE B: 1. El Polo - 2. Negrita de Barlovento - 3. Llegar\u00e1 El D\u00eda - 4. La Burrita de Miguel\",\"breadcrumb\":{\"@id\":\"https:\/\/wpguerssen-test.odoo.rgbconsulting.com\/es\/producto\/el-guacal-de-la-salsa\/#breadcrumb\"},\"inLanguage\":\"es\",\"potentialAction\":[{\"@type\":\"ReadAction\",\"target\":[\"https:\/\/wpguerssen-test.odoo.rgbconsulting.com\/es\/producto\/el-guacal-de-la-salsa\/\"]}]},{\"@type\":\"ImageObject\",\"inLanguage\":\"es\",\"@id\":\"https:\/\/wpguerssen-test.odoo.rgbconsulting.com\/es\/producto\/el-guacal-de-la-salsa\/#primaryimage\",\"url\":\"https:\/\/wpguerssen-test.odoo.rgbconsulting.com\/wp-content\/uploads\/2024\/03\/47315.jpg\",\"contentUrl\":\"https:\/\/wpguerssen-test.odoo.rgbconsulting.com\/wp-content\/uploads\/2024\/03\/47315.jpg\",\"width\":1200,\"height\":1200},{\"@type\":\"BreadcrumbList\",\"@id\":\"https:\/\/wpguerssen-test.odoo.rgbconsulting.com\/es\/producto\/el-guacal-de-la-salsa\/#breadcrumb\",\"itemListElement\":[{\"@type\":\"ListItem\",\"position\":1,\"name\":\"Inicio\",\"item\":\"https:\/\/wpguerssen-test.odoo.rgbconsulting.com\/es\/\"},{\"@type\":\"ListItem\",\"position\":2,\"name\":\"Shop\",\"item\":\"https:\/\/wpguerssen-test.odoo.rgbconsulting.com\/shop\/\"},{\"@type\":\"ListItem\",\"position\":3,\"name\":\"El Guacal de La Salsa\"}]},{\"@type\":\"WebSite\",\"@id\":\"https:\/\/wpguerssen-test.odoo.rgbconsulting.com\/es\/#website\",\"url\":\"https:\/\/wpguerssen-test.odoo.rgbconsulting.com\/es\/\",\"name\":\"Guerssen records\",\"description\":\"psychedelia - progressive - folk - garage \",\"publisher\":{\"@id\":\"https:\/\/wpguerssen-test.odoo.rgbconsulting.com\/es\/#organization\"},\"potentialAction\":[{\"@type\":\"SearchAction\",\"target\":{\"@type\":\"EntryPoint\",\"urlTemplate\":\"https:\/\/wpguerssen-test.odoo.rgbconsulting.com\/es\/?s={search_term_string}\"},\"query-input\":{\"@type\":\"PropertyValueSpecification\",\"valueRequired\":true,\"valueName\":\"search_term_string\"}}],\"inLanguage\":\"es\"},{\"@type\":\"Organization\",\"@id\":\"https:\/\/wpguerssen-test.odoo.rgbconsulting.com\/es\/#organization\",\"name\":\"Guerssen records\",\"url\":\"https:\/\/wpguerssen-test.odoo.rgbconsulting.com\/es\/\",\"logo\":{\"@type\":\"ImageObject\",\"inLanguage\":\"es\",\"@id\":\"https:\/\/wpguerssen-test.odoo.rgbconsulting.com\/es\/#\/schema\/logo\/image\/\",\"url\":\"https:\/\/wpguerssen-test.odoo.rgbconsulting.com\/wp-content\/uploads\/2022\/04\/Logo_Guerssen_trans_100.png\",\"contentUrl\":\"https:\/\/wpguerssen-test.odoo.rgbconsulting.com\/wp-content\/uploads\/2022\/04\/Logo_Guerssen_trans_100.png\",\"width\":122,\"height\":100,\"caption\":\"Guerssen records\"},\"image\":{\"@id\":\"https:\/\/wpguerssen-test.odoo.rgbconsulting.com\/es\/#\/schema\/logo\/image\/\"}}]}<\/script>\n<!-- \/ Yoast SEO plugin. -->","yoast_head_json":{"title":"ORQUESTA LA SOLVENCIA - El Guacal de La Salsa -  (LP) | Guerssen","description":"The rescue of the only album by the La Solvencia Orquesta symbolizes very well the full meaning of the mission of the El Palmas label, stubborn in keeping the history of salsa alive in Venezuela, recovering the intrepid and genuine music with which the pillars of the salsa genre were built. #nl# At the time this album appeared, originally released by the Corpodisco label in 1980, \"guaguanc\u00f3, guaracha, son and merengue were played, but Latin rhythms were not yet definitively labeled as salsa\" says Felipe D\u00edaz, singer of La Solvencia. #nl# There were many orchestras of this type in Venezuela. Every season they used to visit dozens and dozens of towns to celebrate the festivities of different patron saints, popular celebrations in which people gave themselves up to dancing in an atmosphere of collective trance. #nl# The combination of the natural and contagious groove of La Solvencia's songs with lyrics that paint with strokes as simple as they are accurate the daily life of ordinary people, their joys and disappointments, their urgencies and troubles, transformed the group into one of the favorites of the Venezuelan salsa public. #nl# Tracklist:SIDE A: 1. El Sonero de Monte Adentro - 2. Quien No Trabaja - 3. Lejano Amor - 4. El CutisSIDE B: 1. El Polo - 2. Negrita de Barlovento - 3. Llegar\u00e1 El D\u00eda - 4. La Burrita de Miguel","robots":{"index":"index","follow":"follow","max-snippet":"max-snippet:-1","max-image-preview":"max-image-preview:large","max-video-preview":"max-video-preview:-1"},"canonical":"https:\/\/wpguerssen-test.odoo.rgbconsulting.com\/es\/producto\/el-guacal-de-la-salsa\/","og_locale":"es_ES","og_type":"article","og_title":"ORQUESTA LA SOLVENCIA - El Guacal de La Salsa -  (LP) | Guerssen","og_description":"The rescue of the only album by the La Solvencia Orquesta symbolizes very well the full meaning of the mission of the El Palmas label, stubborn in keeping the history of salsa alive in Venezuela, recovering the intrepid and genuine music with which the pillars of the salsa genre were built. #nl# At the time this album appeared, originally released by the Corpodisco label in 1980, \"guaguanc\u00f3, guaracha, son and merengue were played, but Latin rhythms were not yet definitively labeled as salsa\" says Felipe D\u00edaz, singer of La Solvencia. #nl# There were many orchestras of this type in Venezuela. Every season they used to visit dozens and dozens of towns to celebrate the festivities of different patron saints, popular celebrations in which people gave themselves up to dancing in an atmosphere of collective trance. #nl# The combination of the natural and contagious groove of La Solvencia's songs with lyrics that paint with strokes as simple as they are accurate the daily life of ordinary people, their joys and disappointments, their urgencies and troubles, transformed the group into one of the favorites of the Venezuelan salsa public. #nl# Tracklist:SIDE A: 1. El Sonero de Monte Adentro - 2. Quien No Trabaja - 3. Lejano Amor - 4. El CutisSIDE B: 1. El Polo - 2. Negrita de Barlovento - 3. Llegar\u00e1 El D\u00eda - 4. La Burrita de Miguel","og_url":"https:\/\/wpguerssen-test.odoo.rgbconsulting.com\/es\/producto\/el-guacal-de-la-salsa\/","og_site_name":"Guerssen records","article_modified_time":"2025-04-17T13:17:14+00:00","og_image":[{"width":1200,"height":1200,"url":"https:\/\/wpguerssen-test.odoo.rgbconsulting.com\/wp-content\/uploads\/2024\/03\/47315.jpg","type":"image\/jpeg"}],"twitter_card":"summary_large_image","twitter_title":"ORQUESTA LA SOLVENCIA - El Guacal de La Salsa -  (LP) | Guerssen","twitter_misc":{"Tiempo de lectura":"1 minuto"},"schema":{"@context":"https:\/\/schema.org","@graph":[{"@type":"WebPage","@id":"https:\/\/wpguerssen-test.odoo.rgbconsulting.com\/es\/producto\/el-guacal-de-la-salsa\/","url":"https:\/\/wpguerssen-test.odoo.rgbconsulting.com\/es\/producto\/el-guacal-de-la-salsa\/","name":"ORQUESTA LA SOLVENCIA - El Guacal de La Salsa - (LP) | Guerssen","isPartOf":{"@id":"https:\/\/wpguerssen-test.odoo.rgbconsulting.com\/es\/#website"},"primaryImageOfPage":{"@id":"https:\/\/wpguerssen-test.odoo.rgbconsulting.com\/es\/producto\/el-guacal-de-la-salsa\/#primaryimage"},"image":{"@id":"https:\/\/wpguerssen-test.odoo.rgbconsulting.com\/es\/producto\/el-guacal-de-la-salsa\/#primaryimage"},"thumbnailUrl":"https:\/\/wpguerssen-test.odoo.rgbconsulting.com\/wp-content\/uploads\/2024\/03\/47315.jpg","datePublished":"2024-04-25T22:00:00+00:00","dateModified":"2025-04-17T13:17:14+00:00","description":"The rescue of the only album by the La Solvencia Orquesta symbolizes very well the full meaning of the mission of the El Palmas label, stubborn in keeping the history of salsa alive in Venezuela, recovering the intrepid and genuine music with which the pillars of the salsa genre were built. #nl# At the time this album appeared, originally released by the Corpodisco label in 1980, \"guaguanc\u00f3, guaracha, son and merengue were played, but Latin rhythms were not yet definitively labeled as salsa\" says Felipe D\u00edaz, singer of La Solvencia. #nl# There were many orchestras of this type in Venezuela. Every season they used to visit dozens and dozens of towns to celebrate the festivities of different patron saints, popular celebrations in which people gave themselves up to dancing in an atmosphere of collective trance. #nl# The combination of the natural and contagious groove of La Solvencia's songs with lyrics that paint with strokes as simple as they are accurate the daily life of ordinary people, their joys and disappointments, their urgencies and troubles, transformed the group into one of the favorites of the Venezuelan salsa public. #nl# Tracklist:SIDE A: 1. El Sonero de Monte Adentro - 2. Quien No Trabaja - 3. Lejano Amor - 4. El CutisSIDE B: 1. El Polo - 2. Negrita de Barlovento - 3. Llegar\u00e1 El D\u00eda - 4. La Burrita de Miguel","breadcrumb":{"@id":"https:\/\/wpguerssen-test.odoo.rgbconsulting.com\/es\/producto\/el-guacal-de-la-salsa\/#breadcrumb"},"inLanguage":"es","potentialAction":[{"@type":"ReadAction","target":["https:\/\/wpguerssen-test.odoo.rgbconsulting.com\/es\/producto\/el-guacal-de-la-salsa\/"]}]},{"@type":"ImageObject","inLanguage":"es","@id":"https:\/\/wpguerssen-test.odoo.rgbconsulting.com\/es\/producto\/el-guacal-de-la-salsa\/#primaryimage","url":"https:\/\/wpguerssen-test.odoo.rgbconsulting.com\/wp-content\/uploads\/2024\/03\/47315.jpg","contentUrl":"https:\/\/wpguerssen-test.odoo.rgbconsulting.com\/wp-content\/uploads\/2024\/03\/47315.jpg","width":1200,"height":1200},{"@type":"BreadcrumbList","@id":"https:\/\/wpguerssen-test.odoo.rgbconsulting.com\/es\/producto\/el-guacal-de-la-salsa\/#breadcrumb","itemListElement":[{"@type":"ListItem","position":1,"name":"Inicio","item":"https:\/\/wpguerssen-test.odoo.rgbconsulting.com\/es\/"},{"@type":"ListItem","position":2,"name":"Shop","item":"https:\/\/wpguerssen-test.odoo.rgbconsulting.com\/shop\/"},{"@type":"ListItem","position":3,"name":"El Guacal de La Salsa"}]},{"@type":"WebSite","@id":"https:\/\/wpguerssen-test.odoo.rgbconsulting.com\/es\/#website","url":"https:\/\/wpguerssen-test.odoo.rgbconsulting.com\/es\/","name":"Guerssen records","description":"psychedelia - progressive - folk - garage ","publisher":{"@id":"https:\/\/wpguerssen-test.odoo.rgbconsulting.com\/es\/#organization"},"potentialAction":[{"@type":"SearchAction","target":{"@type":"EntryPoint","urlTemplate":"https:\/\/wpguerssen-test.odoo.rgbconsulting.com\/es\/?s={search_term_string}"},"query-input":{"@type":"PropertyValueSpecification","valueRequired":true,"valueName":"search_term_string"}}],"inLanguage":"es"},{"@type":"Organization","@id":"https:\/\/wpguerssen-test.odoo.rgbconsulting.com\/es\/#organization","name":"Guerssen records","url":"https:\/\/wpguerssen-test.odoo.rgbconsulting.com\/es\/","logo":{"@type":"ImageObject","inLanguage":"es","@id":"https:\/\/wpguerssen-test.odoo.rgbconsulting.com\/es\/#\/schema\/logo\/image\/","url":"https:\/\/wpguerssen-test.odoo.rgbconsulting.com\/wp-content\/uploads\/2022\/04\/Logo_Guerssen_trans_100.png","contentUrl":"https:\/\/wpguerssen-test.odoo.rgbconsulting.com\/wp-content\/uploads\/2022\/04\/Logo_Guerssen_trans_100.png","width":122,"height":100,"caption":"Guerssen records"},"image":{"@id":"https:\/\/wpguerssen-test.odoo.rgbconsulting.com\/es\/#\/schema\/logo\/image\/"}}]}},"_links":{"self":[{"href":"https:\/\/wpguerssen-test.odoo.rgbconsulting.com\/es\/wp-json\/wp\/v2\/product\/262709","targetHints":{"allow":["GET"]}}],"collection":[{"href":"https:\/\/wpguerssen-test.odoo.rgbconsulting.com\/es\/wp-json\/wp\/v2\/product"}],"about":[{"href":"https:\/\/wpguerssen-test.odoo.rgbconsulting.com\/es\/wp-json\/wp\/v2\/types\/product"}],"wp:featuredmedia":[{"embeddable":true,"href":"https:\/\/wpguerssen-test.odoo.rgbconsulting.com\/es\/wp-json\/wp\/v2\/media\/262701"}],"wp:attachment":[{"href":"https:\/\/wpguerssen-test.odoo.rgbconsulting.com\/es\/wp-json\/wp\/v2\/media?parent=262709"}],"wp:term":[{"taxonomy":"product_brand","embeddable":true,"href":"https:\/\/wpguerssen-test.odoo.rgbconsulting.com\/es\/wp-json\/wp\/v2\/product_brand?post=262709"},{"taxonomy":"product_cat","embeddable":true,"href":"https:\/\/wpguerssen-test.odoo.rgbconsulting.com\/es\/wp-json\/wp\/v2\/product_cat?post=262709"},{"taxonomy":"product_tag","embeddable":true,"href":"https:\/\/wpguerssen-test.odoo.rgbconsulting.com\/es\/wp-json\/wp\/v2\/product_tag?post=262709"}],"curies":[{"name":"wp","href":"https:\/\/api.w.org\/{rel}","templated":true}]}}