{"id":262883,"date":"2024-04-24T00:00:00","date_gmt":"2024-04-23T22:00:00","guid":{"rendered":"https:\/\/wpguerssen-test.odoo.rgbconsulting.com\/product\/black-beauty\/"},"modified":"2024-09-06T13:46:41","modified_gmt":"2024-09-06T11:46:41","slug":"black-beauty","status":"publish","type":"product","link":"https:\/\/wpguerssen-test.odoo.rgbconsulting.com\/es\/producto\/black-beauty\/","title":{"rendered":"Black Beauty"},"content":{"rendered":"<p>Comenzando como Masterettes, un grupo de chicas formado por amigas de la escuela secundaria Brenda Reid, Carol Johnson, Lillian Walker y Sylvia Wilbur, el grupo cambi\u00f3 de enfoque y cambi\u00f3 de nombre despu\u00e9s de que Wilbur fue reemplazado por el esposo de Brenda Reid, Herb Rooney. Su gran \u00e9xito &#8216;Tell Him\u00bb apareci\u00f3 en 1963 despu\u00e9s de que Leiber &#038; Stoller asumiera el mando. Black Beauty de 1971, producido por Rooney, continu\u00f3 el viaje post Leiber &#038; Stoller a trav\u00e9s de la propia versi\u00f3n del soul funky y mel\u00f3dico del grupo, acerc\u00e1ndose al estilo de los Staples Singers con muchas armon\u00edas emotivas. Si te gusta el soul encendido y contundente, necesitas Black Beauty en tu colecci\u00f3n.<\/p>\n","protected":false},"excerpt":{"rendered":"<p>Comenzando como Masterettes, un grupo de chicas formado por amigas de la escuela secundaria Brenda Reid, Carol Johnson, Lillian Walker y Sylvia Wilbur, el grupo cambi\u00f3<a class=\"read\" href=\"https:\/\/wpguerssen-test.odoo.rgbconsulting.com\/es\/producto\/black-beauty\/\"> (...)<\/a>","protected":false},"featured_media":262833,"template":"","meta":{"_acf_changed":false},"product_brand":[],"product_cat":[21649],"product_tag":[],"class_list":{"0":"post-262883","1":"product","2":"type-product","3":"status-publish","4":"has-post-thumbnail","6":"product_cat-soul-rnb-es","7":"pa_artist-exciters-the","8":"pa_format-lp-es","9":"pa_gender-soul-rnb","10":"pa_label-survival-research","11":"pa_location-north-america-es","12":"pa_other-filters-vinyl-only-es","14":"first","15":"instock","16":"taxable","17":"shipping-taxable","18":"purchasable","19":"product-type-simple"},"acf":[],"yoast_head":"<!-- This site is optimized with the Yoast SEO plugin v24.9 - https:\/\/yoast.com\/wordpress\/plugins\/seo\/ -->\n<title>EXCITERS, the - Black Beauty -  (LP) | Guerssen<\/title>\n<meta name=\"description\" content=\"Starting out as the Masterettes, a girl group formed by high school friends Brenda Reid, Carol Johnson, Lillian Walker and Sylvia Wilbur, the group switched focus and changed name after Wilbur was replaced by Brenda Reid&#039;s husband, Herb Rooney, their breakthrough hit &#039;Tell Him&#039; appearing in 1963 after Leiber &amp; Stoller took charge. 1971&#039;s Black Beauty, produced by Rooney, continued the post-L&amp;S journey via the group&#039;s own take of funky and melodic soul, approaching the style of the Staples Singers with plenty of emotive harmonies. If you like your soul switched on, hard-hitting and individual, you need Black Beauty in your collection.\" \/>\n<meta name=\"robots\" content=\"index, follow, max-snippet:-1, max-image-preview:large, max-video-preview:-1\" \/>\n<link rel=\"canonical\" href=\"https:\/\/wpguerssen-test.odoo.rgbconsulting.com\/es\/producto\/black-beauty\/\" \/>\n<meta property=\"og:locale\" content=\"es_ES\" \/>\n<meta property=\"og:type\" content=\"article\" \/>\n<meta property=\"og:title\" content=\"EXCITERS, the - Black Beauty -  (LP) | Guerssen\" \/>\n<meta property=\"og:description\" content=\"Starting out as the Masterettes, a girl group formed by high school friends Brenda Reid, Carol Johnson, Lillian Walker and Sylvia Wilbur, the group switched focus and changed name after Wilbur was replaced by Brenda Reid&#039;s husband, Herb Rooney, their breakthrough hit &#039;Tell Him&#039; appearing in 1963 after Leiber &amp; Stoller took charge. 1971&#039;s Black Beauty, produced by Rooney, continued the post-L&amp;S journey via the group&#039;s own take of funky and melodic soul, approaching the style of the Staples Singers with plenty of emotive harmonies. If you like your soul switched on, hard-hitting and individual, you need Black Beauty in your collection.\" \/>\n<meta property=\"og:url\" content=\"https:\/\/wpguerssen-test.odoo.rgbconsulting.com\/es\/producto\/black-beauty\/\" \/>\n<meta property=\"og:site_name\" content=\"Guerssen records\" \/>\n<meta property=\"article:modified_time\" content=\"2024-09-06T11:46:41+00:00\" \/>\n<meta property=\"og:image\" content=\"https:\/\/wpguerssen-test.odoo.rgbconsulting.com\/wp-content\/uploads\/2024\/03\/47323.jpg\" \/>\n\t<meta property=\"og:image:width\" content=\"886\" \/>\n\t<meta property=\"og:image:height\" content=\"886\" \/>\n\t<meta property=\"og:image:type\" content=\"image\/jpeg\" \/>\n<meta name=\"twitter:card\" content=\"summary_large_image\" \/>\n<meta name=\"twitter:title\" content=\"EXCITERS, the - Black Beauty -  (LP) | Guerssen\" \/>\n<meta name=\"twitter:label1\" content=\"Tiempo de lectura\" \/>\n\t<meta name=\"twitter:data1\" content=\"1 minuto\" \/>\n<script type=\"application\/ld+json\" class=\"yoast-schema-graph\">{\"@context\":\"https:\/\/schema.org\",\"@graph\":[{\"@type\":\"WebPage\",\"@id\":\"https:\/\/wpguerssen-test.odoo.rgbconsulting.com\/es\/producto\/black-beauty\/\",\"url\":\"https:\/\/wpguerssen-test.odoo.rgbconsulting.com\/es\/producto\/black-beauty\/\",\"name\":\"EXCITERS, the - Black Beauty - (LP) | Guerssen\",\"isPartOf\":{\"@id\":\"https:\/\/wpguerssen-test.odoo.rgbconsulting.com\/es\/#website\"},\"primaryImageOfPage\":{\"@id\":\"https:\/\/wpguerssen-test.odoo.rgbconsulting.com\/es\/producto\/black-beauty\/#primaryimage\"},\"image\":{\"@id\":\"https:\/\/wpguerssen-test.odoo.rgbconsulting.com\/es\/producto\/black-beauty\/#primaryimage\"},\"thumbnailUrl\":\"https:\/\/wpguerssen-test.odoo.rgbconsulting.com\/wp-content\/uploads\/2024\/03\/47323.jpg\",\"datePublished\":\"2024-04-23T22:00:00+00:00\",\"dateModified\":\"2024-09-06T11:46:41+00:00\",\"description\":\"Starting out as the Masterettes, a girl group formed by high school friends Brenda Reid, Carol Johnson, Lillian Walker and Sylvia Wilbur, the group switched focus and changed name after Wilbur was replaced by Brenda Reid's husband, Herb Rooney, their breakthrough hit 'Tell Him' appearing in 1963 after Leiber & Stoller took charge. 1971's Black Beauty, produced by Rooney, continued the post-L&S journey via the group's own take of funky and melodic soul, approaching the style of the Staples Singers with plenty of emotive harmonies. If you like your soul switched on, hard-hitting and individual, you need Black Beauty in your collection.\",\"breadcrumb\":{\"@id\":\"https:\/\/wpguerssen-test.odoo.rgbconsulting.com\/es\/producto\/black-beauty\/#breadcrumb\"},\"inLanguage\":\"es\",\"potentialAction\":[{\"@type\":\"ReadAction\",\"target\":[\"https:\/\/wpguerssen-test.odoo.rgbconsulting.com\/es\/producto\/black-beauty\/\"]}]},{\"@type\":\"ImageObject\",\"inLanguage\":\"es\",\"@id\":\"https:\/\/wpguerssen-test.odoo.rgbconsulting.com\/es\/producto\/black-beauty\/#primaryimage\",\"url\":\"https:\/\/wpguerssen-test.odoo.rgbconsulting.com\/wp-content\/uploads\/2024\/03\/47323.jpg\",\"contentUrl\":\"https:\/\/wpguerssen-test.odoo.rgbconsulting.com\/wp-content\/uploads\/2024\/03\/47323.jpg\",\"width\":886,\"height\":886,\"caption\":\"the - Black Beauty - SURVIVAL RESEARCH (LP) | Guerssen\"},{\"@type\":\"BreadcrumbList\",\"@id\":\"https:\/\/wpguerssen-test.odoo.rgbconsulting.com\/es\/producto\/black-beauty\/#breadcrumb\",\"itemListElement\":[{\"@type\":\"ListItem\",\"position\":1,\"name\":\"Inicio\",\"item\":\"https:\/\/wpguerssen-test.odoo.rgbconsulting.com\/es\/\"},{\"@type\":\"ListItem\",\"position\":2,\"name\":\"Shop\",\"item\":\"https:\/\/wpguerssen-test.odoo.rgbconsulting.com\/shop\/\"},{\"@type\":\"ListItem\",\"position\":3,\"name\":\"Black Beauty\"}]},{\"@type\":\"WebSite\",\"@id\":\"https:\/\/wpguerssen-test.odoo.rgbconsulting.com\/es\/#website\",\"url\":\"https:\/\/wpguerssen-test.odoo.rgbconsulting.com\/es\/\",\"name\":\"Guerssen records\",\"description\":\"psychedelia - progressive - folk - garage \",\"publisher\":{\"@id\":\"https:\/\/wpguerssen-test.odoo.rgbconsulting.com\/es\/#organization\"},\"potentialAction\":[{\"@type\":\"SearchAction\",\"target\":{\"@type\":\"EntryPoint\",\"urlTemplate\":\"https:\/\/wpguerssen-test.odoo.rgbconsulting.com\/es\/?s={search_term_string}\"},\"query-input\":{\"@type\":\"PropertyValueSpecification\",\"valueRequired\":true,\"valueName\":\"search_term_string\"}}],\"inLanguage\":\"es\"},{\"@type\":\"Organization\",\"@id\":\"https:\/\/wpguerssen-test.odoo.rgbconsulting.com\/es\/#organization\",\"name\":\"Guerssen records\",\"url\":\"https:\/\/wpguerssen-test.odoo.rgbconsulting.com\/es\/\",\"logo\":{\"@type\":\"ImageObject\",\"inLanguage\":\"es\",\"@id\":\"https:\/\/wpguerssen-test.odoo.rgbconsulting.com\/es\/#\/schema\/logo\/image\/\",\"url\":\"https:\/\/wpguerssen-test.odoo.rgbconsulting.com\/wp-content\/uploads\/2022\/04\/Logo_Guerssen_trans_100.png\",\"contentUrl\":\"https:\/\/wpguerssen-test.odoo.rgbconsulting.com\/wp-content\/uploads\/2022\/04\/Logo_Guerssen_trans_100.png\",\"width\":122,\"height\":100,\"caption\":\"Guerssen records\"},\"image\":{\"@id\":\"https:\/\/wpguerssen-test.odoo.rgbconsulting.com\/es\/#\/schema\/logo\/image\/\"}}]}<\/script>\n<!-- \/ Yoast SEO plugin. -->","yoast_head_json":{"title":"EXCITERS, the - Black Beauty -  (LP) | Guerssen","description":"Starting out as the Masterettes, a girl group formed by high school friends Brenda Reid, Carol Johnson, Lillian Walker and Sylvia Wilbur, the group switched focus and changed name after Wilbur was replaced by Brenda Reid's husband, Herb Rooney, their breakthrough hit 'Tell Him' appearing in 1963 after Leiber & Stoller took charge. 1971's Black Beauty, produced by Rooney, continued the post-L&S journey via the group's own take of funky and melodic soul, approaching the style of the Staples Singers with plenty of emotive harmonies. If you like your soul switched on, hard-hitting and individual, you need Black Beauty in your collection.","robots":{"index":"index","follow":"follow","max-snippet":"max-snippet:-1","max-image-preview":"max-image-preview:large","max-video-preview":"max-video-preview:-1"},"canonical":"https:\/\/wpguerssen-test.odoo.rgbconsulting.com\/es\/producto\/black-beauty\/","og_locale":"es_ES","og_type":"article","og_title":"EXCITERS, the - Black Beauty -  (LP) | Guerssen","og_description":"Starting out as the Masterettes, a girl group formed by high school friends Brenda Reid, Carol Johnson, Lillian Walker and Sylvia Wilbur, the group switched focus and changed name after Wilbur was replaced by Brenda Reid's husband, Herb Rooney, their breakthrough hit 'Tell Him' appearing in 1963 after Leiber & Stoller took charge. 1971's Black Beauty, produced by Rooney, continued the post-L&S journey via the group's own take of funky and melodic soul, approaching the style of the Staples Singers with plenty of emotive harmonies. If you like your soul switched on, hard-hitting and individual, you need Black Beauty in your collection.","og_url":"https:\/\/wpguerssen-test.odoo.rgbconsulting.com\/es\/producto\/black-beauty\/","og_site_name":"Guerssen records","article_modified_time":"2024-09-06T11:46:41+00:00","og_image":[{"width":886,"height":886,"url":"https:\/\/wpguerssen-test.odoo.rgbconsulting.com\/wp-content\/uploads\/2024\/03\/47323.jpg","type":"image\/jpeg"}],"twitter_card":"summary_large_image","twitter_title":"EXCITERS, the - Black Beauty -  (LP) | Guerssen","twitter_misc":{"Tiempo de lectura":"1 minuto"},"schema":{"@context":"https:\/\/schema.org","@graph":[{"@type":"WebPage","@id":"https:\/\/wpguerssen-test.odoo.rgbconsulting.com\/es\/producto\/black-beauty\/","url":"https:\/\/wpguerssen-test.odoo.rgbconsulting.com\/es\/producto\/black-beauty\/","name":"EXCITERS, the - Black Beauty - (LP) | Guerssen","isPartOf":{"@id":"https:\/\/wpguerssen-test.odoo.rgbconsulting.com\/es\/#website"},"primaryImageOfPage":{"@id":"https:\/\/wpguerssen-test.odoo.rgbconsulting.com\/es\/producto\/black-beauty\/#primaryimage"},"image":{"@id":"https:\/\/wpguerssen-test.odoo.rgbconsulting.com\/es\/producto\/black-beauty\/#primaryimage"},"thumbnailUrl":"https:\/\/wpguerssen-test.odoo.rgbconsulting.com\/wp-content\/uploads\/2024\/03\/47323.jpg","datePublished":"2024-04-23T22:00:00+00:00","dateModified":"2024-09-06T11:46:41+00:00","description":"Starting out as the Masterettes, a girl group formed by high school friends Brenda Reid, Carol Johnson, Lillian Walker and Sylvia Wilbur, the group switched focus and changed name after Wilbur was replaced by Brenda Reid's husband, Herb Rooney, their breakthrough hit 'Tell Him' appearing in 1963 after Leiber & Stoller took charge. 1971's Black Beauty, produced by Rooney, continued the post-L&S journey via the group's own take of funky and melodic soul, approaching the style of the Staples Singers with plenty of emotive harmonies. If you like your soul switched on, hard-hitting and individual, you need Black Beauty in your collection.","breadcrumb":{"@id":"https:\/\/wpguerssen-test.odoo.rgbconsulting.com\/es\/producto\/black-beauty\/#breadcrumb"},"inLanguage":"es","potentialAction":[{"@type":"ReadAction","target":["https:\/\/wpguerssen-test.odoo.rgbconsulting.com\/es\/producto\/black-beauty\/"]}]},{"@type":"ImageObject","inLanguage":"es","@id":"https:\/\/wpguerssen-test.odoo.rgbconsulting.com\/es\/producto\/black-beauty\/#primaryimage","url":"https:\/\/wpguerssen-test.odoo.rgbconsulting.com\/wp-content\/uploads\/2024\/03\/47323.jpg","contentUrl":"https:\/\/wpguerssen-test.odoo.rgbconsulting.com\/wp-content\/uploads\/2024\/03\/47323.jpg","width":886,"height":886,"caption":"the - Black Beauty - SURVIVAL RESEARCH (LP) | Guerssen"},{"@type":"BreadcrumbList","@id":"https:\/\/wpguerssen-test.odoo.rgbconsulting.com\/es\/producto\/black-beauty\/#breadcrumb","itemListElement":[{"@type":"ListItem","position":1,"name":"Inicio","item":"https:\/\/wpguerssen-test.odoo.rgbconsulting.com\/es\/"},{"@type":"ListItem","position":2,"name":"Shop","item":"https:\/\/wpguerssen-test.odoo.rgbconsulting.com\/shop\/"},{"@type":"ListItem","position":3,"name":"Black Beauty"}]},{"@type":"WebSite","@id":"https:\/\/wpguerssen-test.odoo.rgbconsulting.com\/es\/#website","url":"https:\/\/wpguerssen-test.odoo.rgbconsulting.com\/es\/","name":"Guerssen records","description":"psychedelia - progressive - folk - garage ","publisher":{"@id":"https:\/\/wpguerssen-test.odoo.rgbconsulting.com\/es\/#organization"},"potentialAction":[{"@type":"SearchAction","target":{"@type":"EntryPoint","urlTemplate":"https:\/\/wpguerssen-test.odoo.rgbconsulting.com\/es\/?s={search_term_string}"},"query-input":{"@type":"PropertyValueSpecification","valueRequired":true,"valueName":"search_term_string"}}],"inLanguage":"es"},{"@type":"Organization","@id":"https:\/\/wpguerssen-test.odoo.rgbconsulting.com\/es\/#organization","name":"Guerssen records","url":"https:\/\/wpguerssen-test.odoo.rgbconsulting.com\/es\/","logo":{"@type":"ImageObject","inLanguage":"es","@id":"https:\/\/wpguerssen-test.odoo.rgbconsulting.com\/es\/#\/schema\/logo\/image\/","url":"https:\/\/wpguerssen-test.odoo.rgbconsulting.com\/wp-content\/uploads\/2022\/04\/Logo_Guerssen_trans_100.png","contentUrl":"https:\/\/wpguerssen-test.odoo.rgbconsulting.com\/wp-content\/uploads\/2022\/04\/Logo_Guerssen_trans_100.png","width":122,"height":100,"caption":"Guerssen records"},"image":{"@id":"https:\/\/wpguerssen-test.odoo.rgbconsulting.com\/es\/#\/schema\/logo\/image\/"}}]}},"_links":{"self":[{"href":"https:\/\/wpguerssen-test.odoo.rgbconsulting.com\/es\/wp-json\/wp\/v2\/product\/262883","targetHints":{"allow":["GET"]}}],"collection":[{"href":"https:\/\/wpguerssen-test.odoo.rgbconsulting.com\/es\/wp-json\/wp\/v2\/product"}],"about":[{"href":"https:\/\/wpguerssen-test.odoo.rgbconsulting.com\/es\/wp-json\/wp\/v2\/types\/product"}],"wp:featuredmedia":[{"embeddable":true,"href":"https:\/\/wpguerssen-test.odoo.rgbconsulting.com\/es\/wp-json\/wp\/v2\/media\/262833"}],"wp:attachment":[{"href":"https:\/\/wpguerssen-test.odoo.rgbconsulting.com\/es\/wp-json\/wp\/v2\/media?parent=262883"}],"wp:term":[{"taxonomy":"product_brand","embeddable":true,"href":"https:\/\/wpguerssen-test.odoo.rgbconsulting.com\/es\/wp-json\/wp\/v2\/product_brand?post=262883"},{"taxonomy":"product_cat","embeddable":true,"href":"https:\/\/wpguerssen-test.odoo.rgbconsulting.com\/es\/wp-json\/wp\/v2\/product_cat?post=262883"},{"taxonomy":"product_tag","embeddable":true,"href":"https:\/\/wpguerssen-test.odoo.rgbconsulting.com\/es\/wp-json\/wp\/v2\/product_tag?post=262883"}],"curies":[{"name":"wp","href":"https:\/\/api.w.org\/{rel}","templated":true}]}}