{"id":263573,"date":"2024-02-29T00:00:00","date_gmt":"2024-02-28T23:00:00","guid":{"rendered":"https:\/\/wpguerssen-test.odoo.rgbconsulting.com\/product\/assim-assado-purple-vinyl-2\/"},"modified":"2025-01-09T15:47:03","modified_gmt":"2025-01-09T14:47:03","slug":"assim-assado-purple-vinyl","status":"publish","type":"product","link":"https:\/\/wpguerssen-test.odoo.rgbconsulting.com\/es\/producto\/assim-assado-purple-vinyl\/","title":{"rendered":"Assim Assado (Purple vinyl)"},"content":{"rendered":"<p>VINILO P\u00daRPURA, S\u00d3LO 100 COPIAS!!! <\/p>\n<p> El nombre de la banda y la portada del disco revelan expl\u00edcitamente la influencia: Secos&#038;Molhados. Invirtiendo en androgenia, rock progresivo y samba-soul, Assim Assado intent\u00f3 ser una respuesta del peque\u00f1o sello CID al enorme \u00e9xito que los Secos&#038;Molhados lograron entre el p\u00fablico joven. Dirigido por Miguel de Deus (antes en Os Braz\u00f5es), quien firm\u00f3 la mayor\u00eda de las composiciones y asumi\u00f3 la guitarra y la voz, el grupo nunca despeg\u00f3, dejando s\u00f3lo este LP, hoy casi olvidado.<br \/>Ahora la reedici\u00f3n de esta rara perla saca a la luz el enorme talento de Miguel De Deus. Rock progresivo, psicodelia, funk y samba-soul a carga de este impactante grupo brasile\u00f1o 70s.<\/p>\n","protected":false},"excerpt":{"rendered":"<p>VINILO P\u00daRPURA, S\u00d3LO 100 COPIAS!!! <\/p>\n<p>\u00a0<\/p>\n<p> El nombre de la banda y la portada del disco revelan expl\u00edcitamente la influencia: Secos&#038;Molhados. Invirtiendo<a class=\"read\" href=\"https:\/\/wpguerssen-test.odoo.rgbconsulting.com\/es\/producto\/assim-assado-purple-vinyl\/\"> (...)<\/a>","protected":false},"featured_media":260699,"template":"","meta":{"_acf_changed":false},"product_brand":[],"product_cat":[21639,23231],"product_tag":[29140],"class_list":{"0":"post-263573","1":"product","2":"type-product","3":"status-publish","4":"has-post-thumbnail","6":"product_cat-psychedelic60s-70s-es","7":"product_cat-latin-brazilian-es","8":"product_tag-color-vinyl-es","9":"pa_artist-assim-assado-es","10":"pa_format-lp-es","11":"pa_gender-psychedelic60s-70s-latin-brazilian","12":"pa_label-groovie-records","13":"pa_location-south-america-caribbean-es","14":"pa_other-filters-vinyl-only-es","16":"first","17":"instock","18":"taxable","19":"shipping-taxable","20":"purchasable","21":"product-type-simple"},"acf":[],"yoast_head":"<!-- This site is optimized with the Yoast SEO plugin v24.9 - https:\/\/yoast.com\/wordpress\/plugins\/seo\/ -->\n<title>ASSIM ASSADO - Assim Assado (Purple vinyl) -  (LP) | Guerssen<\/title>\n<meta name=\"description\" content=\"PURPLE VINYL, 100 COPIES ONLY! #nl# The name of the band and the cover of the disc explicitly reveal the influence: Secos&amp;Molhados. Investing in androgenia, progressive rock and samba-soul, Assim Assado tried to be a response of the small CID label to the enormous success that the Secos&amp;Molhados did to the young public. Led by Miguel de Deus (formerly Os Braz\u00f5es), who signed most of the compositions and assumed the guitar and vocals, the group never took off, leaving only this LP, now almost forgotten. Curiosity: in 1977 Miguel de Deus falls headlong into funk, casting the rather interesting (and rare) &quot;Black Soul Brothers&quot; Also repressed on Groovie Records. Band formed by Miguel de Deus in 1974, inspired by the Secos&amp;Molhados and making clear both in the name, which is copied from a song of Secos&amp;Molhados, both on the cover of the band&#039;s only album. Also the visual was well androgen but the Music, a mixture of psychedelic, Progressive and a strong touch of Brazilian Soul music. The only album that had the same name as the band, did not get repercussion despite presenting a lot of quality. Now the repress of this rare pearl brings to the light the huge talent of Miguel De Deus.\" \/>\n<meta name=\"robots\" content=\"index, follow, max-snippet:-1, max-image-preview:large, max-video-preview:-1\" \/>\n<link rel=\"canonical\" href=\"https:\/\/wpguerssen-test.odoo.rgbconsulting.com\/es\/producto\/assim-assado-purple-vinyl\/\" \/>\n<meta property=\"og:locale\" content=\"es_ES\" \/>\n<meta property=\"og:type\" content=\"article\" \/>\n<meta property=\"og:title\" content=\"ASSIM ASSADO - Assim Assado (Purple vinyl) -  (LP) | Guerssen\" \/>\n<meta property=\"og:description\" content=\"PURPLE VINYL, 100 COPIES ONLY! #nl# The name of the band and the cover of the disc explicitly reveal the influence: Secos&amp;Molhados. Investing in androgenia, progressive rock and samba-soul, Assim Assado tried to be a response of the small CID label to the enormous success that the Secos&amp;Molhados did to the young public. Led by Miguel de Deus (formerly Os Braz\u00f5es), who signed most of the compositions and assumed the guitar and vocals, the group never took off, leaving only this LP, now almost forgotten. Curiosity: in 1977 Miguel de Deus falls headlong into funk, casting the rather interesting (and rare) &quot;Black Soul Brothers&quot; Also repressed on Groovie Records. Band formed by Miguel de Deus in 1974, inspired by the Secos&amp;Molhados and making clear both in the name, which is copied from a song of Secos&amp;Molhados, both on the cover of the band&#039;s only album. Also the visual was well androgen but the Music, a mixture of psychedelic, Progressive and a strong touch of Brazilian Soul music. The only album that had the same name as the band, did not get repercussion despite presenting a lot of quality. Now the repress of this rare pearl brings to the light the huge talent of Miguel De Deus.\" \/>\n<meta property=\"og:url\" content=\"https:\/\/wpguerssen-test.odoo.rgbconsulting.com\/es\/producto\/assim-assado-purple-vinyl\/\" \/>\n<meta property=\"og:site_name\" content=\"Guerssen records\" \/>\n<meta property=\"article:modified_time\" content=\"2025-01-09T14:47:03+00:00\" \/>\n<meta property=\"og:image\" content=\"https:\/\/wpguerssen-test.odoo.rgbconsulting.com\/wp-content\/uploads\/2024\/02\/47049.jpg\" \/>\n\t<meta property=\"og:image:width\" content=\"700\" \/>\n\t<meta property=\"og:image:height\" content=\"700\" \/>\n\t<meta property=\"og:image:type\" content=\"image\/jpeg\" \/>\n<meta name=\"twitter:card\" content=\"summary_large_image\" \/>\n<meta name=\"twitter:title\" content=\"ASSIM ASSADO - Assim Assado (Purple vinyl) -  (LP) | Guerssen\" \/>\n<meta name=\"twitter:label1\" content=\"Tiempo de lectura\" \/>\n\t<meta name=\"twitter:data1\" content=\"1 minuto\" \/>\n<script type=\"application\/ld+json\" class=\"yoast-schema-graph\">{\"@context\":\"https:\/\/schema.org\",\"@graph\":[{\"@type\":\"WebPage\",\"@id\":\"https:\/\/wpguerssen-test.odoo.rgbconsulting.com\/es\/producto\/assim-assado-purple-vinyl\/\",\"url\":\"https:\/\/wpguerssen-test.odoo.rgbconsulting.com\/es\/producto\/assim-assado-purple-vinyl\/\",\"name\":\"ASSIM ASSADO - Assim Assado (Purple vinyl) - (LP) | Guerssen\",\"isPartOf\":{\"@id\":\"https:\/\/wpguerssen-test.odoo.rgbconsulting.com\/es\/#website\"},\"primaryImageOfPage\":{\"@id\":\"https:\/\/wpguerssen-test.odoo.rgbconsulting.com\/es\/producto\/assim-assado-purple-vinyl\/#primaryimage\"},\"image\":{\"@id\":\"https:\/\/wpguerssen-test.odoo.rgbconsulting.com\/es\/producto\/assim-assado-purple-vinyl\/#primaryimage\"},\"thumbnailUrl\":\"https:\/\/wpguerssen-test.odoo.rgbconsulting.com\/wp-content\/uploads\/2024\/02\/47049.jpg\",\"datePublished\":\"2024-02-28T23:00:00+00:00\",\"dateModified\":\"2025-01-09T14:47:03+00:00\",\"description\":\"PURPLE VINYL, 100 COPIES ONLY! #nl# The name of the band and the cover of the disc explicitly reveal the influence: Secos&Molhados. Investing in androgenia, progressive rock and samba-soul, Assim Assado tried to be a response of the small CID label to the enormous success that the Secos&Molhados did to the young public. Led by Miguel de Deus (formerly Os Braz\u00f5es), who signed most of the compositions and assumed the guitar and vocals, the group never took off, leaving only this LP, now almost forgotten. Curiosity: in 1977 Miguel de Deus falls headlong into funk, casting the rather interesting (and rare) \\\"Black Soul Brothers\\\" Also repressed on Groovie Records. Band formed by Miguel de Deus in 1974, inspired by the Secos&Molhados and making clear both in the name, which is copied from a song of Secos&Molhados, both on the cover of the band's only album. Also the visual was well androgen but the Music, a mixture of psychedelic, Progressive and a strong touch of Brazilian Soul music. The only album that had the same name as the band, did not get repercussion despite presenting a lot of quality. Now the repress of this rare pearl brings to the light the huge talent of Miguel De Deus.\",\"breadcrumb\":{\"@id\":\"https:\/\/wpguerssen-test.odoo.rgbconsulting.com\/es\/producto\/assim-assado-purple-vinyl\/#breadcrumb\"},\"inLanguage\":\"es\",\"potentialAction\":[{\"@type\":\"ReadAction\",\"target\":[\"https:\/\/wpguerssen-test.odoo.rgbconsulting.com\/es\/producto\/assim-assado-purple-vinyl\/\"]}]},{\"@type\":\"ImageObject\",\"inLanguage\":\"es\",\"@id\":\"https:\/\/wpguerssen-test.odoo.rgbconsulting.com\/es\/producto\/assim-assado-purple-vinyl\/#primaryimage\",\"url\":\"https:\/\/wpguerssen-test.odoo.rgbconsulting.com\/wp-content\/uploads\/2024\/02\/47049.jpg\",\"contentUrl\":\"https:\/\/wpguerssen-test.odoo.rgbconsulting.com\/wp-content\/uploads\/2024\/02\/47049.jpg\",\"width\":700,\"height\":700},{\"@type\":\"BreadcrumbList\",\"@id\":\"https:\/\/wpguerssen-test.odoo.rgbconsulting.com\/es\/producto\/assim-assado-purple-vinyl\/#breadcrumb\",\"itemListElement\":[{\"@type\":\"ListItem\",\"position\":1,\"name\":\"Inicio\",\"item\":\"https:\/\/wpguerssen-test.odoo.rgbconsulting.com\/es\/\"},{\"@type\":\"ListItem\",\"position\":2,\"name\":\"Shop\",\"item\":\"https:\/\/wpguerssen-test.odoo.rgbconsulting.com\/shop\/\"},{\"@type\":\"ListItem\",\"position\":3,\"name\":\"Assim Assado (Purple vinyl)\"}]},{\"@type\":\"WebSite\",\"@id\":\"https:\/\/wpguerssen-test.odoo.rgbconsulting.com\/es\/#website\",\"url\":\"https:\/\/wpguerssen-test.odoo.rgbconsulting.com\/es\/\",\"name\":\"Guerssen records\",\"description\":\"psychedelia - progressive - folk - garage \",\"publisher\":{\"@id\":\"https:\/\/wpguerssen-test.odoo.rgbconsulting.com\/es\/#organization\"},\"potentialAction\":[{\"@type\":\"SearchAction\",\"target\":{\"@type\":\"EntryPoint\",\"urlTemplate\":\"https:\/\/wpguerssen-test.odoo.rgbconsulting.com\/es\/?s={search_term_string}\"},\"query-input\":{\"@type\":\"PropertyValueSpecification\",\"valueRequired\":true,\"valueName\":\"search_term_string\"}}],\"inLanguage\":\"es\"},{\"@type\":\"Organization\",\"@id\":\"https:\/\/wpguerssen-test.odoo.rgbconsulting.com\/es\/#organization\",\"name\":\"Guerssen records\",\"url\":\"https:\/\/wpguerssen-test.odoo.rgbconsulting.com\/es\/\",\"logo\":{\"@type\":\"ImageObject\",\"inLanguage\":\"es\",\"@id\":\"https:\/\/wpguerssen-test.odoo.rgbconsulting.com\/es\/#\/schema\/logo\/image\/\",\"url\":\"https:\/\/wpguerssen-test.odoo.rgbconsulting.com\/wp-content\/uploads\/2022\/04\/Logo_Guerssen_trans_100.png\",\"contentUrl\":\"https:\/\/wpguerssen-test.odoo.rgbconsulting.com\/wp-content\/uploads\/2022\/04\/Logo_Guerssen_trans_100.png\",\"width\":122,\"height\":100,\"caption\":\"Guerssen records\"},\"image\":{\"@id\":\"https:\/\/wpguerssen-test.odoo.rgbconsulting.com\/es\/#\/schema\/logo\/image\/\"}}]}<\/script>\n<!-- \/ Yoast SEO plugin. -->","yoast_head_json":{"title":"ASSIM ASSADO - Assim Assado (Purple vinyl) -  (LP) | Guerssen","description":"PURPLE VINYL, 100 COPIES ONLY! #nl# The name of the band and the cover of the disc explicitly reveal the influence: Secos&Molhados. Investing in androgenia, progressive rock and samba-soul, Assim Assado tried to be a response of the small CID label to the enormous success that the Secos&Molhados did to the young public. Led by Miguel de Deus (formerly Os Braz\u00f5es), who signed most of the compositions and assumed the guitar and vocals, the group never took off, leaving only this LP, now almost forgotten. Curiosity: in 1977 Miguel de Deus falls headlong into funk, casting the rather interesting (and rare) \"Black Soul Brothers\" Also repressed on Groovie Records. Band formed by Miguel de Deus in 1974, inspired by the Secos&Molhados and making clear both in the name, which is copied from a song of Secos&Molhados, both on the cover of the band's only album. Also the visual was well androgen but the Music, a mixture of psychedelic, Progressive and a strong touch of Brazilian Soul music. The only album that had the same name as the band, did not get repercussion despite presenting a lot of quality. Now the repress of this rare pearl brings to the light the huge talent of Miguel De Deus.","robots":{"index":"index","follow":"follow","max-snippet":"max-snippet:-1","max-image-preview":"max-image-preview:large","max-video-preview":"max-video-preview:-1"},"canonical":"https:\/\/wpguerssen-test.odoo.rgbconsulting.com\/es\/producto\/assim-assado-purple-vinyl\/","og_locale":"es_ES","og_type":"article","og_title":"ASSIM ASSADO - Assim Assado (Purple vinyl) -  (LP) | Guerssen","og_description":"PURPLE VINYL, 100 COPIES ONLY! #nl# The name of the band and the cover of the disc explicitly reveal the influence: Secos&Molhados. Investing in androgenia, progressive rock and samba-soul, Assim Assado tried to be a response of the small CID label to the enormous success that the Secos&Molhados did to the young public. Led by Miguel de Deus (formerly Os Braz\u00f5es), who signed most of the compositions and assumed the guitar and vocals, the group never took off, leaving only this LP, now almost forgotten. Curiosity: in 1977 Miguel de Deus falls headlong into funk, casting the rather interesting (and rare) \"Black Soul Brothers\" Also repressed on Groovie Records. Band formed by Miguel de Deus in 1974, inspired by the Secos&Molhados and making clear both in the name, which is copied from a song of Secos&Molhados, both on the cover of the band's only album. Also the visual was well androgen but the Music, a mixture of psychedelic, Progressive and a strong touch of Brazilian Soul music. The only album that had the same name as the band, did not get repercussion despite presenting a lot of quality. Now the repress of this rare pearl brings to the light the huge talent of Miguel De Deus.","og_url":"https:\/\/wpguerssen-test.odoo.rgbconsulting.com\/es\/producto\/assim-assado-purple-vinyl\/","og_site_name":"Guerssen records","article_modified_time":"2025-01-09T14:47:03+00:00","og_image":[{"width":700,"height":700,"url":"https:\/\/wpguerssen-test.odoo.rgbconsulting.com\/wp-content\/uploads\/2024\/02\/47049.jpg","type":"image\/jpeg"}],"twitter_card":"summary_large_image","twitter_title":"ASSIM ASSADO - Assim Assado (Purple vinyl) -  (LP) | Guerssen","twitter_misc":{"Tiempo de lectura":"1 minuto"},"schema":{"@context":"https:\/\/schema.org","@graph":[{"@type":"WebPage","@id":"https:\/\/wpguerssen-test.odoo.rgbconsulting.com\/es\/producto\/assim-assado-purple-vinyl\/","url":"https:\/\/wpguerssen-test.odoo.rgbconsulting.com\/es\/producto\/assim-assado-purple-vinyl\/","name":"ASSIM ASSADO - Assim Assado (Purple vinyl) - (LP) | Guerssen","isPartOf":{"@id":"https:\/\/wpguerssen-test.odoo.rgbconsulting.com\/es\/#website"},"primaryImageOfPage":{"@id":"https:\/\/wpguerssen-test.odoo.rgbconsulting.com\/es\/producto\/assim-assado-purple-vinyl\/#primaryimage"},"image":{"@id":"https:\/\/wpguerssen-test.odoo.rgbconsulting.com\/es\/producto\/assim-assado-purple-vinyl\/#primaryimage"},"thumbnailUrl":"https:\/\/wpguerssen-test.odoo.rgbconsulting.com\/wp-content\/uploads\/2024\/02\/47049.jpg","datePublished":"2024-02-28T23:00:00+00:00","dateModified":"2025-01-09T14:47:03+00:00","description":"PURPLE VINYL, 100 COPIES ONLY! #nl# The name of the band and the cover of the disc explicitly reveal the influence: Secos&Molhados. Investing in androgenia, progressive rock and samba-soul, Assim Assado tried to be a response of the small CID label to the enormous success that the Secos&Molhados did to the young public. Led by Miguel de Deus (formerly Os Braz\u00f5es), who signed most of the compositions and assumed the guitar and vocals, the group never took off, leaving only this LP, now almost forgotten. Curiosity: in 1977 Miguel de Deus falls headlong into funk, casting the rather interesting (and rare) \"Black Soul Brothers\" Also repressed on Groovie Records. Band formed by Miguel de Deus in 1974, inspired by the Secos&Molhados and making clear both in the name, which is copied from a song of Secos&Molhados, both on the cover of the band's only album. Also the visual was well androgen but the Music, a mixture of psychedelic, Progressive and a strong touch of Brazilian Soul music. The only album that had the same name as the band, did not get repercussion despite presenting a lot of quality. Now the repress of this rare pearl brings to the light the huge talent of Miguel De Deus.","breadcrumb":{"@id":"https:\/\/wpguerssen-test.odoo.rgbconsulting.com\/es\/producto\/assim-assado-purple-vinyl\/#breadcrumb"},"inLanguage":"es","potentialAction":[{"@type":"ReadAction","target":["https:\/\/wpguerssen-test.odoo.rgbconsulting.com\/es\/producto\/assim-assado-purple-vinyl\/"]}]},{"@type":"ImageObject","inLanguage":"es","@id":"https:\/\/wpguerssen-test.odoo.rgbconsulting.com\/es\/producto\/assim-assado-purple-vinyl\/#primaryimage","url":"https:\/\/wpguerssen-test.odoo.rgbconsulting.com\/wp-content\/uploads\/2024\/02\/47049.jpg","contentUrl":"https:\/\/wpguerssen-test.odoo.rgbconsulting.com\/wp-content\/uploads\/2024\/02\/47049.jpg","width":700,"height":700},{"@type":"BreadcrumbList","@id":"https:\/\/wpguerssen-test.odoo.rgbconsulting.com\/es\/producto\/assim-assado-purple-vinyl\/#breadcrumb","itemListElement":[{"@type":"ListItem","position":1,"name":"Inicio","item":"https:\/\/wpguerssen-test.odoo.rgbconsulting.com\/es\/"},{"@type":"ListItem","position":2,"name":"Shop","item":"https:\/\/wpguerssen-test.odoo.rgbconsulting.com\/shop\/"},{"@type":"ListItem","position":3,"name":"Assim Assado (Purple vinyl)"}]},{"@type":"WebSite","@id":"https:\/\/wpguerssen-test.odoo.rgbconsulting.com\/es\/#website","url":"https:\/\/wpguerssen-test.odoo.rgbconsulting.com\/es\/","name":"Guerssen records","description":"psychedelia - progressive - folk - garage ","publisher":{"@id":"https:\/\/wpguerssen-test.odoo.rgbconsulting.com\/es\/#organization"},"potentialAction":[{"@type":"SearchAction","target":{"@type":"EntryPoint","urlTemplate":"https:\/\/wpguerssen-test.odoo.rgbconsulting.com\/es\/?s={search_term_string}"},"query-input":{"@type":"PropertyValueSpecification","valueRequired":true,"valueName":"search_term_string"}}],"inLanguage":"es"},{"@type":"Organization","@id":"https:\/\/wpguerssen-test.odoo.rgbconsulting.com\/es\/#organization","name":"Guerssen records","url":"https:\/\/wpguerssen-test.odoo.rgbconsulting.com\/es\/","logo":{"@type":"ImageObject","inLanguage":"es","@id":"https:\/\/wpguerssen-test.odoo.rgbconsulting.com\/es\/#\/schema\/logo\/image\/","url":"https:\/\/wpguerssen-test.odoo.rgbconsulting.com\/wp-content\/uploads\/2022\/04\/Logo_Guerssen_trans_100.png","contentUrl":"https:\/\/wpguerssen-test.odoo.rgbconsulting.com\/wp-content\/uploads\/2022\/04\/Logo_Guerssen_trans_100.png","width":122,"height":100,"caption":"Guerssen records"},"image":{"@id":"https:\/\/wpguerssen-test.odoo.rgbconsulting.com\/es\/#\/schema\/logo\/image\/"}}]}},"_links":{"self":[{"href":"https:\/\/wpguerssen-test.odoo.rgbconsulting.com\/es\/wp-json\/wp\/v2\/product\/263573","targetHints":{"allow":["GET"]}}],"collection":[{"href":"https:\/\/wpguerssen-test.odoo.rgbconsulting.com\/es\/wp-json\/wp\/v2\/product"}],"about":[{"href":"https:\/\/wpguerssen-test.odoo.rgbconsulting.com\/es\/wp-json\/wp\/v2\/types\/product"}],"wp:featuredmedia":[{"embeddable":true,"href":"https:\/\/wpguerssen-test.odoo.rgbconsulting.com\/es\/wp-json\/wp\/v2\/media\/260699"}],"wp:attachment":[{"href":"https:\/\/wpguerssen-test.odoo.rgbconsulting.com\/es\/wp-json\/wp\/v2\/media?parent=263573"}],"wp:term":[{"taxonomy":"product_brand","embeddable":true,"href":"https:\/\/wpguerssen-test.odoo.rgbconsulting.com\/es\/wp-json\/wp\/v2\/product_brand?post=263573"},{"taxonomy":"product_cat","embeddable":true,"href":"https:\/\/wpguerssen-test.odoo.rgbconsulting.com\/es\/wp-json\/wp\/v2\/product_cat?post=263573"},{"taxonomy":"product_tag","embeddable":true,"href":"https:\/\/wpguerssen-test.odoo.rgbconsulting.com\/es\/wp-json\/wp\/v2\/product_tag?post=263573"}],"curies":[{"name":"wp","href":"https:\/\/api.w.org\/{rel}","templated":true}]}}