{"id":263574,"date":"2017-01-09T00:00:00","date_gmt":"2017-01-08T23:00:00","guid":{"rendered":"https:\/\/wpguerssen-test.odoo.rgbconsulting.com\/product\/crazy-temple\/"},"modified":"2024-09-02T14:35:57","modified_gmt":"2024-09-02T12:35:57","slug":"crazy-temple","status":"publish","type":"product","link":"https:\/\/wpguerssen-test.odoo.rgbconsulting.com\/es\/producto\/crazy-temple\/","title":{"rendered":"Crazy Temple"},"content":{"rendered":"<p>Despu\u00e9s de una pausa de casi 4 a\u00f1os, el sello Avec Plaisir Records, con sede en Berl\u00edn, finalmente regresa con su segundo lanzamiento: una impresionante colecci\u00f3n de seis rarezas casi olvidadas del rock progresivo de la banda austriaca Crazy Temple. El grupo de j\u00f3venes que rodeaban al d\u00fao de compositores G\u00fcnter Schiller y Herbert Bachinger, que se encontraban principalmente activos a finales de los a\u00f1os 70, s\u00f3lo lanzaron en 1980 un casete, \u00abHeavy Birth\u00bb, as\u00ed como el codiciado disco de 7 pulgadas \u00abHomecomer\u00bb, poco antes de que la banda se esparciera a los cuatro vientos. Sus producciones se grabaron en el m\u00edtico Ebensee Studio, donde dos miembros de la banda estaban en n\u00f3mina.<br \/>A pesar de su corta edad, Crazy Temple estableci\u00f3 un sonido \u00fanico y aut\u00e9ntico, llevado por sintetizadores alegres y solos de guitarra serpenteantes adem\u00e1s de la voz madura de G\u00fcnter Schiller que parece fuertemente influenciada por las bandas favoritas de su \u00e9poca. Poder mantener una habitaci\u00f3n en el \u00abSchloss Ebenzweier\u00bb, donde ya compon\u00eda Franz Schubert, podr\u00eda haber ayudado tanto como las hierbas que los j\u00f3venes fumaban durante innumerables horas de ensayo.<br \/>La finalizaci\u00f3n del primer largometraje de Crazy Temple fue originalmente planeado para principios de 1981 &#8212; 43 a\u00f1os despu\u00e9s, el plan se pone en pr\u00e1ctica con la ayuda de los fundadores de Avec Plaisir, Sandra y Hendrik Stein. El disco viene con seis temas originales totalmente remasterizados grabados en 1980 complementados con tres versiones diferentes de \u00abEv&#8217;rything&#8217;s Alright\u00bb y \u00abHomecomer\u00bb de Alias \u00bf\u00bfFrinda di Lanco, de la productora Sandra. La reproducci\u00f3n del grabado de Oto Atman \u00abDie Tr\u00e4umerin von Eden\u00bb como portada a\u00f1ade entusiasmo al aspecto aut\u00e9ntico de este lanzamiento.<\/p>\n","protected":false},"excerpt":{"rendered":"<p>Despu\u00e9s de una pausa de casi 4 a\u00f1os, el sello Avec Plaisir Records, con sede en Berl\u00edn, finalmente regresa con su segundo lanzamiento: una impresionante colecci\u00f3n<a class=\"read\" href=\"https:\/\/wpguerssen-test.odoo.rgbconsulting.com\/es\/producto\/crazy-temple\/\"> (...)<\/a>","protected":false},"featured_media":262989,"template":"","meta":{"_acf_changed":false},"product_brand":[],"product_cat":[23215],"product_tag":[],"class_list":{"0":"post-263574","1":"product","2":"type-product","3":"status-publish","4":"has-post-thumbnail","6":"product_cat-progressive60s-70s-es","7":"pa_artist-crazy-temple","8":"pa_format-lp-es","9":"pa_gender-progressive60s-70s","10":"pa_label-avec-plaisir-records","11":"pa_location-europe-es","12":"pa_other-filters-vinyl-only-es","14":"first","15":"instock","16":"taxable","17":"shipping-taxable","18":"purchasable","19":"product-type-simple"},"acf":[],"yoast_head":"<!-- This site is optimized with the Yoast SEO plugin v24.9 - https:\/\/yoast.com\/wordpress\/plugins\/seo\/ -->\n<title>CRAZY TEMPLE - Crazy Temple -  (LP) | Guerssen<\/title>\n<meta name=\"description\" content=\"After a hiatus of almost 4 years Berlin-based label Avec Plaisir Records is finally back with their second outing: a stunning collection of six almost forgotten Progressive Rock oddities by the Austrian Band Crazy Temple. Being mostly active in the late 70ies, the bunch of youngsters around the songwriting duo G\u00fcnter Schiller and Herbert Bachinger only released one cassette &quot;Heavy Birth&quot; as well as the sought-after 7-inch record &quot;Homecomer&quot; in 1980 shortly before the band was scattered to the four winds. Their productions were recorded in the myth-enshrouded Ebensee Studio, were two members of the band were on the payroll.Despite their fairly young age Crazy Temple established a very unique and authentic sound, carried by breezy synthesizers, meandering guitar-solos and the mature voice of G\u00fcnter Schiller that seems heavily influenced by the favorite bands of their time. Being able to maintain a room in &quot;Schloss Ebenzweier&quot; where already Franz Schubert was composing might have helped equally as the herbs the teens were smoking during countless hours of rehearsal.The completion of the first long-player by Crazy Temple was originally planned for early 1981 -- 43 years later the plan is put into action with the help of Avec Plaisir founders Sandra &amp; Hendrik Stein. The record comes with six fully remastered original tracks recorded in 1980 complemented by three different takes on &quot;Ev&#039;rything&#039;s Alright&quot; and &quot;Homecomer&quot; by label-wright Sandra&#039;s Alias Frinda di Lanco. The reproduction of Oto Atman&#039;s etching &quot;Die Tr\u00e4umerin von Eden&quot; as cover artwork adds zest to the authentic look of this release.\" \/>\n<meta name=\"robots\" content=\"index, follow, max-snippet:-1, max-image-preview:large, max-video-preview:-1\" \/>\n<link rel=\"canonical\" href=\"https:\/\/wpguerssen-test.odoo.rgbconsulting.com\/es\/producto\/crazy-temple\/\" \/>\n<meta property=\"og:locale\" content=\"es_ES\" \/>\n<meta property=\"og:type\" content=\"article\" \/>\n<meta property=\"og:title\" content=\"CRAZY TEMPLE - Crazy Temple -  (LP) | Guerssen\" \/>\n<meta property=\"og:description\" content=\"After a hiatus of almost 4 years Berlin-based label Avec Plaisir Records is finally back with their second outing: a stunning collection of six almost forgotten Progressive Rock oddities by the Austrian Band Crazy Temple. Being mostly active in the late 70ies, the bunch of youngsters around the songwriting duo G\u00fcnter Schiller and Herbert Bachinger only released one cassette &quot;Heavy Birth&quot; as well as the sought-after 7-inch record &quot;Homecomer&quot; in 1980 shortly before the band was scattered to the four winds. Their productions were recorded in the myth-enshrouded Ebensee Studio, were two members of the band were on the payroll.Despite their fairly young age Crazy Temple established a very unique and authentic sound, carried by breezy synthesizers, meandering guitar-solos and the mature voice of G\u00fcnter Schiller that seems heavily influenced by the favorite bands of their time. Being able to maintain a room in &quot;Schloss Ebenzweier&quot; where already Franz Schubert was composing might have helped equally as the herbs the teens were smoking during countless hours of rehearsal.The completion of the first long-player by Crazy Temple was originally planned for early 1981 -- 43 years later the plan is put into action with the help of Avec Plaisir founders Sandra &amp; Hendrik Stein. The record comes with six fully remastered original tracks recorded in 1980 complemented by three different takes on &quot;Ev&#039;rything&#039;s Alright&quot; and &quot;Homecomer&quot; by label-wright Sandra&#039;s Alias Frinda di Lanco. The reproduction of Oto Atman&#039;s etching &quot;Die Tr\u00e4umerin von Eden&quot; as cover artwork adds zest to the authentic look of this release.\" \/>\n<meta property=\"og:url\" content=\"https:\/\/wpguerssen-test.odoo.rgbconsulting.com\/es\/producto\/crazy-temple\/\" \/>\n<meta property=\"og:site_name\" content=\"Guerssen records\" \/>\n<meta property=\"article:modified_time\" content=\"2024-09-02T12:35:57+00:00\" \/>\n<meta property=\"og:image\" content=\"https:\/\/wpguerssen-test.odoo.rgbconsulting.com\/wp-content\/uploads\/2024\/03\/47339.jpg\" \/>\n\t<meta property=\"og:image:width\" content=\"454\" \/>\n\t<meta property=\"og:image:height\" content=\"454\" \/>\n\t<meta property=\"og:image:type\" content=\"image\/jpeg\" \/>\n<meta name=\"twitter:card\" content=\"summary_large_image\" \/>\n<meta name=\"twitter:title\" content=\"CRAZY TEMPLE - Crazy Temple -  (LP) | Guerssen\" \/>\n<meta name=\"twitter:label1\" content=\"Tiempo de lectura\" \/>\n\t<meta name=\"twitter:data1\" content=\"1 minuto\" \/>\n<script type=\"application\/ld+json\" class=\"yoast-schema-graph\">{\"@context\":\"https:\/\/schema.org\",\"@graph\":[{\"@type\":\"WebPage\",\"@id\":\"https:\/\/wpguerssen-test.odoo.rgbconsulting.com\/es\/producto\/crazy-temple\/\",\"url\":\"https:\/\/wpguerssen-test.odoo.rgbconsulting.com\/es\/producto\/crazy-temple\/\",\"name\":\"CRAZY TEMPLE - Crazy Temple - (LP) | Guerssen\",\"isPartOf\":{\"@id\":\"https:\/\/wpguerssen-test.odoo.rgbconsulting.com\/es\/#website\"},\"primaryImageOfPage\":{\"@id\":\"https:\/\/wpguerssen-test.odoo.rgbconsulting.com\/es\/producto\/crazy-temple\/#primaryimage\"},\"image\":{\"@id\":\"https:\/\/wpguerssen-test.odoo.rgbconsulting.com\/es\/producto\/crazy-temple\/#primaryimage\"},\"thumbnailUrl\":\"https:\/\/wpguerssen-test.odoo.rgbconsulting.com\/wp-content\/uploads\/2024\/03\/47339.jpg\",\"datePublished\":\"2017-01-08T23:00:00+00:00\",\"dateModified\":\"2024-09-02T12:35:57+00:00\",\"description\":\"After a hiatus of almost 4 years Berlin-based label Avec Plaisir Records is finally back with their second outing: a stunning collection of six almost forgotten Progressive Rock oddities by the Austrian Band Crazy Temple. Being mostly active in the late 70ies, the bunch of youngsters around the songwriting duo G\u00fcnter Schiller and Herbert Bachinger only released one cassette \\\"Heavy Birth\\\" as well as the sought-after 7-inch record \\\"Homecomer\\\" in 1980 shortly before the band was scattered to the four winds. Their productions were recorded in the myth-enshrouded Ebensee Studio, were two members of the band were on the payroll.Despite their fairly young age Crazy Temple established a very unique and authentic sound, carried by breezy synthesizers, meandering guitar-solos and the mature voice of G\u00fcnter Schiller that seems heavily influenced by the favorite bands of their time. Being able to maintain a room in \\\"Schloss Ebenzweier\\\" where already Franz Schubert was composing might have helped equally as the herbs the teens were smoking during countless hours of rehearsal.The completion of the first long-player by Crazy Temple was originally planned for early 1981 -- 43 years later the plan is put into action with the help of Avec Plaisir founders Sandra & Hendrik Stein. The record comes with six fully remastered original tracks recorded in 1980 complemented by three different takes on \\\"Ev'rything's Alright\\\" and \\\"Homecomer\\\" by label-wright Sandra's Alias Frinda di Lanco. The reproduction of Oto Atman's etching \\\"Die Tr\u00e4umerin von Eden\\\" as cover artwork adds zest to the authentic look of this release.\",\"breadcrumb\":{\"@id\":\"https:\/\/wpguerssen-test.odoo.rgbconsulting.com\/es\/producto\/crazy-temple\/#breadcrumb\"},\"inLanguage\":\"es\",\"potentialAction\":[{\"@type\":\"ReadAction\",\"target\":[\"https:\/\/wpguerssen-test.odoo.rgbconsulting.com\/es\/producto\/crazy-temple\/\"]}]},{\"@type\":\"ImageObject\",\"inLanguage\":\"es\",\"@id\":\"https:\/\/wpguerssen-test.odoo.rgbconsulting.com\/es\/producto\/crazy-temple\/#primaryimage\",\"url\":\"https:\/\/wpguerssen-test.odoo.rgbconsulting.com\/wp-content\/uploads\/2024\/03\/47339.jpg\",\"contentUrl\":\"https:\/\/wpguerssen-test.odoo.rgbconsulting.com\/wp-content\/uploads\/2024\/03\/47339.jpg\",\"width\":454,\"height\":454},{\"@type\":\"BreadcrumbList\",\"@id\":\"https:\/\/wpguerssen-test.odoo.rgbconsulting.com\/es\/producto\/crazy-temple\/#breadcrumb\",\"itemListElement\":[{\"@type\":\"ListItem\",\"position\":1,\"name\":\"Inicio\",\"item\":\"https:\/\/wpguerssen-test.odoo.rgbconsulting.com\/es\/\"},{\"@type\":\"ListItem\",\"position\":2,\"name\":\"Shop\",\"item\":\"https:\/\/wpguerssen-test.odoo.rgbconsulting.com\/shop\/\"},{\"@type\":\"ListItem\",\"position\":3,\"name\":\"Crazy Temple\"}]},{\"@type\":\"WebSite\",\"@id\":\"https:\/\/wpguerssen-test.odoo.rgbconsulting.com\/es\/#website\",\"url\":\"https:\/\/wpguerssen-test.odoo.rgbconsulting.com\/es\/\",\"name\":\"Guerssen records\",\"description\":\"psychedelia - progressive - folk - garage \",\"publisher\":{\"@id\":\"https:\/\/wpguerssen-test.odoo.rgbconsulting.com\/es\/#organization\"},\"potentialAction\":[{\"@type\":\"SearchAction\",\"target\":{\"@type\":\"EntryPoint\",\"urlTemplate\":\"https:\/\/wpguerssen-test.odoo.rgbconsulting.com\/es\/?s={search_term_string}\"},\"query-input\":{\"@type\":\"PropertyValueSpecification\",\"valueRequired\":true,\"valueName\":\"search_term_string\"}}],\"inLanguage\":\"es\"},{\"@type\":\"Organization\",\"@id\":\"https:\/\/wpguerssen-test.odoo.rgbconsulting.com\/es\/#organization\",\"name\":\"Guerssen records\",\"url\":\"https:\/\/wpguerssen-test.odoo.rgbconsulting.com\/es\/\",\"logo\":{\"@type\":\"ImageObject\",\"inLanguage\":\"es\",\"@id\":\"https:\/\/wpguerssen-test.odoo.rgbconsulting.com\/es\/#\/schema\/logo\/image\/\",\"url\":\"https:\/\/wpguerssen-test.odoo.rgbconsulting.com\/wp-content\/uploads\/2022\/04\/Logo_Guerssen_trans_100.png\",\"contentUrl\":\"https:\/\/wpguerssen-test.odoo.rgbconsulting.com\/wp-content\/uploads\/2022\/04\/Logo_Guerssen_trans_100.png\",\"width\":122,\"height\":100,\"caption\":\"Guerssen records\"},\"image\":{\"@id\":\"https:\/\/wpguerssen-test.odoo.rgbconsulting.com\/es\/#\/schema\/logo\/image\/\"}}]}<\/script>\n<!-- \/ Yoast SEO plugin. -->","yoast_head_json":{"title":"CRAZY TEMPLE - Crazy Temple -  (LP) | Guerssen","description":"After a hiatus of almost 4 years Berlin-based label Avec Plaisir Records is finally back with their second outing: a stunning collection of six almost forgotten Progressive Rock oddities by the Austrian Band Crazy Temple. Being mostly active in the late 70ies, the bunch of youngsters around the songwriting duo G\u00fcnter Schiller and Herbert Bachinger only released one cassette \"Heavy Birth\" as well as the sought-after 7-inch record \"Homecomer\" in 1980 shortly before the band was scattered to the four winds. Their productions were recorded in the myth-enshrouded Ebensee Studio, were two members of the band were on the payroll.Despite their fairly young age Crazy Temple established a very unique and authentic sound, carried by breezy synthesizers, meandering guitar-solos and the mature voice of G\u00fcnter Schiller that seems heavily influenced by the favorite bands of their time. Being able to maintain a room in \"Schloss Ebenzweier\" where already Franz Schubert was composing might have helped equally as the herbs the teens were smoking during countless hours of rehearsal.The completion of the first long-player by Crazy Temple was originally planned for early 1981 -- 43 years later the plan is put into action with the help of Avec Plaisir founders Sandra & Hendrik Stein. The record comes with six fully remastered original tracks recorded in 1980 complemented by three different takes on \"Ev'rything's Alright\" and \"Homecomer\" by label-wright Sandra's Alias Frinda di Lanco. The reproduction of Oto Atman's etching \"Die Tr\u00e4umerin von Eden\" as cover artwork adds zest to the authentic look of this release.","robots":{"index":"index","follow":"follow","max-snippet":"max-snippet:-1","max-image-preview":"max-image-preview:large","max-video-preview":"max-video-preview:-1"},"canonical":"https:\/\/wpguerssen-test.odoo.rgbconsulting.com\/es\/producto\/crazy-temple\/","og_locale":"es_ES","og_type":"article","og_title":"CRAZY TEMPLE - Crazy Temple -  (LP) | Guerssen","og_description":"After a hiatus of almost 4 years Berlin-based label Avec Plaisir Records is finally back with their second outing: a stunning collection of six almost forgotten Progressive Rock oddities by the Austrian Band Crazy Temple. Being mostly active in the late 70ies, the bunch of youngsters around the songwriting duo G\u00fcnter Schiller and Herbert Bachinger only released one cassette \"Heavy Birth\" as well as the sought-after 7-inch record \"Homecomer\" in 1980 shortly before the band was scattered to the four winds. Their productions were recorded in the myth-enshrouded Ebensee Studio, were two members of the band were on the payroll.Despite their fairly young age Crazy Temple established a very unique and authentic sound, carried by breezy synthesizers, meandering guitar-solos and the mature voice of G\u00fcnter Schiller that seems heavily influenced by the favorite bands of their time. Being able to maintain a room in \"Schloss Ebenzweier\" where already Franz Schubert was composing might have helped equally as the herbs the teens were smoking during countless hours of rehearsal.The completion of the first long-player by Crazy Temple was originally planned for early 1981 -- 43 years later the plan is put into action with the help of Avec Plaisir founders Sandra & Hendrik Stein. The record comes with six fully remastered original tracks recorded in 1980 complemented by three different takes on \"Ev'rything's Alright\" and \"Homecomer\" by label-wright Sandra's Alias Frinda di Lanco. The reproduction of Oto Atman's etching \"Die Tr\u00e4umerin von Eden\" as cover artwork adds zest to the authentic look of this release.","og_url":"https:\/\/wpguerssen-test.odoo.rgbconsulting.com\/es\/producto\/crazy-temple\/","og_site_name":"Guerssen records","article_modified_time":"2024-09-02T12:35:57+00:00","og_image":[{"width":454,"height":454,"url":"https:\/\/wpguerssen-test.odoo.rgbconsulting.com\/wp-content\/uploads\/2024\/03\/47339.jpg","type":"image\/jpeg"}],"twitter_card":"summary_large_image","twitter_title":"CRAZY TEMPLE - Crazy Temple -  (LP) | Guerssen","twitter_misc":{"Tiempo de lectura":"1 minuto"},"schema":{"@context":"https:\/\/schema.org","@graph":[{"@type":"WebPage","@id":"https:\/\/wpguerssen-test.odoo.rgbconsulting.com\/es\/producto\/crazy-temple\/","url":"https:\/\/wpguerssen-test.odoo.rgbconsulting.com\/es\/producto\/crazy-temple\/","name":"CRAZY TEMPLE - Crazy Temple - (LP) | Guerssen","isPartOf":{"@id":"https:\/\/wpguerssen-test.odoo.rgbconsulting.com\/es\/#website"},"primaryImageOfPage":{"@id":"https:\/\/wpguerssen-test.odoo.rgbconsulting.com\/es\/producto\/crazy-temple\/#primaryimage"},"image":{"@id":"https:\/\/wpguerssen-test.odoo.rgbconsulting.com\/es\/producto\/crazy-temple\/#primaryimage"},"thumbnailUrl":"https:\/\/wpguerssen-test.odoo.rgbconsulting.com\/wp-content\/uploads\/2024\/03\/47339.jpg","datePublished":"2017-01-08T23:00:00+00:00","dateModified":"2024-09-02T12:35:57+00:00","description":"After a hiatus of almost 4 years Berlin-based label Avec Plaisir Records is finally back with their second outing: a stunning collection of six almost forgotten Progressive Rock oddities by the Austrian Band Crazy Temple. Being mostly active in the late 70ies, the bunch of youngsters around the songwriting duo G\u00fcnter Schiller and Herbert Bachinger only released one cassette \"Heavy Birth\" as well as the sought-after 7-inch record \"Homecomer\" in 1980 shortly before the band was scattered to the four winds. Their productions were recorded in the myth-enshrouded Ebensee Studio, were two members of the band were on the payroll.Despite their fairly young age Crazy Temple established a very unique and authentic sound, carried by breezy synthesizers, meandering guitar-solos and the mature voice of G\u00fcnter Schiller that seems heavily influenced by the favorite bands of their time. Being able to maintain a room in \"Schloss Ebenzweier\" where already Franz Schubert was composing might have helped equally as the herbs the teens were smoking during countless hours of rehearsal.The completion of the first long-player by Crazy Temple was originally planned for early 1981 -- 43 years later the plan is put into action with the help of Avec Plaisir founders Sandra & Hendrik Stein. The record comes with six fully remastered original tracks recorded in 1980 complemented by three different takes on \"Ev'rything's Alright\" and \"Homecomer\" by label-wright Sandra's Alias Frinda di Lanco. The reproduction of Oto Atman's etching \"Die Tr\u00e4umerin von Eden\" as cover artwork adds zest to the authentic look of this release.","breadcrumb":{"@id":"https:\/\/wpguerssen-test.odoo.rgbconsulting.com\/es\/producto\/crazy-temple\/#breadcrumb"},"inLanguage":"es","potentialAction":[{"@type":"ReadAction","target":["https:\/\/wpguerssen-test.odoo.rgbconsulting.com\/es\/producto\/crazy-temple\/"]}]},{"@type":"ImageObject","inLanguage":"es","@id":"https:\/\/wpguerssen-test.odoo.rgbconsulting.com\/es\/producto\/crazy-temple\/#primaryimage","url":"https:\/\/wpguerssen-test.odoo.rgbconsulting.com\/wp-content\/uploads\/2024\/03\/47339.jpg","contentUrl":"https:\/\/wpguerssen-test.odoo.rgbconsulting.com\/wp-content\/uploads\/2024\/03\/47339.jpg","width":454,"height":454},{"@type":"BreadcrumbList","@id":"https:\/\/wpguerssen-test.odoo.rgbconsulting.com\/es\/producto\/crazy-temple\/#breadcrumb","itemListElement":[{"@type":"ListItem","position":1,"name":"Inicio","item":"https:\/\/wpguerssen-test.odoo.rgbconsulting.com\/es\/"},{"@type":"ListItem","position":2,"name":"Shop","item":"https:\/\/wpguerssen-test.odoo.rgbconsulting.com\/shop\/"},{"@type":"ListItem","position":3,"name":"Crazy Temple"}]},{"@type":"WebSite","@id":"https:\/\/wpguerssen-test.odoo.rgbconsulting.com\/es\/#website","url":"https:\/\/wpguerssen-test.odoo.rgbconsulting.com\/es\/","name":"Guerssen records","description":"psychedelia - progressive - folk - garage ","publisher":{"@id":"https:\/\/wpguerssen-test.odoo.rgbconsulting.com\/es\/#organization"},"potentialAction":[{"@type":"SearchAction","target":{"@type":"EntryPoint","urlTemplate":"https:\/\/wpguerssen-test.odoo.rgbconsulting.com\/es\/?s={search_term_string}"},"query-input":{"@type":"PropertyValueSpecification","valueRequired":true,"valueName":"search_term_string"}}],"inLanguage":"es"},{"@type":"Organization","@id":"https:\/\/wpguerssen-test.odoo.rgbconsulting.com\/es\/#organization","name":"Guerssen records","url":"https:\/\/wpguerssen-test.odoo.rgbconsulting.com\/es\/","logo":{"@type":"ImageObject","inLanguage":"es","@id":"https:\/\/wpguerssen-test.odoo.rgbconsulting.com\/es\/#\/schema\/logo\/image\/","url":"https:\/\/wpguerssen-test.odoo.rgbconsulting.com\/wp-content\/uploads\/2022\/04\/Logo_Guerssen_trans_100.png","contentUrl":"https:\/\/wpguerssen-test.odoo.rgbconsulting.com\/wp-content\/uploads\/2022\/04\/Logo_Guerssen_trans_100.png","width":122,"height":100,"caption":"Guerssen records"},"image":{"@id":"https:\/\/wpguerssen-test.odoo.rgbconsulting.com\/es\/#\/schema\/logo\/image\/"}}]}},"_links":{"self":[{"href":"https:\/\/wpguerssen-test.odoo.rgbconsulting.com\/es\/wp-json\/wp\/v2\/product\/263574","targetHints":{"allow":["GET"]}}],"collection":[{"href":"https:\/\/wpguerssen-test.odoo.rgbconsulting.com\/es\/wp-json\/wp\/v2\/product"}],"about":[{"href":"https:\/\/wpguerssen-test.odoo.rgbconsulting.com\/es\/wp-json\/wp\/v2\/types\/product"}],"wp:featuredmedia":[{"embeddable":true,"href":"https:\/\/wpguerssen-test.odoo.rgbconsulting.com\/es\/wp-json\/wp\/v2\/media\/262989"}],"wp:attachment":[{"href":"https:\/\/wpguerssen-test.odoo.rgbconsulting.com\/es\/wp-json\/wp\/v2\/media?parent=263574"}],"wp:term":[{"taxonomy":"product_brand","embeddable":true,"href":"https:\/\/wpguerssen-test.odoo.rgbconsulting.com\/es\/wp-json\/wp\/v2\/product_brand?post=263574"},{"taxonomy":"product_cat","embeddable":true,"href":"https:\/\/wpguerssen-test.odoo.rgbconsulting.com\/es\/wp-json\/wp\/v2\/product_cat?post=263574"},{"taxonomy":"product_tag","embeddable":true,"href":"https:\/\/wpguerssen-test.odoo.rgbconsulting.com\/es\/wp-json\/wp\/v2\/product_tag?post=263574"}],"curies":[{"name":"wp","href":"https:\/\/api.w.org\/{rel}","templated":true}]}}