{"id":263638,"date":"2024-04-24T00:00:00","date_gmt":"2024-04-23T22:00:00","guid":{"rendered":"https:\/\/wpguerssen-test.odoo.rgbconsulting.com\/product\/dance-on-the-corner\/"},"modified":"2024-12-05T16:19:25","modified_gmt":"2024-12-05T15:19:25","slug":"dance-on-the-corner","status":"publish","type":"product","link":"https:\/\/wpguerssen-test.odoo.rgbconsulting.com\/es\/producto\/dance-on-the-corner\/","title":{"rendered":"Dance On The Corner"},"content":{"rendered":"<p>Toaster Jah Thomas comenz\u00f3 su carrera en los sistemas de sonido del oeste de Kingston a mediados de la d\u00e9cada de 1970, causando un gran revuelo con &#8216;Midnight Rock&#8217; en 1976. Despu\u00e9s de un LP debut para Channel One, su producci\u00f3n propia Dance On The Corner elev\u00f3 el list\u00f3n varios niveles. Con la voz en el estudio de King Tubby, mezclado por Tubby, Jammy y Scientist y editado por el propio King, el \u00e1lbum tiene a Thomas charlando sobre los duros ritmos de Roots Radics utilizados anteriormente por Barrington Levy: la plataforma perfecta para los c\u00e1nticos relajados, las quejas molestas y los comentarios de Thomas sobre la vida jamaicana. Este es Jah Thomas en su mejor momento: \u00a1imprescindible para todos los fan\u00e1ticos del reggae, dub, deejay y dancehall!<\/p>\n","protected":false},"excerpt":{"rendered":"<p>Toaster Jah Thomas comenz\u00f3 su carrera en los sistemas de sonido del oeste de Kingston a mediados de la d\u00e9cada de 1970, causando un gran revuelo con &#8216;Midnight<a class=\"read\" href=\"https:\/\/wpguerssen-test.odoo.rgbconsulting.com\/es\/producto\/dance-on-the-corner\/\"> (...)<\/a>","protected":false},"featured_media":263610,"template":"","meta":{"_acf_changed":false},"product_brand":[],"product_cat":[21666],"product_tag":[],"class_list":{"0":"post-263638","1":"product","2":"type-product","3":"status-publish","4":"has-post-thumbnail","6":"product_cat-reggae-ska-dub-es","7":"pa_artist-thomas-jah","8":"pa_format-lp-es","9":"pa_gender-reggae-ska-dub","10":"pa_label-radiation-roots-es","11":"pa_location-south-america-caribbean-es","12":"pa_other-filters-vinyl-only-es","14":"first","15":"instock","16":"taxable","17":"shipping-taxable","18":"purchasable","19":"product-type-simple"},"acf":[],"yoast_head":"<!-- This site is optimized with the Yoast SEO plugin v24.9 - https:\/\/yoast.com\/wordpress\/plugins\/seo\/ -->\n<title>THOMAS, Jah - Dance On The Corner -  (LP) | Guerssen<\/title>\n<meta name=\"description\" content=\"Toaster Jah Thomas began his career on the west Kingston sound systems of the mid-1970s, making a massive splash with &#039;Midnight Rock&#039; in 1976. After a debut LP for Channel One, his self-produced Dance On The Corner raised the bar several levels. Voiced at King Tubby&#039;s studio, mixed by Tubby, Jammy and Scientist and edited by the King himself, the album has Thomas chatting over hard Roots Radics rhythms earlier used by Barrington Levy - the perfect platform for Thomas&#039; relaxed chants, vexed rants, and commentaries on Jamaican life. This is Jah Thomas at his best - a must for all fans of reggae, dub, deejay, and dancehall!\" \/>\n<meta name=\"robots\" content=\"index, follow, max-snippet:-1, max-image-preview:large, max-video-preview:-1\" \/>\n<link rel=\"canonical\" href=\"https:\/\/wpguerssen-test.odoo.rgbconsulting.com\/es\/producto\/dance-on-the-corner\/\" \/>\n<meta property=\"og:locale\" content=\"es_ES\" \/>\n<meta property=\"og:type\" content=\"article\" \/>\n<meta property=\"og:title\" content=\"THOMAS, Jah - Dance On The Corner -  (LP) | Guerssen\" \/>\n<meta property=\"og:description\" content=\"Toaster Jah Thomas began his career on the west Kingston sound systems of the mid-1970s, making a massive splash with &#039;Midnight Rock&#039; in 1976. After a debut LP for Channel One, his self-produced Dance On The Corner raised the bar several levels. Voiced at King Tubby&#039;s studio, mixed by Tubby, Jammy and Scientist and edited by the King himself, the album has Thomas chatting over hard Roots Radics rhythms earlier used by Barrington Levy - the perfect platform for Thomas&#039; relaxed chants, vexed rants, and commentaries on Jamaican life. This is Jah Thomas at his best - a must for all fans of reggae, dub, deejay, and dancehall!\" \/>\n<meta property=\"og:url\" content=\"https:\/\/wpguerssen-test.odoo.rgbconsulting.com\/es\/producto\/dance-on-the-corner\/\" \/>\n<meta property=\"og:site_name\" content=\"Guerssen records\" \/>\n<meta property=\"article:modified_time\" content=\"2024-12-05T15:19:25+00:00\" \/>\n<meta property=\"og:image\" content=\"https:\/\/wpguerssen-test.odoo.rgbconsulting.com\/wp-content\/uploads\/2024\/03\/47379.jpg\" \/>\n\t<meta property=\"og:image:width\" content=\"886\" \/>\n\t<meta property=\"og:image:height\" content=\"886\" \/>\n\t<meta property=\"og:image:type\" content=\"image\/jpeg\" \/>\n<meta name=\"twitter:card\" content=\"summary_large_image\" \/>\n<meta name=\"twitter:title\" content=\"THOMAS, Jah - Dance On The Corner -  (LP) | Guerssen\" \/>\n<meta name=\"twitter:label1\" content=\"Tiempo de lectura\" \/>\n\t<meta name=\"twitter:data1\" content=\"1 minuto\" \/>\n<script type=\"application\/ld+json\" class=\"yoast-schema-graph\">{\"@context\":\"https:\/\/schema.org\",\"@graph\":[{\"@type\":\"WebPage\",\"@id\":\"https:\/\/wpguerssen-test.odoo.rgbconsulting.com\/es\/producto\/dance-on-the-corner\/\",\"url\":\"https:\/\/wpguerssen-test.odoo.rgbconsulting.com\/es\/producto\/dance-on-the-corner\/\",\"name\":\"THOMAS, Jah - Dance On The Corner - (LP) | Guerssen\",\"isPartOf\":{\"@id\":\"https:\/\/wpguerssen-test.odoo.rgbconsulting.com\/es\/#website\"},\"primaryImageOfPage\":{\"@id\":\"https:\/\/wpguerssen-test.odoo.rgbconsulting.com\/es\/producto\/dance-on-the-corner\/#primaryimage\"},\"image\":{\"@id\":\"https:\/\/wpguerssen-test.odoo.rgbconsulting.com\/es\/producto\/dance-on-the-corner\/#primaryimage\"},\"thumbnailUrl\":\"https:\/\/wpguerssen-test.odoo.rgbconsulting.com\/wp-content\/uploads\/2024\/03\/47379.jpg\",\"datePublished\":\"2024-04-23T22:00:00+00:00\",\"dateModified\":\"2024-12-05T15:19:25+00:00\",\"description\":\"Toaster Jah Thomas began his career on the west Kingston sound systems of the mid-1970s, making a massive splash with 'Midnight Rock' in 1976. After a debut LP for Channel One, his self-produced Dance On The Corner raised the bar several levels. Voiced at King Tubby's studio, mixed by Tubby, Jammy and Scientist and edited by the King himself, the album has Thomas chatting over hard Roots Radics rhythms earlier used by Barrington Levy - the perfect platform for Thomas' relaxed chants, vexed rants, and commentaries on Jamaican life. This is Jah Thomas at his best - a must for all fans of reggae, dub, deejay, and dancehall!\",\"breadcrumb\":{\"@id\":\"https:\/\/wpguerssen-test.odoo.rgbconsulting.com\/es\/producto\/dance-on-the-corner\/#breadcrumb\"},\"inLanguage\":\"es\",\"potentialAction\":[{\"@type\":\"ReadAction\",\"target\":[\"https:\/\/wpguerssen-test.odoo.rgbconsulting.com\/es\/producto\/dance-on-the-corner\/\"]}]},{\"@type\":\"ImageObject\",\"inLanguage\":\"es\",\"@id\":\"https:\/\/wpguerssen-test.odoo.rgbconsulting.com\/es\/producto\/dance-on-the-corner\/#primaryimage\",\"url\":\"https:\/\/wpguerssen-test.odoo.rgbconsulting.com\/wp-content\/uploads\/2024\/03\/47379.jpg\",\"contentUrl\":\"https:\/\/wpguerssen-test.odoo.rgbconsulting.com\/wp-content\/uploads\/2024\/03\/47379.jpg\",\"width\":886,\"height\":886,\"caption\":\"Jah - Dance On The Corner - RADIATION ROOTS (LP) | Guerssen\"},{\"@type\":\"BreadcrumbList\",\"@id\":\"https:\/\/wpguerssen-test.odoo.rgbconsulting.com\/es\/producto\/dance-on-the-corner\/#breadcrumb\",\"itemListElement\":[{\"@type\":\"ListItem\",\"position\":1,\"name\":\"Inicio\",\"item\":\"https:\/\/wpguerssen-test.odoo.rgbconsulting.com\/es\/\"},{\"@type\":\"ListItem\",\"position\":2,\"name\":\"Shop\",\"item\":\"https:\/\/wpguerssen-test.odoo.rgbconsulting.com\/shop\/\"},{\"@type\":\"ListItem\",\"position\":3,\"name\":\"Dance On The Corner\"}]},{\"@type\":\"WebSite\",\"@id\":\"https:\/\/wpguerssen-test.odoo.rgbconsulting.com\/es\/#website\",\"url\":\"https:\/\/wpguerssen-test.odoo.rgbconsulting.com\/es\/\",\"name\":\"Guerssen records\",\"description\":\"psychedelia - progressive - folk - garage \",\"publisher\":{\"@id\":\"https:\/\/wpguerssen-test.odoo.rgbconsulting.com\/es\/#organization\"},\"potentialAction\":[{\"@type\":\"SearchAction\",\"target\":{\"@type\":\"EntryPoint\",\"urlTemplate\":\"https:\/\/wpguerssen-test.odoo.rgbconsulting.com\/es\/?s={search_term_string}\"},\"query-input\":{\"@type\":\"PropertyValueSpecification\",\"valueRequired\":true,\"valueName\":\"search_term_string\"}}],\"inLanguage\":\"es\"},{\"@type\":\"Organization\",\"@id\":\"https:\/\/wpguerssen-test.odoo.rgbconsulting.com\/es\/#organization\",\"name\":\"Guerssen records\",\"url\":\"https:\/\/wpguerssen-test.odoo.rgbconsulting.com\/es\/\",\"logo\":{\"@type\":\"ImageObject\",\"inLanguage\":\"es\",\"@id\":\"https:\/\/wpguerssen-test.odoo.rgbconsulting.com\/es\/#\/schema\/logo\/image\/\",\"url\":\"https:\/\/wpguerssen-test.odoo.rgbconsulting.com\/wp-content\/uploads\/2022\/04\/Logo_Guerssen_trans_100.png\",\"contentUrl\":\"https:\/\/wpguerssen-test.odoo.rgbconsulting.com\/wp-content\/uploads\/2022\/04\/Logo_Guerssen_trans_100.png\",\"width\":122,\"height\":100,\"caption\":\"Guerssen records\"},\"image\":{\"@id\":\"https:\/\/wpguerssen-test.odoo.rgbconsulting.com\/es\/#\/schema\/logo\/image\/\"}}]}<\/script>\n<!-- \/ Yoast SEO plugin. -->","yoast_head_json":{"title":"THOMAS, Jah - Dance On The Corner -  (LP) | Guerssen","description":"Toaster Jah Thomas began his career on the west Kingston sound systems of the mid-1970s, making a massive splash with 'Midnight Rock' in 1976. After a debut LP for Channel One, his self-produced Dance On The Corner raised the bar several levels. Voiced at King Tubby's studio, mixed by Tubby, Jammy and Scientist and edited by the King himself, the album has Thomas chatting over hard Roots Radics rhythms earlier used by Barrington Levy - the perfect platform for Thomas' relaxed chants, vexed rants, and commentaries on Jamaican life. This is Jah Thomas at his best - a must for all fans of reggae, dub, deejay, and dancehall!","robots":{"index":"index","follow":"follow","max-snippet":"max-snippet:-1","max-image-preview":"max-image-preview:large","max-video-preview":"max-video-preview:-1"},"canonical":"https:\/\/wpguerssen-test.odoo.rgbconsulting.com\/es\/producto\/dance-on-the-corner\/","og_locale":"es_ES","og_type":"article","og_title":"THOMAS, Jah - Dance On The Corner -  (LP) | Guerssen","og_description":"Toaster Jah Thomas began his career on the west Kingston sound systems of the mid-1970s, making a massive splash with 'Midnight Rock' in 1976. After a debut LP for Channel One, his self-produced Dance On The Corner raised the bar several levels. Voiced at King Tubby's studio, mixed by Tubby, Jammy and Scientist and edited by the King himself, the album has Thomas chatting over hard Roots Radics rhythms earlier used by Barrington Levy - the perfect platform for Thomas' relaxed chants, vexed rants, and commentaries on Jamaican life. This is Jah Thomas at his best - a must for all fans of reggae, dub, deejay, and dancehall!","og_url":"https:\/\/wpguerssen-test.odoo.rgbconsulting.com\/es\/producto\/dance-on-the-corner\/","og_site_name":"Guerssen records","article_modified_time":"2024-12-05T15:19:25+00:00","og_image":[{"width":886,"height":886,"url":"https:\/\/wpguerssen-test.odoo.rgbconsulting.com\/wp-content\/uploads\/2024\/03\/47379.jpg","type":"image\/jpeg"}],"twitter_card":"summary_large_image","twitter_title":"THOMAS, Jah - Dance On The Corner -  (LP) | Guerssen","twitter_misc":{"Tiempo de lectura":"1 minuto"},"schema":{"@context":"https:\/\/schema.org","@graph":[{"@type":"WebPage","@id":"https:\/\/wpguerssen-test.odoo.rgbconsulting.com\/es\/producto\/dance-on-the-corner\/","url":"https:\/\/wpguerssen-test.odoo.rgbconsulting.com\/es\/producto\/dance-on-the-corner\/","name":"THOMAS, Jah - Dance On The Corner - (LP) | Guerssen","isPartOf":{"@id":"https:\/\/wpguerssen-test.odoo.rgbconsulting.com\/es\/#website"},"primaryImageOfPage":{"@id":"https:\/\/wpguerssen-test.odoo.rgbconsulting.com\/es\/producto\/dance-on-the-corner\/#primaryimage"},"image":{"@id":"https:\/\/wpguerssen-test.odoo.rgbconsulting.com\/es\/producto\/dance-on-the-corner\/#primaryimage"},"thumbnailUrl":"https:\/\/wpguerssen-test.odoo.rgbconsulting.com\/wp-content\/uploads\/2024\/03\/47379.jpg","datePublished":"2024-04-23T22:00:00+00:00","dateModified":"2024-12-05T15:19:25+00:00","description":"Toaster Jah Thomas began his career on the west Kingston sound systems of the mid-1970s, making a massive splash with 'Midnight Rock' in 1976. After a debut LP for Channel One, his self-produced Dance On The Corner raised the bar several levels. Voiced at King Tubby's studio, mixed by Tubby, Jammy and Scientist and edited by the King himself, the album has Thomas chatting over hard Roots Radics rhythms earlier used by Barrington Levy - the perfect platform for Thomas' relaxed chants, vexed rants, and commentaries on Jamaican life. This is Jah Thomas at his best - a must for all fans of reggae, dub, deejay, and dancehall!","breadcrumb":{"@id":"https:\/\/wpguerssen-test.odoo.rgbconsulting.com\/es\/producto\/dance-on-the-corner\/#breadcrumb"},"inLanguage":"es","potentialAction":[{"@type":"ReadAction","target":["https:\/\/wpguerssen-test.odoo.rgbconsulting.com\/es\/producto\/dance-on-the-corner\/"]}]},{"@type":"ImageObject","inLanguage":"es","@id":"https:\/\/wpguerssen-test.odoo.rgbconsulting.com\/es\/producto\/dance-on-the-corner\/#primaryimage","url":"https:\/\/wpguerssen-test.odoo.rgbconsulting.com\/wp-content\/uploads\/2024\/03\/47379.jpg","contentUrl":"https:\/\/wpguerssen-test.odoo.rgbconsulting.com\/wp-content\/uploads\/2024\/03\/47379.jpg","width":886,"height":886,"caption":"Jah - Dance On The Corner - RADIATION ROOTS (LP) | Guerssen"},{"@type":"BreadcrumbList","@id":"https:\/\/wpguerssen-test.odoo.rgbconsulting.com\/es\/producto\/dance-on-the-corner\/#breadcrumb","itemListElement":[{"@type":"ListItem","position":1,"name":"Inicio","item":"https:\/\/wpguerssen-test.odoo.rgbconsulting.com\/es\/"},{"@type":"ListItem","position":2,"name":"Shop","item":"https:\/\/wpguerssen-test.odoo.rgbconsulting.com\/shop\/"},{"@type":"ListItem","position":3,"name":"Dance On The Corner"}]},{"@type":"WebSite","@id":"https:\/\/wpguerssen-test.odoo.rgbconsulting.com\/es\/#website","url":"https:\/\/wpguerssen-test.odoo.rgbconsulting.com\/es\/","name":"Guerssen records","description":"psychedelia - progressive - folk - garage ","publisher":{"@id":"https:\/\/wpguerssen-test.odoo.rgbconsulting.com\/es\/#organization"},"potentialAction":[{"@type":"SearchAction","target":{"@type":"EntryPoint","urlTemplate":"https:\/\/wpguerssen-test.odoo.rgbconsulting.com\/es\/?s={search_term_string}"},"query-input":{"@type":"PropertyValueSpecification","valueRequired":true,"valueName":"search_term_string"}}],"inLanguage":"es"},{"@type":"Organization","@id":"https:\/\/wpguerssen-test.odoo.rgbconsulting.com\/es\/#organization","name":"Guerssen records","url":"https:\/\/wpguerssen-test.odoo.rgbconsulting.com\/es\/","logo":{"@type":"ImageObject","inLanguage":"es","@id":"https:\/\/wpguerssen-test.odoo.rgbconsulting.com\/es\/#\/schema\/logo\/image\/","url":"https:\/\/wpguerssen-test.odoo.rgbconsulting.com\/wp-content\/uploads\/2022\/04\/Logo_Guerssen_trans_100.png","contentUrl":"https:\/\/wpguerssen-test.odoo.rgbconsulting.com\/wp-content\/uploads\/2022\/04\/Logo_Guerssen_trans_100.png","width":122,"height":100,"caption":"Guerssen records"},"image":{"@id":"https:\/\/wpguerssen-test.odoo.rgbconsulting.com\/es\/#\/schema\/logo\/image\/"}}]}},"_links":{"self":[{"href":"https:\/\/wpguerssen-test.odoo.rgbconsulting.com\/es\/wp-json\/wp\/v2\/product\/263638","targetHints":{"allow":["GET"]}}],"collection":[{"href":"https:\/\/wpguerssen-test.odoo.rgbconsulting.com\/es\/wp-json\/wp\/v2\/product"}],"about":[{"href":"https:\/\/wpguerssen-test.odoo.rgbconsulting.com\/es\/wp-json\/wp\/v2\/types\/product"}],"wp:featuredmedia":[{"embeddable":true,"href":"https:\/\/wpguerssen-test.odoo.rgbconsulting.com\/es\/wp-json\/wp\/v2\/media\/263610"}],"wp:attachment":[{"href":"https:\/\/wpguerssen-test.odoo.rgbconsulting.com\/es\/wp-json\/wp\/v2\/media?parent=263638"}],"wp:term":[{"taxonomy":"product_brand","embeddable":true,"href":"https:\/\/wpguerssen-test.odoo.rgbconsulting.com\/es\/wp-json\/wp\/v2\/product_brand?post=263638"},{"taxonomy":"product_cat","embeddable":true,"href":"https:\/\/wpguerssen-test.odoo.rgbconsulting.com\/es\/wp-json\/wp\/v2\/product_cat?post=263638"},{"taxonomy":"product_tag","embeddable":true,"href":"https:\/\/wpguerssen-test.odoo.rgbconsulting.com\/es\/wp-json\/wp\/v2\/product_tag?post=263638"}],"curies":[{"name":"wp","href":"https:\/\/api.w.org\/{rel}","templated":true}]}}