{"id":263639,"date":"2024-08-13T00:00:00","date_gmt":"2024-08-12T22:00:00","guid":{"rendered":"https:\/\/wpguerssen-test.odoo.rgbconsulting.com\/product\/keady-vallins\/"},"modified":"2025-03-03T18:30:31","modified_gmt":"2025-03-03T17:30:31","slug":"keady-vallins","status":"publish","type":"product","link":"https:\/\/wpguerssen-test.odoo.rgbconsulting.com\/es\/producto\/keady-vallins\/","title":{"rendered":"Keady &#038; Vallins"},"content":{"rendered":"<p>Lleno de ganchos contagiosos y texturas delicadas, \u00abKeady &#038; Vallins\u00bb se compara favorablemente con los titanes ahora anunciados del pop suave \/ yatch rock y el pop disco-lite, que viven en la intersecci\u00f3n entre Bobby Caldwell, Steely Dan y Bee Gees de la era de Saturday Night Fever.<br \/>\u00abKeady &#038; Vallins\u00bb es una historia muy familiar de potencial incumplido: m\u00fasica pop gloriosa desviada por los impetuosos tambores de una industria musical golpeada por la decadencia y una preferencia por una alta rotaci\u00f3n y una propiedad rigurosa. Una gira con los Bee Gees de Vallins y la ayuda de Robert Stigwood dieron como resultado un trato con Polydor. Despu\u00e9s de que un par de sencillos producidos por un joven y advenedizo (ahora enormemente importante director de Universal Music Group), Lucien Grange, lograran un \u00e9xito moderado en Francia, lo siguiente fue un \u00e1lbum: grabado por Keady y Vallins durante el tiempo de inactividad de otras sesiones. Sacaron talento de clase mundial del estudio, del pub que estaba al final de la calle del estudio, mientras tambi\u00e9n (temporalmente) robaron instrumentos de la tienda debajo del estudio (las etiquetas de precio a\u00fan estaban pegadas), para crear una sorprendente mezcla de pop suave en tonos sepia, Yacht rock y pop disco-lite.<br \/>Nacido de una r\u00e1pida amistad que se convirti\u00f3 en una asociaci\u00f3n de compositores de d\u00e9cadas entre Gary Keady y John Vallins, el disco de larga duraci\u00f3n estaba destinado a ser una marca de la creciente promesa del d\u00fao como compositores en Chappell &#8212; el autoproclamado facs\u00edmil australiano de la editorial del d\u00fao estadounidense Hall &#038; Oates.<br \/>Inactivo desde su finalizaci\u00f3n en 1979, el \u00e1lbum \u00abKeady &#038; Vallins\u00bb encaja perfectamente entre sus contempor\u00e1neos como un cl\u00e1sico. Para cimentar a\u00fan m\u00e1s su tard\u00edo legado, \u00abKeady &#038; Vallins\u00bb contiene la versi\u00f3n original del \u00e9xito n\u00famero uno de Johnny Mathis y Deniece Williams, &#8216;Too Much, Too Little, Too Late&#8217; (escrito por Vallins), y presenta un c\u00edrculo de m\u00fasicos destacados, incluidos Tommy Emmanuel (guitarra) y John Altman (cuerdas).<\/p>\n","protected":false},"excerpt":{"rendered":"<p>Lleno de ganchos contagiosos y texturas delicadas, \u00abKeady &#038; Vallins\u00bb se compara favorablemente con los titanes ahora anunciados del pop suave \/ yatch rock y<a class=\"read\" href=\"https:\/\/wpguerssen-test.odoo.rgbconsulting.com\/es\/producto\/keady-vallins\/\"> (...)<\/a>","protected":false},"featured_media":263613,"template":"","meta":{"_acf_changed":false},"product_brand":[],"product_cat":[23265,23234],"product_tag":[],"class_list":{"0":"post-263639","1":"product","2":"type-product","3":"status-publish","4":"has-post-thumbnail","6":"product_cat-disco-cosmic-italo-es","7":"product_cat-pop-rock-es","8":"pa_artist-keady-vallins","9":"pa_format-lp-es","10":"pa_gender-pop-rock-disco-cosmic-italo","11":"pa_label-lion-es","12":"pa_location-australia-nz-es","13":"pa_other-filters-vinyl-only-es","15":"first","16":"instock","17":"taxable","18":"shipping-taxable","19":"purchasable","20":"product-type-simple"},"acf":[],"yoast_head":"<!-- This site is optimized with the Yoast SEO plugin v24.9 - https:\/\/yoast.com\/wordpress\/plugins\/seo\/ -->\n<title>KEADY &amp; VALLINS - Keady &amp; Vallins -  (LP) | Guerssen<\/title>\n<meta name=\"description\" content=\"Teeming with infectious hooks and delicate textures, &quot;Keady &amp; Vallins&quot; stacks up favorably against now heralded titans of soft pop \/ yacht rock and pop disco-lite, living in the intersection between Bobby Caldwell, Steely Dan, and Saturday Night Fever-era Bee Gees.&quot;Keady &amp; Vallins&quot; is an all-too-familiar story of potential left unfulfilled -- glorious pop music shunted by the impetuous thrums of a music industry stricken by decadence and a preference for high turnover and rigorous proprietorship. A tour with the Bee Gees by Vallins and help from Robert Stigwood resulted in a deal with Polydor. After a pair of singles produced by a young, upstart (now hugely important head of Universal Music Group) Lucien Grange achieved moderate success in France, an album was next: taped by Keady and Vallins during downtime from other sessions. They pulled world class talent from the studio, from the pub down the street from the studio, while also (temporarily) pilfering instruments from the shop below the studio (price tags still affixed) -- to create a striking blend of sepia-toned soft pop \/ yacht rock and pop disco-lite.Born out of a quick friendship turned decades long songwriting partnership between Gary Keady and John Vallins, the full-length record was meant to be a mark of the duo&#039;s growing promise as songwriters at Chappell -- the publishing house&#039;s self-proclaimed Australian facsimile of the American duo Hall &amp; Oates (or maybe a two-person Bee Gees?). But that&#039;s not what happened, is it.Dormant since its completion in 1979, the &quot;Keady &amp; Vallins&quot; album slots in perfectly amongst its contemporaries as a classic. To further cement its much-belated legacy, &quot;Keady &amp; Vallins&quot; contains the original version of Johnny Mathis and Deniece Williams&#039; smash #1 hit &#039;Too Much, Too Little, Too Late&#039; (written by Vallins), and features a coterie of preeminent musicians, including Tommy Emmanuel (guitar) and John Altman (strings).\" \/>\n<meta name=\"robots\" content=\"index, follow, max-snippet:-1, max-image-preview:large, max-video-preview:-1\" \/>\n<link rel=\"canonical\" href=\"https:\/\/wpguerssen-test.odoo.rgbconsulting.com\/es\/producto\/keady-vallins\/\" \/>\n<meta property=\"og:locale\" content=\"es_ES\" \/>\n<meta property=\"og:type\" content=\"article\" \/>\n<meta property=\"og:title\" content=\"KEADY &amp; VALLINS - Keady &amp; Vallins -  (LP) | Guerssen\" \/>\n<meta property=\"og:description\" content=\"Teeming with infectious hooks and delicate textures, &quot;Keady &amp; Vallins&quot; stacks up favorably against now heralded titans of soft pop \/ yacht rock and pop disco-lite, living in the intersection between Bobby Caldwell, Steely Dan, and Saturday Night Fever-era Bee Gees.&quot;Keady &amp; Vallins&quot; is an all-too-familiar story of potential left unfulfilled -- glorious pop music shunted by the impetuous thrums of a music industry stricken by decadence and a preference for high turnover and rigorous proprietorship. A tour with the Bee Gees by Vallins and help from Robert Stigwood resulted in a deal with Polydor. After a pair of singles produced by a young, upstart (now hugely important head of Universal Music Group) Lucien Grange achieved moderate success in France, an album was next: taped by Keady and Vallins during downtime from other sessions. They pulled world class talent from the studio, from the pub down the street from the studio, while also (temporarily) pilfering instruments from the shop below the studio (price tags still affixed) -- to create a striking blend of sepia-toned soft pop \/ yacht rock and pop disco-lite.Born out of a quick friendship turned decades long songwriting partnership between Gary Keady and John Vallins, the full-length record was meant to be a mark of the duo&#039;s growing promise as songwriters at Chappell -- the publishing house&#039;s self-proclaimed Australian facsimile of the American duo Hall &amp; Oates (or maybe a two-person Bee Gees?). But that&#039;s not what happened, is it.Dormant since its completion in 1979, the &quot;Keady &amp; Vallins&quot; album slots in perfectly amongst its contemporaries as a classic. To further cement its much-belated legacy, &quot;Keady &amp; Vallins&quot; contains the original version of Johnny Mathis and Deniece Williams&#039; smash #1 hit &#039;Too Much, Too Little, Too Late&#039; (written by Vallins), and features a coterie of preeminent musicians, including Tommy Emmanuel (guitar) and John Altman (strings).\" \/>\n<meta property=\"og:url\" content=\"https:\/\/wpguerssen-test.odoo.rgbconsulting.com\/es\/producto\/keady-vallins\/\" \/>\n<meta property=\"og:site_name\" content=\"Guerssen records\" \/>\n<meta property=\"article:modified_time\" content=\"2025-03-03T17:30:31+00:00\" \/>\n<meta property=\"og:image\" content=\"https:\/\/wpguerssen-test.odoo.rgbconsulting.com\/wp-content\/uploads\/2024\/03\/47380.jpg\" \/>\n\t<meta property=\"og:image:width\" content=\"509\" \/>\n\t<meta property=\"og:image:height\" content=\"480\" \/>\n\t<meta property=\"og:image:type\" content=\"image\/jpeg\" \/>\n<meta name=\"twitter:card\" content=\"summary_large_image\" \/>\n<meta name=\"twitter:title\" content=\"KEADY &amp; VALLINS - Keady &amp; Vallins -  (LP) | Guerssen\" \/>\n<meta name=\"twitter:label1\" content=\"Tiempo de lectura\" \/>\n\t<meta name=\"twitter:data1\" content=\"2 minutos\" \/>\n<script type=\"application\/ld+json\" class=\"yoast-schema-graph\">{\"@context\":\"https:\/\/schema.org\",\"@graph\":[{\"@type\":\"WebPage\",\"@id\":\"https:\/\/wpguerssen-test.odoo.rgbconsulting.com\/es\/producto\/keady-vallins\/\",\"url\":\"https:\/\/wpguerssen-test.odoo.rgbconsulting.com\/es\/producto\/keady-vallins\/\",\"name\":\"KEADY & VALLINS - Keady & Vallins - (LP) | Guerssen\",\"isPartOf\":{\"@id\":\"https:\/\/wpguerssen-test.odoo.rgbconsulting.com\/es\/#website\"},\"primaryImageOfPage\":{\"@id\":\"https:\/\/wpguerssen-test.odoo.rgbconsulting.com\/es\/producto\/keady-vallins\/#primaryimage\"},\"image\":{\"@id\":\"https:\/\/wpguerssen-test.odoo.rgbconsulting.com\/es\/producto\/keady-vallins\/#primaryimage\"},\"thumbnailUrl\":\"https:\/\/wpguerssen-test.odoo.rgbconsulting.com\/wp-content\/uploads\/2024\/03\/47380.jpg\",\"datePublished\":\"2024-08-12T22:00:00+00:00\",\"dateModified\":\"2025-03-03T17:30:31+00:00\",\"description\":\"Teeming with infectious hooks and delicate textures, \\\"Keady & Vallins\\\" stacks up favorably against now heralded titans of soft pop \/ yacht rock and pop disco-lite, living in the intersection between Bobby Caldwell, Steely Dan, and Saturday Night Fever-era Bee Gees.\\\"Keady & Vallins\\\" is an all-too-familiar story of potential left unfulfilled -- glorious pop music shunted by the impetuous thrums of a music industry stricken by decadence and a preference for high turnover and rigorous proprietorship. A tour with the Bee Gees by Vallins and help from Robert Stigwood resulted in a deal with Polydor. After a pair of singles produced by a young, upstart (now hugely important head of Universal Music Group) Lucien Grange achieved moderate success in France, an album was next: taped by Keady and Vallins during downtime from other sessions. They pulled world class talent from the studio, from the pub down the street from the studio, while also (temporarily) pilfering instruments from the shop below the studio (price tags still affixed) -- to create a striking blend of sepia-toned soft pop \/ yacht rock and pop disco-lite.Born out of a quick friendship turned decades long songwriting partnership between Gary Keady and John Vallins, the full-length record was meant to be a mark of the duo's growing promise as songwriters at Chappell -- the publishing house's self-proclaimed Australian facsimile of the American duo Hall & Oates (or maybe a two-person Bee Gees?). But that's not what happened, is it.Dormant since its completion in 1979, the \\\"Keady & Vallins\\\" album slots in perfectly amongst its contemporaries as a classic. To further cement its much-belated legacy, \\\"Keady & Vallins\\\" contains the original version of Johnny Mathis and Deniece Williams' smash #1 hit 'Too Much, Too Little, Too Late' (written by Vallins), and features a coterie of preeminent musicians, including Tommy Emmanuel (guitar) and John Altman (strings).\",\"breadcrumb\":{\"@id\":\"https:\/\/wpguerssen-test.odoo.rgbconsulting.com\/es\/producto\/keady-vallins\/#breadcrumb\"},\"inLanguage\":\"es\",\"potentialAction\":[{\"@type\":\"ReadAction\",\"target\":[\"https:\/\/wpguerssen-test.odoo.rgbconsulting.com\/es\/producto\/keady-vallins\/\"]}]},{\"@type\":\"ImageObject\",\"inLanguage\":\"es\",\"@id\":\"https:\/\/wpguerssen-test.odoo.rgbconsulting.com\/es\/producto\/keady-vallins\/#primaryimage\",\"url\":\"https:\/\/wpguerssen-test.odoo.rgbconsulting.com\/wp-content\/uploads\/2024\/03\/47380.jpg\",\"contentUrl\":\"https:\/\/wpguerssen-test.odoo.rgbconsulting.com\/wp-content\/uploads\/2024\/03\/47380.jpg\",\"width\":509,\"height\":480},{\"@type\":\"BreadcrumbList\",\"@id\":\"https:\/\/wpguerssen-test.odoo.rgbconsulting.com\/es\/producto\/keady-vallins\/#breadcrumb\",\"itemListElement\":[{\"@type\":\"ListItem\",\"position\":1,\"name\":\"Inicio\",\"item\":\"https:\/\/wpguerssen-test.odoo.rgbconsulting.com\/es\/\"},{\"@type\":\"ListItem\",\"position\":2,\"name\":\"Shop\",\"item\":\"https:\/\/wpguerssen-test.odoo.rgbconsulting.com\/shop\/\"},{\"@type\":\"ListItem\",\"position\":3,\"name\":\"Keady &#038; Vallins\"}]},{\"@type\":\"WebSite\",\"@id\":\"https:\/\/wpguerssen-test.odoo.rgbconsulting.com\/es\/#website\",\"url\":\"https:\/\/wpguerssen-test.odoo.rgbconsulting.com\/es\/\",\"name\":\"Guerssen records\",\"description\":\"psychedelia - progressive - folk - garage \",\"publisher\":{\"@id\":\"https:\/\/wpguerssen-test.odoo.rgbconsulting.com\/es\/#organization\"},\"potentialAction\":[{\"@type\":\"SearchAction\",\"target\":{\"@type\":\"EntryPoint\",\"urlTemplate\":\"https:\/\/wpguerssen-test.odoo.rgbconsulting.com\/es\/?s={search_term_string}\"},\"query-input\":{\"@type\":\"PropertyValueSpecification\",\"valueRequired\":true,\"valueName\":\"search_term_string\"}}],\"inLanguage\":\"es\"},{\"@type\":\"Organization\",\"@id\":\"https:\/\/wpguerssen-test.odoo.rgbconsulting.com\/es\/#organization\",\"name\":\"Guerssen records\",\"url\":\"https:\/\/wpguerssen-test.odoo.rgbconsulting.com\/es\/\",\"logo\":{\"@type\":\"ImageObject\",\"inLanguage\":\"es\",\"@id\":\"https:\/\/wpguerssen-test.odoo.rgbconsulting.com\/es\/#\/schema\/logo\/image\/\",\"url\":\"https:\/\/wpguerssen-test.odoo.rgbconsulting.com\/wp-content\/uploads\/2022\/04\/Logo_Guerssen_trans_100.png\",\"contentUrl\":\"https:\/\/wpguerssen-test.odoo.rgbconsulting.com\/wp-content\/uploads\/2022\/04\/Logo_Guerssen_trans_100.png\",\"width\":122,\"height\":100,\"caption\":\"Guerssen records\"},\"image\":{\"@id\":\"https:\/\/wpguerssen-test.odoo.rgbconsulting.com\/es\/#\/schema\/logo\/image\/\"}}]}<\/script>\n<!-- \/ Yoast SEO plugin. -->","yoast_head_json":{"title":"KEADY & VALLINS - Keady & Vallins -  (LP) | Guerssen","description":"Teeming with infectious hooks and delicate textures, \"Keady & Vallins\" stacks up favorably against now heralded titans of soft pop \/ yacht rock and pop disco-lite, living in the intersection between Bobby Caldwell, Steely Dan, and Saturday Night Fever-era Bee Gees.\"Keady & Vallins\" is an all-too-familiar story of potential left unfulfilled -- glorious pop music shunted by the impetuous thrums of a music industry stricken by decadence and a preference for high turnover and rigorous proprietorship. A tour with the Bee Gees by Vallins and help from Robert Stigwood resulted in a deal with Polydor. After a pair of singles produced by a young, upstart (now hugely important head of Universal Music Group) Lucien Grange achieved moderate success in France, an album was next: taped by Keady and Vallins during downtime from other sessions. They pulled world class talent from the studio, from the pub down the street from the studio, while also (temporarily) pilfering instruments from the shop below the studio (price tags still affixed) -- to create a striking blend of sepia-toned soft pop \/ yacht rock and pop disco-lite.Born out of a quick friendship turned decades long songwriting partnership between Gary Keady and John Vallins, the full-length record was meant to be a mark of the duo's growing promise as songwriters at Chappell -- the publishing house's self-proclaimed Australian facsimile of the American duo Hall & Oates (or maybe a two-person Bee Gees?). But that's not what happened, is it.Dormant since its completion in 1979, the \"Keady & Vallins\" album slots in perfectly amongst its contemporaries as a classic. To further cement its much-belated legacy, \"Keady & Vallins\" contains the original version of Johnny Mathis and Deniece Williams' smash #1 hit 'Too Much, Too Little, Too Late' (written by Vallins), and features a coterie of preeminent musicians, including Tommy Emmanuel (guitar) and John Altman (strings).","robots":{"index":"index","follow":"follow","max-snippet":"max-snippet:-1","max-image-preview":"max-image-preview:large","max-video-preview":"max-video-preview:-1"},"canonical":"https:\/\/wpguerssen-test.odoo.rgbconsulting.com\/es\/producto\/keady-vallins\/","og_locale":"es_ES","og_type":"article","og_title":"KEADY & VALLINS - Keady & Vallins -  (LP) | Guerssen","og_description":"Teeming with infectious hooks and delicate textures, \"Keady & Vallins\" stacks up favorably against now heralded titans of soft pop \/ yacht rock and pop disco-lite, living in the intersection between Bobby Caldwell, Steely Dan, and Saturday Night Fever-era Bee Gees.\"Keady & Vallins\" is an all-too-familiar story of potential left unfulfilled -- glorious pop music shunted by the impetuous thrums of a music industry stricken by decadence and a preference for high turnover and rigorous proprietorship. A tour with the Bee Gees by Vallins and help from Robert Stigwood resulted in a deal with Polydor. After a pair of singles produced by a young, upstart (now hugely important head of Universal Music Group) Lucien Grange achieved moderate success in France, an album was next: taped by Keady and Vallins during downtime from other sessions. They pulled world class talent from the studio, from the pub down the street from the studio, while also (temporarily) pilfering instruments from the shop below the studio (price tags still affixed) -- to create a striking blend of sepia-toned soft pop \/ yacht rock and pop disco-lite.Born out of a quick friendship turned decades long songwriting partnership between Gary Keady and John Vallins, the full-length record was meant to be a mark of the duo's growing promise as songwriters at Chappell -- the publishing house's self-proclaimed Australian facsimile of the American duo Hall & Oates (or maybe a two-person Bee Gees?). But that's not what happened, is it.Dormant since its completion in 1979, the \"Keady & Vallins\" album slots in perfectly amongst its contemporaries as a classic. To further cement its much-belated legacy, \"Keady & Vallins\" contains the original version of Johnny Mathis and Deniece Williams' smash #1 hit 'Too Much, Too Little, Too Late' (written by Vallins), and features a coterie of preeminent musicians, including Tommy Emmanuel (guitar) and John Altman (strings).","og_url":"https:\/\/wpguerssen-test.odoo.rgbconsulting.com\/es\/producto\/keady-vallins\/","og_site_name":"Guerssen records","article_modified_time":"2025-03-03T17:30:31+00:00","og_image":[{"width":509,"height":480,"url":"https:\/\/wpguerssen-test.odoo.rgbconsulting.com\/wp-content\/uploads\/2024\/03\/47380.jpg","type":"image\/jpeg"}],"twitter_card":"summary_large_image","twitter_title":"KEADY & VALLINS - Keady & Vallins -  (LP) | Guerssen","twitter_misc":{"Tiempo de lectura":"2 minutos"},"schema":{"@context":"https:\/\/schema.org","@graph":[{"@type":"WebPage","@id":"https:\/\/wpguerssen-test.odoo.rgbconsulting.com\/es\/producto\/keady-vallins\/","url":"https:\/\/wpguerssen-test.odoo.rgbconsulting.com\/es\/producto\/keady-vallins\/","name":"KEADY & VALLINS - Keady & Vallins - (LP) | Guerssen","isPartOf":{"@id":"https:\/\/wpguerssen-test.odoo.rgbconsulting.com\/es\/#website"},"primaryImageOfPage":{"@id":"https:\/\/wpguerssen-test.odoo.rgbconsulting.com\/es\/producto\/keady-vallins\/#primaryimage"},"image":{"@id":"https:\/\/wpguerssen-test.odoo.rgbconsulting.com\/es\/producto\/keady-vallins\/#primaryimage"},"thumbnailUrl":"https:\/\/wpguerssen-test.odoo.rgbconsulting.com\/wp-content\/uploads\/2024\/03\/47380.jpg","datePublished":"2024-08-12T22:00:00+00:00","dateModified":"2025-03-03T17:30:31+00:00","description":"Teeming with infectious hooks and delicate textures, \"Keady & Vallins\" stacks up favorably against now heralded titans of soft pop \/ yacht rock and pop disco-lite, living in the intersection between Bobby Caldwell, Steely Dan, and Saturday Night Fever-era Bee Gees.\"Keady & Vallins\" is an all-too-familiar story of potential left unfulfilled -- glorious pop music shunted by the impetuous thrums of a music industry stricken by decadence and a preference for high turnover and rigorous proprietorship. A tour with the Bee Gees by Vallins and help from Robert Stigwood resulted in a deal with Polydor. After a pair of singles produced by a young, upstart (now hugely important head of Universal Music Group) Lucien Grange achieved moderate success in France, an album was next: taped by Keady and Vallins during downtime from other sessions. They pulled world class talent from the studio, from the pub down the street from the studio, while also (temporarily) pilfering instruments from the shop below the studio (price tags still affixed) -- to create a striking blend of sepia-toned soft pop \/ yacht rock and pop disco-lite.Born out of a quick friendship turned decades long songwriting partnership between Gary Keady and John Vallins, the full-length record was meant to be a mark of the duo's growing promise as songwriters at Chappell -- the publishing house's self-proclaimed Australian facsimile of the American duo Hall & Oates (or maybe a two-person Bee Gees?). But that's not what happened, is it.Dormant since its completion in 1979, the \"Keady & Vallins\" album slots in perfectly amongst its contemporaries as a classic. To further cement its much-belated legacy, \"Keady & Vallins\" contains the original version of Johnny Mathis and Deniece Williams' smash #1 hit 'Too Much, Too Little, Too Late' (written by Vallins), and features a coterie of preeminent musicians, including Tommy Emmanuel (guitar) and John Altman (strings).","breadcrumb":{"@id":"https:\/\/wpguerssen-test.odoo.rgbconsulting.com\/es\/producto\/keady-vallins\/#breadcrumb"},"inLanguage":"es","potentialAction":[{"@type":"ReadAction","target":["https:\/\/wpguerssen-test.odoo.rgbconsulting.com\/es\/producto\/keady-vallins\/"]}]},{"@type":"ImageObject","inLanguage":"es","@id":"https:\/\/wpguerssen-test.odoo.rgbconsulting.com\/es\/producto\/keady-vallins\/#primaryimage","url":"https:\/\/wpguerssen-test.odoo.rgbconsulting.com\/wp-content\/uploads\/2024\/03\/47380.jpg","contentUrl":"https:\/\/wpguerssen-test.odoo.rgbconsulting.com\/wp-content\/uploads\/2024\/03\/47380.jpg","width":509,"height":480},{"@type":"BreadcrumbList","@id":"https:\/\/wpguerssen-test.odoo.rgbconsulting.com\/es\/producto\/keady-vallins\/#breadcrumb","itemListElement":[{"@type":"ListItem","position":1,"name":"Inicio","item":"https:\/\/wpguerssen-test.odoo.rgbconsulting.com\/es\/"},{"@type":"ListItem","position":2,"name":"Shop","item":"https:\/\/wpguerssen-test.odoo.rgbconsulting.com\/shop\/"},{"@type":"ListItem","position":3,"name":"Keady &#038; Vallins"}]},{"@type":"WebSite","@id":"https:\/\/wpguerssen-test.odoo.rgbconsulting.com\/es\/#website","url":"https:\/\/wpguerssen-test.odoo.rgbconsulting.com\/es\/","name":"Guerssen records","description":"psychedelia - progressive - folk - garage ","publisher":{"@id":"https:\/\/wpguerssen-test.odoo.rgbconsulting.com\/es\/#organization"},"potentialAction":[{"@type":"SearchAction","target":{"@type":"EntryPoint","urlTemplate":"https:\/\/wpguerssen-test.odoo.rgbconsulting.com\/es\/?s={search_term_string}"},"query-input":{"@type":"PropertyValueSpecification","valueRequired":true,"valueName":"search_term_string"}}],"inLanguage":"es"},{"@type":"Organization","@id":"https:\/\/wpguerssen-test.odoo.rgbconsulting.com\/es\/#organization","name":"Guerssen records","url":"https:\/\/wpguerssen-test.odoo.rgbconsulting.com\/es\/","logo":{"@type":"ImageObject","inLanguage":"es","@id":"https:\/\/wpguerssen-test.odoo.rgbconsulting.com\/es\/#\/schema\/logo\/image\/","url":"https:\/\/wpguerssen-test.odoo.rgbconsulting.com\/wp-content\/uploads\/2022\/04\/Logo_Guerssen_trans_100.png","contentUrl":"https:\/\/wpguerssen-test.odoo.rgbconsulting.com\/wp-content\/uploads\/2022\/04\/Logo_Guerssen_trans_100.png","width":122,"height":100,"caption":"Guerssen records"},"image":{"@id":"https:\/\/wpguerssen-test.odoo.rgbconsulting.com\/es\/#\/schema\/logo\/image\/"}}]}},"_links":{"self":[{"href":"https:\/\/wpguerssen-test.odoo.rgbconsulting.com\/es\/wp-json\/wp\/v2\/product\/263639","targetHints":{"allow":["GET"]}}],"collection":[{"href":"https:\/\/wpguerssen-test.odoo.rgbconsulting.com\/es\/wp-json\/wp\/v2\/product"}],"about":[{"href":"https:\/\/wpguerssen-test.odoo.rgbconsulting.com\/es\/wp-json\/wp\/v2\/types\/product"}],"wp:featuredmedia":[{"embeddable":true,"href":"https:\/\/wpguerssen-test.odoo.rgbconsulting.com\/es\/wp-json\/wp\/v2\/media\/263613"}],"wp:attachment":[{"href":"https:\/\/wpguerssen-test.odoo.rgbconsulting.com\/es\/wp-json\/wp\/v2\/media?parent=263639"}],"wp:term":[{"taxonomy":"product_brand","embeddable":true,"href":"https:\/\/wpguerssen-test.odoo.rgbconsulting.com\/es\/wp-json\/wp\/v2\/product_brand?post=263639"},{"taxonomy":"product_cat","embeddable":true,"href":"https:\/\/wpguerssen-test.odoo.rgbconsulting.com\/es\/wp-json\/wp\/v2\/product_cat?post=263639"},{"taxonomy":"product_tag","embeddable":true,"href":"https:\/\/wpguerssen-test.odoo.rgbconsulting.com\/es\/wp-json\/wp\/v2\/product_tag?post=263639"}],"curies":[{"name":"wp","href":"https:\/\/api.w.org\/{rel}","templated":true}]}}