{"id":263641,"date":"2021-08-24T00:00:00","date_gmt":"2021-08-23T22:00:00","guid":{"rendered":"https:\/\/wpguerssen-test.odoo.rgbconsulting.com\/product\/coraje-buenos-aires\/"},"modified":"2025-03-28T12:39:17","modified_gmt":"2025-03-28T11:39:17","slug":"coraje-buenos-aires","status":"publish","type":"product","link":"https:\/\/wpguerssen-test.odoo.rgbconsulting.com\/es\/producto\/coraje-buenos-aires\/","title":{"rendered":"Coraje Buenos Aires"},"content":{"rendered":"<p>El eslab\u00f3n perdido en la historia del jazz argentino finalmente ve la luz.<br \/>Coraje Buenos Aires fue grabado en 1973, concebido como una continuaci\u00f3n del hist\u00f3rico Bronca Buenos Aires (1971). M\u00e1s expl\u00edcitamente de su predecesor, los textos de Coraje denunciaban las atrocidades de la junta militar que gobernaba el pa\u00eds, y el \u00e1lbum fue inevitablemente censurado antes de su lanzamiento. Las cintas, que se pensaba que hab\u00edan sido quemadas y perdidas para siempre, fueron descubiertas recientemente en el archivo del fallecido Jorge L\u00f3pez Ruiz, lo que nos permiti\u00f3 finalmente escuchar Coraje cincuenta a\u00f1os despu\u00e9s de haber sido grabado.<br \/>Como de costumbre, Jorge L\u00f3pez Ruiz reclut\u00f3 a algunos de los mejores m\u00fasicos del momento tocaron con \u00e9l, esta vez el pianista Santiago Giacobbe, el baterista Pocho Lapouble y el guitarrista Ricardo Lew (los tres miembros de Quinteplus en ese momento), as\u00ed como Hugo Pierre y Jaime Prats en saxo alto y tenor respectivamente.<br >Masterizado a partir de las cintas originales de Pablo L\u00f3pez Ruiz.<br \/>Incluye hoja desplegable con notas biling\u00fces del autor Jos\u00e9 Tcherkaski y una traducci\u00f3n al ingl\u00e9s de los textos de las canciones del \u00e1lbum.<\/p>\n","protected":false},"excerpt":{"rendered":"<p>El eslab\u00f3n perdido en la historia del jazz argentino finalmente ve la luz.<br \/>Coraje Buenos Aires fue grabado en 1973, concebido como una continuaci\u00f3n del hist\u00f3rico<a class=\"read\" href=\"https:\/\/wpguerssen-test.odoo.rgbconsulting.com\/es\/producto\/coraje-buenos-aires\/\"> (...)<\/a>","protected":false},"featured_media":263619,"template":"","meta":{"_acf_changed":false},"product_brand":[],"product_cat":[23227],"product_tag":[],"class_list":{"0":"post-263641","1":"product","2":"type-product","3":"status-publish","4":"has-post-thumbnail","6":"product_cat-jazz-es","7":"pa_artist-lopez-ruiz-jorge","8":"pa_format-lp-es","9":"pa_gender-jazz","10":"pa_label-altercat","11":"pa_location-south-america-caribbean-es","12":"pa_other-filters-vinyl-only-es","14":"first","15":"instock","16":"taxable","17":"shipping-taxable","18":"purchasable","19":"product-type-simple"},"acf":[],"yoast_head":"<!-- This site is optimized with the Yoast SEO plugin v24.9 - https:\/\/yoast.com\/wordpress\/plugins\/seo\/ -->\n<title>LOPEZ RUIZ, Jorge - Coraje Buenos Aires -  (LP) | Guerssen<\/title>\n<meta name=\"description\" content=\"The missing link in Argentina&#039;s jazz history finally sees the light.Coraje Buenos Aires was recorded in 1973, conceived as a follow-up to the historic Bronca Buenos Aires (1971). More explicitly than its predecessor, the texts in Coraje denounced the atrocities of the military junta that ruled the country, and the album was inevitably censored before being released. The tapes, thought to have been burnt and forever lost, were recently discovered in the archive of the late Jorge L\u00f3pez Ruiz, allowing us to finally listen to Coraje fifty years after being recorded.As usual, Jorge L\u00f3pez Ruiz recruited some of the best musicians around to play with him, this time pianist Santiago Giacobbe, drummer Pocho Lapouble and guitarist Ricardo Lew (all three members of Quinteplus at that time), as well as Hugo Pierre and Jaime Prats on alto and tenor sax respectively.Mastered from the original tapes by Pablo L\u00f3pez Ruiz.Includes foldout sheet with bilingual notes by author Jos\u00e9 Tcherkaski and an English translation of the album&#039;s song texts.\" \/>\n<meta name=\"robots\" content=\"index, follow, max-snippet:-1, max-image-preview:large, max-video-preview:-1\" \/>\n<link rel=\"canonical\" href=\"https:\/\/wpguerssen-test.odoo.rgbconsulting.com\/es\/producto\/coraje-buenos-aires\/\" \/>\n<meta property=\"og:locale\" content=\"es_ES\" \/>\n<meta property=\"og:type\" content=\"article\" \/>\n<meta property=\"og:title\" content=\"LOPEZ RUIZ, Jorge - Coraje Buenos Aires -  (LP) | Guerssen\" \/>\n<meta property=\"og:description\" content=\"The missing link in Argentina&#039;s jazz history finally sees the light.Coraje Buenos Aires was recorded in 1973, conceived as a follow-up to the historic Bronca Buenos Aires (1971). More explicitly than its predecessor, the texts in Coraje denounced the atrocities of the military junta that ruled the country, and the album was inevitably censored before being released. The tapes, thought to have been burnt and forever lost, were recently discovered in the archive of the late Jorge L\u00f3pez Ruiz, allowing us to finally listen to Coraje fifty years after being recorded.As usual, Jorge L\u00f3pez Ruiz recruited some of the best musicians around to play with him, this time pianist Santiago Giacobbe, drummer Pocho Lapouble and guitarist Ricardo Lew (all three members of Quinteplus at that time), as well as Hugo Pierre and Jaime Prats on alto and tenor sax respectively.Mastered from the original tapes by Pablo L\u00f3pez Ruiz.Includes foldout sheet with bilingual notes by author Jos\u00e9 Tcherkaski and an English translation of the album&#039;s song texts.\" \/>\n<meta property=\"og:url\" content=\"https:\/\/wpguerssen-test.odoo.rgbconsulting.com\/es\/producto\/coraje-buenos-aires\/\" \/>\n<meta property=\"og:site_name\" content=\"Guerssen records\" \/>\n<meta property=\"article:modified_time\" content=\"2025-03-28T11:39:17+00:00\" \/>\n<meta property=\"og:image\" content=\"https:\/\/wpguerssen-test.odoo.rgbconsulting.com\/wp-content\/uploads\/2024\/03\/47382.jpg\" \/>\n\t<meta property=\"og:image:width\" content=\"1500\" \/>\n\t<meta property=\"og:image:height\" content=\"1500\" \/>\n\t<meta property=\"og:image:type\" content=\"image\/jpeg\" \/>\n<meta name=\"twitter:card\" content=\"summary_large_image\" \/>\n<meta name=\"twitter:title\" content=\"LOPEZ RUIZ, Jorge - Coraje Buenos Aires -  (LP) | Guerssen\" \/>\n<meta name=\"twitter:label1\" content=\"Tiempo de lectura\" \/>\n\t<meta name=\"twitter:data1\" content=\"1 minuto\" \/>\n<script type=\"application\/ld+json\" class=\"yoast-schema-graph\">{\"@context\":\"https:\/\/schema.org\",\"@graph\":[{\"@type\":\"WebPage\",\"@id\":\"https:\/\/wpguerssen-test.odoo.rgbconsulting.com\/es\/producto\/coraje-buenos-aires\/\",\"url\":\"https:\/\/wpguerssen-test.odoo.rgbconsulting.com\/es\/producto\/coraje-buenos-aires\/\",\"name\":\"LOPEZ RUIZ, Jorge - Coraje Buenos Aires - (LP) | Guerssen\",\"isPartOf\":{\"@id\":\"https:\/\/wpguerssen-test.odoo.rgbconsulting.com\/es\/#website\"},\"primaryImageOfPage\":{\"@id\":\"https:\/\/wpguerssen-test.odoo.rgbconsulting.com\/es\/producto\/coraje-buenos-aires\/#primaryimage\"},\"image\":{\"@id\":\"https:\/\/wpguerssen-test.odoo.rgbconsulting.com\/es\/producto\/coraje-buenos-aires\/#primaryimage\"},\"thumbnailUrl\":\"https:\/\/wpguerssen-test.odoo.rgbconsulting.com\/wp-content\/uploads\/2024\/03\/47382.jpg\",\"datePublished\":\"2021-08-23T22:00:00+00:00\",\"dateModified\":\"2025-03-28T11:39:17+00:00\",\"description\":\"The missing link in Argentina's jazz history finally sees the light.Coraje Buenos Aires was recorded in 1973, conceived as a follow-up to the historic Bronca Buenos Aires (1971). More explicitly than its predecessor, the texts in Coraje denounced the atrocities of the military junta that ruled the country, and the album was inevitably censored before being released. The tapes, thought to have been burnt and forever lost, were recently discovered in the archive of the late Jorge L\u00f3pez Ruiz, allowing us to finally listen to Coraje fifty years after being recorded.As usual, Jorge L\u00f3pez Ruiz recruited some of the best musicians around to play with him, this time pianist Santiago Giacobbe, drummer Pocho Lapouble and guitarist Ricardo Lew (all three members of Quinteplus at that time), as well as Hugo Pierre and Jaime Prats on alto and tenor sax respectively.Mastered from the original tapes by Pablo L\u00f3pez Ruiz.Includes foldout sheet with bilingual notes by author Jos\u00e9 Tcherkaski and an English translation of the album's song texts.\",\"breadcrumb\":{\"@id\":\"https:\/\/wpguerssen-test.odoo.rgbconsulting.com\/es\/producto\/coraje-buenos-aires\/#breadcrumb\"},\"inLanguage\":\"es\",\"potentialAction\":[{\"@type\":\"ReadAction\",\"target\":[\"https:\/\/wpguerssen-test.odoo.rgbconsulting.com\/es\/producto\/coraje-buenos-aires\/\"]}]},{\"@type\":\"ImageObject\",\"inLanguage\":\"es\",\"@id\":\"https:\/\/wpguerssen-test.odoo.rgbconsulting.com\/es\/producto\/coraje-buenos-aires\/#primaryimage\",\"url\":\"https:\/\/wpguerssen-test.odoo.rgbconsulting.com\/wp-content\/uploads\/2024\/03\/47382.jpg\",\"contentUrl\":\"https:\/\/wpguerssen-test.odoo.rgbconsulting.com\/wp-content\/uploads\/2024\/03\/47382.jpg\",\"width\":1500,\"height\":1500,\"caption\":\"Jorge - Coraje Buenos Aires - ALTERCAT (LP) | Guerssen\"},{\"@type\":\"BreadcrumbList\",\"@id\":\"https:\/\/wpguerssen-test.odoo.rgbconsulting.com\/es\/producto\/coraje-buenos-aires\/#breadcrumb\",\"itemListElement\":[{\"@type\":\"ListItem\",\"position\":1,\"name\":\"Inicio\",\"item\":\"https:\/\/wpguerssen-test.odoo.rgbconsulting.com\/es\/\"},{\"@type\":\"ListItem\",\"position\":2,\"name\":\"Shop\",\"item\":\"https:\/\/wpguerssen-test.odoo.rgbconsulting.com\/shop\/\"},{\"@type\":\"ListItem\",\"position\":3,\"name\":\"Coraje Buenos Aires\"}]},{\"@type\":\"WebSite\",\"@id\":\"https:\/\/wpguerssen-test.odoo.rgbconsulting.com\/es\/#website\",\"url\":\"https:\/\/wpguerssen-test.odoo.rgbconsulting.com\/es\/\",\"name\":\"Guerssen records\",\"description\":\"psychedelia - progressive - folk - garage \",\"publisher\":{\"@id\":\"https:\/\/wpguerssen-test.odoo.rgbconsulting.com\/es\/#organization\"},\"potentialAction\":[{\"@type\":\"SearchAction\",\"target\":{\"@type\":\"EntryPoint\",\"urlTemplate\":\"https:\/\/wpguerssen-test.odoo.rgbconsulting.com\/es\/?s={search_term_string}\"},\"query-input\":{\"@type\":\"PropertyValueSpecification\",\"valueRequired\":true,\"valueName\":\"search_term_string\"}}],\"inLanguage\":\"es\"},{\"@type\":\"Organization\",\"@id\":\"https:\/\/wpguerssen-test.odoo.rgbconsulting.com\/es\/#organization\",\"name\":\"Guerssen records\",\"url\":\"https:\/\/wpguerssen-test.odoo.rgbconsulting.com\/es\/\",\"logo\":{\"@type\":\"ImageObject\",\"inLanguage\":\"es\",\"@id\":\"https:\/\/wpguerssen-test.odoo.rgbconsulting.com\/es\/#\/schema\/logo\/image\/\",\"url\":\"https:\/\/wpguerssen-test.odoo.rgbconsulting.com\/wp-content\/uploads\/2022\/04\/Logo_Guerssen_trans_100.png\",\"contentUrl\":\"https:\/\/wpguerssen-test.odoo.rgbconsulting.com\/wp-content\/uploads\/2022\/04\/Logo_Guerssen_trans_100.png\",\"width\":122,\"height\":100,\"caption\":\"Guerssen records\"},\"image\":{\"@id\":\"https:\/\/wpguerssen-test.odoo.rgbconsulting.com\/es\/#\/schema\/logo\/image\/\"}}]}<\/script>\n<!-- \/ Yoast SEO plugin. -->","yoast_head_json":{"title":"LOPEZ RUIZ, Jorge - Coraje Buenos Aires -  (LP) | Guerssen","description":"The missing link in Argentina's jazz history finally sees the light.Coraje Buenos Aires was recorded in 1973, conceived as a follow-up to the historic Bronca Buenos Aires (1971). More explicitly than its predecessor, the texts in Coraje denounced the atrocities of the military junta that ruled the country, and the album was inevitably censored before being released. The tapes, thought to have been burnt and forever lost, were recently discovered in the archive of the late Jorge L\u00f3pez Ruiz, allowing us to finally listen to Coraje fifty years after being recorded.As usual, Jorge L\u00f3pez Ruiz recruited some of the best musicians around to play with him, this time pianist Santiago Giacobbe, drummer Pocho Lapouble and guitarist Ricardo Lew (all three members of Quinteplus at that time), as well as Hugo Pierre and Jaime Prats on alto and tenor sax respectively.Mastered from the original tapes by Pablo L\u00f3pez Ruiz.Includes foldout sheet with bilingual notes by author Jos\u00e9 Tcherkaski and an English translation of the album's song texts.","robots":{"index":"index","follow":"follow","max-snippet":"max-snippet:-1","max-image-preview":"max-image-preview:large","max-video-preview":"max-video-preview:-1"},"canonical":"https:\/\/wpguerssen-test.odoo.rgbconsulting.com\/es\/producto\/coraje-buenos-aires\/","og_locale":"es_ES","og_type":"article","og_title":"LOPEZ RUIZ, Jorge - Coraje Buenos Aires -  (LP) | Guerssen","og_description":"The missing link in Argentina's jazz history finally sees the light.Coraje Buenos Aires was recorded in 1973, conceived as a follow-up to the historic Bronca Buenos Aires (1971). More explicitly than its predecessor, the texts in Coraje denounced the atrocities of the military junta that ruled the country, and the album was inevitably censored before being released. The tapes, thought to have been burnt and forever lost, were recently discovered in the archive of the late Jorge L\u00f3pez Ruiz, allowing us to finally listen to Coraje fifty years after being recorded.As usual, Jorge L\u00f3pez Ruiz recruited some of the best musicians around to play with him, this time pianist Santiago Giacobbe, drummer Pocho Lapouble and guitarist Ricardo Lew (all three members of Quinteplus at that time), as well as Hugo Pierre and Jaime Prats on alto and tenor sax respectively.Mastered from the original tapes by Pablo L\u00f3pez Ruiz.Includes foldout sheet with bilingual notes by author Jos\u00e9 Tcherkaski and an English translation of the album's song texts.","og_url":"https:\/\/wpguerssen-test.odoo.rgbconsulting.com\/es\/producto\/coraje-buenos-aires\/","og_site_name":"Guerssen records","article_modified_time":"2025-03-28T11:39:17+00:00","og_image":[{"width":1500,"height":1500,"url":"https:\/\/wpguerssen-test.odoo.rgbconsulting.com\/wp-content\/uploads\/2024\/03\/47382.jpg","type":"image\/jpeg"}],"twitter_card":"summary_large_image","twitter_title":"LOPEZ RUIZ, Jorge - Coraje Buenos Aires -  (LP) | Guerssen","twitter_misc":{"Tiempo de lectura":"1 minuto"},"schema":{"@context":"https:\/\/schema.org","@graph":[{"@type":"WebPage","@id":"https:\/\/wpguerssen-test.odoo.rgbconsulting.com\/es\/producto\/coraje-buenos-aires\/","url":"https:\/\/wpguerssen-test.odoo.rgbconsulting.com\/es\/producto\/coraje-buenos-aires\/","name":"LOPEZ RUIZ, Jorge - Coraje Buenos Aires - (LP) | Guerssen","isPartOf":{"@id":"https:\/\/wpguerssen-test.odoo.rgbconsulting.com\/es\/#website"},"primaryImageOfPage":{"@id":"https:\/\/wpguerssen-test.odoo.rgbconsulting.com\/es\/producto\/coraje-buenos-aires\/#primaryimage"},"image":{"@id":"https:\/\/wpguerssen-test.odoo.rgbconsulting.com\/es\/producto\/coraje-buenos-aires\/#primaryimage"},"thumbnailUrl":"https:\/\/wpguerssen-test.odoo.rgbconsulting.com\/wp-content\/uploads\/2024\/03\/47382.jpg","datePublished":"2021-08-23T22:00:00+00:00","dateModified":"2025-03-28T11:39:17+00:00","description":"The missing link in Argentina's jazz history finally sees the light.Coraje Buenos Aires was recorded in 1973, conceived as a follow-up to the historic Bronca Buenos Aires (1971). More explicitly than its predecessor, the texts in Coraje denounced the atrocities of the military junta that ruled the country, and the album was inevitably censored before being released. The tapes, thought to have been burnt and forever lost, were recently discovered in the archive of the late Jorge L\u00f3pez Ruiz, allowing us to finally listen to Coraje fifty years after being recorded.As usual, Jorge L\u00f3pez Ruiz recruited some of the best musicians around to play with him, this time pianist Santiago Giacobbe, drummer Pocho Lapouble and guitarist Ricardo Lew (all three members of Quinteplus at that time), as well as Hugo Pierre and Jaime Prats on alto and tenor sax respectively.Mastered from the original tapes by Pablo L\u00f3pez Ruiz.Includes foldout sheet with bilingual notes by author Jos\u00e9 Tcherkaski and an English translation of the album's song texts.","breadcrumb":{"@id":"https:\/\/wpguerssen-test.odoo.rgbconsulting.com\/es\/producto\/coraje-buenos-aires\/#breadcrumb"},"inLanguage":"es","potentialAction":[{"@type":"ReadAction","target":["https:\/\/wpguerssen-test.odoo.rgbconsulting.com\/es\/producto\/coraje-buenos-aires\/"]}]},{"@type":"ImageObject","inLanguage":"es","@id":"https:\/\/wpguerssen-test.odoo.rgbconsulting.com\/es\/producto\/coraje-buenos-aires\/#primaryimage","url":"https:\/\/wpguerssen-test.odoo.rgbconsulting.com\/wp-content\/uploads\/2024\/03\/47382.jpg","contentUrl":"https:\/\/wpguerssen-test.odoo.rgbconsulting.com\/wp-content\/uploads\/2024\/03\/47382.jpg","width":1500,"height":1500,"caption":"Jorge - Coraje Buenos Aires - ALTERCAT (LP) | Guerssen"},{"@type":"BreadcrumbList","@id":"https:\/\/wpguerssen-test.odoo.rgbconsulting.com\/es\/producto\/coraje-buenos-aires\/#breadcrumb","itemListElement":[{"@type":"ListItem","position":1,"name":"Inicio","item":"https:\/\/wpguerssen-test.odoo.rgbconsulting.com\/es\/"},{"@type":"ListItem","position":2,"name":"Shop","item":"https:\/\/wpguerssen-test.odoo.rgbconsulting.com\/shop\/"},{"@type":"ListItem","position":3,"name":"Coraje Buenos Aires"}]},{"@type":"WebSite","@id":"https:\/\/wpguerssen-test.odoo.rgbconsulting.com\/es\/#website","url":"https:\/\/wpguerssen-test.odoo.rgbconsulting.com\/es\/","name":"Guerssen records","description":"psychedelia - progressive - folk - garage ","publisher":{"@id":"https:\/\/wpguerssen-test.odoo.rgbconsulting.com\/es\/#organization"},"potentialAction":[{"@type":"SearchAction","target":{"@type":"EntryPoint","urlTemplate":"https:\/\/wpguerssen-test.odoo.rgbconsulting.com\/es\/?s={search_term_string}"},"query-input":{"@type":"PropertyValueSpecification","valueRequired":true,"valueName":"search_term_string"}}],"inLanguage":"es"},{"@type":"Organization","@id":"https:\/\/wpguerssen-test.odoo.rgbconsulting.com\/es\/#organization","name":"Guerssen records","url":"https:\/\/wpguerssen-test.odoo.rgbconsulting.com\/es\/","logo":{"@type":"ImageObject","inLanguage":"es","@id":"https:\/\/wpguerssen-test.odoo.rgbconsulting.com\/es\/#\/schema\/logo\/image\/","url":"https:\/\/wpguerssen-test.odoo.rgbconsulting.com\/wp-content\/uploads\/2022\/04\/Logo_Guerssen_trans_100.png","contentUrl":"https:\/\/wpguerssen-test.odoo.rgbconsulting.com\/wp-content\/uploads\/2022\/04\/Logo_Guerssen_trans_100.png","width":122,"height":100,"caption":"Guerssen records"},"image":{"@id":"https:\/\/wpguerssen-test.odoo.rgbconsulting.com\/es\/#\/schema\/logo\/image\/"}}]}},"_links":{"self":[{"href":"https:\/\/wpguerssen-test.odoo.rgbconsulting.com\/es\/wp-json\/wp\/v2\/product\/263641","targetHints":{"allow":["GET"]}}],"collection":[{"href":"https:\/\/wpguerssen-test.odoo.rgbconsulting.com\/es\/wp-json\/wp\/v2\/product"}],"about":[{"href":"https:\/\/wpguerssen-test.odoo.rgbconsulting.com\/es\/wp-json\/wp\/v2\/types\/product"}],"wp:featuredmedia":[{"embeddable":true,"href":"https:\/\/wpguerssen-test.odoo.rgbconsulting.com\/es\/wp-json\/wp\/v2\/media\/263619"}],"wp:attachment":[{"href":"https:\/\/wpguerssen-test.odoo.rgbconsulting.com\/es\/wp-json\/wp\/v2\/media?parent=263641"}],"wp:term":[{"taxonomy":"product_brand","embeddable":true,"href":"https:\/\/wpguerssen-test.odoo.rgbconsulting.com\/es\/wp-json\/wp\/v2\/product_brand?post=263641"},{"taxonomy":"product_cat","embeddable":true,"href":"https:\/\/wpguerssen-test.odoo.rgbconsulting.com\/es\/wp-json\/wp\/v2\/product_cat?post=263641"},{"taxonomy":"product_tag","embeddable":true,"href":"https:\/\/wpguerssen-test.odoo.rgbconsulting.com\/es\/wp-json\/wp\/v2\/product_tag?post=263641"}],"curies":[{"name":"wp","href":"https:\/\/api.w.org\/{rel}","templated":true}]}}