{"id":264535,"date":"2024-05-28T00:00:00","date_gmt":"2024-05-27T22:00:00","guid":{"rendered":"https:\/\/wpguerssen-test.odoo.rgbconsulting.com\/product\/broken-wing\/"},"modified":"2024-10-01T19:24:14","modified_gmt":"2024-10-01T17:24:14","slug":"broken-wing","status":"publish","type":"product","link":"https:\/\/wpguerssen-test.odoo.rgbconsulting.com\/es\/producto\/broken-wing\/","title":{"rendered":"Broken Wing"},"content":{"rendered":"<p>Grabado en Par\u00eds en diciembre de 1978, Broken Wing es una hermosa prueba de que la interpretaci\u00f3n de Baker se mantuvo intacta frente a los continuos desaf\u00edos personales. Existe una qu\u00edmica musical maravillosa entre Baker y los miembros de su conjunto a lo largo de este excelente y poco com\u00fan LP, a saber, el pianista Phil Markowitz, el bajista Jean-Fran\u00e7ois Jenny-Clark y el baterista Jeff Brillinger, que producen versiones excepcionales de la canci\u00f3n principal de Richie Beirach y &#8216;Black Eyes&#8217; de Wayne Shorter as\u00ed como &#8216;Blue Gilles&#8217; de Baker; est\u00e1 en plena forma con la trompeta y aborda la voz de &#8216;Oh You Crazy Moon&#8217; con gracia. \u00a1Otra gran oferta de Chet!<\/p>\n","protected":false},"excerpt":{"rendered":"<p>Grabado en Par\u00eds en diciembre de 1978, Broken Wing es una hermosa prueba de que la interpretaci\u00f3n de Baker se mantuvo intacta frente a los continuos desaf\u00edos personales.<a class=\"read\" href=\"https:\/\/wpguerssen-test.odoo.rgbconsulting.com\/es\/producto\/broken-wing\/\"> (...)<\/a>","protected":false},"featured_media":264491,"template":"","meta":{"_acf_changed":false},"product_brand":[],"product_cat":[23227],"product_tag":[],"class_list":{"0":"post-264535","1":"product","2":"type-product","3":"status-publish","4":"has-post-thumbnail","6":"product_cat-jazz-es","7":"pa_artist-baker-chet","8":"pa_format-lp-es","9":"pa_gender-jazz","10":"pa_label-survival-research","11":"pa_location-north-america-es","12":"pa_other-filters-vinyl-only-es","14":"first","15":"instock","16":"taxable","17":"shipping-taxable","18":"purchasable","19":"product-type-simple"},"acf":[],"yoast_head":"<!-- This site is optimized with the Yoast SEO plugin v24.9 - https:\/\/yoast.com\/wordpress\/plugins\/seo\/ -->\n<title>BAKER, Chet - Broken Wing -  (LP) | Guerssen<\/title>\n<meta name=\"description\" content=\"Recorded in Paris in December 1978, Broken Wing is beautiful proof that Baker&#039;s playing remained undiminished in the face of ongoing personal challenges. There is wonderful musical chemistry between Baker and his ensemble members throughout this excellent and rare LP, namely pianist Phil Markowitz, bassist Jean-Fran\u00e7ois Jenny-Clark and drummer Jeff Brillinger, yielding exceptional versions of Richie Beirach&#039;s title track and Wayne Shorter&#039;s &#039;Black Eyes,&#039; as well as Baker&#039;s &#039;Blue Gilles&#039;; he&#039;s on top form on the trumpet and tackles the vocal of &#039;Oh You Crazy Moon&#039; with gracefulness. Another great offering from Chet!\" \/>\n<meta name=\"robots\" content=\"index, follow, max-snippet:-1, max-image-preview:large, max-video-preview:-1\" \/>\n<link rel=\"canonical\" href=\"https:\/\/wpguerssen-test.odoo.rgbconsulting.com\/es\/producto\/broken-wing\/\" \/>\n<meta property=\"og:locale\" content=\"es_ES\" \/>\n<meta property=\"og:type\" content=\"article\" \/>\n<meta property=\"og:title\" content=\"BAKER, Chet - Broken Wing -  (LP) | Guerssen\" \/>\n<meta property=\"og:description\" content=\"Recorded in Paris in December 1978, Broken Wing is beautiful proof that Baker&#039;s playing remained undiminished in the face of ongoing personal challenges. There is wonderful musical chemistry between Baker and his ensemble members throughout this excellent and rare LP, namely pianist Phil Markowitz, bassist Jean-Fran\u00e7ois Jenny-Clark and drummer Jeff Brillinger, yielding exceptional versions of Richie Beirach&#039;s title track and Wayne Shorter&#039;s &#039;Black Eyes,&#039; as well as Baker&#039;s &#039;Blue Gilles&#039;; he&#039;s on top form on the trumpet and tackles the vocal of &#039;Oh You Crazy Moon&#039; with gracefulness. Another great offering from Chet!\" \/>\n<meta property=\"og:url\" content=\"https:\/\/wpguerssen-test.odoo.rgbconsulting.com\/es\/producto\/broken-wing\/\" \/>\n<meta property=\"og:site_name\" content=\"Guerssen records\" \/>\n<meta property=\"article:modified_time\" content=\"2024-10-01T17:24:14+00:00\" \/>\n<meta property=\"og:image\" content=\"https:\/\/wpguerssen-test.odoo.rgbconsulting.com\/wp-content\/uploads\/2024\/04\/47416.jpg\" \/>\n\t<meta property=\"og:image:width\" content=\"886\" \/>\n\t<meta property=\"og:image:height\" content=\"886\" \/>\n\t<meta property=\"og:image:type\" content=\"image\/jpeg\" \/>\n<meta name=\"twitter:card\" content=\"summary_large_image\" \/>\n<meta name=\"twitter:title\" content=\"BAKER, Chet - Broken Wing -  (LP) | Guerssen\" \/>\n<meta name=\"twitter:label1\" content=\"Tiempo de lectura\" \/>\n\t<meta name=\"twitter:data1\" content=\"1 minuto\" \/>\n<script type=\"application\/ld+json\" class=\"yoast-schema-graph\">{\"@context\":\"https:\/\/schema.org\",\"@graph\":[{\"@type\":\"WebPage\",\"@id\":\"https:\/\/wpguerssen-test.odoo.rgbconsulting.com\/es\/producto\/broken-wing\/\",\"url\":\"https:\/\/wpguerssen-test.odoo.rgbconsulting.com\/es\/producto\/broken-wing\/\",\"name\":\"BAKER, Chet - Broken Wing - (LP) | Guerssen\",\"isPartOf\":{\"@id\":\"https:\/\/wpguerssen-test.odoo.rgbconsulting.com\/es\/#website\"},\"primaryImageOfPage\":{\"@id\":\"https:\/\/wpguerssen-test.odoo.rgbconsulting.com\/es\/producto\/broken-wing\/#primaryimage\"},\"image\":{\"@id\":\"https:\/\/wpguerssen-test.odoo.rgbconsulting.com\/es\/producto\/broken-wing\/#primaryimage\"},\"thumbnailUrl\":\"https:\/\/wpguerssen-test.odoo.rgbconsulting.com\/wp-content\/uploads\/2024\/04\/47416.jpg\",\"datePublished\":\"2024-05-27T22:00:00+00:00\",\"dateModified\":\"2024-10-01T17:24:14+00:00\",\"description\":\"Recorded in Paris in December 1978, Broken Wing is beautiful proof that Baker's playing remained undiminished in the face of ongoing personal challenges. There is wonderful musical chemistry between Baker and his ensemble members throughout this excellent and rare LP, namely pianist Phil Markowitz, bassist Jean-Fran\u00e7ois Jenny-Clark and drummer Jeff Brillinger, yielding exceptional versions of Richie Beirach's title track and Wayne Shorter's 'Black Eyes,' as well as Baker's 'Blue Gilles'; he's on top form on the trumpet and tackles the vocal of 'Oh You Crazy Moon' with gracefulness. Another great offering from Chet!\",\"breadcrumb\":{\"@id\":\"https:\/\/wpguerssen-test.odoo.rgbconsulting.com\/es\/producto\/broken-wing\/#breadcrumb\"},\"inLanguage\":\"es\",\"potentialAction\":[{\"@type\":\"ReadAction\",\"target\":[\"https:\/\/wpguerssen-test.odoo.rgbconsulting.com\/es\/producto\/broken-wing\/\"]}]},{\"@type\":\"ImageObject\",\"inLanguage\":\"es\",\"@id\":\"https:\/\/wpguerssen-test.odoo.rgbconsulting.com\/es\/producto\/broken-wing\/#primaryimage\",\"url\":\"https:\/\/wpguerssen-test.odoo.rgbconsulting.com\/wp-content\/uploads\/2024\/04\/47416.jpg\",\"contentUrl\":\"https:\/\/wpguerssen-test.odoo.rgbconsulting.com\/wp-content\/uploads\/2024\/04\/47416.jpg\",\"width\":886,\"height\":886,\"caption\":\"Chet - Broken Wing - SURVIVAL RESEARCH (LP) | Guerssen\"},{\"@type\":\"BreadcrumbList\",\"@id\":\"https:\/\/wpguerssen-test.odoo.rgbconsulting.com\/es\/producto\/broken-wing\/#breadcrumb\",\"itemListElement\":[{\"@type\":\"ListItem\",\"position\":1,\"name\":\"Inicio\",\"item\":\"https:\/\/wpguerssen-test.odoo.rgbconsulting.com\/es\/\"},{\"@type\":\"ListItem\",\"position\":2,\"name\":\"Shop\",\"item\":\"https:\/\/wpguerssen-test.odoo.rgbconsulting.com\/shop\/\"},{\"@type\":\"ListItem\",\"position\":3,\"name\":\"Broken Wing\"}]},{\"@type\":\"WebSite\",\"@id\":\"https:\/\/wpguerssen-test.odoo.rgbconsulting.com\/es\/#website\",\"url\":\"https:\/\/wpguerssen-test.odoo.rgbconsulting.com\/es\/\",\"name\":\"Guerssen records\",\"description\":\"psychedelia - progressive - folk - garage \",\"publisher\":{\"@id\":\"https:\/\/wpguerssen-test.odoo.rgbconsulting.com\/es\/#organization\"},\"potentialAction\":[{\"@type\":\"SearchAction\",\"target\":{\"@type\":\"EntryPoint\",\"urlTemplate\":\"https:\/\/wpguerssen-test.odoo.rgbconsulting.com\/es\/?s={search_term_string}\"},\"query-input\":{\"@type\":\"PropertyValueSpecification\",\"valueRequired\":true,\"valueName\":\"search_term_string\"}}],\"inLanguage\":\"es\"},{\"@type\":\"Organization\",\"@id\":\"https:\/\/wpguerssen-test.odoo.rgbconsulting.com\/es\/#organization\",\"name\":\"Guerssen records\",\"url\":\"https:\/\/wpguerssen-test.odoo.rgbconsulting.com\/es\/\",\"logo\":{\"@type\":\"ImageObject\",\"inLanguage\":\"es\",\"@id\":\"https:\/\/wpguerssen-test.odoo.rgbconsulting.com\/es\/#\/schema\/logo\/image\/\",\"url\":\"https:\/\/wpguerssen-test.odoo.rgbconsulting.com\/wp-content\/uploads\/2022\/04\/Logo_Guerssen_trans_100.png\",\"contentUrl\":\"https:\/\/wpguerssen-test.odoo.rgbconsulting.com\/wp-content\/uploads\/2022\/04\/Logo_Guerssen_trans_100.png\",\"width\":122,\"height\":100,\"caption\":\"Guerssen records\"},\"image\":{\"@id\":\"https:\/\/wpguerssen-test.odoo.rgbconsulting.com\/es\/#\/schema\/logo\/image\/\"}}]}<\/script>\n<!-- \/ Yoast SEO plugin. -->","yoast_head_json":{"title":"BAKER, Chet - Broken Wing -  (LP) | Guerssen","description":"Recorded in Paris in December 1978, Broken Wing is beautiful proof that Baker's playing remained undiminished in the face of ongoing personal challenges. There is wonderful musical chemistry between Baker and his ensemble members throughout this excellent and rare LP, namely pianist Phil Markowitz, bassist Jean-Fran\u00e7ois Jenny-Clark and drummer Jeff Brillinger, yielding exceptional versions of Richie Beirach's title track and Wayne Shorter's 'Black Eyes,' as well as Baker's 'Blue Gilles'; he's on top form on the trumpet and tackles the vocal of 'Oh You Crazy Moon' with gracefulness. Another great offering from Chet!","robots":{"index":"index","follow":"follow","max-snippet":"max-snippet:-1","max-image-preview":"max-image-preview:large","max-video-preview":"max-video-preview:-1"},"canonical":"https:\/\/wpguerssen-test.odoo.rgbconsulting.com\/es\/producto\/broken-wing\/","og_locale":"es_ES","og_type":"article","og_title":"BAKER, Chet - Broken Wing -  (LP) | Guerssen","og_description":"Recorded in Paris in December 1978, Broken Wing is beautiful proof that Baker's playing remained undiminished in the face of ongoing personal challenges. There is wonderful musical chemistry between Baker and his ensemble members throughout this excellent and rare LP, namely pianist Phil Markowitz, bassist Jean-Fran\u00e7ois Jenny-Clark and drummer Jeff Brillinger, yielding exceptional versions of Richie Beirach's title track and Wayne Shorter's 'Black Eyes,' as well as Baker's 'Blue Gilles'; he's on top form on the trumpet and tackles the vocal of 'Oh You Crazy Moon' with gracefulness. Another great offering from Chet!","og_url":"https:\/\/wpguerssen-test.odoo.rgbconsulting.com\/es\/producto\/broken-wing\/","og_site_name":"Guerssen records","article_modified_time":"2024-10-01T17:24:14+00:00","og_image":[{"width":886,"height":886,"url":"https:\/\/wpguerssen-test.odoo.rgbconsulting.com\/wp-content\/uploads\/2024\/04\/47416.jpg","type":"image\/jpeg"}],"twitter_card":"summary_large_image","twitter_title":"BAKER, Chet - Broken Wing -  (LP) | Guerssen","twitter_misc":{"Tiempo de lectura":"1 minuto"},"schema":{"@context":"https:\/\/schema.org","@graph":[{"@type":"WebPage","@id":"https:\/\/wpguerssen-test.odoo.rgbconsulting.com\/es\/producto\/broken-wing\/","url":"https:\/\/wpguerssen-test.odoo.rgbconsulting.com\/es\/producto\/broken-wing\/","name":"BAKER, Chet - Broken Wing - (LP) | Guerssen","isPartOf":{"@id":"https:\/\/wpguerssen-test.odoo.rgbconsulting.com\/es\/#website"},"primaryImageOfPage":{"@id":"https:\/\/wpguerssen-test.odoo.rgbconsulting.com\/es\/producto\/broken-wing\/#primaryimage"},"image":{"@id":"https:\/\/wpguerssen-test.odoo.rgbconsulting.com\/es\/producto\/broken-wing\/#primaryimage"},"thumbnailUrl":"https:\/\/wpguerssen-test.odoo.rgbconsulting.com\/wp-content\/uploads\/2024\/04\/47416.jpg","datePublished":"2024-05-27T22:00:00+00:00","dateModified":"2024-10-01T17:24:14+00:00","description":"Recorded in Paris in December 1978, Broken Wing is beautiful proof that Baker's playing remained undiminished in the face of ongoing personal challenges. There is wonderful musical chemistry between Baker and his ensemble members throughout this excellent and rare LP, namely pianist Phil Markowitz, bassist Jean-Fran\u00e7ois Jenny-Clark and drummer Jeff Brillinger, yielding exceptional versions of Richie Beirach's title track and Wayne Shorter's 'Black Eyes,' as well as Baker's 'Blue Gilles'; he's on top form on the trumpet and tackles the vocal of 'Oh You Crazy Moon' with gracefulness. Another great offering from Chet!","breadcrumb":{"@id":"https:\/\/wpguerssen-test.odoo.rgbconsulting.com\/es\/producto\/broken-wing\/#breadcrumb"},"inLanguage":"es","potentialAction":[{"@type":"ReadAction","target":["https:\/\/wpguerssen-test.odoo.rgbconsulting.com\/es\/producto\/broken-wing\/"]}]},{"@type":"ImageObject","inLanguage":"es","@id":"https:\/\/wpguerssen-test.odoo.rgbconsulting.com\/es\/producto\/broken-wing\/#primaryimage","url":"https:\/\/wpguerssen-test.odoo.rgbconsulting.com\/wp-content\/uploads\/2024\/04\/47416.jpg","contentUrl":"https:\/\/wpguerssen-test.odoo.rgbconsulting.com\/wp-content\/uploads\/2024\/04\/47416.jpg","width":886,"height":886,"caption":"Chet - Broken Wing - SURVIVAL RESEARCH (LP) | Guerssen"},{"@type":"BreadcrumbList","@id":"https:\/\/wpguerssen-test.odoo.rgbconsulting.com\/es\/producto\/broken-wing\/#breadcrumb","itemListElement":[{"@type":"ListItem","position":1,"name":"Inicio","item":"https:\/\/wpguerssen-test.odoo.rgbconsulting.com\/es\/"},{"@type":"ListItem","position":2,"name":"Shop","item":"https:\/\/wpguerssen-test.odoo.rgbconsulting.com\/shop\/"},{"@type":"ListItem","position":3,"name":"Broken Wing"}]},{"@type":"WebSite","@id":"https:\/\/wpguerssen-test.odoo.rgbconsulting.com\/es\/#website","url":"https:\/\/wpguerssen-test.odoo.rgbconsulting.com\/es\/","name":"Guerssen records","description":"psychedelia - progressive - folk - garage ","publisher":{"@id":"https:\/\/wpguerssen-test.odoo.rgbconsulting.com\/es\/#organization"},"potentialAction":[{"@type":"SearchAction","target":{"@type":"EntryPoint","urlTemplate":"https:\/\/wpguerssen-test.odoo.rgbconsulting.com\/es\/?s={search_term_string}"},"query-input":{"@type":"PropertyValueSpecification","valueRequired":true,"valueName":"search_term_string"}}],"inLanguage":"es"},{"@type":"Organization","@id":"https:\/\/wpguerssen-test.odoo.rgbconsulting.com\/es\/#organization","name":"Guerssen records","url":"https:\/\/wpguerssen-test.odoo.rgbconsulting.com\/es\/","logo":{"@type":"ImageObject","inLanguage":"es","@id":"https:\/\/wpguerssen-test.odoo.rgbconsulting.com\/es\/#\/schema\/logo\/image\/","url":"https:\/\/wpguerssen-test.odoo.rgbconsulting.com\/wp-content\/uploads\/2022\/04\/Logo_Guerssen_trans_100.png","contentUrl":"https:\/\/wpguerssen-test.odoo.rgbconsulting.com\/wp-content\/uploads\/2022\/04\/Logo_Guerssen_trans_100.png","width":122,"height":100,"caption":"Guerssen records"},"image":{"@id":"https:\/\/wpguerssen-test.odoo.rgbconsulting.com\/es\/#\/schema\/logo\/image\/"}}]}},"_links":{"self":[{"href":"https:\/\/wpguerssen-test.odoo.rgbconsulting.com\/es\/wp-json\/wp\/v2\/product\/264535","targetHints":{"allow":["GET"]}}],"collection":[{"href":"https:\/\/wpguerssen-test.odoo.rgbconsulting.com\/es\/wp-json\/wp\/v2\/product"}],"about":[{"href":"https:\/\/wpguerssen-test.odoo.rgbconsulting.com\/es\/wp-json\/wp\/v2\/types\/product"}],"wp:featuredmedia":[{"embeddable":true,"href":"https:\/\/wpguerssen-test.odoo.rgbconsulting.com\/es\/wp-json\/wp\/v2\/media\/264491"}],"wp:attachment":[{"href":"https:\/\/wpguerssen-test.odoo.rgbconsulting.com\/es\/wp-json\/wp\/v2\/media?parent=264535"}],"wp:term":[{"taxonomy":"product_brand","embeddable":true,"href":"https:\/\/wpguerssen-test.odoo.rgbconsulting.com\/es\/wp-json\/wp\/v2\/product_brand?post=264535"},{"taxonomy":"product_cat","embeddable":true,"href":"https:\/\/wpguerssen-test.odoo.rgbconsulting.com\/es\/wp-json\/wp\/v2\/product_cat?post=264535"},{"taxonomy":"product_tag","embeddable":true,"href":"https:\/\/wpguerssen-test.odoo.rgbconsulting.com\/es\/wp-json\/wp\/v2\/product_tag?post=264535"}],"curies":[{"name":"wp","href":"https:\/\/api.w.org\/{rel}","templated":true}]}}