{"id":264537,"date":"2024-05-28T00:00:00","date_gmt":"2024-05-27T22:00:00","guid":{"rendered":"https:\/\/wpguerssen-test.odoo.rgbconsulting.com\/product\/in-new-york-clear\/"},"modified":"2025-01-09T15:49:12","modified_gmt":"2025-01-09T14:49:12","slug":"in-new-york-clear","status":"publish","type":"product","link":"https:\/\/wpguerssen-test.odoo.rgbconsulting.com\/es\/producto\/in-new-york-clear\/","title":{"rendered":"In New York (Clear)"},"content":{"rendered":"<p>Su primera actuaci\u00f3n en Riverside, en Nueva York, vio a Chet Baker llevar el estilo cool jazz de la costa oeste al nuevo entorno de Manhattan. Con la secci\u00f3n r\u00edtmica de Paul Chambers y Philly Joe Jones manteniendo el ritmo y la propulsi\u00f3n, el pianista Al Haig alternando entre acordes de relleno y melod\u00edas intrigantes y el saxofonista Johnny Giffin intercambiando florituras con el propio Baker, el LP es otro ganador de principio a fin. El bop oscilante est\u00e1 lleno de entusiasmo y entusiasmo en \u00abHotel 49\u00bb y una interpretaci\u00f3n \u00fanica de \u00abSolar\u00bb de Miles, mientras que \u00abBlue Thoughts\u00bb y \u00abPolka Dots And Moonbeams\u00bb brindan algunas pausas introspectivas contrastantes. \u00a1Excelente material!<\/p>\n","protected":false},"excerpt":{"rendered":"<p>Su primera actuaci\u00f3n en Riverside, en Nueva York, vio a Chet Baker llevar el estilo cool jazz de la costa oeste al nuevo entorno de Manhattan. Con la secci\u00f3n r\u00edtmica<a class=\"read\" href=\"https:\/\/wpguerssen-test.odoo.rgbconsulting.com\/es\/producto\/in-new-york-clear\/\"> (...)<\/a>","protected":false},"featured_media":264497,"template":"","meta":{"_acf_changed":false},"product_brand":[],"product_cat":[23227],"product_tag":[29140],"class_list":{"0":"post-264537","1":"product","2":"type-product","3":"status-publish","4":"has-post-thumbnail","6":"product_cat-jazz-es","7":"product_tag-color-vinyl-es","8":"pa_artist-baker-chet","9":"pa_format-lp-es","10":"pa_gender-jazz","11":"pa_label-destination-moon","12":"pa_location-north-america-es","13":"pa_other-filters-vinyl-only-es","15":"first","16":"instock","17":"taxable","18":"shipping-taxable","19":"purchasable","20":"product-type-simple"},"acf":[],"yoast_head":"<!-- This site is optimized with the Yoast SEO plugin v24.9 - https:\/\/yoast.com\/wordpress\/plugins\/seo\/ -->\n<title>BAKER, Chet - In New York (Clear) -  (LP) | Guerssen<\/title>\n<meta name=\"description\" content=\"His first for Riverside, In New York saw Chet Baker bring the West Coast cool jazz style to new Manhattan surroundings. With the rhythm section of Paul Chambers and Philly Joe Jones keeping things up-tempo and propulsive, pianist Al Haig alternating between fill-in chords and intriguing melodies and saxophonist Johnny Giffin trading lead flourishes with Baker himself, the LP is another winner right through. The swinging bop is full of zest and verve on &#039;Hotel 49&#039; and a one-off rendition of Miles&#039; &#039;Solar,&#039; while some contrasting introspective breaks are provided by &#039;Blue Thoughts&#039; and &#039;Polka Dots And Moonbeams.&#039; Great stuff!\" \/>\n<meta name=\"robots\" content=\"index, follow, max-snippet:-1, max-image-preview:large, max-video-preview:-1\" \/>\n<link rel=\"canonical\" href=\"https:\/\/wpguerssen-test.odoo.rgbconsulting.com\/es\/producto\/in-new-york-clear\/\" \/>\n<meta property=\"og:locale\" content=\"es_ES\" \/>\n<meta property=\"og:type\" content=\"article\" \/>\n<meta property=\"og:title\" content=\"BAKER, Chet - In New York (Clear) -  (LP) | Guerssen\" \/>\n<meta property=\"og:description\" content=\"His first for Riverside, In New York saw Chet Baker bring the West Coast cool jazz style to new Manhattan surroundings. With the rhythm section of Paul Chambers and Philly Joe Jones keeping things up-tempo and propulsive, pianist Al Haig alternating between fill-in chords and intriguing melodies and saxophonist Johnny Giffin trading lead flourishes with Baker himself, the LP is another winner right through. The swinging bop is full of zest and verve on &#039;Hotel 49&#039; and a one-off rendition of Miles&#039; &#039;Solar,&#039; while some contrasting introspective breaks are provided by &#039;Blue Thoughts&#039; and &#039;Polka Dots And Moonbeams.&#039; Great stuff!\" \/>\n<meta property=\"og:url\" content=\"https:\/\/wpguerssen-test.odoo.rgbconsulting.com\/es\/producto\/in-new-york-clear\/\" \/>\n<meta property=\"og:site_name\" content=\"Guerssen records\" \/>\n<meta property=\"article:modified_time\" content=\"2025-01-09T14:49:12+00:00\" \/>\n<meta property=\"og:image\" content=\"https:\/\/wpguerssen-test.odoo.rgbconsulting.com\/wp-content\/uploads\/2024\/04\/47418-scaled.jpg\" \/>\n\t<meta property=\"og:image:width\" content=\"2536\" \/>\n\t<meta property=\"og:image:height\" content=\"2560\" \/>\n\t<meta property=\"og:image:type\" content=\"image\/jpeg\" \/>\n<meta name=\"twitter:card\" content=\"summary_large_image\" \/>\n<meta name=\"twitter:title\" content=\"BAKER, Chet - In New York (Clear) -  (LP) | Guerssen\" \/>\n<meta name=\"twitter:label1\" content=\"Tiempo de lectura\" \/>\n\t<meta name=\"twitter:data1\" content=\"1 minuto\" \/>\n<script type=\"application\/ld+json\" class=\"yoast-schema-graph\">{\"@context\":\"https:\/\/schema.org\",\"@graph\":[{\"@type\":\"WebPage\",\"@id\":\"https:\/\/wpguerssen-test.odoo.rgbconsulting.com\/es\/producto\/in-new-york-clear\/\",\"url\":\"https:\/\/wpguerssen-test.odoo.rgbconsulting.com\/es\/producto\/in-new-york-clear\/\",\"name\":\"BAKER, Chet - In New York (Clear) - (LP) | Guerssen\",\"isPartOf\":{\"@id\":\"https:\/\/wpguerssen-test.odoo.rgbconsulting.com\/es\/#website\"},\"primaryImageOfPage\":{\"@id\":\"https:\/\/wpguerssen-test.odoo.rgbconsulting.com\/es\/producto\/in-new-york-clear\/#primaryimage\"},\"image\":{\"@id\":\"https:\/\/wpguerssen-test.odoo.rgbconsulting.com\/es\/producto\/in-new-york-clear\/#primaryimage\"},\"thumbnailUrl\":\"https:\/\/wpguerssen-test.odoo.rgbconsulting.com\/wp-content\/uploads\/2024\/04\/47418-scaled.jpg\",\"datePublished\":\"2024-05-27T22:00:00+00:00\",\"dateModified\":\"2025-01-09T14:49:12+00:00\",\"description\":\"His first for Riverside, In New York saw Chet Baker bring the West Coast cool jazz style to new Manhattan surroundings. With the rhythm section of Paul Chambers and Philly Joe Jones keeping things up-tempo and propulsive, pianist Al Haig alternating between fill-in chords and intriguing melodies and saxophonist Johnny Giffin trading lead flourishes with Baker himself, the LP is another winner right through. The swinging bop is full of zest and verve on 'Hotel 49' and a one-off rendition of Miles' 'Solar,' while some contrasting introspective breaks are provided by 'Blue Thoughts' and 'Polka Dots And Moonbeams.' Great stuff!\",\"breadcrumb\":{\"@id\":\"https:\/\/wpguerssen-test.odoo.rgbconsulting.com\/es\/producto\/in-new-york-clear\/#breadcrumb\"},\"inLanguage\":\"es\",\"potentialAction\":[{\"@type\":\"ReadAction\",\"target\":[\"https:\/\/wpguerssen-test.odoo.rgbconsulting.com\/es\/producto\/in-new-york-clear\/\"]}]},{\"@type\":\"ImageObject\",\"inLanguage\":\"es\",\"@id\":\"https:\/\/wpguerssen-test.odoo.rgbconsulting.com\/es\/producto\/in-new-york-clear\/#primaryimage\",\"url\":\"https:\/\/wpguerssen-test.odoo.rgbconsulting.com\/wp-content\/uploads\/2024\/04\/47418-scaled.jpg\",\"contentUrl\":\"https:\/\/wpguerssen-test.odoo.rgbconsulting.com\/wp-content\/uploads\/2024\/04\/47418-scaled.jpg\",\"width\":2536,\"height\":2560,\"caption\":\"Chet - In New York (Clear) - DESTINATION MOON (LP) | Guerssen\"},{\"@type\":\"BreadcrumbList\",\"@id\":\"https:\/\/wpguerssen-test.odoo.rgbconsulting.com\/es\/producto\/in-new-york-clear\/#breadcrumb\",\"itemListElement\":[{\"@type\":\"ListItem\",\"position\":1,\"name\":\"Inicio\",\"item\":\"https:\/\/wpguerssen-test.odoo.rgbconsulting.com\/es\/\"},{\"@type\":\"ListItem\",\"position\":2,\"name\":\"Shop\",\"item\":\"https:\/\/wpguerssen-test.odoo.rgbconsulting.com\/shop\/\"},{\"@type\":\"ListItem\",\"position\":3,\"name\":\"In New York (Clear)\"}]},{\"@type\":\"WebSite\",\"@id\":\"https:\/\/wpguerssen-test.odoo.rgbconsulting.com\/es\/#website\",\"url\":\"https:\/\/wpguerssen-test.odoo.rgbconsulting.com\/es\/\",\"name\":\"Guerssen records\",\"description\":\"psychedelia - progressive - folk - garage \",\"publisher\":{\"@id\":\"https:\/\/wpguerssen-test.odoo.rgbconsulting.com\/es\/#organization\"},\"potentialAction\":[{\"@type\":\"SearchAction\",\"target\":{\"@type\":\"EntryPoint\",\"urlTemplate\":\"https:\/\/wpguerssen-test.odoo.rgbconsulting.com\/es\/?s={search_term_string}\"},\"query-input\":{\"@type\":\"PropertyValueSpecification\",\"valueRequired\":true,\"valueName\":\"search_term_string\"}}],\"inLanguage\":\"es\"},{\"@type\":\"Organization\",\"@id\":\"https:\/\/wpguerssen-test.odoo.rgbconsulting.com\/es\/#organization\",\"name\":\"Guerssen records\",\"url\":\"https:\/\/wpguerssen-test.odoo.rgbconsulting.com\/es\/\",\"logo\":{\"@type\":\"ImageObject\",\"inLanguage\":\"es\",\"@id\":\"https:\/\/wpguerssen-test.odoo.rgbconsulting.com\/es\/#\/schema\/logo\/image\/\",\"url\":\"https:\/\/wpguerssen-test.odoo.rgbconsulting.com\/wp-content\/uploads\/2022\/04\/Logo_Guerssen_trans_100.png\",\"contentUrl\":\"https:\/\/wpguerssen-test.odoo.rgbconsulting.com\/wp-content\/uploads\/2022\/04\/Logo_Guerssen_trans_100.png\",\"width\":122,\"height\":100,\"caption\":\"Guerssen records\"},\"image\":{\"@id\":\"https:\/\/wpguerssen-test.odoo.rgbconsulting.com\/es\/#\/schema\/logo\/image\/\"}}]}<\/script>\n<!-- \/ Yoast SEO plugin. -->","yoast_head_json":{"title":"BAKER, Chet - In New York (Clear) -  (LP) | Guerssen","description":"His first for Riverside, In New York saw Chet Baker bring the West Coast cool jazz style to new Manhattan surroundings. With the rhythm section of Paul Chambers and Philly Joe Jones keeping things up-tempo and propulsive, pianist Al Haig alternating between fill-in chords and intriguing melodies and saxophonist Johnny Giffin trading lead flourishes with Baker himself, the LP is another winner right through. The swinging bop is full of zest and verve on 'Hotel 49' and a one-off rendition of Miles' 'Solar,' while some contrasting introspective breaks are provided by 'Blue Thoughts' and 'Polka Dots And Moonbeams.' Great stuff!","robots":{"index":"index","follow":"follow","max-snippet":"max-snippet:-1","max-image-preview":"max-image-preview:large","max-video-preview":"max-video-preview:-1"},"canonical":"https:\/\/wpguerssen-test.odoo.rgbconsulting.com\/es\/producto\/in-new-york-clear\/","og_locale":"es_ES","og_type":"article","og_title":"BAKER, Chet - In New York (Clear) -  (LP) | Guerssen","og_description":"His first for Riverside, In New York saw Chet Baker bring the West Coast cool jazz style to new Manhattan surroundings. With the rhythm section of Paul Chambers and Philly Joe Jones keeping things up-tempo and propulsive, pianist Al Haig alternating between fill-in chords and intriguing melodies and saxophonist Johnny Giffin trading lead flourishes with Baker himself, the LP is another winner right through. The swinging bop is full of zest and verve on 'Hotel 49' and a one-off rendition of Miles' 'Solar,' while some contrasting introspective breaks are provided by 'Blue Thoughts' and 'Polka Dots And Moonbeams.' Great stuff!","og_url":"https:\/\/wpguerssen-test.odoo.rgbconsulting.com\/es\/producto\/in-new-york-clear\/","og_site_name":"Guerssen records","article_modified_time":"2025-01-09T14:49:12+00:00","og_image":[{"width":2536,"height":2560,"url":"https:\/\/wpguerssen-test.odoo.rgbconsulting.com\/wp-content\/uploads\/2024\/04\/47418-scaled.jpg","type":"image\/jpeg"}],"twitter_card":"summary_large_image","twitter_title":"BAKER, Chet - In New York (Clear) -  (LP) | Guerssen","twitter_misc":{"Tiempo de lectura":"1 minuto"},"schema":{"@context":"https:\/\/schema.org","@graph":[{"@type":"WebPage","@id":"https:\/\/wpguerssen-test.odoo.rgbconsulting.com\/es\/producto\/in-new-york-clear\/","url":"https:\/\/wpguerssen-test.odoo.rgbconsulting.com\/es\/producto\/in-new-york-clear\/","name":"BAKER, Chet - In New York (Clear) - (LP) | Guerssen","isPartOf":{"@id":"https:\/\/wpguerssen-test.odoo.rgbconsulting.com\/es\/#website"},"primaryImageOfPage":{"@id":"https:\/\/wpguerssen-test.odoo.rgbconsulting.com\/es\/producto\/in-new-york-clear\/#primaryimage"},"image":{"@id":"https:\/\/wpguerssen-test.odoo.rgbconsulting.com\/es\/producto\/in-new-york-clear\/#primaryimage"},"thumbnailUrl":"https:\/\/wpguerssen-test.odoo.rgbconsulting.com\/wp-content\/uploads\/2024\/04\/47418-scaled.jpg","datePublished":"2024-05-27T22:00:00+00:00","dateModified":"2025-01-09T14:49:12+00:00","description":"His first for Riverside, In New York saw Chet Baker bring the West Coast cool jazz style to new Manhattan surroundings. With the rhythm section of Paul Chambers and Philly Joe Jones keeping things up-tempo and propulsive, pianist Al Haig alternating between fill-in chords and intriguing melodies and saxophonist Johnny Giffin trading lead flourishes with Baker himself, the LP is another winner right through. The swinging bop is full of zest and verve on 'Hotel 49' and a one-off rendition of Miles' 'Solar,' while some contrasting introspective breaks are provided by 'Blue Thoughts' and 'Polka Dots And Moonbeams.' Great stuff!","breadcrumb":{"@id":"https:\/\/wpguerssen-test.odoo.rgbconsulting.com\/es\/producto\/in-new-york-clear\/#breadcrumb"},"inLanguage":"es","potentialAction":[{"@type":"ReadAction","target":["https:\/\/wpguerssen-test.odoo.rgbconsulting.com\/es\/producto\/in-new-york-clear\/"]}]},{"@type":"ImageObject","inLanguage":"es","@id":"https:\/\/wpguerssen-test.odoo.rgbconsulting.com\/es\/producto\/in-new-york-clear\/#primaryimage","url":"https:\/\/wpguerssen-test.odoo.rgbconsulting.com\/wp-content\/uploads\/2024\/04\/47418-scaled.jpg","contentUrl":"https:\/\/wpguerssen-test.odoo.rgbconsulting.com\/wp-content\/uploads\/2024\/04\/47418-scaled.jpg","width":2536,"height":2560,"caption":"Chet - In New York (Clear) - DESTINATION MOON (LP) | Guerssen"},{"@type":"BreadcrumbList","@id":"https:\/\/wpguerssen-test.odoo.rgbconsulting.com\/es\/producto\/in-new-york-clear\/#breadcrumb","itemListElement":[{"@type":"ListItem","position":1,"name":"Inicio","item":"https:\/\/wpguerssen-test.odoo.rgbconsulting.com\/es\/"},{"@type":"ListItem","position":2,"name":"Shop","item":"https:\/\/wpguerssen-test.odoo.rgbconsulting.com\/shop\/"},{"@type":"ListItem","position":3,"name":"In New York (Clear)"}]},{"@type":"WebSite","@id":"https:\/\/wpguerssen-test.odoo.rgbconsulting.com\/es\/#website","url":"https:\/\/wpguerssen-test.odoo.rgbconsulting.com\/es\/","name":"Guerssen records","description":"psychedelia - progressive - folk - garage ","publisher":{"@id":"https:\/\/wpguerssen-test.odoo.rgbconsulting.com\/es\/#organization"},"potentialAction":[{"@type":"SearchAction","target":{"@type":"EntryPoint","urlTemplate":"https:\/\/wpguerssen-test.odoo.rgbconsulting.com\/es\/?s={search_term_string}"},"query-input":{"@type":"PropertyValueSpecification","valueRequired":true,"valueName":"search_term_string"}}],"inLanguage":"es"},{"@type":"Organization","@id":"https:\/\/wpguerssen-test.odoo.rgbconsulting.com\/es\/#organization","name":"Guerssen records","url":"https:\/\/wpguerssen-test.odoo.rgbconsulting.com\/es\/","logo":{"@type":"ImageObject","inLanguage":"es","@id":"https:\/\/wpguerssen-test.odoo.rgbconsulting.com\/es\/#\/schema\/logo\/image\/","url":"https:\/\/wpguerssen-test.odoo.rgbconsulting.com\/wp-content\/uploads\/2022\/04\/Logo_Guerssen_trans_100.png","contentUrl":"https:\/\/wpguerssen-test.odoo.rgbconsulting.com\/wp-content\/uploads\/2022\/04\/Logo_Guerssen_trans_100.png","width":122,"height":100,"caption":"Guerssen records"},"image":{"@id":"https:\/\/wpguerssen-test.odoo.rgbconsulting.com\/es\/#\/schema\/logo\/image\/"}}]}},"_links":{"self":[{"href":"https:\/\/wpguerssen-test.odoo.rgbconsulting.com\/es\/wp-json\/wp\/v2\/product\/264537","targetHints":{"allow":["GET"]}}],"collection":[{"href":"https:\/\/wpguerssen-test.odoo.rgbconsulting.com\/es\/wp-json\/wp\/v2\/product"}],"about":[{"href":"https:\/\/wpguerssen-test.odoo.rgbconsulting.com\/es\/wp-json\/wp\/v2\/types\/product"}],"wp:featuredmedia":[{"embeddable":true,"href":"https:\/\/wpguerssen-test.odoo.rgbconsulting.com\/es\/wp-json\/wp\/v2\/media\/264497"}],"wp:attachment":[{"href":"https:\/\/wpguerssen-test.odoo.rgbconsulting.com\/es\/wp-json\/wp\/v2\/media?parent=264537"}],"wp:term":[{"taxonomy":"product_brand","embeddable":true,"href":"https:\/\/wpguerssen-test.odoo.rgbconsulting.com\/es\/wp-json\/wp\/v2\/product_brand?post=264537"},{"taxonomy":"product_cat","embeddable":true,"href":"https:\/\/wpguerssen-test.odoo.rgbconsulting.com\/es\/wp-json\/wp\/v2\/product_cat?post=264537"},{"taxonomy":"product_tag","embeddable":true,"href":"https:\/\/wpguerssen-test.odoo.rgbconsulting.com\/es\/wp-json\/wp\/v2\/product_tag?post=264537"}],"curies":[{"name":"wp","href":"https:\/\/api.w.org\/{rel}","templated":true}]}}