{"id":264544,"date":"2024-05-28T00:00:00","date_gmt":"2024-05-27T22:00:00","guid":{"rendered":"https:\/\/wpguerssen-test.odoo.rgbconsulting.com\/product\/keep-me-safe-keep-me-sane-rare-tracks-1972\/"},"modified":"2024-10-01T19:24:37","modified_gmt":"2024-10-01T17:24:37","slug":"keep-me-safe-keep-me-sane-rare-tracks-1972","status":"publish","type":"product","link":"https:\/\/wpguerssen-test.odoo.rgbconsulting.com\/es\/producto\/keep-me-safe-keep-me-sane-rare-tracks-1972\/","title":{"rendered":"Keep Me Safe, Keep Me Sane: Rare Tracks 1972"},"content":{"rendered":"<p>Los Stooges eran un grupo sin frenos que corr\u00eda inexorablemente hacia la aniquilaci\u00f3n. Finalmente chocaron contra la pared en 1974, despu\u00e9s de la explosi\u00f3n m\u00e1s horrible imaginable en el Palacio de Michigan, donde Iggy pr\u00e1cticamente suplic\u00f3 ser crucificado por una multitud enojada. Pero recuerden esto, ni\u00f1os, Iggy se odiaba tanto a s\u00ed mismo que quer\u00eda vivir.<\/p>\n","protected":false},"excerpt":{"rendered":"<p>Los Stooges eran un grupo sin frenos que corr\u00eda inexorablemente hacia la aniquilaci\u00f3n. Finalmente chocaron contra la pared en 1974, despu\u00e9s de la explosi\u00f3n m\u00e1s<a class=\"read\" href=\"https:\/\/wpguerssen-test.odoo.rgbconsulting.com\/es\/producto\/keep-me-safe-keep-me-sane-rare-tracks-1972\/\"> (...)<\/a>","protected":false},"featured_media":264518,"template":"","meta":{"_acf_changed":false},"product_brand":[],"product_cat":[21650],"product_tag":[],"class_list":{"0":"post-264544","1":"product","2":"type-product","3":"status-publish","4":"has-post-thumbnail","6":"product_cat-punk-es","7":"pa_artist-stooges-the-es","8":"pa_format-lp-es","9":"pa_gender-punk","10":"pa_label-dear-boss","11":"pa_location-north-america-es","12":"pa_other-filters-vinyl-only-es","14":"first","15":"instock","16":"taxable","17":"shipping-taxable","18":"purchasable","19":"product-type-simple"},"acf":[],"yoast_head":"<!-- This site is optimized with the Yoast SEO plugin v24.9 - https:\/\/yoast.com\/wordpress\/plugins\/seo\/ -->\n<title>STOOGES, The - Keep Me Safe, Keep Me Sane: Rare Tracks 1972 -  (LP) | Guerssen<\/title>\n<meta name=\"description\" content=\"The Stooges were a no brakes act who careered inexorably towards annihilation. They finally hit the wall in 1974, after the most horrible blow out imaginable at the Michigan Palace, where Iggy practically begged to be crucified by an angry mob. But remember this kids, Iggy hated himself so much he wanted to live.\" \/>\n<meta name=\"robots\" content=\"index, follow, max-snippet:-1, max-image-preview:large, max-video-preview:-1\" \/>\n<link rel=\"canonical\" href=\"https:\/\/wpguerssen-test.odoo.rgbconsulting.com\/es\/producto\/keep-me-safe-keep-me-sane-rare-tracks-1972\/\" \/>\n<meta property=\"og:locale\" content=\"es_ES\" \/>\n<meta property=\"og:type\" content=\"article\" \/>\n<meta property=\"og:title\" content=\"STOOGES, The - Keep Me Safe, Keep Me Sane: Rare Tracks 1972 -  (LP) | Guerssen\" \/>\n<meta property=\"og:description\" content=\"The Stooges were a no brakes act who careered inexorably towards annihilation. They finally hit the wall in 1974, after the most horrible blow out imaginable at the Michigan Palace, where Iggy practically begged to be crucified by an angry mob. But remember this kids, Iggy hated himself so much he wanted to live.\" \/>\n<meta property=\"og:url\" content=\"https:\/\/wpguerssen-test.odoo.rgbconsulting.com\/es\/producto\/keep-me-safe-keep-me-sane-rare-tracks-1972\/\" \/>\n<meta property=\"og:site_name\" content=\"Guerssen records\" \/>\n<meta property=\"article:modified_time\" content=\"2024-10-01T17:24:37+00:00\" \/>\n<meta property=\"og:image\" content=\"https:\/\/wpguerssen-test.odoo.rgbconsulting.com\/wp-content\/uploads\/2024\/04\/47425.jpg\" \/>\n\t<meta property=\"og:image:width\" content=\"886\" \/>\n\t<meta property=\"og:image:height\" content=\"886\" \/>\n\t<meta property=\"og:image:type\" content=\"image\/jpeg\" \/>\n<meta name=\"twitter:card\" content=\"summary_large_image\" \/>\n<meta name=\"twitter:title\" content=\"STOOGES, The - Keep Me Safe, Keep Me Sane: Rare Tracks 1972 -  (LP) | Guerssen\" \/>\n<script type=\"application\/ld+json\" class=\"yoast-schema-graph\">{\"@context\":\"https:\/\/schema.org\",\"@graph\":[{\"@type\":\"WebPage\",\"@id\":\"https:\/\/wpguerssen-test.odoo.rgbconsulting.com\/es\/producto\/keep-me-safe-keep-me-sane-rare-tracks-1972\/\",\"url\":\"https:\/\/wpguerssen-test.odoo.rgbconsulting.com\/es\/producto\/keep-me-safe-keep-me-sane-rare-tracks-1972\/\",\"name\":\"STOOGES, The - Keep Me Safe, Keep Me Sane: Rare Tracks 1972 - (LP) | Guerssen\",\"isPartOf\":{\"@id\":\"https:\/\/wpguerssen-test.odoo.rgbconsulting.com\/es\/#website\"},\"primaryImageOfPage\":{\"@id\":\"https:\/\/wpguerssen-test.odoo.rgbconsulting.com\/es\/producto\/keep-me-safe-keep-me-sane-rare-tracks-1972\/#primaryimage\"},\"image\":{\"@id\":\"https:\/\/wpguerssen-test.odoo.rgbconsulting.com\/es\/producto\/keep-me-safe-keep-me-sane-rare-tracks-1972\/#primaryimage\"},\"thumbnailUrl\":\"https:\/\/wpguerssen-test.odoo.rgbconsulting.com\/wp-content\/uploads\/2024\/04\/47425.jpg\",\"datePublished\":\"2024-05-27T22:00:00+00:00\",\"dateModified\":\"2024-10-01T17:24:37+00:00\",\"description\":\"The Stooges were a no brakes act who careered inexorably towards annihilation. They finally hit the wall in 1974, after the most horrible blow out imaginable at the Michigan Palace, where Iggy practically begged to be crucified by an angry mob. But remember this kids, Iggy hated himself so much he wanted to live.\",\"breadcrumb\":{\"@id\":\"https:\/\/wpguerssen-test.odoo.rgbconsulting.com\/es\/producto\/keep-me-safe-keep-me-sane-rare-tracks-1972\/#breadcrumb\"},\"inLanguage\":\"es\",\"potentialAction\":[{\"@type\":\"ReadAction\",\"target\":[\"https:\/\/wpguerssen-test.odoo.rgbconsulting.com\/es\/producto\/keep-me-safe-keep-me-sane-rare-tracks-1972\/\"]}]},{\"@type\":\"ImageObject\",\"inLanguage\":\"es\",\"@id\":\"https:\/\/wpguerssen-test.odoo.rgbconsulting.com\/es\/producto\/keep-me-safe-keep-me-sane-rare-tracks-1972\/#primaryimage\",\"url\":\"https:\/\/wpguerssen-test.odoo.rgbconsulting.com\/wp-content\/uploads\/2024\/04\/47425.jpg\",\"contentUrl\":\"https:\/\/wpguerssen-test.odoo.rgbconsulting.com\/wp-content\/uploads\/2024\/04\/47425.jpg\",\"width\":886,\"height\":886,\"caption\":\"The - Keep Me Safe\"},{\"@type\":\"BreadcrumbList\",\"@id\":\"https:\/\/wpguerssen-test.odoo.rgbconsulting.com\/es\/producto\/keep-me-safe-keep-me-sane-rare-tracks-1972\/#breadcrumb\",\"itemListElement\":[{\"@type\":\"ListItem\",\"position\":1,\"name\":\"Inicio\",\"item\":\"https:\/\/wpguerssen-test.odoo.rgbconsulting.com\/es\/\"},{\"@type\":\"ListItem\",\"position\":2,\"name\":\"Shop\",\"item\":\"https:\/\/wpguerssen-test.odoo.rgbconsulting.com\/shop\/\"},{\"@type\":\"ListItem\",\"position\":3,\"name\":\"Keep Me Safe, Keep Me Sane: Rare Tracks 1972\"}]},{\"@type\":\"WebSite\",\"@id\":\"https:\/\/wpguerssen-test.odoo.rgbconsulting.com\/es\/#website\",\"url\":\"https:\/\/wpguerssen-test.odoo.rgbconsulting.com\/es\/\",\"name\":\"Guerssen records\",\"description\":\"psychedelia - progressive - folk - garage \",\"publisher\":{\"@id\":\"https:\/\/wpguerssen-test.odoo.rgbconsulting.com\/es\/#organization\"},\"potentialAction\":[{\"@type\":\"SearchAction\",\"target\":{\"@type\":\"EntryPoint\",\"urlTemplate\":\"https:\/\/wpguerssen-test.odoo.rgbconsulting.com\/es\/?s={search_term_string}\"},\"query-input\":{\"@type\":\"PropertyValueSpecification\",\"valueRequired\":true,\"valueName\":\"search_term_string\"}}],\"inLanguage\":\"es\"},{\"@type\":\"Organization\",\"@id\":\"https:\/\/wpguerssen-test.odoo.rgbconsulting.com\/es\/#organization\",\"name\":\"Guerssen records\",\"url\":\"https:\/\/wpguerssen-test.odoo.rgbconsulting.com\/es\/\",\"logo\":{\"@type\":\"ImageObject\",\"inLanguage\":\"es\",\"@id\":\"https:\/\/wpguerssen-test.odoo.rgbconsulting.com\/es\/#\/schema\/logo\/image\/\",\"url\":\"https:\/\/wpguerssen-test.odoo.rgbconsulting.com\/wp-content\/uploads\/2022\/04\/Logo_Guerssen_trans_100.png\",\"contentUrl\":\"https:\/\/wpguerssen-test.odoo.rgbconsulting.com\/wp-content\/uploads\/2022\/04\/Logo_Guerssen_trans_100.png\",\"width\":122,\"height\":100,\"caption\":\"Guerssen records\"},\"image\":{\"@id\":\"https:\/\/wpguerssen-test.odoo.rgbconsulting.com\/es\/#\/schema\/logo\/image\/\"}}]}<\/script>\n<!-- \/ Yoast SEO plugin. -->","yoast_head_json":{"title":"STOOGES, The - Keep Me Safe, Keep Me Sane: Rare Tracks 1972 -  (LP) | Guerssen","description":"The Stooges were a no brakes act who careered inexorably towards annihilation. They finally hit the wall in 1974, after the most horrible blow out imaginable at the Michigan Palace, where Iggy practically begged to be crucified by an angry mob. But remember this kids, Iggy hated himself so much he wanted to live.","robots":{"index":"index","follow":"follow","max-snippet":"max-snippet:-1","max-image-preview":"max-image-preview:large","max-video-preview":"max-video-preview:-1"},"canonical":"https:\/\/wpguerssen-test.odoo.rgbconsulting.com\/es\/producto\/keep-me-safe-keep-me-sane-rare-tracks-1972\/","og_locale":"es_ES","og_type":"article","og_title":"STOOGES, The - Keep Me Safe, Keep Me Sane: Rare Tracks 1972 -  (LP) | Guerssen","og_description":"The Stooges were a no brakes act who careered inexorably towards annihilation. They finally hit the wall in 1974, after the most horrible blow out imaginable at the Michigan Palace, where Iggy practically begged to be crucified by an angry mob. But remember this kids, Iggy hated himself so much he wanted to live.","og_url":"https:\/\/wpguerssen-test.odoo.rgbconsulting.com\/es\/producto\/keep-me-safe-keep-me-sane-rare-tracks-1972\/","og_site_name":"Guerssen records","article_modified_time":"2024-10-01T17:24:37+00:00","og_image":[{"width":886,"height":886,"url":"https:\/\/wpguerssen-test.odoo.rgbconsulting.com\/wp-content\/uploads\/2024\/04\/47425.jpg","type":"image\/jpeg"}],"twitter_card":"summary_large_image","twitter_title":"STOOGES, The - Keep Me Safe, Keep Me Sane: Rare Tracks 1972 -  (LP) | Guerssen","schema":{"@context":"https:\/\/schema.org","@graph":[{"@type":"WebPage","@id":"https:\/\/wpguerssen-test.odoo.rgbconsulting.com\/es\/producto\/keep-me-safe-keep-me-sane-rare-tracks-1972\/","url":"https:\/\/wpguerssen-test.odoo.rgbconsulting.com\/es\/producto\/keep-me-safe-keep-me-sane-rare-tracks-1972\/","name":"STOOGES, The - Keep Me Safe, Keep Me Sane: Rare Tracks 1972 - (LP) | Guerssen","isPartOf":{"@id":"https:\/\/wpguerssen-test.odoo.rgbconsulting.com\/es\/#website"},"primaryImageOfPage":{"@id":"https:\/\/wpguerssen-test.odoo.rgbconsulting.com\/es\/producto\/keep-me-safe-keep-me-sane-rare-tracks-1972\/#primaryimage"},"image":{"@id":"https:\/\/wpguerssen-test.odoo.rgbconsulting.com\/es\/producto\/keep-me-safe-keep-me-sane-rare-tracks-1972\/#primaryimage"},"thumbnailUrl":"https:\/\/wpguerssen-test.odoo.rgbconsulting.com\/wp-content\/uploads\/2024\/04\/47425.jpg","datePublished":"2024-05-27T22:00:00+00:00","dateModified":"2024-10-01T17:24:37+00:00","description":"The Stooges were a no brakes act who careered inexorably towards annihilation. They finally hit the wall in 1974, after the most horrible blow out imaginable at the Michigan Palace, where Iggy practically begged to be crucified by an angry mob. But remember this kids, Iggy hated himself so much he wanted to live.","breadcrumb":{"@id":"https:\/\/wpguerssen-test.odoo.rgbconsulting.com\/es\/producto\/keep-me-safe-keep-me-sane-rare-tracks-1972\/#breadcrumb"},"inLanguage":"es","potentialAction":[{"@type":"ReadAction","target":["https:\/\/wpguerssen-test.odoo.rgbconsulting.com\/es\/producto\/keep-me-safe-keep-me-sane-rare-tracks-1972\/"]}]},{"@type":"ImageObject","inLanguage":"es","@id":"https:\/\/wpguerssen-test.odoo.rgbconsulting.com\/es\/producto\/keep-me-safe-keep-me-sane-rare-tracks-1972\/#primaryimage","url":"https:\/\/wpguerssen-test.odoo.rgbconsulting.com\/wp-content\/uploads\/2024\/04\/47425.jpg","contentUrl":"https:\/\/wpguerssen-test.odoo.rgbconsulting.com\/wp-content\/uploads\/2024\/04\/47425.jpg","width":886,"height":886,"caption":"The - Keep Me Safe"},{"@type":"BreadcrumbList","@id":"https:\/\/wpguerssen-test.odoo.rgbconsulting.com\/es\/producto\/keep-me-safe-keep-me-sane-rare-tracks-1972\/#breadcrumb","itemListElement":[{"@type":"ListItem","position":1,"name":"Inicio","item":"https:\/\/wpguerssen-test.odoo.rgbconsulting.com\/es\/"},{"@type":"ListItem","position":2,"name":"Shop","item":"https:\/\/wpguerssen-test.odoo.rgbconsulting.com\/shop\/"},{"@type":"ListItem","position":3,"name":"Keep Me Safe, Keep Me Sane: Rare Tracks 1972"}]},{"@type":"WebSite","@id":"https:\/\/wpguerssen-test.odoo.rgbconsulting.com\/es\/#website","url":"https:\/\/wpguerssen-test.odoo.rgbconsulting.com\/es\/","name":"Guerssen records","description":"psychedelia - progressive - folk - garage ","publisher":{"@id":"https:\/\/wpguerssen-test.odoo.rgbconsulting.com\/es\/#organization"},"potentialAction":[{"@type":"SearchAction","target":{"@type":"EntryPoint","urlTemplate":"https:\/\/wpguerssen-test.odoo.rgbconsulting.com\/es\/?s={search_term_string}"},"query-input":{"@type":"PropertyValueSpecification","valueRequired":true,"valueName":"search_term_string"}}],"inLanguage":"es"},{"@type":"Organization","@id":"https:\/\/wpguerssen-test.odoo.rgbconsulting.com\/es\/#organization","name":"Guerssen records","url":"https:\/\/wpguerssen-test.odoo.rgbconsulting.com\/es\/","logo":{"@type":"ImageObject","inLanguage":"es","@id":"https:\/\/wpguerssen-test.odoo.rgbconsulting.com\/es\/#\/schema\/logo\/image\/","url":"https:\/\/wpguerssen-test.odoo.rgbconsulting.com\/wp-content\/uploads\/2022\/04\/Logo_Guerssen_trans_100.png","contentUrl":"https:\/\/wpguerssen-test.odoo.rgbconsulting.com\/wp-content\/uploads\/2022\/04\/Logo_Guerssen_trans_100.png","width":122,"height":100,"caption":"Guerssen records"},"image":{"@id":"https:\/\/wpguerssen-test.odoo.rgbconsulting.com\/es\/#\/schema\/logo\/image\/"}}]}},"_links":{"self":[{"href":"https:\/\/wpguerssen-test.odoo.rgbconsulting.com\/es\/wp-json\/wp\/v2\/product\/264544","targetHints":{"allow":["GET"]}}],"collection":[{"href":"https:\/\/wpguerssen-test.odoo.rgbconsulting.com\/es\/wp-json\/wp\/v2\/product"}],"about":[{"href":"https:\/\/wpguerssen-test.odoo.rgbconsulting.com\/es\/wp-json\/wp\/v2\/types\/product"}],"wp:featuredmedia":[{"embeddable":true,"href":"https:\/\/wpguerssen-test.odoo.rgbconsulting.com\/es\/wp-json\/wp\/v2\/media\/264518"}],"wp:attachment":[{"href":"https:\/\/wpguerssen-test.odoo.rgbconsulting.com\/es\/wp-json\/wp\/v2\/media?parent=264544"}],"wp:term":[{"taxonomy":"product_brand","embeddable":true,"href":"https:\/\/wpguerssen-test.odoo.rgbconsulting.com\/es\/wp-json\/wp\/v2\/product_brand?post=264544"},{"taxonomy":"product_cat","embeddable":true,"href":"https:\/\/wpguerssen-test.odoo.rgbconsulting.com\/es\/wp-json\/wp\/v2\/product_cat?post=264544"},{"taxonomy":"product_tag","embeddable":true,"href":"https:\/\/wpguerssen-test.odoo.rgbconsulting.com\/es\/wp-json\/wp\/v2\/product_tag?post=264544"}],"curies":[{"name":"wp","href":"https:\/\/api.w.org\/{rel}","templated":true}]}}