{"id":264776,"date":"2017-01-09T00:00:00","date_gmt":"2017-01-08T23:00:00","guid":{"rendered":"https:\/\/wpguerssen-test.odoo.rgbconsulting.com\/product\/how-sweet-it-is-vol-1-live-at-capitol-78-blue\/"},"modified":"2025-01-09T15:49:32","modified_gmt":"2025-01-09T14:49:32","slug":"how-sweet-it-is-vol-1-live-at-capitol-78-blue","status":"publish","type":"product","link":"https:\/\/wpguerssen-test.odoo.rgbconsulting.com\/es\/producto\/how-sweet-it-is-vol-1-live-at-capitol-78-blue\/","title":{"rendered":"How Sweet It Is Vol 1. Live At Capitol 78 (Blue)"},"content":{"rendered":"<p>Grabado en la gira de 1978 promocionando su \u00e1lbum Cats Under The Stars, aqu\u00ed se presenta The Jerry Garc\u00eda Band en vivo en The Capitol Theatre en Passaic, Nueva Jersey. El primer espect\u00e1culo de esta noche se transmiti\u00f3 simult\u00e1neamente en vivo por WNEW en la ciudad de Nueva York y ha sido durante mucho tiempo un elemento b\u00e1sico de las colecciones de Garc\u00eda. <br \/>Esta alineaci\u00f3n particular de JGB inclu\u00eda a Donna Jean Godchaux y Maria Muldaur como voces de apoyo. Esta grabaci\u00f3n tambi\u00e9n es notable porque John Kahn es tan prominente en la mezcla, lo que brinda a los oyentes una excelente oportunidad de escuchar la relaci\u00f3n musical telep\u00e1tica que estableci\u00f3 con Garc\u00eda a lo largo de los a\u00f1os.<\/p>\n","protected":false},"excerpt":{"rendered":"<p>Grabado en la gira de 1978 promocionando su \u00e1lbum Cats Under The Stars, aqu\u00ed se presenta The Jerry Garc\u00eda Band en vivo en The Capitol Theatre en Passaic, Nueva<a class=\"read\" href=\"https:\/\/wpguerssen-test.odoo.rgbconsulting.com\/es\/producto\/how-sweet-it-is-vol-1-live-at-capitol-78-blue\/\"> (...)<\/a>","protected":false},"featured_media":264746,"template":"","meta":{"_acf_changed":false},"product_brand":[],"product_cat":[21639,23262],"product_tag":[29140],"class_list":{"0":"post-264776","1":"product","2":"type-product","3":"status-publish","4":"has-post-thumbnail","6":"product_cat-psychedelic60s-70s-es","7":"product_cat-blues-blues-rock-es","8":"product_tag-color-vinyl-es","9":"pa_artist-garcia-jerry","10":"pa_format-lp-es","11":"pa_gender-blues-blues-rock-psychedelic60s-70s","12":"pa_label-outsider","13":"pa_location-north-america-es","14":"pa_other-filters-vinyl-only-es","16":"first","17":"instock","18":"taxable","19":"shipping-taxable","20":"purchasable","21":"product-type-simple"},"acf":[],"yoast_head":"<!-- This site is optimized with the Yoast SEO plugin v24.9 - https:\/\/yoast.com\/wordpress\/plugins\/seo\/ -->\n<title>GARCIA, Jerry - How Sweet It Is Vol 1. Live At Capitol 78 (Blue) -  (LP) | Guerssen<\/title>\n<meta name=\"description\" content=\"Recorded on the 1978 tour promoting his Cats Under The Stars album, presented here is The Jerry Garcia Band live at The Capitol Theatre in Passaic, New Jersey. The early show from this evening was simulcast live on WNEW in New York City and has long been a staple of Garcia collections.This particular JGB lineup included both Donna Jean Godchaux and Maria Muldaur on support vocals. This recording is also remarkable for John Kahn being so prominent in the mix, which gives listeners a fine opportunity to hear the telepathic musical relationship he established with Garcia during the years.\" \/>\n<meta name=\"robots\" content=\"index, follow, max-snippet:-1, max-image-preview:large, max-video-preview:-1\" \/>\n<link rel=\"canonical\" href=\"https:\/\/wpguerssen-test.odoo.rgbconsulting.com\/es\/producto\/how-sweet-it-is-vol-1-live-at-capitol-78-blue\/\" \/>\n<meta property=\"og:locale\" content=\"es_ES\" \/>\n<meta property=\"og:type\" content=\"article\" \/>\n<meta property=\"og:title\" content=\"GARCIA, Jerry - How Sweet It Is Vol 1. Live At Capitol 78 (Blue) -  (LP) | Guerssen\" \/>\n<meta property=\"og:description\" content=\"Recorded on the 1978 tour promoting his Cats Under The Stars album, presented here is The Jerry Garcia Band live at The Capitol Theatre in Passaic, New Jersey. The early show from this evening was simulcast live on WNEW in New York City and has long been a staple of Garcia collections.This particular JGB lineup included both Donna Jean Godchaux and Maria Muldaur on support vocals. This recording is also remarkable for John Kahn being so prominent in the mix, which gives listeners a fine opportunity to hear the telepathic musical relationship he established with Garcia during the years.\" \/>\n<meta property=\"og:url\" content=\"https:\/\/wpguerssen-test.odoo.rgbconsulting.com\/es\/producto\/how-sweet-it-is-vol-1-live-at-capitol-78-blue\/\" \/>\n<meta property=\"og:site_name\" content=\"Guerssen records\" \/>\n<meta property=\"article:modified_time\" content=\"2025-01-09T14:49:32+00:00\" \/>\n<meta property=\"og:image\" content=\"https:\/\/wpguerssen-test.odoo.rgbconsulting.com\/wp-content\/uploads\/2024\/04\/47438.jpg\" \/>\n\t<meta property=\"og:image:width\" content=\"1400\" \/>\n\t<meta property=\"og:image:height\" content=\"1400\" \/>\n\t<meta property=\"og:image:type\" content=\"image\/jpeg\" \/>\n<meta name=\"twitter:card\" content=\"summary_large_image\" \/>\n<meta name=\"twitter:title\" content=\"GARCIA, Jerry - How Sweet It Is Vol 1. Live At Capitol 78 (Blue) -  (LP) | Guerssen\" \/>\n<meta name=\"twitter:label1\" content=\"Tiempo de lectura\" \/>\n\t<meta name=\"twitter:data1\" content=\"1 minuto\" \/>\n<script type=\"application\/ld+json\" class=\"yoast-schema-graph\">{\"@context\":\"https:\/\/schema.org\",\"@graph\":[{\"@type\":\"WebPage\",\"@id\":\"https:\/\/wpguerssen-test.odoo.rgbconsulting.com\/es\/producto\/how-sweet-it-is-vol-1-live-at-capitol-78-blue\/\",\"url\":\"https:\/\/wpguerssen-test.odoo.rgbconsulting.com\/es\/producto\/how-sweet-it-is-vol-1-live-at-capitol-78-blue\/\",\"name\":\"GARCIA, Jerry - How Sweet It Is Vol 1. Live At Capitol 78 (Blue) - (LP) | Guerssen\",\"isPartOf\":{\"@id\":\"https:\/\/wpguerssen-test.odoo.rgbconsulting.com\/es\/#website\"},\"primaryImageOfPage\":{\"@id\":\"https:\/\/wpguerssen-test.odoo.rgbconsulting.com\/es\/producto\/how-sweet-it-is-vol-1-live-at-capitol-78-blue\/#primaryimage\"},\"image\":{\"@id\":\"https:\/\/wpguerssen-test.odoo.rgbconsulting.com\/es\/producto\/how-sweet-it-is-vol-1-live-at-capitol-78-blue\/#primaryimage\"},\"thumbnailUrl\":\"https:\/\/wpguerssen-test.odoo.rgbconsulting.com\/wp-content\/uploads\/2024\/04\/47438.jpg\",\"datePublished\":\"2017-01-08T23:00:00+00:00\",\"dateModified\":\"2025-01-09T14:49:32+00:00\",\"description\":\"Recorded on the 1978 tour promoting his Cats Under The Stars album, presented here is The Jerry Garcia Band live at The Capitol Theatre in Passaic, New Jersey. The early show from this evening was simulcast live on WNEW in New York City and has long been a staple of Garcia collections.This particular JGB lineup included both Donna Jean Godchaux and Maria Muldaur on support vocals. This recording is also remarkable for John Kahn being so prominent in the mix, which gives listeners a fine opportunity to hear the telepathic musical relationship he established with Garcia during the years.\",\"breadcrumb\":{\"@id\":\"https:\/\/wpguerssen-test.odoo.rgbconsulting.com\/es\/producto\/how-sweet-it-is-vol-1-live-at-capitol-78-blue\/#breadcrumb\"},\"inLanguage\":\"es\",\"potentialAction\":[{\"@type\":\"ReadAction\",\"target\":[\"https:\/\/wpguerssen-test.odoo.rgbconsulting.com\/es\/producto\/how-sweet-it-is-vol-1-live-at-capitol-78-blue\/\"]}]},{\"@type\":\"ImageObject\",\"inLanguage\":\"es\",\"@id\":\"https:\/\/wpguerssen-test.odoo.rgbconsulting.com\/es\/producto\/how-sweet-it-is-vol-1-live-at-capitol-78-blue\/#primaryimage\",\"url\":\"https:\/\/wpguerssen-test.odoo.rgbconsulting.com\/wp-content\/uploads\/2024\/04\/47438.jpg\",\"contentUrl\":\"https:\/\/wpguerssen-test.odoo.rgbconsulting.com\/wp-content\/uploads\/2024\/04\/47438.jpg\",\"width\":1400,\"height\":1400,\"caption\":\"Jerry - How Sweet It Is Vol 1. Live At Capitol 78 (Blue) - outsider (LP) | Guerssen\"},{\"@type\":\"BreadcrumbList\",\"@id\":\"https:\/\/wpguerssen-test.odoo.rgbconsulting.com\/es\/producto\/how-sweet-it-is-vol-1-live-at-capitol-78-blue\/#breadcrumb\",\"itemListElement\":[{\"@type\":\"ListItem\",\"position\":1,\"name\":\"Inicio\",\"item\":\"https:\/\/wpguerssen-test.odoo.rgbconsulting.com\/es\/\"},{\"@type\":\"ListItem\",\"position\":2,\"name\":\"Shop\",\"item\":\"https:\/\/wpguerssen-test.odoo.rgbconsulting.com\/shop\/\"},{\"@type\":\"ListItem\",\"position\":3,\"name\":\"How Sweet It Is Vol 1. Live At Capitol 78 (Blue)\"}]},{\"@type\":\"WebSite\",\"@id\":\"https:\/\/wpguerssen-test.odoo.rgbconsulting.com\/es\/#website\",\"url\":\"https:\/\/wpguerssen-test.odoo.rgbconsulting.com\/es\/\",\"name\":\"Guerssen records\",\"description\":\"psychedelia - progressive - folk - garage \",\"publisher\":{\"@id\":\"https:\/\/wpguerssen-test.odoo.rgbconsulting.com\/es\/#organization\"},\"potentialAction\":[{\"@type\":\"SearchAction\",\"target\":{\"@type\":\"EntryPoint\",\"urlTemplate\":\"https:\/\/wpguerssen-test.odoo.rgbconsulting.com\/es\/?s={search_term_string}\"},\"query-input\":{\"@type\":\"PropertyValueSpecification\",\"valueRequired\":true,\"valueName\":\"search_term_string\"}}],\"inLanguage\":\"es\"},{\"@type\":\"Organization\",\"@id\":\"https:\/\/wpguerssen-test.odoo.rgbconsulting.com\/es\/#organization\",\"name\":\"Guerssen records\",\"url\":\"https:\/\/wpguerssen-test.odoo.rgbconsulting.com\/es\/\",\"logo\":{\"@type\":\"ImageObject\",\"inLanguage\":\"es\",\"@id\":\"https:\/\/wpguerssen-test.odoo.rgbconsulting.com\/es\/#\/schema\/logo\/image\/\",\"url\":\"https:\/\/wpguerssen-test.odoo.rgbconsulting.com\/wp-content\/uploads\/2022\/04\/Logo_Guerssen_trans_100.png\",\"contentUrl\":\"https:\/\/wpguerssen-test.odoo.rgbconsulting.com\/wp-content\/uploads\/2022\/04\/Logo_Guerssen_trans_100.png\",\"width\":122,\"height\":100,\"caption\":\"Guerssen records\"},\"image\":{\"@id\":\"https:\/\/wpguerssen-test.odoo.rgbconsulting.com\/es\/#\/schema\/logo\/image\/\"}}]}<\/script>\n<!-- \/ Yoast SEO plugin. -->","yoast_head_json":{"title":"GARCIA, Jerry - How Sweet It Is Vol 1. Live At Capitol 78 (Blue) -  (LP) | Guerssen","description":"Recorded on the 1978 tour promoting his Cats Under The Stars album, presented here is The Jerry Garcia Band live at The Capitol Theatre in Passaic, New Jersey. The early show from this evening was simulcast live on WNEW in New York City and has long been a staple of Garcia collections.This particular JGB lineup included both Donna Jean Godchaux and Maria Muldaur on support vocals. This recording is also remarkable for John Kahn being so prominent in the mix, which gives listeners a fine opportunity to hear the telepathic musical relationship he established with Garcia during the years.","robots":{"index":"index","follow":"follow","max-snippet":"max-snippet:-1","max-image-preview":"max-image-preview:large","max-video-preview":"max-video-preview:-1"},"canonical":"https:\/\/wpguerssen-test.odoo.rgbconsulting.com\/es\/producto\/how-sweet-it-is-vol-1-live-at-capitol-78-blue\/","og_locale":"es_ES","og_type":"article","og_title":"GARCIA, Jerry - How Sweet It Is Vol 1. Live At Capitol 78 (Blue) -  (LP) | Guerssen","og_description":"Recorded on the 1978 tour promoting his Cats Under The Stars album, presented here is The Jerry Garcia Band live at The Capitol Theatre in Passaic, New Jersey. The early show from this evening was simulcast live on WNEW in New York City and has long been a staple of Garcia collections.This particular JGB lineup included both Donna Jean Godchaux and Maria Muldaur on support vocals. This recording is also remarkable for John Kahn being so prominent in the mix, which gives listeners a fine opportunity to hear the telepathic musical relationship he established with Garcia during the years.","og_url":"https:\/\/wpguerssen-test.odoo.rgbconsulting.com\/es\/producto\/how-sweet-it-is-vol-1-live-at-capitol-78-blue\/","og_site_name":"Guerssen records","article_modified_time":"2025-01-09T14:49:32+00:00","og_image":[{"width":1400,"height":1400,"url":"https:\/\/wpguerssen-test.odoo.rgbconsulting.com\/wp-content\/uploads\/2024\/04\/47438.jpg","type":"image\/jpeg"}],"twitter_card":"summary_large_image","twitter_title":"GARCIA, Jerry - How Sweet It Is Vol 1. Live At Capitol 78 (Blue) -  (LP) | Guerssen","twitter_misc":{"Tiempo de lectura":"1 minuto"},"schema":{"@context":"https:\/\/schema.org","@graph":[{"@type":"WebPage","@id":"https:\/\/wpguerssen-test.odoo.rgbconsulting.com\/es\/producto\/how-sweet-it-is-vol-1-live-at-capitol-78-blue\/","url":"https:\/\/wpguerssen-test.odoo.rgbconsulting.com\/es\/producto\/how-sweet-it-is-vol-1-live-at-capitol-78-blue\/","name":"GARCIA, Jerry - How Sweet It Is Vol 1. Live At Capitol 78 (Blue) - (LP) | Guerssen","isPartOf":{"@id":"https:\/\/wpguerssen-test.odoo.rgbconsulting.com\/es\/#website"},"primaryImageOfPage":{"@id":"https:\/\/wpguerssen-test.odoo.rgbconsulting.com\/es\/producto\/how-sweet-it-is-vol-1-live-at-capitol-78-blue\/#primaryimage"},"image":{"@id":"https:\/\/wpguerssen-test.odoo.rgbconsulting.com\/es\/producto\/how-sweet-it-is-vol-1-live-at-capitol-78-blue\/#primaryimage"},"thumbnailUrl":"https:\/\/wpguerssen-test.odoo.rgbconsulting.com\/wp-content\/uploads\/2024\/04\/47438.jpg","datePublished":"2017-01-08T23:00:00+00:00","dateModified":"2025-01-09T14:49:32+00:00","description":"Recorded on the 1978 tour promoting his Cats Under The Stars album, presented here is The Jerry Garcia Band live at The Capitol Theatre in Passaic, New Jersey. The early show from this evening was simulcast live on WNEW in New York City and has long been a staple of Garcia collections.This particular JGB lineup included both Donna Jean Godchaux and Maria Muldaur on support vocals. This recording is also remarkable for John Kahn being so prominent in the mix, which gives listeners a fine opportunity to hear the telepathic musical relationship he established with Garcia during the years.","breadcrumb":{"@id":"https:\/\/wpguerssen-test.odoo.rgbconsulting.com\/es\/producto\/how-sweet-it-is-vol-1-live-at-capitol-78-blue\/#breadcrumb"},"inLanguage":"es","potentialAction":[{"@type":"ReadAction","target":["https:\/\/wpguerssen-test.odoo.rgbconsulting.com\/es\/producto\/how-sweet-it-is-vol-1-live-at-capitol-78-blue\/"]}]},{"@type":"ImageObject","inLanguage":"es","@id":"https:\/\/wpguerssen-test.odoo.rgbconsulting.com\/es\/producto\/how-sweet-it-is-vol-1-live-at-capitol-78-blue\/#primaryimage","url":"https:\/\/wpguerssen-test.odoo.rgbconsulting.com\/wp-content\/uploads\/2024\/04\/47438.jpg","contentUrl":"https:\/\/wpguerssen-test.odoo.rgbconsulting.com\/wp-content\/uploads\/2024\/04\/47438.jpg","width":1400,"height":1400,"caption":"Jerry - How Sweet It Is Vol 1. Live At Capitol 78 (Blue) - outsider (LP) | Guerssen"},{"@type":"BreadcrumbList","@id":"https:\/\/wpguerssen-test.odoo.rgbconsulting.com\/es\/producto\/how-sweet-it-is-vol-1-live-at-capitol-78-blue\/#breadcrumb","itemListElement":[{"@type":"ListItem","position":1,"name":"Inicio","item":"https:\/\/wpguerssen-test.odoo.rgbconsulting.com\/es\/"},{"@type":"ListItem","position":2,"name":"Shop","item":"https:\/\/wpguerssen-test.odoo.rgbconsulting.com\/shop\/"},{"@type":"ListItem","position":3,"name":"How Sweet It Is Vol 1. Live At Capitol 78 (Blue)"}]},{"@type":"WebSite","@id":"https:\/\/wpguerssen-test.odoo.rgbconsulting.com\/es\/#website","url":"https:\/\/wpguerssen-test.odoo.rgbconsulting.com\/es\/","name":"Guerssen records","description":"psychedelia - progressive - folk - garage ","publisher":{"@id":"https:\/\/wpguerssen-test.odoo.rgbconsulting.com\/es\/#organization"},"potentialAction":[{"@type":"SearchAction","target":{"@type":"EntryPoint","urlTemplate":"https:\/\/wpguerssen-test.odoo.rgbconsulting.com\/es\/?s={search_term_string}"},"query-input":{"@type":"PropertyValueSpecification","valueRequired":true,"valueName":"search_term_string"}}],"inLanguage":"es"},{"@type":"Organization","@id":"https:\/\/wpguerssen-test.odoo.rgbconsulting.com\/es\/#organization","name":"Guerssen records","url":"https:\/\/wpguerssen-test.odoo.rgbconsulting.com\/es\/","logo":{"@type":"ImageObject","inLanguage":"es","@id":"https:\/\/wpguerssen-test.odoo.rgbconsulting.com\/es\/#\/schema\/logo\/image\/","url":"https:\/\/wpguerssen-test.odoo.rgbconsulting.com\/wp-content\/uploads\/2022\/04\/Logo_Guerssen_trans_100.png","contentUrl":"https:\/\/wpguerssen-test.odoo.rgbconsulting.com\/wp-content\/uploads\/2022\/04\/Logo_Guerssen_trans_100.png","width":122,"height":100,"caption":"Guerssen records"},"image":{"@id":"https:\/\/wpguerssen-test.odoo.rgbconsulting.com\/es\/#\/schema\/logo\/image\/"}}]}},"_links":{"self":[{"href":"https:\/\/wpguerssen-test.odoo.rgbconsulting.com\/es\/wp-json\/wp\/v2\/product\/264776","targetHints":{"allow":["GET"]}}],"collection":[{"href":"https:\/\/wpguerssen-test.odoo.rgbconsulting.com\/es\/wp-json\/wp\/v2\/product"}],"about":[{"href":"https:\/\/wpguerssen-test.odoo.rgbconsulting.com\/es\/wp-json\/wp\/v2\/types\/product"}],"wp:featuredmedia":[{"embeddable":true,"href":"https:\/\/wpguerssen-test.odoo.rgbconsulting.com\/es\/wp-json\/wp\/v2\/media\/264746"}],"wp:attachment":[{"href":"https:\/\/wpguerssen-test.odoo.rgbconsulting.com\/es\/wp-json\/wp\/v2\/media?parent=264776"}],"wp:term":[{"taxonomy":"product_brand","embeddable":true,"href":"https:\/\/wpguerssen-test.odoo.rgbconsulting.com\/es\/wp-json\/wp\/v2\/product_brand?post=264776"},{"taxonomy":"product_cat","embeddable":true,"href":"https:\/\/wpguerssen-test.odoo.rgbconsulting.com\/es\/wp-json\/wp\/v2\/product_cat?post=264776"},{"taxonomy":"product_tag","embeddable":true,"href":"https:\/\/wpguerssen-test.odoo.rgbconsulting.com\/es\/wp-json\/wp\/v2\/product_tag?post=264776"}],"curies":[{"name":"wp","href":"https:\/\/api.w.org\/{rel}","templated":true}]}}