{"id":264779,"date":"2021-08-24T00:00:00","date_gmt":"2021-08-23T22:00:00","guid":{"rendered":"https:\/\/wpguerssen-test.odoo.rgbconsulting.com\/product\/behind-the-realms-of-madness\/"},"modified":"2025-01-07T19:17:29","modified_gmt":"2025-01-07T18:17:29","slug":"behind-the-realms-of-madness","status":"publish","type":"product","link":"https:\/\/wpguerssen-test.odoo.rgbconsulting.com\/es\/producto\/behind-the-realms-of-madness\/","title":{"rendered":"Behind the realms of madness"},"content":{"rendered":"<p>Habiendo tocado con figuras influyentes de la escena anarco-punk, Antisect e Icons of Filth, en su primer LP de larga duraci\u00f3n, Sacrilege de Birmingham se estableci\u00f3 como una fuerza \u00fanica a tener en cuenta, causando estragos en lo que podr\u00edamos clasificar como tropos sonoros pertenecientes a un espectro de subg\u00e9neros que se ocupan de los extremos: hardcore, doom y thrash. Encabezados por Lynda &#8216;Tam&#8217; Simpson y sus hechizos que provocan convulsiones, inyectados con un mordisco de alma en pena feroz y sociopol\u00edtica.<\/p>\n","protected":false},"excerpt":{"rendered":"<p>Habiendo tocado con figuras influyentes de la escena anarco-punk, Antisect e Icons of Filth, en su primer LP de larga duraci\u00f3n, Sacrilege de Birmingham se estableci\u00f3<a class=\"read\" href=\"https:\/\/wpguerssen-test.odoo.rgbconsulting.com\/es\/producto\/behind-the-realms-of-madness\/\"> (...)<\/a>","protected":false},"featured_media":264755,"template":"","meta":{"_acf_changed":false},"product_brand":[],"product_cat":[21650],"product_tag":[],"class_list":{"0":"post-264779","1":"product","2":"type-product","3":"status-publish","4":"has-post-thumbnail","6":"product_cat-punk-es","7":"pa_artist-sacrilege","8":"pa_format-2lp-es","9":"pa_gender-punk","10":"pa_label-radiation","11":"pa_location-uk-ireland-es","12":"pa_other-filters-vinyl-only-es","14":"first","15":"instock","16":"taxable","17":"shipping-taxable","18":"purchasable","19":"product-type-simple"},"acf":[],"yoast_head":"<!-- This site is optimized with the Yoast SEO plugin v24.9 - https:\/\/yoast.com\/wordpress\/plugins\/seo\/ -->\n<title>SACRILEGE - Behind the realms of madness -  (2LP) | Guerssen<\/title>\n<meta name=\"description\" content=\"Having played with the likes of influential movers and shakers on the anarcho-punk scene Antisect and Icons of Filth, on their first full-length LP, Birmingham&#039;s Sacrilege established themselves as a unique force to be reckoned with, wreaking havoc on what we could classify as sonic tropes belonging to a spectrum of subgenres dealing in the extremes: hardcore, doom, and thrash. Fronted by Lynda &#039;Tam&#039; Simpson and her seizure-inducing spells injected with a fierce, sociopolitical-cum-mythopoeic banshee bite (but not wanting to understate the line-up of Damian Thompson on guillotine-quick\/milkshake thick guitars) - the six-track onslaught is every bit as crushing as the title suggests. From depraved dungeon synth-scapes on opener Lifeline to the planet-flattening funeral toll of The Closing Irony, one question remains: One riff to rule them all? Yes.\" \/>\n<meta name=\"robots\" content=\"index, follow, max-snippet:-1, max-image-preview:large, max-video-preview:-1\" \/>\n<link rel=\"canonical\" href=\"https:\/\/wpguerssen-test.odoo.rgbconsulting.com\/es\/producto\/behind-the-realms-of-madness\/\" \/>\n<meta property=\"og:locale\" content=\"es_ES\" \/>\n<meta property=\"og:type\" content=\"article\" \/>\n<meta property=\"og:title\" content=\"SACRILEGE - Behind the realms of madness -  (2LP) | Guerssen\" \/>\n<meta property=\"og:description\" content=\"Having played with the likes of influential movers and shakers on the anarcho-punk scene Antisect and Icons of Filth, on their first full-length LP, Birmingham&#039;s Sacrilege established themselves as a unique force to be reckoned with, wreaking havoc on what we could classify as sonic tropes belonging to a spectrum of subgenres dealing in the extremes: hardcore, doom, and thrash. Fronted by Lynda &#039;Tam&#039; Simpson and her seizure-inducing spells injected with a fierce, sociopolitical-cum-mythopoeic banshee bite (but not wanting to understate the line-up of Damian Thompson on guillotine-quick\/milkshake thick guitars) - the six-track onslaught is every bit as crushing as the title suggests. From depraved dungeon synth-scapes on opener Lifeline to the planet-flattening funeral toll of The Closing Irony, one question remains: One riff to rule them all? Yes.\" \/>\n<meta property=\"og:url\" content=\"https:\/\/wpguerssen-test.odoo.rgbconsulting.com\/es\/producto\/behind-the-realms-of-madness\/\" \/>\n<meta property=\"og:site_name\" content=\"Guerssen records\" \/>\n<meta property=\"article:modified_time\" content=\"2025-01-07T18:17:29+00:00\" \/>\n<meta property=\"og:image\" content=\"https:\/\/wpguerssen-test.odoo.rgbconsulting.com\/wp-content\/uploads\/2024\/04\/47441.jpg\" \/>\n\t<meta property=\"og:image:width\" content=\"886\" \/>\n\t<meta property=\"og:image:height\" content=\"886\" \/>\n\t<meta property=\"og:image:type\" content=\"image\/jpeg\" \/>\n<meta name=\"twitter:card\" content=\"summary_large_image\" \/>\n<meta name=\"twitter:title\" content=\"SACRILEGE - Behind the realms of madness -  (2LP) | Guerssen\" \/>\n<script type=\"application\/ld+json\" class=\"yoast-schema-graph\">{\"@context\":\"https:\/\/schema.org\",\"@graph\":[{\"@type\":\"WebPage\",\"@id\":\"https:\/\/wpguerssen-test.odoo.rgbconsulting.com\/es\/producto\/behind-the-realms-of-madness\/\",\"url\":\"https:\/\/wpguerssen-test.odoo.rgbconsulting.com\/es\/producto\/behind-the-realms-of-madness\/\",\"name\":\"SACRILEGE - Behind the realms of madness - (2LP) | Guerssen\",\"isPartOf\":{\"@id\":\"https:\/\/wpguerssen-test.odoo.rgbconsulting.com\/es\/#website\"},\"primaryImageOfPage\":{\"@id\":\"https:\/\/wpguerssen-test.odoo.rgbconsulting.com\/es\/producto\/behind-the-realms-of-madness\/#primaryimage\"},\"image\":{\"@id\":\"https:\/\/wpguerssen-test.odoo.rgbconsulting.com\/es\/producto\/behind-the-realms-of-madness\/#primaryimage\"},\"thumbnailUrl\":\"https:\/\/wpguerssen-test.odoo.rgbconsulting.com\/wp-content\/uploads\/2024\/04\/47441.jpg\",\"datePublished\":\"2021-08-23T22:00:00+00:00\",\"dateModified\":\"2025-01-07T18:17:29+00:00\",\"description\":\"Having played with the likes of influential movers and shakers on the anarcho-punk scene Antisect and Icons of Filth, on their first full-length LP, Birmingham's Sacrilege established themselves as a unique force to be reckoned with, wreaking havoc on what we could classify as sonic tropes belonging to a spectrum of subgenres dealing in the extremes: hardcore, doom, and thrash. Fronted by Lynda 'Tam' Simpson and her seizure-inducing spells injected with a fierce, sociopolitical-cum-mythopoeic banshee bite (but not wanting to understate the line-up of Damian Thompson on guillotine-quick\/milkshake thick guitars) - the six-track onslaught is every bit as crushing as the title suggests. From depraved dungeon synth-scapes on opener Lifeline to the planet-flattening funeral toll of The Closing Irony, one question remains: One riff to rule them all? Yes.\",\"breadcrumb\":{\"@id\":\"https:\/\/wpguerssen-test.odoo.rgbconsulting.com\/es\/producto\/behind-the-realms-of-madness\/#breadcrumb\"},\"inLanguage\":\"es\",\"potentialAction\":[{\"@type\":\"ReadAction\",\"target\":[\"https:\/\/wpguerssen-test.odoo.rgbconsulting.com\/es\/producto\/behind-the-realms-of-madness\/\"]}]},{\"@type\":\"ImageObject\",\"inLanguage\":\"es\",\"@id\":\"https:\/\/wpguerssen-test.odoo.rgbconsulting.com\/es\/producto\/behind-the-realms-of-madness\/#primaryimage\",\"url\":\"https:\/\/wpguerssen-test.odoo.rgbconsulting.com\/wp-content\/uploads\/2024\/04\/47441.jpg\",\"contentUrl\":\"https:\/\/wpguerssen-test.odoo.rgbconsulting.com\/wp-content\/uploads\/2024\/04\/47441.jpg\",\"width\":886,\"height\":886},{\"@type\":\"BreadcrumbList\",\"@id\":\"https:\/\/wpguerssen-test.odoo.rgbconsulting.com\/es\/producto\/behind-the-realms-of-madness\/#breadcrumb\",\"itemListElement\":[{\"@type\":\"ListItem\",\"position\":1,\"name\":\"Inicio\",\"item\":\"https:\/\/wpguerssen-test.odoo.rgbconsulting.com\/es\/\"},{\"@type\":\"ListItem\",\"position\":2,\"name\":\"Shop\",\"item\":\"https:\/\/wpguerssen-test.odoo.rgbconsulting.com\/shop\/\"},{\"@type\":\"ListItem\",\"position\":3,\"name\":\"Behind the realms of madness\"}]},{\"@type\":\"WebSite\",\"@id\":\"https:\/\/wpguerssen-test.odoo.rgbconsulting.com\/es\/#website\",\"url\":\"https:\/\/wpguerssen-test.odoo.rgbconsulting.com\/es\/\",\"name\":\"Guerssen records\",\"description\":\"psychedelia - progressive - folk - garage \",\"publisher\":{\"@id\":\"https:\/\/wpguerssen-test.odoo.rgbconsulting.com\/es\/#organization\"},\"potentialAction\":[{\"@type\":\"SearchAction\",\"target\":{\"@type\":\"EntryPoint\",\"urlTemplate\":\"https:\/\/wpguerssen-test.odoo.rgbconsulting.com\/es\/?s={search_term_string}\"},\"query-input\":{\"@type\":\"PropertyValueSpecification\",\"valueRequired\":true,\"valueName\":\"search_term_string\"}}],\"inLanguage\":\"es\"},{\"@type\":\"Organization\",\"@id\":\"https:\/\/wpguerssen-test.odoo.rgbconsulting.com\/es\/#organization\",\"name\":\"Guerssen records\",\"url\":\"https:\/\/wpguerssen-test.odoo.rgbconsulting.com\/es\/\",\"logo\":{\"@type\":\"ImageObject\",\"inLanguage\":\"es\",\"@id\":\"https:\/\/wpguerssen-test.odoo.rgbconsulting.com\/es\/#\/schema\/logo\/image\/\",\"url\":\"https:\/\/wpguerssen-test.odoo.rgbconsulting.com\/wp-content\/uploads\/2022\/04\/Logo_Guerssen_trans_100.png\",\"contentUrl\":\"https:\/\/wpguerssen-test.odoo.rgbconsulting.com\/wp-content\/uploads\/2022\/04\/Logo_Guerssen_trans_100.png\",\"width\":122,\"height\":100,\"caption\":\"Guerssen records\"},\"image\":{\"@id\":\"https:\/\/wpguerssen-test.odoo.rgbconsulting.com\/es\/#\/schema\/logo\/image\/\"}}]}<\/script>\n<!-- \/ Yoast SEO plugin. -->","yoast_head_json":{"title":"SACRILEGE - Behind the realms of madness -  (2LP) | Guerssen","description":"Having played with the likes of influential movers and shakers on the anarcho-punk scene Antisect and Icons of Filth, on their first full-length LP, Birmingham's Sacrilege established themselves as a unique force to be reckoned with, wreaking havoc on what we could classify as sonic tropes belonging to a spectrum of subgenres dealing in the extremes: hardcore, doom, and thrash. Fronted by Lynda 'Tam' Simpson and her seizure-inducing spells injected with a fierce, sociopolitical-cum-mythopoeic banshee bite (but not wanting to understate the line-up of Damian Thompson on guillotine-quick\/milkshake thick guitars) - the six-track onslaught is every bit as crushing as the title suggests. From depraved dungeon synth-scapes on opener Lifeline to the planet-flattening funeral toll of The Closing Irony, one question remains: One riff to rule them all? Yes.","robots":{"index":"index","follow":"follow","max-snippet":"max-snippet:-1","max-image-preview":"max-image-preview:large","max-video-preview":"max-video-preview:-1"},"canonical":"https:\/\/wpguerssen-test.odoo.rgbconsulting.com\/es\/producto\/behind-the-realms-of-madness\/","og_locale":"es_ES","og_type":"article","og_title":"SACRILEGE - Behind the realms of madness -  (2LP) | Guerssen","og_description":"Having played with the likes of influential movers and shakers on the anarcho-punk scene Antisect and Icons of Filth, on their first full-length LP, Birmingham's Sacrilege established themselves as a unique force to be reckoned with, wreaking havoc on what we could classify as sonic tropes belonging to a spectrum of subgenres dealing in the extremes: hardcore, doom, and thrash. Fronted by Lynda 'Tam' Simpson and her seizure-inducing spells injected with a fierce, sociopolitical-cum-mythopoeic banshee bite (but not wanting to understate the line-up of Damian Thompson on guillotine-quick\/milkshake thick guitars) - the six-track onslaught is every bit as crushing as the title suggests. From depraved dungeon synth-scapes on opener Lifeline to the planet-flattening funeral toll of The Closing Irony, one question remains: One riff to rule them all? Yes.","og_url":"https:\/\/wpguerssen-test.odoo.rgbconsulting.com\/es\/producto\/behind-the-realms-of-madness\/","og_site_name":"Guerssen records","article_modified_time":"2025-01-07T18:17:29+00:00","og_image":[{"width":886,"height":886,"url":"https:\/\/wpguerssen-test.odoo.rgbconsulting.com\/wp-content\/uploads\/2024\/04\/47441.jpg","type":"image\/jpeg"}],"twitter_card":"summary_large_image","twitter_title":"SACRILEGE - Behind the realms of madness -  (2LP) | Guerssen","schema":{"@context":"https:\/\/schema.org","@graph":[{"@type":"WebPage","@id":"https:\/\/wpguerssen-test.odoo.rgbconsulting.com\/es\/producto\/behind-the-realms-of-madness\/","url":"https:\/\/wpguerssen-test.odoo.rgbconsulting.com\/es\/producto\/behind-the-realms-of-madness\/","name":"SACRILEGE - Behind the realms of madness - (2LP) | Guerssen","isPartOf":{"@id":"https:\/\/wpguerssen-test.odoo.rgbconsulting.com\/es\/#website"},"primaryImageOfPage":{"@id":"https:\/\/wpguerssen-test.odoo.rgbconsulting.com\/es\/producto\/behind-the-realms-of-madness\/#primaryimage"},"image":{"@id":"https:\/\/wpguerssen-test.odoo.rgbconsulting.com\/es\/producto\/behind-the-realms-of-madness\/#primaryimage"},"thumbnailUrl":"https:\/\/wpguerssen-test.odoo.rgbconsulting.com\/wp-content\/uploads\/2024\/04\/47441.jpg","datePublished":"2021-08-23T22:00:00+00:00","dateModified":"2025-01-07T18:17:29+00:00","description":"Having played with the likes of influential movers and shakers on the anarcho-punk scene Antisect and Icons of Filth, on their first full-length LP, Birmingham's Sacrilege established themselves as a unique force to be reckoned with, wreaking havoc on what we could classify as sonic tropes belonging to a spectrum of subgenres dealing in the extremes: hardcore, doom, and thrash. Fronted by Lynda 'Tam' Simpson and her seizure-inducing spells injected with a fierce, sociopolitical-cum-mythopoeic banshee bite (but not wanting to understate the line-up of Damian Thompson on guillotine-quick\/milkshake thick guitars) - the six-track onslaught is every bit as crushing as the title suggests. From depraved dungeon synth-scapes on opener Lifeline to the planet-flattening funeral toll of The Closing Irony, one question remains: One riff to rule them all? Yes.","breadcrumb":{"@id":"https:\/\/wpguerssen-test.odoo.rgbconsulting.com\/es\/producto\/behind-the-realms-of-madness\/#breadcrumb"},"inLanguage":"es","potentialAction":[{"@type":"ReadAction","target":["https:\/\/wpguerssen-test.odoo.rgbconsulting.com\/es\/producto\/behind-the-realms-of-madness\/"]}]},{"@type":"ImageObject","inLanguage":"es","@id":"https:\/\/wpguerssen-test.odoo.rgbconsulting.com\/es\/producto\/behind-the-realms-of-madness\/#primaryimage","url":"https:\/\/wpguerssen-test.odoo.rgbconsulting.com\/wp-content\/uploads\/2024\/04\/47441.jpg","contentUrl":"https:\/\/wpguerssen-test.odoo.rgbconsulting.com\/wp-content\/uploads\/2024\/04\/47441.jpg","width":886,"height":886},{"@type":"BreadcrumbList","@id":"https:\/\/wpguerssen-test.odoo.rgbconsulting.com\/es\/producto\/behind-the-realms-of-madness\/#breadcrumb","itemListElement":[{"@type":"ListItem","position":1,"name":"Inicio","item":"https:\/\/wpguerssen-test.odoo.rgbconsulting.com\/es\/"},{"@type":"ListItem","position":2,"name":"Shop","item":"https:\/\/wpguerssen-test.odoo.rgbconsulting.com\/shop\/"},{"@type":"ListItem","position":3,"name":"Behind the realms of madness"}]},{"@type":"WebSite","@id":"https:\/\/wpguerssen-test.odoo.rgbconsulting.com\/es\/#website","url":"https:\/\/wpguerssen-test.odoo.rgbconsulting.com\/es\/","name":"Guerssen records","description":"psychedelia - progressive - folk - garage ","publisher":{"@id":"https:\/\/wpguerssen-test.odoo.rgbconsulting.com\/es\/#organization"},"potentialAction":[{"@type":"SearchAction","target":{"@type":"EntryPoint","urlTemplate":"https:\/\/wpguerssen-test.odoo.rgbconsulting.com\/es\/?s={search_term_string}"},"query-input":{"@type":"PropertyValueSpecification","valueRequired":true,"valueName":"search_term_string"}}],"inLanguage":"es"},{"@type":"Organization","@id":"https:\/\/wpguerssen-test.odoo.rgbconsulting.com\/es\/#organization","name":"Guerssen records","url":"https:\/\/wpguerssen-test.odoo.rgbconsulting.com\/es\/","logo":{"@type":"ImageObject","inLanguage":"es","@id":"https:\/\/wpguerssen-test.odoo.rgbconsulting.com\/es\/#\/schema\/logo\/image\/","url":"https:\/\/wpguerssen-test.odoo.rgbconsulting.com\/wp-content\/uploads\/2022\/04\/Logo_Guerssen_trans_100.png","contentUrl":"https:\/\/wpguerssen-test.odoo.rgbconsulting.com\/wp-content\/uploads\/2022\/04\/Logo_Guerssen_trans_100.png","width":122,"height":100,"caption":"Guerssen records"},"image":{"@id":"https:\/\/wpguerssen-test.odoo.rgbconsulting.com\/es\/#\/schema\/logo\/image\/"}}]}},"_links":{"self":[{"href":"https:\/\/wpguerssen-test.odoo.rgbconsulting.com\/es\/wp-json\/wp\/v2\/product\/264779","targetHints":{"allow":["GET"]}}],"collection":[{"href":"https:\/\/wpguerssen-test.odoo.rgbconsulting.com\/es\/wp-json\/wp\/v2\/product"}],"about":[{"href":"https:\/\/wpguerssen-test.odoo.rgbconsulting.com\/es\/wp-json\/wp\/v2\/types\/product"}],"wp:featuredmedia":[{"embeddable":true,"href":"https:\/\/wpguerssen-test.odoo.rgbconsulting.com\/es\/wp-json\/wp\/v2\/media\/264755"}],"wp:attachment":[{"href":"https:\/\/wpguerssen-test.odoo.rgbconsulting.com\/es\/wp-json\/wp\/v2\/media?parent=264779"}],"wp:term":[{"taxonomy":"product_brand","embeddable":true,"href":"https:\/\/wpguerssen-test.odoo.rgbconsulting.com\/es\/wp-json\/wp\/v2\/product_brand?post=264779"},{"taxonomy":"product_cat","embeddable":true,"href":"https:\/\/wpguerssen-test.odoo.rgbconsulting.com\/es\/wp-json\/wp\/v2\/product_cat?post=264779"},{"taxonomy":"product_tag","embeddable":true,"href":"https:\/\/wpguerssen-test.odoo.rgbconsulting.com\/es\/wp-json\/wp\/v2\/product_tag?post=264779"}],"curies":[{"name":"wp","href":"https:\/\/api.w.org\/{rel}","templated":true}]}}