{"id":264836,"date":"2024-04-29T00:00:00","date_gmt":"2024-04-28T22:00:00","guid":{"rendered":"https:\/\/wpguerssen-test.odoo.rgbconsulting.com\/product\/pop-impressions\/"},"modified":"2025-01-07T19:17:54","modified_gmt":"2025-01-07T18:17:54","slug":"pop-impressions","status":"publish","type":"product","link":"https:\/\/wpguerssen-test.odoo.rgbconsulting.com\/es\/producto\/pop-impressions\/","title":{"rendered":"Pop Impressions"},"content":{"rendered":"<p>Rara edici\u00f3n remasterizada del \u00e1lbum Pop Impressions de Janko Nilovic, lanzado originalmente en 1972. Janko Nilovic fue uno de los mayores talentos de estudio europeos de los a\u00f1os 70. Es un m\u00fasico que se dedica a la m\u00fasica, lo que le dio como resultado una gran cantidad de trabajos publicados, pero la mayor\u00eda de ellos se encuentran en sellos de biblioteca que no est\u00e1n disponibles para la venta. Su obra abarca desde m\u00fasica cl\u00e1sica, jazz y funk hasta pop, psicolog\u00eda y easy listening.<\/p>\n","protected":false},"excerpt":{"rendered":"<p>Rara edici\u00f3n remasterizada del \u00e1lbum Pop Impressions de Janko Nilovic, lanzado originalmente en 1972. Janko Nilovic fue uno de los mayores talentos de estudio europeos<a class=\"read\" href=\"https:\/\/wpguerssen-test.odoo.rgbconsulting.com\/es\/producto\/pop-impressions\/\"> (...)<\/a>","protected":false},"featured_media":264887,"template":"","meta":{"_acf_changed":false},"product_brand":[],"product_cat":[23228,23232],"product_tag":[],"class_list":{"0":"post-264836","1":"product","2":"type-product","3":"status-publish","4":"has-post-thumbnail","6":"product_cat-jazz-funk-es","7":"product_cat-library-music-lounge-es","8":"pa_artist-nilovic-janko-es","9":"pa_format-lp-es","10":"pa_gender-jazz-funk-library-music-lounge","11":"pa_label-underdog-records","12":"pa_location-europe-es","13":"pa_other-filters-vinyl-only-es","15":"first","16":"instock","17":"taxable","18":"shipping-taxable","19":"purchasable","20":"product-type-simple"},"acf":[],"yoast_head":"<!-- This site is optimized with the Yoast SEO plugin v24.9 - https:\/\/yoast.com\/wordpress\/plugins\/seo\/ -->\n<title>NILOVIC, Janko - Pop Impressions -  (LP) | Guerssen<\/title>\n<meta name=\"description\" content=\"Rare- remastered edition of Janko Nilovic&#039;s album Pop Impressions, originally released in 1972. Janko Nilovic was one of the greatest European studio talents in the &#039;70s. He is a musician who devotes himself to music, which resulted in a great number of published works, but most of them are on library labels not available for sale. His oeuvre stretches from classical, jazz and funk to pop, psych and easy listening.\" \/>\n<meta name=\"robots\" content=\"index, follow, max-snippet:-1, max-image-preview:large, max-video-preview:-1\" \/>\n<link rel=\"canonical\" href=\"https:\/\/wpguerssen-test.odoo.rgbconsulting.com\/es\/producto\/pop-impressions\/\" \/>\n<meta property=\"og:locale\" content=\"es_ES\" \/>\n<meta property=\"og:type\" content=\"article\" \/>\n<meta property=\"og:title\" content=\"NILOVIC, Janko - Pop Impressions -  (LP) | Guerssen\" \/>\n<meta property=\"og:description\" content=\"Rare- remastered edition of Janko Nilovic&#039;s album Pop Impressions, originally released in 1972. Janko Nilovic was one of the greatest European studio talents in the &#039;70s. He is a musician who devotes himself to music, which resulted in a great number of published works, but most of them are on library labels not available for sale. His oeuvre stretches from classical, jazz and funk to pop, psych and easy listening.\" \/>\n<meta property=\"og:url\" content=\"https:\/\/wpguerssen-test.odoo.rgbconsulting.com\/es\/producto\/pop-impressions\/\" \/>\n<meta property=\"og:site_name\" content=\"Guerssen records\" \/>\n<meta property=\"article:modified_time\" content=\"2025-01-07T18:17:54+00:00\" \/>\n<meta property=\"og:image\" content=\"https:\/\/wpguerssen-test.odoo.rgbconsulting.com\/wp-content\/uploads\/2024\/04\/47456.jpg\" \/>\n\t<meta property=\"og:image:width\" content=\"1200\" \/>\n\t<meta property=\"og:image:height\" content=\"1200\" \/>\n\t<meta property=\"og:image:type\" content=\"image\/jpeg\" \/>\n<meta name=\"twitter:card\" content=\"summary_large_image\" \/>\n<meta name=\"twitter:title\" content=\"NILOVIC, Janko - Pop Impressions -  (LP) | Guerssen\" \/>\n<script type=\"application\/ld+json\" class=\"yoast-schema-graph\">{\"@context\":\"https:\/\/schema.org\",\"@graph\":[{\"@type\":\"WebPage\",\"@id\":\"https:\/\/wpguerssen-test.odoo.rgbconsulting.com\/es\/producto\/pop-impressions\/\",\"url\":\"https:\/\/wpguerssen-test.odoo.rgbconsulting.com\/es\/producto\/pop-impressions\/\",\"name\":\"NILOVIC, Janko - Pop Impressions - (LP) | Guerssen\",\"isPartOf\":{\"@id\":\"https:\/\/wpguerssen-test.odoo.rgbconsulting.com\/es\/#website\"},\"primaryImageOfPage\":{\"@id\":\"https:\/\/wpguerssen-test.odoo.rgbconsulting.com\/es\/producto\/pop-impressions\/#primaryimage\"},\"image\":{\"@id\":\"https:\/\/wpguerssen-test.odoo.rgbconsulting.com\/es\/producto\/pop-impressions\/#primaryimage\"},\"thumbnailUrl\":\"https:\/\/wpguerssen-test.odoo.rgbconsulting.com\/wp-content\/uploads\/2024\/04\/47456.jpg\",\"datePublished\":\"2024-04-28T22:00:00+00:00\",\"dateModified\":\"2025-01-07T18:17:54+00:00\",\"description\":\"Rare- remastered edition of Janko Nilovic's album Pop Impressions, originally released in 1972. Janko Nilovic was one of the greatest European studio talents in the '70s. He is a musician who devotes himself to music, which resulted in a great number of published works, but most of them are on library labels not available for sale. His oeuvre stretches from classical, jazz and funk to pop, psych and easy listening.\",\"breadcrumb\":{\"@id\":\"https:\/\/wpguerssen-test.odoo.rgbconsulting.com\/es\/producto\/pop-impressions\/#breadcrumb\"},\"inLanguage\":\"es\",\"potentialAction\":[{\"@type\":\"ReadAction\",\"target\":[\"https:\/\/wpguerssen-test.odoo.rgbconsulting.com\/es\/producto\/pop-impressions\/\"]}]},{\"@type\":\"ImageObject\",\"inLanguage\":\"es\",\"@id\":\"https:\/\/wpguerssen-test.odoo.rgbconsulting.com\/es\/producto\/pop-impressions\/#primaryimage\",\"url\":\"https:\/\/wpguerssen-test.odoo.rgbconsulting.com\/wp-content\/uploads\/2024\/04\/47456.jpg\",\"contentUrl\":\"https:\/\/wpguerssen-test.odoo.rgbconsulting.com\/wp-content\/uploads\/2024\/04\/47456.jpg\",\"width\":1200,\"height\":1200,\"caption\":\"Janko - Pop Impressions - UNDERDOG RECORDS (LP) | Guerssen\"},{\"@type\":\"BreadcrumbList\",\"@id\":\"https:\/\/wpguerssen-test.odoo.rgbconsulting.com\/es\/producto\/pop-impressions\/#breadcrumb\",\"itemListElement\":[{\"@type\":\"ListItem\",\"position\":1,\"name\":\"Inicio\",\"item\":\"https:\/\/wpguerssen-test.odoo.rgbconsulting.com\/es\/\"},{\"@type\":\"ListItem\",\"position\":2,\"name\":\"Shop\",\"item\":\"https:\/\/wpguerssen-test.odoo.rgbconsulting.com\/shop\/\"},{\"@type\":\"ListItem\",\"position\":3,\"name\":\"Pop Impressions\"}]},{\"@type\":\"WebSite\",\"@id\":\"https:\/\/wpguerssen-test.odoo.rgbconsulting.com\/es\/#website\",\"url\":\"https:\/\/wpguerssen-test.odoo.rgbconsulting.com\/es\/\",\"name\":\"Guerssen records\",\"description\":\"psychedelia - progressive - folk - garage \",\"publisher\":{\"@id\":\"https:\/\/wpguerssen-test.odoo.rgbconsulting.com\/es\/#organization\"},\"potentialAction\":[{\"@type\":\"SearchAction\",\"target\":{\"@type\":\"EntryPoint\",\"urlTemplate\":\"https:\/\/wpguerssen-test.odoo.rgbconsulting.com\/es\/?s={search_term_string}\"},\"query-input\":{\"@type\":\"PropertyValueSpecification\",\"valueRequired\":true,\"valueName\":\"search_term_string\"}}],\"inLanguage\":\"es\"},{\"@type\":\"Organization\",\"@id\":\"https:\/\/wpguerssen-test.odoo.rgbconsulting.com\/es\/#organization\",\"name\":\"Guerssen records\",\"url\":\"https:\/\/wpguerssen-test.odoo.rgbconsulting.com\/es\/\",\"logo\":{\"@type\":\"ImageObject\",\"inLanguage\":\"es\",\"@id\":\"https:\/\/wpguerssen-test.odoo.rgbconsulting.com\/es\/#\/schema\/logo\/image\/\",\"url\":\"https:\/\/wpguerssen-test.odoo.rgbconsulting.com\/wp-content\/uploads\/2022\/04\/Logo_Guerssen_trans_100.png\",\"contentUrl\":\"https:\/\/wpguerssen-test.odoo.rgbconsulting.com\/wp-content\/uploads\/2022\/04\/Logo_Guerssen_trans_100.png\",\"width\":122,\"height\":100,\"caption\":\"Guerssen records\"},\"image\":{\"@id\":\"https:\/\/wpguerssen-test.odoo.rgbconsulting.com\/es\/#\/schema\/logo\/image\/\"}}]}<\/script>\n<!-- \/ Yoast SEO plugin. -->","yoast_head_json":{"title":"NILOVIC, Janko - Pop Impressions -  (LP) | Guerssen","description":"Rare- remastered edition of Janko Nilovic's album Pop Impressions, originally released in 1972. Janko Nilovic was one of the greatest European studio talents in the '70s. He is a musician who devotes himself to music, which resulted in a great number of published works, but most of them are on library labels not available for sale. His oeuvre stretches from classical, jazz and funk to pop, psych and easy listening.","robots":{"index":"index","follow":"follow","max-snippet":"max-snippet:-1","max-image-preview":"max-image-preview:large","max-video-preview":"max-video-preview:-1"},"canonical":"https:\/\/wpguerssen-test.odoo.rgbconsulting.com\/es\/producto\/pop-impressions\/","og_locale":"es_ES","og_type":"article","og_title":"NILOVIC, Janko - Pop Impressions -  (LP) | Guerssen","og_description":"Rare- remastered edition of Janko Nilovic's album Pop Impressions, originally released in 1972. Janko Nilovic was one of the greatest European studio talents in the '70s. He is a musician who devotes himself to music, which resulted in a great number of published works, but most of them are on library labels not available for sale. His oeuvre stretches from classical, jazz and funk to pop, psych and easy listening.","og_url":"https:\/\/wpguerssen-test.odoo.rgbconsulting.com\/es\/producto\/pop-impressions\/","og_site_name":"Guerssen records","article_modified_time":"2025-01-07T18:17:54+00:00","og_image":[{"width":1200,"height":1200,"url":"https:\/\/wpguerssen-test.odoo.rgbconsulting.com\/wp-content\/uploads\/2024\/04\/47456.jpg","type":"image\/jpeg"}],"twitter_card":"summary_large_image","twitter_title":"NILOVIC, Janko - Pop Impressions -  (LP) | Guerssen","schema":{"@context":"https:\/\/schema.org","@graph":[{"@type":"WebPage","@id":"https:\/\/wpguerssen-test.odoo.rgbconsulting.com\/es\/producto\/pop-impressions\/","url":"https:\/\/wpguerssen-test.odoo.rgbconsulting.com\/es\/producto\/pop-impressions\/","name":"NILOVIC, Janko - Pop Impressions - (LP) | Guerssen","isPartOf":{"@id":"https:\/\/wpguerssen-test.odoo.rgbconsulting.com\/es\/#website"},"primaryImageOfPage":{"@id":"https:\/\/wpguerssen-test.odoo.rgbconsulting.com\/es\/producto\/pop-impressions\/#primaryimage"},"image":{"@id":"https:\/\/wpguerssen-test.odoo.rgbconsulting.com\/es\/producto\/pop-impressions\/#primaryimage"},"thumbnailUrl":"https:\/\/wpguerssen-test.odoo.rgbconsulting.com\/wp-content\/uploads\/2024\/04\/47456.jpg","datePublished":"2024-04-28T22:00:00+00:00","dateModified":"2025-01-07T18:17:54+00:00","description":"Rare- remastered edition of Janko Nilovic's album Pop Impressions, originally released in 1972. Janko Nilovic was one of the greatest European studio talents in the '70s. He is a musician who devotes himself to music, which resulted in a great number of published works, but most of them are on library labels not available for sale. His oeuvre stretches from classical, jazz and funk to pop, psych and easy listening.","breadcrumb":{"@id":"https:\/\/wpguerssen-test.odoo.rgbconsulting.com\/es\/producto\/pop-impressions\/#breadcrumb"},"inLanguage":"es","potentialAction":[{"@type":"ReadAction","target":["https:\/\/wpguerssen-test.odoo.rgbconsulting.com\/es\/producto\/pop-impressions\/"]}]},{"@type":"ImageObject","inLanguage":"es","@id":"https:\/\/wpguerssen-test.odoo.rgbconsulting.com\/es\/producto\/pop-impressions\/#primaryimage","url":"https:\/\/wpguerssen-test.odoo.rgbconsulting.com\/wp-content\/uploads\/2024\/04\/47456.jpg","contentUrl":"https:\/\/wpguerssen-test.odoo.rgbconsulting.com\/wp-content\/uploads\/2024\/04\/47456.jpg","width":1200,"height":1200,"caption":"Janko - Pop Impressions - UNDERDOG RECORDS (LP) | Guerssen"},{"@type":"BreadcrumbList","@id":"https:\/\/wpguerssen-test.odoo.rgbconsulting.com\/es\/producto\/pop-impressions\/#breadcrumb","itemListElement":[{"@type":"ListItem","position":1,"name":"Inicio","item":"https:\/\/wpguerssen-test.odoo.rgbconsulting.com\/es\/"},{"@type":"ListItem","position":2,"name":"Shop","item":"https:\/\/wpguerssen-test.odoo.rgbconsulting.com\/shop\/"},{"@type":"ListItem","position":3,"name":"Pop Impressions"}]},{"@type":"WebSite","@id":"https:\/\/wpguerssen-test.odoo.rgbconsulting.com\/es\/#website","url":"https:\/\/wpguerssen-test.odoo.rgbconsulting.com\/es\/","name":"Guerssen records","description":"psychedelia - progressive - folk - garage ","publisher":{"@id":"https:\/\/wpguerssen-test.odoo.rgbconsulting.com\/es\/#organization"},"potentialAction":[{"@type":"SearchAction","target":{"@type":"EntryPoint","urlTemplate":"https:\/\/wpguerssen-test.odoo.rgbconsulting.com\/es\/?s={search_term_string}"},"query-input":{"@type":"PropertyValueSpecification","valueRequired":true,"valueName":"search_term_string"}}],"inLanguage":"es"},{"@type":"Organization","@id":"https:\/\/wpguerssen-test.odoo.rgbconsulting.com\/es\/#organization","name":"Guerssen records","url":"https:\/\/wpguerssen-test.odoo.rgbconsulting.com\/es\/","logo":{"@type":"ImageObject","inLanguage":"es","@id":"https:\/\/wpguerssen-test.odoo.rgbconsulting.com\/es\/#\/schema\/logo\/image\/","url":"https:\/\/wpguerssen-test.odoo.rgbconsulting.com\/wp-content\/uploads\/2022\/04\/Logo_Guerssen_trans_100.png","contentUrl":"https:\/\/wpguerssen-test.odoo.rgbconsulting.com\/wp-content\/uploads\/2022\/04\/Logo_Guerssen_trans_100.png","width":122,"height":100,"caption":"Guerssen records"},"image":{"@id":"https:\/\/wpguerssen-test.odoo.rgbconsulting.com\/es\/#\/schema\/logo\/image\/"}}]}},"_links":{"self":[{"href":"https:\/\/wpguerssen-test.odoo.rgbconsulting.com\/es\/wp-json\/wp\/v2\/product\/264836","targetHints":{"allow":["GET"]}}],"collection":[{"href":"https:\/\/wpguerssen-test.odoo.rgbconsulting.com\/es\/wp-json\/wp\/v2\/product"}],"about":[{"href":"https:\/\/wpguerssen-test.odoo.rgbconsulting.com\/es\/wp-json\/wp\/v2\/types\/product"}],"wp:featuredmedia":[{"embeddable":true,"href":"https:\/\/wpguerssen-test.odoo.rgbconsulting.com\/es\/wp-json\/wp\/v2\/media\/264887"}],"wp:attachment":[{"href":"https:\/\/wpguerssen-test.odoo.rgbconsulting.com\/es\/wp-json\/wp\/v2\/media?parent=264836"}],"wp:term":[{"taxonomy":"product_brand","embeddable":true,"href":"https:\/\/wpguerssen-test.odoo.rgbconsulting.com\/es\/wp-json\/wp\/v2\/product_brand?post=264836"},{"taxonomy":"product_cat","embeddable":true,"href":"https:\/\/wpguerssen-test.odoo.rgbconsulting.com\/es\/wp-json\/wp\/v2\/product_cat?post=264836"},{"taxonomy":"product_tag","embeddable":true,"href":"https:\/\/wpguerssen-test.odoo.rgbconsulting.com\/es\/wp-json\/wp\/v2\/product_tag?post=264836"}],"curies":[{"name":"wp","href":"https:\/\/api.w.org\/{rel}","templated":true}]}}