{"id":264840,"date":"2024-05-20T00:00:00","date_gmt":"2024-05-19T22:00:00","guid":{"rendered":"https:\/\/wpguerssen-test.odoo.rgbconsulting.com\/product\/ohana-hawaiiana-cd\/"},"modified":"2025-01-14T10:24:55","modified_gmt":"2025-01-14T09:24:55","slug":"ohana-hawaiiana-cd","status":"publish","type":"product","link":"https:\/\/wpguerssen-test.odoo.rgbconsulting.com\/es\/producto\/ohana-hawaiiana-cd\/","title":{"rendered":"Ohana Hawaiiana (+CD)"},"content":{"rendered":"<p>El t\u00e9rmino \u00abOhana\u00bb incluye a personas con las que no existe parentesco, sino confianza, conexi\u00f3n o amor. Por lo tanto, Ohana tambi\u00e9n cuenta como familia a los amigos y a todos aquellos que significan algo para nosotros. Esta compilaci\u00f3n est\u00e1 dedicada a esos ciertos momentos de Ohana. Tan estimulante y refrescante como una piscina tropical llena de agua fresca de manantial.<br \/>Representa el toque hawaiano de muchas cualidades: bailable, r\u00edtmica, sentimental &#8211; inolvidable en su actitud &#8211; siempre con cierto swing en su paso. Transportando la m\u00fasica, as\u00ed como a los amantes del estilo Waikiki, a esa atm\u00f3sfera maravillosa con cierta variedad de sabores ex\u00f3ticos.<br \/>JENS GALLER (tambi\u00e9n conocido como DJ Buddy Belpaso) es un DJ y coleccionista de discos experimentado y apasionado, muchas personas recuerdan estas noches salvajes donde pinch\u00f3 discos con su amigo El Vidocq.<br \/>Estar con la \u00abgente Ohana\u00bb, beber c\u00f3cteles y escuchar m\u00fasica ex\u00f3tica lo inspir\u00f3 a compilar este disco. Prepar\u00f3 esta selecci\u00f3n de destacadas canciones hawaianas y relacionadas con Hawaii a partir de la rica variedad de su colecci\u00f3n de discos de 7 pulgadas. Est\u00e1n h\u00e1bilmente combinados en un \u00e1lbum que brinda una variedad que estamos seguros encontrar\u00e1s de lo m\u00e1s placentera. Ya seas joven o mayor, quieras nadar con m\u00fasica o escuchar tranquilamente y disfrutar de un c\u00f3ctel ex\u00f3tico con tus amigos Ohana, el ambiente est\u00e1 perfecto en \u00abThe Ohana Hawaiiana\u00bb.<\/p>\n","protected":false},"excerpt":{"rendered":"<p>El t\u00e9rmino \u00abOhana\u00bb incluye a personas con las que no existe parentesco, sino confianza, conexi\u00f3n o amor. Por lo tanto, Ohana tambi\u00e9n cuenta como familia a los<a class=\"read\" href=\"https:\/\/wpguerssen-test.odoo.rgbconsulting.com\/es\/producto\/ohana-hawaiiana-cd\/\"> (...)<\/a>","protected":false},"featured_media":264895,"template":"","meta":{"_acf_changed":false},"product_brand":[],"product_cat":[23281,21664],"product_tag":[],"class_list":{"0":"post-264840","1":"product","2":"type-product","3":"status-publish","4":"has-post-thumbnail","6":"product_cat-garagebeatrnb60-70-es","7":"product_cat-surf-es","8":"pa_artist-various-artists-es","9":"pa_format-lp-es","10":"pa_gender-garagebeatrnb60-70-surf","11":"pa_label-jukebox-music-factory","12":"pa_location-north-america-es","13":"pa_other-filters-vinyl-only-es","15":"first","16":"instock","17":"taxable","18":"shipping-taxable","19":"purchasable","20":"product-type-simple"},"acf":[],"yoast_head":"<!-- This site is optimized with the Yoast SEO plugin v24.9 - https:\/\/yoast.com\/wordpress\/plugins\/seo\/ -->\n<title>VARIOUS ARTISTS - Ohana Hawaiiana (+CD) -  (LP) | Guerssen<\/title>\n<meta name=\"description\" content=\"Fingersnappin&#039;&amp; hipshakin&#039; poolside music with Hawaiian flavor.The term ,,Ohana&quot; includes people with whom there is no kinship, but trust, connection or love. Ohana thus also counts friends as family and all those who mean something to us. This compilation is dedicated to those certain Ohana-moments. As stimulating and refreshing as a tropical pool full of fresh spring water.It represents the Hawaiian touch of many qualities: danceable, rhythmical, sentimental - unforgettable in its attitude - always with tha certain swing in its step. Transporting music- as well as Waikiki-style lovers- to that wonderful atmosphere with tha certain array of exotic flavor.JENS GALLER (aka DJ Buddy Belpaso) is an experienced and passioned DJ and record collector, many peoples remember these wild nights where he played records with his friend El Vidocq.Being with ,,Ohana-people&quot;, drinkin&#039;cocktails and listening to exotic music inspired him to compile this record. He prepared this selection of outstanding Hawaiian and Hawaii related songs from the rich assortment of his 7-inch record collection. They are skillfully combined into an album providing a variety wich we are certain you&#039;ll find most pleasing. Wether you are young or old, want to swim to music or listen in relaxation enjoying an exotic cocktail with you Ohana-friends - the mood is perfectly set with ,,The Ohana Hawaiiana&quot;.\" \/>\n<meta name=\"robots\" content=\"index, follow, max-snippet:-1, max-image-preview:large, max-video-preview:-1\" \/>\n<link rel=\"canonical\" href=\"https:\/\/wpguerssen-test.odoo.rgbconsulting.com\/es\/producto\/ohana-hawaiiana-cd\/\" \/>\n<meta property=\"og:locale\" content=\"es_ES\" \/>\n<meta property=\"og:type\" content=\"article\" \/>\n<meta property=\"og:title\" content=\"VARIOUS ARTISTS - Ohana Hawaiiana (+CD) -  (LP) | Guerssen\" \/>\n<meta property=\"og:description\" content=\"Fingersnappin&#039;&amp; hipshakin&#039; poolside music with Hawaiian flavor.The term ,,Ohana&quot; includes people with whom there is no kinship, but trust, connection or love. Ohana thus also counts friends as family and all those who mean something to us. This compilation is dedicated to those certain Ohana-moments. As stimulating and refreshing as a tropical pool full of fresh spring water.It represents the Hawaiian touch of many qualities: danceable, rhythmical, sentimental - unforgettable in its attitude - always with tha certain swing in its step. Transporting music- as well as Waikiki-style lovers- to that wonderful atmosphere with tha certain array of exotic flavor.JENS GALLER (aka DJ Buddy Belpaso) is an experienced and passioned DJ and record collector, many peoples remember these wild nights where he played records with his friend El Vidocq.Being with ,,Ohana-people&quot;, drinkin&#039;cocktails and listening to exotic music inspired him to compile this record. He prepared this selection of outstanding Hawaiian and Hawaii related songs from the rich assortment of his 7-inch record collection. They are skillfully combined into an album providing a variety wich we are certain you&#039;ll find most pleasing. Wether you are young or old, want to swim to music or listen in relaxation enjoying an exotic cocktail with you Ohana-friends - the mood is perfectly set with ,,The Ohana Hawaiiana&quot;.\" \/>\n<meta property=\"og:url\" content=\"https:\/\/wpguerssen-test.odoo.rgbconsulting.com\/es\/producto\/ohana-hawaiiana-cd\/\" \/>\n<meta property=\"og:site_name\" content=\"Guerssen records\" \/>\n<meta property=\"article:modified_time\" content=\"2025-01-14T09:24:55+00:00\" \/>\n<meta property=\"og:image\" content=\"https:\/\/wpguerssen-test.odoo.rgbconsulting.com\/wp-content\/uploads\/2024\/04\/47460.jpg\" \/>\n\t<meta property=\"og:image:width\" content=\"1440\" \/>\n\t<meta property=\"og:image:height\" content=\"1440\" \/>\n\t<meta property=\"og:image:type\" content=\"image\/jpeg\" \/>\n<meta name=\"twitter:card\" content=\"summary_large_image\" \/>\n<meta name=\"twitter:title\" content=\"VARIOUS ARTISTS - Ohana Hawaiiana (+CD) -  (LP) | Guerssen\" \/>\n<meta name=\"twitter:label1\" content=\"Tiempo de lectura\" \/>\n\t<meta name=\"twitter:data1\" content=\"1 minuto\" \/>\n<script type=\"application\/ld+json\" class=\"yoast-schema-graph\">{\"@context\":\"https:\/\/schema.org\",\"@graph\":[{\"@type\":\"WebPage\",\"@id\":\"https:\/\/wpguerssen-test.odoo.rgbconsulting.com\/es\/producto\/ohana-hawaiiana-cd\/\",\"url\":\"https:\/\/wpguerssen-test.odoo.rgbconsulting.com\/es\/producto\/ohana-hawaiiana-cd\/\",\"name\":\"VARIOUS ARTISTS - Ohana Hawaiiana (+CD) - (LP) | Guerssen\",\"isPartOf\":{\"@id\":\"https:\/\/wpguerssen-test.odoo.rgbconsulting.com\/es\/#website\"},\"primaryImageOfPage\":{\"@id\":\"https:\/\/wpguerssen-test.odoo.rgbconsulting.com\/es\/producto\/ohana-hawaiiana-cd\/#primaryimage\"},\"image\":{\"@id\":\"https:\/\/wpguerssen-test.odoo.rgbconsulting.com\/es\/producto\/ohana-hawaiiana-cd\/#primaryimage\"},\"thumbnailUrl\":\"https:\/\/wpguerssen-test.odoo.rgbconsulting.com\/wp-content\/uploads\/2024\/04\/47460.jpg\",\"datePublished\":\"2024-05-19T22:00:00+00:00\",\"dateModified\":\"2025-01-14T09:24:55+00:00\",\"description\":\"Fingersnappin'& hipshakin' poolside music with Hawaiian flavor.The term ,,Ohana\\\" includes people with whom there is no kinship, but trust, connection or love. Ohana thus also counts friends as family and all those who mean something to us. This compilation is dedicated to those certain Ohana-moments. As stimulating and refreshing as a tropical pool full of fresh spring water.It represents the Hawaiian touch of many qualities: danceable, rhythmical, sentimental - unforgettable in its attitude - always with tha certain swing in its step. Transporting music- as well as Waikiki-style lovers- to that wonderful atmosphere with tha certain array of exotic flavor.JENS GALLER (aka DJ Buddy Belpaso) is an experienced and passioned DJ and record collector, many peoples remember these wild nights where he played records with his friend El Vidocq.Being with ,,Ohana-people\\\", drinkin'cocktails and listening to exotic music inspired him to compile this record. He prepared this selection of outstanding Hawaiian and Hawaii related songs from the rich assortment of his 7-inch record collection. They are skillfully combined into an album providing a variety wich we are certain you'll find most pleasing. Wether you are young or old, want to swim to music or listen in relaxation enjoying an exotic cocktail with you Ohana-friends - the mood is perfectly set with ,,The Ohana Hawaiiana\\\".\",\"breadcrumb\":{\"@id\":\"https:\/\/wpguerssen-test.odoo.rgbconsulting.com\/es\/producto\/ohana-hawaiiana-cd\/#breadcrumb\"},\"inLanguage\":\"es\",\"potentialAction\":[{\"@type\":\"ReadAction\",\"target\":[\"https:\/\/wpguerssen-test.odoo.rgbconsulting.com\/es\/producto\/ohana-hawaiiana-cd\/\"]}]},{\"@type\":\"ImageObject\",\"inLanguage\":\"es\",\"@id\":\"https:\/\/wpguerssen-test.odoo.rgbconsulting.com\/es\/producto\/ohana-hawaiiana-cd\/#primaryimage\",\"url\":\"https:\/\/wpguerssen-test.odoo.rgbconsulting.com\/wp-content\/uploads\/2024\/04\/47460.jpg\",\"contentUrl\":\"https:\/\/wpguerssen-test.odoo.rgbconsulting.com\/wp-content\/uploads\/2024\/04\/47460.jpg\",\"width\":1440,\"height\":1440},{\"@type\":\"BreadcrumbList\",\"@id\":\"https:\/\/wpguerssen-test.odoo.rgbconsulting.com\/es\/producto\/ohana-hawaiiana-cd\/#breadcrumb\",\"itemListElement\":[{\"@type\":\"ListItem\",\"position\":1,\"name\":\"Inicio\",\"item\":\"https:\/\/wpguerssen-test.odoo.rgbconsulting.com\/es\/\"},{\"@type\":\"ListItem\",\"position\":2,\"name\":\"Shop\",\"item\":\"https:\/\/wpguerssen-test.odoo.rgbconsulting.com\/shop\/\"},{\"@type\":\"ListItem\",\"position\":3,\"name\":\"Ohana Hawaiiana (+CD)\"}]},{\"@type\":\"WebSite\",\"@id\":\"https:\/\/wpguerssen-test.odoo.rgbconsulting.com\/es\/#website\",\"url\":\"https:\/\/wpguerssen-test.odoo.rgbconsulting.com\/es\/\",\"name\":\"Guerssen records\",\"description\":\"psychedelia - progressive - folk - garage \",\"publisher\":{\"@id\":\"https:\/\/wpguerssen-test.odoo.rgbconsulting.com\/es\/#organization\"},\"potentialAction\":[{\"@type\":\"SearchAction\",\"target\":{\"@type\":\"EntryPoint\",\"urlTemplate\":\"https:\/\/wpguerssen-test.odoo.rgbconsulting.com\/es\/?s={search_term_string}\"},\"query-input\":{\"@type\":\"PropertyValueSpecification\",\"valueRequired\":true,\"valueName\":\"search_term_string\"}}],\"inLanguage\":\"es\"},{\"@type\":\"Organization\",\"@id\":\"https:\/\/wpguerssen-test.odoo.rgbconsulting.com\/es\/#organization\",\"name\":\"Guerssen records\",\"url\":\"https:\/\/wpguerssen-test.odoo.rgbconsulting.com\/es\/\",\"logo\":{\"@type\":\"ImageObject\",\"inLanguage\":\"es\",\"@id\":\"https:\/\/wpguerssen-test.odoo.rgbconsulting.com\/es\/#\/schema\/logo\/image\/\",\"url\":\"https:\/\/wpguerssen-test.odoo.rgbconsulting.com\/wp-content\/uploads\/2022\/04\/Logo_Guerssen_trans_100.png\",\"contentUrl\":\"https:\/\/wpguerssen-test.odoo.rgbconsulting.com\/wp-content\/uploads\/2022\/04\/Logo_Guerssen_trans_100.png\",\"width\":122,\"height\":100,\"caption\":\"Guerssen records\"},\"image\":{\"@id\":\"https:\/\/wpguerssen-test.odoo.rgbconsulting.com\/es\/#\/schema\/logo\/image\/\"}}]}<\/script>\n<!-- \/ Yoast SEO plugin. -->","yoast_head_json":{"title":"VARIOUS ARTISTS - Ohana Hawaiiana (+CD) -  (LP) | Guerssen","description":"Fingersnappin'& hipshakin' poolside music with Hawaiian flavor.The term ,,Ohana\" includes people with whom there is no kinship, but trust, connection or love. Ohana thus also counts friends as family and all those who mean something to us. This compilation is dedicated to those certain Ohana-moments. As stimulating and refreshing as a tropical pool full of fresh spring water.It represents the Hawaiian touch of many qualities: danceable, rhythmical, sentimental - unforgettable in its attitude - always with tha certain swing in its step. Transporting music- as well as Waikiki-style lovers- to that wonderful atmosphere with tha certain array of exotic flavor.JENS GALLER (aka DJ Buddy Belpaso) is an experienced and passioned DJ and record collector, many peoples remember these wild nights where he played records with his friend El Vidocq.Being with ,,Ohana-people\", drinkin'cocktails and listening to exotic music inspired him to compile this record. He prepared this selection of outstanding Hawaiian and Hawaii related songs from the rich assortment of his 7-inch record collection. They are skillfully combined into an album providing a variety wich we are certain you'll find most pleasing. Wether you are young or old, want to swim to music or listen in relaxation enjoying an exotic cocktail with you Ohana-friends - the mood is perfectly set with ,,The Ohana Hawaiiana\".","robots":{"index":"index","follow":"follow","max-snippet":"max-snippet:-1","max-image-preview":"max-image-preview:large","max-video-preview":"max-video-preview:-1"},"canonical":"https:\/\/wpguerssen-test.odoo.rgbconsulting.com\/es\/producto\/ohana-hawaiiana-cd\/","og_locale":"es_ES","og_type":"article","og_title":"VARIOUS ARTISTS - Ohana Hawaiiana (+CD) -  (LP) | Guerssen","og_description":"Fingersnappin'& hipshakin' poolside music with Hawaiian flavor.The term ,,Ohana\" includes people with whom there is no kinship, but trust, connection or love. Ohana thus also counts friends as family and all those who mean something to us. This compilation is dedicated to those certain Ohana-moments. As stimulating and refreshing as a tropical pool full of fresh spring water.It represents the Hawaiian touch of many qualities: danceable, rhythmical, sentimental - unforgettable in its attitude - always with tha certain swing in its step. Transporting music- as well as Waikiki-style lovers- to that wonderful atmosphere with tha certain array of exotic flavor.JENS GALLER (aka DJ Buddy Belpaso) is an experienced and passioned DJ and record collector, many peoples remember these wild nights where he played records with his friend El Vidocq.Being with ,,Ohana-people\", drinkin'cocktails and listening to exotic music inspired him to compile this record. He prepared this selection of outstanding Hawaiian and Hawaii related songs from the rich assortment of his 7-inch record collection. They are skillfully combined into an album providing a variety wich we are certain you'll find most pleasing. Wether you are young or old, want to swim to music or listen in relaxation enjoying an exotic cocktail with you Ohana-friends - the mood is perfectly set with ,,The Ohana Hawaiiana\".","og_url":"https:\/\/wpguerssen-test.odoo.rgbconsulting.com\/es\/producto\/ohana-hawaiiana-cd\/","og_site_name":"Guerssen records","article_modified_time":"2025-01-14T09:24:55+00:00","og_image":[{"width":1440,"height":1440,"url":"https:\/\/wpguerssen-test.odoo.rgbconsulting.com\/wp-content\/uploads\/2024\/04\/47460.jpg","type":"image\/jpeg"}],"twitter_card":"summary_large_image","twitter_title":"VARIOUS ARTISTS - Ohana Hawaiiana (+CD) -  (LP) | Guerssen","twitter_misc":{"Tiempo de lectura":"1 minuto"},"schema":{"@context":"https:\/\/schema.org","@graph":[{"@type":"WebPage","@id":"https:\/\/wpguerssen-test.odoo.rgbconsulting.com\/es\/producto\/ohana-hawaiiana-cd\/","url":"https:\/\/wpguerssen-test.odoo.rgbconsulting.com\/es\/producto\/ohana-hawaiiana-cd\/","name":"VARIOUS ARTISTS - Ohana Hawaiiana (+CD) - (LP) | Guerssen","isPartOf":{"@id":"https:\/\/wpguerssen-test.odoo.rgbconsulting.com\/es\/#website"},"primaryImageOfPage":{"@id":"https:\/\/wpguerssen-test.odoo.rgbconsulting.com\/es\/producto\/ohana-hawaiiana-cd\/#primaryimage"},"image":{"@id":"https:\/\/wpguerssen-test.odoo.rgbconsulting.com\/es\/producto\/ohana-hawaiiana-cd\/#primaryimage"},"thumbnailUrl":"https:\/\/wpguerssen-test.odoo.rgbconsulting.com\/wp-content\/uploads\/2024\/04\/47460.jpg","datePublished":"2024-05-19T22:00:00+00:00","dateModified":"2025-01-14T09:24:55+00:00","description":"Fingersnappin'& hipshakin' poolside music with Hawaiian flavor.The term ,,Ohana\" includes people with whom there is no kinship, but trust, connection or love. Ohana thus also counts friends as family and all those who mean something to us. This compilation is dedicated to those certain Ohana-moments. As stimulating and refreshing as a tropical pool full of fresh spring water.It represents the Hawaiian touch of many qualities: danceable, rhythmical, sentimental - unforgettable in its attitude - always with tha certain swing in its step. Transporting music- as well as Waikiki-style lovers- to that wonderful atmosphere with tha certain array of exotic flavor.JENS GALLER (aka DJ Buddy Belpaso) is an experienced and passioned DJ and record collector, many peoples remember these wild nights where he played records with his friend El Vidocq.Being with ,,Ohana-people\", drinkin'cocktails and listening to exotic music inspired him to compile this record. He prepared this selection of outstanding Hawaiian and Hawaii related songs from the rich assortment of his 7-inch record collection. They are skillfully combined into an album providing a variety wich we are certain you'll find most pleasing. Wether you are young or old, want to swim to music or listen in relaxation enjoying an exotic cocktail with you Ohana-friends - the mood is perfectly set with ,,The Ohana Hawaiiana\".","breadcrumb":{"@id":"https:\/\/wpguerssen-test.odoo.rgbconsulting.com\/es\/producto\/ohana-hawaiiana-cd\/#breadcrumb"},"inLanguage":"es","potentialAction":[{"@type":"ReadAction","target":["https:\/\/wpguerssen-test.odoo.rgbconsulting.com\/es\/producto\/ohana-hawaiiana-cd\/"]}]},{"@type":"ImageObject","inLanguage":"es","@id":"https:\/\/wpguerssen-test.odoo.rgbconsulting.com\/es\/producto\/ohana-hawaiiana-cd\/#primaryimage","url":"https:\/\/wpguerssen-test.odoo.rgbconsulting.com\/wp-content\/uploads\/2024\/04\/47460.jpg","contentUrl":"https:\/\/wpguerssen-test.odoo.rgbconsulting.com\/wp-content\/uploads\/2024\/04\/47460.jpg","width":1440,"height":1440},{"@type":"BreadcrumbList","@id":"https:\/\/wpguerssen-test.odoo.rgbconsulting.com\/es\/producto\/ohana-hawaiiana-cd\/#breadcrumb","itemListElement":[{"@type":"ListItem","position":1,"name":"Inicio","item":"https:\/\/wpguerssen-test.odoo.rgbconsulting.com\/es\/"},{"@type":"ListItem","position":2,"name":"Shop","item":"https:\/\/wpguerssen-test.odoo.rgbconsulting.com\/shop\/"},{"@type":"ListItem","position":3,"name":"Ohana Hawaiiana (+CD)"}]},{"@type":"WebSite","@id":"https:\/\/wpguerssen-test.odoo.rgbconsulting.com\/es\/#website","url":"https:\/\/wpguerssen-test.odoo.rgbconsulting.com\/es\/","name":"Guerssen records","description":"psychedelia - progressive - folk - garage ","publisher":{"@id":"https:\/\/wpguerssen-test.odoo.rgbconsulting.com\/es\/#organization"},"potentialAction":[{"@type":"SearchAction","target":{"@type":"EntryPoint","urlTemplate":"https:\/\/wpguerssen-test.odoo.rgbconsulting.com\/es\/?s={search_term_string}"},"query-input":{"@type":"PropertyValueSpecification","valueRequired":true,"valueName":"search_term_string"}}],"inLanguage":"es"},{"@type":"Organization","@id":"https:\/\/wpguerssen-test.odoo.rgbconsulting.com\/es\/#organization","name":"Guerssen records","url":"https:\/\/wpguerssen-test.odoo.rgbconsulting.com\/es\/","logo":{"@type":"ImageObject","inLanguage":"es","@id":"https:\/\/wpguerssen-test.odoo.rgbconsulting.com\/es\/#\/schema\/logo\/image\/","url":"https:\/\/wpguerssen-test.odoo.rgbconsulting.com\/wp-content\/uploads\/2022\/04\/Logo_Guerssen_trans_100.png","contentUrl":"https:\/\/wpguerssen-test.odoo.rgbconsulting.com\/wp-content\/uploads\/2022\/04\/Logo_Guerssen_trans_100.png","width":122,"height":100,"caption":"Guerssen records"},"image":{"@id":"https:\/\/wpguerssen-test.odoo.rgbconsulting.com\/es\/#\/schema\/logo\/image\/"}}]}},"_links":{"self":[{"href":"https:\/\/wpguerssen-test.odoo.rgbconsulting.com\/es\/wp-json\/wp\/v2\/product\/264840","targetHints":{"allow":["GET"]}}],"collection":[{"href":"https:\/\/wpguerssen-test.odoo.rgbconsulting.com\/es\/wp-json\/wp\/v2\/product"}],"about":[{"href":"https:\/\/wpguerssen-test.odoo.rgbconsulting.com\/es\/wp-json\/wp\/v2\/types\/product"}],"wp:featuredmedia":[{"embeddable":true,"href":"https:\/\/wpguerssen-test.odoo.rgbconsulting.com\/es\/wp-json\/wp\/v2\/media\/264895"}],"wp:attachment":[{"href":"https:\/\/wpguerssen-test.odoo.rgbconsulting.com\/es\/wp-json\/wp\/v2\/media?parent=264840"}],"wp:term":[{"taxonomy":"product_brand","embeddable":true,"href":"https:\/\/wpguerssen-test.odoo.rgbconsulting.com\/es\/wp-json\/wp\/v2\/product_brand?post=264840"},{"taxonomy":"product_cat","embeddable":true,"href":"https:\/\/wpguerssen-test.odoo.rgbconsulting.com\/es\/wp-json\/wp\/v2\/product_cat?post=264840"},{"taxonomy":"product_tag","embeddable":true,"href":"https:\/\/wpguerssen-test.odoo.rgbconsulting.com\/es\/wp-json\/wp\/v2\/product_tag?post=264840"}],"curies":[{"name":"wp","href":"https:\/\/api.w.org\/{rel}","templated":true}]}}