{"id":265132,"date":"2024-05-21T00:00:00","date_gmt":"2024-05-20T22:00:00","guid":{"rendered":"https:\/\/wpguerssen-test.odoo.rgbconsulting.com\/product\/the-marina\/"},"modified":"2024-10-01T19:25:52","modified_gmt":"2024-10-01T17:25:52","slug":"the-marina","status":"publish","type":"product","link":"https:\/\/wpguerssen-test.odoo.rgbconsulting.com\/es\/producto\/the-marina\/","title":{"rendered":"The Marina"},"content":{"rendered":"<p>\u00a1Finalmente se acab\u00f3 la espera! El nuevo esfuerzo conjunto de Curren$y y Harry Fraud ya est\u00e1 aqu\u00ed. El d\u00fao de rapero y productor lanz\u00f3 The Marina EP, un proyecto de ocho pistas con apariciones especiales de Wiz Khalifa, French Montana, Action Bronson, Smoke DZA y Street Wiz como lanzamiento digital a finales de mayo, y ahora est\u00e1 viendo su camino al vinilo.<\/p>\n","protected":false},"excerpt":{"rendered":"<p>\u00a1Finalmente se acab\u00f3 la espera! El nuevo esfuerzo conjunto de Curren$y y Harry Fraud ya est\u00e1 aqu\u00ed. El d\u00fao de rapero y productor lanz\u00f3 The Marina EP, un proyecto<a class=\"read\" href=\"https:\/\/wpguerssen-test.odoo.rgbconsulting.com\/es\/producto\/the-marina\/\"> (...)<\/a>","protected":false},"featured_media":265144,"template":"","meta":{"_acf_changed":false},"product_brand":[],"product_cat":[21706],"product_tag":[],"class_list":{"0":"post-265132","1":"product","2":"type-product","3":"status-publish","4":"has-post-thumbnail","6":"product_cat-rap-hip-hop-es","7":"pa_artist-currensy-harry-fraud","8":"pa_format-lp-es","9":"pa_gender-rap-hip-hop","10":"pa_label-next-records","11":"pa_location-north-america-es","12":"pa_other-filters-vinyl-only-es","14":"first","15":"instock","16":"taxable","17":"shipping-taxable","18":"purchasable","19":"product-type-simple"},"acf":[],"yoast_head":"<!-- This site is optimized with the Yoast SEO plugin v24.9 - https:\/\/yoast.com\/wordpress\/plugins\/seo\/ -->\n<title>CURRENSY &amp; HARRY FRAUD - The Marina -  (LP) | Guerssen<\/title>\n<meta name=\"description\" content=\"FINALLY, the wait is over! Curren$y and Harry Fraud&#039;s new joint effort is here. The rapper-producer duo unloaded The Marina EP, an eight-track project featuring guest appearances from Wiz Khalifa, French Montana, Action Bronson, Smoke DZA and Street Wiz as a digital release at the end of May, and now it is seeing its way to vinyl.\" \/>\n<meta name=\"robots\" content=\"index, follow, max-snippet:-1, max-image-preview:large, max-video-preview:-1\" \/>\n<link rel=\"canonical\" href=\"https:\/\/wpguerssen-test.odoo.rgbconsulting.com\/es\/producto\/the-marina\/\" \/>\n<meta property=\"og:locale\" content=\"es_ES\" \/>\n<meta property=\"og:type\" content=\"article\" \/>\n<meta property=\"og:title\" content=\"CURRENSY &amp; HARRY FRAUD - The Marina -  (LP) | Guerssen\" \/>\n<meta property=\"og:description\" content=\"FINALLY, the wait is over! Curren$y and Harry Fraud&#039;s new joint effort is here. The rapper-producer duo unloaded The Marina EP, an eight-track project featuring guest appearances from Wiz Khalifa, French Montana, Action Bronson, Smoke DZA and Street Wiz as a digital release at the end of May, and now it is seeing its way to vinyl.\" \/>\n<meta property=\"og:url\" content=\"https:\/\/wpguerssen-test.odoo.rgbconsulting.com\/es\/producto\/the-marina\/\" \/>\n<meta property=\"og:site_name\" content=\"Guerssen records\" \/>\n<meta property=\"article:modified_time\" content=\"2024-10-01T17:25:52+00:00\" \/>\n<meta property=\"og:image\" content=\"https:\/\/wpguerssen-test.odoo.rgbconsulting.com\/wp-content\/uploads\/2024\/04\/47527.jpg\" \/>\n\t<meta property=\"og:image:width\" content=\"332\" \/>\n\t<meta property=\"og:image:height\" content=\"332\" \/>\n\t<meta property=\"og:image:type\" content=\"image\/jpeg\" \/>\n<meta name=\"twitter:card\" content=\"summary_large_image\" \/>\n<meta name=\"twitter:title\" content=\"CURRENSY &amp; HARRY FRAUD - The Marina -  (LP) | Guerssen\" \/>\n<script type=\"application\/ld+json\" class=\"yoast-schema-graph\">{\"@context\":\"https:\/\/schema.org\",\"@graph\":[{\"@type\":\"WebPage\",\"@id\":\"https:\/\/wpguerssen-test.odoo.rgbconsulting.com\/es\/producto\/the-marina\/\",\"url\":\"https:\/\/wpguerssen-test.odoo.rgbconsulting.com\/es\/producto\/the-marina\/\",\"name\":\"CURRENSY & HARRY FRAUD - The Marina - (LP) | Guerssen\",\"isPartOf\":{\"@id\":\"https:\/\/wpguerssen-test.odoo.rgbconsulting.com\/es\/#website\"},\"primaryImageOfPage\":{\"@id\":\"https:\/\/wpguerssen-test.odoo.rgbconsulting.com\/es\/producto\/the-marina\/#primaryimage\"},\"image\":{\"@id\":\"https:\/\/wpguerssen-test.odoo.rgbconsulting.com\/es\/producto\/the-marina\/#primaryimage\"},\"thumbnailUrl\":\"https:\/\/wpguerssen-test.odoo.rgbconsulting.com\/wp-content\/uploads\/2024\/04\/47527.jpg\",\"datePublished\":\"2024-05-20T22:00:00+00:00\",\"dateModified\":\"2024-10-01T17:25:52+00:00\",\"description\":\"FINALLY, the wait is over! Curren$y and Harry Fraud's new joint effort is here. The rapper-producer duo unloaded The Marina EP, an eight-track project featuring guest appearances from Wiz Khalifa, French Montana, Action Bronson, Smoke DZA and Street Wiz as a digital release at the end of May, and now it is seeing its way to vinyl.\",\"breadcrumb\":{\"@id\":\"https:\/\/wpguerssen-test.odoo.rgbconsulting.com\/es\/producto\/the-marina\/#breadcrumb\"},\"inLanguage\":\"es\",\"potentialAction\":[{\"@type\":\"ReadAction\",\"target\":[\"https:\/\/wpguerssen-test.odoo.rgbconsulting.com\/es\/producto\/the-marina\/\"]}]},{\"@type\":\"ImageObject\",\"inLanguage\":\"es\",\"@id\":\"https:\/\/wpguerssen-test.odoo.rgbconsulting.com\/es\/producto\/the-marina\/#primaryimage\",\"url\":\"https:\/\/wpguerssen-test.odoo.rgbconsulting.com\/wp-content\/uploads\/2024\/04\/47527.jpg\",\"contentUrl\":\"https:\/\/wpguerssen-test.odoo.rgbconsulting.com\/wp-content\/uploads\/2024\/04\/47527.jpg\",\"width\":332,\"height\":332},{\"@type\":\"BreadcrumbList\",\"@id\":\"https:\/\/wpguerssen-test.odoo.rgbconsulting.com\/es\/producto\/the-marina\/#breadcrumb\",\"itemListElement\":[{\"@type\":\"ListItem\",\"position\":1,\"name\":\"Inicio\",\"item\":\"https:\/\/wpguerssen-test.odoo.rgbconsulting.com\/es\/\"},{\"@type\":\"ListItem\",\"position\":2,\"name\":\"Shop\",\"item\":\"https:\/\/wpguerssen-test.odoo.rgbconsulting.com\/shop\/\"},{\"@type\":\"ListItem\",\"position\":3,\"name\":\"The Marina\"}]},{\"@type\":\"WebSite\",\"@id\":\"https:\/\/wpguerssen-test.odoo.rgbconsulting.com\/es\/#website\",\"url\":\"https:\/\/wpguerssen-test.odoo.rgbconsulting.com\/es\/\",\"name\":\"Guerssen records\",\"description\":\"psychedelia - progressive - folk - garage \",\"publisher\":{\"@id\":\"https:\/\/wpguerssen-test.odoo.rgbconsulting.com\/es\/#organization\"},\"potentialAction\":[{\"@type\":\"SearchAction\",\"target\":{\"@type\":\"EntryPoint\",\"urlTemplate\":\"https:\/\/wpguerssen-test.odoo.rgbconsulting.com\/es\/?s={search_term_string}\"},\"query-input\":{\"@type\":\"PropertyValueSpecification\",\"valueRequired\":true,\"valueName\":\"search_term_string\"}}],\"inLanguage\":\"es\"},{\"@type\":\"Organization\",\"@id\":\"https:\/\/wpguerssen-test.odoo.rgbconsulting.com\/es\/#organization\",\"name\":\"Guerssen records\",\"url\":\"https:\/\/wpguerssen-test.odoo.rgbconsulting.com\/es\/\",\"logo\":{\"@type\":\"ImageObject\",\"inLanguage\":\"es\",\"@id\":\"https:\/\/wpguerssen-test.odoo.rgbconsulting.com\/es\/#\/schema\/logo\/image\/\",\"url\":\"https:\/\/wpguerssen-test.odoo.rgbconsulting.com\/wp-content\/uploads\/2022\/04\/Logo_Guerssen_trans_100.png\",\"contentUrl\":\"https:\/\/wpguerssen-test.odoo.rgbconsulting.com\/wp-content\/uploads\/2022\/04\/Logo_Guerssen_trans_100.png\",\"width\":122,\"height\":100,\"caption\":\"Guerssen records\"},\"image\":{\"@id\":\"https:\/\/wpguerssen-test.odoo.rgbconsulting.com\/es\/#\/schema\/logo\/image\/\"}}]}<\/script>\n<!-- \/ Yoast SEO plugin. -->","yoast_head_json":{"title":"CURRENSY & HARRY FRAUD - The Marina -  (LP) | Guerssen","description":"FINALLY, the wait is over! Curren$y and Harry Fraud's new joint effort is here. The rapper-producer duo unloaded The Marina EP, an eight-track project featuring guest appearances from Wiz Khalifa, French Montana, Action Bronson, Smoke DZA and Street Wiz as a digital release at the end of May, and now it is seeing its way to vinyl.","robots":{"index":"index","follow":"follow","max-snippet":"max-snippet:-1","max-image-preview":"max-image-preview:large","max-video-preview":"max-video-preview:-1"},"canonical":"https:\/\/wpguerssen-test.odoo.rgbconsulting.com\/es\/producto\/the-marina\/","og_locale":"es_ES","og_type":"article","og_title":"CURRENSY & HARRY FRAUD - The Marina -  (LP) | Guerssen","og_description":"FINALLY, the wait is over! Curren$y and Harry Fraud's new joint effort is here. The rapper-producer duo unloaded The Marina EP, an eight-track project featuring guest appearances from Wiz Khalifa, French Montana, Action Bronson, Smoke DZA and Street Wiz as a digital release at the end of May, and now it is seeing its way to vinyl.","og_url":"https:\/\/wpguerssen-test.odoo.rgbconsulting.com\/es\/producto\/the-marina\/","og_site_name":"Guerssen records","article_modified_time":"2024-10-01T17:25:52+00:00","og_image":[{"width":332,"height":332,"url":"https:\/\/wpguerssen-test.odoo.rgbconsulting.com\/wp-content\/uploads\/2024\/04\/47527.jpg","type":"image\/jpeg"}],"twitter_card":"summary_large_image","twitter_title":"CURRENSY & HARRY FRAUD - The Marina -  (LP) | Guerssen","schema":{"@context":"https:\/\/schema.org","@graph":[{"@type":"WebPage","@id":"https:\/\/wpguerssen-test.odoo.rgbconsulting.com\/es\/producto\/the-marina\/","url":"https:\/\/wpguerssen-test.odoo.rgbconsulting.com\/es\/producto\/the-marina\/","name":"CURRENSY & HARRY FRAUD - The Marina - (LP) | Guerssen","isPartOf":{"@id":"https:\/\/wpguerssen-test.odoo.rgbconsulting.com\/es\/#website"},"primaryImageOfPage":{"@id":"https:\/\/wpguerssen-test.odoo.rgbconsulting.com\/es\/producto\/the-marina\/#primaryimage"},"image":{"@id":"https:\/\/wpguerssen-test.odoo.rgbconsulting.com\/es\/producto\/the-marina\/#primaryimage"},"thumbnailUrl":"https:\/\/wpguerssen-test.odoo.rgbconsulting.com\/wp-content\/uploads\/2024\/04\/47527.jpg","datePublished":"2024-05-20T22:00:00+00:00","dateModified":"2024-10-01T17:25:52+00:00","description":"FINALLY, the wait is over! Curren$y and Harry Fraud's new joint effort is here. The rapper-producer duo unloaded The Marina EP, an eight-track project featuring guest appearances from Wiz Khalifa, French Montana, Action Bronson, Smoke DZA and Street Wiz as a digital release at the end of May, and now it is seeing its way to vinyl.","breadcrumb":{"@id":"https:\/\/wpguerssen-test.odoo.rgbconsulting.com\/es\/producto\/the-marina\/#breadcrumb"},"inLanguage":"es","potentialAction":[{"@type":"ReadAction","target":["https:\/\/wpguerssen-test.odoo.rgbconsulting.com\/es\/producto\/the-marina\/"]}]},{"@type":"ImageObject","inLanguage":"es","@id":"https:\/\/wpguerssen-test.odoo.rgbconsulting.com\/es\/producto\/the-marina\/#primaryimage","url":"https:\/\/wpguerssen-test.odoo.rgbconsulting.com\/wp-content\/uploads\/2024\/04\/47527.jpg","contentUrl":"https:\/\/wpguerssen-test.odoo.rgbconsulting.com\/wp-content\/uploads\/2024\/04\/47527.jpg","width":332,"height":332},{"@type":"BreadcrumbList","@id":"https:\/\/wpguerssen-test.odoo.rgbconsulting.com\/es\/producto\/the-marina\/#breadcrumb","itemListElement":[{"@type":"ListItem","position":1,"name":"Inicio","item":"https:\/\/wpguerssen-test.odoo.rgbconsulting.com\/es\/"},{"@type":"ListItem","position":2,"name":"Shop","item":"https:\/\/wpguerssen-test.odoo.rgbconsulting.com\/shop\/"},{"@type":"ListItem","position":3,"name":"The Marina"}]},{"@type":"WebSite","@id":"https:\/\/wpguerssen-test.odoo.rgbconsulting.com\/es\/#website","url":"https:\/\/wpguerssen-test.odoo.rgbconsulting.com\/es\/","name":"Guerssen records","description":"psychedelia - progressive - folk - garage ","publisher":{"@id":"https:\/\/wpguerssen-test.odoo.rgbconsulting.com\/es\/#organization"},"potentialAction":[{"@type":"SearchAction","target":{"@type":"EntryPoint","urlTemplate":"https:\/\/wpguerssen-test.odoo.rgbconsulting.com\/es\/?s={search_term_string}"},"query-input":{"@type":"PropertyValueSpecification","valueRequired":true,"valueName":"search_term_string"}}],"inLanguage":"es"},{"@type":"Organization","@id":"https:\/\/wpguerssen-test.odoo.rgbconsulting.com\/es\/#organization","name":"Guerssen records","url":"https:\/\/wpguerssen-test.odoo.rgbconsulting.com\/es\/","logo":{"@type":"ImageObject","inLanguage":"es","@id":"https:\/\/wpguerssen-test.odoo.rgbconsulting.com\/es\/#\/schema\/logo\/image\/","url":"https:\/\/wpguerssen-test.odoo.rgbconsulting.com\/wp-content\/uploads\/2022\/04\/Logo_Guerssen_trans_100.png","contentUrl":"https:\/\/wpguerssen-test.odoo.rgbconsulting.com\/wp-content\/uploads\/2022\/04\/Logo_Guerssen_trans_100.png","width":122,"height":100,"caption":"Guerssen records"},"image":{"@id":"https:\/\/wpguerssen-test.odoo.rgbconsulting.com\/es\/#\/schema\/logo\/image\/"}}]}},"_links":{"self":[{"href":"https:\/\/wpguerssen-test.odoo.rgbconsulting.com\/es\/wp-json\/wp\/v2\/product\/265132","targetHints":{"allow":["GET"]}}],"collection":[{"href":"https:\/\/wpguerssen-test.odoo.rgbconsulting.com\/es\/wp-json\/wp\/v2\/product"}],"about":[{"href":"https:\/\/wpguerssen-test.odoo.rgbconsulting.com\/es\/wp-json\/wp\/v2\/types\/product"}],"wp:featuredmedia":[{"embeddable":true,"href":"https:\/\/wpguerssen-test.odoo.rgbconsulting.com\/es\/wp-json\/wp\/v2\/media\/265144"}],"wp:attachment":[{"href":"https:\/\/wpguerssen-test.odoo.rgbconsulting.com\/es\/wp-json\/wp\/v2\/media?parent=265132"}],"wp:term":[{"taxonomy":"product_brand","embeddable":true,"href":"https:\/\/wpguerssen-test.odoo.rgbconsulting.com\/es\/wp-json\/wp\/v2\/product_brand?post=265132"},{"taxonomy":"product_cat","embeddable":true,"href":"https:\/\/wpguerssen-test.odoo.rgbconsulting.com\/es\/wp-json\/wp\/v2\/product_cat?post=265132"},{"taxonomy":"product_tag","embeddable":true,"href":"https:\/\/wpguerssen-test.odoo.rgbconsulting.com\/es\/wp-json\/wp\/v2\/product_tag?post=265132"}],"curies":[{"name":"wp","href":"https:\/\/api.w.org\/{rel}","templated":true}]}}