{"id":265227,"date":"2024-05-22T00:00:00","date_gmt":"2024-05-21T22:00:00","guid":{"rendered":"https:\/\/wpguerssen-test.odoo.rgbconsulting.com\/product\/tengo-un-mustang\/"},"modified":"2025-01-15T16:02:31","modified_gmt":"2025-01-15T15:02:31","slug":"tengo-un-mustang","status":"publish","type":"product","link":"https:\/\/wpguerssen-test.odoo.rgbconsulting.com\/es\/producto\/tengo-un-mustang\/","title":{"rendered":"Tengo Un Mustang"},"content":{"rendered":"<p>Raro LP debut del exc\u00e9ntrico cantante peruano Jean Paul \u00abEl Troglodita\u00bb, conocido por sus actuaciones salvajes y su estilo de vida extremo. A menudo etiquetado como un artista de la nueva ola, m\u00e1s bien vio su estilo de actuaci\u00f3n como solista como si siguiera los pasos de Los Saicos, tambi\u00e9n firmados con Disper\u00fa. El \u00e1lbum incluye versiones cantadas en espa\u00f1ol de canciones de ritmo brit\u00e1nico y versiones del cancionero estadounidense, as\u00ed como varios \u00e9xitos internacionales.<\/p>\n","protected":false},"excerpt":{"rendered":"<p>Raro LP debut del exc\u00e9ntrico cantante peruano Jean Paul \u00abEl Troglodita\u00bb, conocido por sus actuaciones salvajes y su estilo de vida extremo. A menudo etiquetado<a class=\"read\" href=\"https:\/\/wpguerssen-test.odoo.rgbconsulting.com\/es\/producto\/tengo-un-mustang\/\"> (...)<\/a>","protected":false},"featured_media":265228,"template":"","meta":{"_acf_changed":false},"product_brand":[],"product_cat":[21639,23231],"product_tag":[],"class_list":{"0":"post-265227","1":"product","2":"type-product","3":"status-publish","4":"has-post-thumbnail","6":"product_cat-psychedelic60s-70s-es","7":"product_cat-latin-brazilian-es","8":"pa_artist-jean-paul-el-troglodita","9":"pa_format-lp-es","10":"pa_gender-psychedelic60s-70s-latin-brazilian","11":"pa_label-munster-es","12":"pa_location-south-america-caribbean-es","13":"pa_other-filters-vinyl-only-es","15":"first","16":"instock","17":"taxable","18":"shipping-taxable","19":"purchasable","20":"product-type-simple"},"acf":[],"yoast_head":"<!-- This site is optimized with the Yoast SEO plugin v24.9 - https:\/\/yoast.com\/wordpress\/plugins\/seo\/ -->\n<title>JEAN PAUL &quot;EL TROGLODITA&quot; - Tengo Un Mustang -  (LP) | Guerssen<\/title>\n<meta name=\"description\" content=\"Rare debut LP by the eccentric Peruvian singer Jean Paul &quot;El Troglodita&quot;, known for his wild performances and extreme way of life. Often labeled as a nueva ola artist, he rather saw his performance style as a solo artist as following in the footsteps of Los Saicos, also signed to Disper\u00fa. The album includes Spanish sung versions of British beat songs and covers of the American songbook as well as various international hits.\" \/>\n<meta name=\"robots\" content=\"index, follow, max-snippet:-1, max-image-preview:large, max-video-preview:-1\" \/>\n<link rel=\"canonical\" href=\"https:\/\/wpguerssen-test.odoo.rgbconsulting.com\/es\/producto\/tengo-un-mustang\/\" \/>\n<meta property=\"og:locale\" content=\"es_ES\" \/>\n<meta property=\"og:type\" content=\"article\" \/>\n<meta property=\"og:title\" content=\"JEAN PAUL &quot;EL TROGLODITA&quot; - Tengo Un Mustang -  (LP) | Guerssen\" \/>\n<meta property=\"og:description\" content=\"Rare debut LP by the eccentric Peruvian singer Jean Paul &quot;El Troglodita&quot;, known for his wild performances and extreme way of life. Often labeled as a nueva ola artist, he rather saw his performance style as a solo artist as following in the footsteps of Los Saicos, also signed to Disper\u00fa. The album includes Spanish sung versions of British beat songs and covers of the American songbook as well as various international hits.\" \/>\n<meta property=\"og:url\" content=\"https:\/\/wpguerssen-test.odoo.rgbconsulting.com\/es\/producto\/tengo-un-mustang\/\" \/>\n<meta property=\"og:site_name\" content=\"Guerssen records\" \/>\n<meta property=\"article:modified_time\" content=\"2025-01-15T15:02:31+00:00\" \/>\n<meta property=\"og:image\" content=\"https:\/\/wpguerssen-test.odoo.rgbconsulting.com\/wp-content\/uploads\/2024\/04\/47539.jpg\" \/>\n\t<meta property=\"og:image:width\" content=\"350\" \/>\n\t<meta property=\"og:image:height\" content=\"350\" \/>\n\t<meta property=\"og:image:type\" content=\"image\/jpeg\" \/>\n<meta name=\"twitter:card\" content=\"summary_large_image\" \/>\n<meta name=\"twitter:title\" content=\"JEAN PAUL &quot;EL TROGLODITA&quot; - Tengo Un Mustang -  (LP) | Guerssen\" \/>\n<script type=\"application\/ld+json\" class=\"yoast-schema-graph\">{\"@context\":\"https:\/\/schema.org\",\"@graph\":[{\"@type\":\"WebPage\",\"@id\":\"https:\/\/wpguerssen-test.odoo.rgbconsulting.com\/es\/producto\/tengo-un-mustang\/\",\"url\":\"https:\/\/wpguerssen-test.odoo.rgbconsulting.com\/es\/producto\/tengo-un-mustang\/\",\"name\":\"JEAN PAUL \\\"EL TROGLODITA\\\" - Tengo Un Mustang - (LP) | Guerssen\",\"isPartOf\":{\"@id\":\"https:\/\/wpguerssen-test.odoo.rgbconsulting.com\/es\/#website\"},\"primaryImageOfPage\":{\"@id\":\"https:\/\/wpguerssen-test.odoo.rgbconsulting.com\/es\/producto\/tengo-un-mustang\/#primaryimage\"},\"image\":{\"@id\":\"https:\/\/wpguerssen-test.odoo.rgbconsulting.com\/es\/producto\/tengo-un-mustang\/#primaryimage\"},\"thumbnailUrl\":\"https:\/\/wpguerssen-test.odoo.rgbconsulting.com\/wp-content\/uploads\/2024\/04\/47539.jpg\",\"datePublished\":\"2024-05-21T22:00:00+00:00\",\"dateModified\":\"2025-01-15T15:02:31+00:00\",\"description\":\"Rare debut LP by the eccentric Peruvian singer Jean Paul \\\"El Troglodita\\\", known for his wild performances and extreme way of life. Often labeled as a nueva ola artist, he rather saw his performance style as a solo artist as following in the footsteps of Los Saicos, also signed to Disper\u00fa. The album includes Spanish sung versions of British beat songs and covers of the American songbook as well as various international hits.\",\"breadcrumb\":{\"@id\":\"https:\/\/wpguerssen-test.odoo.rgbconsulting.com\/es\/producto\/tengo-un-mustang\/#breadcrumb\"},\"inLanguage\":\"es\",\"potentialAction\":[{\"@type\":\"ReadAction\",\"target\":[\"https:\/\/wpguerssen-test.odoo.rgbconsulting.com\/es\/producto\/tengo-un-mustang\/\"]}]},{\"@type\":\"ImageObject\",\"inLanguage\":\"es\",\"@id\":\"https:\/\/wpguerssen-test.odoo.rgbconsulting.com\/es\/producto\/tengo-un-mustang\/#primaryimage\",\"url\":\"https:\/\/wpguerssen-test.odoo.rgbconsulting.com\/wp-content\/uploads\/2024\/04\/47539.jpg\",\"contentUrl\":\"https:\/\/wpguerssen-test.odoo.rgbconsulting.com\/wp-content\/uploads\/2024\/04\/47539.jpg\",\"width\":350,\"height\":350},{\"@type\":\"BreadcrumbList\",\"@id\":\"https:\/\/wpguerssen-test.odoo.rgbconsulting.com\/es\/producto\/tengo-un-mustang\/#breadcrumb\",\"itemListElement\":[{\"@type\":\"ListItem\",\"position\":1,\"name\":\"Inicio\",\"item\":\"https:\/\/wpguerssen-test.odoo.rgbconsulting.com\/es\/\"},{\"@type\":\"ListItem\",\"position\":2,\"name\":\"Shop\",\"item\":\"https:\/\/wpguerssen-test.odoo.rgbconsulting.com\/shop\/\"},{\"@type\":\"ListItem\",\"position\":3,\"name\":\"Tengo Un Mustang\"}]},{\"@type\":\"WebSite\",\"@id\":\"https:\/\/wpguerssen-test.odoo.rgbconsulting.com\/es\/#website\",\"url\":\"https:\/\/wpguerssen-test.odoo.rgbconsulting.com\/es\/\",\"name\":\"Guerssen records\",\"description\":\"psychedelia - progressive - folk - garage \",\"publisher\":{\"@id\":\"https:\/\/wpguerssen-test.odoo.rgbconsulting.com\/es\/#organization\"},\"potentialAction\":[{\"@type\":\"SearchAction\",\"target\":{\"@type\":\"EntryPoint\",\"urlTemplate\":\"https:\/\/wpguerssen-test.odoo.rgbconsulting.com\/es\/?s={search_term_string}\"},\"query-input\":{\"@type\":\"PropertyValueSpecification\",\"valueRequired\":true,\"valueName\":\"search_term_string\"}}],\"inLanguage\":\"es\"},{\"@type\":\"Organization\",\"@id\":\"https:\/\/wpguerssen-test.odoo.rgbconsulting.com\/es\/#organization\",\"name\":\"Guerssen records\",\"url\":\"https:\/\/wpguerssen-test.odoo.rgbconsulting.com\/es\/\",\"logo\":{\"@type\":\"ImageObject\",\"inLanguage\":\"es\",\"@id\":\"https:\/\/wpguerssen-test.odoo.rgbconsulting.com\/es\/#\/schema\/logo\/image\/\",\"url\":\"https:\/\/wpguerssen-test.odoo.rgbconsulting.com\/wp-content\/uploads\/2022\/04\/Logo_Guerssen_trans_100.png\",\"contentUrl\":\"https:\/\/wpguerssen-test.odoo.rgbconsulting.com\/wp-content\/uploads\/2022\/04\/Logo_Guerssen_trans_100.png\",\"width\":122,\"height\":100,\"caption\":\"Guerssen records\"},\"image\":{\"@id\":\"https:\/\/wpguerssen-test.odoo.rgbconsulting.com\/es\/#\/schema\/logo\/image\/\"}}]}<\/script>\n<!-- \/ Yoast SEO plugin. -->","yoast_head_json":{"title":"JEAN PAUL \"EL TROGLODITA\" - Tengo Un Mustang -  (LP) | Guerssen","description":"Rare debut LP by the eccentric Peruvian singer Jean Paul \"El Troglodita\", known for his wild performances and extreme way of life. Often labeled as a nueva ola artist, he rather saw his performance style as a solo artist as following in the footsteps of Los Saicos, also signed to Disper\u00fa. The album includes Spanish sung versions of British beat songs and covers of the American songbook as well as various international hits.","robots":{"index":"index","follow":"follow","max-snippet":"max-snippet:-1","max-image-preview":"max-image-preview:large","max-video-preview":"max-video-preview:-1"},"canonical":"https:\/\/wpguerssen-test.odoo.rgbconsulting.com\/es\/producto\/tengo-un-mustang\/","og_locale":"es_ES","og_type":"article","og_title":"JEAN PAUL \"EL TROGLODITA\" - Tengo Un Mustang -  (LP) | Guerssen","og_description":"Rare debut LP by the eccentric Peruvian singer Jean Paul \"El Troglodita\", known for his wild performances and extreme way of life. Often labeled as a nueva ola artist, he rather saw his performance style as a solo artist as following in the footsteps of Los Saicos, also signed to Disper\u00fa. The album includes Spanish sung versions of British beat songs and covers of the American songbook as well as various international hits.","og_url":"https:\/\/wpguerssen-test.odoo.rgbconsulting.com\/es\/producto\/tengo-un-mustang\/","og_site_name":"Guerssen records","article_modified_time":"2025-01-15T15:02:31+00:00","og_image":[{"width":350,"height":350,"url":"https:\/\/wpguerssen-test.odoo.rgbconsulting.com\/wp-content\/uploads\/2024\/04\/47539.jpg","type":"image\/jpeg"}],"twitter_card":"summary_large_image","twitter_title":"JEAN PAUL \"EL TROGLODITA\" - Tengo Un Mustang -  (LP) | Guerssen","schema":{"@context":"https:\/\/schema.org","@graph":[{"@type":"WebPage","@id":"https:\/\/wpguerssen-test.odoo.rgbconsulting.com\/es\/producto\/tengo-un-mustang\/","url":"https:\/\/wpguerssen-test.odoo.rgbconsulting.com\/es\/producto\/tengo-un-mustang\/","name":"JEAN PAUL \"EL TROGLODITA\" - Tengo Un Mustang - (LP) | Guerssen","isPartOf":{"@id":"https:\/\/wpguerssen-test.odoo.rgbconsulting.com\/es\/#website"},"primaryImageOfPage":{"@id":"https:\/\/wpguerssen-test.odoo.rgbconsulting.com\/es\/producto\/tengo-un-mustang\/#primaryimage"},"image":{"@id":"https:\/\/wpguerssen-test.odoo.rgbconsulting.com\/es\/producto\/tengo-un-mustang\/#primaryimage"},"thumbnailUrl":"https:\/\/wpguerssen-test.odoo.rgbconsulting.com\/wp-content\/uploads\/2024\/04\/47539.jpg","datePublished":"2024-05-21T22:00:00+00:00","dateModified":"2025-01-15T15:02:31+00:00","description":"Rare debut LP by the eccentric Peruvian singer Jean Paul \"El Troglodita\", known for his wild performances and extreme way of life. Often labeled as a nueva ola artist, he rather saw his performance style as a solo artist as following in the footsteps of Los Saicos, also signed to Disper\u00fa. The album includes Spanish sung versions of British beat songs and covers of the American songbook as well as various international hits.","breadcrumb":{"@id":"https:\/\/wpguerssen-test.odoo.rgbconsulting.com\/es\/producto\/tengo-un-mustang\/#breadcrumb"},"inLanguage":"es","potentialAction":[{"@type":"ReadAction","target":["https:\/\/wpguerssen-test.odoo.rgbconsulting.com\/es\/producto\/tengo-un-mustang\/"]}]},{"@type":"ImageObject","inLanguage":"es","@id":"https:\/\/wpguerssen-test.odoo.rgbconsulting.com\/es\/producto\/tengo-un-mustang\/#primaryimage","url":"https:\/\/wpguerssen-test.odoo.rgbconsulting.com\/wp-content\/uploads\/2024\/04\/47539.jpg","contentUrl":"https:\/\/wpguerssen-test.odoo.rgbconsulting.com\/wp-content\/uploads\/2024\/04\/47539.jpg","width":350,"height":350},{"@type":"BreadcrumbList","@id":"https:\/\/wpguerssen-test.odoo.rgbconsulting.com\/es\/producto\/tengo-un-mustang\/#breadcrumb","itemListElement":[{"@type":"ListItem","position":1,"name":"Inicio","item":"https:\/\/wpguerssen-test.odoo.rgbconsulting.com\/es\/"},{"@type":"ListItem","position":2,"name":"Shop","item":"https:\/\/wpguerssen-test.odoo.rgbconsulting.com\/shop\/"},{"@type":"ListItem","position":3,"name":"Tengo Un Mustang"}]},{"@type":"WebSite","@id":"https:\/\/wpguerssen-test.odoo.rgbconsulting.com\/es\/#website","url":"https:\/\/wpguerssen-test.odoo.rgbconsulting.com\/es\/","name":"Guerssen records","description":"psychedelia - progressive - folk - garage ","publisher":{"@id":"https:\/\/wpguerssen-test.odoo.rgbconsulting.com\/es\/#organization"},"potentialAction":[{"@type":"SearchAction","target":{"@type":"EntryPoint","urlTemplate":"https:\/\/wpguerssen-test.odoo.rgbconsulting.com\/es\/?s={search_term_string}"},"query-input":{"@type":"PropertyValueSpecification","valueRequired":true,"valueName":"search_term_string"}}],"inLanguage":"es"},{"@type":"Organization","@id":"https:\/\/wpguerssen-test.odoo.rgbconsulting.com\/es\/#organization","name":"Guerssen records","url":"https:\/\/wpguerssen-test.odoo.rgbconsulting.com\/es\/","logo":{"@type":"ImageObject","inLanguage":"es","@id":"https:\/\/wpguerssen-test.odoo.rgbconsulting.com\/es\/#\/schema\/logo\/image\/","url":"https:\/\/wpguerssen-test.odoo.rgbconsulting.com\/wp-content\/uploads\/2022\/04\/Logo_Guerssen_trans_100.png","contentUrl":"https:\/\/wpguerssen-test.odoo.rgbconsulting.com\/wp-content\/uploads\/2022\/04\/Logo_Guerssen_trans_100.png","width":122,"height":100,"caption":"Guerssen records"},"image":{"@id":"https:\/\/wpguerssen-test.odoo.rgbconsulting.com\/es\/#\/schema\/logo\/image\/"}}]}},"_links":{"self":[{"href":"https:\/\/wpguerssen-test.odoo.rgbconsulting.com\/es\/wp-json\/wp\/v2\/product\/265227","targetHints":{"allow":["GET"]}}],"collection":[{"href":"https:\/\/wpguerssen-test.odoo.rgbconsulting.com\/es\/wp-json\/wp\/v2\/product"}],"about":[{"href":"https:\/\/wpguerssen-test.odoo.rgbconsulting.com\/es\/wp-json\/wp\/v2\/types\/product"}],"wp:featuredmedia":[{"embeddable":true,"href":"https:\/\/wpguerssen-test.odoo.rgbconsulting.com\/es\/wp-json\/wp\/v2\/media\/265228"}],"wp:attachment":[{"href":"https:\/\/wpguerssen-test.odoo.rgbconsulting.com\/es\/wp-json\/wp\/v2\/media?parent=265227"}],"wp:term":[{"taxonomy":"product_brand","embeddable":true,"href":"https:\/\/wpguerssen-test.odoo.rgbconsulting.com\/es\/wp-json\/wp\/v2\/product_brand?post=265227"},{"taxonomy":"product_cat","embeddable":true,"href":"https:\/\/wpguerssen-test.odoo.rgbconsulting.com\/es\/wp-json\/wp\/v2\/product_cat?post=265227"},{"taxonomy":"product_tag","embeddable":true,"href":"https:\/\/wpguerssen-test.odoo.rgbconsulting.com\/es\/wp-json\/wp\/v2\/product_tag?post=265227"}],"curies":[{"name":"wp","href":"https:\/\/api.w.org\/{rel}","templated":true}]}}