{"id":265311,"date":"2022-12-07T00:00:00","date_gmt":"2022-12-06T23:00:00","guid":{"rendered":"https:\/\/wpguerssen-test.odoo.rgbconsulting.com\/product\/histoires-d1-soir-bye-bye-les-galeres-maxi-2\/"},"modified":"2024-10-29T16:21:33","modified_gmt":"2024-10-29T15:21:33","slug":"histoires-d1-soir-bye-bye-les-galeres-maxi-2","status":"publish","type":"product","link":"https:\/\/wpguerssen-test.odoo.rgbconsulting.com\/es\/producto\/histoires-d1-soir-bye-bye-les-galeres-maxi-2\/","title":{"rendered":"Histoires d&#8217;1 Soir (Bye Bye Les Gal\u00e8res) (Maxi)"},"content":{"rendered":"<p>Gran tema cl\u00e1sico y atemporal de los a\u00f1os 80 y la escena Boogie francesa, \u00abHistoire d&#8217;1 Soir (Bye bye les gal\u00e8res) \u00bb es una oda a la fiesta, la libertad, la juventud y la libertad, interpretada por Bibi Flash aka Brigitte Gast\u00e9, una at\u00edpica cantante de el boogie franc\u00e9s. <\/p>\n<p> Con sus letras ligeras y estribillos m\u00edticos, su euforia y su vibra disco-rap irresistible, este tema producido por Philippe Renaux (Holly Guns, Clever, Pianola&#8230;) lanzado en 1983 es \u00bf\u00bfuna sincera fotograf\u00eda de su tiempo, durante el cual estos hijos del \u00abverano del amor\u00bb y del Mayo del 68 recorrieron Par\u00eds en busca de noches interminables, placer y libertad. 2021, en su versi\u00f3n 12\u00bb, con el original, el Disco Mix, el instrumental y el A Cappella, y se acompa\u00f1a de un nuevo edit moderno y festivo del productor de house franc\u00e9s Blutch.<\/p>\n","protected":false},"excerpt":{"rendered":"<p>Gran tema cl\u00e1sico y atemporal de los a\u00f1os 80 y la escena Boogie francesa, \u00abHistoire d&#8217;1 Soir (Bye bye les gal\u00e8res) \u00bb es una oda a la fiesta, la libertad,<a class=\"read\" href=\"https:\/\/wpguerssen-test.odoo.rgbconsulting.com\/es\/producto\/histoires-d1-soir-bye-bye-les-galeres-maxi-2\/\"> (...)<\/a>","protected":false},"featured_media":221376,"template":"","meta":{"_acf_changed":false},"product_brand":[],"product_cat":[23265],"product_tag":[],"class_list":{"0":"post-265311","1":"product","2":"type-product","3":"status-publish","4":"has-post-thumbnail","6":"product_cat-disco-cosmic-italo-es","7":"pa_artist-flash-bibi","8":"pa_format-maxi","9":"pa_gender-disco-cosmic-italo","10":"pa_label-barbecue","11":"pa_location-europe-es","12":"pa_other-filters-vinyl-only-es","14":"first","15":"instock","16":"taxable","17":"shipping-taxable","18":"purchasable","19":"product-type-simple"},"acf":[],"yoast_head":"<!-- This site is optimized with the Yoast SEO plugin v24.9 - https:\/\/yoast.com\/wordpress\/plugins\/seo\/ -->\n<title>FLASH, Bibi - Histoires d&#039;1 Soir (Bye Bye Les Gal\u00e8res) (Maxi) -  (MAXI) | Guerssen<\/title>\n<meta name=\"description\" content=\"Great classic and timeless tune of the 80s and French Boogie scene, &quot; Histoire d&#039;1 Soir (Bye bye les gal\u00e8res) &quot; is an ode to party, liberty, youth and freedom, interpreted by Bibi Flash aka Brigitte Gast\u00e9, an atypical singer from the French Boogie. #nl# With its light lyrics and mythical chorus, its euphoria and irresistible disco-rap vibe, this track produced by Philippe Renaux (Holly Guns, Clever, Pianola...) released in 1983 is a sincere photography of its time, during which these children of the &quot; summer of love &quot; and May 68 criss-crossed Paris in search of endless nights, pleasure and freedom. #nl# A prized and rare record which is nowadays repressed by Barbecue imprint in 2021, in its 12&#039;&#039; version, with the original, the Disco Mix, instrumental and the A Cappella, and is accompanied by a new modern and festive edit by French house producer Blutch.\" \/>\n<meta name=\"robots\" content=\"index, follow, max-snippet:-1, max-image-preview:large, max-video-preview:-1\" \/>\n<link rel=\"canonical\" href=\"https:\/\/wpguerssen-test.odoo.rgbconsulting.com\/es\/producto\/histoires-d1-soir-bye-bye-les-galeres-maxi-2\/\" \/>\n<meta property=\"og:locale\" content=\"es_ES\" \/>\n<meta property=\"og:type\" content=\"article\" \/>\n<meta property=\"og:title\" content=\"FLASH, Bibi - Histoires d&#039;1 Soir (Bye Bye Les Gal\u00e8res) (Maxi) -  (MAXI) | Guerssen\" \/>\n<meta property=\"og:description\" content=\"Great classic and timeless tune of the 80s and French Boogie scene, &quot; Histoire d&#039;1 Soir (Bye bye les gal\u00e8res) &quot; is an ode to party, liberty, youth and freedom, interpreted by Bibi Flash aka Brigitte Gast\u00e9, an atypical singer from the French Boogie. #nl# With its light lyrics and mythical chorus, its euphoria and irresistible disco-rap vibe, this track produced by Philippe Renaux (Holly Guns, Clever, Pianola...) released in 1983 is a sincere photography of its time, during which these children of the &quot; summer of love &quot; and May 68 criss-crossed Paris in search of endless nights, pleasure and freedom. #nl# A prized and rare record which is nowadays repressed by Barbecue imprint in 2021, in its 12&#039;&#039; version, with the original, the Disco Mix, instrumental and the A Cappella, and is accompanied by a new modern and festive edit by French house producer Blutch.\" \/>\n<meta property=\"og:url\" content=\"https:\/\/wpguerssen-test.odoo.rgbconsulting.com\/es\/producto\/histoires-d1-soir-bye-bye-les-galeres-maxi-2\/\" \/>\n<meta property=\"og:site_name\" content=\"Guerssen records\" \/>\n<meta property=\"article:modified_time\" content=\"2024-10-29T15:21:33+00:00\" \/>\n<meta property=\"og:image\" content=\"https:\/\/wpguerssen-test.odoo.rgbconsulting.com\/wp-content\/uploads\/2022\/11\/38529.jpg\" \/>\n\t<meta property=\"og:image:width\" content=\"1024\" \/>\n\t<meta property=\"og:image:height\" content=\"1024\" \/>\n\t<meta property=\"og:image:type\" content=\"image\/jpeg\" \/>\n<meta name=\"twitter:card\" content=\"summary_large_image\" \/>\n<meta name=\"twitter:title\" content=\"FLASH, Bibi - Histoires d&#039;1 Soir (Bye Bye Les Gal\u00e8res) (Maxi) -  (MAXI) | Guerssen\" \/>\n<meta name=\"twitter:label1\" content=\"Tiempo de lectura\" \/>\n\t<meta name=\"twitter:data1\" content=\"1 minuto\" \/>\n<script type=\"application\/ld+json\" class=\"yoast-schema-graph\">{\"@context\":\"https:\/\/schema.org\",\"@graph\":[{\"@type\":\"WebPage\",\"@id\":\"https:\/\/wpguerssen-test.odoo.rgbconsulting.com\/es\/producto\/histoires-d1-soir-bye-bye-les-galeres-maxi-2\/\",\"url\":\"https:\/\/wpguerssen-test.odoo.rgbconsulting.com\/es\/producto\/histoires-d1-soir-bye-bye-les-galeres-maxi-2\/\",\"name\":\"FLASH, Bibi - Histoires d'1 Soir (Bye Bye Les Gal\u00e8res) (Maxi) - (MAXI) | Guerssen\",\"isPartOf\":{\"@id\":\"https:\/\/wpguerssen-test.odoo.rgbconsulting.com\/es\/#website\"},\"primaryImageOfPage\":{\"@id\":\"https:\/\/wpguerssen-test.odoo.rgbconsulting.com\/es\/producto\/histoires-d1-soir-bye-bye-les-galeres-maxi-2\/#primaryimage\"},\"image\":{\"@id\":\"https:\/\/wpguerssen-test.odoo.rgbconsulting.com\/es\/producto\/histoires-d1-soir-bye-bye-les-galeres-maxi-2\/#primaryimage\"},\"thumbnailUrl\":\"https:\/\/wpguerssen-test.odoo.rgbconsulting.com\/wp-content\/uploads\/2022\/11\/38529.jpg\",\"datePublished\":\"2022-12-06T23:00:00+00:00\",\"dateModified\":\"2024-10-29T15:21:33+00:00\",\"description\":\"Great classic and timeless tune of the 80s and French Boogie scene, \\\" Histoire d'1 Soir (Bye bye les gal\u00e8res) \\\" is an ode to party, liberty, youth and freedom, interpreted by Bibi Flash aka Brigitte Gast\u00e9, an atypical singer from the French Boogie. #nl# With its light lyrics and mythical chorus, its euphoria and irresistible disco-rap vibe, this track produced by Philippe Renaux (Holly Guns, Clever, Pianola...) released in 1983 is a sincere photography of its time, during which these children of the \\\" summer of love \\\" and May 68 criss-crossed Paris in search of endless nights, pleasure and freedom. #nl# A prized and rare record which is nowadays repressed by Barbecue imprint in 2021, in its 12'' version, with the original, the Disco Mix, instrumental and the A Cappella, and is accompanied by a new modern and festive edit by French house producer Blutch.\",\"breadcrumb\":{\"@id\":\"https:\/\/wpguerssen-test.odoo.rgbconsulting.com\/es\/producto\/histoires-d1-soir-bye-bye-les-galeres-maxi-2\/#breadcrumb\"},\"inLanguage\":\"es\",\"potentialAction\":[{\"@type\":\"ReadAction\",\"target\":[\"https:\/\/wpguerssen-test.odoo.rgbconsulting.com\/es\/producto\/histoires-d1-soir-bye-bye-les-galeres-maxi-2\/\"]}]},{\"@type\":\"ImageObject\",\"inLanguage\":\"es\",\"@id\":\"https:\/\/wpguerssen-test.odoo.rgbconsulting.com\/es\/producto\/histoires-d1-soir-bye-bye-les-galeres-maxi-2\/#primaryimage\",\"url\":\"https:\/\/wpguerssen-test.odoo.rgbconsulting.com\/wp-content\/uploads\/2022\/11\/38529.jpg\",\"contentUrl\":\"https:\/\/wpguerssen-test.odoo.rgbconsulting.com\/wp-content\/uploads\/2022\/11\/38529.jpg\",\"width\":1024,\"height\":1024,\"caption\":\"Bibi - Histoires d'1 Soir (Bye Bye Les Gal\u00e8res) (Maxi) - BARBECUE (MAXI) | Guerssen\"},{\"@type\":\"BreadcrumbList\",\"@id\":\"https:\/\/wpguerssen-test.odoo.rgbconsulting.com\/es\/producto\/histoires-d1-soir-bye-bye-les-galeres-maxi-2\/#breadcrumb\",\"itemListElement\":[{\"@type\":\"ListItem\",\"position\":1,\"name\":\"Inicio\",\"item\":\"https:\/\/wpguerssen-test.odoo.rgbconsulting.com\/es\/\"},{\"@type\":\"ListItem\",\"position\":2,\"name\":\"Shop\",\"item\":\"https:\/\/wpguerssen-test.odoo.rgbconsulting.com\/shop\/\"},{\"@type\":\"ListItem\",\"position\":3,\"name\":\"Histoires d&#8217;1 Soir (Bye Bye Les Gal\u00e8res) (Maxi)\"}]},{\"@type\":\"WebSite\",\"@id\":\"https:\/\/wpguerssen-test.odoo.rgbconsulting.com\/es\/#website\",\"url\":\"https:\/\/wpguerssen-test.odoo.rgbconsulting.com\/es\/\",\"name\":\"Guerssen records\",\"description\":\"psychedelia - progressive - folk - garage \",\"publisher\":{\"@id\":\"https:\/\/wpguerssen-test.odoo.rgbconsulting.com\/es\/#organization\"},\"potentialAction\":[{\"@type\":\"SearchAction\",\"target\":{\"@type\":\"EntryPoint\",\"urlTemplate\":\"https:\/\/wpguerssen-test.odoo.rgbconsulting.com\/es\/?s={search_term_string}\"},\"query-input\":{\"@type\":\"PropertyValueSpecification\",\"valueRequired\":true,\"valueName\":\"search_term_string\"}}],\"inLanguage\":\"es\"},{\"@type\":\"Organization\",\"@id\":\"https:\/\/wpguerssen-test.odoo.rgbconsulting.com\/es\/#organization\",\"name\":\"Guerssen records\",\"url\":\"https:\/\/wpguerssen-test.odoo.rgbconsulting.com\/es\/\",\"logo\":{\"@type\":\"ImageObject\",\"inLanguage\":\"es\",\"@id\":\"https:\/\/wpguerssen-test.odoo.rgbconsulting.com\/es\/#\/schema\/logo\/image\/\",\"url\":\"https:\/\/wpguerssen-test.odoo.rgbconsulting.com\/wp-content\/uploads\/2022\/04\/Logo_Guerssen_trans_100.png\",\"contentUrl\":\"https:\/\/wpguerssen-test.odoo.rgbconsulting.com\/wp-content\/uploads\/2022\/04\/Logo_Guerssen_trans_100.png\",\"width\":122,\"height\":100,\"caption\":\"Guerssen records\"},\"image\":{\"@id\":\"https:\/\/wpguerssen-test.odoo.rgbconsulting.com\/es\/#\/schema\/logo\/image\/\"}}]}<\/script>\n<!-- \/ Yoast SEO plugin. -->","yoast_head_json":{"title":"FLASH, Bibi - Histoires d'1 Soir (Bye Bye Les Gal\u00e8res) (Maxi) -  (MAXI) | Guerssen","description":"Great classic and timeless tune of the 80s and French Boogie scene, \" Histoire d'1 Soir (Bye bye les gal\u00e8res) \" is an ode to party, liberty, youth and freedom, interpreted by Bibi Flash aka Brigitte Gast\u00e9, an atypical singer from the French Boogie. #nl# With its light lyrics and mythical chorus, its euphoria and irresistible disco-rap vibe, this track produced by Philippe Renaux (Holly Guns, Clever, Pianola...) released in 1983 is a sincere photography of its time, during which these children of the \" summer of love \" and May 68 criss-crossed Paris in search of endless nights, pleasure and freedom. #nl# A prized and rare record which is nowadays repressed by Barbecue imprint in 2021, in its 12'' version, with the original, the Disco Mix, instrumental and the A Cappella, and is accompanied by a new modern and festive edit by French house producer Blutch.","robots":{"index":"index","follow":"follow","max-snippet":"max-snippet:-1","max-image-preview":"max-image-preview:large","max-video-preview":"max-video-preview:-1"},"canonical":"https:\/\/wpguerssen-test.odoo.rgbconsulting.com\/es\/producto\/histoires-d1-soir-bye-bye-les-galeres-maxi-2\/","og_locale":"es_ES","og_type":"article","og_title":"FLASH, Bibi - Histoires d'1 Soir (Bye Bye Les Gal\u00e8res) (Maxi) -  (MAXI) | Guerssen","og_description":"Great classic and timeless tune of the 80s and French Boogie scene, \" Histoire d'1 Soir (Bye bye les gal\u00e8res) \" is an ode to party, liberty, youth and freedom, interpreted by Bibi Flash aka Brigitte Gast\u00e9, an atypical singer from the French Boogie. #nl# With its light lyrics and mythical chorus, its euphoria and irresistible disco-rap vibe, this track produced by Philippe Renaux (Holly Guns, Clever, Pianola...) released in 1983 is a sincere photography of its time, during which these children of the \" summer of love \" and May 68 criss-crossed Paris in search of endless nights, pleasure and freedom. #nl# A prized and rare record which is nowadays repressed by Barbecue imprint in 2021, in its 12'' version, with the original, the Disco Mix, instrumental and the A Cappella, and is accompanied by a new modern and festive edit by French house producer Blutch.","og_url":"https:\/\/wpguerssen-test.odoo.rgbconsulting.com\/es\/producto\/histoires-d1-soir-bye-bye-les-galeres-maxi-2\/","og_site_name":"Guerssen records","article_modified_time":"2024-10-29T15:21:33+00:00","og_image":[{"width":1024,"height":1024,"url":"https:\/\/wpguerssen-test.odoo.rgbconsulting.com\/wp-content\/uploads\/2022\/11\/38529.jpg","type":"image\/jpeg"}],"twitter_card":"summary_large_image","twitter_title":"FLASH, Bibi - Histoires d'1 Soir (Bye Bye Les Gal\u00e8res) (Maxi) -  (MAXI) | Guerssen","twitter_misc":{"Tiempo de lectura":"1 minuto"},"schema":{"@context":"https:\/\/schema.org","@graph":[{"@type":"WebPage","@id":"https:\/\/wpguerssen-test.odoo.rgbconsulting.com\/es\/producto\/histoires-d1-soir-bye-bye-les-galeres-maxi-2\/","url":"https:\/\/wpguerssen-test.odoo.rgbconsulting.com\/es\/producto\/histoires-d1-soir-bye-bye-les-galeres-maxi-2\/","name":"FLASH, Bibi - Histoires d'1 Soir (Bye Bye Les Gal\u00e8res) (Maxi) - (MAXI) | Guerssen","isPartOf":{"@id":"https:\/\/wpguerssen-test.odoo.rgbconsulting.com\/es\/#website"},"primaryImageOfPage":{"@id":"https:\/\/wpguerssen-test.odoo.rgbconsulting.com\/es\/producto\/histoires-d1-soir-bye-bye-les-galeres-maxi-2\/#primaryimage"},"image":{"@id":"https:\/\/wpguerssen-test.odoo.rgbconsulting.com\/es\/producto\/histoires-d1-soir-bye-bye-les-galeres-maxi-2\/#primaryimage"},"thumbnailUrl":"https:\/\/wpguerssen-test.odoo.rgbconsulting.com\/wp-content\/uploads\/2022\/11\/38529.jpg","datePublished":"2022-12-06T23:00:00+00:00","dateModified":"2024-10-29T15:21:33+00:00","description":"Great classic and timeless tune of the 80s and French Boogie scene, \" Histoire d'1 Soir (Bye bye les gal\u00e8res) \" is an ode to party, liberty, youth and freedom, interpreted by Bibi Flash aka Brigitte Gast\u00e9, an atypical singer from the French Boogie. #nl# With its light lyrics and mythical chorus, its euphoria and irresistible disco-rap vibe, this track produced by Philippe Renaux (Holly Guns, Clever, Pianola...) released in 1983 is a sincere photography of its time, during which these children of the \" summer of love \" and May 68 criss-crossed Paris in search of endless nights, pleasure and freedom. #nl# A prized and rare record which is nowadays repressed by Barbecue imprint in 2021, in its 12'' version, with the original, the Disco Mix, instrumental and the A Cappella, and is accompanied by a new modern and festive edit by French house producer Blutch.","breadcrumb":{"@id":"https:\/\/wpguerssen-test.odoo.rgbconsulting.com\/es\/producto\/histoires-d1-soir-bye-bye-les-galeres-maxi-2\/#breadcrumb"},"inLanguage":"es","potentialAction":[{"@type":"ReadAction","target":["https:\/\/wpguerssen-test.odoo.rgbconsulting.com\/es\/producto\/histoires-d1-soir-bye-bye-les-galeres-maxi-2\/"]}]},{"@type":"ImageObject","inLanguage":"es","@id":"https:\/\/wpguerssen-test.odoo.rgbconsulting.com\/es\/producto\/histoires-d1-soir-bye-bye-les-galeres-maxi-2\/#primaryimage","url":"https:\/\/wpguerssen-test.odoo.rgbconsulting.com\/wp-content\/uploads\/2022\/11\/38529.jpg","contentUrl":"https:\/\/wpguerssen-test.odoo.rgbconsulting.com\/wp-content\/uploads\/2022\/11\/38529.jpg","width":1024,"height":1024,"caption":"Bibi - Histoires d'1 Soir (Bye Bye Les Gal\u00e8res) (Maxi) - BARBECUE (MAXI) | Guerssen"},{"@type":"BreadcrumbList","@id":"https:\/\/wpguerssen-test.odoo.rgbconsulting.com\/es\/producto\/histoires-d1-soir-bye-bye-les-galeres-maxi-2\/#breadcrumb","itemListElement":[{"@type":"ListItem","position":1,"name":"Inicio","item":"https:\/\/wpguerssen-test.odoo.rgbconsulting.com\/es\/"},{"@type":"ListItem","position":2,"name":"Shop","item":"https:\/\/wpguerssen-test.odoo.rgbconsulting.com\/shop\/"},{"@type":"ListItem","position":3,"name":"Histoires d&#8217;1 Soir (Bye Bye Les Gal\u00e8res) (Maxi)"}]},{"@type":"WebSite","@id":"https:\/\/wpguerssen-test.odoo.rgbconsulting.com\/es\/#website","url":"https:\/\/wpguerssen-test.odoo.rgbconsulting.com\/es\/","name":"Guerssen records","description":"psychedelia - progressive - folk - garage ","publisher":{"@id":"https:\/\/wpguerssen-test.odoo.rgbconsulting.com\/es\/#organization"},"potentialAction":[{"@type":"SearchAction","target":{"@type":"EntryPoint","urlTemplate":"https:\/\/wpguerssen-test.odoo.rgbconsulting.com\/es\/?s={search_term_string}"},"query-input":{"@type":"PropertyValueSpecification","valueRequired":true,"valueName":"search_term_string"}}],"inLanguage":"es"},{"@type":"Organization","@id":"https:\/\/wpguerssen-test.odoo.rgbconsulting.com\/es\/#organization","name":"Guerssen records","url":"https:\/\/wpguerssen-test.odoo.rgbconsulting.com\/es\/","logo":{"@type":"ImageObject","inLanguage":"es","@id":"https:\/\/wpguerssen-test.odoo.rgbconsulting.com\/es\/#\/schema\/logo\/image\/","url":"https:\/\/wpguerssen-test.odoo.rgbconsulting.com\/wp-content\/uploads\/2022\/04\/Logo_Guerssen_trans_100.png","contentUrl":"https:\/\/wpguerssen-test.odoo.rgbconsulting.com\/wp-content\/uploads\/2022\/04\/Logo_Guerssen_trans_100.png","width":122,"height":100,"caption":"Guerssen records"},"image":{"@id":"https:\/\/wpguerssen-test.odoo.rgbconsulting.com\/es\/#\/schema\/logo\/image\/"}}]}},"_links":{"self":[{"href":"https:\/\/wpguerssen-test.odoo.rgbconsulting.com\/es\/wp-json\/wp\/v2\/product\/265311","targetHints":{"allow":["GET"]}}],"collection":[{"href":"https:\/\/wpguerssen-test.odoo.rgbconsulting.com\/es\/wp-json\/wp\/v2\/product"}],"about":[{"href":"https:\/\/wpguerssen-test.odoo.rgbconsulting.com\/es\/wp-json\/wp\/v2\/types\/product"}],"wp:featuredmedia":[{"embeddable":true,"href":"https:\/\/wpguerssen-test.odoo.rgbconsulting.com\/es\/wp-json\/wp\/v2\/media\/221376"}],"wp:attachment":[{"href":"https:\/\/wpguerssen-test.odoo.rgbconsulting.com\/es\/wp-json\/wp\/v2\/media?parent=265311"}],"wp:term":[{"taxonomy":"product_brand","embeddable":true,"href":"https:\/\/wpguerssen-test.odoo.rgbconsulting.com\/es\/wp-json\/wp\/v2\/product_brand?post=265311"},{"taxonomy":"product_cat","embeddable":true,"href":"https:\/\/wpguerssen-test.odoo.rgbconsulting.com\/es\/wp-json\/wp\/v2\/product_cat?post=265311"},{"taxonomy":"product_tag","embeddable":true,"href":"https:\/\/wpguerssen-test.odoo.rgbconsulting.com\/es\/wp-json\/wp\/v2\/product_tag?post=265311"}],"curies":[{"name":"wp","href":"https:\/\/api.w.org\/{rel}","templated":true}]}}