{"id":265399,"date":"2025-01-13T00:00:00","date_gmt":"2025-01-12T23:00:00","guid":{"rendered":"https:\/\/wpguerssen-test.odoo.rgbconsulting.com\/product\/far-cry\/"},"modified":"2025-04-23T17:30:12","modified_gmt":"2025-04-23T15:30:12","slug":"far-cry","status":"publish","type":"product","link":"https:\/\/wpguerssen-test.odoo.rgbconsulting.com\/es\/producto\/far-cry\/","title":{"rendered":"Far cry"},"content":{"rendered":"<p>\u00abSu m\u00fasica va desde el blues hasta el jazz en el espacio\u00bb, proclamaban las notas originales de este disco altamente coleccionable, reci\u00e9n lanzado en 1968. Provenientes de Boston, Far Cry eran un talentoso septeto que mezclaban psych rock y r&#038;b, en la l\u00ednea of Blood, Sweat &#038; Tears y Rare Earth, con una mirada m\u00e1s profunda a los reinos de Beefheart Magic Band y John Cipollina Quicksilver Messenger Service. Su \u00fanico \u00e1lbum a\u00fan mantiene un sonido distintivo, fusionando guitarra \u00e1cida, saxo e incluso vibr\u00e1fono, \u00f3rgano y conga.<\/p>\n","protected":false},"excerpt":{"rendered":"<p>\u00abSu m\u00fasica va desde el blues hasta el jazz en el espacio\u00bb, proclamaban las notas originales de este disco altamente coleccionable, reci\u00e9n lanzado en 1968. Provenientes<a class=\"read\" href=\"https:\/\/wpguerssen-test.odoo.rgbconsulting.com\/es\/producto\/far-cry\/\"> (...)<\/a>","protected":false},"featured_media":265585,"template":"","meta":{"_acf_changed":false},"product_brand":[],"product_cat":[23227,23262],"product_tag":[24185,24190],"class_list":{"0":"post-265399","1":"product","2":"type-product","3":"status-publish","4":"has-post-thumbnail","6":"product_cat-jazz-es","7":"product_cat-blues-blues-rock-es","8":"product_tag-de-nuevo-en-existencia","9":"product_tag-sales-es","10":"pa_artist-far-cry","11":"pa_format-lp-es","12":"pa_gender-jazz-blues-blues-rock","13":"pa_label-life-goes-on-records","14":"pa_location-north-america-es","15":"pa_other-filters-vinyl-only-es","17":"first","18":"instock","19":"taxable","20":"shipping-taxable","21":"purchasable","22":"product-type-simple"},"acf":[],"yoast_head":"<!-- This site is optimized with the Yoast SEO plugin v24.9 - https:\/\/yoast.com\/wordpress\/plugins\/seo\/ -->\n<title>FAR CRY - Far cry -  (LP) | Guerssen<\/title>\n<meta name=\"description\" content=\"&quot;Their music reaches from blues to jazz into space&quot;, proclaimed the original liner notes to this highly collectible record, just released in 1968. Hailing from Boston, the Far Cry were a talented seven-piece blending psych rock and r&amp;b, in the vein of Blood, Sweat &amp; Tears and Rare Earth, with a further look into the realms of Beefheart Magic Band and John Cipollina Quicksilver Messenger Service. Their sole album still maintain a distinctive sound, melting acid guitar, sax and even vibraphone, organ and conga.\" \/>\n<meta name=\"robots\" content=\"index, follow, max-snippet:-1, max-image-preview:large, max-video-preview:-1\" \/>\n<link rel=\"canonical\" href=\"https:\/\/wpguerssen-test.odoo.rgbconsulting.com\/es\/producto\/far-cry\/\" \/>\n<meta property=\"og:locale\" content=\"es_ES\" \/>\n<meta property=\"og:type\" content=\"article\" \/>\n<meta property=\"og:title\" content=\"FAR CRY - Far cry -  (LP) | Guerssen\" \/>\n<meta property=\"og:description\" content=\"&quot;Their music reaches from blues to jazz into space&quot;, proclaimed the original liner notes to this highly collectible record, just released in 1968. Hailing from Boston, the Far Cry were a talented seven-piece blending psych rock and r&amp;b, in the vein of Blood, Sweat &amp; Tears and Rare Earth, with a further look into the realms of Beefheart Magic Band and John Cipollina Quicksilver Messenger Service. Their sole album still maintain a distinctive sound, melting acid guitar, sax and even vibraphone, organ and conga.\" \/>\n<meta property=\"og:url\" content=\"https:\/\/wpguerssen-test.odoo.rgbconsulting.com\/es\/producto\/far-cry\/\" \/>\n<meta property=\"og:site_name\" content=\"Guerssen records\" \/>\n<meta property=\"article:modified_time\" content=\"2025-04-23T15:30:12+00:00\" \/>\n<meta property=\"og:image\" content=\"https:\/\/wpguerssen-test.odoo.rgbconsulting.com\/wp-content\/uploads\/2024\/04\/47578.jpg\" \/>\n\t<meta property=\"og:image:width\" content=\"1193\" \/>\n\t<meta property=\"og:image:height\" content=\"1181\" \/>\n\t<meta property=\"og:image:type\" content=\"image\/jpeg\" \/>\n<meta name=\"twitter:card\" content=\"summary_large_image\" \/>\n<meta name=\"twitter:title\" content=\"FAR CRY - Far cry -  (LP) | Guerssen\" \/>\n<script type=\"application\/ld+json\" class=\"yoast-schema-graph\">{\"@context\":\"https:\/\/schema.org\",\"@graph\":[{\"@type\":\"WebPage\",\"@id\":\"https:\/\/wpguerssen-test.odoo.rgbconsulting.com\/es\/producto\/far-cry\/\",\"url\":\"https:\/\/wpguerssen-test.odoo.rgbconsulting.com\/es\/producto\/far-cry\/\",\"name\":\"FAR CRY - Far cry - (LP) | Guerssen\",\"isPartOf\":{\"@id\":\"https:\/\/wpguerssen-test.odoo.rgbconsulting.com\/es\/#website\"},\"primaryImageOfPage\":{\"@id\":\"https:\/\/wpguerssen-test.odoo.rgbconsulting.com\/es\/producto\/far-cry\/#primaryimage\"},\"image\":{\"@id\":\"https:\/\/wpguerssen-test.odoo.rgbconsulting.com\/es\/producto\/far-cry\/#primaryimage\"},\"thumbnailUrl\":\"https:\/\/wpguerssen-test.odoo.rgbconsulting.com\/wp-content\/uploads\/2024\/04\/47578.jpg\",\"datePublished\":\"2025-01-12T23:00:00+00:00\",\"dateModified\":\"2025-04-23T15:30:12+00:00\",\"description\":\"\\\"Their music reaches from blues to jazz into space\\\", proclaimed the original liner notes to this highly collectible record, just released in 1968. Hailing from Boston, the Far Cry were a talented seven-piece blending psych rock and r&b, in the vein of Blood, Sweat & Tears and Rare Earth, with a further look into the realms of Beefheart Magic Band and John Cipollina Quicksilver Messenger Service. Their sole album still maintain a distinctive sound, melting acid guitar, sax and even vibraphone, organ and conga.\",\"breadcrumb\":{\"@id\":\"https:\/\/wpguerssen-test.odoo.rgbconsulting.com\/es\/producto\/far-cry\/#breadcrumb\"},\"inLanguage\":\"es\",\"potentialAction\":[{\"@type\":\"ReadAction\",\"target\":[\"https:\/\/wpguerssen-test.odoo.rgbconsulting.com\/es\/producto\/far-cry\/\"]}]},{\"@type\":\"ImageObject\",\"inLanguage\":\"es\",\"@id\":\"https:\/\/wpguerssen-test.odoo.rgbconsulting.com\/es\/producto\/far-cry\/#primaryimage\",\"url\":\"https:\/\/wpguerssen-test.odoo.rgbconsulting.com\/wp-content\/uploads\/2024\/04\/47578.jpg\",\"contentUrl\":\"https:\/\/wpguerssen-test.odoo.rgbconsulting.com\/wp-content\/uploads\/2024\/04\/47578.jpg\",\"width\":1193,\"height\":1181},{\"@type\":\"BreadcrumbList\",\"@id\":\"https:\/\/wpguerssen-test.odoo.rgbconsulting.com\/es\/producto\/far-cry\/#breadcrumb\",\"itemListElement\":[{\"@type\":\"ListItem\",\"position\":1,\"name\":\"Inicio\",\"item\":\"https:\/\/wpguerssen-test.odoo.rgbconsulting.com\/es\/\"},{\"@type\":\"ListItem\",\"position\":2,\"name\":\"Shop\",\"item\":\"https:\/\/wpguerssen-test.odoo.rgbconsulting.com\/shop\/\"},{\"@type\":\"ListItem\",\"position\":3,\"name\":\"Far cry\"}]},{\"@type\":\"WebSite\",\"@id\":\"https:\/\/wpguerssen-test.odoo.rgbconsulting.com\/es\/#website\",\"url\":\"https:\/\/wpguerssen-test.odoo.rgbconsulting.com\/es\/\",\"name\":\"Guerssen records\",\"description\":\"psychedelia - progressive - folk - garage \",\"publisher\":{\"@id\":\"https:\/\/wpguerssen-test.odoo.rgbconsulting.com\/es\/#organization\"},\"potentialAction\":[{\"@type\":\"SearchAction\",\"target\":{\"@type\":\"EntryPoint\",\"urlTemplate\":\"https:\/\/wpguerssen-test.odoo.rgbconsulting.com\/es\/?s={search_term_string}\"},\"query-input\":{\"@type\":\"PropertyValueSpecification\",\"valueRequired\":true,\"valueName\":\"search_term_string\"}}],\"inLanguage\":\"es\"},{\"@type\":\"Organization\",\"@id\":\"https:\/\/wpguerssen-test.odoo.rgbconsulting.com\/es\/#organization\",\"name\":\"Guerssen records\",\"url\":\"https:\/\/wpguerssen-test.odoo.rgbconsulting.com\/es\/\",\"logo\":{\"@type\":\"ImageObject\",\"inLanguage\":\"es\",\"@id\":\"https:\/\/wpguerssen-test.odoo.rgbconsulting.com\/es\/#\/schema\/logo\/image\/\",\"url\":\"https:\/\/wpguerssen-test.odoo.rgbconsulting.com\/wp-content\/uploads\/2022\/04\/Logo_Guerssen_trans_100.png\",\"contentUrl\":\"https:\/\/wpguerssen-test.odoo.rgbconsulting.com\/wp-content\/uploads\/2022\/04\/Logo_Guerssen_trans_100.png\",\"width\":122,\"height\":100,\"caption\":\"Guerssen records\"},\"image\":{\"@id\":\"https:\/\/wpguerssen-test.odoo.rgbconsulting.com\/es\/#\/schema\/logo\/image\/\"}}]}<\/script>\n<!-- \/ Yoast SEO plugin. -->","yoast_head_json":{"title":"FAR CRY - Far cry -  (LP) | Guerssen","description":"\"Their music reaches from blues to jazz into space\", proclaimed the original liner notes to this highly collectible record, just released in 1968. Hailing from Boston, the Far Cry were a talented seven-piece blending psych rock and r&b, in the vein of Blood, Sweat & Tears and Rare Earth, with a further look into the realms of Beefheart Magic Band and John Cipollina Quicksilver Messenger Service. Their sole album still maintain a distinctive sound, melting acid guitar, sax and even vibraphone, organ and conga.","robots":{"index":"index","follow":"follow","max-snippet":"max-snippet:-1","max-image-preview":"max-image-preview:large","max-video-preview":"max-video-preview:-1"},"canonical":"https:\/\/wpguerssen-test.odoo.rgbconsulting.com\/es\/producto\/far-cry\/","og_locale":"es_ES","og_type":"article","og_title":"FAR CRY - Far cry -  (LP) | Guerssen","og_description":"\"Their music reaches from blues to jazz into space\", proclaimed the original liner notes to this highly collectible record, just released in 1968. Hailing from Boston, the Far Cry were a talented seven-piece blending psych rock and r&b, in the vein of Blood, Sweat & Tears and Rare Earth, with a further look into the realms of Beefheart Magic Band and John Cipollina Quicksilver Messenger Service. Their sole album still maintain a distinctive sound, melting acid guitar, sax and even vibraphone, organ and conga.","og_url":"https:\/\/wpguerssen-test.odoo.rgbconsulting.com\/es\/producto\/far-cry\/","og_site_name":"Guerssen records","article_modified_time":"2025-04-23T15:30:12+00:00","og_image":[{"width":1193,"height":1181,"url":"https:\/\/wpguerssen-test.odoo.rgbconsulting.com\/wp-content\/uploads\/2024\/04\/47578.jpg","type":"image\/jpeg"}],"twitter_card":"summary_large_image","twitter_title":"FAR CRY - Far cry -  (LP) | Guerssen","schema":{"@context":"https:\/\/schema.org","@graph":[{"@type":"WebPage","@id":"https:\/\/wpguerssen-test.odoo.rgbconsulting.com\/es\/producto\/far-cry\/","url":"https:\/\/wpguerssen-test.odoo.rgbconsulting.com\/es\/producto\/far-cry\/","name":"FAR CRY - Far cry - (LP) | Guerssen","isPartOf":{"@id":"https:\/\/wpguerssen-test.odoo.rgbconsulting.com\/es\/#website"},"primaryImageOfPage":{"@id":"https:\/\/wpguerssen-test.odoo.rgbconsulting.com\/es\/producto\/far-cry\/#primaryimage"},"image":{"@id":"https:\/\/wpguerssen-test.odoo.rgbconsulting.com\/es\/producto\/far-cry\/#primaryimage"},"thumbnailUrl":"https:\/\/wpguerssen-test.odoo.rgbconsulting.com\/wp-content\/uploads\/2024\/04\/47578.jpg","datePublished":"2025-01-12T23:00:00+00:00","dateModified":"2025-04-23T15:30:12+00:00","description":"\"Their music reaches from blues to jazz into space\", proclaimed the original liner notes to this highly collectible record, just released in 1968. Hailing from Boston, the Far Cry were a talented seven-piece blending psych rock and r&b, in the vein of Blood, Sweat & Tears and Rare Earth, with a further look into the realms of Beefheart Magic Band and John Cipollina Quicksilver Messenger Service. Their sole album still maintain a distinctive sound, melting acid guitar, sax and even vibraphone, organ and conga.","breadcrumb":{"@id":"https:\/\/wpguerssen-test.odoo.rgbconsulting.com\/es\/producto\/far-cry\/#breadcrumb"},"inLanguage":"es","potentialAction":[{"@type":"ReadAction","target":["https:\/\/wpguerssen-test.odoo.rgbconsulting.com\/es\/producto\/far-cry\/"]}]},{"@type":"ImageObject","inLanguage":"es","@id":"https:\/\/wpguerssen-test.odoo.rgbconsulting.com\/es\/producto\/far-cry\/#primaryimage","url":"https:\/\/wpguerssen-test.odoo.rgbconsulting.com\/wp-content\/uploads\/2024\/04\/47578.jpg","contentUrl":"https:\/\/wpguerssen-test.odoo.rgbconsulting.com\/wp-content\/uploads\/2024\/04\/47578.jpg","width":1193,"height":1181},{"@type":"BreadcrumbList","@id":"https:\/\/wpguerssen-test.odoo.rgbconsulting.com\/es\/producto\/far-cry\/#breadcrumb","itemListElement":[{"@type":"ListItem","position":1,"name":"Inicio","item":"https:\/\/wpguerssen-test.odoo.rgbconsulting.com\/es\/"},{"@type":"ListItem","position":2,"name":"Shop","item":"https:\/\/wpguerssen-test.odoo.rgbconsulting.com\/shop\/"},{"@type":"ListItem","position":3,"name":"Far cry"}]},{"@type":"WebSite","@id":"https:\/\/wpguerssen-test.odoo.rgbconsulting.com\/es\/#website","url":"https:\/\/wpguerssen-test.odoo.rgbconsulting.com\/es\/","name":"Guerssen records","description":"psychedelia - progressive - folk - garage ","publisher":{"@id":"https:\/\/wpguerssen-test.odoo.rgbconsulting.com\/es\/#organization"},"potentialAction":[{"@type":"SearchAction","target":{"@type":"EntryPoint","urlTemplate":"https:\/\/wpguerssen-test.odoo.rgbconsulting.com\/es\/?s={search_term_string}"},"query-input":{"@type":"PropertyValueSpecification","valueRequired":true,"valueName":"search_term_string"}}],"inLanguage":"es"},{"@type":"Organization","@id":"https:\/\/wpguerssen-test.odoo.rgbconsulting.com\/es\/#organization","name":"Guerssen records","url":"https:\/\/wpguerssen-test.odoo.rgbconsulting.com\/es\/","logo":{"@type":"ImageObject","inLanguage":"es","@id":"https:\/\/wpguerssen-test.odoo.rgbconsulting.com\/es\/#\/schema\/logo\/image\/","url":"https:\/\/wpguerssen-test.odoo.rgbconsulting.com\/wp-content\/uploads\/2022\/04\/Logo_Guerssen_trans_100.png","contentUrl":"https:\/\/wpguerssen-test.odoo.rgbconsulting.com\/wp-content\/uploads\/2022\/04\/Logo_Guerssen_trans_100.png","width":122,"height":100,"caption":"Guerssen records"},"image":{"@id":"https:\/\/wpguerssen-test.odoo.rgbconsulting.com\/es\/#\/schema\/logo\/image\/"}}]}},"_links":{"self":[{"href":"https:\/\/wpguerssen-test.odoo.rgbconsulting.com\/es\/wp-json\/wp\/v2\/product\/265399","targetHints":{"allow":["GET"]}}],"collection":[{"href":"https:\/\/wpguerssen-test.odoo.rgbconsulting.com\/es\/wp-json\/wp\/v2\/product"}],"about":[{"href":"https:\/\/wpguerssen-test.odoo.rgbconsulting.com\/es\/wp-json\/wp\/v2\/types\/product"}],"wp:featuredmedia":[{"embeddable":true,"href":"https:\/\/wpguerssen-test.odoo.rgbconsulting.com\/es\/wp-json\/wp\/v2\/media\/265585"}],"wp:attachment":[{"href":"https:\/\/wpguerssen-test.odoo.rgbconsulting.com\/es\/wp-json\/wp\/v2\/media?parent=265399"}],"wp:term":[{"taxonomy":"product_brand","embeddable":true,"href":"https:\/\/wpguerssen-test.odoo.rgbconsulting.com\/es\/wp-json\/wp\/v2\/product_brand?post=265399"},{"taxonomy":"product_cat","embeddable":true,"href":"https:\/\/wpguerssen-test.odoo.rgbconsulting.com\/es\/wp-json\/wp\/v2\/product_cat?post=265399"},{"taxonomy":"product_tag","embeddable":true,"href":"https:\/\/wpguerssen-test.odoo.rgbconsulting.com\/es\/wp-json\/wp\/v2\/product_tag?post=265399"}],"curies":[{"name":"wp","href":"https:\/\/api.w.org\/{rel}","templated":true}]}}