{"id":266136,"date":"2021-08-24T00:00:00","date_gmt":"2021-08-23T22:00:00","guid":{"rendered":"https:\/\/wpguerssen-test.odoo.rgbconsulting.com\/product\/peaceful-2\/"},"modified":"2025-03-19T16:30:35","modified_gmt":"2025-03-19T15:30:35","slug":"peaceful-2","status":"publish","type":"product","link":"https:\/\/wpguerssen-test.odoo.rgbconsulting.com\/es\/producto\/peaceful-2\/","title":{"rendered":"Peaceful"},"content":{"rendered":"<p>Material in\u00e9dito de 1970\/73 de una brillante banda escocesa de psicodelia progresiva. Su LP de EMI de 1970, Sister, Brother, Lover, es, con raz\u00f3n, un gran objeto de colecci\u00f3n, con su mezcla de temas elegantemente interpretados e infinitamente mel\u00f3dicos. Peaceful, una pieza complementaria perfecta, recopila material no utilizado de alta calidad de dos acetatos de Apple de 1970 con pistas rescatadas de cintas de estudio de 1973. El resultado es un cuidadoso equilibrio entre rock progresivo potente pero controlado y baladas espectrales realzadas por un trabajo de guitarra verdaderamente majestuoso, excelentes voces y una producci\u00f3n soberbia.<br \/>Funda completamente laminada, interior impreso con letras y etiquetas de acetato reproducidas e inserto con una entrevista con Brian Young.<br \/>EDICI\u00d3N LIMITADA LP VINILO: 227 Copias.<\/p>\n","protected":false},"excerpt":{"rendered":"<p>Material in\u00e9dito de 1970\/73 de una brillante banda escocesa de psicodelia progresiva. Su LP de EMI de 1970, Sister, Brother, Lover, es, con raz\u00f3n, un gran objeto<a class=\"read\" href=\"https:\/\/wpguerssen-test.odoo.rgbconsulting.com\/es\/producto\/peaceful-2\/\"> (...)<\/a>","protected":false},"featured_media":266118,"template":"","meta":{"_acf_changed":false},"product_brand":[],"product_cat":[23215,23274],"product_tag":[],"class_list":{"0":"post-266136","1":"product","2":"type-product","3":"status-publish","4":"has-post-thumbnail","6":"product_cat-progressive60s-70s-es","7":"product_cat-folk-rock-60s-70s-es","8":"pa_artist-northwind","9":"pa_format-lp-es","10":"pa_gender-progressive60s-70s-folk-rock-60s-70s","11":"pa_label-bright-carvings","12":"pa_location-uk-ireland-es","13":"pa_other-filters-vinyl-only-es","15":"first","16":"instock","17":"taxable","18":"shipping-taxable","19":"purchasable","20":"product-type-simple"},"acf":[],"yoast_head":"<!-- This site is optimized with the Yoast SEO plugin v24.9 - https:\/\/yoast.com\/wordpress\/plugins\/seo\/ -->\n<title>NORTHWIND - Peaceful -  (LP) | Guerssen<\/title>\n<meta name=\"description\" content=\"Unreleased 1970\/73 material from brilliant Scottish prog-psych band. Their 1970 EMI LP Sister, Brother, Lover is, rightly, a major collectible, with its mix of elegantly played and endlessly melodic tracks. A perfect companion piece, Peaceful, collates top-quality unused material from two 1970 Apple acetates with tracks rescued from 1973 studio tapes. The result is a careful balance of driving but controlled progressive rock and spectral ballads enhanced by some truly majestic guitar work, great vocals and superb production. Morning maniac music: make some coffee, roll a joint, pull on your red loons and head into town.Fully Laminated Sleeve, Printed Inner with Lyrics and repro Acetate labels and Insert with Interview with Brian Young.LIMITED EDITION VINYL LP: 227 Copies.\" \/>\n<meta name=\"robots\" content=\"index, follow, max-snippet:-1, max-image-preview:large, max-video-preview:-1\" \/>\n<link rel=\"canonical\" href=\"https:\/\/wpguerssen-test.odoo.rgbconsulting.com\/es\/producto\/peaceful-2\/\" \/>\n<meta property=\"og:locale\" content=\"es_ES\" \/>\n<meta property=\"og:type\" content=\"article\" \/>\n<meta property=\"og:title\" content=\"NORTHWIND - Peaceful -  (LP) | Guerssen\" \/>\n<meta property=\"og:description\" content=\"Unreleased 1970\/73 material from brilliant Scottish prog-psych band. Their 1970 EMI LP Sister, Brother, Lover is, rightly, a major collectible, with its mix of elegantly played and endlessly melodic tracks. A perfect companion piece, Peaceful, collates top-quality unused material from two 1970 Apple acetates with tracks rescued from 1973 studio tapes. The result is a careful balance of driving but controlled progressive rock and spectral ballads enhanced by some truly majestic guitar work, great vocals and superb production. Morning maniac music: make some coffee, roll a joint, pull on your red loons and head into town.Fully Laminated Sleeve, Printed Inner with Lyrics and repro Acetate labels and Insert with Interview with Brian Young.LIMITED EDITION VINYL LP: 227 Copies.\" \/>\n<meta property=\"og:url\" content=\"https:\/\/wpguerssen-test.odoo.rgbconsulting.com\/es\/producto\/peaceful-2\/\" \/>\n<meta property=\"og:site_name\" content=\"Guerssen records\" \/>\n<meta property=\"article:modified_time\" content=\"2025-03-19T15:30:35+00:00\" \/>\n<meta property=\"og:image\" content=\"https:\/\/wpguerssen-test.odoo.rgbconsulting.com\/wp-content\/uploads\/2024\/04\/47667.jpg\" \/>\n\t<meta property=\"og:image:width\" content=\"884\" \/>\n\t<meta property=\"og:image:height\" content=\"884\" \/>\n\t<meta property=\"og:image:type\" content=\"image\/jpeg\" \/>\n<meta name=\"twitter:card\" content=\"summary_large_image\" \/>\n<meta name=\"twitter:title\" content=\"NORTHWIND - Peaceful -  (LP) | Guerssen\" \/>\n<meta name=\"twitter:label1\" content=\"Tiempo de lectura\" \/>\n\t<meta name=\"twitter:data1\" content=\"1 minuto\" \/>\n<script type=\"application\/ld+json\" class=\"yoast-schema-graph\">{\"@context\":\"https:\/\/schema.org\",\"@graph\":[{\"@type\":\"WebPage\",\"@id\":\"https:\/\/wpguerssen-test.odoo.rgbconsulting.com\/es\/producto\/peaceful-2\/\",\"url\":\"https:\/\/wpguerssen-test.odoo.rgbconsulting.com\/es\/producto\/peaceful-2\/\",\"name\":\"NORTHWIND - Peaceful - (LP) | Guerssen\",\"isPartOf\":{\"@id\":\"https:\/\/wpguerssen-test.odoo.rgbconsulting.com\/es\/#website\"},\"primaryImageOfPage\":{\"@id\":\"https:\/\/wpguerssen-test.odoo.rgbconsulting.com\/es\/producto\/peaceful-2\/#primaryimage\"},\"image\":{\"@id\":\"https:\/\/wpguerssen-test.odoo.rgbconsulting.com\/es\/producto\/peaceful-2\/#primaryimage\"},\"thumbnailUrl\":\"https:\/\/wpguerssen-test.odoo.rgbconsulting.com\/wp-content\/uploads\/2024\/04\/47667.jpg\",\"datePublished\":\"2021-08-23T22:00:00+00:00\",\"dateModified\":\"2025-03-19T15:30:35+00:00\",\"description\":\"Unreleased 1970\/73 material from brilliant Scottish prog-psych band. Their 1970 EMI LP Sister, Brother, Lover is, rightly, a major collectible, with its mix of elegantly played and endlessly melodic tracks. A perfect companion piece, Peaceful, collates top-quality unused material from two 1970 Apple acetates with tracks rescued from 1973 studio tapes. The result is a careful balance of driving but controlled progressive rock and spectral ballads enhanced by some truly majestic guitar work, great vocals and superb production. Morning maniac music: make some coffee, roll a joint, pull on your red loons and head into town.Fully Laminated Sleeve, Printed Inner with Lyrics and repro Acetate labels and Insert with Interview with Brian Young.LIMITED EDITION VINYL LP: 227 Copies.\",\"breadcrumb\":{\"@id\":\"https:\/\/wpguerssen-test.odoo.rgbconsulting.com\/es\/producto\/peaceful-2\/#breadcrumb\"},\"inLanguage\":\"es\",\"potentialAction\":[{\"@type\":\"ReadAction\",\"target\":[\"https:\/\/wpguerssen-test.odoo.rgbconsulting.com\/es\/producto\/peaceful-2\/\"]}]},{\"@type\":\"ImageObject\",\"inLanguage\":\"es\",\"@id\":\"https:\/\/wpguerssen-test.odoo.rgbconsulting.com\/es\/producto\/peaceful-2\/#primaryimage\",\"url\":\"https:\/\/wpguerssen-test.odoo.rgbconsulting.com\/wp-content\/uploads\/2024\/04\/47667.jpg\",\"contentUrl\":\"https:\/\/wpguerssen-test.odoo.rgbconsulting.com\/wp-content\/uploads\/2024\/04\/47667.jpg\",\"width\":884,\"height\":884},{\"@type\":\"BreadcrumbList\",\"@id\":\"https:\/\/wpguerssen-test.odoo.rgbconsulting.com\/es\/producto\/peaceful-2\/#breadcrumb\",\"itemListElement\":[{\"@type\":\"ListItem\",\"position\":1,\"name\":\"Inicio\",\"item\":\"https:\/\/wpguerssen-test.odoo.rgbconsulting.com\/es\/\"},{\"@type\":\"ListItem\",\"position\":2,\"name\":\"Shop\",\"item\":\"https:\/\/wpguerssen-test.odoo.rgbconsulting.com\/shop\/\"},{\"@type\":\"ListItem\",\"position\":3,\"name\":\"Peaceful\"}]},{\"@type\":\"WebSite\",\"@id\":\"https:\/\/wpguerssen-test.odoo.rgbconsulting.com\/es\/#website\",\"url\":\"https:\/\/wpguerssen-test.odoo.rgbconsulting.com\/es\/\",\"name\":\"Guerssen records\",\"description\":\"psychedelia - progressive - folk - garage \",\"publisher\":{\"@id\":\"https:\/\/wpguerssen-test.odoo.rgbconsulting.com\/es\/#organization\"},\"potentialAction\":[{\"@type\":\"SearchAction\",\"target\":{\"@type\":\"EntryPoint\",\"urlTemplate\":\"https:\/\/wpguerssen-test.odoo.rgbconsulting.com\/es\/?s={search_term_string}\"},\"query-input\":{\"@type\":\"PropertyValueSpecification\",\"valueRequired\":true,\"valueName\":\"search_term_string\"}}],\"inLanguage\":\"es\"},{\"@type\":\"Organization\",\"@id\":\"https:\/\/wpguerssen-test.odoo.rgbconsulting.com\/es\/#organization\",\"name\":\"Guerssen records\",\"url\":\"https:\/\/wpguerssen-test.odoo.rgbconsulting.com\/es\/\",\"logo\":{\"@type\":\"ImageObject\",\"inLanguage\":\"es\",\"@id\":\"https:\/\/wpguerssen-test.odoo.rgbconsulting.com\/es\/#\/schema\/logo\/image\/\",\"url\":\"https:\/\/wpguerssen-test.odoo.rgbconsulting.com\/wp-content\/uploads\/2022\/04\/Logo_Guerssen_trans_100.png\",\"contentUrl\":\"https:\/\/wpguerssen-test.odoo.rgbconsulting.com\/wp-content\/uploads\/2022\/04\/Logo_Guerssen_trans_100.png\",\"width\":122,\"height\":100,\"caption\":\"Guerssen records\"},\"image\":{\"@id\":\"https:\/\/wpguerssen-test.odoo.rgbconsulting.com\/es\/#\/schema\/logo\/image\/\"}}]}<\/script>\n<!-- \/ Yoast SEO plugin. -->","yoast_head_json":{"title":"NORTHWIND - Peaceful -  (LP) | Guerssen","description":"Unreleased 1970\/73 material from brilliant Scottish prog-psych band. Their 1970 EMI LP Sister, Brother, Lover is, rightly, a major collectible, with its mix of elegantly played and endlessly melodic tracks. A perfect companion piece, Peaceful, collates top-quality unused material from two 1970 Apple acetates with tracks rescued from 1973 studio tapes. The result is a careful balance of driving but controlled progressive rock and spectral ballads enhanced by some truly majestic guitar work, great vocals and superb production. Morning maniac music: make some coffee, roll a joint, pull on your red loons and head into town.Fully Laminated Sleeve, Printed Inner with Lyrics and repro Acetate labels and Insert with Interview with Brian Young.LIMITED EDITION VINYL LP: 227 Copies.","robots":{"index":"index","follow":"follow","max-snippet":"max-snippet:-1","max-image-preview":"max-image-preview:large","max-video-preview":"max-video-preview:-1"},"canonical":"https:\/\/wpguerssen-test.odoo.rgbconsulting.com\/es\/producto\/peaceful-2\/","og_locale":"es_ES","og_type":"article","og_title":"NORTHWIND - Peaceful -  (LP) | Guerssen","og_description":"Unreleased 1970\/73 material from brilliant Scottish prog-psych band. Their 1970 EMI LP Sister, Brother, Lover is, rightly, a major collectible, with its mix of elegantly played and endlessly melodic tracks. A perfect companion piece, Peaceful, collates top-quality unused material from two 1970 Apple acetates with tracks rescued from 1973 studio tapes. The result is a careful balance of driving but controlled progressive rock and spectral ballads enhanced by some truly majestic guitar work, great vocals and superb production. Morning maniac music: make some coffee, roll a joint, pull on your red loons and head into town.Fully Laminated Sleeve, Printed Inner with Lyrics and repro Acetate labels and Insert with Interview with Brian Young.LIMITED EDITION VINYL LP: 227 Copies.","og_url":"https:\/\/wpguerssen-test.odoo.rgbconsulting.com\/es\/producto\/peaceful-2\/","og_site_name":"Guerssen records","article_modified_time":"2025-03-19T15:30:35+00:00","og_image":[{"width":884,"height":884,"url":"https:\/\/wpguerssen-test.odoo.rgbconsulting.com\/wp-content\/uploads\/2024\/04\/47667.jpg","type":"image\/jpeg"}],"twitter_card":"summary_large_image","twitter_title":"NORTHWIND - Peaceful -  (LP) | Guerssen","twitter_misc":{"Tiempo de lectura":"1 minuto"},"schema":{"@context":"https:\/\/schema.org","@graph":[{"@type":"WebPage","@id":"https:\/\/wpguerssen-test.odoo.rgbconsulting.com\/es\/producto\/peaceful-2\/","url":"https:\/\/wpguerssen-test.odoo.rgbconsulting.com\/es\/producto\/peaceful-2\/","name":"NORTHWIND - Peaceful - (LP) | Guerssen","isPartOf":{"@id":"https:\/\/wpguerssen-test.odoo.rgbconsulting.com\/es\/#website"},"primaryImageOfPage":{"@id":"https:\/\/wpguerssen-test.odoo.rgbconsulting.com\/es\/producto\/peaceful-2\/#primaryimage"},"image":{"@id":"https:\/\/wpguerssen-test.odoo.rgbconsulting.com\/es\/producto\/peaceful-2\/#primaryimage"},"thumbnailUrl":"https:\/\/wpguerssen-test.odoo.rgbconsulting.com\/wp-content\/uploads\/2024\/04\/47667.jpg","datePublished":"2021-08-23T22:00:00+00:00","dateModified":"2025-03-19T15:30:35+00:00","description":"Unreleased 1970\/73 material from brilliant Scottish prog-psych band. Their 1970 EMI LP Sister, Brother, Lover is, rightly, a major collectible, with its mix of elegantly played and endlessly melodic tracks. A perfect companion piece, Peaceful, collates top-quality unused material from two 1970 Apple acetates with tracks rescued from 1973 studio tapes. The result is a careful balance of driving but controlled progressive rock and spectral ballads enhanced by some truly majestic guitar work, great vocals and superb production. Morning maniac music: make some coffee, roll a joint, pull on your red loons and head into town.Fully Laminated Sleeve, Printed Inner with Lyrics and repro Acetate labels and Insert with Interview with Brian Young.LIMITED EDITION VINYL LP: 227 Copies.","breadcrumb":{"@id":"https:\/\/wpguerssen-test.odoo.rgbconsulting.com\/es\/producto\/peaceful-2\/#breadcrumb"},"inLanguage":"es","potentialAction":[{"@type":"ReadAction","target":["https:\/\/wpguerssen-test.odoo.rgbconsulting.com\/es\/producto\/peaceful-2\/"]}]},{"@type":"ImageObject","inLanguage":"es","@id":"https:\/\/wpguerssen-test.odoo.rgbconsulting.com\/es\/producto\/peaceful-2\/#primaryimage","url":"https:\/\/wpguerssen-test.odoo.rgbconsulting.com\/wp-content\/uploads\/2024\/04\/47667.jpg","contentUrl":"https:\/\/wpguerssen-test.odoo.rgbconsulting.com\/wp-content\/uploads\/2024\/04\/47667.jpg","width":884,"height":884},{"@type":"BreadcrumbList","@id":"https:\/\/wpguerssen-test.odoo.rgbconsulting.com\/es\/producto\/peaceful-2\/#breadcrumb","itemListElement":[{"@type":"ListItem","position":1,"name":"Inicio","item":"https:\/\/wpguerssen-test.odoo.rgbconsulting.com\/es\/"},{"@type":"ListItem","position":2,"name":"Shop","item":"https:\/\/wpguerssen-test.odoo.rgbconsulting.com\/shop\/"},{"@type":"ListItem","position":3,"name":"Peaceful"}]},{"@type":"WebSite","@id":"https:\/\/wpguerssen-test.odoo.rgbconsulting.com\/es\/#website","url":"https:\/\/wpguerssen-test.odoo.rgbconsulting.com\/es\/","name":"Guerssen records","description":"psychedelia - progressive - folk - garage ","publisher":{"@id":"https:\/\/wpguerssen-test.odoo.rgbconsulting.com\/es\/#organization"},"potentialAction":[{"@type":"SearchAction","target":{"@type":"EntryPoint","urlTemplate":"https:\/\/wpguerssen-test.odoo.rgbconsulting.com\/es\/?s={search_term_string}"},"query-input":{"@type":"PropertyValueSpecification","valueRequired":true,"valueName":"search_term_string"}}],"inLanguage":"es"},{"@type":"Organization","@id":"https:\/\/wpguerssen-test.odoo.rgbconsulting.com\/es\/#organization","name":"Guerssen records","url":"https:\/\/wpguerssen-test.odoo.rgbconsulting.com\/es\/","logo":{"@type":"ImageObject","inLanguage":"es","@id":"https:\/\/wpguerssen-test.odoo.rgbconsulting.com\/es\/#\/schema\/logo\/image\/","url":"https:\/\/wpguerssen-test.odoo.rgbconsulting.com\/wp-content\/uploads\/2022\/04\/Logo_Guerssen_trans_100.png","contentUrl":"https:\/\/wpguerssen-test.odoo.rgbconsulting.com\/wp-content\/uploads\/2022\/04\/Logo_Guerssen_trans_100.png","width":122,"height":100,"caption":"Guerssen records"},"image":{"@id":"https:\/\/wpguerssen-test.odoo.rgbconsulting.com\/es\/#\/schema\/logo\/image\/"}}]}},"_links":{"self":[{"href":"https:\/\/wpguerssen-test.odoo.rgbconsulting.com\/es\/wp-json\/wp\/v2\/product\/266136","targetHints":{"allow":["GET"]}}],"collection":[{"href":"https:\/\/wpguerssen-test.odoo.rgbconsulting.com\/es\/wp-json\/wp\/v2\/product"}],"about":[{"href":"https:\/\/wpguerssen-test.odoo.rgbconsulting.com\/es\/wp-json\/wp\/v2\/types\/product"}],"wp:featuredmedia":[{"embeddable":true,"href":"https:\/\/wpguerssen-test.odoo.rgbconsulting.com\/es\/wp-json\/wp\/v2\/media\/266118"}],"wp:attachment":[{"href":"https:\/\/wpguerssen-test.odoo.rgbconsulting.com\/es\/wp-json\/wp\/v2\/media?parent=266136"}],"wp:term":[{"taxonomy":"product_brand","embeddable":true,"href":"https:\/\/wpguerssen-test.odoo.rgbconsulting.com\/es\/wp-json\/wp\/v2\/product_brand?post=266136"},{"taxonomy":"product_cat","embeddable":true,"href":"https:\/\/wpguerssen-test.odoo.rgbconsulting.com\/es\/wp-json\/wp\/v2\/product_cat?post=266136"},{"taxonomy":"product_tag","embeddable":true,"href":"https:\/\/wpguerssen-test.odoo.rgbconsulting.com\/es\/wp-json\/wp\/v2\/product_tag?post=266136"}],"curies":[{"name":"wp","href":"https:\/\/api.w.org\/{rel}","templated":true}]}}