{"id":266462,"date":"2021-08-24T00:00:00","date_gmt":"2021-08-23T22:00:00","guid":{"rendered":"https:\/\/wpguerssen-test.odoo.rgbconsulting.com\/product\/here-come-the-tears\/"},"modified":"2025-04-04T12:32:40","modified_gmt":"2025-04-04T10:32:40","slug":"here-come-the-tears","status":"publish","type":"product","link":"https:\/\/wpguerssen-test.odoo.rgbconsulting.com\/es\/producto\/here-come-the-tears\/","title":{"rendered":"Here Come The Tears"},"content":{"rendered":"<p>Soul4Real contin\u00faa brindando un servicio invaluable a los amantes de la m\u00fasica soul de calidad de las d\u00e9cadas de 1960 y 1970, con otra selecci\u00f3n de larga duraci\u00f3n cuidadosamente seleccionada de m\u00fasica incre\u00edble de las enormes b\u00f3vedas de los hermanos Ertegun y el grupo de sellos Atlantic de Jerry Wexler.<br \/>Atlantic fue y todav\u00eda tiene su sede en Nueva York, pero su repertorio provino de todo Estados Unidos. En &#8216;Here Come The Tears&#8217; escuchar\u00e1s m\u00fasica de Detroit, Miami, Nueva Orleans, Filadelfia, Houston, Memphis y la propia Gran Manzana. La mayor\u00eda de los artistas destacados no necesitar\u00e1n presentaci\u00f3n, y as\u00ed debe ser, porque todos ellos son leyendas de la m\u00fasica negra estadounidense, independientemente de qu\u00e9 tan bien les haya ido en las listas estadounidenses. Algunas pistas son art\u00edculos caros, otras se pueden encontrar en 45 a precios asequibles. Cuatro de ellos nunca se han publicado en vinilo hasta ahora, incluida la versi\u00f3n de los Drifters, largamente considerada perdida, de \u00abI Dig Your Act\u00bb de los O&#8217;Jays y la emocionante versi\u00f3n de Judy Clay de \u00abThe Love Of My Man\u00bb, escrita por Ed Townsend, quien tambi\u00e9n produjo el espl\u00e9ndido tema de Dee Dee Warwick que hace su debut en vinilo aqu\u00ed.<br \/>Una cosa que todos estos temas tienen en com\u00fan, independientemente de su valor en vinilo, es que son ejemplos invaluables de m\u00fasica soul, de una \u00e9poca donde cada estado de EE. UU. ten\u00eda su propio sonido y cada artista su propio estilo \u00fanico. No hay raz\u00f3n para enumerar los aspectos m\u00e1s destacados: \u00a1cada pista es un punto culminante! Tampoco hay nada gen\u00e9rico ni homogeneizado en nada de lo que escuchar\u00e1s aqu\u00ed: todo te llega directamente del coraz\u00f3n y del alma. Ya sea que est\u00e9s escuchando la mayor\u00eda de estos temas por primera vez o reencontrandote con &#8216;viejos amigos&#8217;, hay m\u00e1s para disfrutar en este \u00e1lbum que en cualquier otro que se publique actualmente en nombre del soul del siglo XXI.<br \/>De verdad &#8230;<br \/>Pr\u00e9stanos tus o\u00eddos &#8211; \u00a1Here Come The Tears!<br \/>TONY ROUNCE<\/p>\n","protected":false},"excerpt":{"rendered":"<p>Soul4Real contin\u00faa brindando un servicio invaluable a los amantes de la m\u00fasica soul de calidad de las d\u00e9cadas de 1960 y 1970, con otra selecci\u00f3n de larga duraci\u00f3n<a class=\"read\" href=\"https:\/\/wpguerssen-test.odoo.rgbconsulting.com\/es\/producto\/here-come-the-tears\/\"> (...)<\/a>","protected":false},"featured_media":266414,"template":"","meta":{"_acf_changed":false},"product_brand":[],"product_cat":[21649],"product_tag":[],"class_list":{"0":"post-266462","1":"product","2":"type-product","3":"status-publish","4":"has-post-thumbnail","6":"product_cat-soul-rnb-es","7":"pa_artist-various-artists-es","8":"pa_format-lp-es","9":"pa_gender-soul-rnb","10":"pa_label-soul-4-real","11":"pa_location-north-america-es","12":"pa_other-filters-vinyl-only-es","14":"first","15":"instock","16":"taxable","17":"shipping-taxable","18":"purchasable","19":"product-type-simple"},"acf":[],"yoast_head":"<!-- This site is optimized with the Yoast SEO plugin v24.9 - https:\/\/yoast.com\/wordpress\/plugins\/seo\/ -->\n<title>VARIOUS ARTISTS - Here Come The Tears -  (LP) | Guerssen<\/title>\n<meta name=\"description\" content=\"Soul4Real continues to provide invaluable service to lovers of quality soul music from the 1960s and 1970s, with another carefully curated long-playing selection of incredible music from the enormous vaults of the Ertegun brothers and Jerry Wexler&#039;s Atlantic group of labels.Atlantic was and is still based in New York, but its repertoire came from all over the USA. In &#039;Here Come The Tears&#039; you will hear music from Detroit, Miami, New Orleans, Philadelphia, Houston, Memphis and the Big Apple itself. Most of the featured artists will need no introduction - and that&#039;s how it should be, for they are all legends of black American music, regardless of how well they fared in the US charts. Some tracks are big-ticket items, others can be found on 45 at pocket-friendly prices. Four have never been issued on vinyl until now, including the Drifters&#039; long-thought-lost version of the O&#039;Jays&#039; &quot;I Dig Your Act&quot; and Judy Clay&#039;s thrilling take on &quot;The Love Of My Man&quot; - written by Ed Townsend, who also produced the splendid Dee Dee Warwick track that makes its vinyl debut here.One thing that all these tracks have in common, regardless of their vinyl value, is that they are all priceless examples of soul music, from an era where every US state had its own sound, and every artist their own unique style. There is no reason to list highlights - every track is a highlight! There is also nothing generic or homogenised about anything you&#039;ll hear here - it&#039;s all coming to you straight from the heart and soul. Whether you are hearing most of these tracks for the first time or getting reacquainted with &#039;old friends&#039;, there&#039;s more to enjoy on this one album than there is in anything currently being issued in the name of 21st century soul.For Real...Lend us your ears - Here Come The Tears!TONY ROUNCE\" \/>\n<meta name=\"robots\" content=\"index, follow, max-snippet:-1, max-image-preview:large, max-video-preview:-1\" \/>\n<link rel=\"canonical\" href=\"https:\/\/wpguerssen-test.odoo.rgbconsulting.com\/es\/producto\/here-come-the-tears\/\" \/>\n<meta property=\"og:locale\" content=\"es_ES\" \/>\n<meta property=\"og:type\" content=\"article\" \/>\n<meta property=\"og:title\" content=\"VARIOUS ARTISTS - Here Come The Tears -  (LP) | Guerssen\" \/>\n<meta property=\"og:description\" content=\"Soul4Real continues to provide invaluable service to lovers of quality soul music from the 1960s and 1970s, with another carefully curated long-playing selection of incredible music from the enormous vaults of the Ertegun brothers and Jerry Wexler&#039;s Atlantic group of labels.Atlantic was and is still based in New York, but its repertoire came from all over the USA. In &#039;Here Come The Tears&#039; you will hear music from Detroit, Miami, New Orleans, Philadelphia, Houston, Memphis and the Big Apple itself. Most of the featured artists will need no introduction - and that&#039;s how it should be, for they are all legends of black American music, regardless of how well they fared in the US charts. Some tracks are big-ticket items, others can be found on 45 at pocket-friendly prices. Four have never been issued on vinyl until now, including the Drifters&#039; long-thought-lost version of the O&#039;Jays&#039; &quot;I Dig Your Act&quot; and Judy Clay&#039;s thrilling take on &quot;The Love Of My Man&quot; - written by Ed Townsend, who also produced the splendid Dee Dee Warwick track that makes its vinyl debut here.One thing that all these tracks have in common, regardless of their vinyl value, is that they are all priceless examples of soul music, from an era where every US state had its own sound, and every artist their own unique style. There is no reason to list highlights - every track is a highlight! There is also nothing generic or homogenised about anything you&#039;ll hear here - it&#039;s all coming to you straight from the heart and soul. Whether you are hearing most of these tracks for the first time or getting reacquainted with &#039;old friends&#039;, there&#039;s more to enjoy on this one album than there is in anything currently being issued in the name of 21st century soul.For Real...Lend us your ears - Here Come The Tears!TONY ROUNCE\" \/>\n<meta property=\"og:url\" content=\"https:\/\/wpguerssen-test.odoo.rgbconsulting.com\/es\/producto\/here-come-the-tears\/\" \/>\n<meta property=\"og:site_name\" content=\"Guerssen records\" \/>\n<meta property=\"article:modified_time\" content=\"2025-04-04T10:32:40+00:00\" \/>\n<meta property=\"og:image\" content=\"https:\/\/wpguerssen-test.odoo.rgbconsulting.com\/wp-content\/uploads\/2024\/04\/47682.jpg\" \/>\n\t<meta property=\"og:image:width\" content=\"567\" \/>\n\t<meta property=\"og:image:height\" content=\"567\" \/>\n\t<meta property=\"og:image:type\" content=\"image\/jpeg\" \/>\n<meta name=\"twitter:card\" content=\"summary_large_image\" \/>\n<meta name=\"twitter:title\" content=\"VARIOUS ARTISTS - Here Come The Tears -  (LP) | Guerssen\" \/>\n<meta name=\"twitter:label1\" content=\"Tiempo de lectura\" \/>\n\t<meta name=\"twitter:data1\" content=\"2 minutos\" \/>\n<script type=\"application\/ld+json\" class=\"yoast-schema-graph\">{\"@context\":\"https:\/\/schema.org\",\"@graph\":[{\"@type\":\"WebPage\",\"@id\":\"https:\/\/wpguerssen-test.odoo.rgbconsulting.com\/es\/producto\/here-come-the-tears\/\",\"url\":\"https:\/\/wpguerssen-test.odoo.rgbconsulting.com\/es\/producto\/here-come-the-tears\/\",\"name\":\"VARIOUS ARTISTS - Here Come The Tears - (LP) | Guerssen\",\"isPartOf\":{\"@id\":\"https:\/\/wpguerssen-test.odoo.rgbconsulting.com\/es\/#website\"},\"primaryImageOfPage\":{\"@id\":\"https:\/\/wpguerssen-test.odoo.rgbconsulting.com\/es\/producto\/here-come-the-tears\/#primaryimage\"},\"image\":{\"@id\":\"https:\/\/wpguerssen-test.odoo.rgbconsulting.com\/es\/producto\/here-come-the-tears\/#primaryimage\"},\"thumbnailUrl\":\"https:\/\/wpguerssen-test.odoo.rgbconsulting.com\/wp-content\/uploads\/2024\/04\/47682.jpg\",\"datePublished\":\"2021-08-23T22:00:00+00:00\",\"dateModified\":\"2025-04-04T10:32:40+00:00\",\"description\":\"Soul4Real continues to provide invaluable service to lovers of quality soul music from the 1960s and 1970s, with another carefully curated long-playing selection of incredible music from the enormous vaults of the Ertegun brothers and Jerry Wexler's Atlantic group of labels.Atlantic was and is still based in New York, but its repertoire came from all over the USA. In 'Here Come The Tears' you will hear music from Detroit, Miami, New Orleans, Philadelphia, Houston, Memphis and the Big Apple itself. Most of the featured artists will need no introduction - and that's how it should be, for they are all legends of black American music, regardless of how well they fared in the US charts. Some tracks are big-ticket items, others can be found on 45 at pocket-friendly prices. Four have never been issued on vinyl until now, including the Drifters' long-thought-lost version of the O'Jays' \\\"I Dig Your Act\\\" and Judy Clay's thrilling take on \\\"The Love Of My Man\\\" - written by Ed Townsend, who also produced the splendid Dee Dee Warwick track that makes its vinyl debut here.One thing that all these tracks have in common, regardless of their vinyl value, is that they are all priceless examples of soul music, from an era where every US state had its own sound, and every artist their own unique style. There is no reason to list highlights - every track is a highlight! There is also nothing generic or homogenised about anything you'll hear here - it's all coming to you straight from the heart and soul. Whether you are hearing most of these tracks for the first time or getting reacquainted with 'old friends', there's more to enjoy on this one album than there is in anything currently being issued in the name of 21st century soul.For Real...Lend us your ears - Here Come The Tears!TONY ROUNCE\",\"breadcrumb\":{\"@id\":\"https:\/\/wpguerssen-test.odoo.rgbconsulting.com\/es\/producto\/here-come-the-tears\/#breadcrumb\"},\"inLanguage\":\"es\",\"potentialAction\":[{\"@type\":\"ReadAction\",\"target\":[\"https:\/\/wpguerssen-test.odoo.rgbconsulting.com\/es\/producto\/here-come-the-tears\/\"]}]},{\"@type\":\"ImageObject\",\"inLanguage\":\"es\",\"@id\":\"https:\/\/wpguerssen-test.odoo.rgbconsulting.com\/es\/producto\/here-come-the-tears\/#primaryimage\",\"url\":\"https:\/\/wpguerssen-test.odoo.rgbconsulting.com\/wp-content\/uploads\/2024\/04\/47682.jpg\",\"contentUrl\":\"https:\/\/wpguerssen-test.odoo.rgbconsulting.com\/wp-content\/uploads\/2024\/04\/47682.jpg\",\"width\":567,\"height\":567},{\"@type\":\"BreadcrumbList\",\"@id\":\"https:\/\/wpguerssen-test.odoo.rgbconsulting.com\/es\/producto\/here-come-the-tears\/#breadcrumb\",\"itemListElement\":[{\"@type\":\"ListItem\",\"position\":1,\"name\":\"Inicio\",\"item\":\"https:\/\/wpguerssen-test.odoo.rgbconsulting.com\/es\/\"},{\"@type\":\"ListItem\",\"position\":2,\"name\":\"Shop\",\"item\":\"https:\/\/wpguerssen-test.odoo.rgbconsulting.com\/shop\/\"},{\"@type\":\"ListItem\",\"position\":3,\"name\":\"Here Come The Tears\"}]},{\"@type\":\"WebSite\",\"@id\":\"https:\/\/wpguerssen-test.odoo.rgbconsulting.com\/es\/#website\",\"url\":\"https:\/\/wpguerssen-test.odoo.rgbconsulting.com\/es\/\",\"name\":\"Guerssen records\",\"description\":\"psychedelia - progressive - folk - garage \",\"publisher\":{\"@id\":\"https:\/\/wpguerssen-test.odoo.rgbconsulting.com\/es\/#organization\"},\"potentialAction\":[{\"@type\":\"SearchAction\",\"target\":{\"@type\":\"EntryPoint\",\"urlTemplate\":\"https:\/\/wpguerssen-test.odoo.rgbconsulting.com\/es\/?s={search_term_string}\"},\"query-input\":{\"@type\":\"PropertyValueSpecification\",\"valueRequired\":true,\"valueName\":\"search_term_string\"}}],\"inLanguage\":\"es\"},{\"@type\":\"Organization\",\"@id\":\"https:\/\/wpguerssen-test.odoo.rgbconsulting.com\/es\/#organization\",\"name\":\"Guerssen records\",\"url\":\"https:\/\/wpguerssen-test.odoo.rgbconsulting.com\/es\/\",\"logo\":{\"@type\":\"ImageObject\",\"inLanguage\":\"es\",\"@id\":\"https:\/\/wpguerssen-test.odoo.rgbconsulting.com\/es\/#\/schema\/logo\/image\/\",\"url\":\"https:\/\/wpguerssen-test.odoo.rgbconsulting.com\/wp-content\/uploads\/2022\/04\/Logo_Guerssen_trans_100.png\",\"contentUrl\":\"https:\/\/wpguerssen-test.odoo.rgbconsulting.com\/wp-content\/uploads\/2022\/04\/Logo_Guerssen_trans_100.png\",\"width\":122,\"height\":100,\"caption\":\"Guerssen records\"},\"image\":{\"@id\":\"https:\/\/wpguerssen-test.odoo.rgbconsulting.com\/es\/#\/schema\/logo\/image\/\"}}]}<\/script>\n<!-- \/ Yoast SEO plugin. -->","yoast_head_json":{"title":"VARIOUS ARTISTS - Here Come The Tears -  (LP) | Guerssen","description":"Soul4Real continues to provide invaluable service to lovers of quality soul music from the 1960s and 1970s, with another carefully curated long-playing selection of incredible music from the enormous vaults of the Ertegun brothers and Jerry Wexler's Atlantic group of labels.Atlantic was and is still based in New York, but its repertoire came from all over the USA. In 'Here Come The Tears' you will hear music from Detroit, Miami, New Orleans, Philadelphia, Houston, Memphis and the Big Apple itself. Most of the featured artists will need no introduction - and that's how it should be, for they are all legends of black American music, regardless of how well they fared in the US charts. Some tracks are big-ticket items, others can be found on 45 at pocket-friendly prices. Four have never been issued on vinyl until now, including the Drifters' long-thought-lost version of the O'Jays' \"I Dig Your Act\" and Judy Clay's thrilling take on \"The Love Of My Man\" - written by Ed Townsend, who also produced the splendid Dee Dee Warwick track that makes its vinyl debut here.One thing that all these tracks have in common, regardless of their vinyl value, is that they are all priceless examples of soul music, from an era where every US state had its own sound, and every artist their own unique style. There is no reason to list highlights - every track is a highlight! There is also nothing generic or homogenised about anything you'll hear here - it's all coming to you straight from the heart and soul. Whether you are hearing most of these tracks for the first time or getting reacquainted with 'old friends', there's more to enjoy on this one album than there is in anything currently being issued in the name of 21st century soul.For Real...Lend us your ears - Here Come The Tears!TONY ROUNCE","robots":{"index":"index","follow":"follow","max-snippet":"max-snippet:-1","max-image-preview":"max-image-preview:large","max-video-preview":"max-video-preview:-1"},"canonical":"https:\/\/wpguerssen-test.odoo.rgbconsulting.com\/es\/producto\/here-come-the-tears\/","og_locale":"es_ES","og_type":"article","og_title":"VARIOUS ARTISTS - Here Come The Tears -  (LP) | Guerssen","og_description":"Soul4Real continues to provide invaluable service to lovers of quality soul music from the 1960s and 1970s, with another carefully curated long-playing selection of incredible music from the enormous vaults of the Ertegun brothers and Jerry Wexler's Atlantic group of labels.Atlantic was and is still based in New York, but its repertoire came from all over the USA. In 'Here Come The Tears' you will hear music from Detroit, Miami, New Orleans, Philadelphia, Houston, Memphis and the Big Apple itself. Most of the featured artists will need no introduction - and that's how it should be, for they are all legends of black American music, regardless of how well they fared in the US charts. Some tracks are big-ticket items, others can be found on 45 at pocket-friendly prices. Four have never been issued on vinyl until now, including the Drifters' long-thought-lost version of the O'Jays' \"I Dig Your Act\" and Judy Clay's thrilling take on \"The Love Of My Man\" - written by Ed Townsend, who also produced the splendid Dee Dee Warwick track that makes its vinyl debut here.One thing that all these tracks have in common, regardless of their vinyl value, is that they are all priceless examples of soul music, from an era where every US state had its own sound, and every artist their own unique style. There is no reason to list highlights - every track is a highlight! There is also nothing generic or homogenised about anything you'll hear here - it's all coming to you straight from the heart and soul. Whether you are hearing most of these tracks for the first time or getting reacquainted with 'old friends', there's more to enjoy on this one album than there is in anything currently being issued in the name of 21st century soul.For Real...Lend us your ears - Here Come The Tears!TONY ROUNCE","og_url":"https:\/\/wpguerssen-test.odoo.rgbconsulting.com\/es\/producto\/here-come-the-tears\/","og_site_name":"Guerssen records","article_modified_time":"2025-04-04T10:32:40+00:00","og_image":[{"width":567,"height":567,"url":"https:\/\/wpguerssen-test.odoo.rgbconsulting.com\/wp-content\/uploads\/2024\/04\/47682.jpg","type":"image\/jpeg"}],"twitter_card":"summary_large_image","twitter_title":"VARIOUS ARTISTS - Here Come The Tears -  (LP) | Guerssen","twitter_misc":{"Tiempo de lectura":"2 minutos"},"schema":{"@context":"https:\/\/schema.org","@graph":[{"@type":"WebPage","@id":"https:\/\/wpguerssen-test.odoo.rgbconsulting.com\/es\/producto\/here-come-the-tears\/","url":"https:\/\/wpguerssen-test.odoo.rgbconsulting.com\/es\/producto\/here-come-the-tears\/","name":"VARIOUS ARTISTS - Here Come The Tears - (LP) | Guerssen","isPartOf":{"@id":"https:\/\/wpguerssen-test.odoo.rgbconsulting.com\/es\/#website"},"primaryImageOfPage":{"@id":"https:\/\/wpguerssen-test.odoo.rgbconsulting.com\/es\/producto\/here-come-the-tears\/#primaryimage"},"image":{"@id":"https:\/\/wpguerssen-test.odoo.rgbconsulting.com\/es\/producto\/here-come-the-tears\/#primaryimage"},"thumbnailUrl":"https:\/\/wpguerssen-test.odoo.rgbconsulting.com\/wp-content\/uploads\/2024\/04\/47682.jpg","datePublished":"2021-08-23T22:00:00+00:00","dateModified":"2025-04-04T10:32:40+00:00","description":"Soul4Real continues to provide invaluable service to lovers of quality soul music from the 1960s and 1970s, with another carefully curated long-playing selection of incredible music from the enormous vaults of the Ertegun brothers and Jerry Wexler's Atlantic group of labels.Atlantic was and is still based in New York, but its repertoire came from all over the USA. In 'Here Come The Tears' you will hear music from Detroit, Miami, New Orleans, Philadelphia, Houston, Memphis and the Big Apple itself. Most of the featured artists will need no introduction - and that's how it should be, for they are all legends of black American music, regardless of how well they fared in the US charts. Some tracks are big-ticket items, others can be found on 45 at pocket-friendly prices. Four have never been issued on vinyl until now, including the Drifters' long-thought-lost version of the O'Jays' \"I Dig Your Act\" and Judy Clay's thrilling take on \"The Love Of My Man\" - written by Ed Townsend, who also produced the splendid Dee Dee Warwick track that makes its vinyl debut here.One thing that all these tracks have in common, regardless of their vinyl value, is that they are all priceless examples of soul music, from an era where every US state had its own sound, and every artist their own unique style. There is no reason to list highlights - every track is a highlight! There is also nothing generic or homogenised about anything you'll hear here - it's all coming to you straight from the heart and soul. Whether you are hearing most of these tracks for the first time or getting reacquainted with 'old friends', there's more to enjoy on this one album than there is in anything currently being issued in the name of 21st century soul.For Real...Lend us your ears - Here Come The Tears!TONY ROUNCE","breadcrumb":{"@id":"https:\/\/wpguerssen-test.odoo.rgbconsulting.com\/es\/producto\/here-come-the-tears\/#breadcrumb"},"inLanguage":"es","potentialAction":[{"@type":"ReadAction","target":["https:\/\/wpguerssen-test.odoo.rgbconsulting.com\/es\/producto\/here-come-the-tears\/"]}]},{"@type":"ImageObject","inLanguage":"es","@id":"https:\/\/wpguerssen-test.odoo.rgbconsulting.com\/es\/producto\/here-come-the-tears\/#primaryimage","url":"https:\/\/wpguerssen-test.odoo.rgbconsulting.com\/wp-content\/uploads\/2024\/04\/47682.jpg","contentUrl":"https:\/\/wpguerssen-test.odoo.rgbconsulting.com\/wp-content\/uploads\/2024\/04\/47682.jpg","width":567,"height":567},{"@type":"BreadcrumbList","@id":"https:\/\/wpguerssen-test.odoo.rgbconsulting.com\/es\/producto\/here-come-the-tears\/#breadcrumb","itemListElement":[{"@type":"ListItem","position":1,"name":"Inicio","item":"https:\/\/wpguerssen-test.odoo.rgbconsulting.com\/es\/"},{"@type":"ListItem","position":2,"name":"Shop","item":"https:\/\/wpguerssen-test.odoo.rgbconsulting.com\/shop\/"},{"@type":"ListItem","position":3,"name":"Here Come The Tears"}]},{"@type":"WebSite","@id":"https:\/\/wpguerssen-test.odoo.rgbconsulting.com\/es\/#website","url":"https:\/\/wpguerssen-test.odoo.rgbconsulting.com\/es\/","name":"Guerssen records","description":"psychedelia - progressive - folk - garage ","publisher":{"@id":"https:\/\/wpguerssen-test.odoo.rgbconsulting.com\/es\/#organization"},"potentialAction":[{"@type":"SearchAction","target":{"@type":"EntryPoint","urlTemplate":"https:\/\/wpguerssen-test.odoo.rgbconsulting.com\/es\/?s={search_term_string}"},"query-input":{"@type":"PropertyValueSpecification","valueRequired":true,"valueName":"search_term_string"}}],"inLanguage":"es"},{"@type":"Organization","@id":"https:\/\/wpguerssen-test.odoo.rgbconsulting.com\/es\/#organization","name":"Guerssen records","url":"https:\/\/wpguerssen-test.odoo.rgbconsulting.com\/es\/","logo":{"@type":"ImageObject","inLanguage":"es","@id":"https:\/\/wpguerssen-test.odoo.rgbconsulting.com\/es\/#\/schema\/logo\/image\/","url":"https:\/\/wpguerssen-test.odoo.rgbconsulting.com\/wp-content\/uploads\/2022\/04\/Logo_Guerssen_trans_100.png","contentUrl":"https:\/\/wpguerssen-test.odoo.rgbconsulting.com\/wp-content\/uploads\/2022\/04\/Logo_Guerssen_trans_100.png","width":122,"height":100,"caption":"Guerssen records"},"image":{"@id":"https:\/\/wpguerssen-test.odoo.rgbconsulting.com\/es\/#\/schema\/logo\/image\/"}}]}},"_links":{"self":[{"href":"https:\/\/wpguerssen-test.odoo.rgbconsulting.com\/es\/wp-json\/wp\/v2\/product\/266462","targetHints":{"allow":["GET"]}}],"collection":[{"href":"https:\/\/wpguerssen-test.odoo.rgbconsulting.com\/es\/wp-json\/wp\/v2\/product"}],"about":[{"href":"https:\/\/wpguerssen-test.odoo.rgbconsulting.com\/es\/wp-json\/wp\/v2\/types\/product"}],"wp:featuredmedia":[{"embeddable":true,"href":"https:\/\/wpguerssen-test.odoo.rgbconsulting.com\/es\/wp-json\/wp\/v2\/media\/266414"}],"wp:attachment":[{"href":"https:\/\/wpguerssen-test.odoo.rgbconsulting.com\/es\/wp-json\/wp\/v2\/media?parent=266462"}],"wp:term":[{"taxonomy":"product_brand","embeddable":true,"href":"https:\/\/wpguerssen-test.odoo.rgbconsulting.com\/es\/wp-json\/wp\/v2\/product_brand?post=266462"},{"taxonomy":"product_cat","embeddable":true,"href":"https:\/\/wpguerssen-test.odoo.rgbconsulting.com\/es\/wp-json\/wp\/v2\/product_cat?post=266462"},{"taxonomy":"product_tag","embeddable":true,"href":"https:\/\/wpguerssen-test.odoo.rgbconsulting.com\/es\/wp-json\/wp\/v2\/product_tag?post=266462"}],"curies":[{"name":"wp","href":"https:\/\/api.w.org\/{rel}","templated":true}]}}