{"id":266798,"date":"2024-06-28T00:00:00","date_gmt":"2024-06-27T22:00:00","guid":{"rendered":"https:\/\/wpguerssen-test.odoo.rgbconsulting.com\/product\/linter-communal\/"},"modified":"2024-10-29T16:52:42","modified_gmt":"2024-10-29T15:52:42","slug":"linter-communal","status":"publish","type":"product","link":"https:\/\/wpguerssen-test.odoo.rgbconsulting.com\/es\/producto\/linter-communal\/","title":{"rendered":"L&#8217;Inter Communal"},"content":{"rendered":"<p>La Intercommunal Free Dance Music Orchestra fue creada en 1971 por la leyenda del pianista franc\u00e9s de free jazz, Fran\u00e7ois Tusques. Free Jazz, era tambi\u00e9n el nombre de la grabaci\u00f3n de 1965 que Tusques realiz\u00f3 junto con otros Michel Portal, Fran\u00e7ois Jeanneau, Bernard Vitet, Beb Gu\u00e9rin y Charles Saudrais. Seis a\u00f1os despu\u00e9s, en 1971, Tusques se adelantar\u00eda al free jazz.<br \/>Preguntandose si el free jazz no ser\u00eda un callej\u00f3n sin salida junto con Barney Wilen (Le Nouveau Jazz) o incluso en solitario (Piano Dazibao y Dazibao Ndeg2), Tusques form\u00f3 la Intercommunal Free Dance Music Orchestra, una asociaci\u00f3n bajo cuya bandera se unir\u00edan y componer\u00edan, de manera muy sencilla, las diferentes comunidades del pa\u00eds. Si al principio la estructura estaba formada por m\u00fasicos profesionales de la escena del jazz, r\u00e1pidamente buscar\u00eda talentos en el animado mundo de la MPF (Musique Populaire Fran\u00e7aise)<br \/>Recopilaci\u00f3n de extractos de conciertos ofrecidos entre 1976 y 1978, L&#8217;Inter Communal demuestran la \u00abfunci\u00f3n social\u00bb que habitaba el free jazz y la m\u00fasica popular de la \u00e9poca convocando al cantante espa\u00f1ol Carlos Andreu junto a Michel Marre, Jo Maka, Adolf Winkler y Jean M\u00e9reu. Andreu, afirm\u00f3 Tusques, fue un griot \u00abque cre\u00f3 un nuevo g\u00e9nero de canci\u00f3n popular improvisado con nuestra m\u00fasica, a partir de los acontecimientos de la \u00e9poca\u00bb.<br \/>L&#8217;Inter Communal puede empezar las fiestas: con \u00abBlues pour Miguel Enriquez \u00ab, es primero Thelonious Monk quien es invocado en homenaje a una de las principales figuras de la revoluci\u00f3n chilena, y v\u00edctima de Pinochet. Las circunstancias pueden ser graves, pero la m\u00fasica no lo es. Los m\u00fasicos encienden una hoguera para reunir en una misma frecuencia a Francia y Espa\u00f1a, Am\u00e9rica y \u00c1frica: \u00abL&#8217;heure est \u00e0 la lutte\u00bb (La hora de luchar ha llegado ndlt), es la nueva canci\u00f3n que ofrece l&#8217;Intercommunal Free Dance Music Orchestra&#8230; \u00a1Como si hiciera falta una prueba de que su m\u00fasica sigue siendo m\u00e1s que actual!<\/p>\n","protected":false},"excerpt":{"rendered":"<p>La Intercommunal Free Dance Music Orchestra fue creada en 1971 por la leyenda del pianista franc\u00e9s de free jazz, Fran\u00e7ois Tusques. Free Jazz, era tambi\u00e9n el nombre<a class=\"read\" href=\"https:\/\/wpguerssen-test.odoo.rgbconsulting.com\/es\/producto\/linter-communal\/\"> (...)<\/a>","protected":false},"featured_media":266741,"template":"","meta":{"_acf_changed":false},"product_brand":[],"product_cat":[23218],"product_tag":[],"class_list":{"0":"post-266798","1":"product","2":"type-product","3":"status-publish","4":"has-post-thumbnail","6":"product_cat-free-jazz-es","7":"pa_artist-intercommunal-free-dance-music-orchestra","8":"pa_format-lp-es","9":"pa_gender-free-jazz","10":"pa_label-soufflecontinu","11":"pa_location-europe-es","12":"pa_other-filters-vinyl-only-es","14":"first","15":"instock","16":"taxable","17":"shipping-taxable","18":"purchasable","19":"product-type-simple"},"acf":[],"yoast_head":"<!-- This site is optimized with the Yoast SEO plugin v24.9 - https:\/\/yoast.com\/wordpress\/plugins\/seo\/ -->\n<title>INTERCOMMUNAL FREE DANCE MUSIC ORCHESTRA - L&#039;Inter Communal -  (LP) | Guerssen<\/title>\n<meta name=\"description\" content=\"The Intercommunal Free Dance Music Orchestra was created in 1971 by French free jazz pianist legend, Fran\u00e7ois Tusques. Free Jazz, was also the name of the 1965 recording Tusques made along with and other Michel Portal, Fran\u00e7ois Jeanneau, Bernard Vitet, Beb Gu\u00e9rin and Charles Saudrais. Six years later, in 1971 Tusques would go ahead of free jazz.Wondering if free jazz wasn&#039;t a bit of a dead end together with Barney Wilen (Le Nouveau Jazz) or even solo (Piano Dazibao and Dazibao Ndeg2), Tusques formed the Inter Communal Free Dance Music Orchestra, an association under the banner of which the different communities of the country would come together and compose, quite simply. If at first the structure was made up of professional musicians from the jazz scene it would rapidly seek out talent in the lively world of the MPF (Musique Populaire Fran\u00e7aise)Compiling extracts from concerts given between 1976 and 1978, L&#039;Inter Communal demonstrate the &quot;social function&quot; which inhabited free jazz and popular music at the time calling upon Spanish singer Carlos Andreu along with Michel Marre, Jo Maka, Adolf Winkler and Jean M\u00e9reu. Andreu, claimed Tusques, was a griot &quot;who created of new genre of popular song improvised with our music, based on events going on at the time&quot;.L&#039;Inter Communal can start the festivities: on &quot;Blues pour Miguel Enriquez&quot;, it is first Thelonious Monk who is invoked in an homage to one of the leading figures of the Chilean revolution, and a victim of Pinochet. The circumstances may be serious, the music, though, is not. The musicians light a bonfire to bring together on the same frequency France and Spain, the Americas and Africa: &quot;L&#039;heure est \u00e0 la lutte&quot; (the time to fight is here ndlt), is the new song offered by the l&#039;Intercommunal Free Dance Music Orchestra... As if proof were needed that their music is still more than timely!\" \/>\n<meta name=\"robots\" content=\"index, follow, max-snippet:-1, max-image-preview:large, max-video-preview:-1\" \/>\n<link rel=\"canonical\" href=\"https:\/\/wpguerssen-test.odoo.rgbconsulting.com\/es\/producto\/linter-communal\/\" \/>\n<meta property=\"og:locale\" content=\"es_ES\" \/>\n<meta property=\"og:type\" content=\"article\" \/>\n<meta property=\"og:title\" content=\"INTERCOMMUNAL FREE DANCE MUSIC ORCHESTRA - L&#039;Inter Communal -  (LP) | Guerssen\" \/>\n<meta property=\"og:description\" content=\"The Intercommunal Free Dance Music Orchestra was created in 1971 by French free jazz pianist legend, Fran\u00e7ois Tusques. Free Jazz, was also the name of the 1965 recording Tusques made along with and other Michel Portal, Fran\u00e7ois Jeanneau, Bernard Vitet, Beb Gu\u00e9rin and Charles Saudrais. Six years later, in 1971 Tusques would go ahead of free jazz.Wondering if free jazz wasn&#039;t a bit of a dead end together with Barney Wilen (Le Nouveau Jazz) or even solo (Piano Dazibao and Dazibao Ndeg2), Tusques formed the Inter Communal Free Dance Music Orchestra, an association under the banner of which the different communities of the country would come together and compose, quite simply. If at first the structure was made up of professional musicians from the jazz scene it would rapidly seek out talent in the lively world of the MPF (Musique Populaire Fran\u00e7aise)Compiling extracts from concerts given between 1976 and 1978, L&#039;Inter Communal demonstrate the &quot;social function&quot; which inhabited free jazz and popular music at the time calling upon Spanish singer Carlos Andreu along with Michel Marre, Jo Maka, Adolf Winkler and Jean M\u00e9reu. Andreu, claimed Tusques, was a griot &quot;who created of new genre of popular song improvised with our music, based on events going on at the time&quot;.L&#039;Inter Communal can start the festivities: on &quot;Blues pour Miguel Enriquez&quot;, it is first Thelonious Monk who is invoked in an homage to one of the leading figures of the Chilean revolution, and a victim of Pinochet. The circumstances may be serious, the music, though, is not. The musicians light a bonfire to bring together on the same frequency France and Spain, the Americas and Africa: &quot;L&#039;heure est \u00e0 la lutte&quot; (the time to fight is here ndlt), is the new song offered by the l&#039;Intercommunal Free Dance Music Orchestra... As if proof were needed that their music is still more than timely!\" \/>\n<meta property=\"og:url\" content=\"https:\/\/wpguerssen-test.odoo.rgbconsulting.com\/es\/producto\/linter-communal\/\" \/>\n<meta property=\"og:site_name\" content=\"Guerssen records\" \/>\n<meta property=\"article:modified_time\" content=\"2024-10-29T15:52:42+00:00\" \/>\n<meta property=\"og:image\" content=\"https:\/\/wpguerssen-test.odoo.rgbconsulting.com\/wp-content\/uploads\/2024\/05\/47686-scaled.jpg\" \/>\n\t<meta property=\"og:image:width\" content=\"2560\" \/>\n\t<meta property=\"og:image:height\" content=\"2560\" \/>\n\t<meta property=\"og:image:type\" content=\"image\/jpeg\" \/>\n<meta name=\"twitter:card\" content=\"summary_large_image\" \/>\n<meta name=\"twitter:title\" content=\"INTERCOMMUNAL FREE DANCE MUSIC ORCHESTRA - L&#039;Inter Communal -  (LP) | Guerssen\" \/>\n<meta name=\"twitter:label1\" content=\"Tiempo de lectura\" \/>\n\t<meta name=\"twitter:data1\" content=\"2 minutos\" \/>\n<script type=\"application\/ld+json\" class=\"yoast-schema-graph\">{\"@context\":\"https:\/\/schema.org\",\"@graph\":[{\"@type\":\"WebPage\",\"@id\":\"https:\/\/wpguerssen-test.odoo.rgbconsulting.com\/es\/producto\/linter-communal\/\",\"url\":\"https:\/\/wpguerssen-test.odoo.rgbconsulting.com\/es\/producto\/linter-communal\/\",\"name\":\"INTERCOMMUNAL FREE DANCE MUSIC ORCHESTRA - L'Inter Communal - (LP) | Guerssen\",\"isPartOf\":{\"@id\":\"https:\/\/wpguerssen-test.odoo.rgbconsulting.com\/es\/#website\"},\"primaryImageOfPage\":{\"@id\":\"https:\/\/wpguerssen-test.odoo.rgbconsulting.com\/es\/producto\/linter-communal\/#primaryimage\"},\"image\":{\"@id\":\"https:\/\/wpguerssen-test.odoo.rgbconsulting.com\/es\/producto\/linter-communal\/#primaryimage\"},\"thumbnailUrl\":\"https:\/\/wpguerssen-test.odoo.rgbconsulting.com\/wp-content\/uploads\/2024\/05\/47686-scaled.jpg\",\"datePublished\":\"2024-06-27T22:00:00+00:00\",\"dateModified\":\"2024-10-29T15:52:42+00:00\",\"description\":\"The Intercommunal Free Dance Music Orchestra was created in 1971 by French free jazz pianist legend, Fran\u00e7ois Tusques. Free Jazz, was also the name of the 1965 recording Tusques made along with and other Michel Portal, Fran\u00e7ois Jeanneau, Bernard Vitet, Beb Gu\u00e9rin and Charles Saudrais. Six years later, in 1971 Tusques would go ahead of free jazz.Wondering if free jazz wasn't a bit of a dead end together with Barney Wilen (Le Nouveau Jazz) or even solo (Piano Dazibao and Dazibao Ndeg2), Tusques formed the Inter Communal Free Dance Music Orchestra, an association under the banner of which the different communities of the country would come together and compose, quite simply. If at first the structure was made up of professional musicians from the jazz scene it would rapidly seek out talent in the lively world of the MPF (Musique Populaire Fran\u00e7aise)Compiling extracts from concerts given between 1976 and 1978, L'Inter Communal demonstrate the \\\"social function\\\" which inhabited free jazz and popular music at the time calling upon Spanish singer Carlos Andreu along with Michel Marre, Jo Maka, Adolf Winkler and Jean M\u00e9reu. Andreu, claimed Tusques, was a griot \\\"who created of new genre of popular song improvised with our music, based on events going on at the time\\\".L'Inter Communal can start the festivities: on \\\"Blues pour Miguel Enriquez\\\", it is first Thelonious Monk who is invoked in an homage to one of the leading figures of the Chilean revolution, and a victim of Pinochet. The circumstances may be serious, the music, though, is not. The musicians light a bonfire to bring together on the same frequency France and Spain, the Americas and Africa: \\\"L'heure est \u00e0 la lutte\\\" (the time to fight is here ndlt), is the new song offered by the l'Intercommunal Free Dance Music Orchestra... As if proof were needed that their music is still more than timely!\",\"breadcrumb\":{\"@id\":\"https:\/\/wpguerssen-test.odoo.rgbconsulting.com\/es\/producto\/linter-communal\/#breadcrumb\"},\"inLanguage\":\"es\",\"potentialAction\":[{\"@type\":\"ReadAction\",\"target\":[\"https:\/\/wpguerssen-test.odoo.rgbconsulting.com\/es\/producto\/linter-communal\/\"]}]},{\"@type\":\"ImageObject\",\"inLanguage\":\"es\",\"@id\":\"https:\/\/wpguerssen-test.odoo.rgbconsulting.com\/es\/producto\/linter-communal\/#primaryimage\",\"url\":\"https:\/\/wpguerssen-test.odoo.rgbconsulting.com\/wp-content\/uploads\/2024\/05\/47686-scaled.jpg\",\"contentUrl\":\"https:\/\/wpguerssen-test.odoo.rgbconsulting.com\/wp-content\/uploads\/2024\/05\/47686-scaled.jpg\",\"width\":2560,\"height\":2560},{\"@type\":\"BreadcrumbList\",\"@id\":\"https:\/\/wpguerssen-test.odoo.rgbconsulting.com\/es\/producto\/linter-communal\/#breadcrumb\",\"itemListElement\":[{\"@type\":\"ListItem\",\"position\":1,\"name\":\"Inicio\",\"item\":\"https:\/\/wpguerssen-test.odoo.rgbconsulting.com\/es\/\"},{\"@type\":\"ListItem\",\"position\":2,\"name\":\"Shop\",\"item\":\"https:\/\/wpguerssen-test.odoo.rgbconsulting.com\/shop\/\"},{\"@type\":\"ListItem\",\"position\":3,\"name\":\"L&#8217;Inter Communal\"}]},{\"@type\":\"WebSite\",\"@id\":\"https:\/\/wpguerssen-test.odoo.rgbconsulting.com\/es\/#website\",\"url\":\"https:\/\/wpguerssen-test.odoo.rgbconsulting.com\/es\/\",\"name\":\"Guerssen records\",\"description\":\"psychedelia - progressive - folk - garage \",\"publisher\":{\"@id\":\"https:\/\/wpguerssen-test.odoo.rgbconsulting.com\/es\/#organization\"},\"potentialAction\":[{\"@type\":\"SearchAction\",\"target\":{\"@type\":\"EntryPoint\",\"urlTemplate\":\"https:\/\/wpguerssen-test.odoo.rgbconsulting.com\/es\/?s={search_term_string}\"},\"query-input\":{\"@type\":\"PropertyValueSpecification\",\"valueRequired\":true,\"valueName\":\"search_term_string\"}}],\"inLanguage\":\"es\"},{\"@type\":\"Organization\",\"@id\":\"https:\/\/wpguerssen-test.odoo.rgbconsulting.com\/es\/#organization\",\"name\":\"Guerssen records\",\"url\":\"https:\/\/wpguerssen-test.odoo.rgbconsulting.com\/es\/\",\"logo\":{\"@type\":\"ImageObject\",\"inLanguage\":\"es\",\"@id\":\"https:\/\/wpguerssen-test.odoo.rgbconsulting.com\/es\/#\/schema\/logo\/image\/\",\"url\":\"https:\/\/wpguerssen-test.odoo.rgbconsulting.com\/wp-content\/uploads\/2022\/04\/Logo_Guerssen_trans_100.png\",\"contentUrl\":\"https:\/\/wpguerssen-test.odoo.rgbconsulting.com\/wp-content\/uploads\/2022\/04\/Logo_Guerssen_trans_100.png\",\"width\":122,\"height\":100,\"caption\":\"Guerssen records\"},\"image\":{\"@id\":\"https:\/\/wpguerssen-test.odoo.rgbconsulting.com\/es\/#\/schema\/logo\/image\/\"}}]}<\/script>\n<!-- \/ Yoast SEO plugin. -->","yoast_head_json":{"title":"INTERCOMMUNAL FREE DANCE MUSIC ORCHESTRA - L'Inter Communal -  (LP) | Guerssen","description":"The Intercommunal Free Dance Music Orchestra was created in 1971 by French free jazz pianist legend, Fran\u00e7ois Tusques. Free Jazz, was also the name of the 1965 recording Tusques made along with and other Michel Portal, Fran\u00e7ois Jeanneau, Bernard Vitet, Beb Gu\u00e9rin and Charles Saudrais. Six years later, in 1971 Tusques would go ahead of free jazz.Wondering if free jazz wasn't a bit of a dead end together with Barney Wilen (Le Nouveau Jazz) or even solo (Piano Dazibao and Dazibao Ndeg2), Tusques formed the Inter Communal Free Dance Music Orchestra, an association under the banner of which the different communities of the country would come together and compose, quite simply. If at first the structure was made up of professional musicians from the jazz scene it would rapidly seek out talent in the lively world of the MPF (Musique Populaire Fran\u00e7aise)Compiling extracts from concerts given between 1976 and 1978, L'Inter Communal demonstrate the \"social function\" which inhabited free jazz and popular music at the time calling upon Spanish singer Carlos Andreu along with Michel Marre, Jo Maka, Adolf Winkler and Jean M\u00e9reu. Andreu, claimed Tusques, was a griot \"who created of new genre of popular song improvised with our music, based on events going on at the time\".L'Inter Communal can start the festivities: on \"Blues pour Miguel Enriquez\", it is first Thelonious Monk who is invoked in an homage to one of the leading figures of the Chilean revolution, and a victim of Pinochet. The circumstances may be serious, the music, though, is not. The musicians light a bonfire to bring together on the same frequency France and Spain, the Americas and Africa: \"L'heure est \u00e0 la lutte\" (the time to fight is here ndlt), is the new song offered by the l'Intercommunal Free Dance Music Orchestra... As if proof were needed that their music is still more than timely!","robots":{"index":"index","follow":"follow","max-snippet":"max-snippet:-1","max-image-preview":"max-image-preview:large","max-video-preview":"max-video-preview:-1"},"canonical":"https:\/\/wpguerssen-test.odoo.rgbconsulting.com\/es\/producto\/linter-communal\/","og_locale":"es_ES","og_type":"article","og_title":"INTERCOMMUNAL FREE DANCE MUSIC ORCHESTRA - L'Inter Communal -  (LP) | Guerssen","og_description":"The Intercommunal Free Dance Music Orchestra was created in 1971 by French free jazz pianist legend, Fran\u00e7ois Tusques. Free Jazz, was also the name of the 1965 recording Tusques made along with and other Michel Portal, Fran\u00e7ois Jeanneau, Bernard Vitet, Beb Gu\u00e9rin and Charles Saudrais. Six years later, in 1971 Tusques would go ahead of free jazz.Wondering if free jazz wasn't a bit of a dead end together with Barney Wilen (Le Nouveau Jazz) or even solo (Piano Dazibao and Dazibao Ndeg2), Tusques formed the Inter Communal Free Dance Music Orchestra, an association under the banner of which the different communities of the country would come together and compose, quite simply. If at first the structure was made up of professional musicians from the jazz scene it would rapidly seek out talent in the lively world of the MPF (Musique Populaire Fran\u00e7aise)Compiling extracts from concerts given between 1976 and 1978, L'Inter Communal demonstrate the \"social function\" which inhabited free jazz and popular music at the time calling upon Spanish singer Carlos Andreu along with Michel Marre, Jo Maka, Adolf Winkler and Jean M\u00e9reu. Andreu, claimed Tusques, was a griot \"who created of new genre of popular song improvised with our music, based on events going on at the time\".L'Inter Communal can start the festivities: on \"Blues pour Miguel Enriquez\", it is first Thelonious Monk who is invoked in an homage to one of the leading figures of the Chilean revolution, and a victim of Pinochet. The circumstances may be serious, the music, though, is not. The musicians light a bonfire to bring together on the same frequency France and Spain, the Americas and Africa: \"L'heure est \u00e0 la lutte\" (the time to fight is here ndlt), is the new song offered by the l'Intercommunal Free Dance Music Orchestra... As if proof were needed that their music is still more than timely!","og_url":"https:\/\/wpguerssen-test.odoo.rgbconsulting.com\/es\/producto\/linter-communal\/","og_site_name":"Guerssen records","article_modified_time":"2024-10-29T15:52:42+00:00","og_image":[{"width":2560,"height":2560,"url":"https:\/\/wpguerssen-test.odoo.rgbconsulting.com\/wp-content\/uploads\/2024\/05\/47686-scaled.jpg","type":"image\/jpeg"}],"twitter_card":"summary_large_image","twitter_title":"INTERCOMMUNAL FREE DANCE MUSIC ORCHESTRA - L'Inter Communal -  (LP) | Guerssen","twitter_misc":{"Tiempo de lectura":"2 minutos"},"schema":{"@context":"https:\/\/schema.org","@graph":[{"@type":"WebPage","@id":"https:\/\/wpguerssen-test.odoo.rgbconsulting.com\/es\/producto\/linter-communal\/","url":"https:\/\/wpguerssen-test.odoo.rgbconsulting.com\/es\/producto\/linter-communal\/","name":"INTERCOMMUNAL FREE DANCE MUSIC ORCHESTRA - L'Inter Communal - (LP) | Guerssen","isPartOf":{"@id":"https:\/\/wpguerssen-test.odoo.rgbconsulting.com\/es\/#website"},"primaryImageOfPage":{"@id":"https:\/\/wpguerssen-test.odoo.rgbconsulting.com\/es\/producto\/linter-communal\/#primaryimage"},"image":{"@id":"https:\/\/wpguerssen-test.odoo.rgbconsulting.com\/es\/producto\/linter-communal\/#primaryimage"},"thumbnailUrl":"https:\/\/wpguerssen-test.odoo.rgbconsulting.com\/wp-content\/uploads\/2024\/05\/47686-scaled.jpg","datePublished":"2024-06-27T22:00:00+00:00","dateModified":"2024-10-29T15:52:42+00:00","description":"The Intercommunal Free Dance Music Orchestra was created in 1971 by French free jazz pianist legend, Fran\u00e7ois Tusques. Free Jazz, was also the name of the 1965 recording Tusques made along with and other Michel Portal, Fran\u00e7ois Jeanneau, Bernard Vitet, Beb Gu\u00e9rin and Charles Saudrais. Six years later, in 1971 Tusques would go ahead of free jazz.Wondering if free jazz wasn't a bit of a dead end together with Barney Wilen (Le Nouveau Jazz) or even solo (Piano Dazibao and Dazibao Ndeg2), Tusques formed the Inter Communal Free Dance Music Orchestra, an association under the banner of which the different communities of the country would come together and compose, quite simply. If at first the structure was made up of professional musicians from the jazz scene it would rapidly seek out talent in the lively world of the MPF (Musique Populaire Fran\u00e7aise)Compiling extracts from concerts given between 1976 and 1978, L'Inter Communal demonstrate the \"social function\" which inhabited free jazz and popular music at the time calling upon Spanish singer Carlos Andreu along with Michel Marre, Jo Maka, Adolf Winkler and Jean M\u00e9reu. Andreu, claimed Tusques, was a griot \"who created of new genre of popular song improvised with our music, based on events going on at the time\".L'Inter Communal can start the festivities: on \"Blues pour Miguel Enriquez\", it is first Thelonious Monk who is invoked in an homage to one of the leading figures of the Chilean revolution, and a victim of Pinochet. The circumstances may be serious, the music, though, is not. The musicians light a bonfire to bring together on the same frequency France and Spain, the Americas and Africa: \"L'heure est \u00e0 la lutte\" (the time to fight is here ndlt), is the new song offered by the l'Intercommunal Free Dance Music Orchestra... As if proof were needed that their music is still more than timely!","breadcrumb":{"@id":"https:\/\/wpguerssen-test.odoo.rgbconsulting.com\/es\/producto\/linter-communal\/#breadcrumb"},"inLanguage":"es","potentialAction":[{"@type":"ReadAction","target":["https:\/\/wpguerssen-test.odoo.rgbconsulting.com\/es\/producto\/linter-communal\/"]}]},{"@type":"ImageObject","inLanguage":"es","@id":"https:\/\/wpguerssen-test.odoo.rgbconsulting.com\/es\/producto\/linter-communal\/#primaryimage","url":"https:\/\/wpguerssen-test.odoo.rgbconsulting.com\/wp-content\/uploads\/2024\/05\/47686-scaled.jpg","contentUrl":"https:\/\/wpguerssen-test.odoo.rgbconsulting.com\/wp-content\/uploads\/2024\/05\/47686-scaled.jpg","width":2560,"height":2560},{"@type":"BreadcrumbList","@id":"https:\/\/wpguerssen-test.odoo.rgbconsulting.com\/es\/producto\/linter-communal\/#breadcrumb","itemListElement":[{"@type":"ListItem","position":1,"name":"Inicio","item":"https:\/\/wpguerssen-test.odoo.rgbconsulting.com\/es\/"},{"@type":"ListItem","position":2,"name":"Shop","item":"https:\/\/wpguerssen-test.odoo.rgbconsulting.com\/shop\/"},{"@type":"ListItem","position":3,"name":"L&#8217;Inter Communal"}]},{"@type":"WebSite","@id":"https:\/\/wpguerssen-test.odoo.rgbconsulting.com\/es\/#website","url":"https:\/\/wpguerssen-test.odoo.rgbconsulting.com\/es\/","name":"Guerssen records","description":"psychedelia - progressive - folk - garage ","publisher":{"@id":"https:\/\/wpguerssen-test.odoo.rgbconsulting.com\/es\/#organization"},"potentialAction":[{"@type":"SearchAction","target":{"@type":"EntryPoint","urlTemplate":"https:\/\/wpguerssen-test.odoo.rgbconsulting.com\/es\/?s={search_term_string}"},"query-input":{"@type":"PropertyValueSpecification","valueRequired":true,"valueName":"search_term_string"}}],"inLanguage":"es"},{"@type":"Organization","@id":"https:\/\/wpguerssen-test.odoo.rgbconsulting.com\/es\/#organization","name":"Guerssen records","url":"https:\/\/wpguerssen-test.odoo.rgbconsulting.com\/es\/","logo":{"@type":"ImageObject","inLanguage":"es","@id":"https:\/\/wpguerssen-test.odoo.rgbconsulting.com\/es\/#\/schema\/logo\/image\/","url":"https:\/\/wpguerssen-test.odoo.rgbconsulting.com\/wp-content\/uploads\/2022\/04\/Logo_Guerssen_trans_100.png","contentUrl":"https:\/\/wpguerssen-test.odoo.rgbconsulting.com\/wp-content\/uploads\/2022\/04\/Logo_Guerssen_trans_100.png","width":122,"height":100,"caption":"Guerssen records"},"image":{"@id":"https:\/\/wpguerssen-test.odoo.rgbconsulting.com\/es\/#\/schema\/logo\/image\/"}}]}},"_links":{"self":[{"href":"https:\/\/wpguerssen-test.odoo.rgbconsulting.com\/es\/wp-json\/wp\/v2\/product\/266798","targetHints":{"allow":["GET"]}}],"collection":[{"href":"https:\/\/wpguerssen-test.odoo.rgbconsulting.com\/es\/wp-json\/wp\/v2\/product"}],"about":[{"href":"https:\/\/wpguerssen-test.odoo.rgbconsulting.com\/es\/wp-json\/wp\/v2\/types\/product"}],"wp:featuredmedia":[{"embeddable":true,"href":"https:\/\/wpguerssen-test.odoo.rgbconsulting.com\/es\/wp-json\/wp\/v2\/media\/266741"}],"wp:attachment":[{"href":"https:\/\/wpguerssen-test.odoo.rgbconsulting.com\/es\/wp-json\/wp\/v2\/media?parent=266798"}],"wp:term":[{"taxonomy":"product_brand","embeddable":true,"href":"https:\/\/wpguerssen-test.odoo.rgbconsulting.com\/es\/wp-json\/wp\/v2\/product_brand?post=266798"},{"taxonomy":"product_cat","embeddable":true,"href":"https:\/\/wpguerssen-test.odoo.rgbconsulting.com\/es\/wp-json\/wp\/v2\/product_cat?post=266798"},{"taxonomy":"product_tag","embeddable":true,"href":"https:\/\/wpguerssen-test.odoo.rgbconsulting.com\/es\/wp-json\/wp\/v2\/product_tag?post=266798"}],"curies":[{"name":"wp","href":"https:\/\/api.w.org\/{rel}","templated":true}]}}