{"id":267382,"date":"2024-09-10T00:00:00","date_gmt":"2024-09-09T22:00:00","guid":{"rendered":"https:\/\/wpguerssen-test.odoo.rgbconsulting.com\/product\/confessione-di-un-commissario-di-polizia-al-procur\/"},"modified":"2025-03-03T16:04:55","modified_gmt":"2025-03-03T15:04:55","slug":"confessione-di-un-commissario-di-polizia-al-procur","status":"publish","type":"product","link":"https:\/\/wpguerssen-test.odoo.rgbconsulting.com\/es\/producto\/confessione-di-un-commissario-di-polizia-al-procur\/","title":{"rendered":"Confessione Di Un Commissario Di Polizia Al Procur"},"content":{"rendered":"<p>Por primera vez en 7\u00bb, los dos temas m\u00e1s divertidos de la banda sonora compuesta por Riz Ortolani para \u00abConfessione di un commissario di polizia al procuratore della Repubblica\u00bb (tambi\u00e9n conocido como \u00abConfesiones de un capit\u00e1n de polic\u00eda\u00bb), el famoso drama criminal de 1971 de Damiano Damiani, protagonizada por Franco Nero en la cima de su carrera.<br \/>En la cara A, \u00abSerena e Lomunno\u00bb es un hechizo de jazz interpretado por un cuarteto excepcional, lamentablemente no acreditado, compuesto por bajo, guitarra el\u00e9ctrica, bater\u00eda y piano. En la cara B, el cuarteto se reduce a tr\u00edo (sacrificando el piano) para dar vida a \u00abIl ricordo di Serena\u00bb, sin perder nada de la esencia r\u00edtmica infundida en el tema anterior.<br \/>En ambos casos, la estructura de las piezas est\u00e1 enteramente respaldado por la perfecta interacci\u00f3n del bajo y la bater\u00eda, con timbres particularmente llamativos y agudos, complementados por la guitarra el\u00e9ctrica y el piano con sus refinados fraseos.<br \/>\u00bfEl resultado? Una sucesi\u00f3n de irresistibles y elegantes breaks de jazz-funk, pr\u00e1cticamente hechos a medida para el sampleo.<br \/>Se trata de una incorporaci\u00f3n imprescindible a la serie de 45 que Four Flies dedica a las mejores producciones de bibliotecas y bandas sonoras del siglo de oro italiano. \u00a1Imprescindible para cualquier buscador de sonido italiano serio!<\/p>\n","protected":false},"excerpt":{"rendered":"<p>Por primera vez en 7\u00bb, los dos temas m\u00e1s divertidos de la banda sonora compuesta por Riz Ortolani para \u00abConfessione di un commissario di polizia al procuratore<a class=\"read\" href=\"https:\/\/wpguerssen-test.odoo.rgbconsulting.com\/es\/producto\/confessione-di-un-commissario-di-polizia-al-procur\/\"> (...)<\/a>","protected":false},"featured_media":267365,"template":"","meta":{"_acf_changed":false},"product_brand":[],"product_cat":[21641],"product_tag":[],"class_list":{"0":"post-267382","1":"product","2":"type-product","3":"status-publish","4":"has-post-thumbnail","6":"product_cat-soundtracks-es","7":"pa_artist-ortolani-riz-es-2","8":"pa_format-7-es","9":"pa_gender-soundtracks","10":"pa_label-four-flies","11":"pa_location-europe-es","12":"pa_other-filters-vinyl-only-es","14":"first","15":"instock","16":"taxable","17":"shipping-taxable","18":"purchasable","19":"product-type-simple"},"acf":[],"yoast_head":"<!-- This site is optimized with the Yoast SEO plugin v24.9 - https:\/\/yoast.com\/wordpress\/plugins\/seo\/ -->\n<title>ORTOLANI, Riz - Confessione Di Un Commissario Di Polizia Al Procur -  (7&quot;) | Guerssen<\/title>\n<meta name=\"description\" content=\"For the first time on 7&#039;&#039;, the two grooviest tracks from the soundtrack composed by Riz Ortolani for &quot;Confessione di un commissario di polizia al procuratore della Repubblica&quot; (aka, &quot;Confessions of a Police Captain&quot;), the renowned 1971 crime drama by Damiano Damiani, starring Franco Nero at the peak of his career.On Side A, &quot;Serena e Lomunno&quot; is a jazzy spell performed by an exceptional quartet - unfortunately uncredited - consisting of bass, electric guitar, drums, and piano. On Side B, the quartet reduces to a trio (sacrificing the piano) to give life to &quot;Il ricordo di Serena,&quot; without losing any of the rhythmic essence infused in the previous track.In both cases, the pieces&#039; structure is entirely supported by the perfect interplay of bass and drums, with particularly striking and sharp timbres, complemented by electric guitar and piano with their refined phrasings.The result? A succession of irresistible and elegant jazz-funk breaks, practically tailor-made for sampling.This is an essential addition to the series of 45s that Four Flies is dedicating to the best Italian golden age soundtrack and library productions. A must-have for any serious Italian sound digger!\" \/>\n<meta name=\"robots\" content=\"index, follow, max-snippet:-1, max-image-preview:large, max-video-preview:-1\" \/>\n<link rel=\"canonical\" href=\"https:\/\/wpguerssen-test.odoo.rgbconsulting.com\/es\/producto\/confessione-di-un-commissario-di-polizia-al-procur\/\" \/>\n<meta property=\"og:locale\" content=\"es_ES\" \/>\n<meta property=\"og:type\" content=\"article\" \/>\n<meta property=\"og:title\" content=\"ORTOLANI, Riz - Confessione Di Un Commissario Di Polizia Al Procur -  (7&quot;) | Guerssen\" \/>\n<meta property=\"og:description\" content=\"For the first time on 7&#039;&#039;, the two grooviest tracks from the soundtrack composed by Riz Ortolani for &quot;Confessione di un commissario di polizia al procuratore della Repubblica&quot; (aka, &quot;Confessions of a Police Captain&quot;), the renowned 1971 crime drama by Damiano Damiani, starring Franco Nero at the peak of his career.On Side A, &quot;Serena e Lomunno&quot; is a jazzy spell performed by an exceptional quartet - unfortunately uncredited - consisting of bass, electric guitar, drums, and piano. On Side B, the quartet reduces to a trio (sacrificing the piano) to give life to &quot;Il ricordo di Serena,&quot; without losing any of the rhythmic essence infused in the previous track.In both cases, the pieces&#039; structure is entirely supported by the perfect interplay of bass and drums, with particularly striking and sharp timbres, complemented by electric guitar and piano with their refined phrasings.The result? A succession of irresistible and elegant jazz-funk breaks, practically tailor-made for sampling.This is an essential addition to the series of 45s that Four Flies is dedicating to the best Italian golden age soundtrack and library productions. A must-have for any serious Italian sound digger!\" \/>\n<meta property=\"og:url\" content=\"https:\/\/wpguerssen-test.odoo.rgbconsulting.com\/es\/producto\/confessione-di-un-commissario-di-polizia-al-procur\/\" \/>\n<meta property=\"og:site_name\" content=\"Guerssen records\" \/>\n<meta property=\"article:modified_time\" content=\"2025-03-03T15:04:55+00:00\" \/>\n<meta property=\"og:image\" content=\"https:\/\/wpguerssen-test.odoo.rgbconsulting.com\/wp-content\/uploads\/2024\/05\/47847-scaled.jpg\" \/>\n\t<meta property=\"og:image:width\" content=\"2560\" \/>\n\t<meta property=\"og:image:height\" content=\"2560\" \/>\n\t<meta property=\"og:image:type\" content=\"image\/jpeg\" \/>\n<meta name=\"twitter:card\" content=\"summary_large_image\" \/>\n<meta name=\"twitter:title\" content=\"ORTOLANI, Riz - Confessione Di Un Commissario Di Polizia Al Procur -  (7&quot;) | Guerssen\" \/>\n<meta name=\"twitter:label1\" content=\"Tiempo de lectura\" \/>\n\t<meta name=\"twitter:data1\" content=\"1 minuto\" \/>\n<script type=\"application\/ld+json\" class=\"yoast-schema-graph\">{\"@context\":\"https:\/\/schema.org\",\"@graph\":[{\"@type\":\"WebPage\",\"@id\":\"https:\/\/wpguerssen-test.odoo.rgbconsulting.com\/es\/producto\/confessione-di-un-commissario-di-polizia-al-procur\/\",\"url\":\"https:\/\/wpguerssen-test.odoo.rgbconsulting.com\/es\/producto\/confessione-di-un-commissario-di-polizia-al-procur\/\",\"name\":\"ORTOLANI, Riz - Confessione Di Un Commissario Di Polizia Al Procur - (7\\\") | Guerssen\",\"isPartOf\":{\"@id\":\"https:\/\/wpguerssen-test.odoo.rgbconsulting.com\/es\/#website\"},\"primaryImageOfPage\":{\"@id\":\"https:\/\/wpguerssen-test.odoo.rgbconsulting.com\/es\/producto\/confessione-di-un-commissario-di-polizia-al-procur\/#primaryimage\"},\"image\":{\"@id\":\"https:\/\/wpguerssen-test.odoo.rgbconsulting.com\/es\/producto\/confessione-di-un-commissario-di-polizia-al-procur\/#primaryimage\"},\"thumbnailUrl\":\"https:\/\/wpguerssen-test.odoo.rgbconsulting.com\/wp-content\/uploads\/2024\/05\/47847-scaled.jpg\",\"datePublished\":\"2024-09-09T22:00:00+00:00\",\"dateModified\":\"2025-03-03T15:04:55+00:00\",\"description\":\"For the first time on 7'', the two grooviest tracks from the soundtrack composed by Riz Ortolani for \\\"Confessione di un commissario di polizia al procuratore della Repubblica\\\" (aka, \\\"Confessions of a Police Captain\\\"), the renowned 1971 crime drama by Damiano Damiani, starring Franco Nero at the peak of his career.On Side A, \\\"Serena e Lomunno\\\" is a jazzy spell performed by an exceptional quartet - unfortunately uncredited - consisting of bass, electric guitar, drums, and piano. On Side B, the quartet reduces to a trio (sacrificing the piano) to give life to \\\"Il ricordo di Serena,\\\" without losing any of the rhythmic essence infused in the previous track.In both cases, the pieces' structure is entirely supported by the perfect interplay of bass and drums, with particularly striking and sharp timbres, complemented by electric guitar and piano with their refined phrasings.The result? A succession of irresistible and elegant jazz-funk breaks, practically tailor-made for sampling.This is an essential addition to the series of 45s that Four Flies is dedicating to the best Italian golden age soundtrack and library productions. A must-have for any serious Italian sound digger!\",\"breadcrumb\":{\"@id\":\"https:\/\/wpguerssen-test.odoo.rgbconsulting.com\/es\/producto\/confessione-di-un-commissario-di-polizia-al-procur\/#breadcrumb\"},\"inLanguage\":\"es\",\"potentialAction\":[{\"@type\":\"ReadAction\",\"target\":[\"https:\/\/wpguerssen-test.odoo.rgbconsulting.com\/es\/producto\/confessione-di-un-commissario-di-polizia-al-procur\/\"]}]},{\"@type\":\"ImageObject\",\"inLanguage\":\"es\",\"@id\":\"https:\/\/wpguerssen-test.odoo.rgbconsulting.com\/es\/producto\/confessione-di-un-commissario-di-polizia-al-procur\/#primaryimage\",\"url\":\"https:\/\/wpguerssen-test.odoo.rgbconsulting.com\/wp-content\/uploads\/2024\/05\/47847-scaled.jpg\",\"contentUrl\":\"https:\/\/wpguerssen-test.odoo.rgbconsulting.com\/wp-content\/uploads\/2024\/05\/47847-scaled.jpg\",\"width\":2560,\"height\":2560,\"caption\":\"Riz - Confessione Di Un Commissario Di Polizia Al Procur - FOUR FLIES (7\\\") | Guerssen\"},{\"@type\":\"BreadcrumbList\",\"@id\":\"https:\/\/wpguerssen-test.odoo.rgbconsulting.com\/es\/producto\/confessione-di-un-commissario-di-polizia-al-procur\/#breadcrumb\",\"itemListElement\":[{\"@type\":\"ListItem\",\"position\":1,\"name\":\"Inicio\",\"item\":\"https:\/\/wpguerssen-test.odoo.rgbconsulting.com\/es\/\"},{\"@type\":\"ListItem\",\"position\":2,\"name\":\"Shop\",\"item\":\"https:\/\/wpguerssen-test.odoo.rgbconsulting.com\/shop\/\"},{\"@type\":\"ListItem\",\"position\":3,\"name\":\"Confessione Di Un Commissario Di Polizia Al Procur\"}]},{\"@type\":\"WebSite\",\"@id\":\"https:\/\/wpguerssen-test.odoo.rgbconsulting.com\/es\/#website\",\"url\":\"https:\/\/wpguerssen-test.odoo.rgbconsulting.com\/es\/\",\"name\":\"Guerssen records\",\"description\":\"psychedelia - progressive - folk - garage \",\"publisher\":{\"@id\":\"https:\/\/wpguerssen-test.odoo.rgbconsulting.com\/es\/#organization\"},\"potentialAction\":[{\"@type\":\"SearchAction\",\"target\":{\"@type\":\"EntryPoint\",\"urlTemplate\":\"https:\/\/wpguerssen-test.odoo.rgbconsulting.com\/es\/?s={search_term_string}\"},\"query-input\":{\"@type\":\"PropertyValueSpecification\",\"valueRequired\":true,\"valueName\":\"search_term_string\"}}],\"inLanguage\":\"es\"},{\"@type\":\"Organization\",\"@id\":\"https:\/\/wpguerssen-test.odoo.rgbconsulting.com\/es\/#organization\",\"name\":\"Guerssen records\",\"url\":\"https:\/\/wpguerssen-test.odoo.rgbconsulting.com\/es\/\",\"logo\":{\"@type\":\"ImageObject\",\"inLanguage\":\"es\",\"@id\":\"https:\/\/wpguerssen-test.odoo.rgbconsulting.com\/es\/#\/schema\/logo\/image\/\",\"url\":\"https:\/\/wpguerssen-test.odoo.rgbconsulting.com\/wp-content\/uploads\/2022\/04\/Logo_Guerssen_trans_100.png\",\"contentUrl\":\"https:\/\/wpguerssen-test.odoo.rgbconsulting.com\/wp-content\/uploads\/2022\/04\/Logo_Guerssen_trans_100.png\",\"width\":122,\"height\":100,\"caption\":\"Guerssen records\"},\"image\":{\"@id\":\"https:\/\/wpguerssen-test.odoo.rgbconsulting.com\/es\/#\/schema\/logo\/image\/\"}}]}<\/script>\n<!-- \/ Yoast SEO plugin. -->","yoast_head_json":{"title":"ORTOLANI, Riz - Confessione Di Un Commissario Di Polizia Al Procur -  (7\") | Guerssen","description":"For the first time on 7'', the two grooviest tracks from the soundtrack composed by Riz Ortolani for \"Confessione di un commissario di polizia al procuratore della Repubblica\" (aka, \"Confessions of a Police Captain\"), the renowned 1971 crime drama by Damiano Damiani, starring Franco Nero at the peak of his career.On Side A, \"Serena e Lomunno\" is a jazzy spell performed by an exceptional quartet - unfortunately uncredited - consisting of bass, electric guitar, drums, and piano. On Side B, the quartet reduces to a trio (sacrificing the piano) to give life to \"Il ricordo di Serena,\" without losing any of the rhythmic essence infused in the previous track.In both cases, the pieces' structure is entirely supported by the perfect interplay of bass and drums, with particularly striking and sharp timbres, complemented by electric guitar and piano with their refined phrasings.The result? A succession of irresistible and elegant jazz-funk breaks, practically tailor-made for sampling.This is an essential addition to the series of 45s that Four Flies is dedicating to the best Italian golden age soundtrack and library productions. A must-have for any serious Italian sound digger!","robots":{"index":"index","follow":"follow","max-snippet":"max-snippet:-1","max-image-preview":"max-image-preview:large","max-video-preview":"max-video-preview:-1"},"canonical":"https:\/\/wpguerssen-test.odoo.rgbconsulting.com\/es\/producto\/confessione-di-un-commissario-di-polizia-al-procur\/","og_locale":"es_ES","og_type":"article","og_title":"ORTOLANI, Riz - Confessione Di Un Commissario Di Polizia Al Procur -  (7\") | Guerssen","og_description":"For the first time on 7'', the two grooviest tracks from the soundtrack composed by Riz Ortolani for \"Confessione di un commissario di polizia al procuratore della Repubblica\" (aka, \"Confessions of a Police Captain\"), the renowned 1971 crime drama by Damiano Damiani, starring Franco Nero at the peak of his career.On Side A, \"Serena e Lomunno\" is a jazzy spell performed by an exceptional quartet - unfortunately uncredited - consisting of bass, electric guitar, drums, and piano. On Side B, the quartet reduces to a trio (sacrificing the piano) to give life to \"Il ricordo di Serena,\" without losing any of the rhythmic essence infused in the previous track.In both cases, the pieces' structure is entirely supported by the perfect interplay of bass and drums, with particularly striking and sharp timbres, complemented by electric guitar and piano with their refined phrasings.The result? A succession of irresistible and elegant jazz-funk breaks, practically tailor-made for sampling.This is an essential addition to the series of 45s that Four Flies is dedicating to the best Italian golden age soundtrack and library productions. A must-have for any serious Italian sound digger!","og_url":"https:\/\/wpguerssen-test.odoo.rgbconsulting.com\/es\/producto\/confessione-di-un-commissario-di-polizia-al-procur\/","og_site_name":"Guerssen records","article_modified_time":"2025-03-03T15:04:55+00:00","og_image":[{"width":2560,"height":2560,"url":"https:\/\/wpguerssen-test.odoo.rgbconsulting.com\/wp-content\/uploads\/2024\/05\/47847-scaled.jpg","type":"image\/jpeg"}],"twitter_card":"summary_large_image","twitter_title":"ORTOLANI, Riz - Confessione Di Un Commissario Di Polizia Al Procur -  (7\") | Guerssen","twitter_misc":{"Tiempo de lectura":"1 minuto"},"schema":{"@context":"https:\/\/schema.org","@graph":[{"@type":"WebPage","@id":"https:\/\/wpguerssen-test.odoo.rgbconsulting.com\/es\/producto\/confessione-di-un-commissario-di-polizia-al-procur\/","url":"https:\/\/wpguerssen-test.odoo.rgbconsulting.com\/es\/producto\/confessione-di-un-commissario-di-polizia-al-procur\/","name":"ORTOLANI, Riz - Confessione Di Un Commissario Di Polizia Al Procur - (7\") | Guerssen","isPartOf":{"@id":"https:\/\/wpguerssen-test.odoo.rgbconsulting.com\/es\/#website"},"primaryImageOfPage":{"@id":"https:\/\/wpguerssen-test.odoo.rgbconsulting.com\/es\/producto\/confessione-di-un-commissario-di-polizia-al-procur\/#primaryimage"},"image":{"@id":"https:\/\/wpguerssen-test.odoo.rgbconsulting.com\/es\/producto\/confessione-di-un-commissario-di-polizia-al-procur\/#primaryimage"},"thumbnailUrl":"https:\/\/wpguerssen-test.odoo.rgbconsulting.com\/wp-content\/uploads\/2024\/05\/47847-scaled.jpg","datePublished":"2024-09-09T22:00:00+00:00","dateModified":"2025-03-03T15:04:55+00:00","description":"For the first time on 7'', the two grooviest tracks from the soundtrack composed by Riz Ortolani for \"Confessione di un commissario di polizia al procuratore della Repubblica\" (aka, \"Confessions of a Police Captain\"), the renowned 1971 crime drama by Damiano Damiani, starring Franco Nero at the peak of his career.On Side A, \"Serena e Lomunno\" is a jazzy spell performed by an exceptional quartet - unfortunately uncredited - consisting of bass, electric guitar, drums, and piano. On Side B, the quartet reduces to a trio (sacrificing the piano) to give life to \"Il ricordo di Serena,\" without losing any of the rhythmic essence infused in the previous track.In both cases, the pieces' structure is entirely supported by the perfect interplay of bass and drums, with particularly striking and sharp timbres, complemented by electric guitar and piano with their refined phrasings.The result? A succession of irresistible and elegant jazz-funk breaks, practically tailor-made for sampling.This is an essential addition to the series of 45s that Four Flies is dedicating to the best Italian golden age soundtrack and library productions. A must-have for any serious Italian sound digger!","breadcrumb":{"@id":"https:\/\/wpguerssen-test.odoo.rgbconsulting.com\/es\/producto\/confessione-di-un-commissario-di-polizia-al-procur\/#breadcrumb"},"inLanguage":"es","potentialAction":[{"@type":"ReadAction","target":["https:\/\/wpguerssen-test.odoo.rgbconsulting.com\/es\/producto\/confessione-di-un-commissario-di-polizia-al-procur\/"]}]},{"@type":"ImageObject","inLanguage":"es","@id":"https:\/\/wpguerssen-test.odoo.rgbconsulting.com\/es\/producto\/confessione-di-un-commissario-di-polizia-al-procur\/#primaryimage","url":"https:\/\/wpguerssen-test.odoo.rgbconsulting.com\/wp-content\/uploads\/2024\/05\/47847-scaled.jpg","contentUrl":"https:\/\/wpguerssen-test.odoo.rgbconsulting.com\/wp-content\/uploads\/2024\/05\/47847-scaled.jpg","width":2560,"height":2560,"caption":"Riz - Confessione Di Un Commissario Di Polizia Al Procur - FOUR FLIES (7\") | Guerssen"},{"@type":"BreadcrumbList","@id":"https:\/\/wpguerssen-test.odoo.rgbconsulting.com\/es\/producto\/confessione-di-un-commissario-di-polizia-al-procur\/#breadcrumb","itemListElement":[{"@type":"ListItem","position":1,"name":"Inicio","item":"https:\/\/wpguerssen-test.odoo.rgbconsulting.com\/es\/"},{"@type":"ListItem","position":2,"name":"Shop","item":"https:\/\/wpguerssen-test.odoo.rgbconsulting.com\/shop\/"},{"@type":"ListItem","position":3,"name":"Confessione Di Un Commissario Di Polizia Al Procur"}]},{"@type":"WebSite","@id":"https:\/\/wpguerssen-test.odoo.rgbconsulting.com\/es\/#website","url":"https:\/\/wpguerssen-test.odoo.rgbconsulting.com\/es\/","name":"Guerssen records","description":"psychedelia - progressive - folk - garage ","publisher":{"@id":"https:\/\/wpguerssen-test.odoo.rgbconsulting.com\/es\/#organization"},"potentialAction":[{"@type":"SearchAction","target":{"@type":"EntryPoint","urlTemplate":"https:\/\/wpguerssen-test.odoo.rgbconsulting.com\/es\/?s={search_term_string}"},"query-input":{"@type":"PropertyValueSpecification","valueRequired":true,"valueName":"search_term_string"}}],"inLanguage":"es"},{"@type":"Organization","@id":"https:\/\/wpguerssen-test.odoo.rgbconsulting.com\/es\/#organization","name":"Guerssen records","url":"https:\/\/wpguerssen-test.odoo.rgbconsulting.com\/es\/","logo":{"@type":"ImageObject","inLanguage":"es","@id":"https:\/\/wpguerssen-test.odoo.rgbconsulting.com\/es\/#\/schema\/logo\/image\/","url":"https:\/\/wpguerssen-test.odoo.rgbconsulting.com\/wp-content\/uploads\/2022\/04\/Logo_Guerssen_trans_100.png","contentUrl":"https:\/\/wpguerssen-test.odoo.rgbconsulting.com\/wp-content\/uploads\/2022\/04\/Logo_Guerssen_trans_100.png","width":122,"height":100,"caption":"Guerssen records"},"image":{"@id":"https:\/\/wpguerssen-test.odoo.rgbconsulting.com\/es\/#\/schema\/logo\/image\/"}}]}},"_links":{"self":[{"href":"https:\/\/wpguerssen-test.odoo.rgbconsulting.com\/es\/wp-json\/wp\/v2\/product\/267382","targetHints":{"allow":["GET"]}}],"collection":[{"href":"https:\/\/wpguerssen-test.odoo.rgbconsulting.com\/es\/wp-json\/wp\/v2\/product"}],"about":[{"href":"https:\/\/wpguerssen-test.odoo.rgbconsulting.com\/es\/wp-json\/wp\/v2\/types\/product"}],"wp:featuredmedia":[{"embeddable":true,"href":"https:\/\/wpguerssen-test.odoo.rgbconsulting.com\/es\/wp-json\/wp\/v2\/media\/267365"}],"wp:attachment":[{"href":"https:\/\/wpguerssen-test.odoo.rgbconsulting.com\/es\/wp-json\/wp\/v2\/media?parent=267382"}],"wp:term":[{"taxonomy":"product_brand","embeddable":true,"href":"https:\/\/wpguerssen-test.odoo.rgbconsulting.com\/es\/wp-json\/wp\/v2\/product_brand?post=267382"},{"taxonomy":"product_cat","embeddable":true,"href":"https:\/\/wpguerssen-test.odoo.rgbconsulting.com\/es\/wp-json\/wp\/v2\/product_cat?post=267382"},{"taxonomy":"product_tag","embeddable":true,"href":"https:\/\/wpguerssen-test.odoo.rgbconsulting.com\/es\/wp-json\/wp\/v2\/product_tag?post=267382"}],"curies":[{"name":"wp","href":"https:\/\/api.w.org\/{rel}","templated":true}]}}