{"id":267416,"date":"2025-04-02T00:00:00","date_gmt":"2025-04-01T22:00:00","guid":{"rendered":"https:\/\/wpguerssen-test.odoo.rgbconsulting.com\/product\/czech-up-vol-2-wed-be-happy-2lp\/"},"modified":"2025-04-04T12:25:15","modified_gmt":"2025-04-04T10:25:15","slug":"czech-up-vol-2-wed-be-happy-2lp","status":"publish","type":"product","link":"https:\/\/wpguerssen-test.odoo.rgbconsulting.com\/es\/producto\/czech-up-vol-2-wed-be-happy-2lp\/","title":{"rendered":"Czech Up! Vol 2: We&#8217;d Be Happy (2LP)"},"content":{"rendered":"<p>Segundo volumen de la serie de Vampisoul Czech Up!, que re\u00fane joyas de los a\u00f1os 60 y 70 editadas originalmente en los sellos de la antigua Checoslovaquia Supraphon y Panton. Freakbeat, soul, pop barroco, prog-funk, garage rock, psych-jazz&#8230; todo eso y m\u00e1s se puede encontrar en estos 22 temas, producidos magistralmente y ahora masterizados cuidadosamente, muchos de ellos reeditados por primera vez. Incluye notas interiores escritas por Luk\u00e1s Machata.<\/p>\n","protected":false},"excerpt":{"rendered":"<p>Segundo volumen de la serie de Vampisoul Czech Up!, que re\u00fane joyas de los a\u00f1os 60 y 70 editadas originalmente en los sellos de la antigua Checoslovaquia Supraphon<a class=\"read\" href=\"https:\/\/wpguerssen-test.odoo.rgbconsulting.com\/es\/producto\/czech-up-vol-2-wed-be-happy-2lp\/\"> (...)<\/a>","protected":false},"featured_media":268798,"template":"","meta":{"_acf_changed":false},"product_brand":[],"product_cat":[23281,21639],"product_tag":[24185,24190],"class_list":{"0":"post-267416","1":"product","2":"type-product","3":"status-publish","4":"has-post-thumbnail","6":"product_cat-garagebeatrnb60-70-es","7":"product_cat-psychedelic60s-70s-es","8":"product_tag-de-nuevo-en-existencia","9":"product_tag-sales-es","10":"pa_artist-various-artists-es","11":"pa_format-2lp-es","12":"pa_gender-garage-beat-rnb60-70-psychedelic60s-70s","13":"pa_label-vampi-soul-es","14":"pa_location-europe-es","15":"pa_other-filters-vinyl-only-es","17":"first","18":"instock","19":"taxable","20":"shipping-taxable","21":"purchasable","22":"product-type-simple"},"acf":[],"yoast_head":"<!-- This site is optimized with the Yoast SEO plugin v24.9 - https:\/\/yoast.com\/wordpress\/plugins\/seo\/ -->\n<title>VARIOUS ARTISTS - Czech Up! Vol 2: We&#039;d Be Happy (2LP) -  (2LP) | Guerssen<\/title>\n<meta name=\"description\" content=\"Second volume of Vampisoul&#039;s &quot;Czech Up!&quot; series, which compiles 60s and 70s gems from the vaults of the Supraphon and Panton labels from the former Czechoslovakia. Freakbeat, soul, baroque pop, prog-funk, garage rock, psych-jazz... all that and more is contained within these 22 tracks, wonderfully produced and now carefully remastered, many of them never reissued before. Includes detailed liner notes by Luk\u00e1s Machata. #nl# TRACKLIST 1. Bl\u00e1znivej Kiki - OLYMPIC 2. A co m\u00e1 bejt - HANA ULRYCHOVA 3. Prameny pozn\u00e1n\u00ed - MAHAGON 4. Hold On, I&#039;m Coming - FRAMUS FIVE 5. Nocn\u00ed modlitba - APOLLOBEAT 6. We&#039;d Be Happy - BEATINGS 7. Byls m\u00e1 b\u00f3j - VALERIE CIZMAROVA 8. P\u00edsu kr\u00eddou zpr\u00e1vu - GUSTAV BROM ORCHESTRA 9. Snakes - THE BLUE EFFECT 10. V obore - SHQ 11. Divny p\u00e1n - METRONOM 12. Bytost podivn\u00e1 - SYNKOPY 61 13. The Wizard - JAZZ Q 14. It&#039;s Always Ever The Same - VULKAN 15. Zahrada za domem - GEORGE &amp; BEATOVENS 16. Zavrazdil jsem l\u00e1sku - FLAMENGO 17. Padni na kolena - EVA PILAROVA 18. Tvuj pr\u00edtel v\u00edtr - FLAMINGO 19. I Wish I Were - THE SOULMEN 20. Dzungle - BARNODAJ 21. Rokle - HANA ZAGOROVA 22. Trznice sveta - KAREL CERNOCH\" \/>\n<meta name=\"robots\" content=\"index, follow, max-snippet:-1, max-image-preview:large, max-video-preview:-1\" \/>\n<link rel=\"canonical\" href=\"https:\/\/wpguerssen-test.odoo.rgbconsulting.com\/es\/producto\/czech-up-vol-2-wed-be-happy-2lp\/\" \/>\n<meta property=\"og:locale\" content=\"es_ES\" \/>\n<meta property=\"og:type\" content=\"article\" \/>\n<meta property=\"og:title\" content=\"VARIOUS ARTISTS - Czech Up! Vol 2: We&#039;d Be Happy (2LP) -  (2LP) | Guerssen\" \/>\n<meta property=\"og:description\" content=\"Second volume of Vampisoul&#039;s &quot;Czech Up!&quot; series, which compiles 60s and 70s gems from the vaults of the Supraphon and Panton labels from the former Czechoslovakia. Freakbeat, soul, baroque pop, prog-funk, garage rock, psych-jazz... all that and more is contained within these 22 tracks, wonderfully produced and now carefully remastered, many of them never reissued before. Includes detailed liner notes by Luk\u00e1s Machata. #nl# TRACKLIST 1. Bl\u00e1znivej Kiki - OLYMPIC 2. A co m\u00e1 bejt - HANA ULRYCHOVA 3. Prameny pozn\u00e1n\u00ed - MAHAGON 4. Hold On, I&#039;m Coming - FRAMUS FIVE 5. Nocn\u00ed modlitba - APOLLOBEAT 6. We&#039;d Be Happy - BEATINGS 7. Byls m\u00e1 b\u00f3j - VALERIE CIZMAROVA 8. P\u00edsu kr\u00eddou zpr\u00e1vu - GUSTAV BROM ORCHESTRA 9. Snakes - THE BLUE EFFECT 10. V obore - SHQ 11. Divny p\u00e1n - METRONOM 12. Bytost podivn\u00e1 - SYNKOPY 61 13. The Wizard - JAZZ Q 14. It&#039;s Always Ever The Same - VULKAN 15. Zahrada za domem - GEORGE &amp; BEATOVENS 16. Zavrazdil jsem l\u00e1sku - FLAMENGO 17. Padni na kolena - EVA PILAROVA 18. Tvuj pr\u00edtel v\u00edtr - FLAMINGO 19. I Wish I Were - THE SOULMEN 20. Dzungle - BARNODAJ 21. Rokle - HANA ZAGOROVA 22. Trznice sveta - KAREL CERNOCH\" \/>\n<meta property=\"og:url\" content=\"https:\/\/wpguerssen-test.odoo.rgbconsulting.com\/es\/producto\/czech-up-vol-2-wed-be-happy-2lp\/\" \/>\n<meta property=\"og:site_name\" content=\"Guerssen records\" \/>\n<meta property=\"article:modified_time\" content=\"2025-04-04T10:25:15+00:00\" \/>\n<meta property=\"og:image\" content=\"https:\/\/wpguerssen-test.odoo.rgbconsulting.com\/wp-content\/uploads\/2024\/05\/32048.jpg\" \/>\n\t<meta property=\"og:image:width\" content=\"600\" \/>\n\t<meta property=\"og:image:height\" content=\"600\" \/>\n\t<meta property=\"og:image:type\" content=\"image\/jpeg\" \/>\n<meta name=\"twitter:card\" content=\"summary_large_image\" \/>\n<meta name=\"twitter:title\" content=\"VARIOUS ARTISTS - Czech Up! Vol 2: We&#039;d Be Happy (2LP) -  (2LP) | Guerssen\" \/>\n<script type=\"application\/ld+json\" class=\"yoast-schema-graph\">{\"@context\":\"https:\/\/schema.org\",\"@graph\":[{\"@type\":\"WebPage\",\"@id\":\"https:\/\/wpguerssen-test.odoo.rgbconsulting.com\/es\/producto\/czech-up-vol-2-wed-be-happy-2lp\/\",\"url\":\"https:\/\/wpguerssen-test.odoo.rgbconsulting.com\/es\/producto\/czech-up-vol-2-wed-be-happy-2lp\/\",\"name\":\"VARIOUS ARTISTS - Czech Up! Vol 2: We'd Be Happy (2LP) - (2LP) | Guerssen\",\"isPartOf\":{\"@id\":\"https:\/\/wpguerssen-test.odoo.rgbconsulting.com\/es\/#website\"},\"primaryImageOfPage\":{\"@id\":\"https:\/\/wpguerssen-test.odoo.rgbconsulting.com\/es\/producto\/czech-up-vol-2-wed-be-happy-2lp\/#primaryimage\"},\"image\":{\"@id\":\"https:\/\/wpguerssen-test.odoo.rgbconsulting.com\/es\/producto\/czech-up-vol-2-wed-be-happy-2lp\/#primaryimage\"},\"thumbnailUrl\":\"https:\/\/wpguerssen-test.odoo.rgbconsulting.com\/wp-content\/uploads\/2024\/05\/32048.jpg\",\"datePublished\":\"2025-04-01T22:00:00+00:00\",\"dateModified\":\"2025-04-04T10:25:15+00:00\",\"description\":\"Second volume of Vampisoul's \\\"Czech Up!\\\" series, which compiles 60s and 70s gems from the vaults of the Supraphon and Panton labels from the former Czechoslovakia. Freakbeat, soul, baroque pop, prog-funk, garage rock, psych-jazz... all that and more is contained within these 22 tracks, wonderfully produced and now carefully remastered, many of them never reissued before. Includes detailed liner notes by Luk\u00e1s Machata. #nl# TRACKLIST 1. Bl\u00e1znivej Kiki - OLYMPIC 2. A co m\u00e1 bejt - HANA ULRYCHOVA 3. Prameny pozn\u00e1n\u00ed - MAHAGON 4. Hold On, I'm Coming - FRAMUS FIVE 5. Nocn\u00ed modlitba - APOLLOBEAT 6. We'd Be Happy - BEATINGS 7. Byls m\u00e1 b\u00f3j - VALERIE CIZMAROVA 8. P\u00edsu kr\u00eddou zpr\u00e1vu - GUSTAV BROM ORCHESTRA 9. Snakes - THE BLUE EFFECT 10. V obore - SHQ 11. Divny p\u00e1n - METRONOM 12. Bytost podivn\u00e1 - SYNKOPY 61 13. The Wizard - JAZZ Q 14. It's Always Ever The Same - VULKAN 15. Zahrada za domem - GEORGE & BEATOVENS 16. Zavrazdil jsem l\u00e1sku - FLAMENGO 17. Padni na kolena - EVA PILAROVA 18. Tvuj pr\u00edtel v\u00edtr - FLAMINGO 19. I Wish I Were - THE SOULMEN 20. Dzungle - BARNODAJ 21. Rokle - HANA ZAGOROVA 22. Trznice sveta - KAREL CERNOCH\",\"breadcrumb\":{\"@id\":\"https:\/\/wpguerssen-test.odoo.rgbconsulting.com\/es\/producto\/czech-up-vol-2-wed-be-happy-2lp\/#breadcrumb\"},\"inLanguage\":\"es\",\"potentialAction\":[{\"@type\":\"ReadAction\",\"target\":[\"https:\/\/wpguerssen-test.odoo.rgbconsulting.com\/es\/producto\/czech-up-vol-2-wed-be-happy-2lp\/\"]}]},{\"@type\":\"ImageObject\",\"inLanguage\":\"es\",\"@id\":\"https:\/\/wpguerssen-test.odoo.rgbconsulting.com\/es\/producto\/czech-up-vol-2-wed-be-happy-2lp\/#primaryimage\",\"url\":\"https:\/\/wpguerssen-test.odoo.rgbconsulting.com\/wp-content\/uploads\/2024\/05\/32048.jpg\",\"contentUrl\":\"https:\/\/wpguerssen-test.odoo.rgbconsulting.com\/wp-content\/uploads\/2024\/05\/32048.jpg\",\"width\":600,\"height\":600},{\"@type\":\"BreadcrumbList\",\"@id\":\"https:\/\/wpguerssen-test.odoo.rgbconsulting.com\/es\/producto\/czech-up-vol-2-wed-be-happy-2lp\/#breadcrumb\",\"itemListElement\":[{\"@type\":\"ListItem\",\"position\":1,\"name\":\"Inicio\",\"item\":\"https:\/\/wpguerssen-test.odoo.rgbconsulting.com\/es\/\"},{\"@type\":\"ListItem\",\"position\":2,\"name\":\"Shop\",\"item\":\"https:\/\/wpguerssen-test.odoo.rgbconsulting.com\/shop\/\"},{\"@type\":\"ListItem\",\"position\":3,\"name\":\"Czech Up! Vol 2: We&#8217;d Be Happy (2LP)\"}]},{\"@type\":\"WebSite\",\"@id\":\"https:\/\/wpguerssen-test.odoo.rgbconsulting.com\/es\/#website\",\"url\":\"https:\/\/wpguerssen-test.odoo.rgbconsulting.com\/es\/\",\"name\":\"Guerssen records\",\"description\":\"psychedelia - progressive - folk - garage \",\"publisher\":{\"@id\":\"https:\/\/wpguerssen-test.odoo.rgbconsulting.com\/es\/#organization\"},\"potentialAction\":[{\"@type\":\"SearchAction\",\"target\":{\"@type\":\"EntryPoint\",\"urlTemplate\":\"https:\/\/wpguerssen-test.odoo.rgbconsulting.com\/es\/?s={search_term_string}\"},\"query-input\":{\"@type\":\"PropertyValueSpecification\",\"valueRequired\":true,\"valueName\":\"search_term_string\"}}],\"inLanguage\":\"es\"},{\"@type\":\"Organization\",\"@id\":\"https:\/\/wpguerssen-test.odoo.rgbconsulting.com\/es\/#organization\",\"name\":\"Guerssen records\",\"url\":\"https:\/\/wpguerssen-test.odoo.rgbconsulting.com\/es\/\",\"logo\":{\"@type\":\"ImageObject\",\"inLanguage\":\"es\",\"@id\":\"https:\/\/wpguerssen-test.odoo.rgbconsulting.com\/es\/#\/schema\/logo\/image\/\",\"url\":\"https:\/\/wpguerssen-test.odoo.rgbconsulting.com\/wp-content\/uploads\/2022\/04\/Logo_Guerssen_trans_100.png\",\"contentUrl\":\"https:\/\/wpguerssen-test.odoo.rgbconsulting.com\/wp-content\/uploads\/2022\/04\/Logo_Guerssen_trans_100.png\",\"width\":122,\"height\":100,\"caption\":\"Guerssen records\"},\"image\":{\"@id\":\"https:\/\/wpguerssen-test.odoo.rgbconsulting.com\/es\/#\/schema\/logo\/image\/\"}}]}<\/script>\n<!-- \/ Yoast SEO plugin. -->","yoast_head_json":{"title":"VARIOUS ARTISTS - Czech Up! Vol 2: We'd Be Happy (2LP) -  (2LP) | Guerssen","description":"Second volume of Vampisoul's \"Czech Up!\" series, which compiles 60s and 70s gems from the vaults of the Supraphon and Panton labels from the former Czechoslovakia. Freakbeat, soul, baroque pop, prog-funk, garage rock, psych-jazz... all that and more is contained within these 22 tracks, wonderfully produced and now carefully remastered, many of them never reissued before. Includes detailed liner notes by Luk\u00e1s Machata. #nl# TRACKLIST 1. Bl\u00e1znivej Kiki - OLYMPIC 2. A co m\u00e1 bejt - HANA ULRYCHOVA 3. Prameny pozn\u00e1n\u00ed - MAHAGON 4. Hold On, I'm Coming - FRAMUS FIVE 5. Nocn\u00ed modlitba - APOLLOBEAT 6. We'd Be Happy - BEATINGS 7. Byls m\u00e1 b\u00f3j - VALERIE CIZMAROVA 8. P\u00edsu kr\u00eddou zpr\u00e1vu - GUSTAV BROM ORCHESTRA 9. Snakes - THE BLUE EFFECT 10. V obore - SHQ 11. Divny p\u00e1n - METRONOM 12. Bytost podivn\u00e1 - SYNKOPY 61 13. The Wizard - JAZZ Q 14. It's Always Ever The Same - VULKAN 15. Zahrada za domem - GEORGE & BEATOVENS 16. Zavrazdil jsem l\u00e1sku - FLAMENGO 17. Padni na kolena - EVA PILAROVA 18. Tvuj pr\u00edtel v\u00edtr - FLAMINGO 19. I Wish I Were - THE SOULMEN 20. Dzungle - BARNODAJ 21. Rokle - HANA ZAGOROVA 22. Trznice sveta - KAREL CERNOCH","robots":{"index":"index","follow":"follow","max-snippet":"max-snippet:-1","max-image-preview":"max-image-preview:large","max-video-preview":"max-video-preview:-1"},"canonical":"https:\/\/wpguerssen-test.odoo.rgbconsulting.com\/es\/producto\/czech-up-vol-2-wed-be-happy-2lp\/","og_locale":"es_ES","og_type":"article","og_title":"VARIOUS ARTISTS - Czech Up! Vol 2: We'd Be Happy (2LP) -  (2LP) | Guerssen","og_description":"Second volume of Vampisoul's \"Czech Up!\" series, which compiles 60s and 70s gems from the vaults of the Supraphon and Panton labels from the former Czechoslovakia. Freakbeat, soul, baroque pop, prog-funk, garage rock, psych-jazz... all that and more is contained within these 22 tracks, wonderfully produced and now carefully remastered, many of them never reissued before. Includes detailed liner notes by Luk\u00e1s Machata. #nl# TRACKLIST 1. Bl\u00e1znivej Kiki - OLYMPIC 2. A co m\u00e1 bejt - HANA ULRYCHOVA 3. Prameny pozn\u00e1n\u00ed - MAHAGON 4. Hold On, I'm Coming - FRAMUS FIVE 5. Nocn\u00ed modlitba - APOLLOBEAT 6. We'd Be Happy - BEATINGS 7. Byls m\u00e1 b\u00f3j - VALERIE CIZMAROVA 8. P\u00edsu kr\u00eddou zpr\u00e1vu - GUSTAV BROM ORCHESTRA 9. Snakes - THE BLUE EFFECT 10. V obore - SHQ 11. Divny p\u00e1n - METRONOM 12. Bytost podivn\u00e1 - SYNKOPY 61 13. The Wizard - JAZZ Q 14. It's Always Ever The Same - VULKAN 15. Zahrada za domem - GEORGE & BEATOVENS 16. Zavrazdil jsem l\u00e1sku - FLAMENGO 17. Padni na kolena - EVA PILAROVA 18. Tvuj pr\u00edtel v\u00edtr - FLAMINGO 19. I Wish I Were - THE SOULMEN 20. Dzungle - BARNODAJ 21. Rokle - HANA ZAGOROVA 22. Trznice sveta - KAREL CERNOCH","og_url":"https:\/\/wpguerssen-test.odoo.rgbconsulting.com\/es\/producto\/czech-up-vol-2-wed-be-happy-2lp\/","og_site_name":"Guerssen records","article_modified_time":"2025-04-04T10:25:15+00:00","og_image":[{"width":600,"height":600,"url":"https:\/\/wpguerssen-test.odoo.rgbconsulting.com\/wp-content\/uploads\/2024\/05\/32048.jpg","type":"image\/jpeg"}],"twitter_card":"summary_large_image","twitter_title":"VARIOUS ARTISTS - Czech Up! Vol 2: We'd Be Happy (2LP) -  (2LP) | Guerssen","schema":{"@context":"https:\/\/schema.org","@graph":[{"@type":"WebPage","@id":"https:\/\/wpguerssen-test.odoo.rgbconsulting.com\/es\/producto\/czech-up-vol-2-wed-be-happy-2lp\/","url":"https:\/\/wpguerssen-test.odoo.rgbconsulting.com\/es\/producto\/czech-up-vol-2-wed-be-happy-2lp\/","name":"VARIOUS ARTISTS - Czech Up! Vol 2: We'd Be Happy (2LP) - (2LP) | Guerssen","isPartOf":{"@id":"https:\/\/wpguerssen-test.odoo.rgbconsulting.com\/es\/#website"},"primaryImageOfPage":{"@id":"https:\/\/wpguerssen-test.odoo.rgbconsulting.com\/es\/producto\/czech-up-vol-2-wed-be-happy-2lp\/#primaryimage"},"image":{"@id":"https:\/\/wpguerssen-test.odoo.rgbconsulting.com\/es\/producto\/czech-up-vol-2-wed-be-happy-2lp\/#primaryimage"},"thumbnailUrl":"https:\/\/wpguerssen-test.odoo.rgbconsulting.com\/wp-content\/uploads\/2024\/05\/32048.jpg","datePublished":"2025-04-01T22:00:00+00:00","dateModified":"2025-04-04T10:25:15+00:00","description":"Second volume of Vampisoul's \"Czech Up!\" series, which compiles 60s and 70s gems from the vaults of the Supraphon and Panton labels from the former Czechoslovakia. Freakbeat, soul, baroque pop, prog-funk, garage rock, psych-jazz... all that and more is contained within these 22 tracks, wonderfully produced and now carefully remastered, many of them never reissued before. Includes detailed liner notes by Luk\u00e1s Machata. #nl# TRACKLIST 1. Bl\u00e1znivej Kiki - OLYMPIC 2. A co m\u00e1 bejt - HANA ULRYCHOVA 3. Prameny pozn\u00e1n\u00ed - MAHAGON 4. Hold On, I'm Coming - FRAMUS FIVE 5. Nocn\u00ed modlitba - APOLLOBEAT 6. We'd Be Happy - BEATINGS 7. Byls m\u00e1 b\u00f3j - VALERIE CIZMAROVA 8. P\u00edsu kr\u00eddou zpr\u00e1vu - GUSTAV BROM ORCHESTRA 9. Snakes - THE BLUE EFFECT 10. V obore - SHQ 11. Divny p\u00e1n - METRONOM 12. Bytost podivn\u00e1 - SYNKOPY 61 13. The Wizard - JAZZ Q 14. It's Always Ever The Same - VULKAN 15. Zahrada za domem - GEORGE & BEATOVENS 16. Zavrazdil jsem l\u00e1sku - FLAMENGO 17. Padni na kolena - EVA PILAROVA 18. Tvuj pr\u00edtel v\u00edtr - FLAMINGO 19. I Wish I Were - THE SOULMEN 20. Dzungle - BARNODAJ 21. Rokle - HANA ZAGOROVA 22. Trznice sveta - KAREL CERNOCH","breadcrumb":{"@id":"https:\/\/wpguerssen-test.odoo.rgbconsulting.com\/es\/producto\/czech-up-vol-2-wed-be-happy-2lp\/#breadcrumb"},"inLanguage":"es","potentialAction":[{"@type":"ReadAction","target":["https:\/\/wpguerssen-test.odoo.rgbconsulting.com\/es\/producto\/czech-up-vol-2-wed-be-happy-2lp\/"]}]},{"@type":"ImageObject","inLanguage":"es","@id":"https:\/\/wpguerssen-test.odoo.rgbconsulting.com\/es\/producto\/czech-up-vol-2-wed-be-happy-2lp\/#primaryimage","url":"https:\/\/wpguerssen-test.odoo.rgbconsulting.com\/wp-content\/uploads\/2024\/05\/32048.jpg","contentUrl":"https:\/\/wpguerssen-test.odoo.rgbconsulting.com\/wp-content\/uploads\/2024\/05\/32048.jpg","width":600,"height":600},{"@type":"BreadcrumbList","@id":"https:\/\/wpguerssen-test.odoo.rgbconsulting.com\/es\/producto\/czech-up-vol-2-wed-be-happy-2lp\/#breadcrumb","itemListElement":[{"@type":"ListItem","position":1,"name":"Inicio","item":"https:\/\/wpguerssen-test.odoo.rgbconsulting.com\/es\/"},{"@type":"ListItem","position":2,"name":"Shop","item":"https:\/\/wpguerssen-test.odoo.rgbconsulting.com\/shop\/"},{"@type":"ListItem","position":3,"name":"Czech Up! Vol 2: We&#8217;d Be Happy (2LP)"}]},{"@type":"WebSite","@id":"https:\/\/wpguerssen-test.odoo.rgbconsulting.com\/es\/#website","url":"https:\/\/wpguerssen-test.odoo.rgbconsulting.com\/es\/","name":"Guerssen records","description":"psychedelia - progressive - folk - garage ","publisher":{"@id":"https:\/\/wpguerssen-test.odoo.rgbconsulting.com\/es\/#organization"},"potentialAction":[{"@type":"SearchAction","target":{"@type":"EntryPoint","urlTemplate":"https:\/\/wpguerssen-test.odoo.rgbconsulting.com\/es\/?s={search_term_string}"},"query-input":{"@type":"PropertyValueSpecification","valueRequired":true,"valueName":"search_term_string"}}],"inLanguage":"es"},{"@type":"Organization","@id":"https:\/\/wpguerssen-test.odoo.rgbconsulting.com\/es\/#organization","name":"Guerssen records","url":"https:\/\/wpguerssen-test.odoo.rgbconsulting.com\/es\/","logo":{"@type":"ImageObject","inLanguage":"es","@id":"https:\/\/wpguerssen-test.odoo.rgbconsulting.com\/es\/#\/schema\/logo\/image\/","url":"https:\/\/wpguerssen-test.odoo.rgbconsulting.com\/wp-content\/uploads\/2022\/04\/Logo_Guerssen_trans_100.png","contentUrl":"https:\/\/wpguerssen-test.odoo.rgbconsulting.com\/wp-content\/uploads\/2022\/04\/Logo_Guerssen_trans_100.png","width":122,"height":100,"caption":"Guerssen records"},"image":{"@id":"https:\/\/wpguerssen-test.odoo.rgbconsulting.com\/es\/#\/schema\/logo\/image\/"}}]}},"_links":{"self":[{"href":"https:\/\/wpguerssen-test.odoo.rgbconsulting.com\/es\/wp-json\/wp\/v2\/product\/267416","targetHints":{"allow":["GET"]}}],"collection":[{"href":"https:\/\/wpguerssen-test.odoo.rgbconsulting.com\/es\/wp-json\/wp\/v2\/product"}],"about":[{"href":"https:\/\/wpguerssen-test.odoo.rgbconsulting.com\/es\/wp-json\/wp\/v2\/types\/product"}],"wp:featuredmedia":[{"embeddable":true,"href":"https:\/\/wpguerssen-test.odoo.rgbconsulting.com\/es\/wp-json\/wp\/v2\/media\/268798"}],"wp:attachment":[{"href":"https:\/\/wpguerssen-test.odoo.rgbconsulting.com\/es\/wp-json\/wp\/v2\/media?parent=267416"}],"wp:term":[{"taxonomy":"product_brand","embeddable":true,"href":"https:\/\/wpguerssen-test.odoo.rgbconsulting.com\/es\/wp-json\/wp\/v2\/product_brand?post=267416"},{"taxonomy":"product_cat","embeddable":true,"href":"https:\/\/wpguerssen-test.odoo.rgbconsulting.com\/es\/wp-json\/wp\/v2\/product_cat?post=267416"},{"taxonomy":"product_tag","embeddable":true,"href":"https:\/\/wpguerssen-test.odoo.rgbconsulting.com\/es\/wp-json\/wp\/v2\/product_tag?post=267416"}],"curies":[{"name":"wp","href":"https:\/\/api.w.org\/{rel}","templated":true}]}}