{"id":267490,"date":"2006-03-27T00:00:00","date_gmt":"2006-03-26T22:00:00","guid":{"rendered":"https:\/\/wpguerssen-test.odoo.rgbconsulting.com\/product\/workers-playtime\/"},"modified":"2024-06-12T16:36:35","modified_gmt":"2024-06-12T14:36:35","slug":"workers-playtime","status":"publish","type":"product","link":"https:\/\/wpguerssen-test.odoo.rgbconsulting.com\/es\/producto\/workers-playtime\/","title":{"rendered":"Worker&#8217;s playtime"},"content":{"rendered":"<p>Infravalorado \u00e1lbum ingl\u00e9s de 1971 que es ni m\u00e1s ni menos que el tercer disco de Blossom Toes. Brian Godding, Brian Belshaw y Kevin Westlake mostraron de nuevo su grandioso talento, con excelente trabajo de guitarra y extraordinaria voz. Acompa\u00f1aron en la grabaci\u00f3n gente como Julie Driscoll o Mick Taylor. Por primera vez reeditado en CD y con excelente sonido remasterizado, acompa\u00f1ado de un extenso booklet con infos, fotos y letras de las canciones, adem\u00e1s de 2 bonus tracks.<\/p>\n","protected":false},"excerpt":{"rendered":"<p>Infravalorado \u00e1lbum ingl\u00e9s de 1971 que es ni m\u00e1s ni menos que el tercer disco de Blossom Toes. Brian Godding, Brian Belshaw y Kevin Westlake mostraron de nuevo<a class=\"read\" href=\"https:\/\/wpguerssen-test.odoo.rgbconsulting.com\/es\/producto\/workers-playtime\/\"> (...)<\/a>","protected":false},"featured_media":270137,"template":"","meta":{"_acf_changed":false},"product_brand":[],"product_cat":[23215,23229],"product_tag":[],"class_list":{"0":"post-267490","1":"product","2":"type-product","3":"status-publish","4":"has-post-thumbnail","6":"product_cat-progressive60s-70s-es","7":"product_cat-jazz-rock-es","8":"pa_artist-b-b-blunder","9":"pa_format-cd-2-es","10":"pa_gender-jazz-rock-progressive60s-70s","11":"pa_label-long-hair-es","12":"pa_location-uk-ireland-es","14":"first","15":"instock","16":"taxable","17":"shipping-taxable","18":"purchasable","19":"product-type-simple"},"acf":[],"yoast_head":"<!-- This site is optimized with the Yoast SEO plugin v24.9 - https:\/\/yoast.com\/wordpress\/plugins\/seo\/ -->\n<title>B.B. BLUNDER - Worker&#039;s playtime -  (CD) | Guerssen<\/title>\n<meta name=\"description\" content=\"Often regarded as Blossom Toes 3rd LP, this is the most underrated album of the early 70ties (1971). So, it was not really a surprise, that the first re-release of the album on Vinyl (on Decal) in 1989 was credited to Blossom Toes 70. Brian Godding, Brian Belshaw and Kevin Westlake showed again their great talent to create songs beside the mainstream but always melodious and with clever lyrics. Great guitar work by Brian Godding and impressive vocals dominate the music. A lot of guest musicians supported the band, among others: Julie Driscoll, Mick Taylor. Released for the first time on CD, the album was digitally remastered and shows a brilliant sound. It also comes with comprehensive booklet including full band story, lyrics and photos never seen before. 2 Bonustracks. Absolutely recommended!\" \/>\n<meta name=\"robots\" content=\"index, follow, max-snippet:-1, max-image-preview:large, max-video-preview:-1\" \/>\n<link rel=\"canonical\" href=\"https:\/\/wpguerssen-test.odoo.rgbconsulting.com\/es\/producto\/workers-playtime\/\" \/>\n<meta property=\"og:locale\" content=\"es_ES\" \/>\n<meta property=\"og:type\" content=\"article\" \/>\n<meta property=\"og:title\" content=\"B.B. BLUNDER - Worker&#039;s playtime -  (CD) | Guerssen\" \/>\n<meta property=\"og:description\" content=\"Often regarded as Blossom Toes 3rd LP, this is the most underrated album of the early 70ties (1971). So, it was not really a surprise, that the first re-release of the album on Vinyl (on Decal) in 1989 was credited to Blossom Toes 70. Brian Godding, Brian Belshaw and Kevin Westlake showed again their great talent to create songs beside the mainstream but always melodious and with clever lyrics. Great guitar work by Brian Godding and impressive vocals dominate the music. A lot of guest musicians supported the band, among others: Julie Driscoll, Mick Taylor. Released for the first time on CD, the album was digitally remastered and shows a brilliant sound. It also comes with comprehensive booklet including full band story, lyrics and photos never seen before. 2 Bonustracks. Absolutely recommended!\" \/>\n<meta property=\"og:url\" content=\"https:\/\/wpguerssen-test.odoo.rgbconsulting.com\/es\/producto\/workers-playtime\/\" \/>\n<meta property=\"og:site_name\" content=\"Guerssen records\" \/>\n<meta property=\"article:modified_time\" content=\"2024-06-12T14:36:35+00:00\" \/>\n<meta property=\"og:image\" content=\"https:\/\/wpguerssen-test.odoo.rgbconsulting.com\/wp-content\/uploads\/2024\/06\/7600.jpg\" \/>\n\t<meta property=\"og:image:width\" content=\"940\" \/>\n\t<meta property=\"og:image:height\" content=\"940\" \/>\n\t<meta property=\"og:image:type\" content=\"image\/jpeg\" \/>\n<meta name=\"twitter:card\" content=\"summary_large_image\" \/>\n<meta name=\"twitter:title\" content=\"B.B. BLUNDER - Worker&#039;s playtime -  (CD) | Guerssen\" \/>\n<script type=\"application\/ld+json\" class=\"yoast-schema-graph\">{\"@context\":\"https:\/\/schema.org\",\"@graph\":[{\"@type\":\"WebPage\",\"@id\":\"https:\/\/wpguerssen-test.odoo.rgbconsulting.com\/es\/producto\/workers-playtime\/\",\"url\":\"https:\/\/wpguerssen-test.odoo.rgbconsulting.com\/es\/producto\/workers-playtime\/\",\"name\":\"B.B. BLUNDER - Worker's playtime - (CD) | Guerssen\",\"isPartOf\":{\"@id\":\"https:\/\/wpguerssen-test.odoo.rgbconsulting.com\/es\/#website\"},\"primaryImageOfPage\":{\"@id\":\"https:\/\/wpguerssen-test.odoo.rgbconsulting.com\/es\/producto\/workers-playtime\/#primaryimage\"},\"image\":{\"@id\":\"https:\/\/wpguerssen-test.odoo.rgbconsulting.com\/es\/producto\/workers-playtime\/#primaryimage\"},\"thumbnailUrl\":\"https:\/\/wpguerssen-test.odoo.rgbconsulting.com\/wp-content\/uploads\/2024\/06\/7600.jpg\",\"datePublished\":\"2006-03-26T22:00:00+00:00\",\"dateModified\":\"2024-06-12T14:36:35+00:00\",\"description\":\"Often regarded as Blossom Toes 3rd LP, this is the most underrated album of the early 70ties (1971). So, it was not really a surprise, that the first re-release of the album on Vinyl (on Decal) in 1989 was credited to Blossom Toes 70. Brian Godding, Brian Belshaw and Kevin Westlake showed again their great talent to create songs beside the mainstream but always melodious and with clever lyrics. Great guitar work by Brian Godding and impressive vocals dominate the music. A lot of guest musicians supported the band, among others: Julie Driscoll, Mick Taylor. Released for the first time on CD, the album was digitally remastered and shows a brilliant sound. It also comes with comprehensive booklet including full band story, lyrics and photos never seen before. 2 Bonustracks. Absolutely recommended!\",\"breadcrumb\":{\"@id\":\"https:\/\/wpguerssen-test.odoo.rgbconsulting.com\/es\/producto\/workers-playtime\/#breadcrumb\"},\"inLanguage\":\"es\",\"potentialAction\":[{\"@type\":\"ReadAction\",\"target\":[\"https:\/\/wpguerssen-test.odoo.rgbconsulting.com\/es\/producto\/workers-playtime\/\"]}]},{\"@type\":\"ImageObject\",\"inLanguage\":\"es\",\"@id\":\"https:\/\/wpguerssen-test.odoo.rgbconsulting.com\/es\/producto\/workers-playtime\/#primaryimage\",\"url\":\"https:\/\/wpguerssen-test.odoo.rgbconsulting.com\/wp-content\/uploads\/2024\/06\/7600.jpg\",\"contentUrl\":\"https:\/\/wpguerssen-test.odoo.rgbconsulting.com\/wp-content\/uploads\/2024\/06\/7600.jpg\",\"width\":940,\"height\":940},{\"@type\":\"BreadcrumbList\",\"@id\":\"https:\/\/wpguerssen-test.odoo.rgbconsulting.com\/es\/producto\/workers-playtime\/#breadcrumb\",\"itemListElement\":[{\"@type\":\"ListItem\",\"position\":1,\"name\":\"Inicio\",\"item\":\"https:\/\/wpguerssen-test.odoo.rgbconsulting.com\/es\/\"},{\"@type\":\"ListItem\",\"position\":2,\"name\":\"Shop\",\"item\":\"https:\/\/wpguerssen-test.odoo.rgbconsulting.com\/shop\/\"},{\"@type\":\"ListItem\",\"position\":3,\"name\":\"Worker&#8217;s playtime\"}]},{\"@type\":\"WebSite\",\"@id\":\"https:\/\/wpguerssen-test.odoo.rgbconsulting.com\/es\/#website\",\"url\":\"https:\/\/wpguerssen-test.odoo.rgbconsulting.com\/es\/\",\"name\":\"Guerssen records\",\"description\":\"psychedelia - progressive - folk - garage \",\"publisher\":{\"@id\":\"https:\/\/wpguerssen-test.odoo.rgbconsulting.com\/es\/#organization\"},\"potentialAction\":[{\"@type\":\"SearchAction\",\"target\":{\"@type\":\"EntryPoint\",\"urlTemplate\":\"https:\/\/wpguerssen-test.odoo.rgbconsulting.com\/es\/?s={search_term_string}\"},\"query-input\":{\"@type\":\"PropertyValueSpecification\",\"valueRequired\":true,\"valueName\":\"search_term_string\"}}],\"inLanguage\":\"es\"},{\"@type\":\"Organization\",\"@id\":\"https:\/\/wpguerssen-test.odoo.rgbconsulting.com\/es\/#organization\",\"name\":\"Guerssen records\",\"url\":\"https:\/\/wpguerssen-test.odoo.rgbconsulting.com\/es\/\",\"logo\":{\"@type\":\"ImageObject\",\"inLanguage\":\"es\",\"@id\":\"https:\/\/wpguerssen-test.odoo.rgbconsulting.com\/es\/#\/schema\/logo\/image\/\",\"url\":\"https:\/\/wpguerssen-test.odoo.rgbconsulting.com\/wp-content\/uploads\/2022\/04\/Logo_Guerssen_trans_100.png\",\"contentUrl\":\"https:\/\/wpguerssen-test.odoo.rgbconsulting.com\/wp-content\/uploads\/2022\/04\/Logo_Guerssen_trans_100.png\",\"width\":122,\"height\":100,\"caption\":\"Guerssen records\"},\"image\":{\"@id\":\"https:\/\/wpguerssen-test.odoo.rgbconsulting.com\/es\/#\/schema\/logo\/image\/\"}}]}<\/script>\n<!-- \/ Yoast SEO plugin. -->","yoast_head_json":{"title":"B.B. BLUNDER - Worker's playtime -  (CD) | Guerssen","description":"Often regarded as Blossom Toes 3rd LP, this is the most underrated album of the early 70ties (1971). So, it was not really a surprise, that the first re-release of the album on Vinyl (on Decal) in 1989 was credited to Blossom Toes 70. Brian Godding, Brian Belshaw and Kevin Westlake showed again their great talent to create songs beside the mainstream but always melodious and with clever lyrics. Great guitar work by Brian Godding and impressive vocals dominate the music. A lot of guest musicians supported the band, among others: Julie Driscoll, Mick Taylor. Released for the first time on CD, the album was digitally remastered and shows a brilliant sound. It also comes with comprehensive booklet including full band story, lyrics and photos never seen before. 2 Bonustracks. Absolutely recommended!","robots":{"index":"index","follow":"follow","max-snippet":"max-snippet:-1","max-image-preview":"max-image-preview:large","max-video-preview":"max-video-preview:-1"},"canonical":"https:\/\/wpguerssen-test.odoo.rgbconsulting.com\/es\/producto\/workers-playtime\/","og_locale":"es_ES","og_type":"article","og_title":"B.B. BLUNDER - Worker's playtime -  (CD) | Guerssen","og_description":"Often regarded as Blossom Toes 3rd LP, this is the most underrated album of the early 70ties (1971). So, it was not really a surprise, that the first re-release of the album on Vinyl (on Decal) in 1989 was credited to Blossom Toes 70. Brian Godding, Brian Belshaw and Kevin Westlake showed again their great talent to create songs beside the mainstream but always melodious and with clever lyrics. Great guitar work by Brian Godding and impressive vocals dominate the music. A lot of guest musicians supported the band, among others: Julie Driscoll, Mick Taylor. Released for the first time on CD, the album was digitally remastered and shows a brilliant sound. It also comes with comprehensive booklet including full band story, lyrics and photos never seen before. 2 Bonustracks. Absolutely recommended!","og_url":"https:\/\/wpguerssen-test.odoo.rgbconsulting.com\/es\/producto\/workers-playtime\/","og_site_name":"Guerssen records","article_modified_time":"2024-06-12T14:36:35+00:00","og_image":[{"width":940,"height":940,"url":"https:\/\/wpguerssen-test.odoo.rgbconsulting.com\/wp-content\/uploads\/2024\/06\/7600.jpg","type":"image\/jpeg"}],"twitter_card":"summary_large_image","twitter_title":"B.B. BLUNDER - Worker's playtime -  (CD) | Guerssen","schema":{"@context":"https:\/\/schema.org","@graph":[{"@type":"WebPage","@id":"https:\/\/wpguerssen-test.odoo.rgbconsulting.com\/es\/producto\/workers-playtime\/","url":"https:\/\/wpguerssen-test.odoo.rgbconsulting.com\/es\/producto\/workers-playtime\/","name":"B.B. BLUNDER - Worker's playtime - (CD) | Guerssen","isPartOf":{"@id":"https:\/\/wpguerssen-test.odoo.rgbconsulting.com\/es\/#website"},"primaryImageOfPage":{"@id":"https:\/\/wpguerssen-test.odoo.rgbconsulting.com\/es\/producto\/workers-playtime\/#primaryimage"},"image":{"@id":"https:\/\/wpguerssen-test.odoo.rgbconsulting.com\/es\/producto\/workers-playtime\/#primaryimage"},"thumbnailUrl":"https:\/\/wpguerssen-test.odoo.rgbconsulting.com\/wp-content\/uploads\/2024\/06\/7600.jpg","datePublished":"2006-03-26T22:00:00+00:00","dateModified":"2024-06-12T14:36:35+00:00","description":"Often regarded as Blossom Toes 3rd LP, this is the most underrated album of the early 70ties (1971). So, it was not really a surprise, that the first re-release of the album on Vinyl (on Decal) in 1989 was credited to Blossom Toes 70. Brian Godding, Brian Belshaw and Kevin Westlake showed again their great talent to create songs beside the mainstream but always melodious and with clever lyrics. Great guitar work by Brian Godding and impressive vocals dominate the music. A lot of guest musicians supported the band, among others: Julie Driscoll, Mick Taylor. Released for the first time on CD, the album was digitally remastered and shows a brilliant sound. It also comes with comprehensive booklet including full band story, lyrics and photos never seen before. 2 Bonustracks. Absolutely recommended!","breadcrumb":{"@id":"https:\/\/wpguerssen-test.odoo.rgbconsulting.com\/es\/producto\/workers-playtime\/#breadcrumb"},"inLanguage":"es","potentialAction":[{"@type":"ReadAction","target":["https:\/\/wpguerssen-test.odoo.rgbconsulting.com\/es\/producto\/workers-playtime\/"]}]},{"@type":"ImageObject","inLanguage":"es","@id":"https:\/\/wpguerssen-test.odoo.rgbconsulting.com\/es\/producto\/workers-playtime\/#primaryimage","url":"https:\/\/wpguerssen-test.odoo.rgbconsulting.com\/wp-content\/uploads\/2024\/06\/7600.jpg","contentUrl":"https:\/\/wpguerssen-test.odoo.rgbconsulting.com\/wp-content\/uploads\/2024\/06\/7600.jpg","width":940,"height":940},{"@type":"BreadcrumbList","@id":"https:\/\/wpguerssen-test.odoo.rgbconsulting.com\/es\/producto\/workers-playtime\/#breadcrumb","itemListElement":[{"@type":"ListItem","position":1,"name":"Inicio","item":"https:\/\/wpguerssen-test.odoo.rgbconsulting.com\/es\/"},{"@type":"ListItem","position":2,"name":"Shop","item":"https:\/\/wpguerssen-test.odoo.rgbconsulting.com\/shop\/"},{"@type":"ListItem","position":3,"name":"Worker&#8217;s playtime"}]},{"@type":"WebSite","@id":"https:\/\/wpguerssen-test.odoo.rgbconsulting.com\/es\/#website","url":"https:\/\/wpguerssen-test.odoo.rgbconsulting.com\/es\/","name":"Guerssen records","description":"psychedelia - progressive - folk - garage ","publisher":{"@id":"https:\/\/wpguerssen-test.odoo.rgbconsulting.com\/es\/#organization"},"potentialAction":[{"@type":"SearchAction","target":{"@type":"EntryPoint","urlTemplate":"https:\/\/wpguerssen-test.odoo.rgbconsulting.com\/es\/?s={search_term_string}"},"query-input":{"@type":"PropertyValueSpecification","valueRequired":true,"valueName":"search_term_string"}}],"inLanguage":"es"},{"@type":"Organization","@id":"https:\/\/wpguerssen-test.odoo.rgbconsulting.com\/es\/#organization","name":"Guerssen records","url":"https:\/\/wpguerssen-test.odoo.rgbconsulting.com\/es\/","logo":{"@type":"ImageObject","inLanguage":"es","@id":"https:\/\/wpguerssen-test.odoo.rgbconsulting.com\/es\/#\/schema\/logo\/image\/","url":"https:\/\/wpguerssen-test.odoo.rgbconsulting.com\/wp-content\/uploads\/2022\/04\/Logo_Guerssen_trans_100.png","contentUrl":"https:\/\/wpguerssen-test.odoo.rgbconsulting.com\/wp-content\/uploads\/2022\/04\/Logo_Guerssen_trans_100.png","width":122,"height":100,"caption":"Guerssen records"},"image":{"@id":"https:\/\/wpguerssen-test.odoo.rgbconsulting.com\/es\/#\/schema\/logo\/image\/"}}]}},"_links":{"self":[{"href":"https:\/\/wpguerssen-test.odoo.rgbconsulting.com\/es\/wp-json\/wp\/v2\/product\/267490","targetHints":{"allow":["GET"]}}],"collection":[{"href":"https:\/\/wpguerssen-test.odoo.rgbconsulting.com\/es\/wp-json\/wp\/v2\/product"}],"about":[{"href":"https:\/\/wpguerssen-test.odoo.rgbconsulting.com\/es\/wp-json\/wp\/v2\/types\/product"}],"wp:featuredmedia":[{"embeddable":true,"href":"https:\/\/wpguerssen-test.odoo.rgbconsulting.com\/es\/wp-json\/wp\/v2\/media\/270137"}],"wp:attachment":[{"href":"https:\/\/wpguerssen-test.odoo.rgbconsulting.com\/es\/wp-json\/wp\/v2\/media?parent=267490"}],"wp:term":[{"taxonomy":"product_brand","embeddable":true,"href":"https:\/\/wpguerssen-test.odoo.rgbconsulting.com\/es\/wp-json\/wp\/v2\/product_brand?post=267490"},{"taxonomy":"product_cat","embeddable":true,"href":"https:\/\/wpguerssen-test.odoo.rgbconsulting.com\/es\/wp-json\/wp\/v2\/product_cat?post=267490"},{"taxonomy":"product_tag","embeddable":true,"href":"https:\/\/wpguerssen-test.odoo.rgbconsulting.com\/es\/wp-json\/wp\/v2\/product_tag?post=267490"}],"curies":[{"name":"wp","href":"https:\/\/api.w.org\/{rel}","templated":true}]}}