{"id":267491,"date":"2006-07-05T00:00:00","date_gmt":"2006-07-04T22:00:00","guid":{"rendered":"https:\/\/wpguerssen-test.odoo.rgbconsulting.com\/product\/nature-boy\/"},"modified":"2024-06-12T16:36:45","modified_gmt":"2024-06-12T14:36:45","slug":"nature-boy","status":"publish","type":"product","link":"https:\/\/wpguerssen-test.odoo.rgbconsulting.com\/es\/producto\/nature-boy\/","title":{"rendered":"Nature boy"},"content":{"rendered":"<p>Joya perdida que Verve edit\u00f3 en el 69 y que por primera vez se reedita en CD. Joe Beck, uno de los m\u00e1s famosos guitarristas de jazz, grab\u00f3 este \u00e1lbum con su colega Donald McDonald a la bater\u00eda y entre los otros m\u00fasicos est\u00e1n gente como Danny Whitten, guitarrista de Crazy Horse antes de que trabajaran juntos con Neil Young.<br \/>En este \u00e1lbum Beck, influenciado por Eric Clapton y Jimi Hendrix, cre\u00f3 un rock psicod\u00e9lico con ligeros aires jazz, wah-wah&#8230; Booklet con infos y sonido de masters.<\/p>\n","protected":false},"excerpt":{"rendered":"<p>Joya perdida que Verve edit\u00f3 en el 69 y que por primera vez se reedita en CD. Joe Beck, uno de los m\u00e1s famosos guitarristas de jazz, grab\u00f3 este \u00e1lbum con su colega<a class=\"read\" href=\"https:\/\/wpguerssen-test.odoo.rgbconsulting.com\/es\/producto\/nature-boy\/\"> (...)<\/a>","protected":false},"featured_media":270139,"template":"","meta":{"_acf_changed":false},"product_brand":[],"product_cat":[21639],"product_tag":[],"class_list":{"0":"post-267491","1":"product","2":"type-product","3":"status-publish","4":"has-post-thumbnail","6":"product_cat-psychedelic60s-70s-es","7":"pa_artist-beck-joe","8":"pa_format-cd-2-es","9":"pa_gender-psychedelic60s-70s","10":"pa_label-long-hair-es","11":"pa_location-north-america-es","13":"first","14":"instock","15":"taxable","16":"shipping-taxable","17":"purchasable","18":"product-type-simple"},"acf":[],"yoast_head":"<!-- This site is optimized with the Yoast SEO plugin v24.9 - https:\/\/yoast.com\/wordpress\/plugins\/seo\/ -->\n<title>BECK, Joe - Nature boy -  (CD) | Guerssen<\/title>\n<meta name=\"description\" content=\"Originally released 1969 on Verve this is a truly lost jewel, released for the first time on CD. Joe Beck, one of the most famous jazz guitar players, recorded this album with fellow Donald McDonald on drums and among guest musicians is Danny Whitten, guitar player of Crazy Horse before they worked together with Neil Young. On this album Beck, influenced by Eric Clapton and Jimi Hendrix, created a song-oriented psychedelic rock style with slightly jazz influences showing his remarkable guitar skills, including some fine Wah-Wah treatments. Really great stuff. CD comes with informative booklet. Highly recommended.\" \/>\n<meta name=\"robots\" content=\"index, follow, max-snippet:-1, max-image-preview:large, max-video-preview:-1\" \/>\n<link rel=\"canonical\" href=\"https:\/\/wpguerssen-test.odoo.rgbconsulting.com\/es\/producto\/nature-boy\/\" \/>\n<meta property=\"og:locale\" content=\"es_ES\" \/>\n<meta property=\"og:type\" content=\"article\" \/>\n<meta property=\"og:title\" content=\"BECK, Joe - Nature boy -  (CD) | Guerssen\" \/>\n<meta property=\"og:description\" content=\"Originally released 1969 on Verve this is a truly lost jewel, released for the first time on CD. Joe Beck, one of the most famous jazz guitar players, recorded this album with fellow Donald McDonald on drums and among guest musicians is Danny Whitten, guitar player of Crazy Horse before they worked together with Neil Young. On this album Beck, influenced by Eric Clapton and Jimi Hendrix, created a song-oriented psychedelic rock style with slightly jazz influences showing his remarkable guitar skills, including some fine Wah-Wah treatments. Really great stuff. CD comes with informative booklet. Highly recommended.\" \/>\n<meta property=\"og:url\" content=\"https:\/\/wpguerssen-test.odoo.rgbconsulting.com\/es\/producto\/nature-boy\/\" \/>\n<meta property=\"og:site_name\" content=\"Guerssen records\" \/>\n<meta property=\"article:modified_time\" content=\"2024-06-12T14:36:45+00:00\" \/>\n<meta property=\"og:image\" content=\"https:\/\/wpguerssen-test.odoo.rgbconsulting.com\/wp-content\/uploads\/2024\/06\/7844.jpg\" \/>\n\t<meta property=\"og:image:width\" content=\"600\" \/>\n\t<meta property=\"og:image:height\" content=\"595\" \/>\n\t<meta property=\"og:image:type\" content=\"image\/jpeg\" \/>\n<meta name=\"twitter:card\" content=\"summary_large_image\" \/>\n<meta name=\"twitter:title\" content=\"BECK, Joe - Nature boy -  (CD) | Guerssen\" \/>\n<script type=\"application\/ld+json\" class=\"yoast-schema-graph\">{\"@context\":\"https:\/\/schema.org\",\"@graph\":[{\"@type\":\"WebPage\",\"@id\":\"https:\/\/wpguerssen-test.odoo.rgbconsulting.com\/es\/producto\/nature-boy\/\",\"url\":\"https:\/\/wpguerssen-test.odoo.rgbconsulting.com\/es\/producto\/nature-boy\/\",\"name\":\"BECK, Joe - Nature boy - (CD) | Guerssen\",\"isPartOf\":{\"@id\":\"https:\/\/wpguerssen-test.odoo.rgbconsulting.com\/es\/#website\"},\"primaryImageOfPage\":{\"@id\":\"https:\/\/wpguerssen-test.odoo.rgbconsulting.com\/es\/producto\/nature-boy\/#primaryimage\"},\"image\":{\"@id\":\"https:\/\/wpguerssen-test.odoo.rgbconsulting.com\/es\/producto\/nature-boy\/#primaryimage\"},\"thumbnailUrl\":\"https:\/\/wpguerssen-test.odoo.rgbconsulting.com\/wp-content\/uploads\/2024\/06\/7844.jpg\",\"datePublished\":\"2006-07-04T22:00:00+00:00\",\"dateModified\":\"2024-06-12T14:36:45+00:00\",\"description\":\"Originally released 1969 on Verve this is a truly lost jewel, released for the first time on CD. Joe Beck, one of the most famous jazz guitar players, recorded this album with fellow Donald McDonald on drums and among guest musicians is Danny Whitten, guitar player of Crazy Horse before they worked together with Neil Young. On this album Beck, influenced by Eric Clapton and Jimi Hendrix, created a song-oriented psychedelic rock style with slightly jazz influences showing his remarkable guitar skills, including some fine Wah-Wah treatments. Really great stuff. CD comes with informative booklet. Highly recommended.\",\"breadcrumb\":{\"@id\":\"https:\/\/wpguerssen-test.odoo.rgbconsulting.com\/es\/producto\/nature-boy\/#breadcrumb\"},\"inLanguage\":\"es\",\"potentialAction\":[{\"@type\":\"ReadAction\",\"target\":[\"https:\/\/wpguerssen-test.odoo.rgbconsulting.com\/es\/producto\/nature-boy\/\"]}]},{\"@type\":\"ImageObject\",\"inLanguage\":\"es\",\"@id\":\"https:\/\/wpguerssen-test.odoo.rgbconsulting.com\/es\/producto\/nature-boy\/#primaryimage\",\"url\":\"https:\/\/wpguerssen-test.odoo.rgbconsulting.com\/wp-content\/uploads\/2024\/06\/7844.jpg\",\"contentUrl\":\"https:\/\/wpguerssen-test.odoo.rgbconsulting.com\/wp-content\/uploads\/2024\/06\/7844.jpg\",\"width\":600,\"height\":595,\"caption\":\"Joe - Nature boy - LONG HAIR (CD) | Guerssen\"},{\"@type\":\"BreadcrumbList\",\"@id\":\"https:\/\/wpguerssen-test.odoo.rgbconsulting.com\/es\/producto\/nature-boy\/#breadcrumb\",\"itemListElement\":[{\"@type\":\"ListItem\",\"position\":1,\"name\":\"Inicio\",\"item\":\"https:\/\/wpguerssen-test.odoo.rgbconsulting.com\/es\/\"},{\"@type\":\"ListItem\",\"position\":2,\"name\":\"Shop\",\"item\":\"https:\/\/wpguerssen-test.odoo.rgbconsulting.com\/shop\/\"},{\"@type\":\"ListItem\",\"position\":3,\"name\":\"Nature boy\"}]},{\"@type\":\"WebSite\",\"@id\":\"https:\/\/wpguerssen-test.odoo.rgbconsulting.com\/es\/#website\",\"url\":\"https:\/\/wpguerssen-test.odoo.rgbconsulting.com\/es\/\",\"name\":\"Guerssen records\",\"description\":\"psychedelia - progressive - folk - garage \",\"publisher\":{\"@id\":\"https:\/\/wpguerssen-test.odoo.rgbconsulting.com\/es\/#organization\"},\"potentialAction\":[{\"@type\":\"SearchAction\",\"target\":{\"@type\":\"EntryPoint\",\"urlTemplate\":\"https:\/\/wpguerssen-test.odoo.rgbconsulting.com\/es\/?s={search_term_string}\"},\"query-input\":{\"@type\":\"PropertyValueSpecification\",\"valueRequired\":true,\"valueName\":\"search_term_string\"}}],\"inLanguage\":\"es\"},{\"@type\":\"Organization\",\"@id\":\"https:\/\/wpguerssen-test.odoo.rgbconsulting.com\/es\/#organization\",\"name\":\"Guerssen records\",\"url\":\"https:\/\/wpguerssen-test.odoo.rgbconsulting.com\/es\/\",\"logo\":{\"@type\":\"ImageObject\",\"inLanguage\":\"es\",\"@id\":\"https:\/\/wpguerssen-test.odoo.rgbconsulting.com\/es\/#\/schema\/logo\/image\/\",\"url\":\"https:\/\/wpguerssen-test.odoo.rgbconsulting.com\/wp-content\/uploads\/2022\/04\/Logo_Guerssen_trans_100.png\",\"contentUrl\":\"https:\/\/wpguerssen-test.odoo.rgbconsulting.com\/wp-content\/uploads\/2022\/04\/Logo_Guerssen_trans_100.png\",\"width\":122,\"height\":100,\"caption\":\"Guerssen records\"},\"image\":{\"@id\":\"https:\/\/wpguerssen-test.odoo.rgbconsulting.com\/es\/#\/schema\/logo\/image\/\"}}]}<\/script>\n<!-- \/ Yoast SEO plugin. -->","yoast_head_json":{"title":"BECK, Joe - Nature boy -  (CD) | Guerssen","description":"Originally released 1969 on Verve this is a truly lost jewel, released for the first time on CD. Joe Beck, one of the most famous jazz guitar players, recorded this album with fellow Donald McDonald on drums and among guest musicians is Danny Whitten, guitar player of Crazy Horse before they worked together with Neil Young. On this album Beck, influenced by Eric Clapton and Jimi Hendrix, created a song-oriented psychedelic rock style with slightly jazz influences showing his remarkable guitar skills, including some fine Wah-Wah treatments. Really great stuff. CD comes with informative booklet. Highly recommended.","robots":{"index":"index","follow":"follow","max-snippet":"max-snippet:-1","max-image-preview":"max-image-preview:large","max-video-preview":"max-video-preview:-1"},"canonical":"https:\/\/wpguerssen-test.odoo.rgbconsulting.com\/es\/producto\/nature-boy\/","og_locale":"es_ES","og_type":"article","og_title":"BECK, Joe - Nature boy -  (CD) | Guerssen","og_description":"Originally released 1969 on Verve this is a truly lost jewel, released for the first time on CD. Joe Beck, one of the most famous jazz guitar players, recorded this album with fellow Donald McDonald on drums and among guest musicians is Danny Whitten, guitar player of Crazy Horse before they worked together with Neil Young. On this album Beck, influenced by Eric Clapton and Jimi Hendrix, created a song-oriented psychedelic rock style with slightly jazz influences showing his remarkable guitar skills, including some fine Wah-Wah treatments. Really great stuff. CD comes with informative booklet. Highly recommended.","og_url":"https:\/\/wpguerssen-test.odoo.rgbconsulting.com\/es\/producto\/nature-boy\/","og_site_name":"Guerssen records","article_modified_time":"2024-06-12T14:36:45+00:00","og_image":[{"width":600,"height":595,"url":"https:\/\/wpguerssen-test.odoo.rgbconsulting.com\/wp-content\/uploads\/2024\/06\/7844.jpg","type":"image\/jpeg"}],"twitter_card":"summary_large_image","twitter_title":"BECK, Joe - Nature boy -  (CD) | Guerssen","schema":{"@context":"https:\/\/schema.org","@graph":[{"@type":"WebPage","@id":"https:\/\/wpguerssen-test.odoo.rgbconsulting.com\/es\/producto\/nature-boy\/","url":"https:\/\/wpguerssen-test.odoo.rgbconsulting.com\/es\/producto\/nature-boy\/","name":"BECK, Joe - Nature boy - (CD) | Guerssen","isPartOf":{"@id":"https:\/\/wpguerssen-test.odoo.rgbconsulting.com\/es\/#website"},"primaryImageOfPage":{"@id":"https:\/\/wpguerssen-test.odoo.rgbconsulting.com\/es\/producto\/nature-boy\/#primaryimage"},"image":{"@id":"https:\/\/wpguerssen-test.odoo.rgbconsulting.com\/es\/producto\/nature-boy\/#primaryimage"},"thumbnailUrl":"https:\/\/wpguerssen-test.odoo.rgbconsulting.com\/wp-content\/uploads\/2024\/06\/7844.jpg","datePublished":"2006-07-04T22:00:00+00:00","dateModified":"2024-06-12T14:36:45+00:00","description":"Originally released 1969 on Verve this is a truly lost jewel, released for the first time on CD. Joe Beck, one of the most famous jazz guitar players, recorded this album with fellow Donald McDonald on drums and among guest musicians is Danny Whitten, guitar player of Crazy Horse before they worked together with Neil Young. On this album Beck, influenced by Eric Clapton and Jimi Hendrix, created a song-oriented psychedelic rock style with slightly jazz influences showing his remarkable guitar skills, including some fine Wah-Wah treatments. Really great stuff. CD comes with informative booklet. Highly recommended.","breadcrumb":{"@id":"https:\/\/wpguerssen-test.odoo.rgbconsulting.com\/es\/producto\/nature-boy\/#breadcrumb"},"inLanguage":"es","potentialAction":[{"@type":"ReadAction","target":["https:\/\/wpguerssen-test.odoo.rgbconsulting.com\/es\/producto\/nature-boy\/"]}]},{"@type":"ImageObject","inLanguage":"es","@id":"https:\/\/wpguerssen-test.odoo.rgbconsulting.com\/es\/producto\/nature-boy\/#primaryimage","url":"https:\/\/wpguerssen-test.odoo.rgbconsulting.com\/wp-content\/uploads\/2024\/06\/7844.jpg","contentUrl":"https:\/\/wpguerssen-test.odoo.rgbconsulting.com\/wp-content\/uploads\/2024\/06\/7844.jpg","width":600,"height":595,"caption":"Joe - Nature boy - LONG HAIR (CD) | Guerssen"},{"@type":"BreadcrumbList","@id":"https:\/\/wpguerssen-test.odoo.rgbconsulting.com\/es\/producto\/nature-boy\/#breadcrumb","itemListElement":[{"@type":"ListItem","position":1,"name":"Inicio","item":"https:\/\/wpguerssen-test.odoo.rgbconsulting.com\/es\/"},{"@type":"ListItem","position":2,"name":"Shop","item":"https:\/\/wpguerssen-test.odoo.rgbconsulting.com\/shop\/"},{"@type":"ListItem","position":3,"name":"Nature boy"}]},{"@type":"WebSite","@id":"https:\/\/wpguerssen-test.odoo.rgbconsulting.com\/es\/#website","url":"https:\/\/wpguerssen-test.odoo.rgbconsulting.com\/es\/","name":"Guerssen records","description":"psychedelia - progressive - folk - garage ","publisher":{"@id":"https:\/\/wpguerssen-test.odoo.rgbconsulting.com\/es\/#organization"},"potentialAction":[{"@type":"SearchAction","target":{"@type":"EntryPoint","urlTemplate":"https:\/\/wpguerssen-test.odoo.rgbconsulting.com\/es\/?s={search_term_string}"},"query-input":{"@type":"PropertyValueSpecification","valueRequired":true,"valueName":"search_term_string"}}],"inLanguage":"es"},{"@type":"Organization","@id":"https:\/\/wpguerssen-test.odoo.rgbconsulting.com\/es\/#organization","name":"Guerssen records","url":"https:\/\/wpguerssen-test.odoo.rgbconsulting.com\/es\/","logo":{"@type":"ImageObject","inLanguage":"es","@id":"https:\/\/wpguerssen-test.odoo.rgbconsulting.com\/es\/#\/schema\/logo\/image\/","url":"https:\/\/wpguerssen-test.odoo.rgbconsulting.com\/wp-content\/uploads\/2022\/04\/Logo_Guerssen_trans_100.png","contentUrl":"https:\/\/wpguerssen-test.odoo.rgbconsulting.com\/wp-content\/uploads\/2022\/04\/Logo_Guerssen_trans_100.png","width":122,"height":100,"caption":"Guerssen records"},"image":{"@id":"https:\/\/wpguerssen-test.odoo.rgbconsulting.com\/es\/#\/schema\/logo\/image\/"}}]}},"_links":{"self":[{"href":"https:\/\/wpguerssen-test.odoo.rgbconsulting.com\/es\/wp-json\/wp\/v2\/product\/267491","targetHints":{"allow":["GET"]}}],"collection":[{"href":"https:\/\/wpguerssen-test.odoo.rgbconsulting.com\/es\/wp-json\/wp\/v2\/product"}],"about":[{"href":"https:\/\/wpguerssen-test.odoo.rgbconsulting.com\/es\/wp-json\/wp\/v2\/types\/product"}],"wp:featuredmedia":[{"embeddable":true,"href":"https:\/\/wpguerssen-test.odoo.rgbconsulting.com\/es\/wp-json\/wp\/v2\/media\/270139"}],"wp:attachment":[{"href":"https:\/\/wpguerssen-test.odoo.rgbconsulting.com\/es\/wp-json\/wp\/v2\/media?parent=267491"}],"wp:term":[{"taxonomy":"product_brand","embeddable":true,"href":"https:\/\/wpguerssen-test.odoo.rgbconsulting.com\/es\/wp-json\/wp\/v2\/product_brand?post=267491"},{"taxonomy":"product_cat","embeddable":true,"href":"https:\/\/wpguerssen-test.odoo.rgbconsulting.com\/es\/wp-json\/wp\/v2\/product_cat?post=267491"},{"taxonomy":"product_tag","embeddable":true,"href":"https:\/\/wpguerssen-test.odoo.rgbconsulting.com\/es\/wp-json\/wp\/v2\/product_tag?post=267491"}],"curies":[{"name":"wp","href":"https:\/\/api.w.org\/{rel}","templated":true}]}}