{"id":267493,"date":"2007-02-26T00:00:00","date_gmt":"2007-02-25T23:00:00","guid":{"rendered":"https:\/\/wpguerssen-test.odoo.rgbconsulting.com\/product\/ill-be-back-live-75\/"},"modified":"2024-06-12T16:37:07","modified_gmt":"2024-06-12T14:37:07","slug":"ill-be-back-live-75","status":"publish","type":"product","link":"https:\/\/wpguerssen-test.odoo.rgbconsulting.com\/es\/producto\/ill-be-back-live-75\/","title":{"rendered":"I&#8217;ll be back, Live&#8217; 75"},"content":{"rendered":"<p>Por primera vez editado, concierto de 1975 en su ciudad natal, Bremen. Incluye temas in\u00e9ditos, gran trabajo de guitarra y \u00f3rgano. Sonido remasterizado y booklet de 12 p\u00e1ginas.<\/p>\n","protected":false},"excerpt":{"rendered":"<p>Por primera vez editado, concierto de 1975 en su ciudad natal, Bremen. Incluye temas in\u00e9ditos, gran trabajo de guitarra y \u00f3rgano. Sonido remasterizado y booklet<a class=\"read\" href=\"https:\/\/wpguerssen-test.odoo.rgbconsulting.com\/es\/producto\/ill-be-back-live-75\/\"> (...)<\/a>","protected":false},"featured_media":270143,"template":"","meta":{"_acf_changed":false},"product_brand":[],"product_cat":[23215,23230],"product_tag":[],"class_list":{"0":"post-267493","1":"product","2":"type-product","3":"status-publish","4":"has-post-thumbnail","6":"product_cat-progressive60s-70s-es","7":"product_cat-krautrock-es-2","8":"pa_artist-thirsty-moon-es","9":"pa_format-cd-2-es","10":"pa_gender-krautrock-progressive60s-70s","11":"pa_label-long-hair-es","12":"pa_location-europe-es","14":"first","15":"instock","16":"taxable","17":"shipping-taxable","18":"purchasable","19":"product-type-simple"},"acf":[],"yoast_head":"<!-- This site is optimized with the Yoast SEO plugin v24.9 - https:\/\/yoast.com\/wordpress\/plugins\/seo\/ -->\n<title>THIRSTY MOON - I&#039;ll be back, Live&#039; 75 -  (CD) | Guerssen<\/title>\n<meta name=\"description\" content=\"Released for the first time this is a recording of a concert Thirsty Moon gave on 29th May 1975 in their hometown Bremen, Germany. The program shows titles from the beginning of the band and new tracks neither released on an album before nor after the concert. The band, now as a four piece, played for their life dominated by guitar and keyboard playing. Improvisation on old titles and new songs show the band at it_x0013_ best. The original tape was restored and the sound is surprisingly good. Comes with fully coloured 12 pages booklet, never seen before photos and liner notes by Jn Drogies.\" \/>\n<meta name=\"robots\" content=\"index, follow, max-snippet:-1, max-image-preview:large, max-video-preview:-1\" \/>\n<link rel=\"canonical\" href=\"https:\/\/wpguerssen-test.odoo.rgbconsulting.com\/es\/producto\/ill-be-back-live-75\/\" \/>\n<meta property=\"og:locale\" content=\"es_ES\" \/>\n<meta property=\"og:type\" content=\"article\" \/>\n<meta property=\"og:title\" content=\"THIRSTY MOON - I&#039;ll be back, Live&#039; 75 -  (CD) | Guerssen\" \/>\n<meta property=\"og:description\" content=\"Released for the first time this is a recording of a concert Thirsty Moon gave on 29th May 1975 in their hometown Bremen, Germany. The program shows titles from the beginning of the band and new tracks neither released on an album before nor after the concert. The band, now as a four piece, played for their life dominated by guitar and keyboard playing. Improvisation on old titles and new songs show the band at it_x0013_ best. The original tape was restored and the sound is surprisingly good. Comes with fully coloured 12 pages booklet, never seen before photos and liner notes by Jn Drogies.\" \/>\n<meta property=\"og:url\" content=\"https:\/\/wpguerssen-test.odoo.rgbconsulting.com\/es\/producto\/ill-be-back-live-75\/\" \/>\n<meta property=\"og:site_name\" content=\"Guerssen records\" \/>\n<meta property=\"article:modified_time\" content=\"2024-06-12T14:37:07+00:00\" \/>\n<meta property=\"og:image\" content=\"https:\/\/wpguerssen-test.odoo.rgbconsulting.com\/wp-content\/uploads\/2024\/06\/8178.jpg\" \/>\n\t<meta property=\"og:image:width\" content=\"894\" \/>\n\t<meta property=\"og:image:height\" content=\"885\" \/>\n\t<meta property=\"og:image:type\" content=\"image\/jpeg\" \/>\n<meta name=\"twitter:card\" content=\"summary_large_image\" \/>\n<meta name=\"twitter:title\" content=\"THIRSTY MOON - I&#039;ll be back, Live&#039; 75 -  (CD) | Guerssen\" \/>\n<script type=\"application\/ld+json\" class=\"yoast-schema-graph\">{\"@context\":\"https:\/\/schema.org\",\"@graph\":[{\"@type\":\"WebPage\",\"@id\":\"https:\/\/wpguerssen-test.odoo.rgbconsulting.com\/es\/producto\/ill-be-back-live-75\/\",\"url\":\"https:\/\/wpguerssen-test.odoo.rgbconsulting.com\/es\/producto\/ill-be-back-live-75\/\",\"name\":\"THIRSTY MOON - I'll be back, Live' 75 - (CD) | Guerssen\",\"isPartOf\":{\"@id\":\"https:\/\/wpguerssen-test.odoo.rgbconsulting.com\/es\/#website\"},\"primaryImageOfPage\":{\"@id\":\"https:\/\/wpguerssen-test.odoo.rgbconsulting.com\/es\/producto\/ill-be-back-live-75\/#primaryimage\"},\"image\":{\"@id\":\"https:\/\/wpguerssen-test.odoo.rgbconsulting.com\/es\/producto\/ill-be-back-live-75\/#primaryimage\"},\"thumbnailUrl\":\"https:\/\/wpguerssen-test.odoo.rgbconsulting.com\/wp-content\/uploads\/2024\/06\/8178.jpg\",\"datePublished\":\"2007-02-25T23:00:00+00:00\",\"dateModified\":\"2024-06-12T14:37:07+00:00\",\"description\":\"Released for the first time this is a recording of a concert Thirsty Moon gave on 29th May 1975 in their hometown Bremen, Germany. The program shows titles from the beginning of the band and new tracks neither released on an album before nor after the concert. The band, now as a four piece, played for their life dominated by guitar and keyboard playing. Improvisation on old titles and new songs show the band at it_x0013_ best. The original tape was restored and the sound is surprisingly good. Comes with fully coloured 12 pages booklet, never seen before photos and liner notes by Jn Drogies.\",\"breadcrumb\":{\"@id\":\"https:\/\/wpguerssen-test.odoo.rgbconsulting.com\/es\/producto\/ill-be-back-live-75\/#breadcrumb\"},\"inLanguage\":\"es\",\"potentialAction\":[{\"@type\":\"ReadAction\",\"target\":[\"https:\/\/wpguerssen-test.odoo.rgbconsulting.com\/es\/producto\/ill-be-back-live-75\/\"]}]},{\"@type\":\"ImageObject\",\"inLanguage\":\"es\",\"@id\":\"https:\/\/wpguerssen-test.odoo.rgbconsulting.com\/es\/producto\/ill-be-back-live-75\/#primaryimage\",\"url\":\"https:\/\/wpguerssen-test.odoo.rgbconsulting.com\/wp-content\/uploads\/2024\/06\/8178.jpg\",\"contentUrl\":\"https:\/\/wpguerssen-test.odoo.rgbconsulting.com\/wp-content\/uploads\/2024\/06\/8178.jpg\",\"width\":894,\"height\":885,\"caption\":\"Live' 75 - LONG HAIR (CD) | Guerssen\"},{\"@type\":\"BreadcrumbList\",\"@id\":\"https:\/\/wpguerssen-test.odoo.rgbconsulting.com\/es\/producto\/ill-be-back-live-75\/#breadcrumb\",\"itemListElement\":[{\"@type\":\"ListItem\",\"position\":1,\"name\":\"Inicio\",\"item\":\"https:\/\/wpguerssen-test.odoo.rgbconsulting.com\/es\/\"},{\"@type\":\"ListItem\",\"position\":2,\"name\":\"Shop\",\"item\":\"https:\/\/wpguerssen-test.odoo.rgbconsulting.com\/shop\/\"},{\"@type\":\"ListItem\",\"position\":3,\"name\":\"I&#8217;ll be back, Live&#8217; 75\"}]},{\"@type\":\"WebSite\",\"@id\":\"https:\/\/wpguerssen-test.odoo.rgbconsulting.com\/es\/#website\",\"url\":\"https:\/\/wpguerssen-test.odoo.rgbconsulting.com\/es\/\",\"name\":\"Guerssen records\",\"description\":\"psychedelia - progressive - folk - garage \",\"publisher\":{\"@id\":\"https:\/\/wpguerssen-test.odoo.rgbconsulting.com\/es\/#organization\"},\"potentialAction\":[{\"@type\":\"SearchAction\",\"target\":{\"@type\":\"EntryPoint\",\"urlTemplate\":\"https:\/\/wpguerssen-test.odoo.rgbconsulting.com\/es\/?s={search_term_string}\"},\"query-input\":{\"@type\":\"PropertyValueSpecification\",\"valueRequired\":true,\"valueName\":\"search_term_string\"}}],\"inLanguage\":\"es\"},{\"@type\":\"Organization\",\"@id\":\"https:\/\/wpguerssen-test.odoo.rgbconsulting.com\/es\/#organization\",\"name\":\"Guerssen records\",\"url\":\"https:\/\/wpguerssen-test.odoo.rgbconsulting.com\/es\/\",\"logo\":{\"@type\":\"ImageObject\",\"inLanguage\":\"es\",\"@id\":\"https:\/\/wpguerssen-test.odoo.rgbconsulting.com\/es\/#\/schema\/logo\/image\/\",\"url\":\"https:\/\/wpguerssen-test.odoo.rgbconsulting.com\/wp-content\/uploads\/2022\/04\/Logo_Guerssen_trans_100.png\",\"contentUrl\":\"https:\/\/wpguerssen-test.odoo.rgbconsulting.com\/wp-content\/uploads\/2022\/04\/Logo_Guerssen_trans_100.png\",\"width\":122,\"height\":100,\"caption\":\"Guerssen records\"},\"image\":{\"@id\":\"https:\/\/wpguerssen-test.odoo.rgbconsulting.com\/es\/#\/schema\/logo\/image\/\"}}]}<\/script>\n<!-- \/ Yoast SEO plugin. -->","yoast_head_json":{"title":"THIRSTY MOON - I'll be back, Live' 75 -  (CD) | Guerssen","description":"Released for the first time this is a recording of a concert Thirsty Moon gave on 29th May 1975 in their hometown Bremen, Germany. The program shows titles from the beginning of the band and new tracks neither released on an album before nor after the concert. The band, now as a four piece, played for their life dominated by guitar and keyboard playing. Improvisation on old titles and new songs show the band at it_x0013_ best. The original tape was restored and the sound is surprisingly good. Comes with fully coloured 12 pages booklet, never seen before photos and liner notes by Jn Drogies.","robots":{"index":"index","follow":"follow","max-snippet":"max-snippet:-1","max-image-preview":"max-image-preview:large","max-video-preview":"max-video-preview:-1"},"canonical":"https:\/\/wpguerssen-test.odoo.rgbconsulting.com\/es\/producto\/ill-be-back-live-75\/","og_locale":"es_ES","og_type":"article","og_title":"THIRSTY MOON - I'll be back, Live' 75 -  (CD) | Guerssen","og_description":"Released for the first time this is a recording of a concert Thirsty Moon gave on 29th May 1975 in their hometown Bremen, Germany. The program shows titles from the beginning of the band and new tracks neither released on an album before nor after the concert. The band, now as a four piece, played for their life dominated by guitar and keyboard playing. Improvisation on old titles and new songs show the band at it_x0013_ best. The original tape was restored and the sound is surprisingly good. Comes with fully coloured 12 pages booklet, never seen before photos and liner notes by Jn Drogies.","og_url":"https:\/\/wpguerssen-test.odoo.rgbconsulting.com\/es\/producto\/ill-be-back-live-75\/","og_site_name":"Guerssen records","article_modified_time":"2024-06-12T14:37:07+00:00","og_image":[{"width":894,"height":885,"url":"https:\/\/wpguerssen-test.odoo.rgbconsulting.com\/wp-content\/uploads\/2024\/06\/8178.jpg","type":"image\/jpeg"}],"twitter_card":"summary_large_image","twitter_title":"THIRSTY MOON - I'll be back, Live' 75 -  (CD) | Guerssen","schema":{"@context":"https:\/\/schema.org","@graph":[{"@type":"WebPage","@id":"https:\/\/wpguerssen-test.odoo.rgbconsulting.com\/es\/producto\/ill-be-back-live-75\/","url":"https:\/\/wpguerssen-test.odoo.rgbconsulting.com\/es\/producto\/ill-be-back-live-75\/","name":"THIRSTY MOON - I'll be back, Live' 75 - (CD) | Guerssen","isPartOf":{"@id":"https:\/\/wpguerssen-test.odoo.rgbconsulting.com\/es\/#website"},"primaryImageOfPage":{"@id":"https:\/\/wpguerssen-test.odoo.rgbconsulting.com\/es\/producto\/ill-be-back-live-75\/#primaryimage"},"image":{"@id":"https:\/\/wpguerssen-test.odoo.rgbconsulting.com\/es\/producto\/ill-be-back-live-75\/#primaryimage"},"thumbnailUrl":"https:\/\/wpguerssen-test.odoo.rgbconsulting.com\/wp-content\/uploads\/2024\/06\/8178.jpg","datePublished":"2007-02-25T23:00:00+00:00","dateModified":"2024-06-12T14:37:07+00:00","description":"Released for the first time this is a recording of a concert Thirsty Moon gave on 29th May 1975 in their hometown Bremen, Germany. The program shows titles from the beginning of the band and new tracks neither released on an album before nor after the concert. The band, now as a four piece, played for their life dominated by guitar and keyboard playing. Improvisation on old titles and new songs show the band at it_x0013_ best. The original tape was restored and the sound is surprisingly good. Comes with fully coloured 12 pages booklet, never seen before photos and liner notes by Jn Drogies.","breadcrumb":{"@id":"https:\/\/wpguerssen-test.odoo.rgbconsulting.com\/es\/producto\/ill-be-back-live-75\/#breadcrumb"},"inLanguage":"es","potentialAction":[{"@type":"ReadAction","target":["https:\/\/wpguerssen-test.odoo.rgbconsulting.com\/es\/producto\/ill-be-back-live-75\/"]}]},{"@type":"ImageObject","inLanguage":"es","@id":"https:\/\/wpguerssen-test.odoo.rgbconsulting.com\/es\/producto\/ill-be-back-live-75\/#primaryimage","url":"https:\/\/wpguerssen-test.odoo.rgbconsulting.com\/wp-content\/uploads\/2024\/06\/8178.jpg","contentUrl":"https:\/\/wpguerssen-test.odoo.rgbconsulting.com\/wp-content\/uploads\/2024\/06\/8178.jpg","width":894,"height":885,"caption":"Live' 75 - LONG HAIR (CD) | Guerssen"},{"@type":"BreadcrumbList","@id":"https:\/\/wpguerssen-test.odoo.rgbconsulting.com\/es\/producto\/ill-be-back-live-75\/#breadcrumb","itemListElement":[{"@type":"ListItem","position":1,"name":"Inicio","item":"https:\/\/wpguerssen-test.odoo.rgbconsulting.com\/es\/"},{"@type":"ListItem","position":2,"name":"Shop","item":"https:\/\/wpguerssen-test.odoo.rgbconsulting.com\/shop\/"},{"@type":"ListItem","position":3,"name":"I&#8217;ll be back, Live&#8217; 75"}]},{"@type":"WebSite","@id":"https:\/\/wpguerssen-test.odoo.rgbconsulting.com\/es\/#website","url":"https:\/\/wpguerssen-test.odoo.rgbconsulting.com\/es\/","name":"Guerssen records","description":"psychedelia - progressive - folk - garage ","publisher":{"@id":"https:\/\/wpguerssen-test.odoo.rgbconsulting.com\/es\/#organization"},"potentialAction":[{"@type":"SearchAction","target":{"@type":"EntryPoint","urlTemplate":"https:\/\/wpguerssen-test.odoo.rgbconsulting.com\/es\/?s={search_term_string}"},"query-input":{"@type":"PropertyValueSpecification","valueRequired":true,"valueName":"search_term_string"}}],"inLanguage":"es"},{"@type":"Organization","@id":"https:\/\/wpguerssen-test.odoo.rgbconsulting.com\/es\/#organization","name":"Guerssen records","url":"https:\/\/wpguerssen-test.odoo.rgbconsulting.com\/es\/","logo":{"@type":"ImageObject","inLanguage":"es","@id":"https:\/\/wpguerssen-test.odoo.rgbconsulting.com\/es\/#\/schema\/logo\/image\/","url":"https:\/\/wpguerssen-test.odoo.rgbconsulting.com\/wp-content\/uploads\/2022\/04\/Logo_Guerssen_trans_100.png","contentUrl":"https:\/\/wpguerssen-test.odoo.rgbconsulting.com\/wp-content\/uploads\/2022\/04\/Logo_Guerssen_trans_100.png","width":122,"height":100,"caption":"Guerssen records"},"image":{"@id":"https:\/\/wpguerssen-test.odoo.rgbconsulting.com\/es\/#\/schema\/logo\/image\/"}}]}},"_links":{"self":[{"href":"https:\/\/wpguerssen-test.odoo.rgbconsulting.com\/es\/wp-json\/wp\/v2\/product\/267493","targetHints":{"allow":["GET"]}}],"collection":[{"href":"https:\/\/wpguerssen-test.odoo.rgbconsulting.com\/es\/wp-json\/wp\/v2\/product"}],"about":[{"href":"https:\/\/wpguerssen-test.odoo.rgbconsulting.com\/es\/wp-json\/wp\/v2\/types\/product"}],"wp:featuredmedia":[{"embeddable":true,"href":"https:\/\/wpguerssen-test.odoo.rgbconsulting.com\/es\/wp-json\/wp\/v2\/media\/270143"}],"wp:attachment":[{"href":"https:\/\/wpguerssen-test.odoo.rgbconsulting.com\/es\/wp-json\/wp\/v2\/media?parent=267493"}],"wp:term":[{"taxonomy":"product_brand","embeddable":true,"href":"https:\/\/wpguerssen-test.odoo.rgbconsulting.com\/es\/wp-json\/wp\/v2\/product_brand?post=267493"},{"taxonomy":"product_cat","embeddable":true,"href":"https:\/\/wpguerssen-test.odoo.rgbconsulting.com\/es\/wp-json\/wp\/v2\/product_cat?post=267493"},{"taxonomy":"product_tag","embeddable":true,"href":"https:\/\/wpguerssen-test.odoo.rgbconsulting.com\/es\/wp-json\/wp\/v2\/product_tag?post=267493"}],"curies":[{"name":"wp","href":"https:\/\/api.w.org\/{rel}","templated":true}]}}