{"id":267494,"date":"2007-02-26T00:00:00","date_gmt":"2007-02-25T23:00:00","guid":{"rendered":"https:\/\/wpguerssen-test.odoo.rgbconsulting.com\/product\/swf-sessions\/"},"modified":"2024-08-26T17:52:34","modified_gmt":"2024-08-26T15:52:34","slug":"swf-sessions","status":"publish","type":"product","link":"https:\/\/wpguerssen-test.odoo.rgbconsulting.com\/es\/producto\/swf-sessions\/","title":{"rendered":"SWF sessions"},"content":{"rendered":"<p>Formados en el verano de 1971 en Alemania por el organista Jeff  Beer, el guitarrista holand\u00e9s Rob Terstall, el bajista brit\u00e1nico Ray Brown y el bateria Stuart Fordham, Odin son uno de los grandes misterios en la historia del rock alem\u00e1n.<br \/>Muy poca informaci\u00f3n existe de la banda y por fin con este CD todos los amantes del mejor rock progresivo de principios de los 70 conocer\u00e1n su historia. Excelente progresivo dominado por \u00f3rgano y guitarra, este disco contiene grabaciones en directo para la emisora alemana SWF de 1973, justo despu\u00e9s de editar su \u00fanico album para Vertigo.<br \/>Temas largos incluyendo una versi\u00f3n de 11 minutos de \u00abKing Kong\u00bb de Frank Zappa. Adem\u00e1s, se incluye un bonus track extra\u00eddo de un concierto de 1971. Sonido remasterizado y libreto con fotos y notas informativas.<\/p>\n","protected":false},"excerpt":{"rendered":"<p>Formados en el verano de 1971 en Alemania por el organista Jeff  Beer, el guitarrista holand\u00e9s Rob Terstall, el bajista brit\u00e1nico Ray Brown y el bateria Stuart Fordham,<a class=\"read\" href=\"https:\/\/wpguerssen-test.odoo.rgbconsulting.com\/es\/producto\/swf-sessions\/\"> (...)<\/a>","protected":false},"featured_media":270145,"template":"","meta":{"_acf_changed":false},"product_brand":[],"product_cat":[21639,23224],"product_tag":[],"class_list":{"0":"post-267494","1":"product","2":"type-product","3":"status-publish","4":"has-post-thumbnail","6":"product_cat-psychedelic60s-70s-es","7":"product_cat-hard-rock-60s-70s-es","8":"pa_artist-odin","9":"pa_format-cd-2-es","10":"pa_gender-psychedelic60s-70s-hard-rock-60s-70s","11":"pa_label-long-hair-es","12":"pa_location-uk-ireland-es","14":"first","15":"instock","16":"taxable","17":"shipping-taxable","18":"purchasable","19":"product-type-simple"},"acf":[],"yoast_head":"<!-- This site is optimized with the Yoast SEO plugin v24.9 - https:\/\/yoast.com\/wordpress\/plugins\/seo\/ -->\n<title>ODIN - SWF sessions -  (CD) | Guerssen<\/title>\n<meta name=\"description\" content=\"Founded in summer 1971 in Germany by German organ player Jeff Beer, Dutch guitarist Rob Terstall and English bass player Ray Brown and drummer Stuart Fordham ODIN is one of German-Rockmusic-history greatest mystery. Information about the band are rather rare and with this CD all lovers of progressive rock music of the early seventies will be excellent informed about this great band. The music is played by well educated musicians who play a high level guitar and organ dominated progressive rock. After the release of there one and only album on the famous Vertigo label in 1972, ODIN were invited by German radio SWF to produce 4 titles for a radio show in February 1973. A 12-minutes version of &quot;Live is only&quot; and a 11-minutes version of the Zappa composition &quot;King Kong&quot; are fine examples for ODIN&#039;s terrific musicianship. &quot;Oh no&quot; (6:30) and the Terstall composition &quot;Turnpike lane&quot; make the radio recording session complete. In addition to the radio recordings there is a bonustrack from a concert in autumn 1971 titled &quot;Make up your mind&quot; (13:10) which is an impressive example of the bands early works. All titles are digitally remastered. The booklet contains a comprehensive band history with a lot of rare photos.\" \/>\n<meta name=\"robots\" content=\"index, follow, max-snippet:-1, max-image-preview:large, max-video-preview:-1\" \/>\n<link rel=\"canonical\" href=\"https:\/\/wpguerssen-test.odoo.rgbconsulting.com\/es\/producto\/swf-sessions\/\" \/>\n<meta property=\"og:locale\" content=\"es_ES\" \/>\n<meta property=\"og:type\" content=\"article\" \/>\n<meta property=\"og:title\" content=\"ODIN - SWF sessions -  (CD) | Guerssen\" \/>\n<meta property=\"og:description\" content=\"Founded in summer 1971 in Germany by German organ player Jeff Beer, Dutch guitarist Rob Terstall and English bass player Ray Brown and drummer Stuart Fordham ODIN is one of German-Rockmusic-history greatest mystery. Information about the band are rather rare and with this CD all lovers of progressive rock music of the early seventies will be excellent informed about this great band. The music is played by well educated musicians who play a high level guitar and organ dominated progressive rock. After the release of there one and only album on the famous Vertigo label in 1972, ODIN were invited by German radio SWF to produce 4 titles for a radio show in February 1973. A 12-minutes version of &quot;Live is only&quot; and a 11-minutes version of the Zappa composition &quot;King Kong&quot; are fine examples for ODIN&#039;s terrific musicianship. &quot;Oh no&quot; (6:30) and the Terstall composition &quot;Turnpike lane&quot; make the radio recording session complete. In addition to the radio recordings there is a bonustrack from a concert in autumn 1971 titled &quot;Make up your mind&quot; (13:10) which is an impressive example of the bands early works. All titles are digitally remastered. The booklet contains a comprehensive band history with a lot of rare photos.\" \/>\n<meta property=\"og:url\" content=\"https:\/\/wpguerssen-test.odoo.rgbconsulting.com\/es\/producto\/swf-sessions\/\" \/>\n<meta property=\"og:site_name\" content=\"Guerssen records\" \/>\n<meta property=\"article:modified_time\" content=\"2024-08-26T15:52:34+00:00\" \/>\n<meta property=\"og:image\" content=\"https:\/\/wpguerssen-test.odoo.rgbconsulting.com\/wp-content\/uploads\/2024\/06\/8303.jpg\" \/>\n\t<meta property=\"og:image:width\" content=\"1000\" \/>\n\t<meta property=\"og:image:height\" content=\"989\" \/>\n\t<meta property=\"og:image:type\" content=\"image\/jpeg\" \/>\n<meta name=\"twitter:card\" content=\"summary_large_image\" \/>\n<meta name=\"twitter:title\" content=\"ODIN - SWF sessions -  (CD) | Guerssen\" \/>\n<meta name=\"twitter:label1\" content=\"Tiempo de lectura\" \/>\n\t<meta name=\"twitter:data1\" content=\"1 minuto\" \/>\n<script type=\"application\/ld+json\" class=\"yoast-schema-graph\">{\"@context\":\"https:\/\/schema.org\",\"@graph\":[{\"@type\":\"WebPage\",\"@id\":\"https:\/\/wpguerssen-test.odoo.rgbconsulting.com\/es\/producto\/swf-sessions\/\",\"url\":\"https:\/\/wpguerssen-test.odoo.rgbconsulting.com\/es\/producto\/swf-sessions\/\",\"name\":\"ODIN - SWF sessions - (CD) | Guerssen\",\"isPartOf\":{\"@id\":\"https:\/\/wpguerssen-test.odoo.rgbconsulting.com\/es\/#website\"},\"primaryImageOfPage\":{\"@id\":\"https:\/\/wpguerssen-test.odoo.rgbconsulting.com\/es\/producto\/swf-sessions\/#primaryimage\"},\"image\":{\"@id\":\"https:\/\/wpguerssen-test.odoo.rgbconsulting.com\/es\/producto\/swf-sessions\/#primaryimage\"},\"thumbnailUrl\":\"https:\/\/wpguerssen-test.odoo.rgbconsulting.com\/wp-content\/uploads\/2024\/06\/8303.jpg\",\"datePublished\":\"2007-02-25T23:00:00+00:00\",\"dateModified\":\"2024-08-26T15:52:34+00:00\",\"description\":\"Founded in summer 1971 in Germany by German organ player Jeff Beer, Dutch guitarist Rob Terstall and English bass player Ray Brown and drummer Stuart Fordham ODIN is one of German-Rockmusic-history greatest mystery. Information about the band are rather rare and with this CD all lovers of progressive rock music of the early seventies will be excellent informed about this great band. The music is played by well educated musicians who play a high level guitar and organ dominated progressive rock. After the release of there one and only album on the famous Vertigo label in 1972, ODIN were invited by German radio SWF to produce 4 titles for a radio show in February 1973. A 12-minutes version of \\\"Live is only\\\" and a 11-minutes version of the Zappa composition \\\"King Kong\\\" are fine examples for ODIN's terrific musicianship. \\\"Oh no\\\" (6:30) and the Terstall composition \\\"Turnpike lane\\\" make the radio recording session complete. In addition to the radio recordings there is a bonustrack from a concert in autumn 1971 titled \\\"Make up your mind\\\" (13:10) which is an impressive example of the bands early works. All titles are digitally remastered. The booklet contains a comprehensive band history with a lot of rare photos.\",\"breadcrumb\":{\"@id\":\"https:\/\/wpguerssen-test.odoo.rgbconsulting.com\/es\/producto\/swf-sessions\/#breadcrumb\"},\"inLanguage\":\"es\",\"potentialAction\":[{\"@type\":\"ReadAction\",\"target\":[\"https:\/\/wpguerssen-test.odoo.rgbconsulting.com\/es\/producto\/swf-sessions\/\"]}]},{\"@type\":\"ImageObject\",\"inLanguage\":\"es\",\"@id\":\"https:\/\/wpguerssen-test.odoo.rgbconsulting.com\/es\/producto\/swf-sessions\/#primaryimage\",\"url\":\"https:\/\/wpguerssen-test.odoo.rgbconsulting.com\/wp-content\/uploads\/2024\/06\/8303.jpg\",\"contentUrl\":\"https:\/\/wpguerssen-test.odoo.rgbconsulting.com\/wp-content\/uploads\/2024\/06\/8303.jpg\",\"width\":1000,\"height\":989},{\"@type\":\"BreadcrumbList\",\"@id\":\"https:\/\/wpguerssen-test.odoo.rgbconsulting.com\/es\/producto\/swf-sessions\/#breadcrumb\",\"itemListElement\":[{\"@type\":\"ListItem\",\"position\":1,\"name\":\"Inicio\",\"item\":\"https:\/\/wpguerssen-test.odoo.rgbconsulting.com\/es\/\"},{\"@type\":\"ListItem\",\"position\":2,\"name\":\"Shop\",\"item\":\"https:\/\/wpguerssen-test.odoo.rgbconsulting.com\/shop\/\"},{\"@type\":\"ListItem\",\"position\":3,\"name\":\"SWF sessions\"}]},{\"@type\":\"WebSite\",\"@id\":\"https:\/\/wpguerssen-test.odoo.rgbconsulting.com\/es\/#website\",\"url\":\"https:\/\/wpguerssen-test.odoo.rgbconsulting.com\/es\/\",\"name\":\"Guerssen records\",\"description\":\"psychedelia - progressive - folk - garage \",\"publisher\":{\"@id\":\"https:\/\/wpguerssen-test.odoo.rgbconsulting.com\/es\/#organization\"},\"potentialAction\":[{\"@type\":\"SearchAction\",\"target\":{\"@type\":\"EntryPoint\",\"urlTemplate\":\"https:\/\/wpguerssen-test.odoo.rgbconsulting.com\/es\/?s={search_term_string}\"},\"query-input\":{\"@type\":\"PropertyValueSpecification\",\"valueRequired\":true,\"valueName\":\"search_term_string\"}}],\"inLanguage\":\"es\"},{\"@type\":\"Organization\",\"@id\":\"https:\/\/wpguerssen-test.odoo.rgbconsulting.com\/es\/#organization\",\"name\":\"Guerssen records\",\"url\":\"https:\/\/wpguerssen-test.odoo.rgbconsulting.com\/es\/\",\"logo\":{\"@type\":\"ImageObject\",\"inLanguage\":\"es\",\"@id\":\"https:\/\/wpguerssen-test.odoo.rgbconsulting.com\/es\/#\/schema\/logo\/image\/\",\"url\":\"https:\/\/wpguerssen-test.odoo.rgbconsulting.com\/wp-content\/uploads\/2022\/04\/Logo_Guerssen_trans_100.png\",\"contentUrl\":\"https:\/\/wpguerssen-test.odoo.rgbconsulting.com\/wp-content\/uploads\/2022\/04\/Logo_Guerssen_trans_100.png\",\"width\":122,\"height\":100,\"caption\":\"Guerssen records\"},\"image\":{\"@id\":\"https:\/\/wpguerssen-test.odoo.rgbconsulting.com\/es\/#\/schema\/logo\/image\/\"}}]}<\/script>\n<!-- \/ Yoast SEO plugin. -->","yoast_head_json":{"title":"ODIN - SWF sessions -  (CD) | Guerssen","description":"Founded in summer 1971 in Germany by German organ player Jeff Beer, Dutch guitarist Rob Terstall and English bass player Ray Brown and drummer Stuart Fordham ODIN is one of German-Rockmusic-history greatest mystery. Information about the band are rather rare and with this CD all lovers of progressive rock music of the early seventies will be excellent informed about this great band. The music is played by well educated musicians who play a high level guitar and organ dominated progressive rock. After the release of there one and only album on the famous Vertigo label in 1972, ODIN were invited by German radio SWF to produce 4 titles for a radio show in February 1973. A 12-minutes version of \"Live is only\" and a 11-minutes version of the Zappa composition \"King Kong\" are fine examples for ODIN's terrific musicianship. \"Oh no\" (6:30) and the Terstall composition \"Turnpike lane\" make the radio recording session complete. In addition to the radio recordings there is a bonustrack from a concert in autumn 1971 titled \"Make up your mind\" (13:10) which is an impressive example of the bands early works. All titles are digitally remastered. The booklet contains a comprehensive band history with a lot of rare photos.","robots":{"index":"index","follow":"follow","max-snippet":"max-snippet:-1","max-image-preview":"max-image-preview:large","max-video-preview":"max-video-preview:-1"},"canonical":"https:\/\/wpguerssen-test.odoo.rgbconsulting.com\/es\/producto\/swf-sessions\/","og_locale":"es_ES","og_type":"article","og_title":"ODIN - SWF sessions -  (CD) | Guerssen","og_description":"Founded in summer 1971 in Germany by German organ player Jeff Beer, Dutch guitarist Rob Terstall and English bass player Ray Brown and drummer Stuart Fordham ODIN is one of German-Rockmusic-history greatest mystery. Information about the band are rather rare and with this CD all lovers of progressive rock music of the early seventies will be excellent informed about this great band. The music is played by well educated musicians who play a high level guitar and organ dominated progressive rock. After the release of there one and only album on the famous Vertigo label in 1972, ODIN were invited by German radio SWF to produce 4 titles for a radio show in February 1973. A 12-minutes version of \"Live is only\" and a 11-minutes version of the Zappa composition \"King Kong\" are fine examples for ODIN's terrific musicianship. \"Oh no\" (6:30) and the Terstall composition \"Turnpike lane\" make the radio recording session complete. In addition to the radio recordings there is a bonustrack from a concert in autumn 1971 titled \"Make up your mind\" (13:10) which is an impressive example of the bands early works. All titles are digitally remastered. The booklet contains a comprehensive band history with a lot of rare photos.","og_url":"https:\/\/wpguerssen-test.odoo.rgbconsulting.com\/es\/producto\/swf-sessions\/","og_site_name":"Guerssen records","article_modified_time":"2024-08-26T15:52:34+00:00","og_image":[{"width":1000,"height":989,"url":"https:\/\/wpguerssen-test.odoo.rgbconsulting.com\/wp-content\/uploads\/2024\/06\/8303.jpg","type":"image\/jpeg"}],"twitter_card":"summary_large_image","twitter_title":"ODIN - SWF sessions -  (CD) | Guerssen","twitter_misc":{"Tiempo de lectura":"1 minuto"},"schema":{"@context":"https:\/\/schema.org","@graph":[{"@type":"WebPage","@id":"https:\/\/wpguerssen-test.odoo.rgbconsulting.com\/es\/producto\/swf-sessions\/","url":"https:\/\/wpguerssen-test.odoo.rgbconsulting.com\/es\/producto\/swf-sessions\/","name":"ODIN - SWF sessions - (CD) | Guerssen","isPartOf":{"@id":"https:\/\/wpguerssen-test.odoo.rgbconsulting.com\/es\/#website"},"primaryImageOfPage":{"@id":"https:\/\/wpguerssen-test.odoo.rgbconsulting.com\/es\/producto\/swf-sessions\/#primaryimage"},"image":{"@id":"https:\/\/wpguerssen-test.odoo.rgbconsulting.com\/es\/producto\/swf-sessions\/#primaryimage"},"thumbnailUrl":"https:\/\/wpguerssen-test.odoo.rgbconsulting.com\/wp-content\/uploads\/2024\/06\/8303.jpg","datePublished":"2007-02-25T23:00:00+00:00","dateModified":"2024-08-26T15:52:34+00:00","description":"Founded in summer 1971 in Germany by German organ player Jeff Beer, Dutch guitarist Rob Terstall and English bass player Ray Brown and drummer Stuart Fordham ODIN is one of German-Rockmusic-history greatest mystery. Information about the band are rather rare and with this CD all lovers of progressive rock music of the early seventies will be excellent informed about this great band. The music is played by well educated musicians who play a high level guitar and organ dominated progressive rock. After the release of there one and only album on the famous Vertigo label in 1972, ODIN were invited by German radio SWF to produce 4 titles for a radio show in February 1973. A 12-minutes version of \"Live is only\" and a 11-minutes version of the Zappa composition \"King Kong\" are fine examples for ODIN's terrific musicianship. \"Oh no\" (6:30) and the Terstall composition \"Turnpike lane\" make the radio recording session complete. In addition to the radio recordings there is a bonustrack from a concert in autumn 1971 titled \"Make up your mind\" (13:10) which is an impressive example of the bands early works. All titles are digitally remastered. The booklet contains a comprehensive band history with a lot of rare photos.","breadcrumb":{"@id":"https:\/\/wpguerssen-test.odoo.rgbconsulting.com\/es\/producto\/swf-sessions\/#breadcrumb"},"inLanguage":"es","potentialAction":[{"@type":"ReadAction","target":["https:\/\/wpguerssen-test.odoo.rgbconsulting.com\/es\/producto\/swf-sessions\/"]}]},{"@type":"ImageObject","inLanguage":"es","@id":"https:\/\/wpguerssen-test.odoo.rgbconsulting.com\/es\/producto\/swf-sessions\/#primaryimage","url":"https:\/\/wpguerssen-test.odoo.rgbconsulting.com\/wp-content\/uploads\/2024\/06\/8303.jpg","contentUrl":"https:\/\/wpguerssen-test.odoo.rgbconsulting.com\/wp-content\/uploads\/2024\/06\/8303.jpg","width":1000,"height":989},{"@type":"BreadcrumbList","@id":"https:\/\/wpguerssen-test.odoo.rgbconsulting.com\/es\/producto\/swf-sessions\/#breadcrumb","itemListElement":[{"@type":"ListItem","position":1,"name":"Inicio","item":"https:\/\/wpguerssen-test.odoo.rgbconsulting.com\/es\/"},{"@type":"ListItem","position":2,"name":"Shop","item":"https:\/\/wpguerssen-test.odoo.rgbconsulting.com\/shop\/"},{"@type":"ListItem","position":3,"name":"SWF sessions"}]},{"@type":"WebSite","@id":"https:\/\/wpguerssen-test.odoo.rgbconsulting.com\/es\/#website","url":"https:\/\/wpguerssen-test.odoo.rgbconsulting.com\/es\/","name":"Guerssen records","description":"psychedelia - progressive - folk - garage ","publisher":{"@id":"https:\/\/wpguerssen-test.odoo.rgbconsulting.com\/es\/#organization"},"potentialAction":[{"@type":"SearchAction","target":{"@type":"EntryPoint","urlTemplate":"https:\/\/wpguerssen-test.odoo.rgbconsulting.com\/es\/?s={search_term_string}"},"query-input":{"@type":"PropertyValueSpecification","valueRequired":true,"valueName":"search_term_string"}}],"inLanguage":"es"},{"@type":"Organization","@id":"https:\/\/wpguerssen-test.odoo.rgbconsulting.com\/es\/#organization","name":"Guerssen records","url":"https:\/\/wpguerssen-test.odoo.rgbconsulting.com\/es\/","logo":{"@type":"ImageObject","inLanguage":"es","@id":"https:\/\/wpguerssen-test.odoo.rgbconsulting.com\/es\/#\/schema\/logo\/image\/","url":"https:\/\/wpguerssen-test.odoo.rgbconsulting.com\/wp-content\/uploads\/2022\/04\/Logo_Guerssen_trans_100.png","contentUrl":"https:\/\/wpguerssen-test.odoo.rgbconsulting.com\/wp-content\/uploads\/2022\/04\/Logo_Guerssen_trans_100.png","width":122,"height":100,"caption":"Guerssen records"},"image":{"@id":"https:\/\/wpguerssen-test.odoo.rgbconsulting.com\/es\/#\/schema\/logo\/image\/"}}]}},"_links":{"self":[{"href":"https:\/\/wpguerssen-test.odoo.rgbconsulting.com\/es\/wp-json\/wp\/v2\/product\/267494","targetHints":{"allow":["GET"]}}],"collection":[{"href":"https:\/\/wpguerssen-test.odoo.rgbconsulting.com\/es\/wp-json\/wp\/v2\/product"}],"about":[{"href":"https:\/\/wpguerssen-test.odoo.rgbconsulting.com\/es\/wp-json\/wp\/v2\/types\/product"}],"wp:featuredmedia":[{"embeddable":true,"href":"https:\/\/wpguerssen-test.odoo.rgbconsulting.com\/es\/wp-json\/wp\/v2\/media\/270145"}],"wp:attachment":[{"href":"https:\/\/wpguerssen-test.odoo.rgbconsulting.com\/es\/wp-json\/wp\/v2\/media?parent=267494"}],"wp:term":[{"taxonomy":"product_brand","embeddable":true,"href":"https:\/\/wpguerssen-test.odoo.rgbconsulting.com\/es\/wp-json\/wp\/v2\/product_brand?post=267494"},{"taxonomy":"product_cat","embeddable":true,"href":"https:\/\/wpguerssen-test.odoo.rgbconsulting.com\/es\/wp-json\/wp\/v2\/product_cat?post=267494"},{"taxonomy":"product_tag","embeddable":true,"href":"https:\/\/wpguerssen-test.odoo.rgbconsulting.com\/es\/wp-json\/wp\/v2\/product_tag?post=267494"}],"curies":[{"name":"wp","href":"https:\/\/api.w.org\/{rel}","templated":true}]}}