{"id":267498,"date":"2008-10-13T00:00:00","date_gmt":"2008-10-12T22:00:00","guid":{"rendered":"https:\/\/wpguerssen-test.odoo.rgbconsulting.com\/product\/supra-surge\/"},"modified":"2025-03-03T18:27:46","modified_gmt":"2025-03-03T17:27:46","slug":"supra-surge","status":"publish","type":"product","link":"https:\/\/wpguerssen-test.odoo.rgbconsulting.com\/es\/producto\/supra-surge\/","title":{"rendered":"Supra surge"},"content":{"rendered":"<p>Segundo album de Concept, editado en 1980. A pesar del a\u00f1o de grabaci\u00f3n, suena como un disco perdido de Amon Duul de 1972. Gran trabajo de guitarra, \u00f3rgano&#8230;<br \/>Remasterizado, incluye libreto con notas.<\/p>\n","protected":false},"excerpt":{"rendered":"<p>Segundo album de Concept, editado en 1980. A pesar del a\u00f1o de grabaci\u00f3n, suena como un disco perdido de Amon Duul de 1972. Gran trabajo de guitarra, \u00f3rgano&#8230;<br<a class=\"read\" href=\"https:\/\/wpguerssen-test.odoo.rgbconsulting.com\/es\/producto\/supra-surge\/\"> (...)<\/a>","protected":false},"featured_media":270153,"template":"","meta":{"_acf_changed":false},"product_brand":[],"product_cat":[21639],"product_tag":[],"class_list":{"0":"post-267498","1":"product","2":"type-product","3":"status-publish","4":"has-post-thumbnail","6":"product_cat-psychedelic60s-70s-es","7":"pa_artist-concept","8":"pa_format-cd-2-es","9":"pa_gender-psychedelic60s-70s","10":"pa_label-long-hair-es","11":"pa_location-north-america-es","13":"first","14":"instock","15":"taxable","16":"shipping-taxable","17":"purchasable","18":"product-type-simple"},"acf":[],"yoast_head":"<!-- This site is optimized with the Yoast SEO plugin v24.9 - https:\/\/yoast.com\/wordpress\/plugins\/seo\/ -->\n<title>CONCEPT - Supra surge -  (CD) | Guerssen<\/title>\n<meta name=\"description\" content=\"Originally released 1980 on Reveal, Concepts 2nd album ,Supra Surge&quot; is not only the bands masterpiece but generally a masterpiece of Psychedelic and ACID Rock. Hard to believe, but recording date was in1980. This could be a lost Amon DII album of their early period up to 1972.Unbelievable and Amazing! The band had refined their musical abilities and created a monster. Great melodies, flaming guitar tunes excellent organ and keyboard work and absolutely great vocals all over show Concept at its best. Dont miss this album.You want to hear it again and again. 10 Titels digitally remastered. Comprehensive booklet with all lyrics. Absolutely high recommended!\" \/>\n<meta name=\"robots\" content=\"index, follow, max-snippet:-1, max-image-preview:large, max-video-preview:-1\" \/>\n<link rel=\"canonical\" href=\"https:\/\/wpguerssen-test.odoo.rgbconsulting.com\/es\/producto\/supra-surge\/\" \/>\n<meta property=\"og:locale\" content=\"es_ES\" \/>\n<meta property=\"og:type\" content=\"article\" \/>\n<meta property=\"og:title\" content=\"CONCEPT - Supra surge -  (CD) | Guerssen\" \/>\n<meta property=\"og:description\" content=\"Originally released 1980 on Reveal, Concepts 2nd album ,Supra Surge&quot; is not only the bands masterpiece but generally a masterpiece of Psychedelic and ACID Rock. Hard to believe, but recording date was in1980. This could be a lost Amon DII album of their early period up to 1972.Unbelievable and Amazing! The band had refined their musical abilities and created a monster. Great melodies, flaming guitar tunes excellent organ and keyboard work and absolutely great vocals all over show Concept at its best. Dont miss this album.You want to hear it again and again. 10 Titels digitally remastered. Comprehensive booklet with all lyrics. Absolutely high recommended!\" \/>\n<meta property=\"og:url\" content=\"https:\/\/wpguerssen-test.odoo.rgbconsulting.com\/es\/producto\/supra-surge\/\" \/>\n<meta property=\"og:site_name\" content=\"Guerssen records\" \/>\n<meta property=\"article:modified_time\" content=\"2025-03-03T17:27:46+00:00\" \/>\n<meta property=\"og:image\" content=\"https:\/\/wpguerssen-test.odoo.rgbconsulting.com\/wp-content\/uploads\/2024\/06\/9308.jpg\" \/>\n\t<meta property=\"og:image:width\" content=\"340\" \/>\n\t<meta property=\"og:image:height\" content=\"340\" \/>\n\t<meta property=\"og:image:type\" content=\"image\/jpeg\" \/>\n<meta name=\"twitter:card\" content=\"summary_large_image\" \/>\n<meta name=\"twitter:title\" content=\"CONCEPT - Supra surge -  (CD) | Guerssen\" \/>\n<script type=\"application\/ld+json\" class=\"yoast-schema-graph\">{\"@context\":\"https:\/\/schema.org\",\"@graph\":[{\"@type\":\"WebPage\",\"@id\":\"https:\/\/wpguerssen-test.odoo.rgbconsulting.com\/es\/producto\/supra-surge\/\",\"url\":\"https:\/\/wpguerssen-test.odoo.rgbconsulting.com\/es\/producto\/supra-surge\/\",\"name\":\"CONCEPT - Supra surge - (CD) | Guerssen\",\"isPartOf\":{\"@id\":\"https:\/\/wpguerssen-test.odoo.rgbconsulting.com\/es\/#website\"},\"primaryImageOfPage\":{\"@id\":\"https:\/\/wpguerssen-test.odoo.rgbconsulting.com\/es\/producto\/supra-surge\/#primaryimage\"},\"image\":{\"@id\":\"https:\/\/wpguerssen-test.odoo.rgbconsulting.com\/es\/producto\/supra-surge\/#primaryimage\"},\"thumbnailUrl\":\"https:\/\/wpguerssen-test.odoo.rgbconsulting.com\/wp-content\/uploads\/2024\/06\/9308.jpg\",\"datePublished\":\"2008-10-12T22:00:00+00:00\",\"dateModified\":\"2025-03-03T17:27:46+00:00\",\"description\":\"Originally released 1980 on Reveal, Concepts 2nd album ,Supra Surge\\\" is not only the bands masterpiece but generally a masterpiece of Psychedelic and ACID Rock. Hard to believe, but recording date was in1980. This could be a lost Amon DII album of their early period up to 1972.Unbelievable and Amazing! The band had refined their musical abilities and created a monster. Great melodies, flaming guitar tunes excellent organ and keyboard work and absolutely great vocals all over show Concept at its best. Dont miss this album.You want to hear it again and again. 10 Titels digitally remastered. Comprehensive booklet with all lyrics. Absolutely high recommended!\",\"breadcrumb\":{\"@id\":\"https:\/\/wpguerssen-test.odoo.rgbconsulting.com\/es\/producto\/supra-surge\/#breadcrumb\"},\"inLanguage\":\"es\",\"potentialAction\":[{\"@type\":\"ReadAction\",\"target\":[\"https:\/\/wpguerssen-test.odoo.rgbconsulting.com\/es\/producto\/supra-surge\/\"]}]},{\"@type\":\"ImageObject\",\"inLanguage\":\"es\",\"@id\":\"https:\/\/wpguerssen-test.odoo.rgbconsulting.com\/es\/producto\/supra-surge\/#primaryimage\",\"url\":\"https:\/\/wpguerssen-test.odoo.rgbconsulting.com\/wp-content\/uploads\/2024\/06\/9308.jpg\",\"contentUrl\":\"https:\/\/wpguerssen-test.odoo.rgbconsulting.com\/wp-content\/uploads\/2024\/06\/9308.jpg\",\"width\":340,\"height\":340},{\"@type\":\"BreadcrumbList\",\"@id\":\"https:\/\/wpguerssen-test.odoo.rgbconsulting.com\/es\/producto\/supra-surge\/#breadcrumb\",\"itemListElement\":[{\"@type\":\"ListItem\",\"position\":1,\"name\":\"Inicio\",\"item\":\"https:\/\/wpguerssen-test.odoo.rgbconsulting.com\/es\/\"},{\"@type\":\"ListItem\",\"position\":2,\"name\":\"Shop\",\"item\":\"https:\/\/wpguerssen-test.odoo.rgbconsulting.com\/shop\/\"},{\"@type\":\"ListItem\",\"position\":3,\"name\":\"Supra surge\"}]},{\"@type\":\"WebSite\",\"@id\":\"https:\/\/wpguerssen-test.odoo.rgbconsulting.com\/es\/#website\",\"url\":\"https:\/\/wpguerssen-test.odoo.rgbconsulting.com\/es\/\",\"name\":\"Guerssen records\",\"description\":\"psychedelia - progressive - folk - garage \",\"publisher\":{\"@id\":\"https:\/\/wpguerssen-test.odoo.rgbconsulting.com\/es\/#organization\"},\"potentialAction\":[{\"@type\":\"SearchAction\",\"target\":{\"@type\":\"EntryPoint\",\"urlTemplate\":\"https:\/\/wpguerssen-test.odoo.rgbconsulting.com\/es\/?s={search_term_string}\"},\"query-input\":{\"@type\":\"PropertyValueSpecification\",\"valueRequired\":true,\"valueName\":\"search_term_string\"}}],\"inLanguage\":\"es\"},{\"@type\":\"Organization\",\"@id\":\"https:\/\/wpguerssen-test.odoo.rgbconsulting.com\/es\/#organization\",\"name\":\"Guerssen records\",\"url\":\"https:\/\/wpguerssen-test.odoo.rgbconsulting.com\/es\/\",\"logo\":{\"@type\":\"ImageObject\",\"inLanguage\":\"es\",\"@id\":\"https:\/\/wpguerssen-test.odoo.rgbconsulting.com\/es\/#\/schema\/logo\/image\/\",\"url\":\"https:\/\/wpguerssen-test.odoo.rgbconsulting.com\/wp-content\/uploads\/2022\/04\/Logo_Guerssen_trans_100.png\",\"contentUrl\":\"https:\/\/wpguerssen-test.odoo.rgbconsulting.com\/wp-content\/uploads\/2022\/04\/Logo_Guerssen_trans_100.png\",\"width\":122,\"height\":100,\"caption\":\"Guerssen records\"},\"image\":{\"@id\":\"https:\/\/wpguerssen-test.odoo.rgbconsulting.com\/es\/#\/schema\/logo\/image\/\"}}]}<\/script>\n<!-- \/ Yoast SEO plugin. -->","yoast_head_json":{"title":"CONCEPT - Supra surge -  (CD) | Guerssen","description":"Originally released 1980 on Reveal, Concepts 2nd album ,Supra Surge\" is not only the bands masterpiece but generally a masterpiece of Psychedelic and ACID Rock. Hard to believe, but recording date was in1980. This could be a lost Amon DII album of their early period up to 1972.Unbelievable and Amazing! The band had refined their musical abilities and created a monster. Great melodies, flaming guitar tunes excellent organ and keyboard work and absolutely great vocals all over show Concept at its best. Dont miss this album.You want to hear it again and again. 10 Titels digitally remastered. Comprehensive booklet with all lyrics. Absolutely high recommended!","robots":{"index":"index","follow":"follow","max-snippet":"max-snippet:-1","max-image-preview":"max-image-preview:large","max-video-preview":"max-video-preview:-1"},"canonical":"https:\/\/wpguerssen-test.odoo.rgbconsulting.com\/es\/producto\/supra-surge\/","og_locale":"es_ES","og_type":"article","og_title":"CONCEPT - Supra surge -  (CD) | Guerssen","og_description":"Originally released 1980 on Reveal, Concepts 2nd album ,Supra Surge\" is not only the bands masterpiece but generally a masterpiece of Psychedelic and ACID Rock. Hard to believe, but recording date was in1980. This could be a lost Amon DII album of their early period up to 1972.Unbelievable and Amazing! The band had refined their musical abilities and created a monster. Great melodies, flaming guitar tunes excellent organ and keyboard work and absolutely great vocals all over show Concept at its best. Dont miss this album.You want to hear it again and again. 10 Titels digitally remastered. Comprehensive booklet with all lyrics. Absolutely high recommended!","og_url":"https:\/\/wpguerssen-test.odoo.rgbconsulting.com\/es\/producto\/supra-surge\/","og_site_name":"Guerssen records","article_modified_time":"2025-03-03T17:27:46+00:00","og_image":[{"width":340,"height":340,"url":"https:\/\/wpguerssen-test.odoo.rgbconsulting.com\/wp-content\/uploads\/2024\/06\/9308.jpg","type":"image\/jpeg"}],"twitter_card":"summary_large_image","twitter_title":"CONCEPT - Supra surge -  (CD) | Guerssen","schema":{"@context":"https:\/\/schema.org","@graph":[{"@type":"WebPage","@id":"https:\/\/wpguerssen-test.odoo.rgbconsulting.com\/es\/producto\/supra-surge\/","url":"https:\/\/wpguerssen-test.odoo.rgbconsulting.com\/es\/producto\/supra-surge\/","name":"CONCEPT - Supra surge - (CD) | Guerssen","isPartOf":{"@id":"https:\/\/wpguerssen-test.odoo.rgbconsulting.com\/es\/#website"},"primaryImageOfPage":{"@id":"https:\/\/wpguerssen-test.odoo.rgbconsulting.com\/es\/producto\/supra-surge\/#primaryimage"},"image":{"@id":"https:\/\/wpguerssen-test.odoo.rgbconsulting.com\/es\/producto\/supra-surge\/#primaryimage"},"thumbnailUrl":"https:\/\/wpguerssen-test.odoo.rgbconsulting.com\/wp-content\/uploads\/2024\/06\/9308.jpg","datePublished":"2008-10-12T22:00:00+00:00","dateModified":"2025-03-03T17:27:46+00:00","description":"Originally released 1980 on Reveal, Concepts 2nd album ,Supra Surge\" is not only the bands masterpiece but generally a masterpiece of Psychedelic and ACID Rock. Hard to believe, but recording date was in1980. This could be a lost Amon DII album of their early period up to 1972.Unbelievable and Amazing! The band had refined their musical abilities and created a monster. Great melodies, flaming guitar tunes excellent organ and keyboard work and absolutely great vocals all over show Concept at its best. Dont miss this album.You want to hear it again and again. 10 Titels digitally remastered. Comprehensive booklet with all lyrics. Absolutely high recommended!","breadcrumb":{"@id":"https:\/\/wpguerssen-test.odoo.rgbconsulting.com\/es\/producto\/supra-surge\/#breadcrumb"},"inLanguage":"es","potentialAction":[{"@type":"ReadAction","target":["https:\/\/wpguerssen-test.odoo.rgbconsulting.com\/es\/producto\/supra-surge\/"]}]},{"@type":"ImageObject","inLanguage":"es","@id":"https:\/\/wpguerssen-test.odoo.rgbconsulting.com\/es\/producto\/supra-surge\/#primaryimage","url":"https:\/\/wpguerssen-test.odoo.rgbconsulting.com\/wp-content\/uploads\/2024\/06\/9308.jpg","contentUrl":"https:\/\/wpguerssen-test.odoo.rgbconsulting.com\/wp-content\/uploads\/2024\/06\/9308.jpg","width":340,"height":340},{"@type":"BreadcrumbList","@id":"https:\/\/wpguerssen-test.odoo.rgbconsulting.com\/es\/producto\/supra-surge\/#breadcrumb","itemListElement":[{"@type":"ListItem","position":1,"name":"Inicio","item":"https:\/\/wpguerssen-test.odoo.rgbconsulting.com\/es\/"},{"@type":"ListItem","position":2,"name":"Shop","item":"https:\/\/wpguerssen-test.odoo.rgbconsulting.com\/shop\/"},{"@type":"ListItem","position":3,"name":"Supra surge"}]},{"@type":"WebSite","@id":"https:\/\/wpguerssen-test.odoo.rgbconsulting.com\/es\/#website","url":"https:\/\/wpguerssen-test.odoo.rgbconsulting.com\/es\/","name":"Guerssen records","description":"psychedelia - progressive - folk - garage ","publisher":{"@id":"https:\/\/wpguerssen-test.odoo.rgbconsulting.com\/es\/#organization"},"potentialAction":[{"@type":"SearchAction","target":{"@type":"EntryPoint","urlTemplate":"https:\/\/wpguerssen-test.odoo.rgbconsulting.com\/es\/?s={search_term_string}"},"query-input":{"@type":"PropertyValueSpecification","valueRequired":true,"valueName":"search_term_string"}}],"inLanguage":"es"},{"@type":"Organization","@id":"https:\/\/wpguerssen-test.odoo.rgbconsulting.com\/es\/#organization","name":"Guerssen records","url":"https:\/\/wpguerssen-test.odoo.rgbconsulting.com\/es\/","logo":{"@type":"ImageObject","inLanguage":"es","@id":"https:\/\/wpguerssen-test.odoo.rgbconsulting.com\/es\/#\/schema\/logo\/image\/","url":"https:\/\/wpguerssen-test.odoo.rgbconsulting.com\/wp-content\/uploads\/2022\/04\/Logo_Guerssen_trans_100.png","contentUrl":"https:\/\/wpguerssen-test.odoo.rgbconsulting.com\/wp-content\/uploads\/2022\/04\/Logo_Guerssen_trans_100.png","width":122,"height":100,"caption":"Guerssen records"},"image":{"@id":"https:\/\/wpguerssen-test.odoo.rgbconsulting.com\/es\/#\/schema\/logo\/image\/"}}]}},"_links":{"self":[{"href":"https:\/\/wpguerssen-test.odoo.rgbconsulting.com\/es\/wp-json\/wp\/v2\/product\/267498","targetHints":{"allow":["GET"]}}],"collection":[{"href":"https:\/\/wpguerssen-test.odoo.rgbconsulting.com\/es\/wp-json\/wp\/v2\/product"}],"about":[{"href":"https:\/\/wpguerssen-test.odoo.rgbconsulting.com\/es\/wp-json\/wp\/v2\/types\/product"}],"wp:featuredmedia":[{"embeddable":true,"href":"https:\/\/wpguerssen-test.odoo.rgbconsulting.com\/es\/wp-json\/wp\/v2\/media\/270153"}],"wp:attachment":[{"href":"https:\/\/wpguerssen-test.odoo.rgbconsulting.com\/es\/wp-json\/wp\/v2\/media?parent=267498"}],"wp:term":[{"taxonomy":"product_brand","embeddable":true,"href":"https:\/\/wpguerssen-test.odoo.rgbconsulting.com\/es\/wp-json\/wp\/v2\/product_brand?post=267498"},{"taxonomy":"product_cat","embeddable":true,"href":"https:\/\/wpguerssen-test.odoo.rgbconsulting.com\/es\/wp-json\/wp\/v2\/product_cat?post=267498"},{"taxonomy":"product_tag","embeddable":true,"href":"https:\/\/wpguerssen-test.odoo.rgbconsulting.com\/es\/wp-json\/wp\/v2\/product_tag?post=267498"}],"curies":[{"name":"wp","href":"https:\/\/api.w.org\/{rel}","templated":true}]}}