{"id":267504,"date":"2011-10-24T00:00:00","date_gmt":"2011-10-23T22:00:00","guid":{"rendered":"https:\/\/wpguerssen-test.odoo.rgbconsulting.com\/product\/only-the-dancers\/"},"modified":"2025-01-30T16:41:57","modified_gmt":"2025-01-30T15:41:57","slug":"only-the-dancers","status":"publish","type":"product","link":"https:\/\/wpguerssen-test.odoo.rgbconsulting.com\/es\/producto\/only-the-dancers\/","title":{"rendered":"Only the dancers"},"content":{"rendered":"<p>RE oficial del tercer \u00e1lbum de este grupo kraut, editado en 1974. Grabado en Londres con la colaboraci\u00f3n de Dave Jackson (Van Der Graf Generator). Sonido m\u00e1s glam-rock que sus anteriores trabajos, en la onda de \u00abZiggy Stardust\u00bb de Bowie.<\/p>\n","protected":false},"excerpt":{"rendered":"<p>RE oficial del tercer \u00e1lbum de este grupo kraut, editado en 1974. Grabado en Londres con la colaboraci\u00f3n de Dave Jackson (Van Der Graf Generator). Sonido m\u00e1s glam-rock<a class=\"read\" href=\"https:\/\/wpguerssen-test.odoo.rgbconsulting.com\/es\/producto\/only-the-dancers\/\"> (...)<\/a>","protected":false},"featured_media":270165,"template":"","meta":{"_acf_changed":false},"product_brand":[],"product_cat":[23230],"product_tag":[],"class_list":{"0":"post-267504","1":"product","2":"type-product","3":"status-publish","4":"has-post-thumbnail","6":"product_cat-krautrock-es-2","7":"pa_artist-nine-days-wonder-es","8":"pa_format-lp-es","9":"pa_gender-krautrock","10":"pa_label-long-hair-es","11":"pa_location-europe-es","12":"pa_other-filters-vinyl-only-es","14":"first","15":"instock","16":"taxable","17":"shipping-taxable","18":"purchasable","19":"product-type-simple"},"acf":[],"yoast_head":"<!-- This site is optimized with the Yoast SEO plugin v24.9 - https:\/\/yoast.com\/wordpress\/plugins\/seo\/ -->\n<title>NINE DAYS WONDER - Only the dancers -  (LP) | Guerssen<\/title>\n<meta name=\"description\" content=\"This is the first officially reissue of the 3rd album of legendary German Krautrockband Nine Days Wonder. Originally released in 1974 Nine Days Wonder with their 3rd album took the opportunity to do a recording session at Londons Chipping Norton Studios in September 1974. With guest musicians Dave Jackson on flute and saxes (of Van der Graaf Generator-fame) and keyboarder Steve Robinson (2066 and Then and early-AERA) the album show the band on its musical peak. #nl# The album is richly texted and features a mellow progressive rock with slightly glam-rock touches and reminds to David Bowis &quot;Ziggy Stardust&quot;. Without the jazz elements of the 1st album &quot;Only The Dancers&quot; is another step forward in to the upcoming glam-rock sound but with that special German Krautrock feel. Album comes with exact reproduction of original artwork, continuing band story and many rare photos (insert).\" \/>\n<meta name=\"robots\" content=\"index, follow, max-snippet:-1, max-image-preview:large, max-video-preview:-1\" \/>\n<link rel=\"canonical\" href=\"https:\/\/wpguerssen-test.odoo.rgbconsulting.com\/es\/producto\/only-the-dancers\/\" \/>\n<meta property=\"og:locale\" content=\"es_ES\" \/>\n<meta property=\"og:type\" content=\"article\" \/>\n<meta property=\"og:title\" content=\"NINE DAYS WONDER - Only the dancers -  (LP) | Guerssen\" \/>\n<meta property=\"og:description\" content=\"This is the first officially reissue of the 3rd album of legendary German Krautrockband Nine Days Wonder. Originally released in 1974 Nine Days Wonder with their 3rd album took the opportunity to do a recording session at Londons Chipping Norton Studios in September 1974. With guest musicians Dave Jackson on flute and saxes (of Van der Graaf Generator-fame) and keyboarder Steve Robinson (2066 and Then and early-AERA) the album show the band on its musical peak. #nl# The album is richly texted and features a mellow progressive rock with slightly glam-rock touches and reminds to David Bowis &quot;Ziggy Stardust&quot;. Without the jazz elements of the 1st album &quot;Only The Dancers&quot; is another step forward in to the upcoming glam-rock sound but with that special German Krautrock feel. Album comes with exact reproduction of original artwork, continuing band story and many rare photos (insert).\" \/>\n<meta property=\"og:url\" content=\"https:\/\/wpguerssen-test.odoo.rgbconsulting.com\/es\/producto\/only-the-dancers\/\" \/>\n<meta property=\"og:site_name\" content=\"Guerssen records\" \/>\n<meta property=\"article:modified_time\" content=\"2025-01-30T15:41:57+00:00\" \/>\n<meta property=\"og:image\" content=\"https:\/\/wpguerssen-test.odoo.rgbconsulting.com\/wp-content\/uploads\/2024\/06\/12615.jpg\" \/>\n\t<meta property=\"og:image:width\" content=\"510\" \/>\n\t<meta property=\"og:image:height\" content=\"510\" \/>\n\t<meta property=\"og:image:type\" content=\"image\/jpeg\" \/>\n<meta name=\"twitter:card\" content=\"summary_large_image\" \/>\n<meta name=\"twitter:title\" content=\"NINE DAYS WONDER - Only the dancers -  (LP) | Guerssen\" \/>\n<script type=\"application\/ld+json\" class=\"yoast-schema-graph\">{\"@context\":\"https:\/\/schema.org\",\"@graph\":[{\"@type\":\"WebPage\",\"@id\":\"https:\/\/wpguerssen-test.odoo.rgbconsulting.com\/es\/producto\/only-the-dancers\/\",\"url\":\"https:\/\/wpguerssen-test.odoo.rgbconsulting.com\/es\/producto\/only-the-dancers\/\",\"name\":\"NINE DAYS WONDER - Only the dancers - (LP) | Guerssen\",\"isPartOf\":{\"@id\":\"https:\/\/wpguerssen-test.odoo.rgbconsulting.com\/es\/#website\"},\"primaryImageOfPage\":{\"@id\":\"https:\/\/wpguerssen-test.odoo.rgbconsulting.com\/es\/producto\/only-the-dancers\/#primaryimage\"},\"image\":{\"@id\":\"https:\/\/wpguerssen-test.odoo.rgbconsulting.com\/es\/producto\/only-the-dancers\/#primaryimage\"},\"thumbnailUrl\":\"https:\/\/wpguerssen-test.odoo.rgbconsulting.com\/wp-content\/uploads\/2024\/06\/12615.jpg\",\"datePublished\":\"2011-10-23T22:00:00+00:00\",\"dateModified\":\"2025-01-30T15:41:57+00:00\",\"description\":\"This is the first officially reissue of the 3rd album of legendary German Krautrockband Nine Days Wonder. Originally released in 1974 Nine Days Wonder with their 3rd album took the opportunity to do a recording session at Londons Chipping Norton Studios in September 1974. With guest musicians Dave Jackson on flute and saxes (of Van der Graaf Generator-fame) and keyboarder Steve Robinson (2066 and Then and early-AERA) the album show the band on its musical peak. #nl# The album is richly texted and features a mellow progressive rock with slightly glam-rock touches and reminds to David Bowis \\\"Ziggy Stardust\\\". Without the jazz elements of the 1st album \\\"Only The Dancers\\\" is another step forward in to the upcoming glam-rock sound but with that special German Krautrock feel. Album comes with exact reproduction of original artwork, continuing band story and many rare photos (insert).\",\"breadcrumb\":{\"@id\":\"https:\/\/wpguerssen-test.odoo.rgbconsulting.com\/es\/producto\/only-the-dancers\/#breadcrumb\"},\"inLanguage\":\"es\",\"potentialAction\":[{\"@type\":\"ReadAction\",\"target\":[\"https:\/\/wpguerssen-test.odoo.rgbconsulting.com\/es\/producto\/only-the-dancers\/\"]}]},{\"@type\":\"ImageObject\",\"inLanguage\":\"es\",\"@id\":\"https:\/\/wpguerssen-test.odoo.rgbconsulting.com\/es\/producto\/only-the-dancers\/#primaryimage\",\"url\":\"https:\/\/wpguerssen-test.odoo.rgbconsulting.com\/wp-content\/uploads\/2024\/06\/12615.jpg\",\"contentUrl\":\"https:\/\/wpguerssen-test.odoo.rgbconsulting.com\/wp-content\/uploads\/2024\/06\/12615.jpg\",\"width\":510,\"height\":510},{\"@type\":\"BreadcrumbList\",\"@id\":\"https:\/\/wpguerssen-test.odoo.rgbconsulting.com\/es\/producto\/only-the-dancers\/#breadcrumb\",\"itemListElement\":[{\"@type\":\"ListItem\",\"position\":1,\"name\":\"Inicio\",\"item\":\"https:\/\/wpguerssen-test.odoo.rgbconsulting.com\/es\/\"},{\"@type\":\"ListItem\",\"position\":2,\"name\":\"Shop\",\"item\":\"https:\/\/wpguerssen-test.odoo.rgbconsulting.com\/shop\/\"},{\"@type\":\"ListItem\",\"position\":3,\"name\":\"Only the dancers\"}]},{\"@type\":\"WebSite\",\"@id\":\"https:\/\/wpguerssen-test.odoo.rgbconsulting.com\/es\/#website\",\"url\":\"https:\/\/wpguerssen-test.odoo.rgbconsulting.com\/es\/\",\"name\":\"Guerssen records\",\"description\":\"psychedelia - progressive - folk - garage \",\"publisher\":{\"@id\":\"https:\/\/wpguerssen-test.odoo.rgbconsulting.com\/es\/#organization\"},\"potentialAction\":[{\"@type\":\"SearchAction\",\"target\":{\"@type\":\"EntryPoint\",\"urlTemplate\":\"https:\/\/wpguerssen-test.odoo.rgbconsulting.com\/es\/?s={search_term_string}\"},\"query-input\":{\"@type\":\"PropertyValueSpecification\",\"valueRequired\":true,\"valueName\":\"search_term_string\"}}],\"inLanguage\":\"es\"},{\"@type\":\"Organization\",\"@id\":\"https:\/\/wpguerssen-test.odoo.rgbconsulting.com\/es\/#organization\",\"name\":\"Guerssen records\",\"url\":\"https:\/\/wpguerssen-test.odoo.rgbconsulting.com\/es\/\",\"logo\":{\"@type\":\"ImageObject\",\"inLanguage\":\"es\",\"@id\":\"https:\/\/wpguerssen-test.odoo.rgbconsulting.com\/es\/#\/schema\/logo\/image\/\",\"url\":\"https:\/\/wpguerssen-test.odoo.rgbconsulting.com\/wp-content\/uploads\/2022\/04\/Logo_Guerssen_trans_100.png\",\"contentUrl\":\"https:\/\/wpguerssen-test.odoo.rgbconsulting.com\/wp-content\/uploads\/2022\/04\/Logo_Guerssen_trans_100.png\",\"width\":122,\"height\":100,\"caption\":\"Guerssen records\"},\"image\":{\"@id\":\"https:\/\/wpguerssen-test.odoo.rgbconsulting.com\/es\/#\/schema\/logo\/image\/\"}}]}<\/script>\n<!-- \/ Yoast SEO plugin. -->","yoast_head_json":{"title":"NINE DAYS WONDER - Only the dancers -  (LP) | Guerssen","description":"This is the first officially reissue of the 3rd album of legendary German Krautrockband Nine Days Wonder. Originally released in 1974 Nine Days Wonder with their 3rd album took the opportunity to do a recording session at Londons Chipping Norton Studios in September 1974. With guest musicians Dave Jackson on flute and saxes (of Van der Graaf Generator-fame) and keyboarder Steve Robinson (2066 and Then and early-AERA) the album show the band on its musical peak. #nl# The album is richly texted and features a mellow progressive rock with slightly glam-rock touches and reminds to David Bowis \"Ziggy Stardust\". Without the jazz elements of the 1st album \"Only The Dancers\" is another step forward in to the upcoming glam-rock sound but with that special German Krautrock feel. Album comes with exact reproduction of original artwork, continuing band story and many rare photos (insert).","robots":{"index":"index","follow":"follow","max-snippet":"max-snippet:-1","max-image-preview":"max-image-preview:large","max-video-preview":"max-video-preview:-1"},"canonical":"https:\/\/wpguerssen-test.odoo.rgbconsulting.com\/es\/producto\/only-the-dancers\/","og_locale":"es_ES","og_type":"article","og_title":"NINE DAYS WONDER - Only the dancers -  (LP) | Guerssen","og_description":"This is the first officially reissue of the 3rd album of legendary German Krautrockband Nine Days Wonder. Originally released in 1974 Nine Days Wonder with their 3rd album took the opportunity to do a recording session at Londons Chipping Norton Studios in September 1974. With guest musicians Dave Jackson on flute and saxes (of Van der Graaf Generator-fame) and keyboarder Steve Robinson (2066 and Then and early-AERA) the album show the band on its musical peak. #nl# The album is richly texted and features a mellow progressive rock with slightly glam-rock touches and reminds to David Bowis \"Ziggy Stardust\". Without the jazz elements of the 1st album \"Only The Dancers\" is another step forward in to the upcoming glam-rock sound but with that special German Krautrock feel. Album comes with exact reproduction of original artwork, continuing band story and many rare photos (insert).","og_url":"https:\/\/wpguerssen-test.odoo.rgbconsulting.com\/es\/producto\/only-the-dancers\/","og_site_name":"Guerssen records","article_modified_time":"2025-01-30T15:41:57+00:00","og_image":[{"width":510,"height":510,"url":"https:\/\/wpguerssen-test.odoo.rgbconsulting.com\/wp-content\/uploads\/2024\/06\/12615.jpg","type":"image\/jpeg"}],"twitter_card":"summary_large_image","twitter_title":"NINE DAYS WONDER - Only the dancers -  (LP) | Guerssen","schema":{"@context":"https:\/\/schema.org","@graph":[{"@type":"WebPage","@id":"https:\/\/wpguerssen-test.odoo.rgbconsulting.com\/es\/producto\/only-the-dancers\/","url":"https:\/\/wpguerssen-test.odoo.rgbconsulting.com\/es\/producto\/only-the-dancers\/","name":"NINE DAYS WONDER - Only the dancers - (LP) | Guerssen","isPartOf":{"@id":"https:\/\/wpguerssen-test.odoo.rgbconsulting.com\/es\/#website"},"primaryImageOfPage":{"@id":"https:\/\/wpguerssen-test.odoo.rgbconsulting.com\/es\/producto\/only-the-dancers\/#primaryimage"},"image":{"@id":"https:\/\/wpguerssen-test.odoo.rgbconsulting.com\/es\/producto\/only-the-dancers\/#primaryimage"},"thumbnailUrl":"https:\/\/wpguerssen-test.odoo.rgbconsulting.com\/wp-content\/uploads\/2024\/06\/12615.jpg","datePublished":"2011-10-23T22:00:00+00:00","dateModified":"2025-01-30T15:41:57+00:00","description":"This is the first officially reissue of the 3rd album of legendary German Krautrockband Nine Days Wonder. Originally released in 1974 Nine Days Wonder with their 3rd album took the opportunity to do a recording session at Londons Chipping Norton Studios in September 1974. With guest musicians Dave Jackson on flute and saxes (of Van der Graaf Generator-fame) and keyboarder Steve Robinson (2066 and Then and early-AERA) the album show the band on its musical peak. #nl# The album is richly texted and features a mellow progressive rock with slightly glam-rock touches and reminds to David Bowis \"Ziggy Stardust\". Without the jazz elements of the 1st album \"Only The Dancers\" is another step forward in to the upcoming glam-rock sound but with that special German Krautrock feel. Album comes with exact reproduction of original artwork, continuing band story and many rare photos (insert).","breadcrumb":{"@id":"https:\/\/wpguerssen-test.odoo.rgbconsulting.com\/es\/producto\/only-the-dancers\/#breadcrumb"},"inLanguage":"es","potentialAction":[{"@type":"ReadAction","target":["https:\/\/wpguerssen-test.odoo.rgbconsulting.com\/es\/producto\/only-the-dancers\/"]}]},{"@type":"ImageObject","inLanguage":"es","@id":"https:\/\/wpguerssen-test.odoo.rgbconsulting.com\/es\/producto\/only-the-dancers\/#primaryimage","url":"https:\/\/wpguerssen-test.odoo.rgbconsulting.com\/wp-content\/uploads\/2024\/06\/12615.jpg","contentUrl":"https:\/\/wpguerssen-test.odoo.rgbconsulting.com\/wp-content\/uploads\/2024\/06\/12615.jpg","width":510,"height":510},{"@type":"BreadcrumbList","@id":"https:\/\/wpguerssen-test.odoo.rgbconsulting.com\/es\/producto\/only-the-dancers\/#breadcrumb","itemListElement":[{"@type":"ListItem","position":1,"name":"Inicio","item":"https:\/\/wpguerssen-test.odoo.rgbconsulting.com\/es\/"},{"@type":"ListItem","position":2,"name":"Shop","item":"https:\/\/wpguerssen-test.odoo.rgbconsulting.com\/shop\/"},{"@type":"ListItem","position":3,"name":"Only the dancers"}]},{"@type":"WebSite","@id":"https:\/\/wpguerssen-test.odoo.rgbconsulting.com\/es\/#website","url":"https:\/\/wpguerssen-test.odoo.rgbconsulting.com\/es\/","name":"Guerssen records","description":"psychedelia - progressive - folk - garage ","publisher":{"@id":"https:\/\/wpguerssen-test.odoo.rgbconsulting.com\/es\/#organization"},"potentialAction":[{"@type":"SearchAction","target":{"@type":"EntryPoint","urlTemplate":"https:\/\/wpguerssen-test.odoo.rgbconsulting.com\/es\/?s={search_term_string}"},"query-input":{"@type":"PropertyValueSpecification","valueRequired":true,"valueName":"search_term_string"}}],"inLanguage":"es"},{"@type":"Organization","@id":"https:\/\/wpguerssen-test.odoo.rgbconsulting.com\/es\/#organization","name":"Guerssen records","url":"https:\/\/wpguerssen-test.odoo.rgbconsulting.com\/es\/","logo":{"@type":"ImageObject","inLanguage":"es","@id":"https:\/\/wpguerssen-test.odoo.rgbconsulting.com\/es\/#\/schema\/logo\/image\/","url":"https:\/\/wpguerssen-test.odoo.rgbconsulting.com\/wp-content\/uploads\/2022\/04\/Logo_Guerssen_trans_100.png","contentUrl":"https:\/\/wpguerssen-test.odoo.rgbconsulting.com\/wp-content\/uploads\/2022\/04\/Logo_Guerssen_trans_100.png","width":122,"height":100,"caption":"Guerssen records"},"image":{"@id":"https:\/\/wpguerssen-test.odoo.rgbconsulting.com\/es\/#\/schema\/logo\/image\/"}}]}},"_links":{"self":[{"href":"https:\/\/wpguerssen-test.odoo.rgbconsulting.com\/es\/wp-json\/wp\/v2\/product\/267504","targetHints":{"allow":["GET"]}}],"collection":[{"href":"https:\/\/wpguerssen-test.odoo.rgbconsulting.com\/es\/wp-json\/wp\/v2\/product"}],"about":[{"href":"https:\/\/wpguerssen-test.odoo.rgbconsulting.com\/es\/wp-json\/wp\/v2\/types\/product"}],"wp:featuredmedia":[{"embeddable":true,"href":"https:\/\/wpguerssen-test.odoo.rgbconsulting.com\/es\/wp-json\/wp\/v2\/media\/270165"}],"wp:attachment":[{"href":"https:\/\/wpguerssen-test.odoo.rgbconsulting.com\/es\/wp-json\/wp\/v2\/media?parent=267504"}],"wp:term":[{"taxonomy":"product_brand","embeddable":true,"href":"https:\/\/wpguerssen-test.odoo.rgbconsulting.com\/es\/wp-json\/wp\/v2\/product_brand?post=267504"},{"taxonomy":"product_cat","embeddable":true,"href":"https:\/\/wpguerssen-test.odoo.rgbconsulting.com\/es\/wp-json\/wp\/v2\/product_cat?post=267504"},{"taxonomy":"product_tag","embeddable":true,"href":"https:\/\/wpguerssen-test.odoo.rgbconsulting.com\/es\/wp-json\/wp\/v2\/product_tag?post=267504"}],"curies":[{"name":"wp","href":"https:\/\/api.w.org\/{rel}","templated":true}]}}