{"id":267511,"date":"2021-08-24T00:00:00","date_gmt":"2021-08-23T22:00:00","guid":{"rendered":"https:\/\/wpguerssen-test.odoo.rgbconsulting.com\/product\/estamos-en-algo\/"},"modified":"2025-02-05T17:15:26","modified_gmt":"2025-02-05T16:15:26","slug":"estamos-en-algo","status":"publish","type":"product","link":"https:\/\/wpguerssen-test.odoo.rgbconsulting.com\/es\/producto\/estamos-en-algo\/","title":{"rendered":"Estamos En Algo"},"content":{"rendered":"<p>La recuperaci\u00f3n de este disco del Sexteto Fantas\u00eda es otro acontecimiento que El Palmas Music se enorgullece de impulsar. El l\u00edder de esa agrupaci\u00f3n venezolana que edit\u00f3 este \u00e1lbum en 1968 es Virgilio Armas, un pianista con una foja de servicios realmente envidiable. Para confirmarlo basta con revisar por encima la lista de artistas con los que alguna vez trabaj\u00f3: Tito Puente, Paulinho da Costa, Stan Getz, Nancy Wilson, Sergio Mendes, Elis Regina, Leslie Root&#8230;Estamos en algo cautiva y sorprende por su heterogeneidad: hay guaracha, pachanga, mambo, boogaloo (\u00a1atenci\u00f3n al groove soulero y boogie-woogie de \u00abPanchita\u00bb!), cha cha cha, bolero&#8230; Como bien se explicaba en la contraportada de la primera edici\u00f3n de este magn\u00edfico \u00e1lbum, se trata de \u00abun grupo din\u00e1mico y vers\u00e1til que integran m\u00fasicos j\u00f3venes, deseando aportar un estilo nuevo con el fin de establecerse en el competido terreno de los sextetos\u00bb.El esp\u00edritu es salsero, pero aqu\u00ed hay matices de jazz latino y bossa nova que colorean el paisaje. El Sexteto Fantas\u00eda estaba conectado con la tradici\u00f3n de la m\u00fasica popular de Am\u00e9rica Latina y con su \u00e9poca, enfocado especialmente en ensanchar los l\u00edmites de su propia obra, como corresponde a cualquier artista moderno.El personal de este disco lo encabez\u00f3 el pianista y director musical Virgilio Armas. Y lo completaron Domingo Moret (flauta y guitarra), Rodolfo Buena\u00f1o (bajo), Guillermo Taribe (bater\u00eda), Hugo Liendo (tumbadoras) y Gabriel Ruiz en la voz.<\/p>\n","protected":false},"excerpt":{"rendered":"<p>La recuperaci\u00f3n de este disco del Sexteto Fantas\u00eda es otro acontecimiento que El Palmas Music se enorgullece de impulsar. El l\u00edder de esa agrupaci\u00f3n venezolana<a class=\"read\" href=\"https:\/\/wpguerssen-test.odoo.rgbconsulting.com\/es\/producto\/estamos-en-algo\/\"> (...)<\/a>","protected":false},"featured_media":267514,"template":"","meta":{"_acf_changed":false},"product_brand":[],"product_cat":[23231],"product_tag":[],"class_list":{"0":"post-267511","1":"product","2":"type-product","3":"status-publish","4":"has-post-thumbnail","6":"product_cat-latin-brazilian-es","7":"pa_artist-sexteto-fantasia","8":"pa_format-lp-es","9":"pa_gender-latin-brazilian","10":"pa_label-el-palmas-music","11":"pa_location-south-america-caribbean-es","12":"pa_other-filters-vinyl-only-es","14":"first","15":"instock","16":"taxable","17":"shipping-taxable","18":"purchasable","19":"product-type-simple"},"acf":[],"yoast_head":"<!-- This site is optimized with the Yoast SEO plugin v24.9 - https:\/\/yoast.com\/wordpress\/plugins\/seo\/ -->\n<title>SEXTETO FANTAS\u00cdA - Estamos En Algo -  (LP) | Guerssen<\/title>\n<meta name=\"description\" content=\"The recovery of this Sexteto Fantas\u00eda album is another event that El Palmas Music is proud to promote. The leader of that Venezuelan group that released this album in 1968 is Virgilio Armas, a pianist with a truly enviable record of service. To confirm it, just skim the list of artists he once worked with: Tito Puente, Paulinho da Costa, Stan Getz, Nancy Wilson, Sergio Mendes, Elis Regina, Leslie Root...We are in something that captivates and surprises with its heterogeneity: there is guaracha, pachanga, mambo, boogaloo (attention to the soulero groove and boogie-woogie of &quot;Panchita&quot;!), cha cha cha, bolero... As was well explained on the back cover of the first edition of this magnificent album, it is &quot;a dynamic and versatile group made up of young musicians, wishing to contribute a new style in order to establish themselves in the competitive field of sextets.&quot;The spirit is salsa, but here there are nuances of Latin jazz and bossa nova that color the landscape. The Fantasia Sextet was connected to the tradition of Latin American popular music and its time, focused especially on expanding the limits of its own work, as befits any modern artist.The staff of this album was headed by pianist and musical director Virgilio Armas. And it was completed by Domingo Moret (flute and guitar), Rodolfo Buena\u00f1o (bass), Guillermo Taribe (drums), Hugo Liendo (tumbadoras) and Gabriel Ruiz on vocals.\" \/>\n<meta name=\"robots\" content=\"index, follow, max-snippet:-1, max-image-preview:large, max-video-preview:-1\" \/>\n<link rel=\"canonical\" href=\"https:\/\/wpguerssen-test.odoo.rgbconsulting.com\/es\/producto\/estamos-en-algo\/\" \/>\n<meta property=\"og:locale\" content=\"es_ES\" \/>\n<meta property=\"og:type\" content=\"article\" \/>\n<meta property=\"og:title\" content=\"SEXTETO FANTAS\u00cdA - Estamos En Algo -  (LP) | Guerssen\" \/>\n<meta property=\"og:description\" content=\"The recovery of this Sexteto Fantas\u00eda album is another event that El Palmas Music is proud to promote. The leader of that Venezuelan group that released this album in 1968 is Virgilio Armas, a pianist with a truly enviable record of service. To confirm it, just skim the list of artists he once worked with: Tito Puente, Paulinho da Costa, Stan Getz, Nancy Wilson, Sergio Mendes, Elis Regina, Leslie Root...We are in something that captivates and surprises with its heterogeneity: there is guaracha, pachanga, mambo, boogaloo (attention to the soulero groove and boogie-woogie of &quot;Panchita&quot;!), cha cha cha, bolero... As was well explained on the back cover of the first edition of this magnificent album, it is &quot;a dynamic and versatile group made up of young musicians, wishing to contribute a new style in order to establish themselves in the competitive field of sextets.&quot;The spirit is salsa, but here there are nuances of Latin jazz and bossa nova that color the landscape. The Fantasia Sextet was connected to the tradition of Latin American popular music and its time, focused especially on expanding the limits of its own work, as befits any modern artist.The staff of this album was headed by pianist and musical director Virgilio Armas. And it was completed by Domingo Moret (flute and guitar), Rodolfo Buena\u00f1o (bass), Guillermo Taribe (drums), Hugo Liendo (tumbadoras) and Gabriel Ruiz on vocals.\" \/>\n<meta property=\"og:url\" content=\"https:\/\/wpguerssen-test.odoo.rgbconsulting.com\/es\/producto\/estamos-en-algo\/\" \/>\n<meta property=\"og:site_name\" content=\"Guerssen records\" \/>\n<meta property=\"article:modified_time\" content=\"2025-02-05T16:15:26+00:00\" \/>\n<meta property=\"og:image\" content=\"https:\/\/wpguerssen-test.odoo.rgbconsulting.com\/wp-content\/uploads\/2001\/01\/47858-scaled.jpg\" \/>\n\t<meta property=\"og:image:width\" content=\"2560\" \/>\n\t<meta property=\"og:image:height\" content=\"2560\" \/>\n\t<meta property=\"og:image:type\" content=\"image\/jpeg\" \/>\n<meta name=\"twitter:card\" content=\"summary_large_image\" \/>\n<meta name=\"twitter:title\" content=\"SEXTETO FANTAS\u00cdA - Estamos En Algo -  (LP) | Guerssen\" \/>\n<meta name=\"twitter:label1\" content=\"Tiempo de lectura\" \/>\n\t<meta name=\"twitter:data1\" content=\"1 minuto\" \/>\n<script type=\"application\/ld+json\" class=\"yoast-schema-graph\">{\"@context\":\"https:\/\/schema.org\",\"@graph\":[{\"@type\":\"WebPage\",\"@id\":\"https:\/\/wpguerssen-test.odoo.rgbconsulting.com\/es\/producto\/estamos-en-algo\/\",\"url\":\"https:\/\/wpguerssen-test.odoo.rgbconsulting.com\/es\/producto\/estamos-en-algo\/\",\"name\":\"SEXTETO FANTAS\u00cdA - Estamos En Algo - (LP) | Guerssen\",\"isPartOf\":{\"@id\":\"https:\/\/wpguerssen-test.odoo.rgbconsulting.com\/es\/#website\"},\"primaryImageOfPage\":{\"@id\":\"https:\/\/wpguerssen-test.odoo.rgbconsulting.com\/es\/producto\/estamos-en-algo\/#primaryimage\"},\"image\":{\"@id\":\"https:\/\/wpguerssen-test.odoo.rgbconsulting.com\/es\/producto\/estamos-en-algo\/#primaryimage\"},\"thumbnailUrl\":\"https:\/\/wpguerssen-test.odoo.rgbconsulting.com\/wp-content\/uploads\/2001\/01\/47858-scaled.jpg\",\"datePublished\":\"2021-08-23T22:00:00+00:00\",\"dateModified\":\"2025-02-05T16:15:26+00:00\",\"description\":\"The recovery of this Sexteto Fantas\u00eda album is another event that El Palmas Music is proud to promote. The leader of that Venezuelan group that released this album in 1968 is Virgilio Armas, a pianist with a truly enviable record of service. To confirm it, just skim the list of artists he once worked with: Tito Puente, Paulinho da Costa, Stan Getz, Nancy Wilson, Sergio Mendes, Elis Regina, Leslie Root...We are in something that captivates and surprises with its heterogeneity: there is guaracha, pachanga, mambo, boogaloo (attention to the soulero groove and boogie-woogie of \\\"Panchita\\\"!), cha cha cha, bolero... As was well explained on the back cover of the first edition of this magnificent album, it is \\\"a dynamic and versatile group made up of young musicians, wishing to contribute a new style in order to establish themselves in the competitive field of sextets.\\\"The spirit is salsa, but here there are nuances of Latin jazz and bossa nova that color the landscape. The Fantasia Sextet was connected to the tradition of Latin American popular music and its time, focused especially on expanding the limits of its own work, as befits any modern artist.The staff of this album was headed by pianist and musical director Virgilio Armas. And it was completed by Domingo Moret (flute and guitar), Rodolfo Buena\u00f1o (bass), Guillermo Taribe (drums), Hugo Liendo (tumbadoras) and Gabriel Ruiz on vocals.\",\"breadcrumb\":{\"@id\":\"https:\/\/wpguerssen-test.odoo.rgbconsulting.com\/es\/producto\/estamos-en-algo\/#breadcrumb\"},\"inLanguage\":\"es\",\"potentialAction\":[{\"@type\":\"ReadAction\",\"target\":[\"https:\/\/wpguerssen-test.odoo.rgbconsulting.com\/es\/producto\/estamos-en-algo\/\"]}]},{\"@type\":\"ImageObject\",\"inLanguage\":\"es\",\"@id\":\"https:\/\/wpguerssen-test.odoo.rgbconsulting.com\/es\/producto\/estamos-en-algo\/#primaryimage\",\"url\":\"https:\/\/wpguerssen-test.odoo.rgbconsulting.com\/wp-content\/uploads\/2001\/01\/47858-scaled.jpg\",\"contentUrl\":\"https:\/\/wpguerssen-test.odoo.rgbconsulting.com\/wp-content\/uploads\/2001\/01\/47858-scaled.jpg\",\"width\":2560,\"height\":2560},{\"@type\":\"BreadcrumbList\",\"@id\":\"https:\/\/wpguerssen-test.odoo.rgbconsulting.com\/es\/producto\/estamos-en-algo\/#breadcrumb\",\"itemListElement\":[{\"@type\":\"ListItem\",\"position\":1,\"name\":\"Inicio\",\"item\":\"https:\/\/wpguerssen-test.odoo.rgbconsulting.com\/es\/\"},{\"@type\":\"ListItem\",\"position\":2,\"name\":\"Shop\",\"item\":\"https:\/\/wpguerssen-test.odoo.rgbconsulting.com\/shop\/\"},{\"@type\":\"ListItem\",\"position\":3,\"name\":\"Estamos En Algo\"}]},{\"@type\":\"WebSite\",\"@id\":\"https:\/\/wpguerssen-test.odoo.rgbconsulting.com\/es\/#website\",\"url\":\"https:\/\/wpguerssen-test.odoo.rgbconsulting.com\/es\/\",\"name\":\"Guerssen records\",\"description\":\"psychedelia - progressive - folk - garage \",\"publisher\":{\"@id\":\"https:\/\/wpguerssen-test.odoo.rgbconsulting.com\/es\/#organization\"},\"potentialAction\":[{\"@type\":\"SearchAction\",\"target\":{\"@type\":\"EntryPoint\",\"urlTemplate\":\"https:\/\/wpguerssen-test.odoo.rgbconsulting.com\/es\/?s={search_term_string}\"},\"query-input\":{\"@type\":\"PropertyValueSpecification\",\"valueRequired\":true,\"valueName\":\"search_term_string\"}}],\"inLanguage\":\"es\"},{\"@type\":\"Organization\",\"@id\":\"https:\/\/wpguerssen-test.odoo.rgbconsulting.com\/es\/#organization\",\"name\":\"Guerssen records\",\"url\":\"https:\/\/wpguerssen-test.odoo.rgbconsulting.com\/es\/\",\"logo\":{\"@type\":\"ImageObject\",\"inLanguage\":\"es\",\"@id\":\"https:\/\/wpguerssen-test.odoo.rgbconsulting.com\/es\/#\/schema\/logo\/image\/\",\"url\":\"https:\/\/wpguerssen-test.odoo.rgbconsulting.com\/wp-content\/uploads\/2022\/04\/Logo_Guerssen_trans_100.png\",\"contentUrl\":\"https:\/\/wpguerssen-test.odoo.rgbconsulting.com\/wp-content\/uploads\/2022\/04\/Logo_Guerssen_trans_100.png\",\"width\":122,\"height\":100,\"caption\":\"Guerssen records\"},\"image\":{\"@id\":\"https:\/\/wpguerssen-test.odoo.rgbconsulting.com\/es\/#\/schema\/logo\/image\/\"}}]}<\/script>\n<!-- \/ Yoast SEO plugin. -->","yoast_head_json":{"title":"SEXTETO FANTAS\u00cdA - Estamos En Algo -  (LP) | Guerssen","description":"The recovery of this Sexteto Fantas\u00eda album is another event that El Palmas Music is proud to promote. The leader of that Venezuelan group that released this album in 1968 is Virgilio Armas, a pianist with a truly enviable record of service. To confirm it, just skim the list of artists he once worked with: Tito Puente, Paulinho da Costa, Stan Getz, Nancy Wilson, Sergio Mendes, Elis Regina, Leslie Root...We are in something that captivates and surprises with its heterogeneity: there is guaracha, pachanga, mambo, boogaloo (attention to the soulero groove and boogie-woogie of \"Panchita\"!), cha cha cha, bolero... As was well explained on the back cover of the first edition of this magnificent album, it is \"a dynamic and versatile group made up of young musicians, wishing to contribute a new style in order to establish themselves in the competitive field of sextets.\"The spirit is salsa, but here there are nuances of Latin jazz and bossa nova that color the landscape. The Fantasia Sextet was connected to the tradition of Latin American popular music and its time, focused especially on expanding the limits of its own work, as befits any modern artist.The staff of this album was headed by pianist and musical director Virgilio Armas. And it was completed by Domingo Moret (flute and guitar), Rodolfo Buena\u00f1o (bass), Guillermo Taribe (drums), Hugo Liendo (tumbadoras) and Gabriel Ruiz on vocals.","robots":{"index":"index","follow":"follow","max-snippet":"max-snippet:-1","max-image-preview":"max-image-preview:large","max-video-preview":"max-video-preview:-1"},"canonical":"https:\/\/wpguerssen-test.odoo.rgbconsulting.com\/es\/producto\/estamos-en-algo\/","og_locale":"es_ES","og_type":"article","og_title":"SEXTETO FANTAS\u00cdA - Estamos En Algo -  (LP) | Guerssen","og_description":"The recovery of this Sexteto Fantas\u00eda album is another event that El Palmas Music is proud to promote. The leader of that Venezuelan group that released this album in 1968 is Virgilio Armas, a pianist with a truly enviable record of service. To confirm it, just skim the list of artists he once worked with: Tito Puente, Paulinho da Costa, Stan Getz, Nancy Wilson, Sergio Mendes, Elis Regina, Leslie Root...We are in something that captivates and surprises with its heterogeneity: there is guaracha, pachanga, mambo, boogaloo (attention to the soulero groove and boogie-woogie of \"Panchita\"!), cha cha cha, bolero... As was well explained on the back cover of the first edition of this magnificent album, it is \"a dynamic and versatile group made up of young musicians, wishing to contribute a new style in order to establish themselves in the competitive field of sextets.\"The spirit is salsa, but here there are nuances of Latin jazz and bossa nova that color the landscape. The Fantasia Sextet was connected to the tradition of Latin American popular music and its time, focused especially on expanding the limits of its own work, as befits any modern artist.The staff of this album was headed by pianist and musical director Virgilio Armas. And it was completed by Domingo Moret (flute and guitar), Rodolfo Buena\u00f1o (bass), Guillermo Taribe (drums), Hugo Liendo (tumbadoras) and Gabriel Ruiz on vocals.","og_url":"https:\/\/wpguerssen-test.odoo.rgbconsulting.com\/es\/producto\/estamos-en-algo\/","og_site_name":"Guerssen records","article_modified_time":"2025-02-05T16:15:26+00:00","og_image":[{"width":2560,"height":2560,"url":"https:\/\/wpguerssen-test.odoo.rgbconsulting.com\/wp-content\/uploads\/2001\/01\/47858-scaled.jpg","type":"image\/jpeg"}],"twitter_card":"summary_large_image","twitter_title":"SEXTETO FANTAS\u00cdA - Estamos En Algo -  (LP) | Guerssen","twitter_misc":{"Tiempo de lectura":"1 minuto"},"schema":{"@context":"https:\/\/schema.org","@graph":[{"@type":"WebPage","@id":"https:\/\/wpguerssen-test.odoo.rgbconsulting.com\/es\/producto\/estamos-en-algo\/","url":"https:\/\/wpguerssen-test.odoo.rgbconsulting.com\/es\/producto\/estamos-en-algo\/","name":"SEXTETO FANTAS\u00cdA - Estamos En Algo - (LP) | Guerssen","isPartOf":{"@id":"https:\/\/wpguerssen-test.odoo.rgbconsulting.com\/es\/#website"},"primaryImageOfPage":{"@id":"https:\/\/wpguerssen-test.odoo.rgbconsulting.com\/es\/producto\/estamos-en-algo\/#primaryimage"},"image":{"@id":"https:\/\/wpguerssen-test.odoo.rgbconsulting.com\/es\/producto\/estamos-en-algo\/#primaryimage"},"thumbnailUrl":"https:\/\/wpguerssen-test.odoo.rgbconsulting.com\/wp-content\/uploads\/2001\/01\/47858-scaled.jpg","datePublished":"2021-08-23T22:00:00+00:00","dateModified":"2025-02-05T16:15:26+00:00","description":"The recovery of this Sexteto Fantas\u00eda album is another event that El Palmas Music is proud to promote. The leader of that Venezuelan group that released this album in 1968 is Virgilio Armas, a pianist with a truly enviable record of service. To confirm it, just skim the list of artists he once worked with: Tito Puente, Paulinho da Costa, Stan Getz, Nancy Wilson, Sergio Mendes, Elis Regina, Leslie Root...We are in something that captivates and surprises with its heterogeneity: there is guaracha, pachanga, mambo, boogaloo (attention to the soulero groove and boogie-woogie of \"Panchita\"!), cha cha cha, bolero... As was well explained on the back cover of the first edition of this magnificent album, it is \"a dynamic and versatile group made up of young musicians, wishing to contribute a new style in order to establish themselves in the competitive field of sextets.\"The spirit is salsa, but here there are nuances of Latin jazz and bossa nova that color the landscape. The Fantasia Sextet was connected to the tradition of Latin American popular music and its time, focused especially on expanding the limits of its own work, as befits any modern artist.The staff of this album was headed by pianist and musical director Virgilio Armas. And it was completed by Domingo Moret (flute and guitar), Rodolfo Buena\u00f1o (bass), Guillermo Taribe (drums), Hugo Liendo (tumbadoras) and Gabriel Ruiz on vocals.","breadcrumb":{"@id":"https:\/\/wpguerssen-test.odoo.rgbconsulting.com\/es\/producto\/estamos-en-algo\/#breadcrumb"},"inLanguage":"es","potentialAction":[{"@type":"ReadAction","target":["https:\/\/wpguerssen-test.odoo.rgbconsulting.com\/es\/producto\/estamos-en-algo\/"]}]},{"@type":"ImageObject","inLanguage":"es","@id":"https:\/\/wpguerssen-test.odoo.rgbconsulting.com\/es\/producto\/estamos-en-algo\/#primaryimage","url":"https:\/\/wpguerssen-test.odoo.rgbconsulting.com\/wp-content\/uploads\/2001\/01\/47858-scaled.jpg","contentUrl":"https:\/\/wpguerssen-test.odoo.rgbconsulting.com\/wp-content\/uploads\/2001\/01\/47858-scaled.jpg","width":2560,"height":2560},{"@type":"BreadcrumbList","@id":"https:\/\/wpguerssen-test.odoo.rgbconsulting.com\/es\/producto\/estamos-en-algo\/#breadcrumb","itemListElement":[{"@type":"ListItem","position":1,"name":"Inicio","item":"https:\/\/wpguerssen-test.odoo.rgbconsulting.com\/es\/"},{"@type":"ListItem","position":2,"name":"Shop","item":"https:\/\/wpguerssen-test.odoo.rgbconsulting.com\/shop\/"},{"@type":"ListItem","position":3,"name":"Estamos En Algo"}]},{"@type":"WebSite","@id":"https:\/\/wpguerssen-test.odoo.rgbconsulting.com\/es\/#website","url":"https:\/\/wpguerssen-test.odoo.rgbconsulting.com\/es\/","name":"Guerssen records","description":"psychedelia - progressive - folk - garage ","publisher":{"@id":"https:\/\/wpguerssen-test.odoo.rgbconsulting.com\/es\/#organization"},"potentialAction":[{"@type":"SearchAction","target":{"@type":"EntryPoint","urlTemplate":"https:\/\/wpguerssen-test.odoo.rgbconsulting.com\/es\/?s={search_term_string}"},"query-input":{"@type":"PropertyValueSpecification","valueRequired":true,"valueName":"search_term_string"}}],"inLanguage":"es"},{"@type":"Organization","@id":"https:\/\/wpguerssen-test.odoo.rgbconsulting.com\/es\/#organization","name":"Guerssen records","url":"https:\/\/wpguerssen-test.odoo.rgbconsulting.com\/es\/","logo":{"@type":"ImageObject","inLanguage":"es","@id":"https:\/\/wpguerssen-test.odoo.rgbconsulting.com\/es\/#\/schema\/logo\/image\/","url":"https:\/\/wpguerssen-test.odoo.rgbconsulting.com\/wp-content\/uploads\/2022\/04\/Logo_Guerssen_trans_100.png","contentUrl":"https:\/\/wpguerssen-test.odoo.rgbconsulting.com\/wp-content\/uploads\/2022\/04\/Logo_Guerssen_trans_100.png","width":122,"height":100,"caption":"Guerssen records"},"image":{"@id":"https:\/\/wpguerssen-test.odoo.rgbconsulting.com\/es\/#\/schema\/logo\/image\/"}}]}},"_links":{"self":[{"href":"https:\/\/wpguerssen-test.odoo.rgbconsulting.com\/es\/wp-json\/wp\/v2\/product\/267511","targetHints":{"allow":["GET"]}}],"collection":[{"href":"https:\/\/wpguerssen-test.odoo.rgbconsulting.com\/es\/wp-json\/wp\/v2\/product"}],"about":[{"href":"https:\/\/wpguerssen-test.odoo.rgbconsulting.com\/es\/wp-json\/wp\/v2\/types\/product"}],"wp:featuredmedia":[{"embeddable":true,"href":"https:\/\/wpguerssen-test.odoo.rgbconsulting.com\/es\/wp-json\/wp\/v2\/media\/267514"}],"wp:attachment":[{"href":"https:\/\/wpguerssen-test.odoo.rgbconsulting.com\/es\/wp-json\/wp\/v2\/media?parent=267511"}],"wp:term":[{"taxonomy":"product_brand","embeddable":true,"href":"https:\/\/wpguerssen-test.odoo.rgbconsulting.com\/es\/wp-json\/wp\/v2\/product_brand?post=267511"},{"taxonomy":"product_cat","embeddable":true,"href":"https:\/\/wpguerssen-test.odoo.rgbconsulting.com\/es\/wp-json\/wp\/v2\/product_cat?post=267511"},{"taxonomy":"product_tag","embeddable":true,"href":"https:\/\/wpguerssen-test.odoo.rgbconsulting.com\/es\/wp-json\/wp\/v2\/product_tag?post=267511"}],"curies":[{"name":"wp","href":"https:\/\/api.w.org\/{rel}","templated":true}]}}