{"id":267636,"date":"2024-01-12T00:00:00","date_gmt":"2024-01-11T23:00:00","guid":{"rendered":"https:\/\/wpguerssen-test.odoo.rgbconsulting.com\/product\/road-trax\/"},"modified":"2024-11-25T15:27:41","modified_gmt":"2024-11-25T14:27:41","slug":"road-trax","status":"publish","type":"product","link":"https:\/\/wpguerssen-test.odoo.rgbconsulting.com\/es\/producto\/road-trax\/","title":{"rendered":"Road Trax"},"content":{"rendered":"<p>Bandas sonoras de la pel\u00edcula \u00abKings of the Roads\u00bb de Wim Wender y de \u00abDas Brot des B\u00e4ckers\u00bb y \u00abSoweit das Auge reicht\u00bb de Erwin Keusch. En total, 21 pistas, incluidas 2 pistas extra, t\u00edtulos nunca antes publicados de la banda alemana IMPROVED SOUND LIMITED. Principalmente instrumentales, las canciones muestran grandes emociones y una interpretaci\u00f3n perfecta. Musicalmente en la l\u00ednea de \u00e1lbumes anteriores \u00abCatch A Singing Bird On The Road\u00bb y \u00abRathbone Hotel\u00bb. Remasterizado digitalmente a partir de las mastertapes y con un folleto extenso y completo. \u00a1Muy recomendable!<\/p>\n","protected":false},"excerpt":{"rendered":"<p>Bandas sonoras de la pel\u00edcula \u00abKings of the Roads\u00bb de Wim Wender y de \u00abDas Brot des B\u00e4ckers\u00bb y \u00abSoweit das Auge reicht\u00bb de Erwin Keusch. En total, 21 pistas,<a class=\"read\" href=\"https:\/\/wpguerssen-test.odoo.rgbconsulting.com\/es\/producto\/road-trax\/\"> (...)<\/a>","protected":false},"featured_media":267539,"template":"","meta":{"_acf_changed":false},"product_brand":[],"product_cat":[21641],"product_tag":[],"class_list":{"0":"post-267636","1":"product","2":"type-product","3":"status-publish","4":"has-post-thumbnail","6":"product_cat-soundtracks-es","7":"pa_artist-improved-sound-limited-es","8":"pa_format-cd-2-es","9":"pa_gender-soundtracks","10":"pa_label-long-hair-es","11":"pa_location-europe-es","13":"first","14":"instock","15":"taxable","16":"shipping-taxable","17":"purchasable","18":"product-type-simple"},"acf":[],"yoast_head":"<!-- This site is optimized with the Yoast SEO plugin v24.9 - https:\/\/yoast.com\/wordpress\/plugins\/seo\/ -->\n<title>IMPROVED SOUND LIMITED - Road Trax -  (CD) | Guerssen<\/title>\n<meta name=\"description\" content=\"Soundtracks of Wim Wender&#039;s movie &quot;Kings of the Roads&quot; and Erwin Keusch&#039;s &quot;Das Brot des B\u00e4ckers&quot; and &quot;Soweit das Auge reicht&quot;. All in all 21 tracks including 2 bonus tracks, never before released titles of German Band IMPROVED SOUND LIMITED. Mainly instrumental, the songs show great emotions and perfect performance. Musically in the vein of former albums &quot;Catch A Singing Bird On The Road&quot; and &quot;Rathbone Hotel&quot;. Digitally remastered from the mastertapes and with extensive and comprehensive booklet. Highly recommended!\" \/>\n<meta name=\"robots\" content=\"index, follow, max-snippet:-1, max-image-preview:large, max-video-preview:-1\" \/>\n<link rel=\"canonical\" href=\"https:\/\/wpguerssen-test.odoo.rgbconsulting.com\/es\/producto\/road-trax\/\" \/>\n<meta property=\"og:locale\" content=\"es_ES\" \/>\n<meta property=\"og:type\" content=\"article\" \/>\n<meta property=\"og:title\" content=\"IMPROVED SOUND LIMITED - Road Trax -  (CD) | Guerssen\" \/>\n<meta property=\"og:description\" content=\"Soundtracks of Wim Wender&#039;s movie &quot;Kings of the Roads&quot; and Erwin Keusch&#039;s &quot;Das Brot des B\u00e4ckers&quot; and &quot;Soweit das Auge reicht&quot;. All in all 21 tracks including 2 bonus tracks, never before released titles of German Band IMPROVED SOUND LIMITED. Mainly instrumental, the songs show great emotions and perfect performance. Musically in the vein of former albums &quot;Catch A Singing Bird On The Road&quot; and &quot;Rathbone Hotel&quot;. Digitally remastered from the mastertapes and with extensive and comprehensive booklet. Highly recommended!\" \/>\n<meta property=\"og:url\" content=\"https:\/\/wpguerssen-test.odoo.rgbconsulting.com\/es\/producto\/road-trax\/\" \/>\n<meta property=\"og:site_name\" content=\"Guerssen records\" \/>\n<meta property=\"article:modified_time\" content=\"2024-11-25T14:27:41+00:00\" \/>\n<meta property=\"og:image\" content=\"https:\/\/wpguerssen-test.odoo.rgbconsulting.com\/wp-content\/uploads\/2024\/05\/47864.jpg\" \/>\n\t<meta property=\"og:image:width\" content=\"400\" \/>\n\t<meta property=\"og:image:height\" content=\"403\" \/>\n\t<meta property=\"og:image:type\" content=\"image\/jpeg\" \/>\n<meta name=\"twitter:card\" content=\"summary_large_image\" \/>\n<meta name=\"twitter:title\" content=\"IMPROVED SOUND LIMITED - Road Trax -  (CD) | Guerssen\" \/>\n<script type=\"application\/ld+json\" class=\"yoast-schema-graph\">{\"@context\":\"https:\/\/schema.org\",\"@graph\":[{\"@type\":\"WebPage\",\"@id\":\"https:\/\/wpguerssen-test.odoo.rgbconsulting.com\/es\/producto\/road-trax\/\",\"url\":\"https:\/\/wpguerssen-test.odoo.rgbconsulting.com\/es\/producto\/road-trax\/\",\"name\":\"IMPROVED SOUND LIMITED - Road Trax - (CD) | Guerssen\",\"isPartOf\":{\"@id\":\"https:\/\/wpguerssen-test.odoo.rgbconsulting.com\/es\/#website\"},\"primaryImageOfPage\":{\"@id\":\"https:\/\/wpguerssen-test.odoo.rgbconsulting.com\/es\/producto\/road-trax\/#primaryimage\"},\"image\":{\"@id\":\"https:\/\/wpguerssen-test.odoo.rgbconsulting.com\/es\/producto\/road-trax\/#primaryimage\"},\"thumbnailUrl\":\"https:\/\/wpguerssen-test.odoo.rgbconsulting.com\/wp-content\/uploads\/2024\/05\/47864.jpg\",\"datePublished\":\"2024-01-11T23:00:00+00:00\",\"dateModified\":\"2024-11-25T14:27:41+00:00\",\"description\":\"Soundtracks of Wim Wender's movie \\\"Kings of the Roads\\\" and Erwin Keusch's \\\"Das Brot des B\u00e4ckers\\\" and \\\"Soweit das Auge reicht\\\". All in all 21 tracks including 2 bonus tracks, never before released titles of German Band IMPROVED SOUND LIMITED. Mainly instrumental, the songs show great emotions and perfect performance. Musically in the vein of former albums \\\"Catch A Singing Bird On The Road\\\" and \\\"Rathbone Hotel\\\". Digitally remastered from the mastertapes and with extensive and comprehensive booklet. Highly recommended!\",\"breadcrumb\":{\"@id\":\"https:\/\/wpguerssen-test.odoo.rgbconsulting.com\/es\/producto\/road-trax\/#breadcrumb\"},\"inLanguage\":\"es\",\"potentialAction\":[{\"@type\":\"ReadAction\",\"target\":[\"https:\/\/wpguerssen-test.odoo.rgbconsulting.com\/es\/producto\/road-trax\/\"]}]},{\"@type\":\"ImageObject\",\"inLanguage\":\"es\",\"@id\":\"https:\/\/wpguerssen-test.odoo.rgbconsulting.com\/es\/producto\/road-trax\/#primaryimage\",\"url\":\"https:\/\/wpguerssen-test.odoo.rgbconsulting.com\/wp-content\/uploads\/2024\/05\/47864.jpg\",\"contentUrl\":\"https:\/\/wpguerssen-test.odoo.rgbconsulting.com\/wp-content\/uploads\/2024\/05\/47864.jpg\",\"width\":400,\"height\":403},{\"@type\":\"BreadcrumbList\",\"@id\":\"https:\/\/wpguerssen-test.odoo.rgbconsulting.com\/es\/producto\/road-trax\/#breadcrumb\",\"itemListElement\":[{\"@type\":\"ListItem\",\"position\":1,\"name\":\"Inicio\",\"item\":\"https:\/\/wpguerssen-test.odoo.rgbconsulting.com\/es\/\"},{\"@type\":\"ListItem\",\"position\":2,\"name\":\"Shop\",\"item\":\"https:\/\/wpguerssen-test.odoo.rgbconsulting.com\/shop\/\"},{\"@type\":\"ListItem\",\"position\":3,\"name\":\"Road Trax\"}]},{\"@type\":\"WebSite\",\"@id\":\"https:\/\/wpguerssen-test.odoo.rgbconsulting.com\/es\/#website\",\"url\":\"https:\/\/wpguerssen-test.odoo.rgbconsulting.com\/es\/\",\"name\":\"Guerssen records\",\"description\":\"psychedelia - progressive - folk - garage \",\"publisher\":{\"@id\":\"https:\/\/wpguerssen-test.odoo.rgbconsulting.com\/es\/#organization\"},\"potentialAction\":[{\"@type\":\"SearchAction\",\"target\":{\"@type\":\"EntryPoint\",\"urlTemplate\":\"https:\/\/wpguerssen-test.odoo.rgbconsulting.com\/es\/?s={search_term_string}\"},\"query-input\":{\"@type\":\"PropertyValueSpecification\",\"valueRequired\":true,\"valueName\":\"search_term_string\"}}],\"inLanguage\":\"es\"},{\"@type\":\"Organization\",\"@id\":\"https:\/\/wpguerssen-test.odoo.rgbconsulting.com\/es\/#organization\",\"name\":\"Guerssen records\",\"url\":\"https:\/\/wpguerssen-test.odoo.rgbconsulting.com\/es\/\",\"logo\":{\"@type\":\"ImageObject\",\"inLanguage\":\"es\",\"@id\":\"https:\/\/wpguerssen-test.odoo.rgbconsulting.com\/es\/#\/schema\/logo\/image\/\",\"url\":\"https:\/\/wpguerssen-test.odoo.rgbconsulting.com\/wp-content\/uploads\/2022\/04\/Logo_Guerssen_trans_100.png\",\"contentUrl\":\"https:\/\/wpguerssen-test.odoo.rgbconsulting.com\/wp-content\/uploads\/2022\/04\/Logo_Guerssen_trans_100.png\",\"width\":122,\"height\":100,\"caption\":\"Guerssen records\"},\"image\":{\"@id\":\"https:\/\/wpguerssen-test.odoo.rgbconsulting.com\/es\/#\/schema\/logo\/image\/\"}}]}<\/script>\n<!-- \/ Yoast SEO plugin. -->","yoast_head_json":{"title":"IMPROVED SOUND LIMITED - Road Trax -  (CD) | Guerssen","description":"Soundtracks of Wim Wender's movie \"Kings of the Roads\" and Erwin Keusch's \"Das Brot des B\u00e4ckers\" and \"Soweit das Auge reicht\". All in all 21 tracks including 2 bonus tracks, never before released titles of German Band IMPROVED SOUND LIMITED. Mainly instrumental, the songs show great emotions and perfect performance. Musically in the vein of former albums \"Catch A Singing Bird On The Road\" and \"Rathbone Hotel\". Digitally remastered from the mastertapes and with extensive and comprehensive booklet. Highly recommended!","robots":{"index":"index","follow":"follow","max-snippet":"max-snippet:-1","max-image-preview":"max-image-preview:large","max-video-preview":"max-video-preview:-1"},"canonical":"https:\/\/wpguerssen-test.odoo.rgbconsulting.com\/es\/producto\/road-trax\/","og_locale":"es_ES","og_type":"article","og_title":"IMPROVED SOUND LIMITED - Road Trax -  (CD) | Guerssen","og_description":"Soundtracks of Wim Wender's movie \"Kings of the Roads\" and Erwin Keusch's \"Das Brot des B\u00e4ckers\" and \"Soweit das Auge reicht\". All in all 21 tracks including 2 bonus tracks, never before released titles of German Band IMPROVED SOUND LIMITED. Mainly instrumental, the songs show great emotions and perfect performance. Musically in the vein of former albums \"Catch A Singing Bird On The Road\" and \"Rathbone Hotel\". Digitally remastered from the mastertapes and with extensive and comprehensive booklet. Highly recommended!","og_url":"https:\/\/wpguerssen-test.odoo.rgbconsulting.com\/es\/producto\/road-trax\/","og_site_name":"Guerssen records","article_modified_time":"2024-11-25T14:27:41+00:00","og_image":[{"width":400,"height":403,"url":"https:\/\/wpguerssen-test.odoo.rgbconsulting.com\/wp-content\/uploads\/2024\/05\/47864.jpg","type":"image\/jpeg"}],"twitter_card":"summary_large_image","twitter_title":"IMPROVED SOUND LIMITED - Road Trax -  (CD) | Guerssen","schema":{"@context":"https:\/\/schema.org","@graph":[{"@type":"WebPage","@id":"https:\/\/wpguerssen-test.odoo.rgbconsulting.com\/es\/producto\/road-trax\/","url":"https:\/\/wpguerssen-test.odoo.rgbconsulting.com\/es\/producto\/road-trax\/","name":"IMPROVED SOUND LIMITED - Road Trax - (CD) | Guerssen","isPartOf":{"@id":"https:\/\/wpguerssen-test.odoo.rgbconsulting.com\/es\/#website"},"primaryImageOfPage":{"@id":"https:\/\/wpguerssen-test.odoo.rgbconsulting.com\/es\/producto\/road-trax\/#primaryimage"},"image":{"@id":"https:\/\/wpguerssen-test.odoo.rgbconsulting.com\/es\/producto\/road-trax\/#primaryimage"},"thumbnailUrl":"https:\/\/wpguerssen-test.odoo.rgbconsulting.com\/wp-content\/uploads\/2024\/05\/47864.jpg","datePublished":"2024-01-11T23:00:00+00:00","dateModified":"2024-11-25T14:27:41+00:00","description":"Soundtracks of Wim Wender's movie \"Kings of the Roads\" and Erwin Keusch's \"Das Brot des B\u00e4ckers\" and \"Soweit das Auge reicht\". All in all 21 tracks including 2 bonus tracks, never before released titles of German Band IMPROVED SOUND LIMITED. Mainly instrumental, the songs show great emotions and perfect performance. Musically in the vein of former albums \"Catch A Singing Bird On The Road\" and \"Rathbone Hotel\". Digitally remastered from the mastertapes and with extensive and comprehensive booklet. Highly recommended!","breadcrumb":{"@id":"https:\/\/wpguerssen-test.odoo.rgbconsulting.com\/es\/producto\/road-trax\/#breadcrumb"},"inLanguage":"es","potentialAction":[{"@type":"ReadAction","target":["https:\/\/wpguerssen-test.odoo.rgbconsulting.com\/es\/producto\/road-trax\/"]}]},{"@type":"ImageObject","inLanguage":"es","@id":"https:\/\/wpguerssen-test.odoo.rgbconsulting.com\/es\/producto\/road-trax\/#primaryimage","url":"https:\/\/wpguerssen-test.odoo.rgbconsulting.com\/wp-content\/uploads\/2024\/05\/47864.jpg","contentUrl":"https:\/\/wpguerssen-test.odoo.rgbconsulting.com\/wp-content\/uploads\/2024\/05\/47864.jpg","width":400,"height":403},{"@type":"BreadcrumbList","@id":"https:\/\/wpguerssen-test.odoo.rgbconsulting.com\/es\/producto\/road-trax\/#breadcrumb","itemListElement":[{"@type":"ListItem","position":1,"name":"Inicio","item":"https:\/\/wpguerssen-test.odoo.rgbconsulting.com\/es\/"},{"@type":"ListItem","position":2,"name":"Shop","item":"https:\/\/wpguerssen-test.odoo.rgbconsulting.com\/shop\/"},{"@type":"ListItem","position":3,"name":"Road Trax"}]},{"@type":"WebSite","@id":"https:\/\/wpguerssen-test.odoo.rgbconsulting.com\/es\/#website","url":"https:\/\/wpguerssen-test.odoo.rgbconsulting.com\/es\/","name":"Guerssen records","description":"psychedelia - progressive - folk - garage ","publisher":{"@id":"https:\/\/wpguerssen-test.odoo.rgbconsulting.com\/es\/#organization"},"potentialAction":[{"@type":"SearchAction","target":{"@type":"EntryPoint","urlTemplate":"https:\/\/wpguerssen-test.odoo.rgbconsulting.com\/es\/?s={search_term_string}"},"query-input":{"@type":"PropertyValueSpecification","valueRequired":true,"valueName":"search_term_string"}}],"inLanguage":"es"},{"@type":"Organization","@id":"https:\/\/wpguerssen-test.odoo.rgbconsulting.com\/es\/#organization","name":"Guerssen records","url":"https:\/\/wpguerssen-test.odoo.rgbconsulting.com\/es\/","logo":{"@type":"ImageObject","inLanguage":"es","@id":"https:\/\/wpguerssen-test.odoo.rgbconsulting.com\/es\/#\/schema\/logo\/image\/","url":"https:\/\/wpguerssen-test.odoo.rgbconsulting.com\/wp-content\/uploads\/2022\/04\/Logo_Guerssen_trans_100.png","contentUrl":"https:\/\/wpguerssen-test.odoo.rgbconsulting.com\/wp-content\/uploads\/2022\/04\/Logo_Guerssen_trans_100.png","width":122,"height":100,"caption":"Guerssen records"},"image":{"@id":"https:\/\/wpguerssen-test.odoo.rgbconsulting.com\/es\/#\/schema\/logo\/image\/"}}]}},"_links":{"self":[{"href":"https:\/\/wpguerssen-test.odoo.rgbconsulting.com\/es\/wp-json\/wp\/v2\/product\/267636","targetHints":{"allow":["GET"]}}],"collection":[{"href":"https:\/\/wpguerssen-test.odoo.rgbconsulting.com\/es\/wp-json\/wp\/v2\/product"}],"about":[{"href":"https:\/\/wpguerssen-test.odoo.rgbconsulting.com\/es\/wp-json\/wp\/v2\/types\/product"}],"wp:featuredmedia":[{"embeddable":true,"href":"https:\/\/wpguerssen-test.odoo.rgbconsulting.com\/es\/wp-json\/wp\/v2\/media\/267539"}],"wp:attachment":[{"href":"https:\/\/wpguerssen-test.odoo.rgbconsulting.com\/es\/wp-json\/wp\/v2\/media?parent=267636"}],"wp:term":[{"taxonomy":"product_brand","embeddable":true,"href":"https:\/\/wpguerssen-test.odoo.rgbconsulting.com\/es\/wp-json\/wp\/v2\/product_brand?post=267636"},{"taxonomy":"product_cat","embeddable":true,"href":"https:\/\/wpguerssen-test.odoo.rgbconsulting.com\/es\/wp-json\/wp\/v2\/product_cat?post=267636"},{"taxonomy":"product_tag","embeddable":true,"href":"https:\/\/wpguerssen-test.odoo.rgbconsulting.com\/es\/wp-json\/wp\/v2\/product_tag?post=267636"}],"curies":[{"name":"wp","href":"https:\/\/api.w.org\/{rel}","templated":true}]}}