{"id":267641,"date":"2024-01-12T00:00:00","date_gmt":"2024-01-11T23:00:00","guid":{"rendered":"https:\/\/wpguerssen-test.odoo.rgbconsulting.com\/product\/swf-sessions-vol-1\/"},"modified":"2025-01-31T14:00:51","modified_gmt":"2025-01-31T13:00:51","slug":"swf-sessions-vol-1","status":"publish","type":"product","link":"https:\/\/wpguerssen-test.odoo.rgbconsulting.com\/es\/producto\/swf-sessions-vol-1\/","title":{"rendered":"SWF Sessions Vol 1"},"content":{"rendered":"<p>Extra\u00eddo de los archivos de las legendarias sesiones de SWF-Radio y remasterizado a su gloria original, llega una sesi\u00f3n transmitida por una banda de Offenburg\/Alemania. Jud&#8217;s Gallery, que grab\u00f3 9 temas largos en 2 sesiones SWF en 1972\/74. Excelente krautrock progresivo inteligente, con temas largos de composici\u00f3n propia empapados de blues rock cl\u00e1sico y pesado ocasional. Un descubrimiento realmente sorprendente y una visita obligada para todos los fan\u00e1ticos del Krautrock. M\u00e1s de 78 minutos de magn\u00edfico rock, con magn\u00edficas guitarra, bajo, viol\u00edn, \u00f3rgano y piano. La segunda edici\u00f3n viene con una pista extra de 13 minutos \u00abNew Day&#8217;s Dawning\u00bb y un folleto revisado con la historia completa de la banda y m\u00e1s fotos. Remasterizado digitalmente a partir de la cinta original. Un CD realmente genial.<\/p>\n","protected":false},"excerpt":{"rendered":"<p>Extra\u00eddo de los archivos de las legendarias sesiones de SWF-Radio y remasterizado a su gloria original, llega una sesi\u00f3n transmitida por una banda de Offenburg\/Alemania.<a class=\"read\" href=\"https:\/\/wpguerssen-test.odoo.rgbconsulting.com\/es\/producto\/swf-sessions-vol-1\/\"> (...)<\/a>","protected":false},"featured_media":267554,"template":"","meta":{"_acf_changed":false},"product_brand":[],"product_cat":[23215,23230],"product_tag":[],"class_list":{"0":"post-267641","1":"product","2":"type-product","3":"status-publish","4":"has-post-thumbnail","6":"product_cat-progressive60s-70s-es","7":"product_cat-krautrock-es-2","8":"pa_artist-juds-gallery","9":"pa_format-cd-2-es","10":"pa_gender-progressive60s-70s-krautrock","11":"pa_label-long-hair-es","12":"pa_location-europe-es","14":"first","15":"instock","16":"taxable","17":"shipping-taxable","18":"purchasable","19":"product-type-simple"},"acf":[],"yoast_head":"<!-- This site is optimized with the Yoast SEO plugin v24.9 - https:\/\/yoast.com\/wordpress\/plugins\/seo\/ -->\n<title>JUD&#039;S GALLERY - SWF Sessions Vol 1 -  (CD) | Guerssen<\/title>\n<meta name=\"description\" content=\"Pulled from the archives from the legendary SWF-Radio sessions and remastered to their original glory comes a session-broadcast from a Offenburg\/Germany band. Jud&#039;s Gallery who recorded 9 long tracks over 2 SWF sessions in 1972\/74. Excellent intelligent progressive-Krautrock, with self composed long tracks drenched in occasional classic and heavy blues rock. A truly amazing discovery and a must for all Krautrock fans. Over 78 minutes superb rock, with superb guitar, bass, violin, organ and piano. 2nd edition comes with 13 minutes bonus track &quot;New Day&#039;s Dawning&quot; and revised booklet with full band story and more photos. Digitally remastered from original tape. A truly great CD.\" \/>\n<meta name=\"robots\" content=\"index, follow, max-snippet:-1, max-image-preview:large, max-video-preview:-1\" \/>\n<link rel=\"canonical\" href=\"https:\/\/wpguerssen-test.odoo.rgbconsulting.com\/es\/producto\/swf-sessions-vol-1\/\" \/>\n<meta property=\"og:locale\" content=\"es_ES\" \/>\n<meta property=\"og:type\" content=\"article\" \/>\n<meta property=\"og:title\" content=\"JUD&#039;S GALLERY - SWF Sessions Vol 1 -  (CD) | Guerssen\" \/>\n<meta property=\"og:description\" content=\"Pulled from the archives from the legendary SWF-Radio sessions and remastered to their original glory comes a session-broadcast from a Offenburg\/Germany band. Jud&#039;s Gallery who recorded 9 long tracks over 2 SWF sessions in 1972\/74. Excellent intelligent progressive-Krautrock, with self composed long tracks drenched in occasional classic and heavy blues rock. A truly amazing discovery and a must for all Krautrock fans. Over 78 minutes superb rock, with superb guitar, bass, violin, organ and piano. 2nd edition comes with 13 minutes bonus track &quot;New Day&#039;s Dawning&quot; and revised booklet with full band story and more photos. Digitally remastered from original tape. A truly great CD.\" \/>\n<meta property=\"og:url\" content=\"https:\/\/wpguerssen-test.odoo.rgbconsulting.com\/es\/producto\/swf-sessions-vol-1\/\" \/>\n<meta property=\"og:site_name\" content=\"Guerssen records\" \/>\n<meta property=\"article:modified_time\" content=\"2025-01-31T13:00:51+00:00\" \/>\n<meta property=\"og:image\" content=\"https:\/\/wpguerssen-test.odoo.rgbconsulting.com\/wp-content\/uploads\/2024\/05\/47870.jpg\" \/>\n\t<meta property=\"og:image:width\" content=\"594\" \/>\n\t<meta property=\"og:image:height\" content=\"599\" \/>\n\t<meta property=\"og:image:type\" content=\"image\/jpeg\" \/>\n<meta name=\"twitter:card\" content=\"summary_large_image\" \/>\n<meta name=\"twitter:title\" content=\"JUD&#039;S GALLERY - SWF Sessions Vol 1 -  (CD) | Guerssen\" \/>\n<meta name=\"twitter:label1\" content=\"Tiempo de lectura\" \/>\n\t<meta name=\"twitter:data1\" content=\"1 minuto\" \/>\n<script type=\"application\/ld+json\" class=\"yoast-schema-graph\">{\"@context\":\"https:\/\/schema.org\",\"@graph\":[{\"@type\":\"WebPage\",\"@id\":\"https:\/\/wpguerssen-test.odoo.rgbconsulting.com\/es\/producto\/swf-sessions-vol-1\/\",\"url\":\"https:\/\/wpguerssen-test.odoo.rgbconsulting.com\/es\/producto\/swf-sessions-vol-1\/\",\"name\":\"JUD'S GALLERY - SWF Sessions Vol 1 - (CD) | Guerssen\",\"isPartOf\":{\"@id\":\"https:\/\/wpguerssen-test.odoo.rgbconsulting.com\/es\/#website\"},\"primaryImageOfPage\":{\"@id\":\"https:\/\/wpguerssen-test.odoo.rgbconsulting.com\/es\/producto\/swf-sessions-vol-1\/#primaryimage\"},\"image\":{\"@id\":\"https:\/\/wpguerssen-test.odoo.rgbconsulting.com\/es\/producto\/swf-sessions-vol-1\/#primaryimage\"},\"thumbnailUrl\":\"https:\/\/wpguerssen-test.odoo.rgbconsulting.com\/wp-content\/uploads\/2024\/05\/47870.jpg\",\"datePublished\":\"2024-01-11T23:00:00+00:00\",\"dateModified\":\"2025-01-31T13:00:51+00:00\",\"description\":\"Pulled from the archives from the legendary SWF-Radio sessions and remastered to their original glory comes a session-broadcast from a Offenburg\/Germany band. Jud's Gallery who recorded 9 long tracks over 2 SWF sessions in 1972\/74. Excellent intelligent progressive-Krautrock, with self composed long tracks drenched in occasional classic and heavy blues rock. A truly amazing discovery and a must for all Krautrock fans. Over 78 minutes superb rock, with superb guitar, bass, violin, organ and piano. 2nd edition comes with 13 minutes bonus track \\\"New Day's Dawning\\\" and revised booklet with full band story and more photos. Digitally remastered from original tape. A truly great CD.\",\"breadcrumb\":{\"@id\":\"https:\/\/wpguerssen-test.odoo.rgbconsulting.com\/es\/producto\/swf-sessions-vol-1\/#breadcrumb\"},\"inLanguage\":\"es\",\"potentialAction\":[{\"@type\":\"ReadAction\",\"target\":[\"https:\/\/wpguerssen-test.odoo.rgbconsulting.com\/es\/producto\/swf-sessions-vol-1\/\"]}]},{\"@type\":\"ImageObject\",\"inLanguage\":\"es\",\"@id\":\"https:\/\/wpguerssen-test.odoo.rgbconsulting.com\/es\/producto\/swf-sessions-vol-1\/#primaryimage\",\"url\":\"https:\/\/wpguerssen-test.odoo.rgbconsulting.com\/wp-content\/uploads\/2024\/05\/47870.jpg\",\"contentUrl\":\"https:\/\/wpguerssen-test.odoo.rgbconsulting.com\/wp-content\/uploads\/2024\/05\/47870.jpg\",\"width\":594,\"height\":599},{\"@type\":\"BreadcrumbList\",\"@id\":\"https:\/\/wpguerssen-test.odoo.rgbconsulting.com\/es\/producto\/swf-sessions-vol-1\/#breadcrumb\",\"itemListElement\":[{\"@type\":\"ListItem\",\"position\":1,\"name\":\"Inicio\",\"item\":\"https:\/\/wpguerssen-test.odoo.rgbconsulting.com\/es\/\"},{\"@type\":\"ListItem\",\"position\":2,\"name\":\"Shop\",\"item\":\"https:\/\/wpguerssen-test.odoo.rgbconsulting.com\/shop\/\"},{\"@type\":\"ListItem\",\"position\":3,\"name\":\"SWF Sessions Vol 1\"}]},{\"@type\":\"WebSite\",\"@id\":\"https:\/\/wpguerssen-test.odoo.rgbconsulting.com\/es\/#website\",\"url\":\"https:\/\/wpguerssen-test.odoo.rgbconsulting.com\/es\/\",\"name\":\"Guerssen records\",\"description\":\"psychedelia - progressive - folk - garage \",\"publisher\":{\"@id\":\"https:\/\/wpguerssen-test.odoo.rgbconsulting.com\/es\/#organization\"},\"potentialAction\":[{\"@type\":\"SearchAction\",\"target\":{\"@type\":\"EntryPoint\",\"urlTemplate\":\"https:\/\/wpguerssen-test.odoo.rgbconsulting.com\/es\/?s={search_term_string}\"},\"query-input\":{\"@type\":\"PropertyValueSpecification\",\"valueRequired\":true,\"valueName\":\"search_term_string\"}}],\"inLanguage\":\"es\"},{\"@type\":\"Organization\",\"@id\":\"https:\/\/wpguerssen-test.odoo.rgbconsulting.com\/es\/#organization\",\"name\":\"Guerssen records\",\"url\":\"https:\/\/wpguerssen-test.odoo.rgbconsulting.com\/es\/\",\"logo\":{\"@type\":\"ImageObject\",\"inLanguage\":\"es\",\"@id\":\"https:\/\/wpguerssen-test.odoo.rgbconsulting.com\/es\/#\/schema\/logo\/image\/\",\"url\":\"https:\/\/wpguerssen-test.odoo.rgbconsulting.com\/wp-content\/uploads\/2022\/04\/Logo_Guerssen_trans_100.png\",\"contentUrl\":\"https:\/\/wpguerssen-test.odoo.rgbconsulting.com\/wp-content\/uploads\/2022\/04\/Logo_Guerssen_trans_100.png\",\"width\":122,\"height\":100,\"caption\":\"Guerssen records\"},\"image\":{\"@id\":\"https:\/\/wpguerssen-test.odoo.rgbconsulting.com\/es\/#\/schema\/logo\/image\/\"}}]}<\/script>\n<!-- \/ Yoast SEO plugin. -->","yoast_head_json":{"title":"JUD'S GALLERY - SWF Sessions Vol 1 -  (CD) | Guerssen","description":"Pulled from the archives from the legendary SWF-Radio sessions and remastered to their original glory comes a session-broadcast from a Offenburg\/Germany band. Jud's Gallery who recorded 9 long tracks over 2 SWF sessions in 1972\/74. Excellent intelligent progressive-Krautrock, with self composed long tracks drenched in occasional classic and heavy blues rock. A truly amazing discovery and a must for all Krautrock fans. Over 78 minutes superb rock, with superb guitar, bass, violin, organ and piano. 2nd edition comes with 13 minutes bonus track \"New Day's Dawning\" and revised booklet with full band story and more photos. Digitally remastered from original tape. A truly great CD.","robots":{"index":"index","follow":"follow","max-snippet":"max-snippet:-1","max-image-preview":"max-image-preview:large","max-video-preview":"max-video-preview:-1"},"canonical":"https:\/\/wpguerssen-test.odoo.rgbconsulting.com\/es\/producto\/swf-sessions-vol-1\/","og_locale":"es_ES","og_type":"article","og_title":"JUD'S GALLERY - SWF Sessions Vol 1 -  (CD) | Guerssen","og_description":"Pulled from the archives from the legendary SWF-Radio sessions and remastered to their original glory comes a session-broadcast from a Offenburg\/Germany band. Jud's Gallery who recorded 9 long tracks over 2 SWF sessions in 1972\/74. Excellent intelligent progressive-Krautrock, with self composed long tracks drenched in occasional classic and heavy blues rock. A truly amazing discovery and a must for all Krautrock fans. Over 78 minutes superb rock, with superb guitar, bass, violin, organ and piano. 2nd edition comes with 13 minutes bonus track \"New Day's Dawning\" and revised booklet with full band story and more photos. Digitally remastered from original tape. A truly great CD.","og_url":"https:\/\/wpguerssen-test.odoo.rgbconsulting.com\/es\/producto\/swf-sessions-vol-1\/","og_site_name":"Guerssen records","article_modified_time":"2025-01-31T13:00:51+00:00","og_image":[{"width":594,"height":599,"url":"https:\/\/wpguerssen-test.odoo.rgbconsulting.com\/wp-content\/uploads\/2024\/05\/47870.jpg","type":"image\/jpeg"}],"twitter_card":"summary_large_image","twitter_title":"JUD'S GALLERY - SWF Sessions Vol 1 -  (CD) | Guerssen","twitter_misc":{"Tiempo de lectura":"1 minuto"},"schema":{"@context":"https:\/\/schema.org","@graph":[{"@type":"WebPage","@id":"https:\/\/wpguerssen-test.odoo.rgbconsulting.com\/es\/producto\/swf-sessions-vol-1\/","url":"https:\/\/wpguerssen-test.odoo.rgbconsulting.com\/es\/producto\/swf-sessions-vol-1\/","name":"JUD'S GALLERY - SWF Sessions Vol 1 - (CD) | Guerssen","isPartOf":{"@id":"https:\/\/wpguerssen-test.odoo.rgbconsulting.com\/es\/#website"},"primaryImageOfPage":{"@id":"https:\/\/wpguerssen-test.odoo.rgbconsulting.com\/es\/producto\/swf-sessions-vol-1\/#primaryimage"},"image":{"@id":"https:\/\/wpguerssen-test.odoo.rgbconsulting.com\/es\/producto\/swf-sessions-vol-1\/#primaryimage"},"thumbnailUrl":"https:\/\/wpguerssen-test.odoo.rgbconsulting.com\/wp-content\/uploads\/2024\/05\/47870.jpg","datePublished":"2024-01-11T23:00:00+00:00","dateModified":"2025-01-31T13:00:51+00:00","description":"Pulled from the archives from the legendary SWF-Radio sessions and remastered to their original glory comes a session-broadcast from a Offenburg\/Germany band. Jud's Gallery who recorded 9 long tracks over 2 SWF sessions in 1972\/74. Excellent intelligent progressive-Krautrock, with self composed long tracks drenched in occasional classic and heavy blues rock. A truly amazing discovery and a must for all Krautrock fans. Over 78 minutes superb rock, with superb guitar, bass, violin, organ and piano. 2nd edition comes with 13 minutes bonus track \"New Day's Dawning\" and revised booklet with full band story and more photos. Digitally remastered from original tape. A truly great CD.","breadcrumb":{"@id":"https:\/\/wpguerssen-test.odoo.rgbconsulting.com\/es\/producto\/swf-sessions-vol-1\/#breadcrumb"},"inLanguage":"es","potentialAction":[{"@type":"ReadAction","target":["https:\/\/wpguerssen-test.odoo.rgbconsulting.com\/es\/producto\/swf-sessions-vol-1\/"]}]},{"@type":"ImageObject","inLanguage":"es","@id":"https:\/\/wpguerssen-test.odoo.rgbconsulting.com\/es\/producto\/swf-sessions-vol-1\/#primaryimage","url":"https:\/\/wpguerssen-test.odoo.rgbconsulting.com\/wp-content\/uploads\/2024\/05\/47870.jpg","contentUrl":"https:\/\/wpguerssen-test.odoo.rgbconsulting.com\/wp-content\/uploads\/2024\/05\/47870.jpg","width":594,"height":599},{"@type":"BreadcrumbList","@id":"https:\/\/wpguerssen-test.odoo.rgbconsulting.com\/es\/producto\/swf-sessions-vol-1\/#breadcrumb","itemListElement":[{"@type":"ListItem","position":1,"name":"Inicio","item":"https:\/\/wpguerssen-test.odoo.rgbconsulting.com\/es\/"},{"@type":"ListItem","position":2,"name":"Shop","item":"https:\/\/wpguerssen-test.odoo.rgbconsulting.com\/shop\/"},{"@type":"ListItem","position":3,"name":"SWF Sessions Vol 1"}]},{"@type":"WebSite","@id":"https:\/\/wpguerssen-test.odoo.rgbconsulting.com\/es\/#website","url":"https:\/\/wpguerssen-test.odoo.rgbconsulting.com\/es\/","name":"Guerssen records","description":"psychedelia - progressive - folk - garage ","publisher":{"@id":"https:\/\/wpguerssen-test.odoo.rgbconsulting.com\/es\/#organization"},"potentialAction":[{"@type":"SearchAction","target":{"@type":"EntryPoint","urlTemplate":"https:\/\/wpguerssen-test.odoo.rgbconsulting.com\/es\/?s={search_term_string}"},"query-input":{"@type":"PropertyValueSpecification","valueRequired":true,"valueName":"search_term_string"}}],"inLanguage":"es"},{"@type":"Organization","@id":"https:\/\/wpguerssen-test.odoo.rgbconsulting.com\/es\/#organization","name":"Guerssen records","url":"https:\/\/wpguerssen-test.odoo.rgbconsulting.com\/es\/","logo":{"@type":"ImageObject","inLanguage":"es","@id":"https:\/\/wpguerssen-test.odoo.rgbconsulting.com\/es\/#\/schema\/logo\/image\/","url":"https:\/\/wpguerssen-test.odoo.rgbconsulting.com\/wp-content\/uploads\/2022\/04\/Logo_Guerssen_trans_100.png","contentUrl":"https:\/\/wpguerssen-test.odoo.rgbconsulting.com\/wp-content\/uploads\/2022\/04\/Logo_Guerssen_trans_100.png","width":122,"height":100,"caption":"Guerssen records"},"image":{"@id":"https:\/\/wpguerssen-test.odoo.rgbconsulting.com\/es\/#\/schema\/logo\/image\/"}}]}},"_links":{"self":[{"href":"https:\/\/wpguerssen-test.odoo.rgbconsulting.com\/es\/wp-json\/wp\/v2\/product\/267641","targetHints":{"allow":["GET"]}}],"collection":[{"href":"https:\/\/wpguerssen-test.odoo.rgbconsulting.com\/es\/wp-json\/wp\/v2\/product"}],"about":[{"href":"https:\/\/wpguerssen-test.odoo.rgbconsulting.com\/es\/wp-json\/wp\/v2\/types\/product"}],"wp:featuredmedia":[{"embeddable":true,"href":"https:\/\/wpguerssen-test.odoo.rgbconsulting.com\/es\/wp-json\/wp\/v2\/media\/267554"}],"wp:attachment":[{"href":"https:\/\/wpguerssen-test.odoo.rgbconsulting.com\/es\/wp-json\/wp\/v2\/media?parent=267641"}],"wp:term":[{"taxonomy":"product_brand","embeddable":true,"href":"https:\/\/wpguerssen-test.odoo.rgbconsulting.com\/es\/wp-json\/wp\/v2\/product_brand?post=267641"},{"taxonomy":"product_cat","embeddable":true,"href":"https:\/\/wpguerssen-test.odoo.rgbconsulting.com\/es\/wp-json\/wp\/v2\/product_cat?post=267641"},{"taxonomy":"product_tag","embeddable":true,"href":"https:\/\/wpguerssen-test.odoo.rgbconsulting.com\/es\/wp-json\/wp\/v2\/product_tag?post=267641"}],"curies":[{"name":"wp","href":"https:\/\/api.w.org\/{rel}","templated":true}]}}