{"id":267643,"date":"2024-01-12T00:00:00","date_gmt":"2024-01-11T23:00:00","guid":{"rendered":"https:\/\/wpguerssen-test.odoo.rgbconsulting.com\/product\/haboob\/"},"modified":"2024-07-17T17:18:40","modified_gmt":"2024-07-17T15:18:40","slug":"haboob","status":"publish","type":"product","link":"https:\/\/wpguerssen-test.odoo.rgbconsulting.com\/es\/producto\/haboob\/","title":{"rendered":"Haboob"},"content":{"rendered":"<p>Primer lanzamiento oficial en CD de un misterioso proyecto \u00fanico, codirigido por 3 expatriotas estadounidenses que viven en Munich, Alemania: el teclista Jimmy Jackson, el baterista George Green y el guitarrista William Powell. El principal punto de inter\u00e9s para la mayor\u00eda de los fan\u00e1ticos del rock progresivo y psicod\u00e9lico es la conexi\u00f3n muy significativa de Haboob con Amon D\u00fc\u00fcl II. El l\u00edder de la banda Jimmy Jackson toca el \u00f3rgano en los \u00e1lbumes de Amon D\u00fc\u00fcl \u00abDance of The Lemmings\u00bb y \u00abWolf City\u00bb. Tambi\u00e9n toc\u00f3 el \u00f3rgano en muchos LP de Embryo (Embryos Rache, Steig aus, Rock Session) y tiene numerosos cr\u00e9ditos de estudio (por ejemplo: Doldinger&#8217;s Passport, Tangerine Dream \u00abElectronic Meditation\u00bb). En Haboob Jackson, el \u00f3rgano cargado de efectos y el melotr\u00f3n (aqu\u00ed llamado \u00ab\u00f3rgano de coro\u00bb) son bastante prominentes. El LP se compone de improvisaci\u00f3n libre, un blues muy inspirado en Hendrix y algunas piezas de funk-rock bastante sencillas. El resultado final es una colaboraci\u00f3n entre Amon D\u00fc\u00fcl II y los primeros Funkedelic. La m\u00fasica tiene mucho atractivo y aquellos que est\u00e9n interesados \u00bf\u00bfen una fusi\u00f3n de rock europsicod\u00e9lico con toques de funk definitivamente deber\u00edan buscar esta. Remasterizado digitalmente a partir de cintas maestras originales y con historia de la banda. \u00a1Buena cosa!<\/p>\n","protected":false},"excerpt":{"rendered":"<p>Primer lanzamiento oficial en CD de un misterioso proyecto \u00fanico, codirigido por 3 expatriotas estadounidenses que viven en Munich, Alemania: el teclista Jimmy Jackson,<a class=\"read\" href=\"https:\/\/wpguerssen-test.odoo.rgbconsulting.com\/es\/producto\/haboob\/\"> (...)<\/a>","protected":false},"featured_media":267560,"template":"","meta":{"_acf_changed":false},"product_brand":[],"product_cat":[21639,23215],"product_tag":[],"class_list":{"0":"post-267643","1":"product","2":"type-product","3":"status-publish","4":"has-post-thumbnail","6":"product_cat-psychedelic60s-70s-es","7":"product_cat-progressive60s-70s-es","8":"pa_artist-haboob","9":"pa_format-cd-2-es","10":"pa_gender-progressive60s-70s-psychedelic60s-70s","11":"pa_label-long-hair-es","12":"pa_location-north-america-es","14":"first","15":"instock","16":"taxable","17":"shipping-taxable","18":"purchasable","19":"product-type-simple"},"acf":[],"yoast_head":"<!-- This site is optimized with the Yoast SEO plugin v24.9 - https:\/\/yoast.com\/wordpress\/plugins\/seo\/ -->\n<title>HABOOB - Haboob -  (CD) | Guerssen<\/title>\n<meta name=\"description\" content=\"First official CD-release of mysterious one-off project, co-led by 3 US expatriots living in Munich, Germany: Keyboardist Jimmy Jackson, drummer George Green and Guitarist William Powell. Major point of interest for most progressive and psychedelic rockfans is Haboobs very significant connection with Amon D\u00fc\u00fcl II. Bandleader Jimmy Jackson plays organ on Amon D\u00fc\u00fcls Albums &quot;Dance of The Lemmings&quot; and &quot;Wolf City&quot;. He also played organ on many LPs of Embryo (Embryos Rache, Steig aus, Rock Session) and has further numerous studio credits (for example: Doldinger&#039;s Passport, Tangerine Dream &quot;Electronic Meditation&quot;). On Haboob Jackson effects-laden organ and mellotron (here called &quot;choir-organ) are quite prominent. LP is comprised of a free improvisation, a very Hendrix-inspired Blues and some pretty straight forward funk-rock pieces. The end result is a collaboration between Amon D\u00fc\u00fcl II and early Funkedelic. The music has a lot of appeal and those who are interested in a fusion of Euro-psychedelic rock with hints of funk should definitely seek this one out. Digitally remastered from original mastertapes and with bandstory. Great stuff!\" \/>\n<meta name=\"robots\" content=\"index, follow, max-snippet:-1, max-image-preview:large, max-video-preview:-1\" \/>\n<link rel=\"canonical\" href=\"https:\/\/wpguerssen-test.odoo.rgbconsulting.com\/es\/producto\/haboob\/\" \/>\n<meta property=\"og:locale\" content=\"es_ES\" \/>\n<meta property=\"og:type\" content=\"article\" \/>\n<meta property=\"og:title\" content=\"HABOOB - Haboob -  (CD) | Guerssen\" \/>\n<meta property=\"og:description\" content=\"First official CD-release of mysterious one-off project, co-led by 3 US expatriots living in Munich, Germany: Keyboardist Jimmy Jackson, drummer George Green and Guitarist William Powell. Major point of interest for most progressive and psychedelic rockfans is Haboobs very significant connection with Amon D\u00fc\u00fcl II. Bandleader Jimmy Jackson plays organ on Amon D\u00fc\u00fcls Albums &quot;Dance of The Lemmings&quot; and &quot;Wolf City&quot;. He also played organ on many LPs of Embryo (Embryos Rache, Steig aus, Rock Session) and has further numerous studio credits (for example: Doldinger&#039;s Passport, Tangerine Dream &quot;Electronic Meditation&quot;). On Haboob Jackson effects-laden organ and mellotron (here called &quot;choir-organ) are quite prominent. LP is comprised of a free improvisation, a very Hendrix-inspired Blues and some pretty straight forward funk-rock pieces. The end result is a collaboration between Amon D\u00fc\u00fcl II and early Funkedelic. The music has a lot of appeal and those who are interested in a fusion of Euro-psychedelic rock with hints of funk should definitely seek this one out. Digitally remastered from original mastertapes and with bandstory. Great stuff!\" \/>\n<meta property=\"og:url\" content=\"https:\/\/wpguerssen-test.odoo.rgbconsulting.com\/es\/producto\/haboob\/\" \/>\n<meta property=\"og:site_name\" content=\"Guerssen records\" \/>\n<meta property=\"article:modified_time\" content=\"2024-07-17T15:18:40+00:00\" \/>\n<meta property=\"og:image\" content=\"https:\/\/wpguerssen-test.odoo.rgbconsulting.com\/wp-content\/uploads\/2024\/05\/47872.jpg\" \/>\n\t<meta property=\"og:image:width\" content=\"180\" \/>\n\t<meta property=\"og:image:height\" content=\"180\" \/>\n\t<meta property=\"og:image:type\" content=\"image\/jpeg\" \/>\n<meta name=\"twitter:card\" content=\"summary_large_image\" \/>\n<meta name=\"twitter:title\" content=\"HABOOB - Haboob -  (CD) | Guerssen\" \/>\n<meta name=\"twitter:label1\" content=\"Tiempo de lectura\" \/>\n\t<meta name=\"twitter:data1\" content=\"1 minuto\" \/>\n<script type=\"application\/ld+json\" class=\"yoast-schema-graph\">{\"@context\":\"https:\/\/schema.org\",\"@graph\":[{\"@type\":\"WebPage\",\"@id\":\"https:\/\/wpguerssen-test.odoo.rgbconsulting.com\/es\/producto\/haboob\/\",\"url\":\"https:\/\/wpguerssen-test.odoo.rgbconsulting.com\/es\/producto\/haboob\/\",\"name\":\"HABOOB - Haboob - (CD) | Guerssen\",\"isPartOf\":{\"@id\":\"https:\/\/wpguerssen-test.odoo.rgbconsulting.com\/es\/#website\"},\"primaryImageOfPage\":{\"@id\":\"https:\/\/wpguerssen-test.odoo.rgbconsulting.com\/es\/producto\/haboob\/#primaryimage\"},\"image\":{\"@id\":\"https:\/\/wpguerssen-test.odoo.rgbconsulting.com\/es\/producto\/haboob\/#primaryimage\"},\"thumbnailUrl\":\"https:\/\/wpguerssen-test.odoo.rgbconsulting.com\/wp-content\/uploads\/2024\/05\/47872.jpg\",\"datePublished\":\"2024-01-11T23:00:00+00:00\",\"dateModified\":\"2024-07-17T15:18:40+00:00\",\"description\":\"First official CD-release of mysterious one-off project, co-led by 3 US expatriots living in Munich, Germany: Keyboardist Jimmy Jackson, drummer George Green and Guitarist William Powell. Major point of interest for most progressive and psychedelic rockfans is Haboobs very significant connection with Amon D\u00fc\u00fcl II. Bandleader Jimmy Jackson plays organ on Amon D\u00fc\u00fcls Albums \\\"Dance of The Lemmings\\\" and \\\"Wolf City\\\". He also played organ on many LPs of Embryo (Embryos Rache, Steig aus, Rock Session) and has further numerous studio credits (for example: Doldinger's Passport, Tangerine Dream \\\"Electronic Meditation\\\"). On Haboob Jackson effects-laden organ and mellotron (here called \\\"choir-organ) are quite prominent. LP is comprised of a free improvisation, a very Hendrix-inspired Blues and some pretty straight forward funk-rock pieces. The end result is a collaboration between Amon D\u00fc\u00fcl II and early Funkedelic. The music has a lot of appeal and those who are interested in a fusion of Euro-psychedelic rock with hints of funk should definitely seek this one out. Digitally remastered from original mastertapes and with bandstory. Great stuff!\",\"breadcrumb\":{\"@id\":\"https:\/\/wpguerssen-test.odoo.rgbconsulting.com\/es\/producto\/haboob\/#breadcrumb\"},\"inLanguage\":\"es\",\"potentialAction\":[{\"@type\":\"ReadAction\",\"target\":[\"https:\/\/wpguerssen-test.odoo.rgbconsulting.com\/es\/producto\/haboob\/\"]}]},{\"@type\":\"ImageObject\",\"inLanguage\":\"es\",\"@id\":\"https:\/\/wpguerssen-test.odoo.rgbconsulting.com\/es\/producto\/haboob\/#primaryimage\",\"url\":\"https:\/\/wpguerssen-test.odoo.rgbconsulting.com\/wp-content\/uploads\/2024\/05\/47872.jpg\",\"contentUrl\":\"https:\/\/wpguerssen-test.odoo.rgbconsulting.com\/wp-content\/uploads\/2024\/05\/47872.jpg\",\"width\":180,\"height\":180},{\"@type\":\"BreadcrumbList\",\"@id\":\"https:\/\/wpguerssen-test.odoo.rgbconsulting.com\/es\/producto\/haboob\/#breadcrumb\",\"itemListElement\":[{\"@type\":\"ListItem\",\"position\":1,\"name\":\"Inicio\",\"item\":\"https:\/\/wpguerssen-test.odoo.rgbconsulting.com\/es\/\"},{\"@type\":\"ListItem\",\"position\":2,\"name\":\"Shop\",\"item\":\"https:\/\/wpguerssen-test.odoo.rgbconsulting.com\/shop\/\"},{\"@type\":\"ListItem\",\"position\":3,\"name\":\"Haboob\"}]},{\"@type\":\"WebSite\",\"@id\":\"https:\/\/wpguerssen-test.odoo.rgbconsulting.com\/es\/#website\",\"url\":\"https:\/\/wpguerssen-test.odoo.rgbconsulting.com\/es\/\",\"name\":\"Guerssen records\",\"description\":\"psychedelia - progressive - folk - garage \",\"publisher\":{\"@id\":\"https:\/\/wpguerssen-test.odoo.rgbconsulting.com\/es\/#organization\"},\"potentialAction\":[{\"@type\":\"SearchAction\",\"target\":{\"@type\":\"EntryPoint\",\"urlTemplate\":\"https:\/\/wpguerssen-test.odoo.rgbconsulting.com\/es\/?s={search_term_string}\"},\"query-input\":{\"@type\":\"PropertyValueSpecification\",\"valueRequired\":true,\"valueName\":\"search_term_string\"}}],\"inLanguage\":\"es\"},{\"@type\":\"Organization\",\"@id\":\"https:\/\/wpguerssen-test.odoo.rgbconsulting.com\/es\/#organization\",\"name\":\"Guerssen records\",\"url\":\"https:\/\/wpguerssen-test.odoo.rgbconsulting.com\/es\/\",\"logo\":{\"@type\":\"ImageObject\",\"inLanguage\":\"es\",\"@id\":\"https:\/\/wpguerssen-test.odoo.rgbconsulting.com\/es\/#\/schema\/logo\/image\/\",\"url\":\"https:\/\/wpguerssen-test.odoo.rgbconsulting.com\/wp-content\/uploads\/2022\/04\/Logo_Guerssen_trans_100.png\",\"contentUrl\":\"https:\/\/wpguerssen-test.odoo.rgbconsulting.com\/wp-content\/uploads\/2022\/04\/Logo_Guerssen_trans_100.png\",\"width\":122,\"height\":100,\"caption\":\"Guerssen records\"},\"image\":{\"@id\":\"https:\/\/wpguerssen-test.odoo.rgbconsulting.com\/es\/#\/schema\/logo\/image\/\"}}]}<\/script>\n<!-- \/ Yoast SEO plugin. -->","yoast_head_json":{"title":"HABOOB - Haboob -  (CD) | Guerssen","description":"First official CD-release of mysterious one-off project, co-led by 3 US expatriots living in Munich, Germany: Keyboardist Jimmy Jackson, drummer George Green and Guitarist William Powell. Major point of interest for most progressive and psychedelic rockfans is Haboobs very significant connection with Amon D\u00fc\u00fcl II. Bandleader Jimmy Jackson plays organ on Amon D\u00fc\u00fcls Albums \"Dance of The Lemmings\" and \"Wolf City\". He also played organ on many LPs of Embryo (Embryos Rache, Steig aus, Rock Session) and has further numerous studio credits (for example: Doldinger's Passport, Tangerine Dream \"Electronic Meditation\"). On Haboob Jackson effects-laden organ and mellotron (here called \"choir-organ) are quite prominent. LP is comprised of a free improvisation, a very Hendrix-inspired Blues and some pretty straight forward funk-rock pieces. The end result is a collaboration between Amon D\u00fc\u00fcl II and early Funkedelic. The music has a lot of appeal and those who are interested in a fusion of Euro-psychedelic rock with hints of funk should definitely seek this one out. Digitally remastered from original mastertapes and with bandstory. Great stuff!","robots":{"index":"index","follow":"follow","max-snippet":"max-snippet:-1","max-image-preview":"max-image-preview:large","max-video-preview":"max-video-preview:-1"},"canonical":"https:\/\/wpguerssen-test.odoo.rgbconsulting.com\/es\/producto\/haboob\/","og_locale":"es_ES","og_type":"article","og_title":"HABOOB - Haboob -  (CD) | Guerssen","og_description":"First official CD-release of mysterious one-off project, co-led by 3 US expatriots living in Munich, Germany: Keyboardist Jimmy Jackson, drummer George Green and Guitarist William Powell. Major point of interest for most progressive and psychedelic rockfans is Haboobs very significant connection with Amon D\u00fc\u00fcl II. Bandleader Jimmy Jackson plays organ on Amon D\u00fc\u00fcls Albums \"Dance of The Lemmings\" and \"Wolf City\". He also played organ on many LPs of Embryo (Embryos Rache, Steig aus, Rock Session) and has further numerous studio credits (for example: Doldinger's Passport, Tangerine Dream \"Electronic Meditation\"). On Haboob Jackson effects-laden organ and mellotron (here called \"choir-organ) are quite prominent. LP is comprised of a free improvisation, a very Hendrix-inspired Blues and some pretty straight forward funk-rock pieces. The end result is a collaboration between Amon D\u00fc\u00fcl II and early Funkedelic. The music has a lot of appeal and those who are interested in a fusion of Euro-psychedelic rock with hints of funk should definitely seek this one out. Digitally remastered from original mastertapes and with bandstory. Great stuff!","og_url":"https:\/\/wpguerssen-test.odoo.rgbconsulting.com\/es\/producto\/haboob\/","og_site_name":"Guerssen records","article_modified_time":"2024-07-17T15:18:40+00:00","og_image":[{"width":180,"height":180,"url":"https:\/\/wpguerssen-test.odoo.rgbconsulting.com\/wp-content\/uploads\/2024\/05\/47872.jpg","type":"image\/jpeg"}],"twitter_card":"summary_large_image","twitter_title":"HABOOB - Haboob -  (CD) | Guerssen","twitter_misc":{"Tiempo de lectura":"1 minuto"},"schema":{"@context":"https:\/\/schema.org","@graph":[{"@type":"WebPage","@id":"https:\/\/wpguerssen-test.odoo.rgbconsulting.com\/es\/producto\/haboob\/","url":"https:\/\/wpguerssen-test.odoo.rgbconsulting.com\/es\/producto\/haboob\/","name":"HABOOB - Haboob - (CD) | Guerssen","isPartOf":{"@id":"https:\/\/wpguerssen-test.odoo.rgbconsulting.com\/es\/#website"},"primaryImageOfPage":{"@id":"https:\/\/wpguerssen-test.odoo.rgbconsulting.com\/es\/producto\/haboob\/#primaryimage"},"image":{"@id":"https:\/\/wpguerssen-test.odoo.rgbconsulting.com\/es\/producto\/haboob\/#primaryimage"},"thumbnailUrl":"https:\/\/wpguerssen-test.odoo.rgbconsulting.com\/wp-content\/uploads\/2024\/05\/47872.jpg","datePublished":"2024-01-11T23:00:00+00:00","dateModified":"2024-07-17T15:18:40+00:00","description":"First official CD-release of mysterious one-off project, co-led by 3 US expatriots living in Munich, Germany: Keyboardist Jimmy Jackson, drummer George Green and Guitarist William Powell. Major point of interest for most progressive and psychedelic rockfans is Haboobs very significant connection with Amon D\u00fc\u00fcl II. Bandleader Jimmy Jackson plays organ on Amon D\u00fc\u00fcls Albums \"Dance of The Lemmings\" and \"Wolf City\". He also played organ on many LPs of Embryo (Embryos Rache, Steig aus, Rock Session) and has further numerous studio credits (for example: Doldinger's Passport, Tangerine Dream \"Electronic Meditation\"). On Haboob Jackson effects-laden organ and mellotron (here called \"choir-organ) are quite prominent. LP is comprised of a free improvisation, a very Hendrix-inspired Blues and some pretty straight forward funk-rock pieces. The end result is a collaboration between Amon D\u00fc\u00fcl II and early Funkedelic. The music has a lot of appeal and those who are interested in a fusion of Euro-psychedelic rock with hints of funk should definitely seek this one out. Digitally remastered from original mastertapes and with bandstory. Great stuff!","breadcrumb":{"@id":"https:\/\/wpguerssen-test.odoo.rgbconsulting.com\/es\/producto\/haboob\/#breadcrumb"},"inLanguage":"es","potentialAction":[{"@type":"ReadAction","target":["https:\/\/wpguerssen-test.odoo.rgbconsulting.com\/es\/producto\/haboob\/"]}]},{"@type":"ImageObject","inLanguage":"es","@id":"https:\/\/wpguerssen-test.odoo.rgbconsulting.com\/es\/producto\/haboob\/#primaryimage","url":"https:\/\/wpguerssen-test.odoo.rgbconsulting.com\/wp-content\/uploads\/2024\/05\/47872.jpg","contentUrl":"https:\/\/wpguerssen-test.odoo.rgbconsulting.com\/wp-content\/uploads\/2024\/05\/47872.jpg","width":180,"height":180},{"@type":"BreadcrumbList","@id":"https:\/\/wpguerssen-test.odoo.rgbconsulting.com\/es\/producto\/haboob\/#breadcrumb","itemListElement":[{"@type":"ListItem","position":1,"name":"Inicio","item":"https:\/\/wpguerssen-test.odoo.rgbconsulting.com\/es\/"},{"@type":"ListItem","position":2,"name":"Shop","item":"https:\/\/wpguerssen-test.odoo.rgbconsulting.com\/shop\/"},{"@type":"ListItem","position":3,"name":"Haboob"}]},{"@type":"WebSite","@id":"https:\/\/wpguerssen-test.odoo.rgbconsulting.com\/es\/#website","url":"https:\/\/wpguerssen-test.odoo.rgbconsulting.com\/es\/","name":"Guerssen records","description":"psychedelia - progressive - folk - garage ","publisher":{"@id":"https:\/\/wpguerssen-test.odoo.rgbconsulting.com\/es\/#organization"},"potentialAction":[{"@type":"SearchAction","target":{"@type":"EntryPoint","urlTemplate":"https:\/\/wpguerssen-test.odoo.rgbconsulting.com\/es\/?s={search_term_string}"},"query-input":{"@type":"PropertyValueSpecification","valueRequired":true,"valueName":"search_term_string"}}],"inLanguage":"es"},{"@type":"Organization","@id":"https:\/\/wpguerssen-test.odoo.rgbconsulting.com\/es\/#organization","name":"Guerssen records","url":"https:\/\/wpguerssen-test.odoo.rgbconsulting.com\/es\/","logo":{"@type":"ImageObject","inLanguage":"es","@id":"https:\/\/wpguerssen-test.odoo.rgbconsulting.com\/es\/#\/schema\/logo\/image\/","url":"https:\/\/wpguerssen-test.odoo.rgbconsulting.com\/wp-content\/uploads\/2022\/04\/Logo_Guerssen_trans_100.png","contentUrl":"https:\/\/wpguerssen-test.odoo.rgbconsulting.com\/wp-content\/uploads\/2022\/04\/Logo_Guerssen_trans_100.png","width":122,"height":100,"caption":"Guerssen records"},"image":{"@id":"https:\/\/wpguerssen-test.odoo.rgbconsulting.com\/es\/#\/schema\/logo\/image\/"}}]}},"_links":{"self":[{"href":"https:\/\/wpguerssen-test.odoo.rgbconsulting.com\/es\/wp-json\/wp\/v2\/product\/267643","targetHints":{"allow":["GET"]}}],"collection":[{"href":"https:\/\/wpguerssen-test.odoo.rgbconsulting.com\/es\/wp-json\/wp\/v2\/product"}],"about":[{"href":"https:\/\/wpguerssen-test.odoo.rgbconsulting.com\/es\/wp-json\/wp\/v2\/types\/product"}],"wp:featuredmedia":[{"embeddable":true,"href":"https:\/\/wpguerssen-test.odoo.rgbconsulting.com\/es\/wp-json\/wp\/v2\/media\/267560"}],"wp:attachment":[{"href":"https:\/\/wpguerssen-test.odoo.rgbconsulting.com\/es\/wp-json\/wp\/v2\/media?parent=267643"}],"wp:term":[{"taxonomy":"product_brand","embeddable":true,"href":"https:\/\/wpguerssen-test.odoo.rgbconsulting.com\/es\/wp-json\/wp\/v2\/product_brand?post=267643"},{"taxonomy":"product_cat","embeddable":true,"href":"https:\/\/wpguerssen-test.odoo.rgbconsulting.com\/es\/wp-json\/wp\/v2\/product_cat?post=267643"},{"taxonomy":"product_tag","embeddable":true,"href":"https:\/\/wpguerssen-test.odoo.rgbconsulting.com\/es\/wp-json\/wp\/v2\/product_tag?post=267643"}],"curies":[{"name":"wp","href":"https:\/\/api.w.org\/{rel}","templated":true}]}}