{"id":267645,"date":"2024-01-12T00:00:00","date_gmt":"2024-01-11T23:00:00","guid":{"rendered":"https:\/\/wpguerssen-test.odoo.rgbconsulting.com\/product\/last-concert\/"},"modified":"2024-10-21T18:47:40","modified_gmt":"2024-10-21T16:47:40","slug":"last-concert","status":"publish","type":"product","link":"https:\/\/wpguerssen-test.odoo.rgbconsulting.com\/es\/producto\/last-concert\/","title":{"rendered":"Last Concert"},"content":{"rendered":"<p>Gran banda perdida de Frankfurt, Alemania. En 1973\/1974 Papa Zoot Band toc\u00f3 en toda Alemania, principalmente en clubes pero tambi\u00e9n en festivales (Encuentro de pop alem\u00e1n el 1 y 2 de febrero de 1974 en Essen, Grugahalle). Lutz Sommer guitarra, Robby Matthes bajo, voz, \u00f3rgano Reinhard \u00abTammy\u00bb Grohe (\u00a1Ex-Nosferatu!) y Christian Engel bater\u00eda, voz. Tocaron principalmente temas largos, muy mel\u00f3dicos pero tambi\u00e9n con un sentido dram\u00e1tico comparable a Nektar, Eloy, Jane o Pink Floyd. El excelente t\u00edtulo de 20 minutos \u00abFly away\u00bb podr\u00eda ser un tema largo de Pink Floyd de la era Meddle\/Wish you was here\/Animals-era sin ser una imitaci\u00f3n. Los otros dos temas largos, \u00abI Wish\u00bb (9 minutos) y \u00abFriendship or Love\u00bb (11 minutos), tambi\u00e9n muestran un fant\u00e1stico trabajo de guitarra y \u00f3rgano (como lo conocen por el \u00e1lbum \u00abNosferatu\u00bb). Es incre\u00edble que Papa Zoot Band nunca haya hecho un \u00e1lbum. 4 a\u00f1os despu\u00e9s de que terminaran, Papa Zoot Band toc\u00f3 a principios de 1978 en un \u00fanico concierto de reuni\u00f3n en el local b\u00e1sico \u00abSinkkasten\u00bb en Frankfurt. Este concierto, que ten\u00eda la misma lista de reproducci\u00f3n que su actuaci\u00f3n en el German Pop Meeting 1974, demostr\u00f3 una vez m\u00e1s que su m\u00fasica nunca pierde su magia. Esta gran interpretaci\u00f3n fue grabada desde la caja de resonancia y tiene una calidad de sonido excelente. Como bonus tracks hay dos versiones de la gran canci\u00f3n de Eric Burdon \u00abWhen I was Young\u00bb en una versi\u00f3n psicod\u00e9lica de 9 minutos y el cl\u00e1sico \u00abTobacco Road\u00bb con el ex l\u00edder de la banda y gran cantante Ernst Nadler (apodo: Papa Zoot), quien dej\u00f3 Papa Zoot. Banda de principios de 1973. El CD incluye un folleto completo y fotograf\u00edas de su actuaci\u00f3n en el German Pop Meeting de 1974 (entre otros, con Guru Guru, Kraan, Nektar, Eloy). Remasterizado digitalmente. Consejo secreto y imprescindible para todos los amantes del g\u00e9nero.<\/p>\n","protected":false},"excerpt":{"rendered":"<p>Gran banda perdida de Frankfurt, Alemania. En 1973\/1974 Papa Zoot Band toc\u00f3 en toda Alemania, principalmente en clubes pero tambi\u00e9n en festivales (Encuentro de pop<a class=\"read\" href=\"https:\/\/wpguerssen-test.odoo.rgbconsulting.com\/es\/producto\/last-concert\/\"> (...)<\/a>","protected":false},"featured_media":267566,"template":"","meta":{"_acf_changed":false},"product_brand":[],"product_cat":[21639],"product_tag":[],"class_list":{"0":"post-267645","1":"product","2":"type-product","3":"status-publish","4":"has-post-thumbnail","6":"product_cat-psychedelic60s-70s-es","7":"pa_artist-papa-zoot-band","8":"pa_format-cd-2-es","9":"pa_gender-psychedelic60s-70s","10":"pa_label-long-hair-es","11":"pa_location-europe-es","13":"first","14":"instock","15":"taxable","16":"shipping-taxable","17":"purchasable","18":"product-type-simple"},"acf":[],"yoast_head":"<!-- This site is optimized with the Yoast SEO plugin v24.9 - https:\/\/yoast.com\/wordpress\/plugins\/seo\/ -->\n<title>PAPA ZOOT BAND - Last Concert -  (CD) | Guerssen<\/title>\n<meta name=\"description\" content=\"Great lost band from Frankfurt, Germany. In 1973\/1974 Papa Zoot Band played all over Germany, mainly in clubs but also on festivals (German Pop Meeting 1st and 2nd February 1974 in Essen, Grugahalle). Lutz Sommer guitar, Robby Matthes bass, voc, Reinhard &quot;Tammy&quot; Grohe organ(Ex-Nosferatu !) and Christian Engel drums, voc. played mainly long tracks, very melodic but also with a sense of drama comparable to Nektar, Eloy, Jane or Pink Floyd. Outstanding 20 minutes title &quot;Fly away&quot; could be a long track by Pink Floyd of the Meddle\/Wish you were here\/Animals-era without being an imitation. The other two long tracks &quot;I Wish&quot; (9 minutes) and &quot;Friendship or Love&quot; (11 minutes) also show throughout fantastic guitar and organ work (as you know it from &quot;Nosferatu&quot; album). Unbelievable that Papa Zoot Band never made an album. 4 Years after they called it a day, Papa Zoot Band played in early 1978 a sole reunion concert at there basic venue &quot;Sinkkasten&quot; in Frankfurt. This concert, which had the same playlist as their performance on German Pop Meeting 1974, proved again, that their music never lost its magic. This great performance was taped from the soundboard and has a superb sound quality. As bonus tracks there are two cover versions of great Eric Burdon song &quot;When I was Young&quot; in a 9 minutes psychedelic version and the classic &quot;Tobacco Road&quot; with former bandleader and great singer Ernst Nadler (nickname: Papa Zoot) who left Papa Zoot Band in early 1973. CD comes with comprehensive booklet, photos from their performance at the German Pop Meeting, 1974 (a. o. with Guru Guru, Kraan, Nektar, Eloy). Digitally remastered. Secret tip and a must have for all lovers of the genre.\" \/>\n<meta name=\"robots\" content=\"index, follow, max-snippet:-1, max-image-preview:large, max-video-preview:-1\" \/>\n<link rel=\"canonical\" href=\"https:\/\/wpguerssen-test.odoo.rgbconsulting.com\/es\/producto\/last-concert\/\" \/>\n<meta property=\"og:locale\" content=\"es_ES\" \/>\n<meta property=\"og:type\" content=\"article\" \/>\n<meta property=\"og:title\" content=\"PAPA ZOOT BAND - Last Concert -  (CD) | Guerssen\" \/>\n<meta property=\"og:description\" content=\"Great lost band from Frankfurt, Germany. In 1973\/1974 Papa Zoot Band played all over Germany, mainly in clubs but also on festivals (German Pop Meeting 1st and 2nd February 1974 in Essen, Grugahalle). Lutz Sommer guitar, Robby Matthes bass, voc, Reinhard &quot;Tammy&quot; Grohe organ(Ex-Nosferatu !) and Christian Engel drums, voc. played mainly long tracks, very melodic but also with a sense of drama comparable to Nektar, Eloy, Jane or Pink Floyd. Outstanding 20 minutes title &quot;Fly away&quot; could be a long track by Pink Floyd of the Meddle\/Wish you were here\/Animals-era without being an imitation. The other two long tracks &quot;I Wish&quot; (9 minutes) and &quot;Friendship or Love&quot; (11 minutes) also show throughout fantastic guitar and organ work (as you know it from &quot;Nosferatu&quot; album). Unbelievable that Papa Zoot Band never made an album. 4 Years after they called it a day, Papa Zoot Band played in early 1978 a sole reunion concert at there basic venue &quot;Sinkkasten&quot; in Frankfurt. This concert, which had the same playlist as their performance on German Pop Meeting 1974, proved again, that their music never lost its magic. This great performance was taped from the soundboard and has a superb sound quality. As bonus tracks there are two cover versions of great Eric Burdon song &quot;When I was Young&quot; in a 9 minutes psychedelic version and the classic &quot;Tobacco Road&quot; with former bandleader and great singer Ernst Nadler (nickname: Papa Zoot) who left Papa Zoot Band in early 1973. CD comes with comprehensive booklet, photos from their performance at the German Pop Meeting, 1974 (a. o. with Guru Guru, Kraan, Nektar, Eloy). Digitally remastered. Secret tip and a must have for all lovers of the genre.\" \/>\n<meta property=\"og:url\" content=\"https:\/\/wpguerssen-test.odoo.rgbconsulting.com\/es\/producto\/last-concert\/\" \/>\n<meta property=\"og:site_name\" content=\"Guerssen records\" \/>\n<meta property=\"article:modified_time\" content=\"2024-10-21T16:47:40+00:00\" \/>\n<meta property=\"og:image\" content=\"https:\/\/wpguerssen-test.odoo.rgbconsulting.com\/wp-content\/uploads\/2024\/05\/47874.jpg\" \/>\n\t<meta property=\"og:image:width\" content=\"180\" \/>\n\t<meta property=\"og:image:height\" content=\"180\" \/>\n\t<meta property=\"og:image:type\" content=\"image\/jpeg\" \/>\n<meta name=\"twitter:card\" content=\"summary_large_image\" \/>\n<meta name=\"twitter:title\" content=\"PAPA ZOOT BAND - Last Concert -  (CD) | Guerssen\" \/>\n<meta name=\"twitter:label1\" content=\"Tiempo de lectura\" \/>\n\t<meta name=\"twitter:data1\" content=\"2 minutos\" \/>\n<script type=\"application\/ld+json\" class=\"yoast-schema-graph\">{\"@context\":\"https:\/\/schema.org\",\"@graph\":[{\"@type\":\"WebPage\",\"@id\":\"https:\/\/wpguerssen-test.odoo.rgbconsulting.com\/es\/producto\/last-concert\/\",\"url\":\"https:\/\/wpguerssen-test.odoo.rgbconsulting.com\/es\/producto\/last-concert\/\",\"name\":\"PAPA ZOOT BAND - Last Concert - (CD) | Guerssen\",\"isPartOf\":{\"@id\":\"https:\/\/wpguerssen-test.odoo.rgbconsulting.com\/es\/#website\"},\"primaryImageOfPage\":{\"@id\":\"https:\/\/wpguerssen-test.odoo.rgbconsulting.com\/es\/producto\/last-concert\/#primaryimage\"},\"image\":{\"@id\":\"https:\/\/wpguerssen-test.odoo.rgbconsulting.com\/es\/producto\/last-concert\/#primaryimage\"},\"thumbnailUrl\":\"https:\/\/wpguerssen-test.odoo.rgbconsulting.com\/wp-content\/uploads\/2024\/05\/47874.jpg\",\"datePublished\":\"2024-01-11T23:00:00+00:00\",\"dateModified\":\"2024-10-21T16:47:40+00:00\",\"description\":\"Great lost band from Frankfurt, Germany. In 1973\/1974 Papa Zoot Band played all over Germany, mainly in clubs but also on festivals (German Pop Meeting 1st and 2nd February 1974 in Essen, Grugahalle). Lutz Sommer guitar, Robby Matthes bass, voc, Reinhard \\\"Tammy\\\" Grohe organ(Ex-Nosferatu !) and Christian Engel drums, voc. played mainly long tracks, very melodic but also with a sense of drama comparable to Nektar, Eloy, Jane or Pink Floyd. Outstanding 20 minutes title \\\"Fly away\\\" could be a long track by Pink Floyd of the Meddle\/Wish you were here\/Animals-era without being an imitation. The other two long tracks \\\"I Wish\\\" (9 minutes) and \\\"Friendship or Love\\\" (11 minutes) also show throughout fantastic guitar and organ work (as you know it from \\\"Nosferatu\\\" album). Unbelievable that Papa Zoot Band never made an album. 4 Years after they called it a day, Papa Zoot Band played in early 1978 a sole reunion concert at there basic venue \\\"Sinkkasten\\\" in Frankfurt. This concert, which had the same playlist as their performance on German Pop Meeting 1974, proved again, that their music never lost its magic. This great performance was taped from the soundboard and has a superb sound quality. As bonus tracks there are two cover versions of great Eric Burdon song \\\"When I was Young\\\" in a 9 minutes psychedelic version and the classic \\\"Tobacco Road\\\" with former bandleader and great singer Ernst Nadler (nickname: Papa Zoot) who left Papa Zoot Band in early 1973. CD comes with comprehensive booklet, photos from their performance at the German Pop Meeting, 1974 (a. o. with Guru Guru, Kraan, Nektar, Eloy). Digitally remastered. Secret tip and a must have for all lovers of the genre.\",\"breadcrumb\":{\"@id\":\"https:\/\/wpguerssen-test.odoo.rgbconsulting.com\/es\/producto\/last-concert\/#breadcrumb\"},\"inLanguage\":\"es\",\"potentialAction\":[{\"@type\":\"ReadAction\",\"target\":[\"https:\/\/wpguerssen-test.odoo.rgbconsulting.com\/es\/producto\/last-concert\/\"]}]},{\"@type\":\"ImageObject\",\"inLanguage\":\"es\",\"@id\":\"https:\/\/wpguerssen-test.odoo.rgbconsulting.com\/es\/producto\/last-concert\/#primaryimage\",\"url\":\"https:\/\/wpguerssen-test.odoo.rgbconsulting.com\/wp-content\/uploads\/2024\/05\/47874.jpg\",\"contentUrl\":\"https:\/\/wpguerssen-test.odoo.rgbconsulting.com\/wp-content\/uploads\/2024\/05\/47874.jpg\",\"width\":180,\"height\":180},{\"@type\":\"BreadcrumbList\",\"@id\":\"https:\/\/wpguerssen-test.odoo.rgbconsulting.com\/es\/producto\/last-concert\/#breadcrumb\",\"itemListElement\":[{\"@type\":\"ListItem\",\"position\":1,\"name\":\"Inicio\",\"item\":\"https:\/\/wpguerssen-test.odoo.rgbconsulting.com\/es\/\"},{\"@type\":\"ListItem\",\"position\":2,\"name\":\"Shop\",\"item\":\"https:\/\/wpguerssen-test.odoo.rgbconsulting.com\/shop\/\"},{\"@type\":\"ListItem\",\"position\":3,\"name\":\"Last Concert\"}]},{\"@type\":\"WebSite\",\"@id\":\"https:\/\/wpguerssen-test.odoo.rgbconsulting.com\/es\/#website\",\"url\":\"https:\/\/wpguerssen-test.odoo.rgbconsulting.com\/es\/\",\"name\":\"Guerssen records\",\"description\":\"psychedelia - progressive - folk - garage \",\"publisher\":{\"@id\":\"https:\/\/wpguerssen-test.odoo.rgbconsulting.com\/es\/#organization\"},\"potentialAction\":[{\"@type\":\"SearchAction\",\"target\":{\"@type\":\"EntryPoint\",\"urlTemplate\":\"https:\/\/wpguerssen-test.odoo.rgbconsulting.com\/es\/?s={search_term_string}\"},\"query-input\":{\"@type\":\"PropertyValueSpecification\",\"valueRequired\":true,\"valueName\":\"search_term_string\"}}],\"inLanguage\":\"es\"},{\"@type\":\"Organization\",\"@id\":\"https:\/\/wpguerssen-test.odoo.rgbconsulting.com\/es\/#organization\",\"name\":\"Guerssen records\",\"url\":\"https:\/\/wpguerssen-test.odoo.rgbconsulting.com\/es\/\",\"logo\":{\"@type\":\"ImageObject\",\"inLanguage\":\"es\",\"@id\":\"https:\/\/wpguerssen-test.odoo.rgbconsulting.com\/es\/#\/schema\/logo\/image\/\",\"url\":\"https:\/\/wpguerssen-test.odoo.rgbconsulting.com\/wp-content\/uploads\/2022\/04\/Logo_Guerssen_trans_100.png\",\"contentUrl\":\"https:\/\/wpguerssen-test.odoo.rgbconsulting.com\/wp-content\/uploads\/2022\/04\/Logo_Guerssen_trans_100.png\",\"width\":122,\"height\":100,\"caption\":\"Guerssen records\"},\"image\":{\"@id\":\"https:\/\/wpguerssen-test.odoo.rgbconsulting.com\/es\/#\/schema\/logo\/image\/\"}}]}<\/script>\n<!-- \/ Yoast SEO plugin. -->","yoast_head_json":{"title":"PAPA ZOOT BAND - Last Concert -  (CD) | Guerssen","description":"Great lost band from Frankfurt, Germany. In 1973\/1974 Papa Zoot Band played all over Germany, mainly in clubs but also on festivals (German Pop Meeting 1st and 2nd February 1974 in Essen, Grugahalle). Lutz Sommer guitar, Robby Matthes bass, voc, Reinhard \"Tammy\" Grohe organ(Ex-Nosferatu !) and Christian Engel drums, voc. played mainly long tracks, very melodic but also with a sense of drama comparable to Nektar, Eloy, Jane or Pink Floyd. Outstanding 20 minutes title \"Fly away\" could be a long track by Pink Floyd of the Meddle\/Wish you were here\/Animals-era without being an imitation. The other two long tracks \"I Wish\" (9 minutes) and \"Friendship or Love\" (11 minutes) also show throughout fantastic guitar and organ work (as you know it from \"Nosferatu\" album). Unbelievable that Papa Zoot Band never made an album. 4 Years after they called it a day, Papa Zoot Band played in early 1978 a sole reunion concert at there basic venue \"Sinkkasten\" in Frankfurt. This concert, which had the same playlist as their performance on German Pop Meeting 1974, proved again, that their music never lost its magic. This great performance was taped from the soundboard and has a superb sound quality. As bonus tracks there are two cover versions of great Eric Burdon song \"When I was Young\" in a 9 minutes psychedelic version and the classic \"Tobacco Road\" with former bandleader and great singer Ernst Nadler (nickname: Papa Zoot) who left Papa Zoot Band in early 1973. CD comes with comprehensive booklet, photos from their performance at the German Pop Meeting, 1974 (a. o. with Guru Guru, Kraan, Nektar, Eloy). Digitally remastered. Secret tip and a must have for all lovers of the genre.","robots":{"index":"index","follow":"follow","max-snippet":"max-snippet:-1","max-image-preview":"max-image-preview:large","max-video-preview":"max-video-preview:-1"},"canonical":"https:\/\/wpguerssen-test.odoo.rgbconsulting.com\/es\/producto\/last-concert\/","og_locale":"es_ES","og_type":"article","og_title":"PAPA ZOOT BAND - Last Concert -  (CD) | Guerssen","og_description":"Great lost band from Frankfurt, Germany. In 1973\/1974 Papa Zoot Band played all over Germany, mainly in clubs but also on festivals (German Pop Meeting 1st and 2nd February 1974 in Essen, Grugahalle). Lutz Sommer guitar, Robby Matthes bass, voc, Reinhard \"Tammy\" Grohe organ(Ex-Nosferatu !) and Christian Engel drums, voc. played mainly long tracks, very melodic but also with a sense of drama comparable to Nektar, Eloy, Jane or Pink Floyd. Outstanding 20 minutes title \"Fly away\" could be a long track by Pink Floyd of the Meddle\/Wish you were here\/Animals-era without being an imitation. The other two long tracks \"I Wish\" (9 minutes) and \"Friendship or Love\" (11 minutes) also show throughout fantastic guitar and organ work (as you know it from \"Nosferatu\" album). Unbelievable that Papa Zoot Band never made an album. 4 Years after they called it a day, Papa Zoot Band played in early 1978 a sole reunion concert at there basic venue \"Sinkkasten\" in Frankfurt. This concert, which had the same playlist as their performance on German Pop Meeting 1974, proved again, that their music never lost its magic. This great performance was taped from the soundboard and has a superb sound quality. As bonus tracks there are two cover versions of great Eric Burdon song \"When I was Young\" in a 9 minutes psychedelic version and the classic \"Tobacco Road\" with former bandleader and great singer Ernst Nadler (nickname: Papa Zoot) who left Papa Zoot Band in early 1973. CD comes with comprehensive booklet, photos from their performance at the German Pop Meeting, 1974 (a. o. with Guru Guru, Kraan, Nektar, Eloy). Digitally remastered. Secret tip and a must have for all lovers of the genre.","og_url":"https:\/\/wpguerssen-test.odoo.rgbconsulting.com\/es\/producto\/last-concert\/","og_site_name":"Guerssen records","article_modified_time":"2024-10-21T16:47:40+00:00","og_image":[{"width":180,"height":180,"url":"https:\/\/wpguerssen-test.odoo.rgbconsulting.com\/wp-content\/uploads\/2024\/05\/47874.jpg","type":"image\/jpeg"}],"twitter_card":"summary_large_image","twitter_title":"PAPA ZOOT BAND - Last Concert -  (CD) | Guerssen","twitter_misc":{"Tiempo de lectura":"2 minutos"},"schema":{"@context":"https:\/\/schema.org","@graph":[{"@type":"WebPage","@id":"https:\/\/wpguerssen-test.odoo.rgbconsulting.com\/es\/producto\/last-concert\/","url":"https:\/\/wpguerssen-test.odoo.rgbconsulting.com\/es\/producto\/last-concert\/","name":"PAPA ZOOT BAND - Last Concert - (CD) | Guerssen","isPartOf":{"@id":"https:\/\/wpguerssen-test.odoo.rgbconsulting.com\/es\/#website"},"primaryImageOfPage":{"@id":"https:\/\/wpguerssen-test.odoo.rgbconsulting.com\/es\/producto\/last-concert\/#primaryimage"},"image":{"@id":"https:\/\/wpguerssen-test.odoo.rgbconsulting.com\/es\/producto\/last-concert\/#primaryimage"},"thumbnailUrl":"https:\/\/wpguerssen-test.odoo.rgbconsulting.com\/wp-content\/uploads\/2024\/05\/47874.jpg","datePublished":"2024-01-11T23:00:00+00:00","dateModified":"2024-10-21T16:47:40+00:00","description":"Great lost band from Frankfurt, Germany. In 1973\/1974 Papa Zoot Band played all over Germany, mainly in clubs but also on festivals (German Pop Meeting 1st and 2nd February 1974 in Essen, Grugahalle). Lutz Sommer guitar, Robby Matthes bass, voc, Reinhard \"Tammy\" Grohe organ(Ex-Nosferatu !) and Christian Engel drums, voc. played mainly long tracks, very melodic but also with a sense of drama comparable to Nektar, Eloy, Jane or Pink Floyd. Outstanding 20 minutes title \"Fly away\" could be a long track by Pink Floyd of the Meddle\/Wish you were here\/Animals-era without being an imitation. The other two long tracks \"I Wish\" (9 minutes) and \"Friendship or Love\" (11 minutes) also show throughout fantastic guitar and organ work (as you know it from \"Nosferatu\" album). Unbelievable that Papa Zoot Band never made an album. 4 Years after they called it a day, Papa Zoot Band played in early 1978 a sole reunion concert at there basic venue \"Sinkkasten\" in Frankfurt. This concert, which had the same playlist as their performance on German Pop Meeting 1974, proved again, that their music never lost its magic. This great performance was taped from the soundboard and has a superb sound quality. As bonus tracks there are two cover versions of great Eric Burdon song \"When I was Young\" in a 9 minutes psychedelic version and the classic \"Tobacco Road\" with former bandleader and great singer Ernst Nadler (nickname: Papa Zoot) who left Papa Zoot Band in early 1973. CD comes with comprehensive booklet, photos from their performance at the German Pop Meeting, 1974 (a. o. with Guru Guru, Kraan, Nektar, Eloy). Digitally remastered. Secret tip and a must have for all lovers of the genre.","breadcrumb":{"@id":"https:\/\/wpguerssen-test.odoo.rgbconsulting.com\/es\/producto\/last-concert\/#breadcrumb"},"inLanguage":"es","potentialAction":[{"@type":"ReadAction","target":["https:\/\/wpguerssen-test.odoo.rgbconsulting.com\/es\/producto\/last-concert\/"]}]},{"@type":"ImageObject","inLanguage":"es","@id":"https:\/\/wpguerssen-test.odoo.rgbconsulting.com\/es\/producto\/last-concert\/#primaryimage","url":"https:\/\/wpguerssen-test.odoo.rgbconsulting.com\/wp-content\/uploads\/2024\/05\/47874.jpg","contentUrl":"https:\/\/wpguerssen-test.odoo.rgbconsulting.com\/wp-content\/uploads\/2024\/05\/47874.jpg","width":180,"height":180},{"@type":"BreadcrumbList","@id":"https:\/\/wpguerssen-test.odoo.rgbconsulting.com\/es\/producto\/last-concert\/#breadcrumb","itemListElement":[{"@type":"ListItem","position":1,"name":"Inicio","item":"https:\/\/wpguerssen-test.odoo.rgbconsulting.com\/es\/"},{"@type":"ListItem","position":2,"name":"Shop","item":"https:\/\/wpguerssen-test.odoo.rgbconsulting.com\/shop\/"},{"@type":"ListItem","position":3,"name":"Last Concert"}]},{"@type":"WebSite","@id":"https:\/\/wpguerssen-test.odoo.rgbconsulting.com\/es\/#website","url":"https:\/\/wpguerssen-test.odoo.rgbconsulting.com\/es\/","name":"Guerssen records","description":"psychedelia - progressive - folk - garage ","publisher":{"@id":"https:\/\/wpguerssen-test.odoo.rgbconsulting.com\/es\/#organization"},"potentialAction":[{"@type":"SearchAction","target":{"@type":"EntryPoint","urlTemplate":"https:\/\/wpguerssen-test.odoo.rgbconsulting.com\/es\/?s={search_term_string}"},"query-input":{"@type":"PropertyValueSpecification","valueRequired":true,"valueName":"search_term_string"}}],"inLanguage":"es"},{"@type":"Organization","@id":"https:\/\/wpguerssen-test.odoo.rgbconsulting.com\/es\/#organization","name":"Guerssen records","url":"https:\/\/wpguerssen-test.odoo.rgbconsulting.com\/es\/","logo":{"@type":"ImageObject","inLanguage":"es","@id":"https:\/\/wpguerssen-test.odoo.rgbconsulting.com\/es\/#\/schema\/logo\/image\/","url":"https:\/\/wpguerssen-test.odoo.rgbconsulting.com\/wp-content\/uploads\/2022\/04\/Logo_Guerssen_trans_100.png","contentUrl":"https:\/\/wpguerssen-test.odoo.rgbconsulting.com\/wp-content\/uploads\/2022\/04\/Logo_Guerssen_trans_100.png","width":122,"height":100,"caption":"Guerssen records"},"image":{"@id":"https:\/\/wpguerssen-test.odoo.rgbconsulting.com\/es\/#\/schema\/logo\/image\/"}}]}},"_links":{"self":[{"href":"https:\/\/wpguerssen-test.odoo.rgbconsulting.com\/es\/wp-json\/wp\/v2\/product\/267645","targetHints":{"allow":["GET"]}}],"collection":[{"href":"https:\/\/wpguerssen-test.odoo.rgbconsulting.com\/es\/wp-json\/wp\/v2\/product"}],"about":[{"href":"https:\/\/wpguerssen-test.odoo.rgbconsulting.com\/es\/wp-json\/wp\/v2\/types\/product"}],"wp:featuredmedia":[{"embeddable":true,"href":"https:\/\/wpguerssen-test.odoo.rgbconsulting.com\/es\/wp-json\/wp\/v2\/media\/267566"}],"wp:attachment":[{"href":"https:\/\/wpguerssen-test.odoo.rgbconsulting.com\/es\/wp-json\/wp\/v2\/media?parent=267645"}],"wp:term":[{"taxonomy":"product_brand","embeddable":true,"href":"https:\/\/wpguerssen-test.odoo.rgbconsulting.com\/es\/wp-json\/wp\/v2\/product_brand?post=267645"},{"taxonomy":"product_cat","embeddable":true,"href":"https:\/\/wpguerssen-test.odoo.rgbconsulting.com\/es\/wp-json\/wp\/v2\/product_cat?post=267645"},{"taxonomy":"product_tag","embeddable":true,"href":"https:\/\/wpguerssen-test.odoo.rgbconsulting.com\/es\/wp-json\/wp\/v2\/product_tag?post=267645"}],"curies":[{"name":"wp","href":"https:\/\/api.w.org\/{rel}","templated":true}]}}