{"id":267648,"date":"2024-01-12T00:00:00","date_gmt":"2024-01-11T23:00:00","guid":{"rendered":"https:\/\/wpguerssen-test.odoo.rgbconsulting.com\/product\/mandala-3\/"},"modified":"2024-11-11T16:40:37","modified_gmt":"2024-11-11T15:40:37","slug":"mandala-3","status":"publish","type":"product","link":"https:\/\/wpguerssen-test.odoo.rgbconsulting.com\/es\/producto\/mandala-3\/","title":{"rendered":"Mandala"},"content":{"rendered":"<p>Dzyan grab\u00f3 3 \u00e1lbumes entre 1972 y 1974. Cada \u00e1lbum que lanzaron fue bastante diferente. Despu\u00e9s del lanzamiento del primer \u00e1lbum la formaci\u00f3n cambi\u00f3 y Eddy Marron fue el nuevo guitarrista. La sesi\u00f3n SWF recuerda mucho a su primer \u00e1lbum. Dzyan toc\u00f3 una forma ligeramente jazz\u00edstica de rock progresivo con destellos de Hot Rats de Zappa e incluso algunas diversiones con saxof\u00f3n de VAN DER GRAAF GENERATOR. Estas grabaciones de estudio de radio est\u00e1n a\u00fan m\u00e1s orientadas al rock que las grabaciones del primer \u00e1lbum. Hay cinco t\u00edtulos. 4 nuevas composiciones y una versi\u00f3n m\u00e1s larga (11:00 minutos) y diferente del probablemente mejor t\u00edtulo del primer \u00e1lbum \u00abDragon Song\u00bb. Steels Electric\/Daddy Groove es una suite de 15 minutos, muy inventiva y con una excelente guitarra de Eddy Marron. ZAZ tiene un gran sentimiento \u00e9tnico producido por el fino Zaz (instrumento de cuerda turco) tambi\u00e9n tocado por Eddy Marron y patrones r\u00edtmicos orientados al rock. Finalmente, \u00abResurrection\u00bb fue parte de una suite de una hora que, lamentablemente, Dzyan nunca grab\u00f3. Estas grabaciones se encuentran entre las mejores grabaciones jam\u00e1s realizadas en el estudio de sesi\u00f3n SWF. Remasterizado a partir de la cinta maestra original. Folleto excelente (la versi\u00f3n en vinilo tiene un encarte) con una pintura de portada de Helmut Wenske (nunca utilizada antes en una portada), historia de la banda y fotograf\u00edas. \u00a1Definitivamente debes tenerlo!<\/p>\n","protected":false},"excerpt":{"rendered":"<p>Dzyan grab\u00f3 3 \u00e1lbumes entre 1972 y 1974. Cada \u00e1lbum que lanzaron fue bastante diferente. Despu\u00e9s del lanzamiento del primer \u00e1lbum la formaci\u00f3n cambi\u00f3 y Eddy<a class=\"read\" href=\"https:\/\/wpguerssen-test.odoo.rgbconsulting.com\/es\/producto\/mandala-3\/\"> (...)<\/a>","protected":false},"featured_media":267575,"template":"","meta":{"_acf_changed":false},"product_brand":[],"product_cat":[23230,23229],"product_tag":[],"class_list":{"0":"post-267648","1":"product","2":"type-product","3":"status-publish","4":"has-post-thumbnail","6":"product_cat-krautrock-es-2","7":"product_cat-jazz-rock-es","8":"pa_artist-dzyan-es","9":"pa_format-cd-2-es","10":"pa_gender-krautrock-jazz-rock","11":"pa_label-long-hair-es","12":"pa_location-europe-es","14":"first","15":"instock","16":"taxable","17":"shipping-taxable","18":"purchasable","19":"product-type-simple"},"acf":[],"yoast_head":"<!-- This site is optimized with the Yoast SEO plugin v24.9 - https:\/\/yoast.com\/wordpress\/plugins\/seo\/ -->\n<title>DZYAN - Mandala -  (CD) | Guerssen<\/title>\n<meta name=\"description\" content=\"Dzyan recorded 3 albums between 1972 and 1974. Each album they released was quiet different. After the release of the first album the line-up changed and Eddy Marron was the new guitarist. The SWF-session reminds a lot to their first album. Dzyan played a slightly jazzy form of progressive rock with flashes of Zappa&#039;s Hot Rats and even some VAN DER GRAAF GENERATOR saxophone- fronted diversions. These radio studio recordings are even more rock oriented then the first album recordings. There are five titles. 4 new compositions and a longer (11:00 minutes) and different version of probably the best title from the first album &quot;Dragon Song&quot;. Steels Electric\/Daddy Groove is a 15 minutes suite, very inventive and with great guitar playing by Eddy Marron. ZAZ has a great ethnic feel produced by fine Zaz (Turkish stringed instrument) also played by Eddy Marron and oriented rock rhythm patterns. Finally &quot;Resurrection&quot; was part of a one hour suite, Dzyan sadly never recorded. This recordings are among the best ever recordings at the SWF session studio. Remastered from the original master tape. Fine booklet (vinyl version has an insert) with a cover painting by Helmut Wenske (never used before on a cover), band story, photos. A definitely must have!\" \/>\n<meta name=\"robots\" content=\"index, follow, max-snippet:-1, max-image-preview:large, max-video-preview:-1\" \/>\n<link rel=\"canonical\" href=\"https:\/\/wpguerssen-test.odoo.rgbconsulting.com\/es\/producto\/mandala-3\/\" \/>\n<meta property=\"og:locale\" content=\"es_ES\" \/>\n<meta property=\"og:type\" content=\"article\" \/>\n<meta property=\"og:title\" content=\"DZYAN - Mandala -  (CD) | Guerssen\" \/>\n<meta property=\"og:description\" content=\"Dzyan recorded 3 albums between 1972 and 1974. Each album they released was quiet different. After the release of the first album the line-up changed and Eddy Marron was the new guitarist. The SWF-session reminds a lot to their first album. Dzyan played a slightly jazzy form of progressive rock with flashes of Zappa&#039;s Hot Rats and even some VAN DER GRAAF GENERATOR saxophone- fronted diversions. These radio studio recordings are even more rock oriented then the first album recordings. There are five titles. 4 new compositions and a longer (11:00 minutes) and different version of probably the best title from the first album &quot;Dragon Song&quot;. Steels Electric\/Daddy Groove is a 15 minutes suite, very inventive and with great guitar playing by Eddy Marron. ZAZ has a great ethnic feel produced by fine Zaz (Turkish stringed instrument) also played by Eddy Marron and oriented rock rhythm patterns. Finally &quot;Resurrection&quot; was part of a one hour suite, Dzyan sadly never recorded. This recordings are among the best ever recordings at the SWF session studio. Remastered from the original master tape. Fine booklet (vinyl version has an insert) with a cover painting by Helmut Wenske (never used before on a cover), band story, photos. A definitely must have!\" \/>\n<meta property=\"og:url\" content=\"https:\/\/wpguerssen-test.odoo.rgbconsulting.com\/es\/producto\/mandala-3\/\" \/>\n<meta property=\"og:site_name\" content=\"Guerssen records\" \/>\n<meta property=\"article:modified_time\" content=\"2024-11-11T15:40:37+00:00\" \/>\n<meta property=\"og:image\" content=\"https:\/\/wpguerssen-test.odoo.rgbconsulting.com\/wp-content\/uploads\/2024\/05\/47877.jpg\" \/>\n\t<meta property=\"og:image:width\" content=\"180\" \/>\n\t<meta property=\"og:image:height\" content=\"180\" \/>\n\t<meta property=\"og:image:type\" content=\"image\/jpeg\" \/>\n<meta name=\"twitter:card\" content=\"summary_large_image\" \/>\n<meta name=\"twitter:title\" content=\"DZYAN - Mandala -  (CD) | Guerssen\" \/>\n<meta name=\"twitter:label1\" content=\"Tiempo de lectura\" \/>\n\t<meta name=\"twitter:data1\" content=\"1 minuto\" \/>\n<script type=\"application\/ld+json\" class=\"yoast-schema-graph\">{\"@context\":\"https:\/\/schema.org\",\"@graph\":[{\"@type\":\"WebPage\",\"@id\":\"https:\/\/wpguerssen-test.odoo.rgbconsulting.com\/es\/producto\/mandala-3\/\",\"url\":\"https:\/\/wpguerssen-test.odoo.rgbconsulting.com\/es\/producto\/mandala-3\/\",\"name\":\"DZYAN - Mandala - (CD) | Guerssen\",\"isPartOf\":{\"@id\":\"https:\/\/wpguerssen-test.odoo.rgbconsulting.com\/es\/#website\"},\"primaryImageOfPage\":{\"@id\":\"https:\/\/wpguerssen-test.odoo.rgbconsulting.com\/es\/producto\/mandala-3\/#primaryimage\"},\"image\":{\"@id\":\"https:\/\/wpguerssen-test.odoo.rgbconsulting.com\/es\/producto\/mandala-3\/#primaryimage\"},\"thumbnailUrl\":\"https:\/\/wpguerssen-test.odoo.rgbconsulting.com\/wp-content\/uploads\/2024\/05\/47877.jpg\",\"datePublished\":\"2024-01-11T23:00:00+00:00\",\"dateModified\":\"2024-11-11T15:40:37+00:00\",\"description\":\"Dzyan recorded 3 albums between 1972 and 1974. Each album they released was quiet different. After the release of the first album the line-up changed and Eddy Marron was the new guitarist. The SWF-session reminds a lot to their first album. Dzyan played a slightly jazzy form of progressive rock with flashes of Zappa's Hot Rats and even some VAN DER GRAAF GENERATOR saxophone- fronted diversions. These radio studio recordings are even more rock oriented then the first album recordings. There are five titles. 4 new compositions and a longer (11:00 minutes) and different version of probably the best title from the first album \\\"Dragon Song\\\". Steels Electric\/Daddy Groove is a 15 minutes suite, very inventive and with great guitar playing by Eddy Marron. ZAZ has a great ethnic feel produced by fine Zaz (Turkish stringed instrument) also played by Eddy Marron and oriented rock rhythm patterns. Finally \\\"Resurrection\\\" was part of a one hour suite, Dzyan sadly never recorded. This recordings are among the best ever recordings at the SWF session studio. Remastered from the original master tape. Fine booklet (vinyl version has an insert) with a cover painting by Helmut Wenske (never used before on a cover), band story, photos. A definitely must have!\",\"breadcrumb\":{\"@id\":\"https:\/\/wpguerssen-test.odoo.rgbconsulting.com\/es\/producto\/mandala-3\/#breadcrumb\"},\"inLanguage\":\"es\",\"potentialAction\":[{\"@type\":\"ReadAction\",\"target\":[\"https:\/\/wpguerssen-test.odoo.rgbconsulting.com\/es\/producto\/mandala-3\/\"]}]},{\"@type\":\"ImageObject\",\"inLanguage\":\"es\",\"@id\":\"https:\/\/wpguerssen-test.odoo.rgbconsulting.com\/es\/producto\/mandala-3\/#primaryimage\",\"url\":\"https:\/\/wpguerssen-test.odoo.rgbconsulting.com\/wp-content\/uploads\/2024\/05\/47877.jpg\",\"contentUrl\":\"https:\/\/wpguerssen-test.odoo.rgbconsulting.com\/wp-content\/uploads\/2024\/05\/47877.jpg\",\"width\":180,\"height\":180},{\"@type\":\"BreadcrumbList\",\"@id\":\"https:\/\/wpguerssen-test.odoo.rgbconsulting.com\/es\/producto\/mandala-3\/#breadcrumb\",\"itemListElement\":[{\"@type\":\"ListItem\",\"position\":1,\"name\":\"Inicio\",\"item\":\"https:\/\/wpguerssen-test.odoo.rgbconsulting.com\/es\/\"},{\"@type\":\"ListItem\",\"position\":2,\"name\":\"Shop\",\"item\":\"https:\/\/wpguerssen-test.odoo.rgbconsulting.com\/shop\/\"},{\"@type\":\"ListItem\",\"position\":3,\"name\":\"Mandala\"}]},{\"@type\":\"WebSite\",\"@id\":\"https:\/\/wpguerssen-test.odoo.rgbconsulting.com\/es\/#website\",\"url\":\"https:\/\/wpguerssen-test.odoo.rgbconsulting.com\/es\/\",\"name\":\"Guerssen records\",\"description\":\"psychedelia - progressive - folk - garage \",\"publisher\":{\"@id\":\"https:\/\/wpguerssen-test.odoo.rgbconsulting.com\/es\/#organization\"},\"potentialAction\":[{\"@type\":\"SearchAction\",\"target\":{\"@type\":\"EntryPoint\",\"urlTemplate\":\"https:\/\/wpguerssen-test.odoo.rgbconsulting.com\/es\/?s={search_term_string}\"},\"query-input\":{\"@type\":\"PropertyValueSpecification\",\"valueRequired\":true,\"valueName\":\"search_term_string\"}}],\"inLanguage\":\"es\"},{\"@type\":\"Organization\",\"@id\":\"https:\/\/wpguerssen-test.odoo.rgbconsulting.com\/es\/#organization\",\"name\":\"Guerssen records\",\"url\":\"https:\/\/wpguerssen-test.odoo.rgbconsulting.com\/es\/\",\"logo\":{\"@type\":\"ImageObject\",\"inLanguage\":\"es\",\"@id\":\"https:\/\/wpguerssen-test.odoo.rgbconsulting.com\/es\/#\/schema\/logo\/image\/\",\"url\":\"https:\/\/wpguerssen-test.odoo.rgbconsulting.com\/wp-content\/uploads\/2022\/04\/Logo_Guerssen_trans_100.png\",\"contentUrl\":\"https:\/\/wpguerssen-test.odoo.rgbconsulting.com\/wp-content\/uploads\/2022\/04\/Logo_Guerssen_trans_100.png\",\"width\":122,\"height\":100,\"caption\":\"Guerssen records\"},\"image\":{\"@id\":\"https:\/\/wpguerssen-test.odoo.rgbconsulting.com\/es\/#\/schema\/logo\/image\/\"}}]}<\/script>\n<!-- \/ Yoast SEO plugin. -->","yoast_head_json":{"title":"DZYAN - Mandala -  (CD) | Guerssen","description":"Dzyan recorded 3 albums between 1972 and 1974. Each album they released was quiet different. After the release of the first album the line-up changed and Eddy Marron was the new guitarist. The SWF-session reminds a lot to their first album. Dzyan played a slightly jazzy form of progressive rock with flashes of Zappa's Hot Rats and even some VAN DER GRAAF GENERATOR saxophone- fronted diversions. These radio studio recordings are even more rock oriented then the first album recordings. There are five titles. 4 new compositions and a longer (11:00 minutes) and different version of probably the best title from the first album \"Dragon Song\". Steels Electric\/Daddy Groove is a 15 minutes suite, very inventive and with great guitar playing by Eddy Marron. ZAZ has a great ethnic feel produced by fine Zaz (Turkish stringed instrument) also played by Eddy Marron and oriented rock rhythm patterns. Finally \"Resurrection\" was part of a one hour suite, Dzyan sadly never recorded. This recordings are among the best ever recordings at the SWF session studio. Remastered from the original master tape. Fine booklet (vinyl version has an insert) with a cover painting by Helmut Wenske (never used before on a cover), band story, photos. A definitely must have!","robots":{"index":"index","follow":"follow","max-snippet":"max-snippet:-1","max-image-preview":"max-image-preview:large","max-video-preview":"max-video-preview:-1"},"canonical":"https:\/\/wpguerssen-test.odoo.rgbconsulting.com\/es\/producto\/mandala-3\/","og_locale":"es_ES","og_type":"article","og_title":"DZYAN - Mandala -  (CD) | Guerssen","og_description":"Dzyan recorded 3 albums between 1972 and 1974. Each album they released was quiet different. After the release of the first album the line-up changed and Eddy Marron was the new guitarist. The SWF-session reminds a lot to their first album. Dzyan played a slightly jazzy form of progressive rock with flashes of Zappa's Hot Rats and even some VAN DER GRAAF GENERATOR saxophone- fronted diversions. These radio studio recordings are even more rock oriented then the first album recordings. There are five titles. 4 new compositions and a longer (11:00 minutes) and different version of probably the best title from the first album \"Dragon Song\". Steels Electric\/Daddy Groove is a 15 minutes suite, very inventive and with great guitar playing by Eddy Marron. ZAZ has a great ethnic feel produced by fine Zaz (Turkish stringed instrument) also played by Eddy Marron and oriented rock rhythm patterns. Finally \"Resurrection\" was part of a one hour suite, Dzyan sadly never recorded. This recordings are among the best ever recordings at the SWF session studio. Remastered from the original master tape. Fine booklet (vinyl version has an insert) with a cover painting by Helmut Wenske (never used before on a cover), band story, photos. A definitely must have!","og_url":"https:\/\/wpguerssen-test.odoo.rgbconsulting.com\/es\/producto\/mandala-3\/","og_site_name":"Guerssen records","article_modified_time":"2024-11-11T15:40:37+00:00","og_image":[{"width":180,"height":180,"url":"https:\/\/wpguerssen-test.odoo.rgbconsulting.com\/wp-content\/uploads\/2024\/05\/47877.jpg","type":"image\/jpeg"}],"twitter_card":"summary_large_image","twitter_title":"DZYAN - Mandala -  (CD) | Guerssen","twitter_misc":{"Tiempo de lectura":"1 minuto"},"schema":{"@context":"https:\/\/schema.org","@graph":[{"@type":"WebPage","@id":"https:\/\/wpguerssen-test.odoo.rgbconsulting.com\/es\/producto\/mandala-3\/","url":"https:\/\/wpguerssen-test.odoo.rgbconsulting.com\/es\/producto\/mandala-3\/","name":"DZYAN - Mandala - (CD) | Guerssen","isPartOf":{"@id":"https:\/\/wpguerssen-test.odoo.rgbconsulting.com\/es\/#website"},"primaryImageOfPage":{"@id":"https:\/\/wpguerssen-test.odoo.rgbconsulting.com\/es\/producto\/mandala-3\/#primaryimage"},"image":{"@id":"https:\/\/wpguerssen-test.odoo.rgbconsulting.com\/es\/producto\/mandala-3\/#primaryimage"},"thumbnailUrl":"https:\/\/wpguerssen-test.odoo.rgbconsulting.com\/wp-content\/uploads\/2024\/05\/47877.jpg","datePublished":"2024-01-11T23:00:00+00:00","dateModified":"2024-11-11T15:40:37+00:00","description":"Dzyan recorded 3 albums between 1972 and 1974. Each album they released was quiet different. After the release of the first album the line-up changed and Eddy Marron was the new guitarist. The SWF-session reminds a lot to their first album. Dzyan played a slightly jazzy form of progressive rock with flashes of Zappa's Hot Rats and even some VAN DER GRAAF GENERATOR saxophone- fronted diversions. These radio studio recordings are even more rock oriented then the first album recordings. There are five titles. 4 new compositions and a longer (11:00 minutes) and different version of probably the best title from the first album \"Dragon Song\". Steels Electric\/Daddy Groove is a 15 minutes suite, very inventive and with great guitar playing by Eddy Marron. ZAZ has a great ethnic feel produced by fine Zaz (Turkish stringed instrument) also played by Eddy Marron and oriented rock rhythm patterns. Finally \"Resurrection\" was part of a one hour suite, Dzyan sadly never recorded. This recordings are among the best ever recordings at the SWF session studio. Remastered from the original master tape. Fine booklet (vinyl version has an insert) with a cover painting by Helmut Wenske (never used before on a cover), band story, photos. A definitely must have!","breadcrumb":{"@id":"https:\/\/wpguerssen-test.odoo.rgbconsulting.com\/es\/producto\/mandala-3\/#breadcrumb"},"inLanguage":"es","potentialAction":[{"@type":"ReadAction","target":["https:\/\/wpguerssen-test.odoo.rgbconsulting.com\/es\/producto\/mandala-3\/"]}]},{"@type":"ImageObject","inLanguage":"es","@id":"https:\/\/wpguerssen-test.odoo.rgbconsulting.com\/es\/producto\/mandala-3\/#primaryimage","url":"https:\/\/wpguerssen-test.odoo.rgbconsulting.com\/wp-content\/uploads\/2024\/05\/47877.jpg","contentUrl":"https:\/\/wpguerssen-test.odoo.rgbconsulting.com\/wp-content\/uploads\/2024\/05\/47877.jpg","width":180,"height":180},{"@type":"BreadcrumbList","@id":"https:\/\/wpguerssen-test.odoo.rgbconsulting.com\/es\/producto\/mandala-3\/#breadcrumb","itemListElement":[{"@type":"ListItem","position":1,"name":"Inicio","item":"https:\/\/wpguerssen-test.odoo.rgbconsulting.com\/es\/"},{"@type":"ListItem","position":2,"name":"Shop","item":"https:\/\/wpguerssen-test.odoo.rgbconsulting.com\/shop\/"},{"@type":"ListItem","position":3,"name":"Mandala"}]},{"@type":"WebSite","@id":"https:\/\/wpguerssen-test.odoo.rgbconsulting.com\/es\/#website","url":"https:\/\/wpguerssen-test.odoo.rgbconsulting.com\/es\/","name":"Guerssen records","description":"psychedelia - progressive - folk - garage ","publisher":{"@id":"https:\/\/wpguerssen-test.odoo.rgbconsulting.com\/es\/#organization"},"potentialAction":[{"@type":"SearchAction","target":{"@type":"EntryPoint","urlTemplate":"https:\/\/wpguerssen-test.odoo.rgbconsulting.com\/es\/?s={search_term_string}"},"query-input":{"@type":"PropertyValueSpecification","valueRequired":true,"valueName":"search_term_string"}}],"inLanguage":"es"},{"@type":"Organization","@id":"https:\/\/wpguerssen-test.odoo.rgbconsulting.com\/es\/#organization","name":"Guerssen records","url":"https:\/\/wpguerssen-test.odoo.rgbconsulting.com\/es\/","logo":{"@type":"ImageObject","inLanguage":"es","@id":"https:\/\/wpguerssen-test.odoo.rgbconsulting.com\/es\/#\/schema\/logo\/image\/","url":"https:\/\/wpguerssen-test.odoo.rgbconsulting.com\/wp-content\/uploads\/2022\/04\/Logo_Guerssen_trans_100.png","contentUrl":"https:\/\/wpguerssen-test.odoo.rgbconsulting.com\/wp-content\/uploads\/2022\/04\/Logo_Guerssen_trans_100.png","width":122,"height":100,"caption":"Guerssen records"},"image":{"@id":"https:\/\/wpguerssen-test.odoo.rgbconsulting.com\/es\/#\/schema\/logo\/image\/"}}]}},"_links":{"self":[{"href":"https:\/\/wpguerssen-test.odoo.rgbconsulting.com\/es\/wp-json\/wp\/v2\/product\/267648","targetHints":{"allow":["GET"]}}],"collection":[{"href":"https:\/\/wpguerssen-test.odoo.rgbconsulting.com\/es\/wp-json\/wp\/v2\/product"}],"about":[{"href":"https:\/\/wpguerssen-test.odoo.rgbconsulting.com\/es\/wp-json\/wp\/v2\/types\/product"}],"wp:featuredmedia":[{"embeddable":true,"href":"https:\/\/wpguerssen-test.odoo.rgbconsulting.com\/es\/wp-json\/wp\/v2\/media\/267575"}],"wp:attachment":[{"href":"https:\/\/wpguerssen-test.odoo.rgbconsulting.com\/es\/wp-json\/wp\/v2\/media?parent=267648"}],"wp:term":[{"taxonomy":"product_brand","embeddable":true,"href":"https:\/\/wpguerssen-test.odoo.rgbconsulting.com\/es\/wp-json\/wp\/v2\/product_brand?post=267648"},{"taxonomy":"product_cat","embeddable":true,"href":"https:\/\/wpguerssen-test.odoo.rgbconsulting.com\/es\/wp-json\/wp\/v2\/product_cat?post=267648"},{"taxonomy":"product_tag","embeddable":true,"href":"https:\/\/wpguerssen-test.odoo.rgbconsulting.com\/es\/wp-json\/wp\/v2\/product_tag?post=267648"}],"curies":[{"name":"wp","href":"https:\/\/api.w.org\/{rel}","templated":true}]}}