{"id":267649,"date":"2024-01-12T00:00:00","date_gmt":"2024-01-11T23:00:00","guid":{"rendered":"https:\/\/wpguerssen-test.odoo.rgbconsulting.com\/product\/dzyan\/"},"modified":"2025-01-07T19:19:40","modified_gmt":"2025-01-07T18:19:40","slug":"dzyan","status":"publish","type":"product","link":"https:\/\/wpguerssen-test.odoo.rgbconsulting.com\/es\/producto\/dzyan\/","title":{"rendered":"Dzyan"},"content":{"rendered":"<p>Lanzado originalmente en el peque\u00f1o sello \u00abAronda\u00bb en 1972, el primer \u00e1lbum hom\u00f3nimo de Dzyan fue el m\u00e1s orientado al rock. Al igual que en sus grabaciones SWF, seis meses despu\u00e9s, Dzyan toc\u00f3 una forma ligeramente jazz\u00edstica de rock progresivo con toques de Wolfgang Dauner, destellos de Hot Rats de Zappa e incluso algunas diversiones con frente de saxof\u00f3n estilo Van Der Graaf Generator. Como escriben los Freeman Brothers en su libro cl\u00e1sico \u00abThe Crack In The Cosmic Egg\u00bb, un \u00ab\u00e1lbum intrigante que todav\u00eda est\u00e1 fresco hoy\u00bb. Voces fuertes y expresivas (Jochen Leuschner), guitarra refinada (Harry Kr\u00e4mer) y notables melod\u00edas de saxo (Gerd Ehrmann) apoyadas por una excelente secci\u00f3n r\u00edtmica con el extraordinario bajista y director de banda Reinhard Karwatky y el s\u00f3lido baterista Ludwig Braum son las caracter\u00edsticas de este gran \u00e1lbum. Lo cual es incomprensiblemente subestimado en comparaci\u00f3n con sus \u00faltimos \u00e1lbumes \u00abTime Machine\u00bb y \u00abElectric Silence\u00bb. El CD viene con el folleto correspondiente. \u00a1No te pierdas este magn\u00edfico \u00e1lbum!<\/p>\n","protected":false},"excerpt":{"rendered":"<p>Lanzado originalmente en el peque\u00f1o sello \u00abAronda\u00bb en 1972, el primer \u00e1lbum hom\u00f3nimo de Dzyan fue el m\u00e1s orientado al rock. Al igual que en sus grabaciones SWF,<a class=\"read\" href=\"https:\/\/wpguerssen-test.odoo.rgbconsulting.com\/es\/producto\/dzyan\/\"> (...)<\/a>","protected":false},"featured_media":267578,"template":"","meta":{"_acf_changed":false},"product_brand":[],"product_cat":[23230,23229],"product_tag":[],"class_list":{"0":"post-267649","1":"product","2":"type-product","3":"status-publish","4":"has-post-thumbnail","6":"product_cat-krautrock-es-2","7":"product_cat-jazz-rock-es","8":"pa_artist-dzyan-es","9":"pa_format-cd-2-es","10":"pa_gender-krautrock-jazz-rock","11":"pa_label-long-hair-es","12":"pa_location-europe-es","14":"first","15":"instock","16":"taxable","17":"shipping-taxable","18":"purchasable","19":"product-type-simple"},"acf":[],"yoast_head":"<!-- This site is optimized with the Yoast SEO plugin v24.9 - https:\/\/yoast.com\/wordpress\/plugins\/seo\/ -->\n<title>DZYAN - Dzyan -  (CD) | Guerssen<\/title>\n<meta name=\"description\" content=\"Originally released on small label &quot;Aronda&quot; in 1972 Dzyan&#039;s eponymous 1st Album was their most rock oriented one. Similar to their SWF-recordings 6 month later Dzyan played a slightly jazzy form of progressive rock with hints of Wolfgang Dauner, flashes of Zappa&#039;s Hot Rats and even some Van Der Graaf Generator styled saxophone-fronted diversions. As the Freeman Brothers write in their classic book &quot;The Crack In The Cosmic Egg&quot; an &quot;intriguing album that is still fresh today&quot;. Strong expressive vocals (Jochen Leuschner), refined guitar playing (Harry Kr\u00e4mer) and remarkable sax tunes (Gerd Ehrmann) supported by an excellent rhythm section with extraordinaire bass player and bandleader Reinhard Karwatky and solid drummer Ludwig Braum are the characteristics of this great album, which is incomprehensible underrated in comparison with their latter albums &quot;Time Machine&quot; and &quot;Electric Silence&quot;. CD comes with corresponding booklet. Don&#039;t miss this superb album!\" \/>\n<meta name=\"robots\" content=\"index, follow, max-snippet:-1, max-image-preview:large, max-video-preview:-1\" \/>\n<link rel=\"canonical\" href=\"https:\/\/wpguerssen-test.odoo.rgbconsulting.com\/es\/producto\/dzyan\/\" \/>\n<meta property=\"og:locale\" content=\"es_ES\" \/>\n<meta property=\"og:type\" content=\"article\" \/>\n<meta property=\"og:title\" content=\"DZYAN - Dzyan -  (CD) | Guerssen\" \/>\n<meta property=\"og:description\" content=\"Originally released on small label &quot;Aronda&quot; in 1972 Dzyan&#039;s eponymous 1st Album was their most rock oriented one. Similar to their SWF-recordings 6 month later Dzyan played a slightly jazzy form of progressive rock with hints of Wolfgang Dauner, flashes of Zappa&#039;s Hot Rats and even some Van Der Graaf Generator styled saxophone-fronted diversions. As the Freeman Brothers write in their classic book &quot;The Crack In The Cosmic Egg&quot; an &quot;intriguing album that is still fresh today&quot;. Strong expressive vocals (Jochen Leuschner), refined guitar playing (Harry Kr\u00e4mer) and remarkable sax tunes (Gerd Ehrmann) supported by an excellent rhythm section with extraordinaire bass player and bandleader Reinhard Karwatky and solid drummer Ludwig Braum are the characteristics of this great album, which is incomprehensible underrated in comparison with their latter albums &quot;Time Machine&quot; and &quot;Electric Silence&quot;. CD comes with corresponding booklet. Don&#039;t miss this superb album!\" \/>\n<meta property=\"og:url\" content=\"https:\/\/wpguerssen-test.odoo.rgbconsulting.com\/es\/producto\/dzyan\/\" \/>\n<meta property=\"og:site_name\" content=\"Guerssen records\" \/>\n<meta property=\"article:modified_time\" content=\"2025-01-07T18:19:40+00:00\" \/>\n<meta property=\"og:image\" content=\"https:\/\/wpguerssen-test.odoo.rgbconsulting.com\/wp-content\/uploads\/2024\/05\/47878.jpg\" \/>\n\t<meta property=\"og:image:width\" content=\"180\" \/>\n\t<meta property=\"og:image:height\" content=\"180\" \/>\n\t<meta property=\"og:image:type\" content=\"image\/jpeg\" \/>\n<meta name=\"twitter:card\" content=\"summary_large_image\" \/>\n<meta name=\"twitter:title\" content=\"DZYAN - Dzyan -  (CD) | Guerssen\" \/>\n<meta name=\"twitter:label1\" content=\"Tiempo de lectura\" \/>\n\t<meta name=\"twitter:data1\" content=\"1 minuto\" \/>\n<script type=\"application\/ld+json\" class=\"yoast-schema-graph\">{\"@context\":\"https:\/\/schema.org\",\"@graph\":[{\"@type\":\"WebPage\",\"@id\":\"https:\/\/wpguerssen-test.odoo.rgbconsulting.com\/es\/producto\/dzyan\/\",\"url\":\"https:\/\/wpguerssen-test.odoo.rgbconsulting.com\/es\/producto\/dzyan\/\",\"name\":\"DZYAN - Dzyan - (CD) | Guerssen\",\"isPartOf\":{\"@id\":\"https:\/\/wpguerssen-test.odoo.rgbconsulting.com\/es\/#website\"},\"primaryImageOfPage\":{\"@id\":\"https:\/\/wpguerssen-test.odoo.rgbconsulting.com\/es\/producto\/dzyan\/#primaryimage\"},\"image\":{\"@id\":\"https:\/\/wpguerssen-test.odoo.rgbconsulting.com\/es\/producto\/dzyan\/#primaryimage\"},\"thumbnailUrl\":\"https:\/\/wpguerssen-test.odoo.rgbconsulting.com\/wp-content\/uploads\/2024\/05\/47878.jpg\",\"datePublished\":\"2024-01-11T23:00:00+00:00\",\"dateModified\":\"2025-01-07T18:19:40+00:00\",\"description\":\"Originally released on small label \\\"Aronda\\\" in 1972 Dzyan's eponymous 1st Album was their most rock oriented one. Similar to their SWF-recordings 6 month later Dzyan played a slightly jazzy form of progressive rock with hints of Wolfgang Dauner, flashes of Zappa's Hot Rats and even some Van Der Graaf Generator styled saxophone-fronted diversions. As the Freeman Brothers write in their classic book \\\"The Crack In The Cosmic Egg\\\" an \\\"intriguing album that is still fresh today\\\". Strong expressive vocals (Jochen Leuschner), refined guitar playing (Harry Kr\u00e4mer) and remarkable sax tunes (Gerd Ehrmann) supported by an excellent rhythm section with extraordinaire bass player and bandleader Reinhard Karwatky and solid drummer Ludwig Braum are the characteristics of this great album, which is incomprehensible underrated in comparison with their latter albums \\\"Time Machine\\\" and \\\"Electric Silence\\\". CD comes with corresponding booklet. Don't miss this superb album!\",\"breadcrumb\":{\"@id\":\"https:\/\/wpguerssen-test.odoo.rgbconsulting.com\/es\/producto\/dzyan\/#breadcrumb\"},\"inLanguage\":\"es\",\"potentialAction\":[{\"@type\":\"ReadAction\",\"target\":[\"https:\/\/wpguerssen-test.odoo.rgbconsulting.com\/es\/producto\/dzyan\/\"]}]},{\"@type\":\"ImageObject\",\"inLanguage\":\"es\",\"@id\":\"https:\/\/wpguerssen-test.odoo.rgbconsulting.com\/es\/producto\/dzyan\/#primaryimage\",\"url\":\"https:\/\/wpguerssen-test.odoo.rgbconsulting.com\/wp-content\/uploads\/2024\/05\/47878.jpg\",\"contentUrl\":\"https:\/\/wpguerssen-test.odoo.rgbconsulting.com\/wp-content\/uploads\/2024\/05\/47878.jpg\",\"width\":180,\"height\":180},{\"@type\":\"BreadcrumbList\",\"@id\":\"https:\/\/wpguerssen-test.odoo.rgbconsulting.com\/es\/producto\/dzyan\/#breadcrumb\",\"itemListElement\":[{\"@type\":\"ListItem\",\"position\":1,\"name\":\"Inicio\",\"item\":\"https:\/\/wpguerssen-test.odoo.rgbconsulting.com\/es\/\"},{\"@type\":\"ListItem\",\"position\":2,\"name\":\"Shop\",\"item\":\"https:\/\/wpguerssen-test.odoo.rgbconsulting.com\/shop\/\"},{\"@type\":\"ListItem\",\"position\":3,\"name\":\"Dzyan\"}]},{\"@type\":\"WebSite\",\"@id\":\"https:\/\/wpguerssen-test.odoo.rgbconsulting.com\/es\/#website\",\"url\":\"https:\/\/wpguerssen-test.odoo.rgbconsulting.com\/es\/\",\"name\":\"Guerssen records\",\"description\":\"psychedelia - progressive - folk - garage \",\"publisher\":{\"@id\":\"https:\/\/wpguerssen-test.odoo.rgbconsulting.com\/es\/#organization\"},\"potentialAction\":[{\"@type\":\"SearchAction\",\"target\":{\"@type\":\"EntryPoint\",\"urlTemplate\":\"https:\/\/wpguerssen-test.odoo.rgbconsulting.com\/es\/?s={search_term_string}\"},\"query-input\":{\"@type\":\"PropertyValueSpecification\",\"valueRequired\":true,\"valueName\":\"search_term_string\"}}],\"inLanguage\":\"es\"},{\"@type\":\"Organization\",\"@id\":\"https:\/\/wpguerssen-test.odoo.rgbconsulting.com\/es\/#organization\",\"name\":\"Guerssen records\",\"url\":\"https:\/\/wpguerssen-test.odoo.rgbconsulting.com\/es\/\",\"logo\":{\"@type\":\"ImageObject\",\"inLanguage\":\"es\",\"@id\":\"https:\/\/wpguerssen-test.odoo.rgbconsulting.com\/es\/#\/schema\/logo\/image\/\",\"url\":\"https:\/\/wpguerssen-test.odoo.rgbconsulting.com\/wp-content\/uploads\/2022\/04\/Logo_Guerssen_trans_100.png\",\"contentUrl\":\"https:\/\/wpguerssen-test.odoo.rgbconsulting.com\/wp-content\/uploads\/2022\/04\/Logo_Guerssen_trans_100.png\",\"width\":122,\"height\":100,\"caption\":\"Guerssen records\"},\"image\":{\"@id\":\"https:\/\/wpguerssen-test.odoo.rgbconsulting.com\/es\/#\/schema\/logo\/image\/\"}}]}<\/script>\n<!-- \/ Yoast SEO plugin. -->","yoast_head_json":{"title":"DZYAN - Dzyan -  (CD) | Guerssen","description":"Originally released on small label \"Aronda\" in 1972 Dzyan's eponymous 1st Album was their most rock oriented one. Similar to their SWF-recordings 6 month later Dzyan played a slightly jazzy form of progressive rock with hints of Wolfgang Dauner, flashes of Zappa's Hot Rats and even some Van Der Graaf Generator styled saxophone-fronted diversions. As the Freeman Brothers write in their classic book \"The Crack In The Cosmic Egg\" an \"intriguing album that is still fresh today\". Strong expressive vocals (Jochen Leuschner), refined guitar playing (Harry Kr\u00e4mer) and remarkable sax tunes (Gerd Ehrmann) supported by an excellent rhythm section with extraordinaire bass player and bandleader Reinhard Karwatky and solid drummer Ludwig Braum are the characteristics of this great album, which is incomprehensible underrated in comparison with their latter albums \"Time Machine\" and \"Electric Silence\". CD comes with corresponding booklet. Don't miss this superb album!","robots":{"index":"index","follow":"follow","max-snippet":"max-snippet:-1","max-image-preview":"max-image-preview:large","max-video-preview":"max-video-preview:-1"},"canonical":"https:\/\/wpguerssen-test.odoo.rgbconsulting.com\/es\/producto\/dzyan\/","og_locale":"es_ES","og_type":"article","og_title":"DZYAN - Dzyan -  (CD) | Guerssen","og_description":"Originally released on small label \"Aronda\" in 1972 Dzyan's eponymous 1st Album was their most rock oriented one. Similar to their SWF-recordings 6 month later Dzyan played a slightly jazzy form of progressive rock with hints of Wolfgang Dauner, flashes of Zappa's Hot Rats and even some Van Der Graaf Generator styled saxophone-fronted diversions. As the Freeman Brothers write in their classic book \"The Crack In The Cosmic Egg\" an \"intriguing album that is still fresh today\". Strong expressive vocals (Jochen Leuschner), refined guitar playing (Harry Kr\u00e4mer) and remarkable sax tunes (Gerd Ehrmann) supported by an excellent rhythm section with extraordinaire bass player and bandleader Reinhard Karwatky and solid drummer Ludwig Braum are the characteristics of this great album, which is incomprehensible underrated in comparison with their latter albums \"Time Machine\" and \"Electric Silence\". CD comes with corresponding booklet. Don't miss this superb album!","og_url":"https:\/\/wpguerssen-test.odoo.rgbconsulting.com\/es\/producto\/dzyan\/","og_site_name":"Guerssen records","article_modified_time":"2025-01-07T18:19:40+00:00","og_image":[{"width":180,"height":180,"url":"https:\/\/wpguerssen-test.odoo.rgbconsulting.com\/wp-content\/uploads\/2024\/05\/47878.jpg","type":"image\/jpeg"}],"twitter_card":"summary_large_image","twitter_title":"DZYAN - Dzyan -  (CD) | Guerssen","twitter_misc":{"Tiempo de lectura":"1 minuto"},"schema":{"@context":"https:\/\/schema.org","@graph":[{"@type":"WebPage","@id":"https:\/\/wpguerssen-test.odoo.rgbconsulting.com\/es\/producto\/dzyan\/","url":"https:\/\/wpguerssen-test.odoo.rgbconsulting.com\/es\/producto\/dzyan\/","name":"DZYAN - Dzyan - (CD) | Guerssen","isPartOf":{"@id":"https:\/\/wpguerssen-test.odoo.rgbconsulting.com\/es\/#website"},"primaryImageOfPage":{"@id":"https:\/\/wpguerssen-test.odoo.rgbconsulting.com\/es\/producto\/dzyan\/#primaryimage"},"image":{"@id":"https:\/\/wpguerssen-test.odoo.rgbconsulting.com\/es\/producto\/dzyan\/#primaryimage"},"thumbnailUrl":"https:\/\/wpguerssen-test.odoo.rgbconsulting.com\/wp-content\/uploads\/2024\/05\/47878.jpg","datePublished":"2024-01-11T23:00:00+00:00","dateModified":"2025-01-07T18:19:40+00:00","description":"Originally released on small label \"Aronda\" in 1972 Dzyan's eponymous 1st Album was their most rock oriented one. Similar to their SWF-recordings 6 month later Dzyan played a slightly jazzy form of progressive rock with hints of Wolfgang Dauner, flashes of Zappa's Hot Rats and even some Van Der Graaf Generator styled saxophone-fronted diversions. As the Freeman Brothers write in their classic book \"The Crack In The Cosmic Egg\" an \"intriguing album that is still fresh today\". Strong expressive vocals (Jochen Leuschner), refined guitar playing (Harry Kr\u00e4mer) and remarkable sax tunes (Gerd Ehrmann) supported by an excellent rhythm section with extraordinaire bass player and bandleader Reinhard Karwatky and solid drummer Ludwig Braum are the characteristics of this great album, which is incomprehensible underrated in comparison with their latter albums \"Time Machine\" and \"Electric Silence\". CD comes with corresponding booklet. Don't miss this superb album!","breadcrumb":{"@id":"https:\/\/wpguerssen-test.odoo.rgbconsulting.com\/es\/producto\/dzyan\/#breadcrumb"},"inLanguage":"es","potentialAction":[{"@type":"ReadAction","target":["https:\/\/wpguerssen-test.odoo.rgbconsulting.com\/es\/producto\/dzyan\/"]}]},{"@type":"ImageObject","inLanguage":"es","@id":"https:\/\/wpguerssen-test.odoo.rgbconsulting.com\/es\/producto\/dzyan\/#primaryimage","url":"https:\/\/wpguerssen-test.odoo.rgbconsulting.com\/wp-content\/uploads\/2024\/05\/47878.jpg","contentUrl":"https:\/\/wpguerssen-test.odoo.rgbconsulting.com\/wp-content\/uploads\/2024\/05\/47878.jpg","width":180,"height":180},{"@type":"BreadcrumbList","@id":"https:\/\/wpguerssen-test.odoo.rgbconsulting.com\/es\/producto\/dzyan\/#breadcrumb","itemListElement":[{"@type":"ListItem","position":1,"name":"Inicio","item":"https:\/\/wpguerssen-test.odoo.rgbconsulting.com\/es\/"},{"@type":"ListItem","position":2,"name":"Shop","item":"https:\/\/wpguerssen-test.odoo.rgbconsulting.com\/shop\/"},{"@type":"ListItem","position":3,"name":"Dzyan"}]},{"@type":"WebSite","@id":"https:\/\/wpguerssen-test.odoo.rgbconsulting.com\/es\/#website","url":"https:\/\/wpguerssen-test.odoo.rgbconsulting.com\/es\/","name":"Guerssen records","description":"psychedelia - progressive - folk - garage ","publisher":{"@id":"https:\/\/wpguerssen-test.odoo.rgbconsulting.com\/es\/#organization"},"potentialAction":[{"@type":"SearchAction","target":{"@type":"EntryPoint","urlTemplate":"https:\/\/wpguerssen-test.odoo.rgbconsulting.com\/es\/?s={search_term_string}"},"query-input":{"@type":"PropertyValueSpecification","valueRequired":true,"valueName":"search_term_string"}}],"inLanguage":"es"},{"@type":"Organization","@id":"https:\/\/wpguerssen-test.odoo.rgbconsulting.com\/es\/#organization","name":"Guerssen records","url":"https:\/\/wpguerssen-test.odoo.rgbconsulting.com\/es\/","logo":{"@type":"ImageObject","inLanguage":"es","@id":"https:\/\/wpguerssen-test.odoo.rgbconsulting.com\/es\/#\/schema\/logo\/image\/","url":"https:\/\/wpguerssen-test.odoo.rgbconsulting.com\/wp-content\/uploads\/2022\/04\/Logo_Guerssen_trans_100.png","contentUrl":"https:\/\/wpguerssen-test.odoo.rgbconsulting.com\/wp-content\/uploads\/2022\/04\/Logo_Guerssen_trans_100.png","width":122,"height":100,"caption":"Guerssen records"},"image":{"@id":"https:\/\/wpguerssen-test.odoo.rgbconsulting.com\/es\/#\/schema\/logo\/image\/"}}]}},"_links":{"self":[{"href":"https:\/\/wpguerssen-test.odoo.rgbconsulting.com\/es\/wp-json\/wp\/v2\/product\/267649","targetHints":{"allow":["GET"]}}],"collection":[{"href":"https:\/\/wpguerssen-test.odoo.rgbconsulting.com\/es\/wp-json\/wp\/v2\/product"}],"about":[{"href":"https:\/\/wpguerssen-test.odoo.rgbconsulting.com\/es\/wp-json\/wp\/v2\/types\/product"}],"wp:featuredmedia":[{"embeddable":true,"href":"https:\/\/wpguerssen-test.odoo.rgbconsulting.com\/es\/wp-json\/wp\/v2\/media\/267578"}],"wp:attachment":[{"href":"https:\/\/wpguerssen-test.odoo.rgbconsulting.com\/es\/wp-json\/wp\/v2\/media?parent=267649"}],"wp:term":[{"taxonomy":"product_brand","embeddable":true,"href":"https:\/\/wpguerssen-test.odoo.rgbconsulting.com\/es\/wp-json\/wp\/v2\/product_brand?post=267649"},{"taxonomy":"product_cat","embeddable":true,"href":"https:\/\/wpguerssen-test.odoo.rgbconsulting.com\/es\/wp-json\/wp\/v2\/product_cat?post=267649"},{"taxonomy":"product_tag","embeddable":true,"href":"https:\/\/wpguerssen-test.odoo.rgbconsulting.com\/es\/wp-json\/wp\/v2\/product_tag?post=267649"}],"curies":[{"name":"wp","href":"https:\/\/api.w.org\/{rel}","templated":true}]}}