{"id":267651,"date":"2024-01-12T00:00:00","date_gmt":"2024-01-11T23:00:00","guid":{"rendered":"https:\/\/wpguerssen-test.odoo.rgbconsulting.com\/product\/arabian\/"},"modified":"2025-01-30T17:00:42","modified_gmt":"2025-01-30T16:00:42","slug":"aerabian","status":"publish","type":"product","link":"https:\/\/wpguerssen-test.odoo.rgbconsulting.com\/es\/producto\/aerabian\/","title":{"rendered":"Aerabian"},"content":{"rendered":"<p>Dirigido por el original AERA (HUMANUM EST\/ HAND UND FUSS), fundador de la banda, compositor y guitarrista Muck Groh y sus colegas de \u00ablos primeros d\u00edas\u00bb, el baterista Wolfgang Teske y el violinista Christoph Krieger, completado por el bajista Jonas Gruber (hijo de Muck), el flautista y saxofonista Armin Fleissner y la cantante invitada Pia (en 3 t\u00edtulos), ahora es el momento de NEUE (NEW) AERA. Fundada en 2008, NEUE AERA era, ante todo, un proyecto \u00abs\u00f3lo por diversi\u00f3n\u00bb. Pero muy pronto los m\u00fasicos sintieron que la vieja (y la nueva) magia estaba (todav\u00eda) ah\u00ed y, como a principios de los a\u00f1os setenta, Muck asumi\u00f3 el papel principal y compuso material nuevo sin negar sus ra\u00edces del \u00abviejo\u00bb per\u00edodo AERA. pesadamente influenciado por un jazz rock progresivo y toques de sonidos \u00e1rabes\/orientales. Guitarras por todas partes, tocadas con un poder incre\u00edble, melod\u00edas celestiales, l\u00edneas de gancho fabulosas, fuerza pura, viva y coleando, voces encantadoras, interludios emocionales de viol\u00edn, excelente forma de tocar la flauta y el saxo, todo unido por una secci\u00f3n r\u00edtmica perfecta. El \u00e1lbum de NEUE AERA \u00abAERABIAN\u00bb es de mente abierta e innovador, una continuaci\u00f3n l\u00f3gica de los primeros \u00e1lbumes de AERA \u00abHumanum Est\u00bb y \u00abHand und Fuss\u00bb, un verdadero asesino. 11 pistas, reproduci\u00e9ndose unos 65 minutos. La portada del folleto est\u00e1 basada en una pintura de Muck Groh. \u00a1Longhair est\u00e1 muy orgulloso de presentar este gran \u00e1lbum!<\/p>\n","protected":false},"excerpt":{"rendered":"<p>Dirigido por el original AERA (HUMANUM EST\/ HAND UND FUSS), fundador de la banda, compositor y guitarrista Muck Groh y sus colegas de \u00ablos primeros d\u00edas\u00bb, el baterista<a class=\"read\" href=\"https:\/\/wpguerssen-test.odoo.rgbconsulting.com\/es\/producto\/aerabian\/\"> (...)<\/a>","protected":false},"featured_media":270275,"template":"","meta":{"_acf_changed":false},"product_brand":[],"product_cat":[23215,23229],"product_tag":[],"class_list":{"0":"post-267651","1":"product","2":"type-product","3":"status-publish","4":"has-post-thumbnail","6":"product_cat-progressive60s-70s-es","7":"product_cat-jazz-rock-es","8":"pa_artist-neue-aera","9":"pa_format-cd-2-es","10":"pa_gender-progressive60s-70s-jazz-rock","11":"pa_label-long-hair-es","12":"pa_location-europe-es","14":"first","15":"instock","16":"taxable","17":"shipping-taxable","18":"purchasable","19":"product-type-simple"},"acf":[],"yoast_head":"<!-- This site is optimized with the Yoast SEO plugin v24.9 - https:\/\/yoast.com\/wordpress\/plugins\/seo\/ -->\n<title>NEUE AERA - Aerabian -  (CD) | Guerssen<\/title>\n<meta name=\"description\" content=\"Led by original AERA ( HUMANUM EST\/ HAND UND FUSS) - bandfounder, composer and guitarist Muck Groh and his colleagues from &quot;the early days&quot; , drummer Wolfgang Teske and violinist Christoph Krieger, completed by bass player Jonas Gruber (son of Muck), flautist and sax player Armin Fleissner and guest singer Pia (on 3 titles), now it&#039;s time for NEUE (NEW) AERA. Founded in 2008 NEUE AERA, first of all, was a &quot;just for fun&quot;- project. But very soon the musicians experienced that the old (and new) magic was (still) there and - like in the early seventies- Muck took over the leading role and composed new stuff without denying his roots of the &quot;old&quot; AERA-period, heavy influenced by a progressive jazz rock and hints of Arabian\/ Oriental -sounds. Guitars all over, played with incredible power, heavenly melodies, terrific hook lines, pure strength, alive and kicking, lovely vocals, emotional violin interludes, superb flute and sax playing, all held together by a perfect playing rhythm section. NEUE AERA&#039;s album &quot;AERABIAN&quot; is open - minded and innovative, a logical continuation of AERA&#039;s early albums &quot; Humanum Est&quot; and &quot;Hand und Fuss&quot; , a real killer. 11 Tracks, playing about 65 minutes. Booklet cover is based on an painting by Muck Groh. Longhair is very proud to present this great album!\" \/>\n<meta name=\"robots\" content=\"index, follow, max-snippet:-1, max-image-preview:large, max-video-preview:-1\" \/>\n<link rel=\"canonical\" href=\"https:\/\/wpguerssen-test.odoo.rgbconsulting.com\/es\/producto\/aerabian\/\" \/>\n<meta property=\"og:locale\" content=\"es_ES\" \/>\n<meta property=\"og:type\" content=\"article\" \/>\n<meta property=\"og:title\" content=\"NEUE AERA - Aerabian -  (CD) | Guerssen\" \/>\n<meta property=\"og:description\" content=\"Led by original AERA ( HUMANUM EST\/ HAND UND FUSS) - bandfounder, composer and guitarist Muck Groh and his colleagues from &quot;the early days&quot; , drummer Wolfgang Teske and violinist Christoph Krieger, completed by bass player Jonas Gruber (son of Muck), flautist and sax player Armin Fleissner and guest singer Pia (on 3 titles), now it&#039;s time for NEUE (NEW) AERA. Founded in 2008 NEUE AERA, first of all, was a &quot;just for fun&quot;- project. But very soon the musicians experienced that the old (and new) magic was (still) there and - like in the early seventies- Muck took over the leading role and composed new stuff without denying his roots of the &quot;old&quot; AERA-period, heavy influenced by a progressive jazz rock and hints of Arabian\/ Oriental -sounds. Guitars all over, played with incredible power, heavenly melodies, terrific hook lines, pure strength, alive and kicking, lovely vocals, emotional violin interludes, superb flute and sax playing, all held together by a perfect playing rhythm section. NEUE AERA&#039;s album &quot;AERABIAN&quot; is open - minded and innovative, a logical continuation of AERA&#039;s early albums &quot; Humanum Est&quot; and &quot;Hand und Fuss&quot; , a real killer. 11 Tracks, playing about 65 minutes. Booklet cover is based on an painting by Muck Groh. Longhair is very proud to present this great album!\" \/>\n<meta property=\"og:url\" content=\"https:\/\/wpguerssen-test.odoo.rgbconsulting.com\/es\/producto\/aerabian\/\" \/>\n<meta property=\"og:site_name\" content=\"Guerssen records\" \/>\n<meta property=\"article:modified_time\" content=\"2025-01-30T16:00:42+00:00\" \/>\n<meta property=\"og:image\" content=\"https:\/\/wpguerssen-test.odoo.rgbconsulting.com\/wp-content\/uploads\/2024\/06\/47880.jpg\" \/>\n\t<meta property=\"og:image:width\" content=\"596\" \/>\n\t<meta property=\"og:image:height\" content=\"599\" \/>\n\t<meta property=\"og:image:type\" content=\"image\/jpeg\" \/>\n<meta name=\"twitter:card\" content=\"summary_large_image\" \/>\n<meta name=\"twitter:title\" content=\"NEUE AERA - Aerabian -  (CD) | Guerssen\" \/>\n<meta name=\"twitter:label1\" content=\"Tiempo de lectura\" \/>\n\t<meta name=\"twitter:data1\" content=\"1 minuto\" \/>\n<script type=\"application\/ld+json\" class=\"yoast-schema-graph\">{\"@context\":\"https:\/\/schema.org\",\"@graph\":[{\"@type\":\"WebPage\",\"@id\":\"https:\/\/wpguerssen-test.odoo.rgbconsulting.com\/es\/producto\/aerabian\/\",\"url\":\"https:\/\/wpguerssen-test.odoo.rgbconsulting.com\/es\/producto\/aerabian\/\",\"name\":\"NEUE AERA - Aerabian - (CD) | Guerssen\",\"isPartOf\":{\"@id\":\"https:\/\/wpguerssen-test.odoo.rgbconsulting.com\/es\/#website\"},\"primaryImageOfPage\":{\"@id\":\"https:\/\/wpguerssen-test.odoo.rgbconsulting.com\/es\/producto\/aerabian\/#primaryimage\"},\"image\":{\"@id\":\"https:\/\/wpguerssen-test.odoo.rgbconsulting.com\/es\/producto\/aerabian\/#primaryimage\"},\"thumbnailUrl\":\"https:\/\/wpguerssen-test.odoo.rgbconsulting.com\/wp-content\/uploads\/2024\/06\/47880.jpg\",\"datePublished\":\"2024-01-11T23:00:00+00:00\",\"dateModified\":\"2025-01-30T16:00:42+00:00\",\"description\":\"Led by original AERA ( HUMANUM EST\/ HAND UND FUSS) - bandfounder, composer and guitarist Muck Groh and his colleagues from \\\"the early days\\\" , drummer Wolfgang Teske and violinist Christoph Krieger, completed by bass player Jonas Gruber (son of Muck), flautist and sax player Armin Fleissner and guest singer Pia (on 3 titles), now it's time for NEUE (NEW) AERA. Founded in 2008 NEUE AERA, first of all, was a \\\"just for fun\\\"- project. But very soon the musicians experienced that the old (and new) magic was (still) there and - like in the early seventies- Muck took over the leading role and composed new stuff without denying his roots of the \\\"old\\\" AERA-period, heavy influenced by a progressive jazz rock and hints of Arabian\/ Oriental -sounds. Guitars all over, played with incredible power, heavenly melodies, terrific hook lines, pure strength, alive and kicking, lovely vocals, emotional violin interludes, superb flute and sax playing, all held together by a perfect playing rhythm section. NEUE AERA's album \\\"AERABIAN\\\" is open - minded and innovative, a logical continuation of AERA's early albums \\\" Humanum Est\\\" and \\\"Hand und Fuss\\\" , a real killer. 11 Tracks, playing about 65 minutes. Booklet cover is based on an painting by Muck Groh. Longhair is very proud to present this great album!\",\"breadcrumb\":{\"@id\":\"https:\/\/wpguerssen-test.odoo.rgbconsulting.com\/es\/producto\/aerabian\/#breadcrumb\"},\"inLanguage\":\"es\",\"potentialAction\":[{\"@type\":\"ReadAction\",\"target\":[\"https:\/\/wpguerssen-test.odoo.rgbconsulting.com\/es\/producto\/aerabian\/\"]}]},{\"@type\":\"ImageObject\",\"inLanguage\":\"es\",\"@id\":\"https:\/\/wpguerssen-test.odoo.rgbconsulting.com\/es\/producto\/aerabian\/#primaryimage\",\"url\":\"https:\/\/wpguerssen-test.odoo.rgbconsulting.com\/wp-content\/uploads\/2024\/06\/47880.jpg\",\"contentUrl\":\"https:\/\/wpguerssen-test.odoo.rgbconsulting.com\/wp-content\/uploads\/2024\/06\/47880.jpg\",\"width\":596,\"height\":599},{\"@type\":\"BreadcrumbList\",\"@id\":\"https:\/\/wpguerssen-test.odoo.rgbconsulting.com\/es\/producto\/aerabian\/#breadcrumb\",\"itemListElement\":[{\"@type\":\"ListItem\",\"position\":1,\"name\":\"Inicio\",\"item\":\"https:\/\/wpguerssen-test.odoo.rgbconsulting.com\/es\/\"},{\"@type\":\"ListItem\",\"position\":2,\"name\":\"Shop\",\"item\":\"https:\/\/wpguerssen-test.odoo.rgbconsulting.com\/shop\/\"},{\"@type\":\"ListItem\",\"position\":3,\"name\":\"Aerabian\"}]},{\"@type\":\"WebSite\",\"@id\":\"https:\/\/wpguerssen-test.odoo.rgbconsulting.com\/es\/#website\",\"url\":\"https:\/\/wpguerssen-test.odoo.rgbconsulting.com\/es\/\",\"name\":\"Guerssen records\",\"description\":\"psychedelia - progressive - folk - garage \",\"publisher\":{\"@id\":\"https:\/\/wpguerssen-test.odoo.rgbconsulting.com\/es\/#organization\"},\"potentialAction\":[{\"@type\":\"SearchAction\",\"target\":{\"@type\":\"EntryPoint\",\"urlTemplate\":\"https:\/\/wpguerssen-test.odoo.rgbconsulting.com\/es\/?s={search_term_string}\"},\"query-input\":{\"@type\":\"PropertyValueSpecification\",\"valueRequired\":true,\"valueName\":\"search_term_string\"}}],\"inLanguage\":\"es\"},{\"@type\":\"Organization\",\"@id\":\"https:\/\/wpguerssen-test.odoo.rgbconsulting.com\/es\/#organization\",\"name\":\"Guerssen records\",\"url\":\"https:\/\/wpguerssen-test.odoo.rgbconsulting.com\/es\/\",\"logo\":{\"@type\":\"ImageObject\",\"inLanguage\":\"es\",\"@id\":\"https:\/\/wpguerssen-test.odoo.rgbconsulting.com\/es\/#\/schema\/logo\/image\/\",\"url\":\"https:\/\/wpguerssen-test.odoo.rgbconsulting.com\/wp-content\/uploads\/2022\/04\/Logo_Guerssen_trans_100.png\",\"contentUrl\":\"https:\/\/wpguerssen-test.odoo.rgbconsulting.com\/wp-content\/uploads\/2022\/04\/Logo_Guerssen_trans_100.png\",\"width\":122,\"height\":100,\"caption\":\"Guerssen records\"},\"image\":{\"@id\":\"https:\/\/wpguerssen-test.odoo.rgbconsulting.com\/es\/#\/schema\/logo\/image\/\"}}]}<\/script>\n<!-- \/ Yoast SEO plugin. -->","yoast_head_json":{"title":"NEUE AERA - Aerabian -  (CD) | Guerssen","description":"Led by original AERA ( HUMANUM EST\/ HAND UND FUSS) - bandfounder, composer and guitarist Muck Groh and his colleagues from \"the early days\" , drummer Wolfgang Teske and violinist Christoph Krieger, completed by bass player Jonas Gruber (son of Muck), flautist and sax player Armin Fleissner and guest singer Pia (on 3 titles), now it's time for NEUE (NEW) AERA. Founded in 2008 NEUE AERA, first of all, was a \"just for fun\"- project. But very soon the musicians experienced that the old (and new) magic was (still) there and - like in the early seventies- Muck took over the leading role and composed new stuff without denying his roots of the \"old\" AERA-period, heavy influenced by a progressive jazz rock and hints of Arabian\/ Oriental -sounds. Guitars all over, played with incredible power, heavenly melodies, terrific hook lines, pure strength, alive and kicking, lovely vocals, emotional violin interludes, superb flute and sax playing, all held together by a perfect playing rhythm section. NEUE AERA's album \"AERABIAN\" is open - minded and innovative, a logical continuation of AERA's early albums \" Humanum Est\" and \"Hand und Fuss\" , a real killer. 11 Tracks, playing about 65 minutes. Booklet cover is based on an painting by Muck Groh. Longhair is very proud to present this great album!","robots":{"index":"index","follow":"follow","max-snippet":"max-snippet:-1","max-image-preview":"max-image-preview:large","max-video-preview":"max-video-preview:-1"},"canonical":"https:\/\/wpguerssen-test.odoo.rgbconsulting.com\/es\/producto\/aerabian\/","og_locale":"es_ES","og_type":"article","og_title":"NEUE AERA - Aerabian -  (CD) | Guerssen","og_description":"Led by original AERA ( HUMANUM EST\/ HAND UND FUSS) - bandfounder, composer and guitarist Muck Groh and his colleagues from \"the early days\" , drummer Wolfgang Teske and violinist Christoph Krieger, completed by bass player Jonas Gruber (son of Muck), flautist and sax player Armin Fleissner and guest singer Pia (on 3 titles), now it's time for NEUE (NEW) AERA. Founded in 2008 NEUE AERA, first of all, was a \"just for fun\"- project. But very soon the musicians experienced that the old (and new) magic was (still) there and - like in the early seventies- Muck took over the leading role and composed new stuff without denying his roots of the \"old\" AERA-period, heavy influenced by a progressive jazz rock and hints of Arabian\/ Oriental -sounds. Guitars all over, played with incredible power, heavenly melodies, terrific hook lines, pure strength, alive and kicking, lovely vocals, emotional violin interludes, superb flute and sax playing, all held together by a perfect playing rhythm section. NEUE AERA's album \"AERABIAN\" is open - minded and innovative, a logical continuation of AERA's early albums \" Humanum Est\" and \"Hand und Fuss\" , a real killer. 11 Tracks, playing about 65 minutes. Booklet cover is based on an painting by Muck Groh. Longhair is very proud to present this great album!","og_url":"https:\/\/wpguerssen-test.odoo.rgbconsulting.com\/es\/producto\/aerabian\/","og_site_name":"Guerssen records","article_modified_time":"2025-01-30T16:00:42+00:00","og_image":[{"width":596,"height":599,"url":"https:\/\/wpguerssen-test.odoo.rgbconsulting.com\/wp-content\/uploads\/2024\/06\/47880.jpg","type":"image\/jpeg"}],"twitter_card":"summary_large_image","twitter_title":"NEUE AERA - Aerabian -  (CD) | Guerssen","twitter_misc":{"Tiempo de lectura":"1 minuto"},"schema":{"@context":"https:\/\/schema.org","@graph":[{"@type":"WebPage","@id":"https:\/\/wpguerssen-test.odoo.rgbconsulting.com\/es\/producto\/aerabian\/","url":"https:\/\/wpguerssen-test.odoo.rgbconsulting.com\/es\/producto\/aerabian\/","name":"NEUE AERA - Aerabian - (CD) | Guerssen","isPartOf":{"@id":"https:\/\/wpguerssen-test.odoo.rgbconsulting.com\/es\/#website"},"primaryImageOfPage":{"@id":"https:\/\/wpguerssen-test.odoo.rgbconsulting.com\/es\/producto\/aerabian\/#primaryimage"},"image":{"@id":"https:\/\/wpguerssen-test.odoo.rgbconsulting.com\/es\/producto\/aerabian\/#primaryimage"},"thumbnailUrl":"https:\/\/wpguerssen-test.odoo.rgbconsulting.com\/wp-content\/uploads\/2024\/06\/47880.jpg","datePublished":"2024-01-11T23:00:00+00:00","dateModified":"2025-01-30T16:00:42+00:00","description":"Led by original AERA ( HUMANUM EST\/ HAND UND FUSS) - bandfounder, composer and guitarist Muck Groh and his colleagues from \"the early days\" , drummer Wolfgang Teske and violinist Christoph Krieger, completed by bass player Jonas Gruber (son of Muck), flautist and sax player Armin Fleissner and guest singer Pia (on 3 titles), now it's time for NEUE (NEW) AERA. Founded in 2008 NEUE AERA, first of all, was a \"just for fun\"- project. But very soon the musicians experienced that the old (and new) magic was (still) there and - like in the early seventies- Muck took over the leading role and composed new stuff without denying his roots of the \"old\" AERA-period, heavy influenced by a progressive jazz rock and hints of Arabian\/ Oriental -sounds. Guitars all over, played with incredible power, heavenly melodies, terrific hook lines, pure strength, alive and kicking, lovely vocals, emotional violin interludes, superb flute and sax playing, all held together by a perfect playing rhythm section. NEUE AERA's album \"AERABIAN\" is open - minded and innovative, a logical continuation of AERA's early albums \" Humanum Est\" and \"Hand und Fuss\" , a real killer. 11 Tracks, playing about 65 minutes. Booklet cover is based on an painting by Muck Groh. Longhair is very proud to present this great album!","breadcrumb":{"@id":"https:\/\/wpguerssen-test.odoo.rgbconsulting.com\/es\/producto\/aerabian\/#breadcrumb"},"inLanguage":"es","potentialAction":[{"@type":"ReadAction","target":["https:\/\/wpguerssen-test.odoo.rgbconsulting.com\/es\/producto\/aerabian\/"]}]},{"@type":"ImageObject","inLanguage":"es","@id":"https:\/\/wpguerssen-test.odoo.rgbconsulting.com\/es\/producto\/aerabian\/#primaryimage","url":"https:\/\/wpguerssen-test.odoo.rgbconsulting.com\/wp-content\/uploads\/2024\/06\/47880.jpg","contentUrl":"https:\/\/wpguerssen-test.odoo.rgbconsulting.com\/wp-content\/uploads\/2024\/06\/47880.jpg","width":596,"height":599},{"@type":"BreadcrumbList","@id":"https:\/\/wpguerssen-test.odoo.rgbconsulting.com\/es\/producto\/aerabian\/#breadcrumb","itemListElement":[{"@type":"ListItem","position":1,"name":"Inicio","item":"https:\/\/wpguerssen-test.odoo.rgbconsulting.com\/es\/"},{"@type":"ListItem","position":2,"name":"Shop","item":"https:\/\/wpguerssen-test.odoo.rgbconsulting.com\/shop\/"},{"@type":"ListItem","position":3,"name":"Aerabian"}]},{"@type":"WebSite","@id":"https:\/\/wpguerssen-test.odoo.rgbconsulting.com\/es\/#website","url":"https:\/\/wpguerssen-test.odoo.rgbconsulting.com\/es\/","name":"Guerssen records","description":"psychedelia - progressive - folk - garage ","publisher":{"@id":"https:\/\/wpguerssen-test.odoo.rgbconsulting.com\/es\/#organization"},"potentialAction":[{"@type":"SearchAction","target":{"@type":"EntryPoint","urlTemplate":"https:\/\/wpguerssen-test.odoo.rgbconsulting.com\/es\/?s={search_term_string}"},"query-input":{"@type":"PropertyValueSpecification","valueRequired":true,"valueName":"search_term_string"}}],"inLanguage":"es"},{"@type":"Organization","@id":"https:\/\/wpguerssen-test.odoo.rgbconsulting.com\/es\/#organization","name":"Guerssen records","url":"https:\/\/wpguerssen-test.odoo.rgbconsulting.com\/es\/","logo":{"@type":"ImageObject","inLanguage":"es","@id":"https:\/\/wpguerssen-test.odoo.rgbconsulting.com\/es\/#\/schema\/logo\/image\/","url":"https:\/\/wpguerssen-test.odoo.rgbconsulting.com\/wp-content\/uploads\/2022\/04\/Logo_Guerssen_trans_100.png","contentUrl":"https:\/\/wpguerssen-test.odoo.rgbconsulting.com\/wp-content\/uploads\/2022\/04\/Logo_Guerssen_trans_100.png","width":122,"height":100,"caption":"Guerssen records"},"image":{"@id":"https:\/\/wpguerssen-test.odoo.rgbconsulting.com\/es\/#\/schema\/logo\/image\/"}}]}},"_links":{"self":[{"href":"https:\/\/wpguerssen-test.odoo.rgbconsulting.com\/es\/wp-json\/wp\/v2\/product\/267651","targetHints":{"allow":["GET"]}}],"collection":[{"href":"https:\/\/wpguerssen-test.odoo.rgbconsulting.com\/es\/wp-json\/wp\/v2\/product"}],"about":[{"href":"https:\/\/wpguerssen-test.odoo.rgbconsulting.com\/es\/wp-json\/wp\/v2\/types\/product"}],"wp:featuredmedia":[{"embeddable":true,"href":"https:\/\/wpguerssen-test.odoo.rgbconsulting.com\/es\/wp-json\/wp\/v2\/media\/270275"}],"wp:attachment":[{"href":"https:\/\/wpguerssen-test.odoo.rgbconsulting.com\/es\/wp-json\/wp\/v2\/media?parent=267651"}],"wp:term":[{"taxonomy":"product_brand","embeddable":true,"href":"https:\/\/wpguerssen-test.odoo.rgbconsulting.com\/es\/wp-json\/wp\/v2\/product_brand?post=267651"},{"taxonomy":"product_cat","embeddable":true,"href":"https:\/\/wpguerssen-test.odoo.rgbconsulting.com\/es\/wp-json\/wp\/v2\/product_cat?post=267651"},{"taxonomy":"product_tag","embeddable":true,"href":"https:\/\/wpguerssen-test.odoo.rgbconsulting.com\/es\/wp-json\/wp\/v2\/product_tag?post=267651"}],"curies":[{"name":"wp","href":"https:\/\/api.w.org\/{rel}","templated":true}]}}