{"id":267652,"date":"2024-01-12T00:00:00","date_gmt":"2024-01-11T23:00:00","guid":{"rendered":"https:\/\/wpguerssen-test.odoo.rgbconsulting.com\/product\/bavarian-radio-recordings-vol-1\/"},"modified":"2024-07-17T17:19:22","modified_gmt":"2024-07-17T15:19:22","slug":"bavarian-radio-recordings-vol-1","status":"publish","type":"product","link":"https:\/\/wpguerssen-test.odoo.rgbconsulting.com\/es\/producto\/bavarian-radio-recordings-vol-1\/","title":{"rendered":"Bavarian radio recordings Vol 1"},"content":{"rendered":"<p>Adem\u00e1s de la serie SWF (transmisi\u00f3n del suroeste alem\u00e1n) con bandas alemanas de la era Krautrock, Long Hair comienza una nueva serie con grabaciones de las b\u00f3vedas de la Bavarian Broadcast Corporation (ubicada en Munich). El volumen 1 de la serie est\u00e1 dedicado a Aera, una de las mejores bandas alemanas de este tiempo y muy conocida por sus \u00e1lbumes \u00abHumanum Est\u00bb y \u00abHand und Fuss\u00bb (versi\u00f3n en vinilo reeditada en Long Hair, LHC43 y LHC44). ). El 9 de enero de 1975, Aera con la formaci\u00f3n (igual que en \u00abHumanum Est\u00bb) Muck Groh, guitarra, Klaus Kreuzeder, saxo y flauta, Dieter Bauer, bajo y Wolfgang Teske, bater\u00eda, actu\u00f3 en un entorno extraordinario: St. Iglesia de San Jorge en Freising, distrito de Munich. La idea del concierto era abrir la iglesia a la m\u00fasica contempor\u00e1nea y dar a los m\u00fasicos la oportunidad de interpretar la liturgia cat\u00f3lica romana, la \u00abSanta Misa\u00bb, con su m\u00fasica. Aera se prolong\u00f3 con los cinco componentes de la santa misa y toc\u00f3 dos t\u00edtulos de su pr\u00f3ximo \u00e1lbum \u00abHumanum Est\u00bb y otros tres t\u00edtulos que no estaban incluidos en ning\u00fan \u00e1lbum. Los t\u00edtulos presentados durante la segunda parte del concierto fueron versiones anteriores de t\u00edtulos que luego se publicaron en el \u00e1lbum \u00abHand und Fuss\u00bb. Aera jug\u00f3 m\u00e1s de 75 minutos. Todos los t\u00edtulos fueron remasterizados digitalmente a partir de la cinta maestra original. Los folletos contienen la historia y una rese\u00f1a del concierto y fotograf\u00edas raras. \u00a1Muy recomendable!<\/p>\n","protected":false},"excerpt":{"rendered":"<p>Adem\u00e1s de la serie SWF (transmisi\u00f3n del suroeste alem\u00e1n) con bandas alemanas de la era Krautrock, Long Hair comienza una nueva serie con grabaciones de las b\u00f3vedas<a class=\"read\" href=\"https:\/\/wpguerssen-test.odoo.rgbconsulting.com\/es\/producto\/bavarian-radio-recordings-vol-1\/\"> (...)<\/a>","protected":false},"featured_media":267585,"template":"","meta":{"_acf_changed":false},"product_brand":[],"product_cat":[23230,23229],"product_tag":[],"class_list":{"0":"post-267652","1":"product","2":"type-product","3":"status-publish","4":"has-post-thumbnail","6":"product_cat-krautrock-es-2","7":"product_cat-jazz-rock-es","8":"pa_artist-aera-es","9":"pa_format-cd-2-es","10":"pa_gender-jazz-rock-krautrock","11":"pa_label-long-hair-es","12":"pa_location-europe-es","14":"first","15":"instock","16":"taxable","17":"shipping-taxable","18":"purchasable","19":"product-type-simple"},"acf":[],"yoast_head":"<!-- This site is optimized with the Yoast SEO plugin v24.9 - https:\/\/yoast.com\/wordpress\/plugins\/seo\/ -->\n<title>AERA - Bavarian radio recordings Vol 1 -  (CD) | Guerssen<\/title>\n<meta name=\"description\" content=\"Besides the SWF (German south-west broadcast) series with German bands of the Krautrock era,Long Hair start a new series with recordings form the vaults of Bavarian Broadcast Corporation (located in Munich). Volume 1 of the series is dedicated to Aera, one of Germany&#039;s finest bands of this time and well known because of their albums &quot;Humanum Est&quot; and &quot;Hand und Fuss&quot; (vinyl version re-released on Long Hair, LHC43 and LHC44). On January 9,1975 Aera with the line-up (same as on &quot;Humanum Est&quot;) Muck Groh, guitar, Klaus Kreuzeder, sax and flute, Dieter Bauer, bass and drummer Wolfgang Teske, performed in an extraordinary setting-St. George&#039;s Church in Freising, district of Munich. The idea of the concert was to open the church for contemporary music and to give the musicians the chance to interpret the Roman Catholic liturgy, the &quot;Holy Mass&quot;, with their music. Aera went a long with the five components of the holy mass and played two titles of their up coming album &quot;Humanum Est&quot; and another three titles that were not included on any album. The titles presented during the second part of the concert were earlier versions of titles that were later released on the album &quot;Hand und Fuss&quot;. Aera played more than 75 minutes. All titles were digitally remastered from original master tape. Booklets contains story and a review of the concert and rare photos. Highly recommended!\" \/>\n<meta name=\"robots\" content=\"index, follow, max-snippet:-1, max-image-preview:large, max-video-preview:-1\" \/>\n<link rel=\"canonical\" href=\"https:\/\/wpguerssen-test.odoo.rgbconsulting.com\/es\/producto\/bavarian-radio-recordings-vol-1\/\" \/>\n<meta property=\"og:locale\" content=\"es_ES\" \/>\n<meta property=\"og:type\" content=\"article\" \/>\n<meta property=\"og:title\" content=\"AERA - Bavarian radio recordings Vol 1 -  (CD) | Guerssen\" \/>\n<meta property=\"og:description\" content=\"Besides the SWF (German south-west broadcast) series with German bands of the Krautrock era,Long Hair start a new series with recordings form the vaults of Bavarian Broadcast Corporation (located in Munich). Volume 1 of the series is dedicated to Aera, one of Germany&#039;s finest bands of this time and well known because of their albums &quot;Humanum Est&quot; and &quot;Hand und Fuss&quot; (vinyl version re-released on Long Hair, LHC43 and LHC44). On January 9,1975 Aera with the line-up (same as on &quot;Humanum Est&quot;) Muck Groh, guitar, Klaus Kreuzeder, sax and flute, Dieter Bauer, bass and drummer Wolfgang Teske, performed in an extraordinary setting-St. George&#039;s Church in Freising, district of Munich. The idea of the concert was to open the church for contemporary music and to give the musicians the chance to interpret the Roman Catholic liturgy, the &quot;Holy Mass&quot;, with their music. Aera went a long with the five components of the holy mass and played two titles of their up coming album &quot;Humanum Est&quot; and another three titles that were not included on any album. The titles presented during the second part of the concert were earlier versions of titles that were later released on the album &quot;Hand und Fuss&quot;. Aera played more than 75 minutes. All titles were digitally remastered from original master tape. Booklets contains story and a review of the concert and rare photos. Highly recommended!\" \/>\n<meta property=\"og:url\" content=\"https:\/\/wpguerssen-test.odoo.rgbconsulting.com\/es\/producto\/bavarian-radio-recordings-vol-1\/\" \/>\n<meta property=\"og:site_name\" content=\"Guerssen records\" \/>\n<meta property=\"article:modified_time\" content=\"2024-07-17T15:19:22+00:00\" \/>\n<meta property=\"og:image\" content=\"https:\/\/wpguerssen-test.odoo.rgbconsulting.com\/wp-content\/uploads\/2024\/05\/47881.jpg\" \/>\n\t<meta property=\"og:image:width\" content=\"180\" \/>\n\t<meta property=\"og:image:height\" content=\"180\" \/>\n\t<meta property=\"og:image:type\" content=\"image\/jpeg\" \/>\n<meta name=\"twitter:card\" content=\"summary_large_image\" \/>\n<meta name=\"twitter:title\" content=\"AERA - Bavarian radio recordings Vol 1 -  (CD) | Guerssen\" \/>\n<meta name=\"twitter:label1\" content=\"Tiempo de lectura\" \/>\n\t<meta name=\"twitter:data1\" content=\"1 minuto\" \/>\n<script type=\"application\/ld+json\" class=\"yoast-schema-graph\">{\"@context\":\"https:\/\/schema.org\",\"@graph\":[{\"@type\":\"WebPage\",\"@id\":\"https:\/\/wpguerssen-test.odoo.rgbconsulting.com\/es\/producto\/bavarian-radio-recordings-vol-1\/\",\"url\":\"https:\/\/wpguerssen-test.odoo.rgbconsulting.com\/es\/producto\/bavarian-radio-recordings-vol-1\/\",\"name\":\"AERA - Bavarian radio recordings Vol 1 - (CD) | Guerssen\",\"isPartOf\":{\"@id\":\"https:\/\/wpguerssen-test.odoo.rgbconsulting.com\/es\/#website\"},\"primaryImageOfPage\":{\"@id\":\"https:\/\/wpguerssen-test.odoo.rgbconsulting.com\/es\/producto\/bavarian-radio-recordings-vol-1\/#primaryimage\"},\"image\":{\"@id\":\"https:\/\/wpguerssen-test.odoo.rgbconsulting.com\/es\/producto\/bavarian-radio-recordings-vol-1\/#primaryimage\"},\"thumbnailUrl\":\"https:\/\/wpguerssen-test.odoo.rgbconsulting.com\/wp-content\/uploads\/2024\/05\/47881.jpg\",\"datePublished\":\"2024-01-11T23:00:00+00:00\",\"dateModified\":\"2024-07-17T15:19:22+00:00\",\"description\":\"Besides the SWF (German south-west broadcast) series with German bands of the Krautrock era,Long Hair start a new series with recordings form the vaults of Bavarian Broadcast Corporation (located in Munich). Volume 1 of the series is dedicated to Aera, one of Germany's finest bands of this time and well known because of their albums \\\"Humanum Est\\\" and \\\"Hand und Fuss\\\" (vinyl version re-released on Long Hair, LHC43 and LHC44). On January 9,1975 Aera with the line-up (same as on \\\"Humanum Est\\\") Muck Groh, guitar, Klaus Kreuzeder, sax and flute, Dieter Bauer, bass and drummer Wolfgang Teske, performed in an extraordinary setting-St. George's Church in Freising, district of Munich. The idea of the concert was to open the church for contemporary music and to give the musicians the chance to interpret the Roman Catholic liturgy, the \\\"Holy Mass\\\", with their music. Aera went a long with the five components of the holy mass and played two titles of their up coming album \\\"Humanum Est\\\" and another three titles that were not included on any album. The titles presented during the second part of the concert were earlier versions of titles that were later released on the album \\\"Hand und Fuss\\\". Aera played more than 75 minutes. All titles were digitally remastered from original master tape. Booklets contains story and a review of the concert and rare photos. Highly recommended!\",\"breadcrumb\":{\"@id\":\"https:\/\/wpguerssen-test.odoo.rgbconsulting.com\/es\/producto\/bavarian-radio-recordings-vol-1\/#breadcrumb\"},\"inLanguage\":\"es\",\"potentialAction\":[{\"@type\":\"ReadAction\",\"target\":[\"https:\/\/wpguerssen-test.odoo.rgbconsulting.com\/es\/producto\/bavarian-radio-recordings-vol-1\/\"]}]},{\"@type\":\"ImageObject\",\"inLanguage\":\"es\",\"@id\":\"https:\/\/wpguerssen-test.odoo.rgbconsulting.com\/es\/producto\/bavarian-radio-recordings-vol-1\/#primaryimage\",\"url\":\"https:\/\/wpguerssen-test.odoo.rgbconsulting.com\/wp-content\/uploads\/2024\/05\/47881.jpg\",\"contentUrl\":\"https:\/\/wpguerssen-test.odoo.rgbconsulting.com\/wp-content\/uploads\/2024\/05\/47881.jpg\",\"width\":180,\"height\":180},{\"@type\":\"BreadcrumbList\",\"@id\":\"https:\/\/wpguerssen-test.odoo.rgbconsulting.com\/es\/producto\/bavarian-radio-recordings-vol-1\/#breadcrumb\",\"itemListElement\":[{\"@type\":\"ListItem\",\"position\":1,\"name\":\"Inicio\",\"item\":\"https:\/\/wpguerssen-test.odoo.rgbconsulting.com\/es\/\"},{\"@type\":\"ListItem\",\"position\":2,\"name\":\"Shop\",\"item\":\"https:\/\/wpguerssen-test.odoo.rgbconsulting.com\/shop\/\"},{\"@type\":\"ListItem\",\"position\":3,\"name\":\"Bavarian radio recordings Vol 1\"}]},{\"@type\":\"WebSite\",\"@id\":\"https:\/\/wpguerssen-test.odoo.rgbconsulting.com\/es\/#website\",\"url\":\"https:\/\/wpguerssen-test.odoo.rgbconsulting.com\/es\/\",\"name\":\"Guerssen records\",\"description\":\"psychedelia - progressive - folk - garage \",\"publisher\":{\"@id\":\"https:\/\/wpguerssen-test.odoo.rgbconsulting.com\/es\/#organization\"},\"potentialAction\":[{\"@type\":\"SearchAction\",\"target\":{\"@type\":\"EntryPoint\",\"urlTemplate\":\"https:\/\/wpguerssen-test.odoo.rgbconsulting.com\/es\/?s={search_term_string}\"},\"query-input\":{\"@type\":\"PropertyValueSpecification\",\"valueRequired\":true,\"valueName\":\"search_term_string\"}}],\"inLanguage\":\"es\"},{\"@type\":\"Organization\",\"@id\":\"https:\/\/wpguerssen-test.odoo.rgbconsulting.com\/es\/#organization\",\"name\":\"Guerssen records\",\"url\":\"https:\/\/wpguerssen-test.odoo.rgbconsulting.com\/es\/\",\"logo\":{\"@type\":\"ImageObject\",\"inLanguage\":\"es\",\"@id\":\"https:\/\/wpguerssen-test.odoo.rgbconsulting.com\/es\/#\/schema\/logo\/image\/\",\"url\":\"https:\/\/wpguerssen-test.odoo.rgbconsulting.com\/wp-content\/uploads\/2022\/04\/Logo_Guerssen_trans_100.png\",\"contentUrl\":\"https:\/\/wpguerssen-test.odoo.rgbconsulting.com\/wp-content\/uploads\/2022\/04\/Logo_Guerssen_trans_100.png\",\"width\":122,\"height\":100,\"caption\":\"Guerssen records\"},\"image\":{\"@id\":\"https:\/\/wpguerssen-test.odoo.rgbconsulting.com\/es\/#\/schema\/logo\/image\/\"}}]}<\/script>\n<!-- \/ Yoast SEO plugin. -->","yoast_head_json":{"title":"AERA - Bavarian radio recordings Vol 1 -  (CD) | Guerssen","description":"Besides the SWF (German south-west broadcast) series with German bands of the Krautrock era,Long Hair start a new series with recordings form the vaults of Bavarian Broadcast Corporation (located in Munich). Volume 1 of the series is dedicated to Aera, one of Germany's finest bands of this time and well known because of their albums \"Humanum Est\" and \"Hand und Fuss\" (vinyl version re-released on Long Hair, LHC43 and LHC44). On January 9,1975 Aera with the line-up (same as on \"Humanum Est\") Muck Groh, guitar, Klaus Kreuzeder, sax and flute, Dieter Bauer, bass and drummer Wolfgang Teske, performed in an extraordinary setting-St. George's Church in Freising, district of Munich. The idea of the concert was to open the church for contemporary music and to give the musicians the chance to interpret the Roman Catholic liturgy, the \"Holy Mass\", with their music. Aera went a long with the five components of the holy mass and played two titles of their up coming album \"Humanum Est\" and another three titles that were not included on any album. The titles presented during the second part of the concert were earlier versions of titles that were later released on the album \"Hand und Fuss\". Aera played more than 75 minutes. All titles were digitally remastered from original master tape. Booklets contains story and a review of the concert and rare photos. Highly recommended!","robots":{"index":"index","follow":"follow","max-snippet":"max-snippet:-1","max-image-preview":"max-image-preview:large","max-video-preview":"max-video-preview:-1"},"canonical":"https:\/\/wpguerssen-test.odoo.rgbconsulting.com\/es\/producto\/bavarian-radio-recordings-vol-1\/","og_locale":"es_ES","og_type":"article","og_title":"AERA - Bavarian radio recordings Vol 1 -  (CD) | Guerssen","og_description":"Besides the SWF (German south-west broadcast) series with German bands of the Krautrock era,Long Hair start a new series with recordings form the vaults of Bavarian Broadcast Corporation (located in Munich). Volume 1 of the series is dedicated to Aera, one of Germany's finest bands of this time and well known because of their albums \"Humanum Est\" and \"Hand und Fuss\" (vinyl version re-released on Long Hair, LHC43 and LHC44). On January 9,1975 Aera with the line-up (same as on \"Humanum Est\") Muck Groh, guitar, Klaus Kreuzeder, sax and flute, Dieter Bauer, bass and drummer Wolfgang Teske, performed in an extraordinary setting-St. George's Church in Freising, district of Munich. The idea of the concert was to open the church for contemporary music and to give the musicians the chance to interpret the Roman Catholic liturgy, the \"Holy Mass\", with their music. Aera went a long with the five components of the holy mass and played two titles of their up coming album \"Humanum Est\" and another three titles that were not included on any album. The titles presented during the second part of the concert were earlier versions of titles that were later released on the album \"Hand und Fuss\". Aera played more than 75 minutes. All titles were digitally remastered from original master tape. Booklets contains story and a review of the concert and rare photos. Highly recommended!","og_url":"https:\/\/wpguerssen-test.odoo.rgbconsulting.com\/es\/producto\/bavarian-radio-recordings-vol-1\/","og_site_name":"Guerssen records","article_modified_time":"2024-07-17T15:19:22+00:00","og_image":[{"width":180,"height":180,"url":"https:\/\/wpguerssen-test.odoo.rgbconsulting.com\/wp-content\/uploads\/2024\/05\/47881.jpg","type":"image\/jpeg"}],"twitter_card":"summary_large_image","twitter_title":"AERA - Bavarian radio recordings Vol 1 -  (CD) | Guerssen","twitter_misc":{"Tiempo de lectura":"1 minuto"},"schema":{"@context":"https:\/\/schema.org","@graph":[{"@type":"WebPage","@id":"https:\/\/wpguerssen-test.odoo.rgbconsulting.com\/es\/producto\/bavarian-radio-recordings-vol-1\/","url":"https:\/\/wpguerssen-test.odoo.rgbconsulting.com\/es\/producto\/bavarian-radio-recordings-vol-1\/","name":"AERA - Bavarian radio recordings Vol 1 - (CD) | Guerssen","isPartOf":{"@id":"https:\/\/wpguerssen-test.odoo.rgbconsulting.com\/es\/#website"},"primaryImageOfPage":{"@id":"https:\/\/wpguerssen-test.odoo.rgbconsulting.com\/es\/producto\/bavarian-radio-recordings-vol-1\/#primaryimage"},"image":{"@id":"https:\/\/wpguerssen-test.odoo.rgbconsulting.com\/es\/producto\/bavarian-radio-recordings-vol-1\/#primaryimage"},"thumbnailUrl":"https:\/\/wpguerssen-test.odoo.rgbconsulting.com\/wp-content\/uploads\/2024\/05\/47881.jpg","datePublished":"2024-01-11T23:00:00+00:00","dateModified":"2024-07-17T15:19:22+00:00","description":"Besides the SWF (German south-west broadcast) series with German bands of the Krautrock era,Long Hair start a new series with recordings form the vaults of Bavarian Broadcast Corporation (located in Munich). Volume 1 of the series is dedicated to Aera, one of Germany's finest bands of this time and well known because of their albums \"Humanum Est\" and \"Hand und Fuss\" (vinyl version re-released on Long Hair, LHC43 and LHC44). On January 9,1975 Aera with the line-up (same as on \"Humanum Est\") Muck Groh, guitar, Klaus Kreuzeder, sax and flute, Dieter Bauer, bass and drummer Wolfgang Teske, performed in an extraordinary setting-St. George's Church in Freising, district of Munich. The idea of the concert was to open the church for contemporary music and to give the musicians the chance to interpret the Roman Catholic liturgy, the \"Holy Mass\", with their music. Aera went a long with the five components of the holy mass and played two titles of their up coming album \"Humanum Est\" and another three titles that were not included on any album. The titles presented during the second part of the concert were earlier versions of titles that were later released on the album \"Hand und Fuss\". Aera played more than 75 minutes. All titles were digitally remastered from original master tape. Booklets contains story and a review of the concert and rare photos. Highly recommended!","breadcrumb":{"@id":"https:\/\/wpguerssen-test.odoo.rgbconsulting.com\/es\/producto\/bavarian-radio-recordings-vol-1\/#breadcrumb"},"inLanguage":"es","potentialAction":[{"@type":"ReadAction","target":["https:\/\/wpguerssen-test.odoo.rgbconsulting.com\/es\/producto\/bavarian-radio-recordings-vol-1\/"]}]},{"@type":"ImageObject","inLanguage":"es","@id":"https:\/\/wpguerssen-test.odoo.rgbconsulting.com\/es\/producto\/bavarian-radio-recordings-vol-1\/#primaryimage","url":"https:\/\/wpguerssen-test.odoo.rgbconsulting.com\/wp-content\/uploads\/2024\/05\/47881.jpg","contentUrl":"https:\/\/wpguerssen-test.odoo.rgbconsulting.com\/wp-content\/uploads\/2024\/05\/47881.jpg","width":180,"height":180},{"@type":"BreadcrumbList","@id":"https:\/\/wpguerssen-test.odoo.rgbconsulting.com\/es\/producto\/bavarian-radio-recordings-vol-1\/#breadcrumb","itemListElement":[{"@type":"ListItem","position":1,"name":"Inicio","item":"https:\/\/wpguerssen-test.odoo.rgbconsulting.com\/es\/"},{"@type":"ListItem","position":2,"name":"Shop","item":"https:\/\/wpguerssen-test.odoo.rgbconsulting.com\/shop\/"},{"@type":"ListItem","position":3,"name":"Bavarian radio recordings Vol 1"}]},{"@type":"WebSite","@id":"https:\/\/wpguerssen-test.odoo.rgbconsulting.com\/es\/#website","url":"https:\/\/wpguerssen-test.odoo.rgbconsulting.com\/es\/","name":"Guerssen records","description":"psychedelia - progressive - folk - garage ","publisher":{"@id":"https:\/\/wpguerssen-test.odoo.rgbconsulting.com\/es\/#organization"},"potentialAction":[{"@type":"SearchAction","target":{"@type":"EntryPoint","urlTemplate":"https:\/\/wpguerssen-test.odoo.rgbconsulting.com\/es\/?s={search_term_string}"},"query-input":{"@type":"PropertyValueSpecification","valueRequired":true,"valueName":"search_term_string"}}],"inLanguage":"es"},{"@type":"Organization","@id":"https:\/\/wpguerssen-test.odoo.rgbconsulting.com\/es\/#organization","name":"Guerssen records","url":"https:\/\/wpguerssen-test.odoo.rgbconsulting.com\/es\/","logo":{"@type":"ImageObject","inLanguage":"es","@id":"https:\/\/wpguerssen-test.odoo.rgbconsulting.com\/es\/#\/schema\/logo\/image\/","url":"https:\/\/wpguerssen-test.odoo.rgbconsulting.com\/wp-content\/uploads\/2022\/04\/Logo_Guerssen_trans_100.png","contentUrl":"https:\/\/wpguerssen-test.odoo.rgbconsulting.com\/wp-content\/uploads\/2022\/04\/Logo_Guerssen_trans_100.png","width":122,"height":100,"caption":"Guerssen records"},"image":{"@id":"https:\/\/wpguerssen-test.odoo.rgbconsulting.com\/es\/#\/schema\/logo\/image\/"}}]}},"_links":{"self":[{"href":"https:\/\/wpguerssen-test.odoo.rgbconsulting.com\/es\/wp-json\/wp\/v2\/product\/267652","targetHints":{"allow":["GET"]}}],"collection":[{"href":"https:\/\/wpguerssen-test.odoo.rgbconsulting.com\/es\/wp-json\/wp\/v2\/product"}],"about":[{"href":"https:\/\/wpguerssen-test.odoo.rgbconsulting.com\/es\/wp-json\/wp\/v2\/types\/product"}],"wp:featuredmedia":[{"embeddable":true,"href":"https:\/\/wpguerssen-test.odoo.rgbconsulting.com\/es\/wp-json\/wp\/v2\/media\/267585"}],"wp:attachment":[{"href":"https:\/\/wpguerssen-test.odoo.rgbconsulting.com\/es\/wp-json\/wp\/v2\/media?parent=267652"}],"wp:term":[{"taxonomy":"product_brand","embeddable":true,"href":"https:\/\/wpguerssen-test.odoo.rgbconsulting.com\/es\/wp-json\/wp\/v2\/product_brand?post=267652"},{"taxonomy":"product_cat","embeddable":true,"href":"https:\/\/wpguerssen-test.odoo.rgbconsulting.com\/es\/wp-json\/wp\/v2\/product_cat?post=267652"},{"taxonomy":"product_tag","embeddable":true,"href":"https:\/\/wpguerssen-test.odoo.rgbconsulting.com\/es\/wp-json\/wp\/v2\/product_tag?post=267652"}],"curies":[{"name":"wp","href":"https:\/\/api.w.org\/{rel}","templated":true}]}}