{"id":267654,"date":"2024-01-12T00:00:00","date_gmt":"2024-01-11T23:00:00","guid":{"rendered":"https:\/\/wpguerssen-test.odoo.rgbconsulting.com\/product\/bavarian-radio-recordings-vol-2\/"},"modified":"2024-07-17T17:19:44","modified_gmt":"2024-07-17T15:19:44","slug":"bavarian-radio-recordings-vol-2","status":"publish","type":"product","link":"https:\/\/wpguerssen-test.odoo.rgbconsulting.com\/es\/producto\/bavarian-radio-recordings-vol-2\/","title":{"rendered":"Bavarian radio recordings Vol 2"},"content":{"rendered":"<p>El volumen 2 de la serie b\u00e1vara presenta m\u00e1s grabaciones de Area, por una vez del per\u00edodo 1977-1979. Cinco temas en vivo de 2 conciertos y cuatro temas grabados en el estudio \u00abFranken\u00bb \u00aben Nuremberg\u00bb, propiedad de la Bavarian Broadcast Corporation. Aera toc\u00f3 un animado jazz-rock dominado por el solista, saxofonista y flautista Klaus Kreuzeder, basado en un teclado potente e inteligente, todo ello unido por el incre\u00edble bajista Matz Steinke y el baterista Lutz Oldemeier (de Missus Beastly-fame) y muchas percusiones. Aera estaba en muy buena forma y dio lo mejor de s\u00ed. Lo m\u00e1s destacado es la versi\u00f3n de 17 minutos de \u00abDracula&#8217;s Fr\u00fchst\u00fcck\u00bb y la versi\u00f3n de casi 10 minutos de \u00abYou need some speed\u00bb. Todos los t\u00edtulos fueron remasterizados digitalmente a partir de las cintas originales. Los folletos contienen la historia de las grabaciones y fotograf\u00edas raras. \u00a1Muy recomendable!<\/p>\n","protected":false},"excerpt":{"rendered":"<p>El volumen 2 de la serie b\u00e1vara presenta m\u00e1s grabaciones de Area, por una vez del per\u00edodo 1977-1979. Cinco temas en vivo de 2 conciertos y cuatro temas grabados<a class=\"read\" href=\"https:\/\/wpguerssen-test.odoo.rgbconsulting.com\/es\/producto\/bavarian-radio-recordings-vol-2\/\"> (...)<\/a>","protected":false},"featured_media":267591,"template":"","meta":{"_acf_changed":false},"product_brand":[],"product_cat":[23230,23229],"product_tag":[],"class_list":{"0":"post-267654","1":"product","2":"type-product","3":"status-publish","4":"has-post-thumbnail","6":"product_cat-krautrock-es-2","7":"product_cat-jazz-rock-es","8":"pa_artist-aera-es","9":"pa_format-cd-2-es","10":"pa_gender-jazz-rock-krautrock","11":"pa_label-long-hair-es","12":"pa_location-europe-es","14":"first","15":"instock","16":"taxable","17":"shipping-taxable","18":"purchasable","19":"product-type-simple"},"acf":[],"yoast_head":"<!-- This site is optimized with the Yoast SEO plugin v24.9 - https:\/\/yoast.com\/wordpress\/plugins\/seo\/ -->\n<title>AERA - Bavarian radio recordings Vol 2 -  (CD) | Guerssen<\/title>\n<meta name=\"description\" content=\"Volume 2 of the Bavarian broadcast series present further recordings of Area, for once from the period 1977-1979. Five live tracks from 2 concerts and four tracks recorded in Bavarian Broadcast Corporation owned studio &quot;Franken&quot; &quot;at Nuremberg&quot;. Aera played a lively jazz-rock dominated by soloist and sax and flute player Klaus Kreuzeder, based on powerful and clever keyboard playing all held together by amazing bass player Matz Steinke and drummer Lutz Oldemeier (of Missus Beastly-fame) and lots of percussions. Aera were in a very good shape and gave their best. Highlights are the 17 minutes long version of &quot;Dracula&#039;s Fr\u00fchst\u00fcck&quot; and nearly 10 minutes version of &quot;You need some speed&quot;. All titles were digitally remastered from the original tapes. Booklets contains the history of the recordings and rare photos. Highly recommended!\" \/>\n<meta name=\"robots\" content=\"index, follow, max-snippet:-1, max-image-preview:large, max-video-preview:-1\" \/>\n<link rel=\"canonical\" href=\"https:\/\/wpguerssen-test.odoo.rgbconsulting.com\/es\/producto\/bavarian-radio-recordings-vol-2\/\" \/>\n<meta property=\"og:locale\" content=\"es_ES\" \/>\n<meta property=\"og:type\" content=\"article\" \/>\n<meta property=\"og:title\" content=\"AERA - Bavarian radio recordings Vol 2 -  (CD) | Guerssen\" \/>\n<meta property=\"og:description\" content=\"Volume 2 of the Bavarian broadcast series present further recordings of Area, for once from the period 1977-1979. Five live tracks from 2 concerts and four tracks recorded in Bavarian Broadcast Corporation owned studio &quot;Franken&quot; &quot;at Nuremberg&quot;. Aera played a lively jazz-rock dominated by soloist and sax and flute player Klaus Kreuzeder, based on powerful and clever keyboard playing all held together by amazing bass player Matz Steinke and drummer Lutz Oldemeier (of Missus Beastly-fame) and lots of percussions. Aera were in a very good shape and gave their best. Highlights are the 17 minutes long version of &quot;Dracula&#039;s Fr\u00fchst\u00fcck&quot; and nearly 10 minutes version of &quot;You need some speed&quot;. All titles were digitally remastered from the original tapes. Booklets contains the history of the recordings and rare photos. Highly recommended!\" \/>\n<meta property=\"og:url\" content=\"https:\/\/wpguerssen-test.odoo.rgbconsulting.com\/es\/producto\/bavarian-radio-recordings-vol-2\/\" \/>\n<meta property=\"og:site_name\" content=\"Guerssen records\" \/>\n<meta property=\"article:modified_time\" content=\"2024-07-17T15:19:44+00:00\" \/>\n<meta property=\"og:image\" content=\"https:\/\/wpguerssen-test.odoo.rgbconsulting.com\/wp-content\/uploads\/2024\/05\/47883.jpg\" \/>\n\t<meta property=\"og:image:width\" content=\"180\" \/>\n\t<meta property=\"og:image:height\" content=\"180\" \/>\n\t<meta property=\"og:image:type\" content=\"image\/jpeg\" \/>\n<meta name=\"twitter:card\" content=\"summary_large_image\" \/>\n<meta name=\"twitter:title\" content=\"AERA - Bavarian radio recordings Vol 2 -  (CD) | Guerssen\" \/>\n<meta name=\"twitter:label1\" content=\"Tiempo de lectura\" \/>\n\t<meta name=\"twitter:data1\" content=\"1 minuto\" \/>\n<script type=\"application\/ld+json\" class=\"yoast-schema-graph\">{\"@context\":\"https:\/\/schema.org\",\"@graph\":[{\"@type\":\"WebPage\",\"@id\":\"https:\/\/wpguerssen-test.odoo.rgbconsulting.com\/es\/producto\/bavarian-radio-recordings-vol-2\/\",\"url\":\"https:\/\/wpguerssen-test.odoo.rgbconsulting.com\/es\/producto\/bavarian-radio-recordings-vol-2\/\",\"name\":\"AERA - Bavarian radio recordings Vol 2 - (CD) | Guerssen\",\"isPartOf\":{\"@id\":\"https:\/\/wpguerssen-test.odoo.rgbconsulting.com\/es\/#website\"},\"primaryImageOfPage\":{\"@id\":\"https:\/\/wpguerssen-test.odoo.rgbconsulting.com\/es\/producto\/bavarian-radio-recordings-vol-2\/#primaryimage\"},\"image\":{\"@id\":\"https:\/\/wpguerssen-test.odoo.rgbconsulting.com\/es\/producto\/bavarian-radio-recordings-vol-2\/#primaryimage\"},\"thumbnailUrl\":\"https:\/\/wpguerssen-test.odoo.rgbconsulting.com\/wp-content\/uploads\/2024\/05\/47883.jpg\",\"datePublished\":\"2024-01-11T23:00:00+00:00\",\"dateModified\":\"2024-07-17T15:19:44+00:00\",\"description\":\"Volume 2 of the Bavarian broadcast series present further recordings of Area, for once from the period 1977-1979. Five live tracks from 2 concerts and four tracks recorded in Bavarian Broadcast Corporation owned studio \\\"Franken\\\" \\\"at Nuremberg\\\". Aera played a lively jazz-rock dominated by soloist and sax and flute player Klaus Kreuzeder, based on powerful and clever keyboard playing all held together by amazing bass player Matz Steinke and drummer Lutz Oldemeier (of Missus Beastly-fame) and lots of percussions. Aera were in a very good shape and gave their best. Highlights are the 17 minutes long version of \\\"Dracula's Fr\u00fchst\u00fcck\\\" and nearly 10 minutes version of \\\"You need some speed\\\". All titles were digitally remastered from the original tapes. Booklets contains the history of the recordings and rare photos. Highly recommended!\",\"breadcrumb\":{\"@id\":\"https:\/\/wpguerssen-test.odoo.rgbconsulting.com\/es\/producto\/bavarian-radio-recordings-vol-2\/#breadcrumb\"},\"inLanguage\":\"es\",\"potentialAction\":[{\"@type\":\"ReadAction\",\"target\":[\"https:\/\/wpguerssen-test.odoo.rgbconsulting.com\/es\/producto\/bavarian-radio-recordings-vol-2\/\"]}]},{\"@type\":\"ImageObject\",\"inLanguage\":\"es\",\"@id\":\"https:\/\/wpguerssen-test.odoo.rgbconsulting.com\/es\/producto\/bavarian-radio-recordings-vol-2\/#primaryimage\",\"url\":\"https:\/\/wpguerssen-test.odoo.rgbconsulting.com\/wp-content\/uploads\/2024\/05\/47883.jpg\",\"contentUrl\":\"https:\/\/wpguerssen-test.odoo.rgbconsulting.com\/wp-content\/uploads\/2024\/05\/47883.jpg\",\"width\":180,\"height\":180},{\"@type\":\"BreadcrumbList\",\"@id\":\"https:\/\/wpguerssen-test.odoo.rgbconsulting.com\/es\/producto\/bavarian-radio-recordings-vol-2\/#breadcrumb\",\"itemListElement\":[{\"@type\":\"ListItem\",\"position\":1,\"name\":\"Inicio\",\"item\":\"https:\/\/wpguerssen-test.odoo.rgbconsulting.com\/es\/\"},{\"@type\":\"ListItem\",\"position\":2,\"name\":\"Shop\",\"item\":\"https:\/\/wpguerssen-test.odoo.rgbconsulting.com\/shop\/\"},{\"@type\":\"ListItem\",\"position\":3,\"name\":\"Bavarian radio recordings Vol 2\"}]},{\"@type\":\"WebSite\",\"@id\":\"https:\/\/wpguerssen-test.odoo.rgbconsulting.com\/es\/#website\",\"url\":\"https:\/\/wpguerssen-test.odoo.rgbconsulting.com\/es\/\",\"name\":\"Guerssen records\",\"description\":\"psychedelia - progressive - folk - garage \",\"publisher\":{\"@id\":\"https:\/\/wpguerssen-test.odoo.rgbconsulting.com\/es\/#organization\"},\"potentialAction\":[{\"@type\":\"SearchAction\",\"target\":{\"@type\":\"EntryPoint\",\"urlTemplate\":\"https:\/\/wpguerssen-test.odoo.rgbconsulting.com\/es\/?s={search_term_string}\"},\"query-input\":{\"@type\":\"PropertyValueSpecification\",\"valueRequired\":true,\"valueName\":\"search_term_string\"}}],\"inLanguage\":\"es\"},{\"@type\":\"Organization\",\"@id\":\"https:\/\/wpguerssen-test.odoo.rgbconsulting.com\/es\/#organization\",\"name\":\"Guerssen records\",\"url\":\"https:\/\/wpguerssen-test.odoo.rgbconsulting.com\/es\/\",\"logo\":{\"@type\":\"ImageObject\",\"inLanguage\":\"es\",\"@id\":\"https:\/\/wpguerssen-test.odoo.rgbconsulting.com\/es\/#\/schema\/logo\/image\/\",\"url\":\"https:\/\/wpguerssen-test.odoo.rgbconsulting.com\/wp-content\/uploads\/2022\/04\/Logo_Guerssen_trans_100.png\",\"contentUrl\":\"https:\/\/wpguerssen-test.odoo.rgbconsulting.com\/wp-content\/uploads\/2022\/04\/Logo_Guerssen_trans_100.png\",\"width\":122,\"height\":100,\"caption\":\"Guerssen records\"},\"image\":{\"@id\":\"https:\/\/wpguerssen-test.odoo.rgbconsulting.com\/es\/#\/schema\/logo\/image\/\"}}]}<\/script>\n<!-- \/ Yoast SEO plugin. -->","yoast_head_json":{"title":"AERA - Bavarian radio recordings Vol 2 -  (CD) | Guerssen","description":"Volume 2 of the Bavarian broadcast series present further recordings of Area, for once from the period 1977-1979. Five live tracks from 2 concerts and four tracks recorded in Bavarian Broadcast Corporation owned studio \"Franken\" \"at Nuremberg\". Aera played a lively jazz-rock dominated by soloist and sax and flute player Klaus Kreuzeder, based on powerful and clever keyboard playing all held together by amazing bass player Matz Steinke and drummer Lutz Oldemeier (of Missus Beastly-fame) and lots of percussions. Aera were in a very good shape and gave their best. Highlights are the 17 minutes long version of \"Dracula's Fr\u00fchst\u00fcck\" and nearly 10 minutes version of \"You need some speed\". All titles were digitally remastered from the original tapes. Booklets contains the history of the recordings and rare photos. Highly recommended!","robots":{"index":"index","follow":"follow","max-snippet":"max-snippet:-1","max-image-preview":"max-image-preview:large","max-video-preview":"max-video-preview:-1"},"canonical":"https:\/\/wpguerssen-test.odoo.rgbconsulting.com\/es\/producto\/bavarian-radio-recordings-vol-2\/","og_locale":"es_ES","og_type":"article","og_title":"AERA - Bavarian radio recordings Vol 2 -  (CD) | Guerssen","og_description":"Volume 2 of the Bavarian broadcast series present further recordings of Area, for once from the period 1977-1979. Five live tracks from 2 concerts and four tracks recorded in Bavarian Broadcast Corporation owned studio \"Franken\" \"at Nuremberg\". Aera played a lively jazz-rock dominated by soloist and sax and flute player Klaus Kreuzeder, based on powerful and clever keyboard playing all held together by amazing bass player Matz Steinke and drummer Lutz Oldemeier (of Missus Beastly-fame) and lots of percussions. Aera were in a very good shape and gave their best. Highlights are the 17 minutes long version of \"Dracula's Fr\u00fchst\u00fcck\" and nearly 10 minutes version of \"You need some speed\". All titles were digitally remastered from the original tapes. Booklets contains the history of the recordings and rare photos. Highly recommended!","og_url":"https:\/\/wpguerssen-test.odoo.rgbconsulting.com\/es\/producto\/bavarian-radio-recordings-vol-2\/","og_site_name":"Guerssen records","article_modified_time":"2024-07-17T15:19:44+00:00","og_image":[{"width":180,"height":180,"url":"https:\/\/wpguerssen-test.odoo.rgbconsulting.com\/wp-content\/uploads\/2024\/05\/47883.jpg","type":"image\/jpeg"}],"twitter_card":"summary_large_image","twitter_title":"AERA - Bavarian radio recordings Vol 2 -  (CD) | Guerssen","twitter_misc":{"Tiempo de lectura":"1 minuto"},"schema":{"@context":"https:\/\/schema.org","@graph":[{"@type":"WebPage","@id":"https:\/\/wpguerssen-test.odoo.rgbconsulting.com\/es\/producto\/bavarian-radio-recordings-vol-2\/","url":"https:\/\/wpguerssen-test.odoo.rgbconsulting.com\/es\/producto\/bavarian-radio-recordings-vol-2\/","name":"AERA - Bavarian radio recordings Vol 2 - (CD) | Guerssen","isPartOf":{"@id":"https:\/\/wpguerssen-test.odoo.rgbconsulting.com\/es\/#website"},"primaryImageOfPage":{"@id":"https:\/\/wpguerssen-test.odoo.rgbconsulting.com\/es\/producto\/bavarian-radio-recordings-vol-2\/#primaryimage"},"image":{"@id":"https:\/\/wpguerssen-test.odoo.rgbconsulting.com\/es\/producto\/bavarian-radio-recordings-vol-2\/#primaryimage"},"thumbnailUrl":"https:\/\/wpguerssen-test.odoo.rgbconsulting.com\/wp-content\/uploads\/2024\/05\/47883.jpg","datePublished":"2024-01-11T23:00:00+00:00","dateModified":"2024-07-17T15:19:44+00:00","description":"Volume 2 of the Bavarian broadcast series present further recordings of Area, for once from the period 1977-1979. Five live tracks from 2 concerts and four tracks recorded in Bavarian Broadcast Corporation owned studio \"Franken\" \"at Nuremberg\". Aera played a lively jazz-rock dominated by soloist and sax and flute player Klaus Kreuzeder, based on powerful and clever keyboard playing all held together by amazing bass player Matz Steinke and drummer Lutz Oldemeier (of Missus Beastly-fame) and lots of percussions. Aera were in a very good shape and gave their best. Highlights are the 17 minutes long version of \"Dracula's Fr\u00fchst\u00fcck\" and nearly 10 minutes version of \"You need some speed\". All titles were digitally remastered from the original tapes. Booklets contains the history of the recordings and rare photos. Highly recommended!","breadcrumb":{"@id":"https:\/\/wpguerssen-test.odoo.rgbconsulting.com\/es\/producto\/bavarian-radio-recordings-vol-2\/#breadcrumb"},"inLanguage":"es","potentialAction":[{"@type":"ReadAction","target":["https:\/\/wpguerssen-test.odoo.rgbconsulting.com\/es\/producto\/bavarian-radio-recordings-vol-2\/"]}]},{"@type":"ImageObject","inLanguage":"es","@id":"https:\/\/wpguerssen-test.odoo.rgbconsulting.com\/es\/producto\/bavarian-radio-recordings-vol-2\/#primaryimage","url":"https:\/\/wpguerssen-test.odoo.rgbconsulting.com\/wp-content\/uploads\/2024\/05\/47883.jpg","contentUrl":"https:\/\/wpguerssen-test.odoo.rgbconsulting.com\/wp-content\/uploads\/2024\/05\/47883.jpg","width":180,"height":180},{"@type":"BreadcrumbList","@id":"https:\/\/wpguerssen-test.odoo.rgbconsulting.com\/es\/producto\/bavarian-radio-recordings-vol-2\/#breadcrumb","itemListElement":[{"@type":"ListItem","position":1,"name":"Inicio","item":"https:\/\/wpguerssen-test.odoo.rgbconsulting.com\/es\/"},{"@type":"ListItem","position":2,"name":"Shop","item":"https:\/\/wpguerssen-test.odoo.rgbconsulting.com\/shop\/"},{"@type":"ListItem","position":3,"name":"Bavarian radio recordings Vol 2"}]},{"@type":"WebSite","@id":"https:\/\/wpguerssen-test.odoo.rgbconsulting.com\/es\/#website","url":"https:\/\/wpguerssen-test.odoo.rgbconsulting.com\/es\/","name":"Guerssen records","description":"psychedelia - progressive - folk - garage ","publisher":{"@id":"https:\/\/wpguerssen-test.odoo.rgbconsulting.com\/es\/#organization"},"potentialAction":[{"@type":"SearchAction","target":{"@type":"EntryPoint","urlTemplate":"https:\/\/wpguerssen-test.odoo.rgbconsulting.com\/es\/?s={search_term_string}"},"query-input":{"@type":"PropertyValueSpecification","valueRequired":true,"valueName":"search_term_string"}}],"inLanguage":"es"},{"@type":"Organization","@id":"https:\/\/wpguerssen-test.odoo.rgbconsulting.com\/es\/#organization","name":"Guerssen records","url":"https:\/\/wpguerssen-test.odoo.rgbconsulting.com\/es\/","logo":{"@type":"ImageObject","inLanguage":"es","@id":"https:\/\/wpguerssen-test.odoo.rgbconsulting.com\/es\/#\/schema\/logo\/image\/","url":"https:\/\/wpguerssen-test.odoo.rgbconsulting.com\/wp-content\/uploads\/2022\/04\/Logo_Guerssen_trans_100.png","contentUrl":"https:\/\/wpguerssen-test.odoo.rgbconsulting.com\/wp-content\/uploads\/2022\/04\/Logo_Guerssen_trans_100.png","width":122,"height":100,"caption":"Guerssen records"},"image":{"@id":"https:\/\/wpguerssen-test.odoo.rgbconsulting.com\/es\/#\/schema\/logo\/image\/"}}]}},"_links":{"self":[{"href":"https:\/\/wpguerssen-test.odoo.rgbconsulting.com\/es\/wp-json\/wp\/v2\/product\/267654","targetHints":{"allow":["GET"]}}],"collection":[{"href":"https:\/\/wpguerssen-test.odoo.rgbconsulting.com\/es\/wp-json\/wp\/v2\/product"}],"about":[{"href":"https:\/\/wpguerssen-test.odoo.rgbconsulting.com\/es\/wp-json\/wp\/v2\/types\/product"}],"wp:featuredmedia":[{"embeddable":true,"href":"https:\/\/wpguerssen-test.odoo.rgbconsulting.com\/es\/wp-json\/wp\/v2\/media\/267591"}],"wp:attachment":[{"href":"https:\/\/wpguerssen-test.odoo.rgbconsulting.com\/es\/wp-json\/wp\/v2\/media?parent=267654"}],"wp:term":[{"taxonomy":"product_brand","embeddable":true,"href":"https:\/\/wpguerssen-test.odoo.rgbconsulting.com\/es\/wp-json\/wp\/v2\/product_brand?post=267654"},{"taxonomy":"product_cat","embeddable":true,"href":"https:\/\/wpguerssen-test.odoo.rgbconsulting.com\/es\/wp-json\/wp\/v2\/product_cat?post=267654"},{"taxonomy":"product_tag","embeddable":true,"href":"https:\/\/wpguerssen-test.odoo.rgbconsulting.com\/es\/wp-json\/wp\/v2\/product_tag?post=267654"}],"curies":[{"name":"wp","href":"https:\/\/api.w.org\/{rel}","templated":true}]}}